{"id":23151,"date":"2024-10-06T18:00:17","date_gmt":"2024-10-06T15:00:17","guid":{"rendered":"https:\/\/nirigs.com\/produit\/leader-price-confiture-de-cerise-370-g\/"},"modified":"2025-03-13T12:06:26","modified_gmt":"2025-03-13T09:06:26","slug":"leader-price-confiture-de-cerise-370-g","status":"publish","type":"product","link":"https:\/\/nirigs.com\/ar\/product\/leader-price-confiture-de-cerise-370-g\/","title":{"rendered":"\u0644\u064a\u062f\u0631 \u0628\u0631\u0627\u064a\u0633 \u2013 \u0645\u0631\u0628\u0649 \u0627\u0644\u0643\u0631\u0632 \u2013 370 \u062c\u0645"},"content":{"rendered":"<p>La Confiture de cerise Leader Price est une confiture gourmande et savoureuse, \u00e9labor\u00e9e \u00e0 partir de cerises soigneusement s\u00e9lectionn\u00e9es. Son go\u00fbt fruit\u00e9 et authentique ravira vos petits d\u00e9jeuners, go\u00fbters ou desserts. Elle est parfaite pour tartiner sur du pain frais, des toasts, ou pour accompagner des p\u00e2tisseries.<\/p>\n<h4>\u0645\u0643\u0648\u0646\u0627\u062a :<\/h4>\n<p>Cerises, sucre, g\u00e9lifiant : pectine, jus de citron concentr\u00e9.<\/p>\n<h4>\u0641\u0648\u0627\u0626\u062f :<\/h4>\n<ul>\n<li>Go\u00fbt authentique : Fabriqu\u00e9e avec des cerises de qualit\u00e9, cette confiture offre un go\u00fbt naturellement sucr\u00e9.<\/li>\n<li>Source d&rsquo;\u00e9nergie : Riche en glucides, elle constitue une source rapide d&rsquo;\u00e9nergie pour bien commencer la journ\u00e9e.<\/li>\n<li>Sans colorant ni conservateur : Produit naturel, sans additifs artificiels.<\/li>\n<li>Polyvalente : Parfaite pour le petit d\u00e9jeuner, les go\u00fbters ou pour accompagner vos desserts.<\/li>\n<\/ul>\n<h4>\u062a\u0639\u0644\u064a\u0645\u0627\u062a :<\/h4>\n<ol>\n<li>Utilisez-la sur du pain, des biscottes, des cr\u00eapes ou des gaufres.<\/li>\n<li>Id\u00e9ale pour fourrer des g\u00e2teaux, napper des tartes ou accompagner des yaourts et fromages blancs.<\/li>\n<li>\u00c0 conserver dans un endroit frais et sec. Apr\u00e8s ouverture, \u00e0 consommer dans les 3 semaines et \u00e0 conserver au r\u00e9frig\u00e9rateur.<\/li>\n<\/ol>\n<h4>\u0627\u062d\u062a\u064a\u0627\u0637\u0627\u062a:<\/h4>\n<ul>\n<li>Contient du sucre, \u00e0 consommer avec mod\u00e9ration dans le cadre d\u2019une alimentation \u00e9quilibr\u00e9e.<\/li>\n<li>Ne convient pas aux personnes allergiques aux cerises ou \u00e0 tout autre ingr\u00e9dient mentionn\u00e9.<\/li>\n<li>Bien refermer apr\u00e8s usage pour \u00e9viter la contamination ou le dess\u00e8chement.<\/li>\n<\/ul>","protected":false},"excerpt":{"rendered":"<p>La Confiture de cerise Leader Price est une confiture gourmande et savoureuse, \u00e9labor\u00e9e \u00e0 partir de cerises soigneusement s\u00e9lectionn\u00e9es. Son<\/p>","protected":false},"featured_media":26196,"comment_status":"open","ping_status":"closed","template":"","meta":[],"pwb-brand":[1166],"product_brand":[],"product_cat":[944,275,947],"product_tag":[],"class_list":{"0":"post-23151","1":"product","2":"type-product","3":"status-publish","4":"has-post-thumbnail","6":"pwb-brand-leader-price","7":"product_cat-confiture-miel-et-pate-a-tartiner","8":"product_cat-epicerie","9":"product_cat-tartinables-de-fruit","11":"first","12":"instock","13":"shipping-taxable","14":"purchasable","15":"product-type-simple"},"yoast_head":"<!-- This site is optimized with the Yoast SEO plugin v27.1.1 - https:\/\/yoast.com\/product\/yoast-seo-wordpress\/ -->\n<title>Leader Price - Confiture de cerise - 370 g - NIRIGS<\/title>\n<meta name=\"robots\" content=\"index, follow, max-snippet:-1, max-image-preview:large, max-video-preview:-1\" \/>\n<link rel=\"canonical\" href=\"https:\/\/nirigs.com\/ar\/product\/leader-price-confiture-de-cerise-370-g\/\" \/>\n<meta property=\"og:locale\" content=\"ar_AR\" \/>\n<meta property=\"og:type\" content=\"article\" \/>\n<meta property=\"og:title\" content=\"Leader Price - Confiture de cerise - 370 g - NIRIGS\" \/>\n<meta property=\"og:description\" content=\"La Confiture de cerise Leader Price est une confiture gourmande et savoureuse, \u00e9labor\u00e9e \u00e0 partir de cerises soigneusement s\u00e9lectionn\u00e9es. Son\" \/>\n<meta property=\"og:url\" content=\"https:\/\/nirigs.com\/ar\/product\/leader-price-confiture-de-cerise-370-g\/\" \/>\n<meta property=\"og:site_name\" content=\"NIRIGS\" \/>\n<meta property=\"article:modified_time\" content=\"2025-03-13T09:06:26+00:00\" \/>\n<meta property=\"og:image\" content=\"https:\/\/nirigs.com\/wp-content\/uploads\/2024\/10\/Leader-Price-Confiture-de-cerise-370-g.jpg\" \/>\n\t<meta property=\"og:image:width\" content=\"1000\" \/>\n\t<meta property=\"og:image:height\" content=\"1000\" \/>\n\t<meta property=\"og:image:type\" content=\"image\/jpeg\" \/>\n<meta name=\"twitter:card\" content=\"summary_large_image\" \/>\n<meta name=\"twitter:label1\" content=\"\u0648\u0642\u062a \u0627\u0644\u0642\u0631\u0627\u0621\u0629 \u0627\u0644\u0645\u064f\u0642\u062f\u0651\u0631\" \/>\n\t<meta name=\"twitter:data1\" content=\"\u062f\u0642\u064a\u0642\u0629 \u0648\u0627\u062d\u062f\u0629\" \/>\n<script type=\"application\/ld+json\" class=\"yoast-schema-graph\">{\"@context\":\"https:\/\/schema.org\",\"@graph\":[{\"@type\":\"WebPage\",\"@id\":\"https:\/\/nirigs.com\/product\/leader-price-confiture-de-cerise-370-g\/\",\"url\":\"https:\/\/nirigs.com\/product\/leader-price-confiture-de-cerise-370-g\/\",\"name\":\"Leader Price - Confiture de cerise - 370 g - NIRIGS\",\"isPartOf\":{\"@id\":\"https:\/\/nirigs.com\/#website\"},\"primaryImageOfPage\":{\"@id\":\"https:\/\/nirigs.com\/product\/leader-price-confiture-de-cerise-370-g\/#primaryimage\"},\"image\":{\"@id\":\"https:\/\/nirigs.com\/product\/leader-price-confiture-de-cerise-370-g\/#primaryimage\"},\"thumbnailUrl\":\"https:\/\/nirigs.com\/wp-content\/uploads\/2024\/10\/Leader-Price-Confiture-de-cerise-370-g.jpg\",\"datePublished\":\"2024-10-06T15:00:17+00:00\",\"dateModified\":\"2025-03-13T09:06:26+00:00\",\"breadcrumb\":{\"@id\":\"https:\/\/nirigs.com\/product\/leader-price-confiture-de-cerise-370-g\/#breadcrumb\"},\"inLanguage\":\"ar\",\"potentialAction\":[{\"@type\":\"ReadAction\",\"target\":[\"https:\/\/nirigs.com\/product\/leader-price-confiture-de-cerise-370-g\/\"]}]},{\"@type\":\"ImageObject\",\"inLanguage\":\"ar\",\"@id\":\"https:\/\/nirigs.com\/product\/leader-price-confiture-de-cerise-370-g\/#primaryimage\",\"url\":\"https:\/\/nirigs.com\/wp-content\/uploads\/2024\/10\/Leader-Price-Confiture-de-cerise-370-g.jpg\",\"contentUrl\":\"https:\/\/nirigs.com\/wp-content\/uploads\/2024\/10\/Leader-Price-Confiture-de-cerise-370-g.jpg\",\"width\":1000,\"height\":1000},{\"@type\":\"BreadcrumbList\",\"@id\":\"https:\/\/nirigs.com\/product\/leader-price-confiture-de-cerise-370-g\/#breadcrumb\",\"itemListElement\":[{\"@type\":\"ListItem\",\"position\":1,\"name\":\"Home\",\"item\":\"https:\/\/nirigs.com\/\"},{\"@type\":\"ListItem\",\"position\":2,\"name\":\"Parcourir\",\"item\":\"https:\/\/nirigs.com\/boutique\/\"},{\"@type\":\"ListItem\",\"position\":3,\"name\":\"Leader Price &#8211; Confiture de cerise &#8211; 370 g\"}]},{\"@type\":\"WebSite\",\"@id\":\"https:\/\/nirigs.com\/#website\",\"url\":\"https:\/\/nirigs.com\/\",\"name\":\"Nirigs.com\",\"description\":\"Simplifiez vos achats du quotidien \u00e0 Djibouti\",\"publisher\":{\"@id\":\"https:\/\/nirigs.com\/#organization\"},\"potentialAction\":[{\"@type\":\"SearchAction\",\"target\":{\"@type\":\"EntryPoint\",\"urlTemplate\":\"https:\/\/nirigs.com\/?s={search_term_string}\"},\"query-input\":{\"@type\":\"PropertyValueSpecification\",\"valueRequired\":true,\"valueName\":\"search_term_string\"}}],\"inLanguage\":\"ar\"},{\"@type\":\"Organization\",\"@id\":\"https:\/\/nirigs.com\/#organization\",\"name\":\"Nirigs\",\"url\":\"https:\/\/nirigs.com\/\",\"logo\":{\"@type\":\"ImageObject\",\"inLanguage\":\"ar\",\"@id\":\"https:\/\/nirigs.com\/#\/schema\/logo\/image\/\",\"url\":\"https:\/\/nirigs.com\/wp-content\/uploads\/2025\/04\/Design-sans-titre-27.png\",\"contentUrl\":\"https:\/\/nirigs.com\/wp-content\/uploads\/2025\/04\/Design-sans-titre-27.png\",\"width\":500,\"height\":500,\"caption\":\"Nirigs\"},\"image\":{\"@id\":\"https:\/\/nirigs.com\/#\/schema\/logo\/image\/\"}}]}<\/script>\n<!-- \/ Yoast SEO plugin. -->","yoast_head_json":{"title":"Leader Price - Confiture de cerise - 370 g - NIRIGS","robots":{"index":"index","follow":"follow","max-snippet":"max-snippet:-1","max-image-preview":"max-image-preview:large","max-video-preview":"max-video-preview:-1"},"canonical":"https:\/\/nirigs.com\/ar\/product\/leader-price-confiture-de-cerise-370-g\/","og_locale":"ar_AR","og_type":"article","og_title":"Leader Price - Confiture de cerise - 370 g - NIRIGS","og_description":"La Confiture de cerise Leader Price est une confiture gourmande et savoureuse, \u00e9labor\u00e9e \u00e0 partir de cerises soigneusement s\u00e9lectionn\u00e9es. Son","og_url":"https:\/\/nirigs.com\/ar\/product\/leader-price-confiture-de-cerise-370-g\/","og_site_name":"NIRIGS","article_modified_time":"2025-03-13T09:06:26+00:00","og_image":[{"width":1000,"height":1000,"url":"https:\/\/nirigs.com\/wp-content\/uploads\/2024\/10\/Leader-Price-Confiture-de-cerise-370-g.jpg","type":"image\/jpeg"}],"twitter_card":"summary_large_image","twitter_misc":{"\u0648\u0642\u062a \u0627\u0644\u0642\u0631\u0627\u0621\u0629 \u0627\u0644\u0645\u064f\u0642\u062f\u0651\u0631":"\u062f\u0642\u064a\u0642\u0629 \u0648\u0627\u062d\u062f\u0629"},"schema":{"@context":"https:\/\/schema.org","@graph":[{"@type":"WebPage","@id":"https:\/\/nirigs.com\/product\/leader-price-confiture-de-cerise-370-g\/","url":"https:\/\/nirigs.com\/product\/leader-price-confiture-de-cerise-370-g\/","name":"Leader Price - Confiture de cerise - 370 g - NIRIGS","isPartOf":{"@id":"https:\/\/nirigs.com\/#website"},"primaryImageOfPage":{"@id":"https:\/\/nirigs.com\/product\/leader-price-confiture-de-cerise-370-g\/#primaryimage"},"image":{"@id":"https:\/\/nirigs.com\/product\/leader-price-confiture-de-cerise-370-g\/#primaryimage"},"thumbnailUrl":"https:\/\/nirigs.com\/wp-content\/uploads\/2024\/10\/Leader-Price-Confiture-de-cerise-370-g.jpg","datePublished":"2024-10-06T15:00:17+00:00","dateModified":"2025-03-13T09:06:26+00:00","breadcrumb":{"@id":"https:\/\/nirigs.com\/product\/leader-price-confiture-de-cerise-370-g\/#breadcrumb"},"inLanguage":"ar","potentialAction":[{"@type":"ReadAction","target":["https:\/\/nirigs.com\/product\/leader-price-confiture-de-cerise-370-g\/"]}]},{"@type":"ImageObject","inLanguage":"ar","@id":"https:\/\/nirigs.com\/product\/leader-price-confiture-de-cerise-370-g\/#primaryimage","url":"https:\/\/nirigs.com\/wp-content\/uploads\/2024\/10\/Leader-Price-Confiture-de-cerise-370-g.jpg","contentUrl":"https:\/\/nirigs.com\/wp-content\/uploads\/2024\/10\/Leader-Price-Confiture-de-cerise-370-g.jpg","width":1000,"height":1000},{"@type":"BreadcrumbList","@id":"https:\/\/nirigs.com\/product\/leader-price-confiture-de-cerise-370-g\/#breadcrumb","itemListElement":[{"@type":"ListItem","position":1,"name":"Home","item":"https:\/\/nirigs.com\/"},{"@type":"ListItem","position":2,"name":"Parcourir","item":"https:\/\/nirigs.com\/boutique\/"},{"@type":"ListItem","position":3,"name":"Leader Price &#8211; Confiture de cerise &#8211; 370 g"}]},{"@type":"WebSite","@id":"https:\/\/nirigs.com\/#website","url":"https:\/\/nirigs.com\/","name":"Nirigs.com","description":"Simplifiez vos achats du quotidien \u00e0 Djibouti","publisher":{"@id":"https:\/\/nirigs.com\/#organization"},"potentialAction":[{"@type":"SearchAction","target":{"@type":"EntryPoint","urlTemplate":"https:\/\/nirigs.com\/?s={search_term_string}"},"query-input":{"@type":"PropertyValueSpecification","valueRequired":true,"valueName":"search_term_string"}}],"inLanguage":"ar"},{"@type":"Organization","@id":"https:\/\/nirigs.com\/#organization","name":"\u0646\u064a\u0631\u064a\u062c\u0633","url":"https:\/\/nirigs.com\/","logo":{"@type":"ImageObject","inLanguage":"ar","@id":"https:\/\/nirigs.com\/#\/schema\/logo\/image\/","url":"https:\/\/nirigs.com\/wp-content\/uploads\/2025\/04\/Design-sans-titre-27.png","contentUrl":"https:\/\/nirigs.com\/wp-content\/uploads\/2025\/04\/Design-sans-titre-27.png","width":500,"height":500,"caption":"Nirigs"},"image":{"@id":"https:\/\/nirigs.com\/#\/schema\/logo\/image\/"}}]}},"brands":[{"id":1166,"name":"\u0633\u0639\u0631 \u0627\u0644\u0632\u0639\u064a\u0645","slug":"leader-price"}],"_links":{"self":[{"href":"https:\/\/nirigs.com\/ar\/wp-json\/wp\/v2\/product\/23151","targetHints":{"allow":["GET"]}}],"collection":[{"href":"https:\/\/nirigs.com\/ar\/wp-json\/wp\/v2\/product"}],"about":[{"href":"https:\/\/nirigs.com\/ar\/wp-json\/wp\/v2\/types\/product"}],"replies":[{"embeddable":true,"href":"https:\/\/nirigs.com\/ar\/wp-json\/wp\/v2\/comments?post=23151"}],"version-history":[{"count":4,"href":"https:\/\/nirigs.com\/ar\/wp-json\/wp\/v2\/product\/23151\/revisions"}],"predecessor-version":[{"id":26198,"href":"https:\/\/nirigs.com\/ar\/wp-json\/wp\/v2\/product\/23151\/revisions\/26198"}],"wp:featuredmedia":[{"embeddable":true,"href":"https:\/\/nirigs.com\/ar\/wp-json\/wp\/v2\/media\/26196"}],"wp:attachment":[{"href":"https:\/\/nirigs.com\/ar\/wp-json\/wp\/v2\/media?parent=23151"}],"wp:term":[{"taxonomy":"pwb-brand","embeddable":true,"href":"https:\/\/nirigs.com\/ar\/wp-json\/wp\/v2\/pwb-brand?post=23151"},{"taxonomy":"product_brand","embeddable":true,"href":"https:\/\/nirigs.com\/ar\/wp-json\/wp\/v2\/product_brand?post=23151"},{"taxonomy":"product_cat","embeddable":true,"href":"https:\/\/nirigs.com\/ar\/wp-json\/wp\/v2\/product_cat?post=23151"},{"taxonomy":"product_tag","embeddable":true,"href":"https:\/\/nirigs.com\/ar\/wp-json\/wp\/v2\/product_tag?post=23151"}],"curies":[{"name":"wp","href":"https:\/\/api.w.org\/{rel}","templated":true}]}}