{"id":23143,"date":"2024-10-06T18:00:15","date_gmt":"2024-10-06T15:00:15","guid":{"rendered":"https:\/\/nirigs.com\/produit\/casino-cafe-moulu-pur-arabica-subtil-et-equilibre-250-g\/"},"modified":"2025-03-13T12:10:49","modified_gmt":"2025-03-13T09:10:49","slug":"casino-cafe-moulu-pur-arabica-subtil-et-equilibre-250-g","status":"publish","type":"product","link":"https:\/\/nirigs.com\/ar\/product\/casino-cafe-moulu-pur-arabica-subtil-et-equilibre-250-g\/","title":{"rendered":"Casino &#8211; Caf\u00e9 moulu pur arabica subtil et \u00e9quilibr\u00e9 &#8211; 250 g"},"content":{"rendered":"<p>Le caf\u00e9 moulu pur arabica Casino offre une exp\u00e9rience de d\u00e9gustation raffin\u00e9e et \u00e9quilibr\u00e9e. S\u00e9lectionn\u00e9 avec soin, ce caf\u00e9 r\u00e9v\u00e8le des ar\u00f4mes subtils et une saveur douce, id\u00e9ale pour les amateurs de caf\u00e9 \u00e0 la recherche d&rsquo;un moment de plaisir. Conditionn\u00e9 en sachet de 250 g, il est parfait pour savourer un caf\u00e9 de qualit\u00e9 \u00e0 tout moment de la journ\u00e9e.<\/p>\n<h4>\u0645\u0643\u0648\u0646\u0627\u062a :<\/h4>\n<p>Caf\u00e9 arabica 100 % pur, moulu.<\/p>\n<h4>\u0641\u0648\u0627\u0626\u062f :<\/h4>\n<ul>\n<li>Qualit\u00e9 sup\u00e9rieure : Fabriqu\u00e9 \u00e0 partir de grains arabica de haute qualit\u00e9, connu pour son go\u00fbt doux et fruit\u00e9.<\/li>\n<li>\u00c9quilibre parfait : Un m\u00e9lange harmonieux qui pla\u00eet \u00e0 tous les palais.<\/li>\n<li>Praticit\u00e9 : Pr\u00eat \u00e0 l&#8217;emploi, id\u00e9al pour une pr\u00e9paration rapide \u00e0 la maison ou au bureau.<\/li>\n<li>Ar\u00f4mes subtils : Profitez d&rsquo;une tasse de caf\u00e9 aux notes d\u00e9licates et parfum\u00e9es.<\/li>\n<\/ul>\n<h4>\u062a\u0639\u0644\u064a\u0645\u0627\u062a :<\/h4>\n<ol>\n<li>Mesurez la quantit\u00e9 d\u00e9sir\u00e9e de caf\u00e9 moulu (environ 10 g pour 180 ml d&rsquo;eau).<\/li>\n<li>Ajoutez le caf\u00e9 moulu dans le filtre de votre cafeti\u00e8re.<\/li>\n<li>Faites bouillir l&rsquo;eau et versez-la doucement sur le caf\u00e9.<\/li>\n<li>Laissez infuser quelques minutes, puis servez et savourez.<\/li>\n<\/ol>\n<h4>\u0627\u062d\u062a\u064a\u0627\u0637\u0627\u062a:<\/h4>\n<ul>\n<li>Conserver dans un endroit frais et sec, \u00e0 l&rsquo;abri de la lumi\u00e8re.<\/li>\n<li>Une fois ouvert, consommer dans les trois mois pour pr\u00e9server la fra\u00eecheur et les ar\u00f4mes.<\/li>\n<li>Ne pas d\u00e9passer la dose recommand\u00e9e. Une consommation excessive de caf\u00e9ine peut entra\u00eener des effets ind\u00e9sirables.<\/li>\n<\/ul>","protected":false},"excerpt":{"rendered":"<p>Le caf\u00e9 moulu pur arabica Casino offre une exp\u00e9rience de d\u00e9gustation raffin\u00e9e et \u00e9quilibr\u00e9e. S\u00e9lectionn\u00e9 avec soin, ce caf\u00e9 r\u00e9v\u00e8le<\/p>","protected":false},"featured_media":26222,"comment_status":"open","ping_status":"closed","template":"","meta":[],"pwb-brand":[843],"product_brand":[],"product_cat":[940,1249,929,275],"product_tag":[],"class_list":{"0":"post-23143","1":"product","2":"type-product","3":"status-publish","4":"has-post-thumbnail","6":"pwb-brand-casino","7":"product_cat-cafe","8":"product_cat-cafe-moulu","9":"product_cat-cafe-the-et-boissons","10":"product_cat-epicerie","12":"first","13":"instock","14":"shipping-taxable","15":"purchasable","16":"product-type-simple"},"yoast_head":"<!-- This site is optimized with the Yoast SEO plugin v27.1.1 - https:\/\/yoast.com\/product\/yoast-seo-wordpress\/ -->\n<title>Casino - Caf\u00e9 moulu pur arabica subtil et \u00e9quilibr\u00e9 - 250 g - NIRIGS<\/title>\n<meta name=\"robots\" content=\"index, follow, max-snippet:-1, max-image-preview:large, max-video-preview:-1\" \/>\n<link rel=\"canonical\" href=\"https:\/\/nirigs.com\/ar\/product\/casino-cafe-moulu-pur-arabica-subtil-et-equilibre-250-g\/\" \/>\n<meta property=\"og:locale\" content=\"ar_AR\" \/>\n<meta property=\"og:type\" content=\"article\" \/>\n<meta property=\"og:title\" content=\"Casino - Caf\u00e9 moulu pur arabica subtil et \u00e9quilibr\u00e9 - 250 g - NIRIGS\" \/>\n<meta property=\"og:description\" content=\"Le caf\u00e9 moulu pur arabica Casino offre une exp\u00e9rience de d\u00e9gustation raffin\u00e9e et \u00e9quilibr\u00e9e. S\u00e9lectionn\u00e9 avec soin, ce caf\u00e9 r\u00e9v\u00e8le\" \/>\n<meta property=\"og:url\" content=\"https:\/\/nirigs.com\/ar\/product\/casino-cafe-moulu-pur-arabica-subtil-et-equilibre-250-g\/\" \/>\n<meta property=\"og:site_name\" content=\"NIRIGS\" \/>\n<meta property=\"article:modified_time\" content=\"2025-03-13T09:10:49+00:00\" \/>\n<meta property=\"og:image\" content=\"https:\/\/nirigs.com\/wp-content\/uploads\/2024\/10\/Casino-Cafe-moulu-pur-arabica-subtil-et-equilibre-250-g.jpg\" \/>\n\t<meta property=\"og:image:width\" content=\"1000\" \/>\n\t<meta property=\"og:image:height\" content=\"1000\" \/>\n\t<meta property=\"og:image:type\" content=\"image\/jpeg\" \/>\n<meta name=\"twitter:card\" content=\"summary_large_image\" \/>\n<meta name=\"twitter:label1\" content=\"\u0648\u0642\u062a \u0627\u0644\u0642\u0631\u0627\u0621\u0629 \u0627\u0644\u0645\u064f\u0642\u062f\u0651\u0631\" \/>\n\t<meta name=\"twitter:data1\" content=\"\u062f\u0642\u064a\u0642\u0629 \u0648\u0627\u062d\u062f\u0629\" \/>\n<script type=\"application\/ld+json\" class=\"yoast-schema-graph\">{\"@context\":\"https:\/\/schema.org\",\"@graph\":[{\"@type\":\"WebPage\",\"@id\":\"https:\/\/nirigs.com\/product\/casino-cafe-moulu-pur-arabica-subtil-et-equilibre-250-g\/\",\"url\":\"https:\/\/nirigs.com\/product\/casino-cafe-moulu-pur-arabica-subtil-et-equilibre-250-g\/\",\"name\":\"Casino - Caf\u00e9 moulu pur arabica subtil et \u00e9quilibr\u00e9 - 250 g - NIRIGS\",\"isPartOf\":{\"@id\":\"https:\/\/nirigs.com\/#website\"},\"primaryImageOfPage\":{\"@id\":\"https:\/\/nirigs.com\/product\/casino-cafe-moulu-pur-arabica-subtil-et-equilibre-250-g\/#primaryimage\"},\"image\":{\"@id\":\"https:\/\/nirigs.com\/product\/casino-cafe-moulu-pur-arabica-subtil-et-equilibre-250-g\/#primaryimage\"},\"thumbnailUrl\":\"https:\/\/nirigs.com\/wp-content\/uploads\/2024\/10\/Casino-Cafe-moulu-pur-arabica-subtil-et-equilibre-250-g.jpg\",\"datePublished\":\"2024-10-06T15:00:15+00:00\",\"dateModified\":\"2025-03-13T09:10:49+00:00\",\"breadcrumb\":{\"@id\":\"https:\/\/nirigs.com\/product\/casino-cafe-moulu-pur-arabica-subtil-et-equilibre-250-g\/#breadcrumb\"},\"inLanguage\":\"ar\",\"potentialAction\":[{\"@type\":\"ReadAction\",\"target\":[\"https:\/\/nirigs.com\/product\/casino-cafe-moulu-pur-arabica-subtil-et-equilibre-250-g\/\"]}]},{\"@type\":\"ImageObject\",\"inLanguage\":\"ar\",\"@id\":\"https:\/\/nirigs.com\/product\/casino-cafe-moulu-pur-arabica-subtil-et-equilibre-250-g\/#primaryimage\",\"url\":\"https:\/\/nirigs.com\/wp-content\/uploads\/2024\/10\/Casino-Cafe-moulu-pur-arabica-subtil-et-equilibre-250-g.jpg\",\"contentUrl\":\"https:\/\/nirigs.com\/wp-content\/uploads\/2024\/10\/Casino-Cafe-moulu-pur-arabica-subtil-et-equilibre-250-g.jpg\",\"width\":1000,\"height\":1000},{\"@type\":\"BreadcrumbList\",\"@id\":\"https:\/\/nirigs.com\/product\/casino-cafe-moulu-pur-arabica-subtil-et-equilibre-250-g\/#breadcrumb\",\"itemListElement\":[{\"@type\":\"ListItem\",\"position\":1,\"name\":\"Home\",\"item\":\"https:\/\/nirigs.com\/\"},{\"@type\":\"ListItem\",\"position\":2,\"name\":\"Parcourir\",\"item\":\"https:\/\/nirigs.com\/boutique\/\"},{\"@type\":\"ListItem\",\"position\":3,\"name\":\"Casino &#8211; Caf\u00e9 moulu pur arabica subtil et \u00e9quilibr\u00e9 &#8211; 250 g\"}]},{\"@type\":\"WebSite\",\"@id\":\"https:\/\/nirigs.com\/#website\",\"url\":\"https:\/\/nirigs.com\/\",\"name\":\"Nirigs.com\",\"description\":\"Simplifiez vos achats du quotidien \u00e0 Djibouti\",\"publisher\":{\"@id\":\"https:\/\/nirigs.com\/#organization\"},\"potentialAction\":[{\"@type\":\"SearchAction\",\"target\":{\"@type\":\"EntryPoint\",\"urlTemplate\":\"https:\/\/nirigs.com\/?s={search_term_string}\"},\"query-input\":{\"@type\":\"PropertyValueSpecification\",\"valueRequired\":true,\"valueName\":\"search_term_string\"}}],\"inLanguage\":\"ar\"},{\"@type\":\"Organization\",\"@id\":\"https:\/\/nirigs.com\/#organization\",\"name\":\"Nirigs\",\"url\":\"https:\/\/nirigs.com\/\",\"logo\":{\"@type\":\"ImageObject\",\"inLanguage\":\"ar\",\"@id\":\"https:\/\/nirigs.com\/#\/schema\/logo\/image\/\",\"url\":\"https:\/\/nirigs.com\/wp-content\/uploads\/2025\/04\/Design-sans-titre-27.png\",\"contentUrl\":\"https:\/\/nirigs.com\/wp-content\/uploads\/2025\/04\/Design-sans-titre-27.png\",\"width\":500,\"height\":500,\"caption\":\"Nirigs\"},\"image\":{\"@id\":\"https:\/\/nirigs.com\/#\/schema\/logo\/image\/\"}}]}<\/script>\n<!-- \/ Yoast SEO plugin. -->","yoast_head_json":{"title":"Casino - Caf\u00e9 moulu pur arabica subtil et \u00e9quilibr\u00e9 - 250 g - NIRIGS","robots":{"index":"index","follow":"follow","max-snippet":"max-snippet:-1","max-image-preview":"max-image-preview:large","max-video-preview":"max-video-preview:-1"},"canonical":"https:\/\/nirigs.com\/ar\/product\/casino-cafe-moulu-pur-arabica-subtil-et-equilibre-250-g\/","og_locale":"ar_AR","og_type":"article","og_title":"Casino - Caf\u00e9 moulu pur arabica subtil et \u00e9quilibr\u00e9 - 250 g - NIRIGS","og_description":"Le caf\u00e9 moulu pur arabica Casino offre une exp\u00e9rience de d\u00e9gustation raffin\u00e9e et \u00e9quilibr\u00e9e. S\u00e9lectionn\u00e9 avec soin, ce caf\u00e9 r\u00e9v\u00e8le","og_url":"https:\/\/nirigs.com\/ar\/product\/casino-cafe-moulu-pur-arabica-subtil-et-equilibre-250-g\/","og_site_name":"NIRIGS","article_modified_time":"2025-03-13T09:10:49+00:00","og_image":[{"width":1000,"height":1000,"url":"https:\/\/nirigs.com\/wp-content\/uploads\/2024\/10\/Casino-Cafe-moulu-pur-arabica-subtil-et-equilibre-250-g.jpg","type":"image\/jpeg"}],"twitter_card":"summary_large_image","twitter_misc":{"\u0648\u0642\u062a \u0627\u0644\u0642\u0631\u0627\u0621\u0629 \u0627\u0644\u0645\u064f\u0642\u062f\u0651\u0631":"\u062f\u0642\u064a\u0642\u0629 \u0648\u0627\u062d\u062f\u0629"},"schema":{"@context":"https:\/\/schema.org","@graph":[{"@type":"WebPage","@id":"https:\/\/nirigs.com\/product\/casino-cafe-moulu-pur-arabica-subtil-et-equilibre-250-g\/","url":"https:\/\/nirigs.com\/product\/casino-cafe-moulu-pur-arabica-subtil-et-equilibre-250-g\/","name":"Casino - Caf\u00e9 moulu pur arabica subtil et \u00e9quilibr\u00e9 - 250 g - NIRIGS","isPartOf":{"@id":"https:\/\/nirigs.com\/#website"},"primaryImageOfPage":{"@id":"https:\/\/nirigs.com\/product\/casino-cafe-moulu-pur-arabica-subtil-et-equilibre-250-g\/#primaryimage"},"image":{"@id":"https:\/\/nirigs.com\/product\/casino-cafe-moulu-pur-arabica-subtil-et-equilibre-250-g\/#primaryimage"},"thumbnailUrl":"https:\/\/nirigs.com\/wp-content\/uploads\/2024\/10\/Casino-Cafe-moulu-pur-arabica-subtil-et-equilibre-250-g.jpg","datePublished":"2024-10-06T15:00:15+00:00","dateModified":"2025-03-13T09:10:49+00:00","breadcrumb":{"@id":"https:\/\/nirigs.com\/product\/casino-cafe-moulu-pur-arabica-subtil-et-equilibre-250-g\/#breadcrumb"},"inLanguage":"ar","potentialAction":[{"@type":"ReadAction","target":["https:\/\/nirigs.com\/product\/casino-cafe-moulu-pur-arabica-subtil-et-equilibre-250-g\/"]}]},{"@type":"ImageObject","inLanguage":"ar","@id":"https:\/\/nirigs.com\/product\/casino-cafe-moulu-pur-arabica-subtil-et-equilibre-250-g\/#primaryimage","url":"https:\/\/nirigs.com\/wp-content\/uploads\/2024\/10\/Casino-Cafe-moulu-pur-arabica-subtil-et-equilibre-250-g.jpg","contentUrl":"https:\/\/nirigs.com\/wp-content\/uploads\/2024\/10\/Casino-Cafe-moulu-pur-arabica-subtil-et-equilibre-250-g.jpg","width":1000,"height":1000},{"@type":"BreadcrumbList","@id":"https:\/\/nirigs.com\/product\/casino-cafe-moulu-pur-arabica-subtil-et-equilibre-250-g\/#breadcrumb","itemListElement":[{"@type":"ListItem","position":1,"name":"Home","item":"https:\/\/nirigs.com\/"},{"@type":"ListItem","position":2,"name":"Parcourir","item":"https:\/\/nirigs.com\/boutique\/"},{"@type":"ListItem","position":3,"name":"Casino &#8211; Caf\u00e9 moulu pur arabica subtil et \u00e9quilibr\u00e9 &#8211; 250 g"}]},{"@type":"WebSite","@id":"https:\/\/nirigs.com\/#website","url":"https:\/\/nirigs.com\/","name":"Nirigs.com","description":"Simplifiez vos achats du quotidien \u00e0 Djibouti","publisher":{"@id":"https:\/\/nirigs.com\/#organization"},"potentialAction":[{"@type":"SearchAction","target":{"@type":"EntryPoint","urlTemplate":"https:\/\/nirigs.com\/?s={search_term_string}"},"query-input":{"@type":"PropertyValueSpecification","valueRequired":true,"valueName":"search_term_string"}}],"inLanguage":"ar"},{"@type":"Organization","@id":"https:\/\/nirigs.com\/#organization","name":"\u0646\u064a\u0631\u064a\u062c\u0633","url":"https:\/\/nirigs.com\/","logo":{"@type":"ImageObject","inLanguage":"ar","@id":"https:\/\/nirigs.com\/#\/schema\/logo\/image\/","url":"https:\/\/nirigs.com\/wp-content\/uploads\/2025\/04\/Design-sans-titre-27.png","contentUrl":"https:\/\/nirigs.com\/wp-content\/uploads\/2025\/04\/Design-sans-titre-27.png","width":500,"height":500,"caption":"Nirigs"},"image":{"@id":"https:\/\/nirigs.com\/#\/schema\/logo\/image\/"}}]}},"brands":[{"id":843,"name":"\u0643\u0627\u0632\u064a\u0646\u0648","slug":"casino"}],"_links":{"self":[{"href":"https:\/\/nirigs.com\/ar\/wp-json\/wp\/v2\/product\/23143","targetHints":{"allow":["GET"]}}],"collection":[{"href":"https:\/\/nirigs.com\/ar\/wp-json\/wp\/v2\/product"}],"about":[{"href":"https:\/\/nirigs.com\/ar\/wp-json\/wp\/v2\/types\/product"}],"replies":[{"embeddable":true,"href":"https:\/\/nirigs.com\/ar\/wp-json\/wp\/v2\/comments?post=23143"}],"version-history":[{"count":3,"href":"https:\/\/nirigs.com\/ar\/wp-json\/wp\/v2\/product\/23143\/revisions"}],"predecessor-version":[{"id":26225,"href":"https:\/\/nirigs.com\/ar\/wp-json\/wp\/v2\/product\/23143\/revisions\/26225"}],"wp:featuredmedia":[{"embeddable":true,"href":"https:\/\/nirigs.com\/ar\/wp-json\/wp\/v2\/media\/26222"}],"wp:attachment":[{"href":"https:\/\/nirigs.com\/ar\/wp-json\/wp\/v2\/media?parent=23143"}],"wp:term":[{"taxonomy":"pwb-brand","embeddable":true,"href":"https:\/\/nirigs.com\/ar\/wp-json\/wp\/v2\/pwb-brand?post=23143"},{"taxonomy":"product_brand","embeddable":true,"href":"https:\/\/nirigs.com\/ar\/wp-json\/wp\/v2\/product_brand?post=23143"},{"taxonomy":"product_cat","embeddable":true,"href":"https:\/\/nirigs.com\/ar\/wp-json\/wp\/v2\/product_cat?post=23143"},{"taxonomy":"product_tag","embeddable":true,"href":"https:\/\/nirigs.com\/ar\/wp-json\/wp\/v2\/product_tag?post=23143"}],"curies":[{"name":"wp","href":"https:\/\/api.w.org\/{rel}","templated":true}]}}