{"id":23136,"date":"2024-10-06T18:00:12","date_gmt":"2024-10-06T15:00:12","guid":{"rendered":"https:\/\/nirigs.com\/produit\/mila-cocktail-de-fruits-au-sirop-leger-peches-820-g\/"},"modified":"2025-03-13T12:17:48","modified_gmt":"2025-03-13T09:17:48","slug":"mila-cocktail-de-fruits-au-sirop-leger-peches-820-g","status":"publish","type":"product","link":"https:\/\/nirigs.com\/ar\/product\/mila-cocktail-de-fruits-au-sirop-leger-peches-820-g\/","title":{"rendered":"\u0645\u064a\u0644\u0627 \u2013 \u0643\u0648\u0643\u062a\u064a\u0644 \u0641\u0648\u0627\u0643\u0647 \u0645\u0639 \u0634\u0631\u0627\u0628 \u0627\u0644\u062e\u0648\u062e \u0627\u0644\u062e\u0641\u064a\u0641 \u2013 820 \u062c\u0645"},"content":{"rendered":"<p>\u0645\u064a\u0644\u0627 \u062a\u0642\u062f\u0645 \u0644\u0643 \u0623\u0646\u0635\u0627\u0641 \u0627\u0644\u0641\u0627\u0643\u0647\u0629 \u0641\u064a \u0634\u0631\u0627\u0628 \u0627\u0644\u062e\u0648\u062e \u0627\u0644\u062e\u0641\u064a\u0641\u060c \u0645\u0628\u0647\u062c\u0629 \u062d\u0644\u0648\u0629 \u0648\u0631\u0627\u0626\u0639\u0629\u060c \u0645\u062b\u0627\u0644\u064a\u0629 \u0644\u062a\u0639\u0632\u064a\u0632 \u0627\u0644\u062d\u0644\u0648\u064a\u0627\u062a \u0623\u0648 \u0627\u0644\u0633\u0644\u0637\u0627\u062a \u0623\u0648 \u0628\u0628\u0633\u0627\u0637\u0629 \u0644\u0644\u0627\u0633\u062a\u0645\u062a\u0627\u0639 \u0628\u0647\u0627 \u0628\u0627\u0644\u0645\u0644\u0639\u0642\u0629. \u062a\u062d\u062a\u0641\u0638 \u0647\u0630\u0647 \u0627\u0644\u0641\u0627\u0643\u0647\u0629 \u0627\u0644\u0645\u0639\u0628\u0623\u0629 \u0641\u064a \u0634\u0631\u0627\u0628 \u062e\u0641\u064a\u0641 \u0628\u0646\u0643\u0647\u062a\u0647\u0627 \u0627\u0644\u0637\u0628\u064a\u0639\u064a\u0629 \u0645\u0639 \u062a\u0642\u0644\u064a\u0644 \u0627\u0644\u0633\u0639\u0631\u0627\u062a \u0627\u0644\u062d\u0631\u0627\u0631\u064a\u0629.<\/p>\n<h4>\u0645\u0643\u0648\u0646\u0627\u062a :<\/h4>\n<p>\u062e\u0648\u062e (65 %)\u060c \u0645\u0627\u0621\u060c \u0633\u0643\u0631 (8 %)\u060c \u062d\u0627\u0645\u0636 \u0627\u0644\u0633\u062a\u0631\u064a\u0643\u060c \u0645\u0627\u062f\u0629 \u062d\u0627\u0641\u0638\u0629: \u062d\u0645\u0636 \u0627\u0644\u0633\u0648\u0631\u0628\u064a\u0643.<\/p>\n<h4>\u0641\u0648\u0627\u0626\u062f :<\/h4>\n<ul>\n<li>\u0627\u0644\u0637\u0639\u0645 \u0627\u0644\u0623\u0635\u064a\u0644: \u0627\u0644\u062e\u0648\u062e \u0627\u0644\u0644\u0630\u064a\u0630 \u0648\u0627\u0644\u0639\u0635\u064a\u0631.<\/li>\n<li>\u0634\u0631\u0627\u0628 \u062e\u0641\u064a\u0641: \u0633\u0643\u0631 \u0645\u062e\u0641\u0636 \u0644\u062e\u064a\u0627\u0631 \u0635\u062d\u064a.<\/li>\n<li>\u0645\u062a\u0639\u062f\u062f\u0629 \u0627\u0644\u0627\u0633\u062a\u062e\u062f\u0627\u0645\u0627\u062a: \u0645\u062b\u0627\u0644\u064a\u0629 \u0644\u0644\u062d\u0644\u0648\u064a\u0627\u062a \u0648\u0627\u0644\u0645\u0639\u062c\u0646\u0627\u062a \u0623\u0648 \u0643\u0648\u062c\u0628\u0629 \u062e\u0641\u064a\u0641\u0629.<\/li>\n<li>\u0639\u0645\u0644\u064a: \u062c\u0627\u0647\u0632 \u0644\u0644\u0627\u0633\u062a\u062e\u062f\u0627\u0645\u060c \u0648\u0633\u0647\u0644 \u0627\u0644\u062f\u0645\u062c \u0641\u064a \u0648\u0635\u0641\u0627\u062a\u0643.<\/li>\n<\/ul>\n<h4>\u062a\u0639\u0644\u064a\u0645\u0627\u062a :<\/h4>\n<p>\u0627\u0641\u062a\u062d \u0627\u0644\u062c\u0631\u0629 \u0648\u0635\u0641\u064a \u0627\u0644\u0641\u0627\u0643\u0647\u0629 \u0625\u0644\u0649 \u0646\u0635\u0641\u064a\u0646. \u0627\u0633\u062a\u062e\u062f\u0645\u0647\u0627 \u0645\u0628\u0627\u0634\u0631\u0629 \u0641\u064a \u0648\u0635\u0641\u0627\u062a\u0643 \u0623\u0648 \u0627\u0633\u062a\u0645\u062a\u0639 \u0628\u0647\u0627 \u0643\u0645\u0627 \u0647\u064a. \u0644\u0644\u062d\u0635\u0648\u0644 \u0639\u0644\u0649 \u062d\u0644\u0648\u0649 \u0644\u0630\u064a\u0630\u0629\u060c \u0623\u0636\u0641\u0647\u0627 \u0625\u0644\u0649 \u0627\u0644\u0632\u0628\u0627\u062f\u064a \u0623\u0648 \u0627\u0644\u0622\u064a\u0633 \u0643\u0631\u064a\u0645.<\/p>\n<h4>\u0627\u062d\u062a\u064a\u0627\u0637\u0627\u062a:<\/h4>\n<ul>\n<li>\u062a\u062e\u0632\u064a\u0646\u0647\u0627 \u0641\u064a \u0645\u0643\u0627\u0646 \u0628\u0627\u0631\u062f \u0648\u062c\u0627\u0641.<\/li>\n<li>\u0628\u0645\u062c\u0631\u062f \u0641\u062a\u062d\u0647\u060c \u064a\u064f\u062d\u0641\u0638 \u0641\u064a \u0627\u0644\u062b\u0644\u0627\u062c\u0629 \u0648\u064a\u064f\u0633\u062a\u0647\u0644\u0643 \u062e\u0644\u0627\u0644 5 \u0623\u064a\u0627\u0645.<\/li>\n<li>\u0627\u0644\u062a\u062d\u0642\u0642 \u0645\u0646 \u062a\u0627\u0631\u064a\u062e \u0627\u0646\u062a\u0647\u0627\u0621 \u0627\u0644\u0635\u0644\u0627\u062d\u064a\u0629 \u0642\u0628\u0644 \u0627\u0644\u0627\u0633\u062a\u0647\u0644\u0627\u0643.<\/li>\n<li>\u0644\u0627 \u062a\u0633\u062a\u0647\u0644\u0643\u0647 \u0625\u0630\u0627 \u0643\u0627\u0646 \u0627\u0644\u062c\u0631\u0629 \u062a\u0627\u0644\u0641\u064b\u0627 \u0623\u0648 \u0625\u0630\u0627 \u062a\u0645 \u0627\u0644\u0636\u063a\u0637 \u0639\u0644\u0649 \u0627\u0644\u063a\u0637\u0627\u0621 \u0642\u0628\u0644 \u0627\u0644\u0641\u062a\u062d.<\/li>\n<\/ul>","protected":false},"excerpt":{"rendered":"<p>Mila vous propose des demi-fruits au sirop l\u00e9ger de p\u00eaches, un d\u00e9lice sucr\u00e9 et juteux, parfait pour rehausser vos desserts,<\/p>","protected":false},"featured_media":26243,"comment_status":"open","ping_status":"closed","template":"","meta":[],"pwb-brand":[1253],"product_brand":[],"product_cat":[868,275,912],"product_tag":[],"class_list":{"0":"post-23136","1":"product","2":"type-product","3":"status-publish","4":"has-post-thumbnail","6":"pwb-brand-mila","7":"product_cat-conserves-bocaux","8":"product_cat-epicerie","9":"product_cat-fruits-en-conserves","11":"first","12":"instock","13":"shipping-taxable","14":"purchasable","15":"product-type-simple"},"yoast_head":"<!-- This site is optimized with the Yoast SEO plugin v27.1.1 - https:\/\/yoast.com\/product\/yoast-seo-wordpress\/ -->\n<title>Mila - Cocktail de fruits au sirop l\u00e9ger p\u00eaches - 820 g - NIRIGS<\/title>\n<meta name=\"robots\" content=\"index, follow, max-snippet:-1, max-image-preview:large, max-video-preview:-1\" \/>\n<link rel=\"canonical\" href=\"https:\/\/nirigs.com\/ar\/product\/mila-cocktail-de-fruits-au-sirop-leger-peches-820-g\/\" \/>\n<meta property=\"og:locale\" content=\"ar_AR\" \/>\n<meta property=\"og:type\" content=\"article\" \/>\n<meta property=\"og:title\" content=\"Mila - Cocktail de fruits au sirop l\u00e9ger p\u00eaches - 820 g - NIRIGS\" \/>\n<meta property=\"og:description\" content=\"Mila vous propose des demi-fruits au sirop l\u00e9ger de p\u00eaches, un d\u00e9lice sucr\u00e9 et juteux, parfait pour rehausser vos desserts,\" \/>\n<meta property=\"og:url\" content=\"https:\/\/nirigs.com\/ar\/product\/mila-cocktail-de-fruits-au-sirop-leger-peches-820-g\/\" \/>\n<meta property=\"og:site_name\" content=\"NIRIGS\" \/>\n<meta property=\"article:modified_time\" content=\"2025-03-13T09:17:48+00:00\" \/>\n<meta property=\"og:image\" content=\"https:\/\/nirigs.com\/wp-content\/uploads\/2024\/10\/Mila-Demi-fruit-au-sirop-leger-peches-820-g.jpg\" \/>\n\t<meta property=\"og:image:width\" content=\"1000\" \/>\n\t<meta property=\"og:image:height\" content=\"1000\" \/>\n\t<meta property=\"og:image:type\" content=\"image\/jpeg\" \/>\n<meta name=\"twitter:card\" content=\"summary_large_image\" \/>\n<meta name=\"twitter:label1\" content=\"\u0648\u0642\u062a \u0627\u0644\u0642\u0631\u0627\u0621\u0629 \u0627\u0644\u0645\u064f\u0642\u062f\u0651\u0631\" \/>\n\t<meta name=\"twitter:data1\" content=\"\u062f\u0642\u064a\u0642\u0629 \u0648\u0627\u062d\u062f\u0629\" \/>\n<script type=\"application\/ld+json\" class=\"yoast-schema-graph\">{\"@context\":\"https:\/\/schema.org\",\"@graph\":[{\"@type\":\"WebPage\",\"@id\":\"https:\/\/nirigs.com\/ar\/product\/mila-cocktail-de-fruits-au-sirop-leger-peches-820-g\/\",\"url\":\"https:\/\/nirigs.com\/ar\/product\/mila-cocktail-de-fruits-au-sirop-leger-peches-820-g\/\",\"name\":\"Mila - Cocktail de fruits au sirop l\u00e9ger p\u00eaches - 820 g - NIRIGS\",\"isPartOf\":{\"@id\":\"https:\/\/nirigs.com\/#website\"},\"primaryImageOfPage\":{\"@id\":\"https:\/\/nirigs.com\/ar\/product\/mila-cocktail-de-fruits-au-sirop-leger-peches-820-g\/#primaryimage\"},\"image\":{\"@id\":\"https:\/\/nirigs.com\/ar\/product\/mila-cocktail-de-fruits-au-sirop-leger-peches-820-g\/#primaryimage\"},\"thumbnailUrl\":\"https:\/\/nirigs.com\/wp-content\/uploads\/2024\/10\/Mila-Demi-fruit-au-sirop-leger-peches-820-g.jpg\",\"datePublished\":\"2024-10-06T15:00:12+00:00\",\"dateModified\":\"2025-03-13T09:17:48+00:00\",\"breadcrumb\":{\"@id\":\"https:\/\/nirigs.com\/ar\/product\/mila-cocktail-de-fruits-au-sirop-leger-peches-820-g\/#breadcrumb\"},\"inLanguage\":\"ar\",\"potentialAction\":[{\"@type\":\"ReadAction\",\"target\":[\"https:\/\/nirigs.com\/ar\/product\/mila-cocktail-de-fruits-au-sirop-leger-peches-820-g\/\"]}]},{\"@type\":\"ImageObject\",\"inLanguage\":\"ar\",\"@id\":\"https:\/\/nirigs.com\/ar\/product\/mila-cocktail-de-fruits-au-sirop-leger-peches-820-g\/#primaryimage\",\"url\":\"https:\/\/nirigs.com\/wp-content\/uploads\/2024\/10\/Mila-Demi-fruit-au-sirop-leger-peches-820-g.jpg\",\"contentUrl\":\"https:\/\/nirigs.com\/wp-content\/uploads\/2024\/10\/Mila-Demi-fruit-au-sirop-leger-peches-820-g.jpg\",\"width\":1000,\"height\":1000},{\"@type\":\"BreadcrumbList\",\"@id\":\"https:\/\/nirigs.com\/ar\/product\/mila-cocktail-de-fruits-au-sirop-leger-peches-820-g\/#breadcrumb\",\"itemListElement\":[{\"@type\":\"ListItem\",\"position\":1,\"name\":\"Home\",\"item\":\"https:\/\/nirigs.com\/\"},{\"@type\":\"ListItem\",\"position\":2,\"name\":\"Parcourir\",\"item\":\"https:\/\/nirigs.com\/boutique\/\"},{\"@type\":\"ListItem\",\"position\":3,\"name\":\"Mila &#8211; Cocktail de fruits au sirop l\u00e9ger p\u00eaches &#8211; 820 g\"}]},{\"@type\":\"WebSite\",\"@id\":\"https:\/\/nirigs.com\/#website\",\"url\":\"https:\/\/nirigs.com\/\",\"name\":\"Nirigs.com\",\"description\":\"Simplifiez vos achats du quotidien \u00e0 Djibouti\",\"publisher\":{\"@id\":\"https:\/\/nirigs.com\/#organization\"},\"potentialAction\":[{\"@type\":\"SearchAction\",\"target\":{\"@type\":\"EntryPoint\",\"urlTemplate\":\"https:\/\/nirigs.com\/?s={search_term_string}\"},\"query-input\":{\"@type\":\"PropertyValueSpecification\",\"valueRequired\":true,\"valueName\":\"search_term_string\"}}],\"inLanguage\":\"ar\"},{\"@type\":\"Organization\",\"@id\":\"https:\/\/nirigs.com\/#organization\",\"name\":\"Nirigs\",\"url\":\"https:\/\/nirigs.com\/\",\"logo\":{\"@type\":\"ImageObject\",\"inLanguage\":\"ar\",\"@id\":\"https:\/\/nirigs.com\/#\/schema\/logo\/image\/\",\"url\":\"https:\/\/nirigs.com\/wp-content\/uploads\/2025\/04\/Design-sans-titre-27.png\",\"contentUrl\":\"https:\/\/nirigs.com\/wp-content\/uploads\/2025\/04\/Design-sans-titre-27.png\",\"width\":500,\"height\":500,\"caption\":\"Nirigs\"},\"image\":{\"@id\":\"https:\/\/nirigs.com\/#\/schema\/logo\/image\/\"}}]}<\/script>\n<!-- \/ Yoast SEO plugin. -->","yoast_head_json":{"title":"Mila - Cocktail de fruits au sirop l\u00e9ger p\u00eaches - 820 g - NIRIGS","robots":{"index":"index","follow":"follow","max-snippet":"max-snippet:-1","max-image-preview":"max-image-preview:large","max-video-preview":"max-video-preview:-1"},"canonical":"https:\/\/nirigs.com\/ar\/product\/mila-cocktail-de-fruits-au-sirop-leger-peches-820-g\/","og_locale":"ar_AR","og_type":"article","og_title":"Mila - Cocktail de fruits au sirop l\u00e9ger p\u00eaches - 820 g - NIRIGS","og_description":"Mila vous propose des demi-fruits au sirop l\u00e9ger de p\u00eaches, un d\u00e9lice sucr\u00e9 et juteux, parfait pour rehausser vos desserts,","og_url":"https:\/\/nirigs.com\/ar\/product\/mila-cocktail-de-fruits-au-sirop-leger-peches-820-g\/","og_site_name":"NIRIGS","article_modified_time":"2025-03-13T09:17:48+00:00","og_image":[{"width":1000,"height":1000,"url":"https:\/\/nirigs.com\/wp-content\/uploads\/2024\/10\/Mila-Demi-fruit-au-sirop-leger-peches-820-g.jpg","type":"image\/jpeg"}],"twitter_card":"summary_large_image","twitter_misc":{"\u0648\u0642\u062a \u0627\u0644\u0642\u0631\u0627\u0621\u0629 \u0627\u0644\u0645\u064f\u0642\u062f\u0651\u0631":"\u062f\u0642\u064a\u0642\u0629 \u0648\u0627\u062d\u062f\u0629"},"schema":{"@context":"https:\/\/schema.org","@graph":[{"@type":"WebPage","@id":"https:\/\/nirigs.com\/ar\/product\/mila-cocktail-de-fruits-au-sirop-leger-peches-820-g\/","url":"https:\/\/nirigs.com\/ar\/product\/mila-cocktail-de-fruits-au-sirop-leger-peches-820-g\/","name":"Mila - Cocktail de fruits au sirop l\u00e9ger p\u00eaches - 820 g - NIRIGS","isPartOf":{"@id":"https:\/\/nirigs.com\/#website"},"primaryImageOfPage":{"@id":"https:\/\/nirigs.com\/ar\/product\/mila-cocktail-de-fruits-au-sirop-leger-peches-820-g\/#primaryimage"},"image":{"@id":"https:\/\/nirigs.com\/ar\/product\/mila-cocktail-de-fruits-au-sirop-leger-peches-820-g\/#primaryimage"},"thumbnailUrl":"https:\/\/nirigs.com\/wp-content\/uploads\/2024\/10\/Mila-Demi-fruit-au-sirop-leger-peches-820-g.jpg","datePublished":"2024-10-06T15:00:12+00:00","dateModified":"2025-03-13T09:17:48+00:00","breadcrumb":{"@id":"https:\/\/nirigs.com\/ar\/product\/mila-cocktail-de-fruits-au-sirop-leger-peches-820-g\/#breadcrumb"},"inLanguage":"ar","potentialAction":[{"@type":"ReadAction","target":["https:\/\/nirigs.com\/ar\/product\/mila-cocktail-de-fruits-au-sirop-leger-peches-820-g\/"]}]},{"@type":"ImageObject","inLanguage":"ar","@id":"https:\/\/nirigs.com\/ar\/product\/mila-cocktail-de-fruits-au-sirop-leger-peches-820-g\/#primaryimage","url":"https:\/\/nirigs.com\/wp-content\/uploads\/2024\/10\/Mila-Demi-fruit-au-sirop-leger-peches-820-g.jpg","contentUrl":"https:\/\/nirigs.com\/wp-content\/uploads\/2024\/10\/Mila-Demi-fruit-au-sirop-leger-peches-820-g.jpg","width":1000,"height":1000},{"@type":"BreadcrumbList","@id":"https:\/\/nirigs.com\/ar\/product\/mila-cocktail-de-fruits-au-sirop-leger-peches-820-g\/#breadcrumb","itemListElement":[{"@type":"ListItem","position":1,"name":"Home","item":"https:\/\/nirigs.com\/"},{"@type":"ListItem","position":2,"name":"Parcourir","item":"https:\/\/nirigs.com\/boutique\/"},{"@type":"ListItem","position":3,"name":"Mila &#8211; Cocktail de fruits au sirop l\u00e9ger p\u00eaches &#8211; 820 g"}]},{"@type":"WebSite","@id":"https:\/\/nirigs.com\/#website","url":"https:\/\/nirigs.com\/","name":"Nirigs.com","description":"Simplifiez vos achats du quotidien \u00e0 Djibouti","publisher":{"@id":"https:\/\/nirigs.com\/#organization"},"potentialAction":[{"@type":"SearchAction","target":{"@type":"EntryPoint","urlTemplate":"https:\/\/nirigs.com\/?s={search_term_string}"},"query-input":{"@type":"PropertyValueSpecification","valueRequired":true,"valueName":"search_term_string"}}],"inLanguage":"ar"},{"@type":"Organization","@id":"https:\/\/nirigs.com\/#organization","name":"\u0646\u064a\u0631\u064a\u062c\u0633","url":"https:\/\/nirigs.com\/","logo":{"@type":"ImageObject","inLanguage":"ar","@id":"https:\/\/nirigs.com\/#\/schema\/logo\/image\/","url":"https:\/\/nirigs.com\/wp-content\/uploads\/2025\/04\/Design-sans-titre-27.png","contentUrl":"https:\/\/nirigs.com\/wp-content\/uploads\/2025\/04\/Design-sans-titre-27.png","width":500,"height":500,"caption":"Nirigs"},"image":{"@id":"https:\/\/nirigs.com\/#\/schema\/logo\/image\/"}}]}},"brands":[{"id":1253,"name":"\u0645\u064a\u0644\u0629","slug":"mila"}],"_links":{"self":[{"href":"https:\/\/nirigs.com\/ar\/wp-json\/wp\/v2\/product\/23136","targetHints":{"allow":["GET"]}}],"collection":[{"href":"https:\/\/nirigs.com\/ar\/wp-json\/wp\/v2\/product"}],"about":[{"href":"https:\/\/nirigs.com\/ar\/wp-json\/wp\/v2\/types\/product"}],"replies":[{"embeddable":true,"href":"https:\/\/nirigs.com\/ar\/wp-json\/wp\/v2\/comments?post=23136"}],"version-history":[{"count":2,"href":"https:\/\/nirigs.com\/ar\/wp-json\/wp\/v2\/product\/23136\/revisions"}],"predecessor-version":[{"id":26244,"href":"https:\/\/nirigs.com\/ar\/wp-json\/wp\/v2\/product\/23136\/revisions\/26244"}],"wp:featuredmedia":[{"embeddable":true,"href":"https:\/\/nirigs.com\/ar\/wp-json\/wp\/v2\/media\/26243"}],"wp:attachment":[{"href":"https:\/\/nirigs.com\/ar\/wp-json\/wp\/v2\/media?parent=23136"}],"wp:term":[{"taxonomy":"pwb-brand","embeddable":true,"href":"https:\/\/nirigs.com\/ar\/wp-json\/wp\/v2\/pwb-brand?post=23136"},{"taxonomy":"product_brand","embeddable":true,"href":"https:\/\/nirigs.com\/ar\/wp-json\/wp\/v2\/product_brand?post=23136"},{"taxonomy":"product_cat","embeddable":true,"href":"https:\/\/nirigs.com\/ar\/wp-json\/wp\/v2\/product_cat?post=23136"},{"taxonomy":"product_tag","embeddable":true,"href":"https:\/\/nirigs.com\/ar\/wp-json\/wp\/v2\/product_tag?post=23136"}],"curies":[{"name":"wp","href":"https:\/\/api.w.org\/{rel}","templated":true}]}}