{"id":23134,"date":"2024-10-06T18:00:12","date_gmt":"2024-10-06T15:00:12","guid":{"rendered":"https:\/\/nirigs.com\/produit\/mila-miel-de-fleurs-500-g\/"},"modified":"2025-03-13T12:17:34","modified_gmt":"2025-03-13T09:17:34","slug":"mila-miel-de-fleurs-500-g","status":"publish","type":"product","link":"https:\/\/nirigs.com\/ar\/product\/mila-miel-de-fleurs-500-g\/","title":{"rendered":"\u0645\u064a\u0644\u0627 \u2013 \u0639\u0633\u0644 \u0627\u0644\u0632\u0647\u0648\u0631 \u2013 500 \u062c\u0645"},"content":{"rendered":"<p>Le miel de fleurs Mila est un d\u00e9lice naturel, r\u00e9colt\u00e9 \u00e0 partir du nectar de diverses fleurs sauvages. Sa couleur dor\u00e9e et son go\u00fbt sucr\u00e9 et floral en font un ingr\u00e9dient polyvalent pour vos recettes ou simplement pour appr\u00e9cier le plaisir d\u2019un bon miel. Id\u00e9al pour sucrer vos boissons, accompagner vos tartines ou pour int\u00e9grer dans vos plats et desserts.<\/p>\n<h4>\u0645\u0643\u0648\u0646\u0627\u062a :<\/h4>\n<p>Miel de fleurs 100 % pur.<\/p>\n<h4>\u0641\u0648\u0627\u0626\u062f :<\/h4>\n<ul>\n<li>Naturel et Pur : Sans additifs ni conservateurs, garantissant un produit authentique.<\/li>\n<li>Riche en Nutriments : Contient des antioxydants et des vitamines, b\u00e9n\u00e9fiques pour la sant\u00e9.<\/li>\n<li>Polyvalent : Peut \u00eatre utilis\u00e9 dans des boissons chaudes, des p\u00e2tisseries, ou comme \u00e9dulcorant naturel.<\/li>\n<li>Propri\u00e9t\u00e9s Antibact\u00e9riennes : Contribue \u00e0 renforcer le syst\u00e8me immunitaire.<\/li>\n<\/ul>\n<h4>\u062a\u0639\u0644\u064a\u0645\u0627\u062a :<\/h4>\n<ul>\n<li>Ajoutez une cuill\u00e8re de miel de fleurs \u00e0 votre th\u00e9, yaourt ou sur des tartines.<\/li>\n<li>Utilisez-le comme \u00e9dulcorant dans vos recettes de p\u00e2tisserie ou pour mariner des viandes.<\/li>\n<li>Appliquez sur la peau pour ses propri\u00e9t\u00e9s hydratantes et apaisantes.<\/li>\n<\/ul>\n<h4>\u0627\u062d\u062a\u064a\u0627\u0637\u0627\u062a:<\/h4>\n<ul>\n<li>Ne pas donner de miel aux enfants de moins de 1 an en raison du risque de botulisme.<\/li>\n<li>Conserver dans un endroit frais et sec, \u00e0 l\u2019abri de la lumi\u00e8re directe.<\/li>\n<li>En cas d\u2019allergies, v\u00e9rifier les ingr\u00e9dients ou consulter un professionnel de sant\u00e9.<\/li>\n<\/ul>","protected":false},"excerpt":{"rendered":"<p>Le miel de fleurs Mila est un d\u00e9lice naturel, r\u00e9colt\u00e9 \u00e0 partir du nectar de diverses fleurs sauvages. Sa couleur<\/p>","protected":false},"featured_media":26248,"comment_status":"open","ping_status":"closed","template":"","meta":[],"pwb-brand":[1253],"product_brand":[],"product_cat":[929,944,275,945],"product_tag":[],"class_list":{"0":"post-23134","1":"product","2":"type-product","3":"status-publish","4":"has-post-thumbnail","6":"pwb-brand-mila","7":"product_cat-cafe-the-et-boissons","8":"product_cat-confiture-miel-et-pate-a-tartiner","9":"product_cat-epicerie","10":"product_cat-miel-confiture-miel-et-pate-a-tartiner","12":"first","13":"instock","14":"shipping-taxable","15":"purchasable","16":"product-type-simple"},"yoast_head":"<!-- This site is optimized with the Yoast SEO plugin v27.1.1 - https:\/\/yoast.com\/product\/yoast-seo-wordpress\/ -->\n<title>Mila - Miel de fleurs - 500 g - NIRIGS<\/title>\n<meta name=\"robots\" content=\"index, follow, max-snippet:-1, max-image-preview:large, max-video-preview:-1\" \/>\n<link rel=\"canonical\" href=\"https:\/\/nirigs.com\/ar\/product\/mila-miel-de-fleurs-500-g\/\" \/>\n<meta property=\"og:locale\" content=\"ar_AR\" \/>\n<meta property=\"og:type\" content=\"article\" \/>\n<meta property=\"og:title\" content=\"Mila - Miel de fleurs - 500 g - NIRIGS\" \/>\n<meta property=\"og:description\" content=\"Le miel de fleurs Mila est un d\u00e9lice naturel, r\u00e9colt\u00e9 \u00e0 partir du nectar de diverses fleurs sauvages. Sa couleur\" \/>\n<meta property=\"og:url\" content=\"https:\/\/nirigs.com\/ar\/product\/mila-miel-de-fleurs-500-g\/\" \/>\n<meta property=\"og:site_name\" content=\"NIRIGS\" \/>\n<meta property=\"article:modified_time\" content=\"2025-03-13T09:17:34+00:00\" \/>\n<meta property=\"og:image\" content=\"https:\/\/nirigs.com\/wp-content\/uploads\/2024\/10\/Mila-Miel-de-fleurs-500-g.jpg\" \/>\n\t<meta property=\"og:image:width\" content=\"1000\" \/>\n\t<meta property=\"og:image:height\" content=\"1000\" \/>\n\t<meta property=\"og:image:type\" content=\"image\/jpeg\" \/>\n<meta name=\"twitter:card\" content=\"summary_large_image\" \/>\n<meta name=\"twitter:label1\" content=\"\u0648\u0642\u062a \u0627\u0644\u0642\u0631\u0627\u0621\u0629 \u0627\u0644\u0645\u064f\u0642\u062f\u0651\u0631\" \/>\n\t<meta name=\"twitter:data1\" content=\"\u062f\u0642\u064a\u0642\u0629 \u0648\u0627\u062d\u062f\u0629\" \/>\n<script type=\"application\/ld+json\" class=\"yoast-schema-graph\">{\"@context\":\"https:\/\/schema.org\",\"@graph\":[{\"@type\":\"WebPage\",\"@id\":\"https:\/\/nirigs.com\/product\/mila-miel-de-fleurs-500-g\/\",\"url\":\"https:\/\/nirigs.com\/product\/mila-miel-de-fleurs-500-g\/\",\"name\":\"Mila - Miel de fleurs - 500 g - NIRIGS\",\"isPartOf\":{\"@id\":\"https:\/\/nirigs.com\/#website\"},\"primaryImageOfPage\":{\"@id\":\"https:\/\/nirigs.com\/product\/mila-miel-de-fleurs-500-g\/#primaryimage\"},\"image\":{\"@id\":\"https:\/\/nirigs.com\/product\/mila-miel-de-fleurs-500-g\/#primaryimage\"},\"thumbnailUrl\":\"https:\/\/nirigs.com\/wp-content\/uploads\/2024\/10\/Mila-Miel-de-fleurs-500-g.jpg\",\"datePublished\":\"2024-10-06T15:00:12+00:00\",\"dateModified\":\"2025-03-13T09:17:34+00:00\",\"breadcrumb\":{\"@id\":\"https:\/\/nirigs.com\/product\/mila-miel-de-fleurs-500-g\/#breadcrumb\"},\"inLanguage\":\"ar\",\"potentialAction\":[{\"@type\":\"ReadAction\",\"target\":[\"https:\/\/nirigs.com\/product\/mila-miel-de-fleurs-500-g\/\"]}]},{\"@type\":\"ImageObject\",\"inLanguage\":\"ar\",\"@id\":\"https:\/\/nirigs.com\/product\/mila-miel-de-fleurs-500-g\/#primaryimage\",\"url\":\"https:\/\/nirigs.com\/wp-content\/uploads\/2024\/10\/Mila-Miel-de-fleurs-500-g.jpg\",\"contentUrl\":\"https:\/\/nirigs.com\/wp-content\/uploads\/2024\/10\/Mila-Miel-de-fleurs-500-g.jpg\",\"width\":1000,\"height\":1000},{\"@type\":\"BreadcrumbList\",\"@id\":\"https:\/\/nirigs.com\/product\/mila-miel-de-fleurs-500-g\/#breadcrumb\",\"itemListElement\":[{\"@type\":\"ListItem\",\"position\":1,\"name\":\"Home\",\"item\":\"https:\/\/nirigs.com\/\"},{\"@type\":\"ListItem\",\"position\":2,\"name\":\"Parcourir\",\"item\":\"https:\/\/nirigs.com\/boutique\/\"},{\"@type\":\"ListItem\",\"position\":3,\"name\":\"Mila &#8211; Miel de fleurs &#8211; 500 g\"}]},{\"@type\":\"WebSite\",\"@id\":\"https:\/\/nirigs.com\/#website\",\"url\":\"https:\/\/nirigs.com\/\",\"name\":\"Nirigs.com\",\"description\":\"Simplifiez vos achats du quotidien \u00e0 Djibouti\",\"publisher\":{\"@id\":\"https:\/\/nirigs.com\/#organization\"},\"potentialAction\":[{\"@type\":\"SearchAction\",\"target\":{\"@type\":\"EntryPoint\",\"urlTemplate\":\"https:\/\/nirigs.com\/?s={search_term_string}\"},\"query-input\":{\"@type\":\"PropertyValueSpecification\",\"valueRequired\":true,\"valueName\":\"search_term_string\"}}],\"inLanguage\":\"ar\"},{\"@type\":\"Organization\",\"@id\":\"https:\/\/nirigs.com\/#organization\",\"name\":\"Nirigs\",\"url\":\"https:\/\/nirigs.com\/\",\"logo\":{\"@type\":\"ImageObject\",\"inLanguage\":\"ar\",\"@id\":\"https:\/\/nirigs.com\/#\/schema\/logo\/image\/\",\"url\":\"https:\/\/nirigs.com\/wp-content\/uploads\/2025\/04\/Design-sans-titre-27.png\",\"contentUrl\":\"https:\/\/nirigs.com\/wp-content\/uploads\/2025\/04\/Design-sans-titre-27.png\",\"width\":500,\"height\":500,\"caption\":\"Nirigs\"},\"image\":{\"@id\":\"https:\/\/nirigs.com\/#\/schema\/logo\/image\/\"}}]}<\/script>\n<!-- \/ Yoast SEO plugin. -->","yoast_head_json":{"title":"Mila - Miel de fleurs - 500 g - NIRIGS","robots":{"index":"index","follow":"follow","max-snippet":"max-snippet:-1","max-image-preview":"max-image-preview:large","max-video-preview":"max-video-preview:-1"},"canonical":"https:\/\/nirigs.com\/ar\/product\/mila-miel-de-fleurs-500-g\/","og_locale":"ar_AR","og_type":"article","og_title":"Mila - Miel de fleurs - 500 g - NIRIGS","og_description":"Le miel de fleurs Mila est un d\u00e9lice naturel, r\u00e9colt\u00e9 \u00e0 partir du nectar de diverses fleurs sauvages. Sa couleur","og_url":"https:\/\/nirigs.com\/ar\/product\/mila-miel-de-fleurs-500-g\/","og_site_name":"NIRIGS","article_modified_time":"2025-03-13T09:17:34+00:00","og_image":[{"width":1000,"height":1000,"url":"https:\/\/nirigs.com\/wp-content\/uploads\/2024\/10\/Mila-Miel-de-fleurs-500-g.jpg","type":"image\/jpeg"}],"twitter_card":"summary_large_image","twitter_misc":{"\u0648\u0642\u062a \u0627\u0644\u0642\u0631\u0627\u0621\u0629 \u0627\u0644\u0645\u064f\u0642\u062f\u0651\u0631":"\u062f\u0642\u064a\u0642\u0629 \u0648\u0627\u062d\u062f\u0629"},"schema":{"@context":"https:\/\/schema.org","@graph":[{"@type":"WebPage","@id":"https:\/\/nirigs.com\/product\/mila-miel-de-fleurs-500-g\/","url":"https:\/\/nirigs.com\/product\/mila-miel-de-fleurs-500-g\/","name":"Mila - Miel de fleurs - 500 g - NIRIGS","isPartOf":{"@id":"https:\/\/nirigs.com\/#website"},"primaryImageOfPage":{"@id":"https:\/\/nirigs.com\/product\/mila-miel-de-fleurs-500-g\/#primaryimage"},"image":{"@id":"https:\/\/nirigs.com\/product\/mila-miel-de-fleurs-500-g\/#primaryimage"},"thumbnailUrl":"https:\/\/nirigs.com\/wp-content\/uploads\/2024\/10\/Mila-Miel-de-fleurs-500-g.jpg","datePublished":"2024-10-06T15:00:12+00:00","dateModified":"2025-03-13T09:17:34+00:00","breadcrumb":{"@id":"https:\/\/nirigs.com\/product\/mila-miel-de-fleurs-500-g\/#breadcrumb"},"inLanguage":"ar","potentialAction":[{"@type":"ReadAction","target":["https:\/\/nirigs.com\/product\/mila-miel-de-fleurs-500-g\/"]}]},{"@type":"ImageObject","inLanguage":"ar","@id":"https:\/\/nirigs.com\/product\/mila-miel-de-fleurs-500-g\/#primaryimage","url":"https:\/\/nirigs.com\/wp-content\/uploads\/2024\/10\/Mila-Miel-de-fleurs-500-g.jpg","contentUrl":"https:\/\/nirigs.com\/wp-content\/uploads\/2024\/10\/Mila-Miel-de-fleurs-500-g.jpg","width":1000,"height":1000},{"@type":"BreadcrumbList","@id":"https:\/\/nirigs.com\/product\/mila-miel-de-fleurs-500-g\/#breadcrumb","itemListElement":[{"@type":"ListItem","position":1,"name":"Home","item":"https:\/\/nirigs.com\/"},{"@type":"ListItem","position":2,"name":"Parcourir","item":"https:\/\/nirigs.com\/boutique\/"},{"@type":"ListItem","position":3,"name":"Mila &#8211; Miel de fleurs &#8211; 500 g"}]},{"@type":"WebSite","@id":"https:\/\/nirigs.com\/#website","url":"https:\/\/nirigs.com\/","name":"Nirigs.com","description":"Simplifiez vos achats du quotidien \u00e0 Djibouti","publisher":{"@id":"https:\/\/nirigs.com\/#organization"},"potentialAction":[{"@type":"SearchAction","target":{"@type":"EntryPoint","urlTemplate":"https:\/\/nirigs.com\/?s={search_term_string}"},"query-input":{"@type":"PropertyValueSpecification","valueRequired":true,"valueName":"search_term_string"}}],"inLanguage":"ar"},{"@type":"Organization","@id":"https:\/\/nirigs.com\/#organization","name":"\u0646\u064a\u0631\u064a\u062c\u0633","url":"https:\/\/nirigs.com\/","logo":{"@type":"ImageObject","inLanguage":"ar","@id":"https:\/\/nirigs.com\/#\/schema\/logo\/image\/","url":"https:\/\/nirigs.com\/wp-content\/uploads\/2025\/04\/Design-sans-titre-27.png","contentUrl":"https:\/\/nirigs.com\/wp-content\/uploads\/2025\/04\/Design-sans-titre-27.png","width":500,"height":500,"caption":"Nirigs"},"image":{"@id":"https:\/\/nirigs.com\/#\/schema\/logo\/image\/"}}]}},"brands":[{"id":1253,"name":"\u0645\u064a\u0644\u0629","slug":"mila"}],"_links":{"self":[{"href":"https:\/\/nirigs.com\/ar\/wp-json\/wp\/v2\/product\/23134","targetHints":{"allow":["GET"]}}],"collection":[{"href":"https:\/\/nirigs.com\/ar\/wp-json\/wp\/v2\/product"}],"about":[{"href":"https:\/\/nirigs.com\/ar\/wp-json\/wp\/v2\/types\/product"}],"replies":[{"embeddable":true,"href":"https:\/\/nirigs.com\/ar\/wp-json\/wp\/v2\/comments?post=23134"}],"version-history":[{"count":3,"href":"https:\/\/nirigs.com\/ar\/wp-json\/wp\/v2\/product\/23134\/revisions"}],"predecessor-version":[{"id":26875,"href":"https:\/\/nirigs.com\/ar\/wp-json\/wp\/v2\/product\/23134\/revisions\/26875"}],"wp:featuredmedia":[{"embeddable":true,"href":"https:\/\/nirigs.com\/ar\/wp-json\/wp\/v2\/media\/26248"}],"wp:attachment":[{"href":"https:\/\/nirigs.com\/ar\/wp-json\/wp\/v2\/media?parent=23134"}],"wp:term":[{"taxonomy":"pwb-brand","embeddable":true,"href":"https:\/\/nirigs.com\/ar\/wp-json\/wp\/v2\/pwb-brand?post=23134"},{"taxonomy":"product_brand","embeddable":true,"href":"https:\/\/nirigs.com\/ar\/wp-json\/wp\/v2\/product_brand?post=23134"},{"taxonomy":"product_cat","embeddable":true,"href":"https:\/\/nirigs.com\/ar\/wp-json\/wp\/v2\/product_cat?post=23134"},{"taxonomy":"product_tag","embeddable":true,"href":"https:\/\/nirigs.com\/ar\/wp-json\/wp\/v2\/product_tag?post=23134"}],"curies":[{"name":"wp","href":"https:\/\/api.w.org\/{rel}","templated":true}]}}