{"id":23131,"date":"2024-10-06T18:00:11","date_gmt":"2024-10-06T15:00:11","guid":{"rendered":"https:\/\/nirigs.com\/produit\/le-supreme-confiture-fraise-370-g\/"},"modified":"2025-03-13T12:18:09","modified_gmt":"2025-03-13T09:18:09","slug":"le-supreme-confiture-fraise-370-g","status":"publish","type":"product","link":"https:\/\/nirigs.com\/ar\/product\/le-supreme-confiture-fraise-370-g\/","title":{"rendered":"\u0644\u0648 \u0633\u0648\u0628\u0631\u064a\u0645 \u2013 \u0645\u0631\u0628\u0649 \u0627\u0644\u0641\u0631\u0627\u0648\u0644\u0629 \u2013 370 \u062c\u0645"},"content":{"rendered":"<p>D\u00e9couvrez la d\u00e9licieuse confiture de fraise Le Supreme, un m\u00e9lange parfait de fraises m\u00fbries au soleil, cuisin\u00e9es avec soin pour capturer toute la douceur et le go\u00fbt authentique des fruits. Cette confiture est id\u00e9ale pour vos petits-d\u00e9jeuners, vos go\u00fbters ou comme garniture pour vos desserts.<\/p>\n<h4>\u0645\u0643\u0648\u0646\u0627\u062a :<\/h4>\n<p>Fraises (70%), sucre, jus de citron, pectine.<\/p>\n<h4>\u0641\u0648\u0627\u0626\u062f :<\/h4>\n<ul>\n<li>Saveur authentique : R\u00e9alis\u00e9e avec des fraises de qualit\u00e9 sup\u00e9rieure pour un go\u00fbt riche et naturel.<\/li>\n<li>Polyvalente : Parfaite pour les tartines, les cr\u00eapes, les yaourts ou en garniture de g\u00e2teaux.<\/li>\n<li>Sans conservateurs : Fabriqu\u00e9e sans additifs ni conservateurs artificiels.<\/li>\n<li>Source de vitamines : Riche en vitamines C et en antioxydants, bonne pour la sant\u00e9.<\/li>\n<\/ul>\n<h4>\u062a\u0639\u0644\u064a\u0645\u0627\u062a :<\/h4>\n<ol>\n<li>\u00c9talez la confiture sur du pain, des cr\u00eapes ou des biscuits.<\/li>\n<li>Utilisez comme garniture pour des desserts, comme des g\u00e2teaux ou des tartes.<\/li>\n<li>Servez avec du fromage frais pour un m\u00e9lange sucr\u00e9-sal\u00e9 d\u00e9licieux.<\/li>\n<\/ol>\n<h4>\u0627\u062d\u062a\u064a\u0627\u0637\u0627\u062a:<\/h4>\n<ul>\n<li>Conservez dans un endroit frais et sec. Apr\u00e8s ouverture, r\u00e9frig\u00e9rez et consommez dans les 3 semaines.<\/li>\n<li>V\u00e9rifiez les ingr\u00e9dients pour toute allergie potentielle.<\/li>\n<li>Ne pas d\u00e9passer la portion recommand\u00e9e.<\/li>\n<\/ul>","protected":false},"excerpt":{"rendered":"<p>D\u00e9couvrez la d\u00e9licieuse confiture de fraise Le Supreme, un m\u00e9lange parfait de fraises m\u00fbries au soleil, cuisin\u00e9es avec soin pour<\/p>","protected":false},"featured_media":26257,"comment_status":"open","ping_status":"closed","template":"","meta":[],"pwb-brand":[1255],"product_brand":[],"product_cat":[944,275,947],"product_tag":[],"class_list":{"0":"post-23131","1":"product","2":"type-product","3":"status-publish","4":"has-post-thumbnail","6":"pwb-brand-le-supreme","7":"product_cat-confiture-miel-et-pate-a-tartiner","8":"product_cat-epicerie","9":"product_cat-tartinables-de-fruit","11":"first","12":"instock","13":"shipping-taxable","14":"purchasable","15":"product-type-simple"},"yoast_head":"<!-- This site is optimized with the Yoast SEO plugin v27.4 - https:\/\/yoast.com\/product\/yoast-seo-wordpress\/ -->\n<title>Le Supreme - Confiture fraise - 370 g - NIRIGS<\/title>\n<meta name=\"robots\" content=\"index, follow, max-snippet:-1, max-image-preview:large, max-video-preview:-1\" \/>\n<link rel=\"canonical\" href=\"https:\/\/nirigs.com\/ar\/product\/le-supreme-confiture-fraise-370-g\/\" \/>\n<meta property=\"og:locale\" content=\"ar_AR\" \/>\n<meta property=\"og:type\" content=\"article\" \/>\n<meta property=\"og:title\" content=\"Le Supreme - Confiture fraise - 370 g - NIRIGS\" \/>\n<meta property=\"og:description\" content=\"D\u00e9couvrez la d\u00e9licieuse confiture de fraise Le Supreme, un m\u00e9lange parfait de fraises m\u00fbries au soleil, cuisin\u00e9es avec soin pour\" \/>\n<meta property=\"og:url\" content=\"https:\/\/nirigs.com\/ar\/product\/le-supreme-confiture-fraise-370-g\/\" \/>\n<meta property=\"og:site_name\" content=\"NIRIGS\" \/>\n<meta property=\"article:modified_time\" content=\"2025-03-13T09:18:09+00:00\" \/>\n<meta property=\"og:image\" content=\"https:\/\/nirigs.com\/wp-content\/uploads\/2024\/10\/Le-Supreme-Confiture-fraise-370-g.jpg\" \/>\n\t<meta property=\"og:image:width\" content=\"1000\" \/>\n\t<meta property=\"og:image:height\" content=\"1000\" \/>\n\t<meta property=\"og:image:type\" content=\"image\/jpeg\" \/>\n<meta name=\"twitter:card\" content=\"summary_large_image\" \/>\n<meta name=\"twitter:label1\" content=\"\u0648\u0642\u062a \u0627\u0644\u0642\u0631\u0627\u0621\u0629 \u0627\u0644\u0645\u064f\u0642\u062f\u0651\u0631\" \/>\n\t<meta name=\"twitter:data1\" content=\"\u062f\u0642\u064a\u0642\u0629 \u0648\u0627\u062d\u062f\u0629\" \/>\n<script type=\"application\/ld+json\" class=\"yoast-schema-graph\">{\"@context\":\"https:\\\/\\\/schema.org\",\"@graph\":[{\"@type\":\"WebPage\",\"@id\":\"https:\\\/\\\/nirigs.com\\\/product\\\/le-supreme-confiture-fraise-370-g\\\/\",\"url\":\"https:\\\/\\\/nirigs.com\\\/product\\\/le-supreme-confiture-fraise-370-g\\\/\",\"name\":\"Le Supreme - Confiture fraise - 370 g - NIRIGS\",\"isPartOf\":{\"@id\":\"https:\\\/\\\/nirigs.com\\\/#website\"},\"primaryImageOfPage\":{\"@id\":\"https:\\\/\\\/nirigs.com\\\/product\\\/le-supreme-confiture-fraise-370-g\\\/#primaryimage\"},\"image\":{\"@id\":\"https:\\\/\\\/nirigs.com\\\/product\\\/le-supreme-confiture-fraise-370-g\\\/#primaryimage\"},\"thumbnailUrl\":\"https:\\\/\\\/nirigs.com\\\/wp-content\\\/uploads\\\/2024\\\/10\\\/Le-Supreme-Confiture-fraise-370-g.jpg\",\"datePublished\":\"2024-10-06T15:00:11+00:00\",\"dateModified\":\"2025-03-13T09:18:09+00:00\",\"breadcrumb\":{\"@id\":\"https:\\\/\\\/nirigs.com\\\/product\\\/le-supreme-confiture-fraise-370-g\\\/#breadcrumb\"},\"inLanguage\":\"ar\",\"potentialAction\":[{\"@type\":\"ReadAction\",\"target\":[\"https:\\\/\\\/nirigs.com\\\/product\\\/le-supreme-confiture-fraise-370-g\\\/\"]}]},{\"@type\":\"ImageObject\",\"inLanguage\":\"ar\",\"@id\":\"https:\\\/\\\/nirigs.com\\\/product\\\/le-supreme-confiture-fraise-370-g\\\/#primaryimage\",\"url\":\"https:\\\/\\\/nirigs.com\\\/wp-content\\\/uploads\\\/2024\\\/10\\\/Le-Supreme-Confiture-fraise-370-g.jpg\",\"contentUrl\":\"https:\\\/\\\/nirigs.com\\\/wp-content\\\/uploads\\\/2024\\\/10\\\/Le-Supreme-Confiture-fraise-370-g.jpg\",\"width\":1000,\"height\":1000},{\"@type\":\"BreadcrumbList\",\"@id\":\"https:\\\/\\\/nirigs.com\\\/product\\\/le-supreme-confiture-fraise-370-g\\\/#breadcrumb\",\"itemListElement\":[{\"@type\":\"ListItem\",\"position\":1,\"name\":\"Home\",\"item\":\"https:\\\/\\\/nirigs.com\\\/\"},{\"@type\":\"ListItem\",\"position\":2,\"name\":\"Parcourir\",\"item\":\"https:\\\/\\\/nirigs.com\\\/boutique\\\/\"},{\"@type\":\"ListItem\",\"position\":3,\"name\":\"Le Supreme &#8211; Confiture fraise &#8211; 370 g\"}]},{\"@type\":\"WebSite\",\"@id\":\"https:\\\/\\\/nirigs.com\\\/#website\",\"url\":\"https:\\\/\\\/nirigs.com\\\/\",\"name\":\"Nirigs.com\",\"description\":\"Simplifiez vos achats du quotidien \u00e0 Djibouti\",\"publisher\":{\"@id\":\"https:\\\/\\\/nirigs.com\\\/#organization\"},\"potentialAction\":[{\"@type\":\"SearchAction\",\"target\":{\"@type\":\"EntryPoint\",\"urlTemplate\":\"https:\\\/\\\/nirigs.com\\\/?s={search_term_string}\"},\"query-input\":{\"@type\":\"PropertyValueSpecification\",\"valueRequired\":true,\"valueName\":\"search_term_string\"}}],\"inLanguage\":\"ar\"},{\"@type\":\"Organization\",\"@id\":\"https:\\\/\\\/nirigs.com\\\/#organization\",\"name\":\"Nirigs\",\"url\":\"https:\\\/\\\/nirigs.com\\\/\",\"logo\":{\"@type\":\"ImageObject\",\"inLanguage\":\"ar\",\"@id\":\"https:\\\/\\\/nirigs.com\\\/#\\\/schema\\\/logo\\\/image\\\/\",\"url\":\"https:\\\/\\\/nirigs.com\\\/wp-content\\\/uploads\\\/2025\\\/04\\\/Design-sans-titre-27.png\",\"contentUrl\":\"https:\\\/\\\/nirigs.com\\\/wp-content\\\/uploads\\\/2025\\\/04\\\/Design-sans-titre-27.png\",\"width\":500,\"height\":500,\"caption\":\"Nirigs\"},\"image\":{\"@id\":\"https:\\\/\\\/nirigs.com\\\/#\\\/schema\\\/logo\\\/image\\\/\"}}]}<\/script>\n<!-- \/ Yoast SEO plugin. -->","yoast_head_json":{"title":"Le Supreme - Confiture fraise - 370 g - NIRIGS","robots":{"index":"index","follow":"follow","max-snippet":"max-snippet:-1","max-image-preview":"max-image-preview:large","max-video-preview":"max-video-preview:-1"},"canonical":"https:\/\/nirigs.com\/ar\/product\/le-supreme-confiture-fraise-370-g\/","og_locale":"ar_AR","og_type":"article","og_title":"Le Supreme - Confiture fraise - 370 g - NIRIGS","og_description":"D\u00e9couvrez la d\u00e9licieuse confiture de fraise Le Supreme, un m\u00e9lange parfait de fraises m\u00fbries au soleil, cuisin\u00e9es avec soin pour","og_url":"https:\/\/nirigs.com\/ar\/product\/le-supreme-confiture-fraise-370-g\/","og_site_name":"NIRIGS","article_modified_time":"2025-03-13T09:18:09+00:00","og_image":[{"width":1000,"height":1000,"url":"https:\/\/nirigs.com\/wp-content\/uploads\/2024\/10\/Le-Supreme-Confiture-fraise-370-g.jpg","type":"image\/jpeg"}],"twitter_card":"summary_large_image","twitter_misc":{"\u0648\u0642\u062a \u0627\u0644\u0642\u0631\u0627\u0621\u0629 \u0627\u0644\u0645\u064f\u0642\u062f\u0651\u0631":"\u062f\u0642\u064a\u0642\u0629 \u0648\u0627\u062d\u062f\u0629"},"schema":{"@context":"https:\/\/schema.org","@graph":[{"@type":"WebPage","@id":"https:\/\/nirigs.com\/product\/le-supreme-confiture-fraise-370-g\/","url":"https:\/\/nirigs.com\/product\/le-supreme-confiture-fraise-370-g\/","name":"Le Supreme - Confiture fraise - 370 g - NIRIGS","isPartOf":{"@id":"https:\/\/nirigs.com\/#website"},"primaryImageOfPage":{"@id":"https:\/\/nirigs.com\/product\/le-supreme-confiture-fraise-370-g\/#primaryimage"},"image":{"@id":"https:\/\/nirigs.com\/product\/le-supreme-confiture-fraise-370-g\/#primaryimage"},"thumbnailUrl":"https:\/\/nirigs.com\/wp-content\/uploads\/2024\/10\/Le-Supreme-Confiture-fraise-370-g.jpg","datePublished":"2024-10-06T15:00:11+00:00","dateModified":"2025-03-13T09:18:09+00:00","breadcrumb":{"@id":"https:\/\/nirigs.com\/product\/le-supreme-confiture-fraise-370-g\/#breadcrumb"},"inLanguage":"ar","potentialAction":[{"@type":"ReadAction","target":["https:\/\/nirigs.com\/product\/le-supreme-confiture-fraise-370-g\/"]}]},{"@type":"ImageObject","inLanguage":"ar","@id":"https:\/\/nirigs.com\/product\/le-supreme-confiture-fraise-370-g\/#primaryimage","url":"https:\/\/nirigs.com\/wp-content\/uploads\/2024\/10\/Le-Supreme-Confiture-fraise-370-g.jpg","contentUrl":"https:\/\/nirigs.com\/wp-content\/uploads\/2024\/10\/Le-Supreme-Confiture-fraise-370-g.jpg","width":1000,"height":1000},{"@type":"BreadcrumbList","@id":"https:\/\/nirigs.com\/product\/le-supreme-confiture-fraise-370-g\/#breadcrumb","itemListElement":[{"@type":"ListItem","position":1,"name":"Home","item":"https:\/\/nirigs.com\/"},{"@type":"ListItem","position":2,"name":"Parcourir","item":"https:\/\/nirigs.com\/boutique\/"},{"@type":"ListItem","position":3,"name":"Le Supreme &#8211; Confiture fraise &#8211; 370 g"}]},{"@type":"WebSite","@id":"https:\/\/nirigs.com\/#website","url":"https:\/\/nirigs.com\/","name":"Nirigs.com","description":"Simplifiez vos achats du quotidien \u00e0 Djibouti","publisher":{"@id":"https:\/\/nirigs.com\/#organization"},"potentialAction":[{"@type":"SearchAction","target":{"@type":"EntryPoint","urlTemplate":"https:\/\/nirigs.com\/?s={search_term_string}"},"query-input":{"@type":"PropertyValueSpecification","valueRequired":true,"valueName":"search_term_string"}}],"inLanguage":"ar"},{"@type":"Organization","@id":"https:\/\/nirigs.com\/#organization","name":"\u0646\u064a\u0631\u064a\u062c\u0633","url":"https:\/\/nirigs.com\/","logo":{"@type":"ImageObject","inLanguage":"ar","@id":"https:\/\/nirigs.com\/#\/schema\/logo\/image\/","url":"https:\/\/nirigs.com\/wp-content\/uploads\/2025\/04\/Design-sans-titre-27.png","contentUrl":"https:\/\/nirigs.com\/wp-content\/uploads\/2025\/04\/Design-sans-titre-27.png","width":500,"height":500,"caption":"Nirigs"},"image":{"@id":"https:\/\/nirigs.com\/#\/schema\/logo\/image\/"}}]}},"brands":[{"id":1255,"name":"Le Supreme","slug":"le-supreme"}],"_links":{"self":[{"href":"https:\/\/nirigs.com\/ar\/wp-json\/wp\/v2\/product\/23131","targetHints":{"allow":["GET"]}}],"collection":[{"href":"https:\/\/nirigs.com\/ar\/wp-json\/wp\/v2\/product"}],"about":[{"href":"https:\/\/nirigs.com\/ar\/wp-json\/wp\/v2\/types\/product"}],"replies":[{"embeddable":true,"href":"https:\/\/nirigs.com\/ar\/wp-json\/wp\/v2\/comments?post=23131"}],"version-history":[{"count":2,"href":"https:\/\/nirigs.com\/ar\/wp-json\/wp\/v2\/product\/23131\/revisions"}],"predecessor-version":[{"id":26258,"href":"https:\/\/nirigs.com\/ar\/wp-json\/wp\/v2\/product\/23131\/revisions\/26258"}],"wp:featuredmedia":[{"embeddable":true,"href":"https:\/\/nirigs.com\/ar\/wp-json\/wp\/v2\/media\/26257"}],"wp:attachment":[{"href":"https:\/\/nirigs.com\/ar\/wp-json\/wp\/v2\/media?parent=23131"}],"wp:term":[{"taxonomy":"pwb-brand","embeddable":true,"href":"https:\/\/nirigs.com\/ar\/wp-json\/wp\/v2\/pwb-brand?post=23131"},{"taxonomy":"product_brand","embeddable":true,"href":"https:\/\/nirigs.com\/ar\/wp-json\/wp\/v2\/product_brand?post=23131"},{"taxonomy":"product_cat","embeddable":true,"href":"https:\/\/nirigs.com\/ar\/wp-json\/wp\/v2\/product_cat?post=23131"},{"taxonomy":"product_tag","embeddable":true,"href":"https:\/\/nirigs.com\/ar\/wp-json\/wp\/v2\/product_tag?post=23131"}],"curies":[{"name":"wp","href":"https:\/\/api.w.org\/{rel}","templated":true}]}}