{"id":23129,"date":"2024-10-06T18:00:10","date_gmt":"2024-10-06T15:00:10","guid":{"rendered":"https:\/\/nirigs.com\/produit\/casino-preparation-instantane-pour-cappucino-nature-17-tasses-250-g\/"},"modified":"2025-03-13T12:18:55","modified_gmt":"2025-03-13T09:18:55","slug":"casino-preparation-instantane-pour-cappucino-nature-17-tasses-250-g","status":"publish","type":"product","link":"https:\/\/nirigs.com\/ar\/product\/casino-preparation-instantane-pour-cappucino-nature-17-tasses-250-g\/","title":{"rendered":"\u0643\u0627\u0632\u064a\u0646\u0648 \u2013 \u062a\u062d\u0636\u064a\u0631 \u0641\u0648\u0631\u064a \u0644\u0644\u0643\u0627\u0628\u062a\u0634\u064a\u0646\u0648 \u0627\u0644\u0637\u0628\u064a\u0639\u064a 17 \u0643\u0648\u0628 \u2013 250 \u062c\u0631\u0627\u0645"},"content":{"rendered":"<p>Cette pr\u00e9paration instantan\u00e9e pour cappuccino de la marque Casino vous permet de savourer un cappuccino onctueux en quelques instants. Son format pratique de 250 g permet de r\u00e9aliser jusqu&rsquo;\u00e0 17 tasses. Avec une texture cr\u00e9meuse et un go\u00fbt \u00e9quilibr\u00e9, ce cappuccino nature est id\u00e9al pour une pause-caf\u00e9 gourmande, que ce soit chez vous ou au bureau.<\/p>\n<h4>\u0645\u0643\u0648\u0646\u0627\u062a :<\/h4>\n<p>Sucre, lactose, cr\u00e8me en poudre, sirop de glucose, caf\u00e9 soluble (14%), stabilisant : Diphosphates, antiagglom\u00e9rant : Dioxyde de silicium, ar\u00f4me naturel.<\/p>\n<h4>\u0641\u0648\u0627\u0626\u062f :<\/h4>\n<ul>\n<li>Rapide et facile \u00e0 pr\u00e9parer, pas besoin de machine \u00e0 caf\u00e9.<\/li>\n<li>Saveur douce et cr\u00e9meuse pour un cappuccino authentique.<\/li>\n<li>Pratique pour une utilisation \u00e0 la maison ou au travail.<\/li>\n<li>Permet de pr\u00e9parer jusqu&rsquo;\u00e0 17 tasses avec un seul paquet.<\/li>\n<li>Id\u00e9al pour une pause-caf\u00e9 ou pour accompagner des p\u00e2tisseries.<\/li>\n<\/ul>\n<h4>\u062a\u0639\u0644\u064a\u0645\u0627\u062a :<\/h4>\n<ol>\n<li>Verser 2 \u00e0 3 cuill\u00e8res \u00e0 caf\u00e9 de la pr\u00e9paration dans une tasse.<\/li>\n<li>Ajouter 150 ml d&rsquo;eau chaude (non bouillante).<\/li>\n<li>Remuer jusqu&rsquo;\u00e0 dissolution compl\u00e8te.<\/li>\n<li>D\u00e9guster imm\u00e9diatement. Vous pouvez ajouter du sucre selon vos go\u00fbts ou saupoudrer un peu de cacao pour une touche gourmande.<\/li>\n<\/ol>\n<h4>\u0627\u062d\u062a\u064a\u0627\u0637\u0627\u062a:<\/h4>\n<ul>\n<li>Conserver dans un endroit frais et sec.<\/li>\n<li>Bien refermer le sachet apr\u00e8s chaque utilisation pour pr\u00e9server la fra\u00eecheur.<\/li>\n<li>Contient du lait et du lactose, ne convient pas aux personnes allergiques ou intol\u00e9rantes au lactose.<\/li>\n<li>Ne pas utiliser d&rsquo;eau bouillante pour pr\u00e9server la saveur et la texture cr\u00e9meuse.<\/li>\n<\/ul>","protected":false},"excerpt":{"rendered":"<p>Cette pr\u00e9paration instantan\u00e9e pour cappuccino de la marque Casino vous permet de savourer un cappuccino onctueux en quelques instants. Son<\/p>","protected":false},"featured_media":26264,"comment_status":"open","ping_status":"closed","template":"","meta":[],"pwb-brand":[843],"product_brand":[],"product_cat":[940,1249,929,275],"product_tag":[],"class_list":{"0":"post-23129","1":"product","2":"type-product","3":"status-publish","4":"has-post-thumbnail","6":"pwb-brand-casino","7":"product_cat-cafe","8":"product_cat-cafe-moulu","9":"product_cat-cafe-the-et-boissons","10":"product_cat-epicerie","12":"first","13":"instock","14":"shipping-taxable","15":"purchasable","16":"product-type-simple"},"yoast_head":"<!-- This site is optimized with the Yoast SEO plugin v27.1.1 - https:\/\/yoast.com\/product\/yoast-seo-wordpress\/ -->\n<title>Casino - Pr\u00e9paration instantan\u00e9 pour cappucino nature 17 tasses - 250 g - NIRIGS<\/title>\n<meta name=\"robots\" content=\"index, follow, max-snippet:-1, max-image-preview:large, max-video-preview:-1\" \/>\n<link rel=\"canonical\" href=\"https:\/\/nirigs.com\/ar\/product\/casino-preparation-instantane-pour-cappucino-nature-17-tasses-250-g\/\" \/>\n<meta property=\"og:locale\" content=\"ar_AR\" \/>\n<meta property=\"og:type\" content=\"article\" \/>\n<meta property=\"og:title\" content=\"Casino - Pr\u00e9paration instantan\u00e9 pour cappucino nature 17 tasses - 250 g - NIRIGS\" \/>\n<meta property=\"og:description\" content=\"Cette pr\u00e9paration instantan\u00e9e pour cappuccino de la marque Casino vous permet de savourer un cappuccino onctueux en quelques instants. Son\" \/>\n<meta property=\"og:url\" content=\"https:\/\/nirigs.com\/ar\/product\/casino-preparation-instantane-pour-cappucino-nature-17-tasses-250-g\/\" \/>\n<meta property=\"og:site_name\" content=\"NIRIGS\" \/>\n<meta property=\"article:modified_time\" content=\"2025-03-13T09:18:55+00:00\" \/>\n<meta property=\"og:image\" content=\"https:\/\/nirigs.com\/wp-content\/uploads\/2024\/10\/Casino-Preparation-instantane-pour-cappucino-nature-17-tasses-250-g.jpg\" \/>\n\t<meta property=\"og:image:width\" content=\"1000\" \/>\n\t<meta property=\"og:image:height\" content=\"1000\" \/>\n\t<meta property=\"og:image:type\" content=\"image\/jpeg\" \/>\n<meta name=\"twitter:card\" content=\"summary_large_image\" \/>\n<meta name=\"twitter:label1\" content=\"\u0648\u0642\u062a \u0627\u0644\u0642\u0631\u0627\u0621\u0629 \u0627\u0644\u0645\u064f\u0642\u062f\u0651\u0631\" \/>\n\t<meta name=\"twitter:data1\" content=\"\u062f\u0642\u064a\u0642\u0629 \u0648\u0627\u062d\u062f\u0629\" \/>\n<script type=\"application\/ld+json\" class=\"yoast-schema-graph\">{\"@context\":\"https:\/\/schema.org\",\"@graph\":[{\"@type\":\"WebPage\",\"@id\":\"https:\/\/nirigs.com\/en\/product\/casino-preparation-instantane-pour-cappucino-nature-17-tasses-250-g\/\",\"url\":\"https:\/\/nirigs.com\/en\/product\/casino-preparation-instantane-pour-cappucino-nature-17-tasses-250-g\/\",\"name\":\"Casino - Pr\u00e9paration instantan\u00e9 pour cappucino nature 17 tasses - 250 g - NIRIGS\",\"isPartOf\":{\"@id\":\"https:\/\/nirigs.com\/#website\"},\"primaryImageOfPage\":{\"@id\":\"https:\/\/nirigs.com\/en\/product\/casino-preparation-instantane-pour-cappucino-nature-17-tasses-250-g\/#primaryimage\"},\"image\":{\"@id\":\"https:\/\/nirigs.com\/en\/product\/casino-preparation-instantane-pour-cappucino-nature-17-tasses-250-g\/#primaryimage\"},\"thumbnailUrl\":\"https:\/\/nirigs.com\/wp-content\/uploads\/2024\/10\/Casino-Preparation-instantane-pour-cappucino-nature-17-tasses-250-g.jpg\",\"datePublished\":\"2024-10-06T15:00:10+00:00\",\"dateModified\":\"2025-03-13T09:18:55+00:00\",\"breadcrumb\":{\"@id\":\"https:\/\/nirigs.com\/en\/product\/casino-preparation-instantane-pour-cappucino-nature-17-tasses-250-g\/#breadcrumb\"},\"inLanguage\":\"ar\",\"potentialAction\":[{\"@type\":\"ReadAction\",\"target\":[\"https:\/\/nirigs.com\/en\/product\/casino-preparation-instantane-pour-cappucino-nature-17-tasses-250-g\/\"]}]},{\"@type\":\"ImageObject\",\"inLanguage\":\"ar\",\"@id\":\"https:\/\/nirigs.com\/en\/product\/casino-preparation-instantane-pour-cappucino-nature-17-tasses-250-g\/#primaryimage\",\"url\":\"https:\/\/nirigs.com\/wp-content\/uploads\/2024\/10\/Casino-Preparation-instantane-pour-cappucino-nature-17-tasses-250-g.jpg\",\"contentUrl\":\"https:\/\/nirigs.com\/wp-content\/uploads\/2024\/10\/Casino-Preparation-instantane-pour-cappucino-nature-17-tasses-250-g.jpg\",\"width\":1000,\"height\":1000},{\"@type\":\"BreadcrumbList\",\"@id\":\"https:\/\/nirigs.com\/en\/product\/casino-preparation-instantane-pour-cappucino-nature-17-tasses-250-g\/#breadcrumb\",\"itemListElement\":[{\"@type\":\"ListItem\",\"position\":1,\"name\":\"Home\",\"item\":\"https:\/\/nirigs.com\/\"},{\"@type\":\"ListItem\",\"position\":2,\"name\":\"Parcourir\",\"item\":\"https:\/\/nirigs.com\/boutique\/\"},{\"@type\":\"ListItem\",\"position\":3,\"name\":\"Casino &#8211; Pr\u00e9paration instantan\u00e9 pour cappucino nature 17 tasses &#8211; 250 g\"}]},{\"@type\":\"WebSite\",\"@id\":\"https:\/\/nirigs.com\/#website\",\"url\":\"https:\/\/nirigs.com\/\",\"name\":\"Nirigs.com\",\"description\":\"Simplifiez vos achats du quotidien \u00e0 Djibouti\",\"publisher\":{\"@id\":\"https:\/\/nirigs.com\/#organization\"},\"potentialAction\":[{\"@type\":\"SearchAction\",\"target\":{\"@type\":\"EntryPoint\",\"urlTemplate\":\"https:\/\/nirigs.com\/?s={search_term_string}\"},\"query-input\":{\"@type\":\"PropertyValueSpecification\",\"valueRequired\":true,\"valueName\":\"search_term_string\"}}],\"inLanguage\":\"ar\"},{\"@type\":\"Organization\",\"@id\":\"https:\/\/nirigs.com\/#organization\",\"name\":\"Nirigs\",\"url\":\"https:\/\/nirigs.com\/\",\"logo\":{\"@type\":\"ImageObject\",\"inLanguage\":\"ar\",\"@id\":\"https:\/\/nirigs.com\/#\/schema\/logo\/image\/\",\"url\":\"https:\/\/nirigs.com\/wp-content\/uploads\/2025\/04\/Design-sans-titre-27.png\",\"contentUrl\":\"https:\/\/nirigs.com\/wp-content\/uploads\/2025\/04\/Design-sans-titre-27.png\",\"width\":500,\"height\":500,\"caption\":\"Nirigs\"},\"image\":{\"@id\":\"https:\/\/nirigs.com\/#\/schema\/logo\/image\/\"}}]}<\/script>\n<!-- \/ Yoast SEO plugin. -->","yoast_head_json":{"title":"Casino - Pr\u00e9paration instantan\u00e9 pour cappucino nature 17 tasses - 250 g - NIRIGS","robots":{"index":"index","follow":"follow","max-snippet":"max-snippet:-1","max-image-preview":"max-image-preview:large","max-video-preview":"max-video-preview:-1"},"canonical":"https:\/\/nirigs.com\/ar\/product\/casino-preparation-instantane-pour-cappucino-nature-17-tasses-250-g\/","og_locale":"ar_AR","og_type":"article","og_title":"Casino - Pr\u00e9paration instantan\u00e9 pour cappucino nature 17 tasses - 250 g - NIRIGS","og_description":"Cette pr\u00e9paration instantan\u00e9e pour cappuccino de la marque Casino vous permet de savourer un cappuccino onctueux en quelques instants. Son","og_url":"https:\/\/nirigs.com\/ar\/product\/casino-preparation-instantane-pour-cappucino-nature-17-tasses-250-g\/","og_site_name":"NIRIGS","article_modified_time":"2025-03-13T09:18:55+00:00","og_image":[{"width":1000,"height":1000,"url":"https:\/\/nirigs.com\/wp-content\/uploads\/2024\/10\/Casino-Preparation-instantane-pour-cappucino-nature-17-tasses-250-g.jpg","type":"image\/jpeg"}],"twitter_card":"summary_large_image","twitter_misc":{"\u0648\u0642\u062a \u0627\u0644\u0642\u0631\u0627\u0621\u0629 \u0627\u0644\u0645\u064f\u0642\u062f\u0651\u0631":"\u062f\u0642\u064a\u0642\u0629 \u0648\u0627\u062d\u062f\u0629"},"schema":{"@context":"https:\/\/schema.org","@graph":[{"@type":"WebPage","@id":"https:\/\/nirigs.com\/en\/product\/casino-preparation-instantane-pour-cappucino-nature-17-tasses-250-g\/","url":"https:\/\/nirigs.com\/en\/product\/casino-preparation-instantane-pour-cappucino-nature-17-tasses-250-g\/","name":"Casino - Pr\u00e9paration instantan\u00e9 pour cappucino nature 17 tasses - 250 g - NIRIGS","isPartOf":{"@id":"https:\/\/nirigs.com\/#website"},"primaryImageOfPage":{"@id":"https:\/\/nirigs.com\/en\/product\/casino-preparation-instantane-pour-cappucino-nature-17-tasses-250-g\/#primaryimage"},"image":{"@id":"https:\/\/nirigs.com\/en\/product\/casino-preparation-instantane-pour-cappucino-nature-17-tasses-250-g\/#primaryimage"},"thumbnailUrl":"https:\/\/nirigs.com\/wp-content\/uploads\/2024\/10\/Casino-Preparation-instantane-pour-cappucino-nature-17-tasses-250-g.jpg","datePublished":"2024-10-06T15:00:10+00:00","dateModified":"2025-03-13T09:18:55+00:00","breadcrumb":{"@id":"https:\/\/nirigs.com\/en\/product\/casino-preparation-instantane-pour-cappucino-nature-17-tasses-250-g\/#breadcrumb"},"inLanguage":"ar","potentialAction":[{"@type":"ReadAction","target":["https:\/\/nirigs.com\/en\/product\/casino-preparation-instantane-pour-cappucino-nature-17-tasses-250-g\/"]}]},{"@type":"ImageObject","inLanguage":"ar","@id":"https:\/\/nirigs.com\/en\/product\/casino-preparation-instantane-pour-cappucino-nature-17-tasses-250-g\/#primaryimage","url":"https:\/\/nirigs.com\/wp-content\/uploads\/2024\/10\/Casino-Preparation-instantane-pour-cappucino-nature-17-tasses-250-g.jpg","contentUrl":"https:\/\/nirigs.com\/wp-content\/uploads\/2024\/10\/Casino-Preparation-instantane-pour-cappucino-nature-17-tasses-250-g.jpg","width":1000,"height":1000},{"@type":"BreadcrumbList","@id":"https:\/\/nirigs.com\/en\/product\/casino-preparation-instantane-pour-cappucino-nature-17-tasses-250-g\/#breadcrumb","itemListElement":[{"@type":"ListItem","position":1,"name":"Home","item":"https:\/\/nirigs.com\/"},{"@type":"ListItem","position":2,"name":"Parcourir","item":"https:\/\/nirigs.com\/boutique\/"},{"@type":"ListItem","position":3,"name":"Casino &#8211; Pr\u00e9paration instantan\u00e9 pour cappucino nature 17 tasses &#8211; 250 g"}]},{"@type":"WebSite","@id":"https:\/\/nirigs.com\/#website","url":"https:\/\/nirigs.com\/","name":"Nirigs.com","description":"Simplifiez vos achats du quotidien \u00e0 Djibouti","publisher":{"@id":"https:\/\/nirigs.com\/#organization"},"potentialAction":[{"@type":"SearchAction","target":{"@type":"EntryPoint","urlTemplate":"https:\/\/nirigs.com\/?s={search_term_string}"},"query-input":{"@type":"PropertyValueSpecification","valueRequired":true,"valueName":"search_term_string"}}],"inLanguage":"ar"},{"@type":"Organization","@id":"https:\/\/nirigs.com\/#organization","name":"\u0646\u064a\u0631\u064a\u062c\u0633","url":"https:\/\/nirigs.com\/","logo":{"@type":"ImageObject","inLanguage":"ar","@id":"https:\/\/nirigs.com\/#\/schema\/logo\/image\/","url":"https:\/\/nirigs.com\/wp-content\/uploads\/2025\/04\/Design-sans-titre-27.png","contentUrl":"https:\/\/nirigs.com\/wp-content\/uploads\/2025\/04\/Design-sans-titre-27.png","width":500,"height":500,"caption":"Nirigs"},"image":{"@id":"https:\/\/nirigs.com\/#\/schema\/logo\/image\/"}}]}},"brands":[{"id":843,"name":"\u0643\u0627\u0632\u064a\u0646\u0648","slug":"casino"}],"_links":{"self":[{"href":"https:\/\/nirigs.com\/ar\/wp-json\/wp\/v2\/product\/23129","targetHints":{"allow":["GET"]}}],"collection":[{"href":"https:\/\/nirigs.com\/ar\/wp-json\/wp\/v2\/product"}],"about":[{"href":"https:\/\/nirigs.com\/ar\/wp-json\/wp\/v2\/types\/product"}],"replies":[{"embeddable":true,"href":"https:\/\/nirigs.com\/ar\/wp-json\/wp\/v2\/comments?post=23129"}],"version-history":[{"count":2,"href":"https:\/\/nirigs.com\/ar\/wp-json\/wp\/v2\/product\/23129\/revisions"}],"predecessor-version":[{"id":26265,"href":"https:\/\/nirigs.com\/ar\/wp-json\/wp\/v2\/product\/23129\/revisions\/26265"}],"wp:featuredmedia":[{"embeddable":true,"href":"https:\/\/nirigs.com\/ar\/wp-json\/wp\/v2\/media\/26264"}],"wp:attachment":[{"href":"https:\/\/nirigs.com\/ar\/wp-json\/wp\/v2\/media?parent=23129"}],"wp:term":[{"taxonomy":"pwb-brand","embeddable":true,"href":"https:\/\/nirigs.com\/ar\/wp-json\/wp\/v2\/pwb-brand?post=23129"},{"taxonomy":"product_brand","embeddable":true,"href":"https:\/\/nirigs.com\/ar\/wp-json\/wp\/v2\/product_brand?post=23129"},{"taxonomy":"product_cat","embeddable":true,"href":"https:\/\/nirigs.com\/ar\/wp-json\/wp\/v2\/product_cat?post=23129"},{"taxonomy":"product_tag","embeddable":true,"href":"https:\/\/nirigs.com\/ar\/wp-json\/wp\/v2\/product_tag?post=23129"}],"curies":[{"name":"wp","href":"https:\/\/api.w.org\/{rel}","templated":true}]}}