{"id":23118,"date":"2024-10-06T18:00:05","date_gmt":"2024-10-06T15:00:05","guid":{"rendered":"https:\/\/nirigs.com\/produit\/nestle-ricore-original-cafe-chicore-100-g\/"},"modified":"2025-03-13T17:12:45","modified_gmt":"2025-03-13T14:12:45","slug":"nestle-ricore-original-cafe-chicore-100-g","status":"publish","type":"product","link":"https:\/\/nirigs.com\/ar\/product\/nestle-ricore-original-cafe-chicore-100-g\/","title":{"rendered":"Nestl\u00e9 &#8211; Ricor\u00e9 original caf\u00e9 &#038; chicor\u00e9 &#8211; 100 g"},"content":{"rendered":"<p>Le caf\u00e9 soluble Casino Qualit\u00e9 Filtre est con\u00e7u pour offrir une exp\u00e9rience de caf\u00e9 riche et savoureuse, avec l&rsquo;ar\u00f4me authentique d\u2019un caf\u00e9 filtre. Ce caf\u00e9 instantan\u00e9 est fabriqu\u00e9 \u00e0 partir de grains soigneusement s\u00e9lectionn\u00e9s et torr\u00e9fi\u00e9s, puis transform\u00e9s en poudre soluble pour une pr\u00e9paration rapide et facile. Profitez d&rsquo;une tasse de caf\u00e9 de qualit\u00e9 en quelques secondes seulement, que ce soit au petit d\u00e9jeuner ou \u00e0 tout moment de la journ\u00e9e.<\/p>\n<h4>\u0645\u0643\u0648\u0646\u0627\u062a :<\/h4>\n<p>Caf\u00e9 100 % pur arabica.<\/p>\n<h4>\u0641\u0648\u0627\u0626\u062f :<\/h4>\n<ul>\n<li>Rapidit\u00e9 et simplicit\u00e9 : Se dissout instantan\u00e9ment dans l&rsquo;eau chaude, parfait pour un caf\u00e9 rapide \u00e0 tout moment de la journ\u00e9e.<\/li>\n<li>Ar\u00f4me authentique : Saveur riche et intense gr\u00e2ce \u00e0 une s\u00e9lection rigoureuse de grains arabica.<\/li>\n<li>Polyvalent : Peut \u00eatre utilis\u00e9 aussi bien pour une consommation quotidienne que pour des recettes \u00e0 base de caf\u00e9 (desserts, sauces, etc.).<\/li>\n<li>Pratique : Compact et facile \u00e0 transporter, id\u00e9al pour le bureau ou les voyages.<\/li>\n<\/ul>\n<h4>\u062a\u0639\u0644\u064a\u0645\u0627\u062a :<\/h4>\n<ol>\n<li>Faites chauffer de l&rsquo;eau \u00e0 environ 90\u00b0C.<\/li>\n<li>Dans une tasse, versez une cuill\u00e8re \u00e0 caf\u00e9 (environ 2 g) de caf\u00e9 soluble Casino.<\/li>\n<li>Ajoutez 200 ml d&rsquo;eau chaude.<\/li>\n<li>Remuez jusqu&rsquo;\u00e0 dissolution compl\u00e8te.<\/li>\n<li>D\u00e9gustez votre caf\u00e9, nature ou avec du lait et du sucre selon vos pr\u00e9f\u00e9rences.<\/li>\n<\/ol>\n<h4>\u0627\u062d\u062a\u064a\u0627\u0637\u0627\u062a:<\/h4>\n<ul>\n<li>\u00c0 conserver dans un endroit frais et sec, bien refermer le pot apr\u00e8s chaque utilisation.<\/li>\n<li>Ne pas laisser \u00e0 la port\u00e9e des enfants. Pour une meilleure exp\u00e9rience gustative, consommer avant la date indiqu\u00e9e sur l\u2019emballage.<\/li>\n<\/ul>","protected":false},"excerpt":{"rendered":"<p>Le caf\u00e9 soluble Casino Qualit\u00e9 Filtre est con\u00e7u pour offrir une exp\u00e9rience de caf\u00e9 riche et savoureuse, avec l&rsquo;ar\u00f4me authentique<\/p>","protected":false},"featured_media":26298,"comment_status":"open","ping_status":"closed","template":"","meta":[],"pwb-brand":[1161],"product_brand":[],"product_cat":[940,1249,929,275],"product_tag":[],"class_list":{"0":"post-23118","1":"product","2":"type-product","3":"status-publish","4":"has-post-thumbnail","6":"pwb-brand-nestle","7":"product_cat-cafe","8":"product_cat-cafe-moulu","9":"product_cat-cafe-the-et-boissons","10":"product_cat-epicerie","12":"first","13":"instock","14":"shipping-taxable","15":"purchasable","16":"product-type-simple"},"yoast_head":"<!-- This site is optimized with the Yoast SEO plugin v27.1.1 - https:\/\/yoast.com\/product\/yoast-seo-wordpress\/ -->\n<title>Nestl\u00e9 - Ricor\u00e9 original caf\u00e9 &amp; chicor\u00e9 - 100 g - NIRIGS<\/title>\n<meta name=\"robots\" content=\"index, follow, max-snippet:-1, max-image-preview:large, max-video-preview:-1\" \/>\n<link rel=\"canonical\" href=\"https:\/\/nirigs.com\/ar\/product\/nestle-ricore-original-cafe-chicore-100-g\/\" \/>\n<meta property=\"og:locale\" content=\"ar_AR\" \/>\n<meta property=\"og:type\" content=\"article\" \/>\n<meta property=\"og:title\" content=\"Nestl\u00e9 - Ricor\u00e9 original caf\u00e9 &amp; chicor\u00e9 - 100 g - NIRIGS\" \/>\n<meta property=\"og:description\" content=\"Le caf\u00e9 soluble Casino Qualit\u00e9 Filtre est con\u00e7u pour offrir une exp\u00e9rience de caf\u00e9 riche et savoureuse, avec l&rsquo;ar\u00f4me authentique\" \/>\n<meta property=\"og:url\" content=\"https:\/\/nirigs.com\/ar\/product\/nestle-ricore-original-cafe-chicore-100-g\/\" \/>\n<meta property=\"og:site_name\" content=\"NIRIGS\" \/>\n<meta property=\"article:modified_time\" content=\"2025-03-13T14:12:45+00:00\" \/>\n<meta property=\"og:image\" content=\"https:\/\/nirigs.com\/wp-content\/uploads\/2024\/10\/Nestle-Ricore-original-cafe-chicore-100-g.jpg\" \/>\n\t<meta property=\"og:image:width\" content=\"1000\" \/>\n\t<meta property=\"og:image:height\" content=\"1000\" \/>\n\t<meta property=\"og:image:type\" content=\"image\/jpeg\" \/>\n<meta name=\"twitter:card\" content=\"summary_large_image\" \/>\n<meta name=\"twitter:label1\" content=\"\u0648\u0642\u062a \u0627\u0644\u0642\u0631\u0627\u0621\u0629 \u0627\u0644\u0645\u064f\u0642\u062f\u0651\u0631\" \/>\n\t<meta name=\"twitter:data1\" content=\"\u062f\u0642\u064a\u0642\u0629 \u0648\u0627\u062d\u062f\u0629\" \/>\n<script type=\"application\/ld+json\" class=\"yoast-schema-graph\">{\"@context\":\"https:\/\/schema.org\",\"@graph\":[{\"@type\":\"WebPage\",\"@id\":\"https:\/\/nirigs.com\/product\/nestle-ricore-original-cafe-chicore-100-g\/\",\"url\":\"https:\/\/nirigs.com\/product\/nestle-ricore-original-cafe-chicore-100-g\/\",\"name\":\"Nestl\u00e9 - Ricor\u00e9 original caf\u00e9 & chicor\u00e9 - 100 g - NIRIGS\",\"isPartOf\":{\"@id\":\"https:\/\/nirigs.com\/#website\"},\"primaryImageOfPage\":{\"@id\":\"https:\/\/nirigs.com\/product\/nestle-ricore-original-cafe-chicore-100-g\/#primaryimage\"},\"image\":{\"@id\":\"https:\/\/nirigs.com\/product\/nestle-ricore-original-cafe-chicore-100-g\/#primaryimage\"},\"thumbnailUrl\":\"https:\/\/nirigs.com\/wp-content\/uploads\/2024\/10\/Nestle-Ricore-original-cafe-chicore-100-g.jpg\",\"datePublished\":\"2024-10-06T15:00:05+00:00\",\"dateModified\":\"2025-03-13T14:12:45+00:00\",\"breadcrumb\":{\"@id\":\"https:\/\/nirigs.com\/product\/nestle-ricore-original-cafe-chicore-100-g\/#breadcrumb\"},\"inLanguage\":\"ar\",\"potentialAction\":[{\"@type\":\"ReadAction\",\"target\":[\"https:\/\/nirigs.com\/product\/nestle-ricore-original-cafe-chicore-100-g\/\"]}]},{\"@type\":\"ImageObject\",\"inLanguage\":\"ar\",\"@id\":\"https:\/\/nirigs.com\/product\/nestle-ricore-original-cafe-chicore-100-g\/#primaryimage\",\"url\":\"https:\/\/nirigs.com\/wp-content\/uploads\/2024\/10\/Nestle-Ricore-original-cafe-chicore-100-g.jpg\",\"contentUrl\":\"https:\/\/nirigs.com\/wp-content\/uploads\/2024\/10\/Nestle-Ricore-original-cafe-chicore-100-g.jpg\",\"width\":1000,\"height\":1000},{\"@type\":\"BreadcrumbList\",\"@id\":\"https:\/\/nirigs.com\/product\/nestle-ricore-original-cafe-chicore-100-g\/#breadcrumb\",\"itemListElement\":[{\"@type\":\"ListItem\",\"position\":1,\"name\":\"Home\",\"item\":\"https:\/\/nirigs.com\/\"},{\"@type\":\"ListItem\",\"position\":2,\"name\":\"Parcourir\",\"item\":\"https:\/\/nirigs.com\/boutique\/\"},{\"@type\":\"ListItem\",\"position\":3,\"name\":\"Nestl\u00e9 &#8211; Ricor\u00e9 original caf\u00e9 &#038; chicor\u00e9 &#8211; 100 g\"}]},{\"@type\":\"WebSite\",\"@id\":\"https:\/\/nirigs.com\/#website\",\"url\":\"https:\/\/nirigs.com\/\",\"name\":\"Nirigs.com\",\"description\":\"Simplifiez vos achats du quotidien \u00e0 Djibouti\",\"publisher\":{\"@id\":\"https:\/\/nirigs.com\/#organization\"},\"potentialAction\":[{\"@type\":\"SearchAction\",\"target\":{\"@type\":\"EntryPoint\",\"urlTemplate\":\"https:\/\/nirigs.com\/?s={search_term_string}\"},\"query-input\":{\"@type\":\"PropertyValueSpecification\",\"valueRequired\":true,\"valueName\":\"search_term_string\"}}],\"inLanguage\":\"ar\"},{\"@type\":\"Organization\",\"@id\":\"https:\/\/nirigs.com\/#organization\",\"name\":\"Nirigs\",\"url\":\"https:\/\/nirigs.com\/\",\"logo\":{\"@type\":\"ImageObject\",\"inLanguage\":\"ar\",\"@id\":\"https:\/\/nirigs.com\/#\/schema\/logo\/image\/\",\"url\":\"https:\/\/nirigs.com\/wp-content\/uploads\/2025\/04\/Design-sans-titre-27.png\",\"contentUrl\":\"https:\/\/nirigs.com\/wp-content\/uploads\/2025\/04\/Design-sans-titre-27.png\",\"width\":500,\"height\":500,\"caption\":\"Nirigs\"},\"image\":{\"@id\":\"https:\/\/nirigs.com\/#\/schema\/logo\/image\/\"}}]}<\/script>\n<!-- \/ Yoast SEO plugin. -->","yoast_head_json":{"title":"Nestl\u00e9 - Ricor\u00e9 original caf\u00e9 & chicor\u00e9 - 100 g - NIRIGS","robots":{"index":"index","follow":"follow","max-snippet":"max-snippet:-1","max-image-preview":"max-image-preview:large","max-video-preview":"max-video-preview:-1"},"canonical":"https:\/\/nirigs.com\/ar\/product\/nestle-ricore-original-cafe-chicore-100-g\/","og_locale":"ar_AR","og_type":"article","og_title":"Nestl\u00e9 - Ricor\u00e9 original caf\u00e9 & chicor\u00e9 - 100 g - NIRIGS","og_description":"Le caf\u00e9 soluble Casino Qualit\u00e9 Filtre est con\u00e7u pour offrir une exp\u00e9rience de caf\u00e9 riche et savoureuse, avec l&rsquo;ar\u00f4me authentique","og_url":"https:\/\/nirigs.com\/ar\/product\/nestle-ricore-original-cafe-chicore-100-g\/","og_site_name":"NIRIGS","article_modified_time":"2025-03-13T14:12:45+00:00","og_image":[{"width":1000,"height":1000,"url":"https:\/\/nirigs.com\/wp-content\/uploads\/2024\/10\/Nestle-Ricore-original-cafe-chicore-100-g.jpg","type":"image\/jpeg"}],"twitter_card":"summary_large_image","twitter_misc":{"\u0648\u0642\u062a \u0627\u0644\u0642\u0631\u0627\u0621\u0629 \u0627\u0644\u0645\u064f\u0642\u062f\u0651\u0631":"\u062f\u0642\u064a\u0642\u0629 \u0648\u0627\u062d\u062f\u0629"},"schema":{"@context":"https:\/\/schema.org","@graph":[{"@type":"WebPage","@id":"https:\/\/nirigs.com\/product\/nestle-ricore-original-cafe-chicore-100-g\/","url":"https:\/\/nirigs.com\/product\/nestle-ricore-original-cafe-chicore-100-g\/","name":"Nestl\u00e9 - Ricor\u00e9 original caf\u00e9 & chicor\u00e9 - 100 g - NIRIGS","isPartOf":{"@id":"https:\/\/nirigs.com\/#website"},"primaryImageOfPage":{"@id":"https:\/\/nirigs.com\/product\/nestle-ricore-original-cafe-chicore-100-g\/#primaryimage"},"image":{"@id":"https:\/\/nirigs.com\/product\/nestle-ricore-original-cafe-chicore-100-g\/#primaryimage"},"thumbnailUrl":"https:\/\/nirigs.com\/wp-content\/uploads\/2024\/10\/Nestle-Ricore-original-cafe-chicore-100-g.jpg","datePublished":"2024-10-06T15:00:05+00:00","dateModified":"2025-03-13T14:12:45+00:00","breadcrumb":{"@id":"https:\/\/nirigs.com\/product\/nestle-ricore-original-cafe-chicore-100-g\/#breadcrumb"},"inLanguage":"ar","potentialAction":[{"@type":"ReadAction","target":["https:\/\/nirigs.com\/product\/nestle-ricore-original-cafe-chicore-100-g\/"]}]},{"@type":"ImageObject","inLanguage":"ar","@id":"https:\/\/nirigs.com\/product\/nestle-ricore-original-cafe-chicore-100-g\/#primaryimage","url":"https:\/\/nirigs.com\/wp-content\/uploads\/2024\/10\/Nestle-Ricore-original-cafe-chicore-100-g.jpg","contentUrl":"https:\/\/nirigs.com\/wp-content\/uploads\/2024\/10\/Nestle-Ricore-original-cafe-chicore-100-g.jpg","width":1000,"height":1000},{"@type":"BreadcrumbList","@id":"https:\/\/nirigs.com\/product\/nestle-ricore-original-cafe-chicore-100-g\/#breadcrumb","itemListElement":[{"@type":"ListItem","position":1,"name":"Home","item":"https:\/\/nirigs.com\/"},{"@type":"ListItem","position":2,"name":"Parcourir","item":"https:\/\/nirigs.com\/boutique\/"},{"@type":"ListItem","position":3,"name":"Nestl\u00e9 &#8211; Ricor\u00e9 original caf\u00e9 &#038; chicor\u00e9 &#8211; 100 g"}]},{"@type":"WebSite","@id":"https:\/\/nirigs.com\/#website","url":"https:\/\/nirigs.com\/","name":"Nirigs.com","description":"Simplifiez vos achats du quotidien \u00e0 Djibouti","publisher":{"@id":"https:\/\/nirigs.com\/#organization"},"potentialAction":[{"@type":"SearchAction","target":{"@type":"EntryPoint","urlTemplate":"https:\/\/nirigs.com\/?s={search_term_string}"},"query-input":{"@type":"PropertyValueSpecification","valueRequired":true,"valueName":"search_term_string"}}],"inLanguage":"ar"},{"@type":"Organization","@id":"https:\/\/nirigs.com\/#organization","name":"\u0646\u064a\u0631\u064a\u062c\u0633","url":"https:\/\/nirigs.com\/","logo":{"@type":"ImageObject","inLanguage":"ar","@id":"https:\/\/nirigs.com\/#\/schema\/logo\/image\/","url":"https:\/\/nirigs.com\/wp-content\/uploads\/2025\/04\/Design-sans-titre-27.png","contentUrl":"https:\/\/nirigs.com\/wp-content\/uploads\/2025\/04\/Design-sans-titre-27.png","width":500,"height":500,"caption":"Nirigs"},"image":{"@id":"https:\/\/nirigs.com\/#\/schema\/logo\/image\/"}}]}},"brands":[{"id":1161,"name":"Nestl\u00e9","slug":"nestle"}],"_links":{"self":[{"href":"https:\/\/nirigs.com\/ar\/wp-json\/wp\/v2\/product\/23118","targetHints":{"allow":["GET"]}}],"collection":[{"href":"https:\/\/nirigs.com\/ar\/wp-json\/wp\/v2\/product"}],"about":[{"href":"https:\/\/nirigs.com\/ar\/wp-json\/wp\/v2\/types\/product"}],"replies":[{"embeddable":true,"href":"https:\/\/nirigs.com\/ar\/wp-json\/wp\/v2\/comments?post=23118"}],"version-history":[{"count":3,"href":"https:\/\/nirigs.com\/ar\/wp-json\/wp\/v2\/product\/23118\/revisions"}],"predecessor-version":[{"id":26297,"href":"https:\/\/nirigs.com\/ar\/wp-json\/wp\/v2\/product\/23118\/revisions\/26297"}],"wp:featuredmedia":[{"embeddable":true,"href":"https:\/\/nirigs.com\/ar\/wp-json\/wp\/v2\/media\/26298"}],"wp:attachment":[{"href":"https:\/\/nirigs.com\/ar\/wp-json\/wp\/v2\/media?parent=23118"}],"wp:term":[{"taxonomy":"pwb-brand","embeddable":true,"href":"https:\/\/nirigs.com\/ar\/wp-json\/wp\/v2\/pwb-brand?post=23118"},{"taxonomy":"product_brand","embeddable":true,"href":"https:\/\/nirigs.com\/ar\/wp-json\/wp\/v2\/product_brand?post=23118"},{"taxonomy":"product_cat","embeddable":true,"href":"https:\/\/nirigs.com\/ar\/wp-json\/wp\/v2\/product_cat?post=23118"},{"taxonomy":"product_tag","embeddable":true,"href":"https:\/\/nirigs.com\/ar\/wp-json\/wp\/v2\/product_tag?post=23118"}],"curies":[{"name":"wp","href":"https:\/\/api.w.org\/{rel}","templated":true}]}}