{"id":23114,"date":"2024-10-06T18:00:04","date_gmt":"2024-10-06T15:00:04","guid":{"rendered":"https:\/\/nirigs.com\/produit\/nescafe-3-en-1-classic-kremes-selymes-x10-dosettes-170-g\/"},"modified":"2025-03-13T17:13:04","modified_gmt":"2025-03-13T14:13:04","slug":"nescafe-3-en-1-classic-kremes-selymes-x10-dosettes-170-g","status":"publish","type":"product","link":"https:\/\/nirigs.com\/ar\/product\/nescafe-3-en-1-classic-kremes-selymes-x10-dosettes-170-g\/","title":{"rendered":"Nescaf\u00e9 &#8211; 3 en 1 classic &#8211; Kr\u00e9mes &#038; selymes x10 dosettes &#8211; 170 g"},"content":{"rendered":"<p>Le Nescaf\u00e9 3 en 1 Classic &#8211; Kr\u00e9mes &amp; Selymes est la solution parfaite pour les amateurs de caf\u00e9 qui souhaitent savourer une boisson d\u00e9licieuse et cr\u00e9meuse en un instant. Chaque dosette combine le caf\u00e9 soluble de qualit\u00e9 sup\u00e9rieure, le lait et le sucre pour offrir un go\u00fbt riche et velout\u00e9, id\u00e9al pour commencer la journ\u00e9e ou faire une pause gourmande.<\/p>\n<h4>\u0645\u0643\u0648\u0646\u0627\u062a :<\/h4>\n<p>Caf\u00e9 soluble, sucre, cr\u00e8me en poudre (lait), \u00e9mulsifiant : E471.<\/p>\n<h4>\u0641\u0648\u0627\u0626\u062f :<\/h4>\n<ul>\n<li>Praticit\u00e9 : Pr\u00e9paration rapide en quelques instants, parfaite pour les journ\u00e9es charg\u00e9es.<\/li>\n<li>Go\u00fbt riche et cr\u00e9meux : Un m\u00e9lange \u00e9quilibr\u00e9 de caf\u00e9, de lait et de sucre pour une exp\u00e9rience gustative in\u00e9gal\u00e9e.<\/li>\n<li>Portabilit\u00e9 : Id\u00e9al pour les d\u00e9placements, au bureau ou \u00e0 la maison, gr\u00e2ce \u00e0 son format en dosettes.<\/li>\n<li>Pas besoin d\u2019\u00e9quipement : Aucun besoin de machine \u00e0 caf\u00e9, il suffit d\u2019ajouter de l\u2019eau chaude.<\/li>\n<\/ul>\n<h4>\u062a\u0639\u0644\u064a\u0645\u0627\u062a :<\/h4>\n<ol>\n<li>Ouvrez une dosette de Nescaf\u00e9 3 en 1 Classic &#8211; Kr\u00e9mes &amp; Selymes.<\/li>\n<li>Versez le contenu dans une tasse.<\/li>\n<li>Ajoutez 180 ml d&rsquo;eau chaude (non bouillante).<\/li>\n<li>M\u00e9langez bien et savourez votre caf\u00e9 cr\u00e9meux.<\/li>\n<\/ol>\n<h4>\u0627\u062d\u062a\u064a\u0627\u0637\u0627\u062a:<\/h4>\n<ul>\n<li>\u062a\u062e\u0632\u064a\u0646\u0647\u0627 \u0641\u064a \u0645\u0643\u0627\u0646 \u0628\u0627\u0631\u062f \u0648\u062c\u0627\u0641.<\/li>\n<li>Ne pas d\u00e9passer la dose recommand\u00e9e.<\/li>\n<li>\u00c9vitez la consommation en cas d&rsquo;allergie \u00e0 l&rsquo;un des ingr\u00e9dients.<\/li>\n<li>\u064a\u064f\u062d\u0641\u0638 \u0628\u0639\u064a\u062f\u064b\u0627 \u0639\u0646 \u0645\u062a\u0646\u0627\u0648\u0644 \u0627\u0644\u0623\u0637\u0641\u0627\u0644.<\/li>\n<\/ul>","protected":false},"excerpt":{"rendered":"<p>Le Nescaf\u00e9 3 en 1 Classic &#8211; Kr\u00e9mes &amp; Selymes est la solution parfaite pour les amateurs de caf\u00e9 qui<\/p>","protected":false},"featured_media":26310,"comment_status":"open","ping_status":"closed","template":"","meta":[],"pwb-brand":[1257],"product_brand":[],"product_cat":[940,1252,929,275],"product_tag":[],"class_list":{"0":"post-23114","1":"product","2":"type-product","3":"status-publish","4":"has-post-thumbnail","6":"pwb-brand-nescafe","7":"product_cat-cafe","8":"product_cat-cafe-en-dosettes","9":"product_cat-cafe-the-et-boissons","10":"product_cat-epicerie","12":"first","13":"instock","14":"shipping-taxable","15":"purchasable","16":"product-type-simple"},"yoast_head":"<!-- This site is optimized with the Yoast SEO plugin v27.4 - https:\/\/yoast.com\/product\/yoast-seo-wordpress\/ -->\n<title>Nescaf\u00e9 - 3 en 1 classic - Kr\u00e9mes &amp; selymes x10 dosettes - 170 g - NIRIGS<\/title>\n<meta name=\"robots\" content=\"index, follow, max-snippet:-1, max-image-preview:large, max-video-preview:-1\" \/>\n<link rel=\"canonical\" href=\"https:\/\/nirigs.com\/ar\/product\/nescafe-3-en-1-classic-kremes-selymes-x10-dosettes-170-g\/\" \/>\n<meta property=\"og:locale\" content=\"ar_AR\" \/>\n<meta property=\"og:type\" content=\"article\" \/>\n<meta property=\"og:title\" content=\"Nescaf\u00e9 - 3 en 1 classic - Kr\u00e9mes &amp; selymes x10 dosettes - 170 g - NIRIGS\" \/>\n<meta property=\"og:description\" content=\"Le Nescaf\u00e9 3 en 1 Classic &#8211; Kr\u00e9mes &amp; Selymes est la solution parfaite pour les amateurs de caf\u00e9 qui\" \/>\n<meta property=\"og:url\" content=\"https:\/\/nirigs.com\/ar\/product\/nescafe-3-en-1-classic-kremes-selymes-x10-dosettes-170-g\/\" \/>\n<meta property=\"og:site_name\" content=\"NIRIGS\" \/>\n<meta property=\"article:modified_time\" content=\"2025-03-13T14:13:04+00:00\" \/>\n<meta property=\"og:image\" content=\"https:\/\/nirigs.com\/wp-content\/uploads\/2024\/10\/Nescafe-3-en-1-classic-Kremes-selymes-x10-dosettes-170-g.jpg\" \/>\n\t<meta property=\"og:image:width\" content=\"1000\" \/>\n\t<meta property=\"og:image:height\" content=\"1000\" \/>\n\t<meta property=\"og:image:type\" content=\"image\/jpeg\" \/>\n<meta name=\"twitter:card\" content=\"summary_large_image\" \/>\n<meta name=\"twitter:label1\" content=\"\u0648\u0642\u062a \u0627\u0644\u0642\u0631\u0627\u0621\u0629 \u0627\u0644\u0645\u064f\u0642\u062f\u0651\u0631\" \/>\n\t<meta name=\"twitter:data1\" content=\"\u062f\u0642\u064a\u0642\u0629 \u0648\u0627\u062d\u062f\u0629\" \/>\n<script type=\"application\/ld+json\" class=\"yoast-schema-graph\">{\"@context\":\"https:\\\/\\\/schema.org\",\"@graph\":[{\"@type\":\"WebPage\",\"@id\":\"https:\\\/\\\/nirigs.com\\\/product\\\/nescafe-3-en-1-classic-kremes-selymes-x10-dosettes-170-g\\\/\",\"url\":\"https:\\\/\\\/nirigs.com\\\/product\\\/nescafe-3-en-1-classic-kremes-selymes-x10-dosettes-170-g\\\/\",\"name\":\"Nescaf\u00e9 - 3 en 1 classic - Kr\u00e9mes & selymes x10 dosettes - 170 g - NIRIGS\",\"isPartOf\":{\"@id\":\"https:\\\/\\\/nirigs.com\\\/#website\"},\"primaryImageOfPage\":{\"@id\":\"https:\\\/\\\/nirigs.com\\\/product\\\/nescafe-3-en-1-classic-kremes-selymes-x10-dosettes-170-g\\\/#primaryimage\"},\"image\":{\"@id\":\"https:\\\/\\\/nirigs.com\\\/product\\\/nescafe-3-en-1-classic-kremes-selymes-x10-dosettes-170-g\\\/#primaryimage\"},\"thumbnailUrl\":\"https:\\\/\\\/nirigs.com\\\/wp-content\\\/uploads\\\/2024\\\/10\\\/Nescafe-3-en-1-classic-Kremes-selymes-x10-dosettes-170-g.jpg\",\"datePublished\":\"2024-10-06T15:00:04+00:00\",\"dateModified\":\"2025-03-13T14:13:04+00:00\",\"breadcrumb\":{\"@id\":\"https:\\\/\\\/nirigs.com\\\/product\\\/nescafe-3-en-1-classic-kremes-selymes-x10-dosettes-170-g\\\/#breadcrumb\"},\"inLanguage\":\"ar\",\"potentialAction\":[{\"@type\":\"ReadAction\",\"target\":[\"https:\\\/\\\/nirigs.com\\\/product\\\/nescafe-3-en-1-classic-kremes-selymes-x10-dosettes-170-g\\\/\"]}]},{\"@type\":\"ImageObject\",\"inLanguage\":\"ar\",\"@id\":\"https:\\\/\\\/nirigs.com\\\/product\\\/nescafe-3-en-1-classic-kremes-selymes-x10-dosettes-170-g\\\/#primaryimage\",\"url\":\"https:\\\/\\\/nirigs.com\\\/wp-content\\\/uploads\\\/2024\\\/10\\\/Nescafe-3-en-1-classic-Kremes-selymes-x10-dosettes-170-g.jpg\",\"contentUrl\":\"https:\\\/\\\/nirigs.com\\\/wp-content\\\/uploads\\\/2024\\\/10\\\/Nescafe-3-en-1-classic-Kremes-selymes-x10-dosettes-170-g.jpg\",\"width\":1000,\"height\":1000},{\"@type\":\"BreadcrumbList\",\"@id\":\"https:\\\/\\\/nirigs.com\\\/product\\\/nescafe-3-en-1-classic-kremes-selymes-x10-dosettes-170-g\\\/#breadcrumb\",\"itemListElement\":[{\"@type\":\"ListItem\",\"position\":1,\"name\":\"Home\",\"item\":\"https:\\\/\\\/nirigs.com\\\/\"},{\"@type\":\"ListItem\",\"position\":2,\"name\":\"Parcourir\",\"item\":\"https:\\\/\\\/nirigs.com\\\/boutique\\\/\"},{\"@type\":\"ListItem\",\"position\":3,\"name\":\"Nescaf\u00e9 &#8211; 3 en 1 classic &#8211; Kr\u00e9mes &#038; selymes x10 dosettes &#8211; 170 g\"}]},{\"@type\":\"WebSite\",\"@id\":\"https:\\\/\\\/nirigs.com\\\/#website\",\"url\":\"https:\\\/\\\/nirigs.com\\\/\",\"name\":\"Nirigs.com\",\"description\":\"Simplifiez vos achats du quotidien \u00e0 Djibouti\",\"publisher\":{\"@id\":\"https:\\\/\\\/nirigs.com\\\/#organization\"},\"potentialAction\":[{\"@type\":\"SearchAction\",\"target\":{\"@type\":\"EntryPoint\",\"urlTemplate\":\"https:\\\/\\\/nirigs.com\\\/?s={search_term_string}\"},\"query-input\":{\"@type\":\"PropertyValueSpecification\",\"valueRequired\":true,\"valueName\":\"search_term_string\"}}],\"inLanguage\":\"ar\"},{\"@type\":\"Organization\",\"@id\":\"https:\\\/\\\/nirigs.com\\\/#organization\",\"name\":\"Nirigs\",\"url\":\"https:\\\/\\\/nirigs.com\\\/\",\"logo\":{\"@type\":\"ImageObject\",\"inLanguage\":\"ar\",\"@id\":\"https:\\\/\\\/nirigs.com\\\/#\\\/schema\\\/logo\\\/image\\\/\",\"url\":\"https:\\\/\\\/nirigs.com\\\/wp-content\\\/uploads\\\/2025\\\/04\\\/Design-sans-titre-27.png\",\"contentUrl\":\"https:\\\/\\\/nirigs.com\\\/wp-content\\\/uploads\\\/2025\\\/04\\\/Design-sans-titre-27.png\",\"width\":500,\"height\":500,\"caption\":\"Nirigs\"},\"image\":{\"@id\":\"https:\\\/\\\/nirigs.com\\\/#\\\/schema\\\/logo\\\/image\\\/\"}}]}<\/script>\n<!-- \/ Yoast SEO plugin. -->","yoast_head_json":{"title":"Nescaf\u00e9 - 3 en 1 classic - Kr\u00e9mes & selymes x10 dosettes - 170 g - NIRIGS","robots":{"index":"index","follow":"follow","max-snippet":"max-snippet:-1","max-image-preview":"max-image-preview:large","max-video-preview":"max-video-preview:-1"},"canonical":"https:\/\/nirigs.com\/ar\/product\/nescafe-3-en-1-classic-kremes-selymes-x10-dosettes-170-g\/","og_locale":"ar_AR","og_type":"article","og_title":"Nescaf\u00e9 - 3 en 1 classic - Kr\u00e9mes & selymes x10 dosettes - 170 g - NIRIGS","og_description":"Le Nescaf\u00e9 3 en 1 Classic &#8211; Kr\u00e9mes &amp; Selymes est la solution parfaite pour les amateurs de caf\u00e9 qui","og_url":"https:\/\/nirigs.com\/ar\/product\/nescafe-3-en-1-classic-kremes-selymes-x10-dosettes-170-g\/","og_site_name":"NIRIGS","article_modified_time":"2025-03-13T14:13:04+00:00","og_image":[{"width":1000,"height":1000,"url":"https:\/\/nirigs.com\/wp-content\/uploads\/2024\/10\/Nescafe-3-en-1-classic-Kremes-selymes-x10-dosettes-170-g.jpg","type":"image\/jpeg"}],"twitter_card":"summary_large_image","twitter_misc":{"\u0648\u0642\u062a \u0627\u0644\u0642\u0631\u0627\u0621\u0629 \u0627\u0644\u0645\u064f\u0642\u062f\u0651\u0631":"\u062f\u0642\u064a\u0642\u0629 \u0648\u0627\u062d\u062f\u0629"},"schema":{"@context":"https:\/\/schema.org","@graph":[{"@type":"WebPage","@id":"https:\/\/nirigs.com\/product\/nescafe-3-en-1-classic-kremes-selymes-x10-dosettes-170-g\/","url":"https:\/\/nirigs.com\/product\/nescafe-3-en-1-classic-kremes-selymes-x10-dosettes-170-g\/","name":"Nescaf\u00e9 - 3 en 1 classic - Kr\u00e9mes & selymes x10 dosettes - 170 g - NIRIGS","isPartOf":{"@id":"https:\/\/nirigs.com\/#website"},"primaryImageOfPage":{"@id":"https:\/\/nirigs.com\/product\/nescafe-3-en-1-classic-kremes-selymes-x10-dosettes-170-g\/#primaryimage"},"image":{"@id":"https:\/\/nirigs.com\/product\/nescafe-3-en-1-classic-kremes-selymes-x10-dosettes-170-g\/#primaryimage"},"thumbnailUrl":"https:\/\/nirigs.com\/wp-content\/uploads\/2024\/10\/Nescafe-3-en-1-classic-Kremes-selymes-x10-dosettes-170-g.jpg","datePublished":"2024-10-06T15:00:04+00:00","dateModified":"2025-03-13T14:13:04+00:00","breadcrumb":{"@id":"https:\/\/nirigs.com\/product\/nescafe-3-en-1-classic-kremes-selymes-x10-dosettes-170-g\/#breadcrumb"},"inLanguage":"ar","potentialAction":[{"@type":"ReadAction","target":["https:\/\/nirigs.com\/product\/nescafe-3-en-1-classic-kremes-selymes-x10-dosettes-170-g\/"]}]},{"@type":"ImageObject","inLanguage":"ar","@id":"https:\/\/nirigs.com\/product\/nescafe-3-en-1-classic-kremes-selymes-x10-dosettes-170-g\/#primaryimage","url":"https:\/\/nirigs.com\/wp-content\/uploads\/2024\/10\/Nescafe-3-en-1-classic-Kremes-selymes-x10-dosettes-170-g.jpg","contentUrl":"https:\/\/nirigs.com\/wp-content\/uploads\/2024\/10\/Nescafe-3-en-1-classic-Kremes-selymes-x10-dosettes-170-g.jpg","width":1000,"height":1000},{"@type":"BreadcrumbList","@id":"https:\/\/nirigs.com\/product\/nescafe-3-en-1-classic-kremes-selymes-x10-dosettes-170-g\/#breadcrumb","itemListElement":[{"@type":"ListItem","position":1,"name":"Home","item":"https:\/\/nirigs.com\/"},{"@type":"ListItem","position":2,"name":"Parcourir","item":"https:\/\/nirigs.com\/boutique\/"},{"@type":"ListItem","position":3,"name":"Nescaf\u00e9 &#8211; 3 en 1 classic &#8211; Kr\u00e9mes &#038; selymes x10 dosettes &#8211; 170 g"}]},{"@type":"WebSite","@id":"https:\/\/nirigs.com\/#website","url":"https:\/\/nirigs.com\/","name":"Nirigs.com","description":"Simplifiez vos achats du quotidien \u00e0 Djibouti","publisher":{"@id":"https:\/\/nirigs.com\/#organization"},"potentialAction":[{"@type":"SearchAction","target":{"@type":"EntryPoint","urlTemplate":"https:\/\/nirigs.com\/?s={search_term_string}"},"query-input":{"@type":"PropertyValueSpecification","valueRequired":true,"valueName":"search_term_string"}}],"inLanguage":"ar"},{"@type":"Organization","@id":"https:\/\/nirigs.com\/#organization","name":"\u0646\u064a\u0631\u064a\u062c\u0633","url":"https:\/\/nirigs.com\/","logo":{"@type":"ImageObject","inLanguage":"ar","@id":"https:\/\/nirigs.com\/#\/schema\/logo\/image\/","url":"https:\/\/nirigs.com\/wp-content\/uploads\/2025\/04\/Design-sans-titre-27.png","contentUrl":"https:\/\/nirigs.com\/wp-content\/uploads\/2025\/04\/Design-sans-titre-27.png","width":500,"height":500,"caption":"Nirigs"},"image":{"@id":"https:\/\/nirigs.com\/#\/schema\/logo\/image\/"}}]}},"brands":[{"id":1257,"name":"Nescaf\u00e9","slug":"nescafe"}],"_links":{"self":[{"href":"https:\/\/nirigs.com\/ar\/wp-json\/wp\/v2\/product\/23114","targetHints":{"allow":["GET"]}}],"collection":[{"href":"https:\/\/nirigs.com\/ar\/wp-json\/wp\/v2\/product"}],"about":[{"href":"https:\/\/nirigs.com\/ar\/wp-json\/wp\/v2\/types\/product"}],"replies":[{"embeddable":true,"href":"https:\/\/nirigs.com\/ar\/wp-json\/wp\/v2\/comments?post=23114"}],"version-history":[{"count":3,"href":"https:\/\/nirigs.com\/ar\/wp-json\/wp\/v2\/product\/23114\/revisions"}],"predecessor-version":[{"id":26309,"href":"https:\/\/nirigs.com\/ar\/wp-json\/wp\/v2\/product\/23114\/revisions\/26309"}],"wp:featuredmedia":[{"embeddable":true,"href":"https:\/\/nirigs.com\/ar\/wp-json\/wp\/v2\/media\/26310"}],"wp:attachment":[{"href":"https:\/\/nirigs.com\/ar\/wp-json\/wp\/v2\/media?parent=23114"}],"wp:term":[{"taxonomy":"pwb-brand","embeddable":true,"href":"https:\/\/nirigs.com\/ar\/wp-json\/wp\/v2\/pwb-brand?post=23114"},{"taxonomy":"product_brand","embeddable":true,"href":"https:\/\/nirigs.com\/ar\/wp-json\/wp\/v2\/product_brand?post=23114"},{"taxonomy":"product_cat","embeddable":true,"href":"https:\/\/nirigs.com\/ar\/wp-json\/wp\/v2\/product_cat?post=23114"},{"taxonomy":"product_tag","embeddable":true,"href":"https:\/\/nirigs.com\/ar\/wp-json\/wp\/v2\/product_tag?post=23114"}],"curies":[{"name":"wp","href":"https:\/\/api.w.org\/{rel}","templated":true}]}}