{"id":23111,"date":"2024-10-06T18:00:03","date_gmt":"2024-10-06T15:00:03","guid":{"rendered":"https:\/\/nirigs.com\/produit\/casino-oreillons-dabricots-850-ml\/"},"modified":"2025-03-13T17:14:31","modified_gmt":"2025-03-13T14:14:31","slug":"casino-oreillons-dabricots-850-ml","status":"publish","type":"product","link":"https:\/\/nirigs.com\/ar\/product\/casino-oreillons-dabricots-850-ml\/","title":{"rendered":"Casino &#8211; Oreillons d&rsquo;abricots &#8211; 850 ml"},"content":{"rendered":"<p>Les oreillons d&rsquo;abricots au sirop l\u00e9ger de la marque Casino sont pr\u00e9par\u00e9s \u00e0 partir d&rsquo;abricots m\u00fbrs et juteux soigneusement s\u00e9lectionn\u00e9s. Conserv\u00e9s dans un sirop l\u00e9ger, ils offrent une saveur sucr\u00e9e et l\u00e9g\u00e8rement acidul\u00e9e, parfaite pour agr\u00e9menter vos desserts, p\u00e2tisseries ou \u00e0 savourer seuls en dessert. Ces abricots en conserve sont pratiques et permettent de profiter du go\u00fbt des fruits en toute saison.<\/p>\n<h4>\u0645\u0643\u0648\u0646\u0627\u062a :<\/h4>\n<p>Abricots (50 % minimum), eau, sucre, correcteur d&rsquo;acidit\u00e9 : acide citrique.<\/p>\n<h4><strong>\u0641\u0648\u0627\u0626\u062f<\/strong> :<\/h4>\n<ul>\n<li>Riche en fibres : Les abricots sont une source naturelle de fibres alimentaires, b\u00e9n\u00e9fiques pour la digestion.<\/li>\n<li>Pratique et longue conservation : Id\u00e9al pour ceux qui souhaitent toujours avoir des fruits \u00e0 disposition, m\u00eame hors saison.<\/li>\n<li>Sans conservateurs : Produit naturel sans conservateurs ajout\u00e9s.<\/li>\n<li>Polyvalent : Peut \u00eatre consomm\u00e9 tel quel ou utilis\u00e9 dans une vari\u00e9t\u00e9 de recettes comme les tartes, salades de fruits, ou cr\u00e8mes.<\/li>\n<\/ul>\n<h4>\u062a\u0639\u0644\u064a\u0645\u0627\u062a :<\/h4>\n<ul>\n<li>\u00c9gouttez les oreillons d\u2019abricots et servez-les froids ou \u00e0 temp\u00e9rature ambiante.<\/li>\n<li>Utilisez-les pour garnir vos tartes, clafoutis, ou encore pour agr\u00e9menter un yaourt nature.<\/li>\n<li>Ajoutez-les dans des salades de fruits ou des plats sucr\u00e9s-sal\u00e9s.<\/li>\n<\/ul>\n<h4>\u0627\u062d\u062a\u064a\u0627\u0637\u0627\u062a:<\/h4>\n<ul>\n<li>Conservation : Apr\u00e8s ouverture, conservez le produit au r\u00e9frig\u00e9rateur et consommez-le dans les 48 heures.<\/li>\n<li>Allerg\u00e8nes : Aucun allerg\u00e8ne majeur n&rsquo;est mentionn\u00e9. Toutefois, bien v\u00e9rifier les informations sur l&rsquo;\u00e9tiquette si vous avez des allergies sp\u00e9cifiques.<\/li>\n<li>Ne pas r\u00e9chauffer directement dans la bo\u00eete : Si vous souhaitez r\u00e9chauffer les oreillons, transf\u00e9rez-les dans un r\u00e9cipient adapt\u00e9.<\/li>\n<\/ul>","protected":false},"excerpt":{"rendered":"<p>Les oreillons d&rsquo;abricots au sirop l\u00e9ger de la marque Casino sont pr\u00e9par\u00e9s \u00e0 partir d&rsquo;abricots m\u00fbrs et juteux soigneusement s\u00e9lectionn\u00e9s.<\/p>","protected":false},"featured_media":26336,"comment_status":"open","ping_status":"closed","template":"","meta":[],"pwb-brand":[843],"product_brand":[],"product_cat":[868,275,912],"product_tag":[],"class_list":{"0":"post-23111","1":"product","2":"type-product","3":"status-publish","4":"has-post-thumbnail","6":"pwb-brand-casino","7":"product_cat-conserves-bocaux","8":"product_cat-epicerie","9":"product_cat-fruits-en-conserves","11":"first","12":"instock","13":"shipping-taxable","14":"purchasable","15":"product-type-simple"},"yoast_head":"<!-- This site is optimized with the Yoast SEO plugin v27.4 - https:\/\/yoast.com\/product\/yoast-seo-wordpress\/ -->\n<title>Casino - Oreillons d&#039;abricots - 850 ml - NIRIGS<\/title>\n<meta name=\"robots\" content=\"index, follow, max-snippet:-1, max-image-preview:large, max-video-preview:-1\" \/>\n<link rel=\"canonical\" href=\"https:\/\/nirigs.com\/ar\/product\/casino-oreillons-dabricots-850-ml\/\" \/>\n<meta property=\"og:locale\" content=\"ar_AR\" \/>\n<meta property=\"og:type\" content=\"article\" \/>\n<meta property=\"og:title\" content=\"Casino - Oreillons d&#039;abricots - 850 ml - NIRIGS\" \/>\n<meta property=\"og:description\" content=\"Les oreillons d&rsquo;abricots au sirop l\u00e9ger de la marque Casino sont pr\u00e9par\u00e9s \u00e0 partir d&rsquo;abricots m\u00fbrs et juteux soigneusement s\u00e9lectionn\u00e9s.\" \/>\n<meta property=\"og:url\" content=\"https:\/\/nirigs.com\/ar\/product\/casino-oreillons-dabricots-850-ml\/\" \/>\n<meta property=\"og:site_name\" content=\"NIRIGS\" \/>\n<meta property=\"article:modified_time\" content=\"2025-03-13T14:14:31+00:00\" \/>\n<meta property=\"og:image\" content=\"https:\/\/nirigs.com\/wp-content\/uploads\/2024\/10\/Casino-Oreillons-dabricots-850-ml.jpg\" \/>\n\t<meta property=\"og:image:width\" content=\"1000\" \/>\n\t<meta property=\"og:image:height\" content=\"1000\" \/>\n\t<meta property=\"og:image:type\" content=\"image\/jpeg\" \/>\n<meta name=\"twitter:card\" content=\"summary_large_image\" \/>\n<meta name=\"twitter:label1\" content=\"\u0648\u0642\u062a \u0627\u0644\u0642\u0631\u0627\u0621\u0629 \u0627\u0644\u0645\u064f\u0642\u062f\u0651\u0631\" \/>\n\t<meta name=\"twitter:data1\" content=\"\u062f\u0642\u064a\u0642\u0629 \u0648\u0627\u062d\u062f\u0629\" \/>\n<script type=\"application\/ld+json\" class=\"yoast-schema-graph\">{\"@context\":\"https:\\\/\\\/schema.org\",\"@graph\":[{\"@type\":\"WebPage\",\"@id\":\"https:\\\/\\\/nirigs.com\\\/product\\\/casino-oreillons-dabricots-850-ml\\\/\",\"url\":\"https:\\\/\\\/nirigs.com\\\/product\\\/casino-oreillons-dabricots-850-ml\\\/\",\"name\":\"Casino - Oreillons d'abricots - 850 ml - NIRIGS\",\"isPartOf\":{\"@id\":\"https:\\\/\\\/nirigs.com\\\/#website\"},\"primaryImageOfPage\":{\"@id\":\"https:\\\/\\\/nirigs.com\\\/product\\\/casino-oreillons-dabricots-850-ml\\\/#primaryimage\"},\"image\":{\"@id\":\"https:\\\/\\\/nirigs.com\\\/product\\\/casino-oreillons-dabricots-850-ml\\\/#primaryimage\"},\"thumbnailUrl\":\"https:\\\/\\\/nirigs.com\\\/wp-content\\\/uploads\\\/2024\\\/10\\\/Casino-Oreillons-dabricots-850-ml.jpg\",\"datePublished\":\"2024-10-06T15:00:03+00:00\",\"dateModified\":\"2025-03-13T14:14:31+00:00\",\"breadcrumb\":{\"@id\":\"https:\\\/\\\/nirigs.com\\\/product\\\/casino-oreillons-dabricots-850-ml\\\/#breadcrumb\"},\"inLanguage\":\"ar\",\"potentialAction\":[{\"@type\":\"ReadAction\",\"target\":[\"https:\\\/\\\/nirigs.com\\\/product\\\/casino-oreillons-dabricots-850-ml\\\/\"]}]},{\"@type\":\"ImageObject\",\"inLanguage\":\"ar\",\"@id\":\"https:\\\/\\\/nirigs.com\\\/product\\\/casino-oreillons-dabricots-850-ml\\\/#primaryimage\",\"url\":\"https:\\\/\\\/nirigs.com\\\/wp-content\\\/uploads\\\/2024\\\/10\\\/Casino-Oreillons-dabricots-850-ml.jpg\",\"contentUrl\":\"https:\\\/\\\/nirigs.com\\\/wp-content\\\/uploads\\\/2024\\\/10\\\/Casino-Oreillons-dabricots-850-ml.jpg\",\"width\":1000,\"height\":1000},{\"@type\":\"BreadcrumbList\",\"@id\":\"https:\\\/\\\/nirigs.com\\\/product\\\/casino-oreillons-dabricots-850-ml\\\/#breadcrumb\",\"itemListElement\":[{\"@type\":\"ListItem\",\"position\":1,\"name\":\"Home\",\"item\":\"https:\\\/\\\/nirigs.com\\\/\"},{\"@type\":\"ListItem\",\"position\":2,\"name\":\"Parcourir\",\"item\":\"https:\\\/\\\/nirigs.com\\\/boutique\\\/\"},{\"@type\":\"ListItem\",\"position\":3,\"name\":\"Casino &#8211; Oreillons d&rsquo;abricots &#8211; 850 ml\"}]},{\"@type\":\"WebSite\",\"@id\":\"https:\\\/\\\/nirigs.com\\\/#website\",\"url\":\"https:\\\/\\\/nirigs.com\\\/\",\"name\":\"Nirigs.com\",\"description\":\"Simplifiez vos achats du quotidien \u00e0 Djibouti\",\"publisher\":{\"@id\":\"https:\\\/\\\/nirigs.com\\\/#organization\"},\"potentialAction\":[{\"@type\":\"SearchAction\",\"target\":{\"@type\":\"EntryPoint\",\"urlTemplate\":\"https:\\\/\\\/nirigs.com\\\/?s={search_term_string}\"},\"query-input\":{\"@type\":\"PropertyValueSpecification\",\"valueRequired\":true,\"valueName\":\"search_term_string\"}}],\"inLanguage\":\"ar\"},{\"@type\":\"Organization\",\"@id\":\"https:\\\/\\\/nirigs.com\\\/#organization\",\"name\":\"Nirigs\",\"url\":\"https:\\\/\\\/nirigs.com\\\/\",\"logo\":{\"@type\":\"ImageObject\",\"inLanguage\":\"ar\",\"@id\":\"https:\\\/\\\/nirigs.com\\\/#\\\/schema\\\/logo\\\/image\\\/\",\"url\":\"https:\\\/\\\/nirigs.com\\\/wp-content\\\/uploads\\\/2025\\\/04\\\/Design-sans-titre-27.png\",\"contentUrl\":\"https:\\\/\\\/nirigs.com\\\/wp-content\\\/uploads\\\/2025\\\/04\\\/Design-sans-titre-27.png\",\"width\":500,\"height\":500,\"caption\":\"Nirigs\"},\"image\":{\"@id\":\"https:\\\/\\\/nirigs.com\\\/#\\\/schema\\\/logo\\\/image\\\/\"}}]}<\/script>\n<!-- \/ Yoast SEO plugin. -->","yoast_head_json":{"title":"Casino - Oreillons d'abricots - 850 ml - NIRIGS","robots":{"index":"index","follow":"follow","max-snippet":"max-snippet:-1","max-image-preview":"max-image-preview:large","max-video-preview":"max-video-preview:-1"},"canonical":"https:\/\/nirigs.com\/ar\/product\/casino-oreillons-dabricots-850-ml\/","og_locale":"ar_AR","og_type":"article","og_title":"Casino - Oreillons d'abricots - 850 ml - NIRIGS","og_description":"Les oreillons d&rsquo;abricots au sirop l\u00e9ger de la marque Casino sont pr\u00e9par\u00e9s \u00e0 partir d&rsquo;abricots m\u00fbrs et juteux soigneusement s\u00e9lectionn\u00e9s.","og_url":"https:\/\/nirigs.com\/ar\/product\/casino-oreillons-dabricots-850-ml\/","og_site_name":"NIRIGS","article_modified_time":"2025-03-13T14:14:31+00:00","og_image":[{"width":1000,"height":1000,"url":"https:\/\/nirigs.com\/wp-content\/uploads\/2024\/10\/Casino-Oreillons-dabricots-850-ml.jpg","type":"image\/jpeg"}],"twitter_card":"summary_large_image","twitter_misc":{"\u0648\u0642\u062a \u0627\u0644\u0642\u0631\u0627\u0621\u0629 \u0627\u0644\u0645\u064f\u0642\u062f\u0651\u0631":"\u062f\u0642\u064a\u0642\u0629 \u0648\u0627\u062d\u062f\u0629"},"schema":{"@context":"https:\/\/schema.org","@graph":[{"@type":"WebPage","@id":"https:\/\/nirigs.com\/product\/casino-oreillons-dabricots-850-ml\/","url":"https:\/\/nirigs.com\/product\/casino-oreillons-dabricots-850-ml\/","name":"Casino - Oreillons d'abricots - 850 ml - NIRIGS","isPartOf":{"@id":"https:\/\/nirigs.com\/#website"},"primaryImageOfPage":{"@id":"https:\/\/nirigs.com\/product\/casino-oreillons-dabricots-850-ml\/#primaryimage"},"image":{"@id":"https:\/\/nirigs.com\/product\/casino-oreillons-dabricots-850-ml\/#primaryimage"},"thumbnailUrl":"https:\/\/nirigs.com\/wp-content\/uploads\/2024\/10\/Casino-Oreillons-dabricots-850-ml.jpg","datePublished":"2024-10-06T15:00:03+00:00","dateModified":"2025-03-13T14:14:31+00:00","breadcrumb":{"@id":"https:\/\/nirigs.com\/product\/casino-oreillons-dabricots-850-ml\/#breadcrumb"},"inLanguage":"ar","potentialAction":[{"@type":"ReadAction","target":["https:\/\/nirigs.com\/product\/casino-oreillons-dabricots-850-ml\/"]}]},{"@type":"ImageObject","inLanguage":"ar","@id":"https:\/\/nirigs.com\/product\/casino-oreillons-dabricots-850-ml\/#primaryimage","url":"https:\/\/nirigs.com\/wp-content\/uploads\/2024\/10\/Casino-Oreillons-dabricots-850-ml.jpg","contentUrl":"https:\/\/nirigs.com\/wp-content\/uploads\/2024\/10\/Casino-Oreillons-dabricots-850-ml.jpg","width":1000,"height":1000},{"@type":"BreadcrumbList","@id":"https:\/\/nirigs.com\/product\/casino-oreillons-dabricots-850-ml\/#breadcrumb","itemListElement":[{"@type":"ListItem","position":1,"name":"Home","item":"https:\/\/nirigs.com\/"},{"@type":"ListItem","position":2,"name":"Parcourir","item":"https:\/\/nirigs.com\/boutique\/"},{"@type":"ListItem","position":3,"name":"Casino &#8211; Oreillons d&rsquo;abricots &#8211; 850 ml"}]},{"@type":"WebSite","@id":"https:\/\/nirigs.com\/#website","url":"https:\/\/nirigs.com\/","name":"Nirigs.com","description":"Simplifiez vos achats du quotidien \u00e0 Djibouti","publisher":{"@id":"https:\/\/nirigs.com\/#organization"},"potentialAction":[{"@type":"SearchAction","target":{"@type":"EntryPoint","urlTemplate":"https:\/\/nirigs.com\/?s={search_term_string}"},"query-input":{"@type":"PropertyValueSpecification","valueRequired":true,"valueName":"search_term_string"}}],"inLanguage":"ar"},{"@type":"Organization","@id":"https:\/\/nirigs.com\/#organization","name":"\u0646\u064a\u0631\u064a\u062c\u0633","url":"https:\/\/nirigs.com\/","logo":{"@type":"ImageObject","inLanguage":"ar","@id":"https:\/\/nirigs.com\/#\/schema\/logo\/image\/","url":"https:\/\/nirigs.com\/wp-content\/uploads\/2025\/04\/Design-sans-titre-27.png","contentUrl":"https:\/\/nirigs.com\/wp-content\/uploads\/2025\/04\/Design-sans-titre-27.png","width":500,"height":500,"caption":"Nirigs"},"image":{"@id":"https:\/\/nirigs.com\/#\/schema\/logo\/image\/"}}]}},"brands":[{"id":843,"name":"\u0643\u0627\u0632\u064a\u0646\u0648","slug":"casino"}],"_links":{"self":[{"href":"https:\/\/nirigs.com\/ar\/wp-json\/wp\/v2\/product\/23111","targetHints":{"allow":["GET"]}}],"collection":[{"href":"https:\/\/nirigs.com\/ar\/wp-json\/wp\/v2\/product"}],"about":[{"href":"https:\/\/nirigs.com\/ar\/wp-json\/wp\/v2\/types\/product"}],"replies":[{"embeddable":true,"href":"https:\/\/nirigs.com\/ar\/wp-json\/wp\/v2\/comments?post=23111"}],"version-history":[{"count":3,"href":"https:\/\/nirigs.com\/ar\/wp-json\/wp\/v2\/product\/23111\/revisions"}],"predecessor-version":[{"id":26335,"href":"https:\/\/nirigs.com\/ar\/wp-json\/wp\/v2\/product\/23111\/revisions\/26335"}],"wp:featuredmedia":[{"embeddable":true,"href":"https:\/\/nirigs.com\/ar\/wp-json\/wp\/v2\/media\/26336"}],"wp:attachment":[{"href":"https:\/\/nirigs.com\/ar\/wp-json\/wp\/v2\/media?parent=23111"}],"wp:term":[{"taxonomy":"pwb-brand","embeddable":true,"href":"https:\/\/nirigs.com\/ar\/wp-json\/wp\/v2\/pwb-brand?post=23111"},{"taxonomy":"product_brand","embeddable":true,"href":"https:\/\/nirigs.com\/ar\/wp-json\/wp\/v2\/product_brand?post=23111"},{"taxonomy":"product_cat","embeddable":true,"href":"https:\/\/nirigs.com\/ar\/wp-json\/wp\/v2\/product_cat?post=23111"},{"taxonomy":"product_tag","embeddable":true,"href":"https:\/\/nirigs.com\/ar\/wp-json\/wp\/v2\/product_tag?post=23111"}],"curies":[{"name":"wp","href":"https:\/\/api.w.org\/{rel}","templated":true}]}}