{"id":23104,"date":"2024-10-06T18:00:00","date_gmt":"2024-10-06T15:00:00","guid":{"rendered":"https:\/\/nirigs.com\/produit\/alter-eco-sirop-dagave-bio-350-g\/"},"modified":"2025-03-13T17:19:27","modified_gmt":"2025-03-13T14:19:27","slug":"alter-eco-sirop-dagave-bio-350-g","status":"publish","type":"product","link":"https:\/\/nirigs.com\/ar\/product\/alter-eco-sirop-dagave-bio-350-g\/","title":{"rendered":"\u0623\u0644\u062a\u0631 \u0625\u064a\u0643\u0648 \u2013 \u0634\u0631\u0627\u0628 \u0627\u0644\u0635\u0628\u0627\u0631 \u0627\u0644\u0639\u0636\u0648\u064a \u2013 350 \u062c\u0645"},"content":{"rendered":"<p>Le sirop d&rsquo;agave bio Alter Eco est un \u00e9dulcorant 100% naturel issu de l&rsquo;agriculture biologique. Ce sirop est extrait de la s\u00e8ve de l&rsquo;agave bleu, une plante originaire du Mexique, reconnue pour son go\u00fbt doux et sucr\u00e9. Il constitue une alternative naturelle au sucre raffin\u00e9, avec un indice glyc\u00e9mique bas, id\u00e9al pour sucrer boissons, desserts, et plats sal\u00e9s.<\/p>\n<h4>\u0645\u0643\u0648\u0646\u0627\u062a :<\/h4>\n<p>Sirop d\u2019agave issu de l\u2019agriculture biologique, 100% pur et naturel, sans additif ni conservateur.<\/p>\n<h4>\u0641\u0648\u0627\u0626\u062f :<\/h4>\n<ul>\n<li>Indice glyc\u00e9mique bas : Contrairement au sucre classique, le sirop d&rsquo;agave a un indice glyc\u00e9mique faible, ce qui permet de mieux r\u00e9guler la glyc\u00e9mie.<\/li>\n<li>Sucre naturel : Il apporte une douceur naturelle sans arri\u00e8re-go\u00fbt.<\/li>\n<li>Polyvalent : S&rsquo;int\u00e8gre aussi bien dans les boissons chaudes que froides, ainsi que dans les recettes de p\u00e2tisserie ou de cuisine sal\u00e9e.<\/li>\n<li>Vegan et bio : Produit adapt\u00e9 aux r\u00e9gimes v\u00e9gan et garanti sans pesticide ou produit chimique.<\/li>\n<li>Riche en fructose : Un \u00e9dulcorant naturellement sucr\u00e9 avec une quantit\u00e9 moindre compar\u00e9e au sucre classique pour un r\u00e9sultat similaire.<\/li>\n<\/ul>\n<h4>\u062a\u0639\u0644\u064a\u0645\u0627\u062a :<\/h4>\n<ul>\n<li>Remplacer le sucre par le sirop d&rsquo;agave dans vos boissons chaudes (th\u00e9, caf\u00e9), smoothies, yaourts, c\u00e9r\u00e9ales, ou dans vos recettes de p\u00e2tisserie (g\u00e2teaux, cr\u00eapes, tartes).<\/li>\n<li>Utilisez 25% \u00e0 50% moins de sirop d&rsquo;agave que la quantit\u00e9 de sucre requise dans une recette en raison de son fort pouvoir sucrant.<\/li>\n<\/ul>\n<h4>\u0627\u062d\u062a\u064a\u0627\u0637\u0627\u062a:<\/h4>\n<ul>\n<li>Conservation : \u00c0 conserver dans un endroit frais et sec. Apr\u00e8s ouverture, bien refermer le flacon et conserver au r\u00e9frig\u00e9rateur.<\/li>\n<li>Consommation mod\u00e9r\u00e9e : M\u00eame avec un indice glyc\u00e9mique bas, il est conseill\u00e9 de ne pas en abuser, notamment pour les personnes diab\u00e9tiques.<\/li>\n<li>Allerg\u00e8nes : Aucun allerg\u00e8ne identifi\u00e9, mais \u00e0 consommer avec pr\u00e9caution pour les personnes sous surveillance m\u00e9dicale.<\/li>\n<\/ul>","protected":false},"excerpt":{"rendered":"<p>Le sirop d&rsquo;agave bio Alter Eco est un \u00e9dulcorant 100% naturel issu de l&rsquo;agriculture biologique. Ce sirop est extrait de<\/p>","protected":false},"featured_media":26366,"comment_status":"open","ping_status":"closed","template":"","meta":[],"pwb-brand":[1260],"product_brand":[],"product_cat":[275,1120,1123,1122],"product_tag":[],"class_list":{"0":"post-23104","1":"product","2":"type-product","3":"status-publish","4":"has-post-thumbnail","6":"pwb-brand-alter-eco","7":"product_cat-epicerie","8":"product_cat-ingredients-de-cuisine-et-patisserie","9":"product_cat-sirop-dagave","10":"product_cat-sirops-sucres-et-edulcorants-pour-patisserie","12":"first","13":"instock","14":"shipping-taxable","15":"purchasable","16":"product-type-simple"},"yoast_head":"<!-- This site is optimized with the Yoast SEO plugin v27.1.1 - https:\/\/yoast.com\/product\/yoast-seo-wordpress\/ -->\n<title>Alter Eco - Sirop d&#039;agave Bio - 350 g - NIRIGS<\/title>\n<meta name=\"robots\" content=\"index, follow, max-snippet:-1, max-image-preview:large, max-video-preview:-1\" \/>\n<link rel=\"canonical\" href=\"https:\/\/nirigs.com\/ar\/product\/alter-eco-sirop-dagave-bio-350-g\/\" \/>\n<meta property=\"og:locale\" content=\"ar_AR\" \/>\n<meta property=\"og:type\" content=\"article\" \/>\n<meta property=\"og:title\" content=\"Alter Eco - Sirop d&#039;agave Bio - 350 g - NIRIGS\" \/>\n<meta property=\"og:description\" content=\"Le sirop d&rsquo;agave bio Alter Eco est un \u00e9dulcorant 100% naturel issu de l&rsquo;agriculture biologique. Ce sirop est extrait de\" \/>\n<meta property=\"og:url\" content=\"https:\/\/nirigs.com\/ar\/product\/alter-eco-sirop-dagave-bio-350-g\/\" \/>\n<meta property=\"og:site_name\" content=\"NIRIGS\" \/>\n<meta property=\"article:modified_time\" content=\"2025-03-13T14:19:27+00:00\" \/>\n<meta property=\"og:image\" content=\"https:\/\/nirigs.com\/wp-content\/uploads\/2024\/10\/Alter-Eco-Sirop-dagave-Bio-350-g.jpg\" \/>\n\t<meta property=\"og:image:width\" content=\"1000\" \/>\n\t<meta property=\"og:image:height\" content=\"1000\" \/>\n\t<meta property=\"og:image:type\" content=\"image\/jpeg\" \/>\n<meta name=\"twitter:card\" content=\"summary_large_image\" \/>\n<meta name=\"twitter:label1\" content=\"\u0648\u0642\u062a \u0627\u0644\u0642\u0631\u0627\u0621\u0629 \u0627\u0644\u0645\u064f\u0642\u062f\u0651\u0631\" \/>\n\t<meta name=\"twitter:data1\" content=\"\u062f\u0642\u064a\u0642\u062a\u0627\u0646\" \/>\n<script type=\"application\/ld+json\" class=\"yoast-schema-graph\">{\"@context\":\"https:\/\/schema.org\",\"@graph\":[{\"@type\":\"WebPage\",\"@id\":\"https:\/\/nirigs.com\/en\/product\/alter-eco-sirop-dagave-bio-350-g\/\",\"url\":\"https:\/\/nirigs.com\/en\/product\/alter-eco-sirop-dagave-bio-350-g\/\",\"name\":\"Alter Eco - Sirop d'agave Bio - 350 g - NIRIGS\",\"isPartOf\":{\"@id\":\"https:\/\/nirigs.com\/#website\"},\"primaryImageOfPage\":{\"@id\":\"https:\/\/nirigs.com\/en\/product\/alter-eco-sirop-dagave-bio-350-g\/#primaryimage\"},\"image\":{\"@id\":\"https:\/\/nirigs.com\/en\/product\/alter-eco-sirop-dagave-bio-350-g\/#primaryimage\"},\"thumbnailUrl\":\"https:\/\/nirigs.com\/wp-content\/uploads\/2024\/10\/Alter-Eco-Sirop-dagave-Bio-350-g.jpg\",\"datePublished\":\"2024-10-06T15:00:00+00:00\",\"dateModified\":\"2025-03-13T14:19:27+00:00\",\"breadcrumb\":{\"@id\":\"https:\/\/nirigs.com\/en\/product\/alter-eco-sirop-dagave-bio-350-g\/#breadcrumb\"},\"inLanguage\":\"ar\",\"potentialAction\":[{\"@type\":\"ReadAction\",\"target\":[\"https:\/\/nirigs.com\/en\/product\/alter-eco-sirop-dagave-bio-350-g\/\"]}]},{\"@type\":\"ImageObject\",\"inLanguage\":\"ar\",\"@id\":\"https:\/\/nirigs.com\/en\/product\/alter-eco-sirop-dagave-bio-350-g\/#primaryimage\",\"url\":\"https:\/\/nirigs.com\/wp-content\/uploads\/2024\/10\/Alter-Eco-Sirop-dagave-Bio-350-g.jpg\",\"contentUrl\":\"https:\/\/nirigs.com\/wp-content\/uploads\/2024\/10\/Alter-Eco-Sirop-dagave-Bio-350-g.jpg\",\"width\":1000,\"height\":1000},{\"@type\":\"BreadcrumbList\",\"@id\":\"https:\/\/nirigs.com\/en\/product\/alter-eco-sirop-dagave-bio-350-g\/#breadcrumb\",\"itemListElement\":[{\"@type\":\"ListItem\",\"position\":1,\"name\":\"Home\",\"item\":\"https:\/\/nirigs.com\/\"},{\"@type\":\"ListItem\",\"position\":2,\"name\":\"Parcourir\",\"item\":\"https:\/\/nirigs.com\/boutique\/\"},{\"@type\":\"ListItem\",\"position\":3,\"name\":\"Alter Eco &#8211; Sirop d&rsquo;agave Bio &#8211; 350 g\"}]},{\"@type\":\"WebSite\",\"@id\":\"https:\/\/nirigs.com\/#website\",\"url\":\"https:\/\/nirigs.com\/\",\"name\":\"Nirigs.com\",\"description\":\"Simplifiez vos achats du quotidien \u00e0 Djibouti\",\"publisher\":{\"@id\":\"https:\/\/nirigs.com\/#organization\"},\"potentialAction\":[{\"@type\":\"SearchAction\",\"target\":{\"@type\":\"EntryPoint\",\"urlTemplate\":\"https:\/\/nirigs.com\/?s={search_term_string}\"},\"query-input\":{\"@type\":\"PropertyValueSpecification\",\"valueRequired\":true,\"valueName\":\"search_term_string\"}}],\"inLanguage\":\"ar\"},{\"@type\":\"Organization\",\"@id\":\"https:\/\/nirigs.com\/#organization\",\"name\":\"Nirigs\",\"url\":\"https:\/\/nirigs.com\/\",\"logo\":{\"@type\":\"ImageObject\",\"inLanguage\":\"ar\",\"@id\":\"https:\/\/nirigs.com\/#\/schema\/logo\/image\/\",\"url\":\"https:\/\/nirigs.com\/wp-content\/uploads\/2025\/04\/Design-sans-titre-27.png\",\"contentUrl\":\"https:\/\/nirigs.com\/wp-content\/uploads\/2025\/04\/Design-sans-titre-27.png\",\"width\":500,\"height\":500,\"caption\":\"Nirigs\"},\"image\":{\"@id\":\"https:\/\/nirigs.com\/#\/schema\/logo\/image\/\"}}]}<\/script>\n<!-- \/ Yoast SEO plugin. -->","yoast_head_json":{"title":"Alter Eco - Sirop d'agave Bio - 350 g - NIRIGS","robots":{"index":"index","follow":"follow","max-snippet":"max-snippet:-1","max-image-preview":"max-image-preview:large","max-video-preview":"max-video-preview:-1"},"canonical":"https:\/\/nirigs.com\/ar\/product\/alter-eco-sirop-dagave-bio-350-g\/","og_locale":"ar_AR","og_type":"article","og_title":"Alter Eco - Sirop d'agave Bio - 350 g - NIRIGS","og_description":"Le sirop d&rsquo;agave bio Alter Eco est un \u00e9dulcorant 100% naturel issu de l&rsquo;agriculture biologique. Ce sirop est extrait de","og_url":"https:\/\/nirigs.com\/ar\/product\/alter-eco-sirop-dagave-bio-350-g\/","og_site_name":"NIRIGS","article_modified_time":"2025-03-13T14:19:27+00:00","og_image":[{"width":1000,"height":1000,"url":"https:\/\/nirigs.com\/wp-content\/uploads\/2024\/10\/Alter-Eco-Sirop-dagave-Bio-350-g.jpg","type":"image\/jpeg"}],"twitter_card":"summary_large_image","twitter_misc":{"\u0648\u0642\u062a \u0627\u0644\u0642\u0631\u0627\u0621\u0629 \u0627\u0644\u0645\u064f\u0642\u062f\u0651\u0631":"\u062f\u0642\u064a\u0642\u062a\u0627\u0646"},"schema":{"@context":"https:\/\/schema.org","@graph":[{"@type":"WebPage","@id":"https:\/\/nirigs.com\/en\/product\/alter-eco-sirop-dagave-bio-350-g\/","url":"https:\/\/nirigs.com\/en\/product\/alter-eco-sirop-dagave-bio-350-g\/","name":"Alter Eco - Sirop d'agave Bio - 350 g - NIRIGS","isPartOf":{"@id":"https:\/\/nirigs.com\/#website"},"primaryImageOfPage":{"@id":"https:\/\/nirigs.com\/en\/product\/alter-eco-sirop-dagave-bio-350-g\/#primaryimage"},"image":{"@id":"https:\/\/nirigs.com\/en\/product\/alter-eco-sirop-dagave-bio-350-g\/#primaryimage"},"thumbnailUrl":"https:\/\/nirigs.com\/wp-content\/uploads\/2024\/10\/Alter-Eco-Sirop-dagave-Bio-350-g.jpg","datePublished":"2024-10-06T15:00:00+00:00","dateModified":"2025-03-13T14:19:27+00:00","breadcrumb":{"@id":"https:\/\/nirigs.com\/en\/product\/alter-eco-sirop-dagave-bio-350-g\/#breadcrumb"},"inLanguage":"ar","potentialAction":[{"@type":"ReadAction","target":["https:\/\/nirigs.com\/en\/product\/alter-eco-sirop-dagave-bio-350-g\/"]}]},{"@type":"ImageObject","inLanguage":"ar","@id":"https:\/\/nirigs.com\/en\/product\/alter-eco-sirop-dagave-bio-350-g\/#primaryimage","url":"https:\/\/nirigs.com\/wp-content\/uploads\/2024\/10\/Alter-Eco-Sirop-dagave-Bio-350-g.jpg","contentUrl":"https:\/\/nirigs.com\/wp-content\/uploads\/2024\/10\/Alter-Eco-Sirop-dagave-Bio-350-g.jpg","width":1000,"height":1000},{"@type":"BreadcrumbList","@id":"https:\/\/nirigs.com\/en\/product\/alter-eco-sirop-dagave-bio-350-g\/#breadcrumb","itemListElement":[{"@type":"ListItem","position":1,"name":"Home","item":"https:\/\/nirigs.com\/"},{"@type":"ListItem","position":2,"name":"Parcourir","item":"https:\/\/nirigs.com\/boutique\/"},{"@type":"ListItem","position":3,"name":"Alter Eco &#8211; Sirop d&rsquo;agave Bio &#8211; 350 g"}]},{"@type":"WebSite","@id":"https:\/\/nirigs.com\/#website","url":"https:\/\/nirigs.com\/","name":"Nirigs.com","description":"Simplifiez vos achats du quotidien \u00e0 Djibouti","publisher":{"@id":"https:\/\/nirigs.com\/#organization"},"potentialAction":[{"@type":"SearchAction","target":{"@type":"EntryPoint","urlTemplate":"https:\/\/nirigs.com\/?s={search_term_string}"},"query-input":{"@type":"PropertyValueSpecification","valueRequired":true,"valueName":"search_term_string"}}],"inLanguage":"ar"},{"@type":"Organization","@id":"https:\/\/nirigs.com\/#organization","name":"\u0646\u064a\u0631\u064a\u062c\u0633","url":"https:\/\/nirigs.com\/","logo":{"@type":"ImageObject","inLanguage":"ar","@id":"https:\/\/nirigs.com\/#\/schema\/logo\/image\/","url":"https:\/\/nirigs.com\/wp-content\/uploads\/2025\/04\/Design-sans-titre-27.png","contentUrl":"https:\/\/nirigs.com\/wp-content\/uploads\/2025\/04\/Design-sans-titre-27.png","width":500,"height":500,"caption":"Nirigs"},"image":{"@id":"https:\/\/nirigs.com\/#\/schema\/logo\/image\/"}}]}},"brands":[{"id":1260,"name":"Alter Eco","slug":"alter-eco"}],"_links":{"self":[{"href":"https:\/\/nirigs.com\/ar\/wp-json\/wp\/v2\/product\/23104","targetHints":{"allow":["GET"]}}],"collection":[{"href":"https:\/\/nirigs.com\/ar\/wp-json\/wp\/v2\/product"}],"about":[{"href":"https:\/\/nirigs.com\/ar\/wp-json\/wp\/v2\/types\/product"}],"replies":[{"embeddable":true,"href":"https:\/\/nirigs.com\/ar\/wp-json\/wp\/v2\/comments?post=23104"}],"version-history":[{"count":3,"href":"https:\/\/nirigs.com\/ar\/wp-json\/wp\/v2\/product\/23104\/revisions"}],"predecessor-version":[{"id":26365,"href":"https:\/\/nirigs.com\/ar\/wp-json\/wp\/v2\/product\/23104\/revisions\/26365"}],"wp:featuredmedia":[{"embeddable":true,"href":"https:\/\/nirigs.com\/ar\/wp-json\/wp\/v2\/media\/26366"}],"wp:attachment":[{"href":"https:\/\/nirigs.com\/ar\/wp-json\/wp\/v2\/media?parent=23104"}],"wp:term":[{"taxonomy":"pwb-brand","embeddable":true,"href":"https:\/\/nirigs.com\/ar\/wp-json\/wp\/v2\/pwb-brand?post=23104"},{"taxonomy":"product_brand","embeddable":true,"href":"https:\/\/nirigs.com\/ar\/wp-json\/wp\/v2\/product_brand?post=23104"},{"taxonomy":"product_cat","embeddable":true,"href":"https:\/\/nirigs.com\/ar\/wp-json\/wp\/v2\/product_cat?post=23104"},{"taxonomy":"product_tag","embeddable":true,"href":"https:\/\/nirigs.com\/ar\/wp-json\/wp\/v2\/product_tag?post=23104"}],"curies":[{"name":"wp","href":"https:\/\/api.w.org\/{rel}","templated":true}]}}