{"id":23101,"date":"2024-10-06T17:59:59","date_gmt":"2024-10-06T14:59:59","guid":{"rendered":"https:\/\/nirigs.com\/produit\/bahar-miel-de-fleurs-250-g\/"},"modified":"2025-03-13T17:19:53","modified_gmt":"2025-03-13T14:19:53","slug":"bahar-miel-de-fleurs-250-g","status":"publish","type":"product","link":"https:\/\/nirigs.com\/ar\/product\/bahar-miel-de-fleurs-250-g\/","title":{"rendered":"\u0628\u062d\u0631 \u2013 \u0639\u0633\u0644 \u0627\u0644\u0632\u0647\u0648\u0631 \u2013 250 \u062c\u0645"},"content":{"rendered":"<p>Le Miel de fleurs Bahar est un miel pur et naturel r\u00e9colt\u00e9 \u00e0 partir des meilleures fleurs sauvages. Son go\u00fbt d\u00e9licat et sucr\u00e9 offre une exp\u00e9rience gustative authentique et raffin\u00e9e. Id\u00e9al pour sucrer vos boissons chaudes, agr\u00e9menter vos plats sucr\u00e9s ou encore d\u00e9guster seul pour profiter pleinement de ses bienfaits.<\/p>\n<h4>\u0645\u0643\u0648\u0646\u0627\u062a :<\/h4>\n<p>Miel de fleurs 100% pur et naturel.<\/p>\n<h4>\u0641\u0648\u0627\u0626\u062f :<\/h4>\n<ul>\n<li>Riche en nutriments : Source naturelle de vitamines, min\u00e9raux, et antioxydants.<\/li>\n<li>Propri\u00e9t\u00e9s \u00e9nergisantes : Le miel est une excellente source d\u2019\u00e9nergie rapide gr\u00e2ce \u00e0 ses sucres naturels.<\/li>\n<li>Renforcement du syst\u00e8me immunitaire : Gr\u00e2ce \u00e0 ses propri\u00e9t\u00e9s antibact\u00e9riennes et antioxydantes, le miel contribue \u00e0 renforcer les d\u00e9fenses naturelles du corps.<\/li>\n<li>Apaisant pour la gorge : Soulage naturellement les maux de gorge et aide \u00e0 calmer la toux.<\/li>\n<li>Polyvalent : Peut \u00eatre utilis\u00e9 dans une vari\u00e9t\u00e9 de recettes culinaires ou simplement consomm\u00e9 \u00e0 la cuill\u00e8re.<\/li>\n<\/ul>\n<h4>\u062a\u0639\u0644\u064a\u0645\u0627\u062a :<\/h4>\n<ol>\n<li><strong>Usage alimentaire :<\/strong>\n<ul>\n<li>Ajoutez une cuill\u00e8re de miel dans vos th\u00e9s ou infusions pour un go\u00fbt sucr\u00e9 naturel.<\/li>\n<li>Utilisez-le comme \u00e9dulcorant pour vos desserts, yaourts, et c\u00e9r\u00e9ales.<\/li>\n<li>Tartinez-le sur du pain ou des cr\u00eapes pour un d\u00e9licieux petit d\u00e9jeuner.<\/li>\n<\/ul>\n<\/li>\n<li><strong>Usage th\u00e9rapeutique :<\/strong>\n<ul>\n<li>Prendre une cuill\u00e8re \u00e0 caf\u00e9 de miel pour apaiser les maux de gorge ou renforcer l\u2019immunit\u00e9 quotidienne.<\/li>\n<\/ul>\n<\/li>\n<\/ol>\n<h4>\u0627\u062d\u062a\u064a\u0627\u0637\u0627\u062a:<\/h4>\n<ul>\n<li>Ne convient pas aux enfants de moins de 1 an.<\/li>\n<li>Conserver dans un endroit frais et sec, \u00e0 l&rsquo;abri de la lumi\u00e8re.<\/li>\n<li>Ne pas surchauffer le miel afin de pr\u00e9server ses propri\u00e9t\u00e9s nutritionnelles.<\/li>\n<\/ul>","protected":false},"excerpt":{"rendered":"<p>Le Miel de fleurs Bahar est un miel pur et naturel r\u00e9colt\u00e9 \u00e0 partir des meilleures fleurs sauvages. Son go\u00fbt<\/p>","protected":false},"featured_media":26383,"comment_status":"open","ping_status":"closed","template":"","meta":[],"pwb-brand":[1261],"product_brand":[],"product_cat":[944,275,945],"product_tag":[],"class_list":{"0":"post-23101","1":"product","2":"type-product","3":"status-publish","4":"has-post-thumbnail","6":"pwb-brand-bahar","7":"product_cat-confiture-miel-et-pate-a-tartiner","8":"product_cat-epicerie","9":"product_cat-miel-confiture-miel-et-pate-a-tartiner","11":"first","12":"instock","13":"shipping-taxable","14":"purchasable","15":"product-type-simple"},"yoast_head":"<!-- This site is optimized with the Yoast SEO plugin v27.1.1 - https:\/\/yoast.com\/product\/yoast-seo-wordpress\/ -->\n<title>Bahar - Miel de fleurs - 250 g - NIRIGS<\/title>\n<meta name=\"robots\" content=\"index, follow, max-snippet:-1, max-image-preview:large, max-video-preview:-1\" \/>\n<link rel=\"canonical\" href=\"https:\/\/nirigs.com\/ar\/product\/bahar-miel-de-fleurs-250-g\/\" \/>\n<meta property=\"og:locale\" content=\"ar_AR\" \/>\n<meta property=\"og:type\" content=\"article\" \/>\n<meta property=\"og:title\" content=\"Bahar - Miel de fleurs - 250 g - NIRIGS\" \/>\n<meta property=\"og:description\" content=\"Le Miel de fleurs Bahar est un miel pur et naturel r\u00e9colt\u00e9 \u00e0 partir des meilleures fleurs sauvages. Son go\u00fbt\" \/>\n<meta property=\"og:url\" content=\"https:\/\/nirigs.com\/ar\/product\/bahar-miel-de-fleurs-250-g\/\" \/>\n<meta property=\"og:site_name\" content=\"NIRIGS\" \/>\n<meta property=\"article:modified_time\" content=\"2025-03-13T14:19:53+00:00\" \/>\n<meta property=\"og:image\" content=\"https:\/\/nirigs.com\/wp-content\/uploads\/2024\/10\/Bahar-Miel-de-fleurs-250-g.jpg\" \/>\n\t<meta property=\"og:image:width\" content=\"1000\" \/>\n\t<meta property=\"og:image:height\" content=\"1000\" \/>\n\t<meta property=\"og:image:type\" content=\"image\/jpeg\" \/>\n<meta name=\"twitter:card\" content=\"summary_large_image\" \/>\n<meta name=\"twitter:label1\" content=\"\u0648\u0642\u062a \u0627\u0644\u0642\u0631\u0627\u0621\u0629 \u0627\u0644\u0645\u064f\u0642\u062f\u0651\u0631\" \/>\n\t<meta name=\"twitter:data1\" content=\"\u062f\u0642\u064a\u0642\u0629 \u0648\u0627\u062d\u062f\u0629\" \/>\n<script type=\"application\/ld+json\" class=\"yoast-schema-graph\">{\"@context\":\"https:\/\/schema.org\",\"@graph\":[{\"@type\":\"WebPage\",\"@id\":\"https:\/\/nirigs.com\/product\/bahar-miel-de-fleurs-250-g\/\",\"url\":\"https:\/\/nirigs.com\/product\/bahar-miel-de-fleurs-250-g\/\",\"name\":\"Bahar - Miel de fleurs - 250 g - NIRIGS\",\"isPartOf\":{\"@id\":\"https:\/\/nirigs.com\/#website\"},\"primaryImageOfPage\":{\"@id\":\"https:\/\/nirigs.com\/product\/bahar-miel-de-fleurs-250-g\/#primaryimage\"},\"image\":{\"@id\":\"https:\/\/nirigs.com\/product\/bahar-miel-de-fleurs-250-g\/#primaryimage\"},\"thumbnailUrl\":\"https:\/\/nirigs.com\/wp-content\/uploads\/2024\/10\/Bahar-Miel-de-fleurs-250-g.jpg\",\"datePublished\":\"2024-10-06T14:59:59+00:00\",\"dateModified\":\"2025-03-13T14:19:53+00:00\",\"breadcrumb\":{\"@id\":\"https:\/\/nirigs.com\/product\/bahar-miel-de-fleurs-250-g\/#breadcrumb\"},\"inLanguage\":\"ar\",\"potentialAction\":[{\"@type\":\"ReadAction\",\"target\":[\"https:\/\/nirigs.com\/product\/bahar-miel-de-fleurs-250-g\/\"]}]},{\"@type\":\"ImageObject\",\"inLanguage\":\"ar\",\"@id\":\"https:\/\/nirigs.com\/product\/bahar-miel-de-fleurs-250-g\/#primaryimage\",\"url\":\"https:\/\/nirigs.com\/wp-content\/uploads\/2024\/10\/Bahar-Miel-de-fleurs-250-g.jpg\",\"contentUrl\":\"https:\/\/nirigs.com\/wp-content\/uploads\/2024\/10\/Bahar-Miel-de-fleurs-250-g.jpg\",\"width\":1000,\"height\":1000},{\"@type\":\"BreadcrumbList\",\"@id\":\"https:\/\/nirigs.com\/product\/bahar-miel-de-fleurs-250-g\/#breadcrumb\",\"itemListElement\":[{\"@type\":\"ListItem\",\"position\":1,\"name\":\"Home\",\"item\":\"https:\/\/nirigs.com\/\"},{\"@type\":\"ListItem\",\"position\":2,\"name\":\"Parcourir\",\"item\":\"https:\/\/nirigs.com\/boutique\/\"},{\"@type\":\"ListItem\",\"position\":3,\"name\":\"Bahar &#8211; Miel de fleurs &#8211; 250 g\"}]},{\"@type\":\"WebSite\",\"@id\":\"https:\/\/nirigs.com\/#website\",\"url\":\"https:\/\/nirigs.com\/\",\"name\":\"Nirigs.com\",\"description\":\"Simplifiez vos achats du quotidien \u00e0 Djibouti\",\"publisher\":{\"@id\":\"https:\/\/nirigs.com\/#organization\"},\"potentialAction\":[{\"@type\":\"SearchAction\",\"target\":{\"@type\":\"EntryPoint\",\"urlTemplate\":\"https:\/\/nirigs.com\/?s={search_term_string}\"},\"query-input\":{\"@type\":\"PropertyValueSpecification\",\"valueRequired\":true,\"valueName\":\"search_term_string\"}}],\"inLanguage\":\"ar\"},{\"@type\":\"Organization\",\"@id\":\"https:\/\/nirigs.com\/#organization\",\"name\":\"Nirigs\",\"url\":\"https:\/\/nirigs.com\/\",\"logo\":{\"@type\":\"ImageObject\",\"inLanguage\":\"ar\",\"@id\":\"https:\/\/nirigs.com\/#\/schema\/logo\/image\/\",\"url\":\"https:\/\/nirigs.com\/wp-content\/uploads\/2025\/04\/Design-sans-titre-27.png\",\"contentUrl\":\"https:\/\/nirigs.com\/wp-content\/uploads\/2025\/04\/Design-sans-titre-27.png\",\"width\":500,\"height\":500,\"caption\":\"Nirigs\"},\"image\":{\"@id\":\"https:\/\/nirigs.com\/#\/schema\/logo\/image\/\"}}]}<\/script>\n<!-- \/ Yoast SEO plugin. -->","yoast_head_json":{"title":"Bahar - Miel de fleurs - 250 g - NIRIGS","robots":{"index":"index","follow":"follow","max-snippet":"max-snippet:-1","max-image-preview":"max-image-preview:large","max-video-preview":"max-video-preview:-1"},"canonical":"https:\/\/nirigs.com\/ar\/product\/bahar-miel-de-fleurs-250-g\/","og_locale":"ar_AR","og_type":"article","og_title":"Bahar - Miel de fleurs - 250 g - NIRIGS","og_description":"Le Miel de fleurs Bahar est un miel pur et naturel r\u00e9colt\u00e9 \u00e0 partir des meilleures fleurs sauvages. Son go\u00fbt","og_url":"https:\/\/nirigs.com\/ar\/product\/bahar-miel-de-fleurs-250-g\/","og_site_name":"NIRIGS","article_modified_time":"2025-03-13T14:19:53+00:00","og_image":[{"width":1000,"height":1000,"url":"https:\/\/nirigs.com\/wp-content\/uploads\/2024\/10\/Bahar-Miel-de-fleurs-250-g.jpg","type":"image\/jpeg"}],"twitter_card":"summary_large_image","twitter_misc":{"\u0648\u0642\u062a \u0627\u0644\u0642\u0631\u0627\u0621\u0629 \u0627\u0644\u0645\u064f\u0642\u062f\u0651\u0631":"\u062f\u0642\u064a\u0642\u0629 \u0648\u0627\u062d\u062f\u0629"},"schema":{"@context":"https:\/\/schema.org","@graph":[{"@type":"WebPage","@id":"https:\/\/nirigs.com\/product\/bahar-miel-de-fleurs-250-g\/","url":"https:\/\/nirigs.com\/product\/bahar-miel-de-fleurs-250-g\/","name":"Bahar - Miel de fleurs - 250 g - NIRIGS","isPartOf":{"@id":"https:\/\/nirigs.com\/#website"},"primaryImageOfPage":{"@id":"https:\/\/nirigs.com\/product\/bahar-miel-de-fleurs-250-g\/#primaryimage"},"image":{"@id":"https:\/\/nirigs.com\/product\/bahar-miel-de-fleurs-250-g\/#primaryimage"},"thumbnailUrl":"https:\/\/nirigs.com\/wp-content\/uploads\/2024\/10\/Bahar-Miel-de-fleurs-250-g.jpg","datePublished":"2024-10-06T14:59:59+00:00","dateModified":"2025-03-13T14:19:53+00:00","breadcrumb":{"@id":"https:\/\/nirigs.com\/product\/bahar-miel-de-fleurs-250-g\/#breadcrumb"},"inLanguage":"ar","potentialAction":[{"@type":"ReadAction","target":["https:\/\/nirigs.com\/product\/bahar-miel-de-fleurs-250-g\/"]}]},{"@type":"ImageObject","inLanguage":"ar","@id":"https:\/\/nirigs.com\/product\/bahar-miel-de-fleurs-250-g\/#primaryimage","url":"https:\/\/nirigs.com\/wp-content\/uploads\/2024\/10\/Bahar-Miel-de-fleurs-250-g.jpg","contentUrl":"https:\/\/nirigs.com\/wp-content\/uploads\/2024\/10\/Bahar-Miel-de-fleurs-250-g.jpg","width":1000,"height":1000},{"@type":"BreadcrumbList","@id":"https:\/\/nirigs.com\/product\/bahar-miel-de-fleurs-250-g\/#breadcrumb","itemListElement":[{"@type":"ListItem","position":1,"name":"Home","item":"https:\/\/nirigs.com\/"},{"@type":"ListItem","position":2,"name":"Parcourir","item":"https:\/\/nirigs.com\/boutique\/"},{"@type":"ListItem","position":3,"name":"Bahar &#8211; Miel de fleurs &#8211; 250 g"}]},{"@type":"WebSite","@id":"https:\/\/nirigs.com\/#website","url":"https:\/\/nirigs.com\/","name":"Nirigs.com","description":"Simplifiez vos achats du quotidien \u00e0 Djibouti","publisher":{"@id":"https:\/\/nirigs.com\/#organization"},"potentialAction":[{"@type":"SearchAction","target":{"@type":"EntryPoint","urlTemplate":"https:\/\/nirigs.com\/?s={search_term_string}"},"query-input":{"@type":"PropertyValueSpecification","valueRequired":true,"valueName":"search_term_string"}}],"inLanguage":"ar"},{"@type":"Organization","@id":"https:\/\/nirigs.com\/#organization","name":"\u0646\u064a\u0631\u064a\u062c\u0633","url":"https:\/\/nirigs.com\/","logo":{"@type":"ImageObject","inLanguage":"ar","@id":"https:\/\/nirigs.com\/#\/schema\/logo\/image\/","url":"https:\/\/nirigs.com\/wp-content\/uploads\/2025\/04\/Design-sans-titre-27.png","contentUrl":"https:\/\/nirigs.com\/wp-content\/uploads\/2025\/04\/Design-sans-titre-27.png","width":500,"height":500,"caption":"Nirigs"},"image":{"@id":"https:\/\/nirigs.com\/#\/schema\/logo\/image\/"}}]}},"brands":[{"id":1261,"name":"Bahar","slug":"bahar"}],"_links":{"self":[{"href":"https:\/\/nirigs.com\/ar\/wp-json\/wp\/v2\/product\/23101","targetHints":{"allow":["GET"]}}],"collection":[{"href":"https:\/\/nirigs.com\/ar\/wp-json\/wp\/v2\/product"}],"about":[{"href":"https:\/\/nirigs.com\/ar\/wp-json\/wp\/v2\/types\/product"}],"replies":[{"embeddable":true,"href":"https:\/\/nirigs.com\/ar\/wp-json\/wp\/v2\/comments?post=23101"}],"version-history":[{"count":4,"href":"https:\/\/nirigs.com\/ar\/wp-json\/wp\/v2\/product\/23101\/revisions"}],"predecessor-version":[{"id":26385,"href":"https:\/\/nirigs.com\/ar\/wp-json\/wp\/v2\/product\/23101\/revisions\/26385"}],"wp:featuredmedia":[{"embeddable":true,"href":"https:\/\/nirigs.com\/ar\/wp-json\/wp\/v2\/media\/26383"}],"wp:attachment":[{"href":"https:\/\/nirigs.com\/ar\/wp-json\/wp\/v2\/media?parent=23101"}],"wp:term":[{"taxonomy":"pwb-brand","embeddable":true,"href":"https:\/\/nirigs.com\/ar\/wp-json\/wp\/v2\/pwb-brand?post=23101"},{"taxonomy":"product_brand","embeddable":true,"href":"https:\/\/nirigs.com\/ar\/wp-json\/wp\/v2\/product_brand?post=23101"},{"taxonomy":"product_cat","embeddable":true,"href":"https:\/\/nirigs.com\/ar\/wp-json\/wp\/v2\/product_cat?post=23101"},{"taxonomy":"product_tag","embeddable":true,"href":"https:\/\/nirigs.com\/ar\/wp-json\/wp\/v2\/product_tag?post=23101"}],"curies":[{"name":"wp","href":"https:\/\/api.w.org\/{rel}","templated":true}]}}