{"id":23100,"date":"2024-10-06T17:59:59","date_gmt":"2024-10-06T14:59:59","guid":{"rendered":"https:\/\/nirigs.com\/produit\/bahar-miel-en-peigne-500-g\/"},"modified":"2025-03-13T17:19:43","modified_gmt":"2025-03-13T14:19:43","slug":"bahar-miel-en-peigne-500-g","status":"publish","type":"product","link":"https:\/\/nirigs.com\/ar\/product\/bahar-miel-en-peigne-500-g\/","title":{"rendered":"\u0628\u062d\u0631 \u2013 \u0642\u0631\u0635 \u0627\u0644\u0639\u0633\u0644 \u2013 500 \u062c\u0631\u0627\u0645"},"content":{"rendered":"<p>Le miel en peigne Bahar est un produit naturel de qualit\u00e9 sup\u00e9rieure, directement extrait des ruches. Ce miel pur et cru est enferm\u00e9 dans sa cire, offrant une exp\u00e9rience authentique et d\u00e9licieuse. Parfait pour agr\u00e9menter vos plats, vos boissons ou simplement \u00e0 d\u00e9guster \u00e0 la cuill\u00e8re, il apporte une touche de douceur \u00e0 votre quotidien.<\/p>\n<h4>\u0645\u0643\u0648\u0646\u0627\u062a :<\/h4>\n<p>Miel brut en peigne (100 %).<\/p>\n<h4>\u0641\u0648\u0627\u0626\u062f :<\/h4>\n<ul>\n<li>Naturel et pur : Aucun additif ni conservateur, 100 % miel.<\/li>\n<li>Riche en nutriments : Contient des vitamines, min\u00e9raux et antioxydants.<\/li>\n<li>Facile \u00e0 utiliser : Pr\u00eat \u00e0 consommer, id\u00e9al pour des collations saines.<\/li>\n<li>Go\u00fbt unique : Saveur riche et douce, parfaite pour sucrer vos boissons ou plats.<\/li>\n<\/ul>\n<h4>\u062a\u0639\u0644\u064a\u0645\u0627\u062a :<\/h4>\n<ol>\n<li>Coupez un morceau de miel en peigne et savourez-le tel quel.<\/li>\n<li>Dissolvez-le dans une tasse de th\u00e9 ou de lait chaud pour une douceur naturelle.<\/li>\n<li>Utilisez-le pour garnir des cr\u00eapes, des gaufres ou des yaourts.<\/li>\n<li>Ajoutez-le \u00e0 des marinades ou des sauces pour une touche sucr\u00e9e.<\/li>\n<\/ol>\n<h4>\u0627\u062d\u062a\u064a\u0627\u0637\u0627\u062a:<\/h4>\n<ul>\n<li>Ne pas donner de miel aux enfants de moins de 12 mois en raison du risque de botulisme infantile.<\/li>\n<li>Conserver dans un endroit frais et sec, \u00e0 l&rsquo;abri de la lumi\u00e8re directe.<\/li>\n<li>V\u00e9rifier l&rsquo;int\u00e9grit\u00e9 de l&#8217;emballage avant utilisation.<\/li>\n<\/ul>","protected":false},"excerpt":{"rendered":"<p>Le miel en peigne Bahar est un produit naturel de qualit\u00e9 sup\u00e9rieure, directement extrait des ruches. Ce miel pur et<\/p>","protected":false},"featured_media":26389,"comment_status":"open","ping_status":"closed","template":"","meta":[],"pwb-brand":[1261],"product_brand":[],"product_cat":[944,275,945],"product_tag":[],"class_list":{"0":"post-23100","1":"product","2":"type-product","3":"status-publish","4":"has-post-thumbnail","6":"pwb-brand-bahar","7":"product_cat-confiture-miel-et-pate-a-tartiner","8":"product_cat-epicerie","9":"product_cat-miel-confiture-miel-et-pate-a-tartiner","11":"first","12":"instock","13":"shipping-taxable","14":"purchasable","15":"product-type-simple"},"yoast_head":"<!-- This site is optimized with the Yoast SEO plugin v27.1.1 - https:\/\/yoast.com\/product\/yoast-seo-wordpress\/ -->\n<title>Bahar - Miel en peigne - 500 g - NIRIGS<\/title>\n<meta name=\"robots\" content=\"index, follow, max-snippet:-1, max-image-preview:large, max-video-preview:-1\" \/>\n<link rel=\"canonical\" href=\"https:\/\/nirigs.com\/ar\/product\/bahar-miel-en-peigne-500-g\/\" \/>\n<meta property=\"og:locale\" content=\"ar_AR\" \/>\n<meta property=\"og:type\" content=\"article\" \/>\n<meta property=\"og:title\" content=\"Bahar - Miel en peigne - 500 g - NIRIGS\" \/>\n<meta property=\"og:description\" content=\"Le miel en peigne Bahar est un produit naturel de qualit\u00e9 sup\u00e9rieure, directement extrait des ruches. Ce miel pur et\" \/>\n<meta property=\"og:url\" content=\"https:\/\/nirigs.com\/ar\/product\/bahar-miel-en-peigne-500-g\/\" \/>\n<meta property=\"og:site_name\" content=\"NIRIGS\" \/>\n<meta property=\"article:modified_time\" content=\"2025-03-13T14:19:43+00:00\" \/>\n<meta property=\"og:image\" content=\"https:\/\/nirigs.com\/wp-content\/uploads\/2024\/10\/Bahar-Miel-en-peigne-500-g-1.jpg\" \/>\n\t<meta property=\"og:image:width\" content=\"1000\" \/>\n\t<meta property=\"og:image:height\" content=\"1000\" \/>\n\t<meta property=\"og:image:type\" content=\"image\/jpeg\" \/>\n<meta name=\"twitter:card\" content=\"summary_large_image\" \/>\n<meta name=\"twitter:label1\" content=\"\u0648\u0642\u062a \u0627\u0644\u0642\u0631\u0627\u0621\u0629 \u0627\u0644\u0645\u064f\u0642\u062f\u0651\u0631\" \/>\n\t<meta name=\"twitter:data1\" content=\"\u062f\u0642\u064a\u0642\u0629 \u0648\u0627\u062d\u062f\u0629\" \/>\n<script type=\"application\/ld+json\" class=\"yoast-schema-graph\">{\"@context\":\"https:\/\/schema.org\",\"@graph\":[{\"@type\":\"WebPage\",\"@id\":\"https:\/\/nirigs.com\/en\/product\/bahar-miel-en-peigne-500-g\/\",\"url\":\"https:\/\/nirigs.com\/en\/product\/bahar-miel-en-peigne-500-g\/\",\"name\":\"Bahar - Miel en peigne - 500 g - NIRIGS\",\"isPartOf\":{\"@id\":\"https:\/\/nirigs.com\/#website\"},\"primaryImageOfPage\":{\"@id\":\"https:\/\/nirigs.com\/en\/product\/bahar-miel-en-peigne-500-g\/#primaryimage\"},\"image\":{\"@id\":\"https:\/\/nirigs.com\/en\/product\/bahar-miel-en-peigne-500-g\/#primaryimage\"},\"thumbnailUrl\":\"https:\/\/nirigs.com\/wp-content\/uploads\/2024\/10\/Bahar-Miel-en-peigne-500-g-1.jpg\",\"datePublished\":\"2024-10-06T14:59:59+00:00\",\"dateModified\":\"2025-03-13T14:19:43+00:00\",\"breadcrumb\":{\"@id\":\"https:\/\/nirigs.com\/en\/product\/bahar-miel-en-peigne-500-g\/#breadcrumb\"},\"inLanguage\":\"ar\",\"potentialAction\":[{\"@type\":\"ReadAction\",\"target\":[\"https:\/\/nirigs.com\/en\/product\/bahar-miel-en-peigne-500-g\/\"]}]},{\"@type\":\"ImageObject\",\"inLanguage\":\"ar\",\"@id\":\"https:\/\/nirigs.com\/en\/product\/bahar-miel-en-peigne-500-g\/#primaryimage\",\"url\":\"https:\/\/nirigs.com\/wp-content\/uploads\/2024\/10\/Bahar-Miel-en-peigne-500-g-1.jpg\",\"contentUrl\":\"https:\/\/nirigs.com\/wp-content\/uploads\/2024\/10\/Bahar-Miel-en-peigne-500-g-1.jpg\",\"width\":1000,\"height\":1000},{\"@type\":\"BreadcrumbList\",\"@id\":\"https:\/\/nirigs.com\/en\/product\/bahar-miel-en-peigne-500-g\/#breadcrumb\",\"itemListElement\":[{\"@type\":\"ListItem\",\"position\":1,\"name\":\"Home\",\"item\":\"https:\/\/nirigs.com\/\"},{\"@type\":\"ListItem\",\"position\":2,\"name\":\"Parcourir\",\"item\":\"https:\/\/nirigs.com\/boutique\/\"},{\"@type\":\"ListItem\",\"position\":3,\"name\":\"Bahar &#8211; Miel en peigne &#8211; 500 g\"}]},{\"@type\":\"WebSite\",\"@id\":\"https:\/\/nirigs.com\/#website\",\"url\":\"https:\/\/nirigs.com\/\",\"name\":\"Nirigs.com\",\"description\":\"Simplifiez vos achats du quotidien \u00e0 Djibouti\",\"publisher\":{\"@id\":\"https:\/\/nirigs.com\/#organization\"},\"potentialAction\":[{\"@type\":\"SearchAction\",\"target\":{\"@type\":\"EntryPoint\",\"urlTemplate\":\"https:\/\/nirigs.com\/?s={search_term_string}\"},\"query-input\":{\"@type\":\"PropertyValueSpecification\",\"valueRequired\":true,\"valueName\":\"search_term_string\"}}],\"inLanguage\":\"ar\"},{\"@type\":\"Organization\",\"@id\":\"https:\/\/nirigs.com\/#organization\",\"name\":\"Nirigs\",\"url\":\"https:\/\/nirigs.com\/\",\"logo\":{\"@type\":\"ImageObject\",\"inLanguage\":\"ar\",\"@id\":\"https:\/\/nirigs.com\/#\/schema\/logo\/image\/\",\"url\":\"https:\/\/nirigs.com\/wp-content\/uploads\/2025\/04\/Design-sans-titre-27.png\",\"contentUrl\":\"https:\/\/nirigs.com\/wp-content\/uploads\/2025\/04\/Design-sans-titre-27.png\",\"width\":500,\"height\":500,\"caption\":\"Nirigs\"},\"image\":{\"@id\":\"https:\/\/nirigs.com\/#\/schema\/logo\/image\/\"}}]}<\/script>\n<!-- \/ Yoast SEO plugin. -->","yoast_head_json":{"title":"Bahar - Miel en peigne - 500 g - NIRIGS","robots":{"index":"index","follow":"follow","max-snippet":"max-snippet:-1","max-image-preview":"max-image-preview:large","max-video-preview":"max-video-preview:-1"},"canonical":"https:\/\/nirigs.com\/ar\/product\/bahar-miel-en-peigne-500-g\/","og_locale":"ar_AR","og_type":"article","og_title":"Bahar - Miel en peigne - 500 g - NIRIGS","og_description":"Le miel en peigne Bahar est un produit naturel de qualit\u00e9 sup\u00e9rieure, directement extrait des ruches. Ce miel pur et","og_url":"https:\/\/nirigs.com\/ar\/product\/bahar-miel-en-peigne-500-g\/","og_site_name":"NIRIGS","article_modified_time":"2025-03-13T14:19:43+00:00","og_image":[{"width":1000,"height":1000,"url":"https:\/\/nirigs.com\/wp-content\/uploads\/2024\/10\/Bahar-Miel-en-peigne-500-g-1.jpg","type":"image\/jpeg"}],"twitter_card":"summary_large_image","twitter_misc":{"\u0648\u0642\u062a \u0627\u0644\u0642\u0631\u0627\u0621\u0629 \u0627\u0644\u0645\u064f\u0642\u062f\u0651\u0631":"\u062f\u0642\u064a\u0642\u0629 \u0648\u0627\u062d\u062f\u0629"},"schema":{"@context":"https:\/\/schema.org","@graph":[{"@type":"WebPage","@id":"https:\/\/nirigs.com\/en\/product\/bahar-miel-en-peigne-500-g\/","url":"https:\/\/nirigs.com\/en\/product\/bahar-miel-en-peigne-500-g\/","name":"Bahar - Miel en peigne - 500 g - NIRIGS","isPartOf":{"@id":"https:\/\/nirigs.com\/#website"},"primaryImageOfPage":{"@id":"https:\/\/nirigs.com\/en\/product\/bahar-miel-en-peigne-500-g\/#primaryimage"},"image":{"@id":"https:\/\/nirigs.com\/en\/product\/bahar-miel-en-peigne-500-g\/#primaryimage"},"thumbnailUrl":"https:\/\/nirigs.com\/wp-content\/uploads\/2024\/10\/Bahar-Miel-en-peigne-500-g-1.jpg","datePublished":"2024-10-06T14:59:59+00:00","dateModified":"2025-03-13T14:19:43+00:00","breadcrumb":{"@id":"https:\/\/nirigs.com\/en\/product\/bahar-miel-en-peigne-500-g\/#breadcrumb"},"inLanguage":"ar","potentialAction":[{"@type":"ReadAction","target":["https:\/\/nirigs.com\/en\/product\/bahar-miel-en-peigne-500-g\/"]}]},{"@type":"ImageObject","inLanguage":"ar","@id":"https:\/\/nirigs.com\/en\/product\/bahar-miel-en-peigne-500-g\/#primaryimage","url":"https:\/\/nirigs.com\/wp-content\/uploads\/2024\/10\/Bahar-Miel-en-peigne-500-g-1.jpg","contentUrl":"https:\/\/nirigs.com\/wp-content\/uploads\/2024\/10\/Bahar-Miel-en-peigne-500-g-1.jpg","width":1000,"height":1000},{"@type":"BreadcrumbList","@id":"https:\/\/nirigs.com\/en\/product\/bahar-miel-en-peigne-500-g\/#breadcrumb","itemListElement":[{"@type":"ListItem","position":1,"name":"Home","item":"https:\/\/nirigs.com\/"},{"@type":"ListItem","position":2,"name":"Parcourir","item":"https:\/\/nirigs.com\/boutique\/"},{"@type":"ListItem","position":3,"name":"Bahar &#8211; Miel en peigne &#8211; 500 g"}]},{"@type":"WebSite","@id":"https:\/\/nirigs.com\/#website","url":"https:\/\/nirigs.com\/","name":"Nirigs.com","description":"Simplifiez vos achats du quotidien \u00e0 Djibouti","publisher":{"@id":"https:\/\/nirigs.com\/#organization"},"potentialAction":[{"@type":"SearchAction","target":{"@type":"EntryPoint","urlTemplate":"https:\/\/nirigs.com\/?s={search_term_string}"},"query-input":{"@type":"PropertyValueSpecification","valueRequired":true,"valueName":"search_term_string"}}],"inLanguage":"ar"},{"@type":"Organization","@id":"https:\/\/nirigs.com\/#organization","name":"\u0646\u064a\u0631\u064a\u062c\u0633","url":"https:\/\/nirigs.com\/","logo":{"@type":"ImageObject","inLanguage":"ar","@id":"https:\/\/nirigs.com\/#\/schema\/logo\/image\/","url":"https:\/\/nirigs.com\/wp-content\/uploads\/2025\/04\/Design-sans-titre-27.png","contentUrl":"https:\/\/nirigs.com\/wp-content\/uploads\/2025\/04\/Design-sans-titre-27.png","width":500,"height":500,"caption":"Nirigs"},"image":{"@id":"https:\/\/nirigs.com\/#\/schema\/logo\/image\/"}}]}},"brands":[{"id":1261,"name":"Bahar","slug":"bahar"}],"_links":{"self":[{"href":"https:\/\/nirigs.com\/ar\/wp-json\/wp\/v2\/product\/23100","targetHints":{"allow":["GET"]}}],"collection":[{"href":"https:\/\/nirigs.com\/ar\/wp-json\/wp\/v2\/product"}],"about":[{"href":"https:\/\/nirigs.com\/ar\/wp-json\/wp\/v2\/types\/product"}],"replies":[{"embeddable":true,"href":"https:\/\/nirigs.com\/ar\/wp-json\/wp\/v2\/comments?post=23100"}],"version-history":[{"count":2,"href":"https:\/\/nirigs.com\/ar\/wp-json\/wp\/v2\/product\/23100\/revisions"}],"predecessor-version":[{"id":26391,"href":"https:\/\/nirigs.com\/ar\/wp-json\/wp\/v2\/product\/23100\/revisions\/26391"}],"wp:featuredmedia":[{"embeddable":true,"href":"https:\/\/nirigs.com\/ar\/wp-json\/wp\/v2\/media\/26389"}],"wp:attachment":[{"href":"https:\/\/nirigs.com\/ar\/wp-json\/wp\/v2\/media?parent=23100"}],"wp:term":[{"taxonomy":"pwb-brand","embeddable":true,"href":"https:\/\/nirigs.com\/ar\/wp-json\/wp\/v2\/pwb-brand?post=23100"},{"taxonomy":"product_brand","embeddable":true,"href":"https:\/\/nirigs.com\/ar\/wp-json\/wp\/v2\/product_brand?post=23100"},{"taxonomy":"product_cat","embeddable":true,"href":"https:\/\/nirigs.com\/ar\/wp-json\/wp\/v2\/product_cat?post=23100"},{"taxonomy":"product_tag","embeddable":true,"href":"https:\/\/nirigs.com\/ar\/wp-json\/wp\/v2\/product_tag?post=23100"}],"curies":[{"name":"wp","href":"https:\/\/api.w.org\/{rel}","templated":true}]}}