{"id":23081,"date":"2024-10-06T17:59:52","date_gmt":"2024-10-06T14:59:52","guid":{"rendered":"https:\/\/nirigs.com\/produit\/mr-breakfast-fit-grain-cereales-completes-avec-fruits-tropical-375-g\/"},"modified":"2025-03-13T17:26:49","modified_gmt":"2025-03-13T14:26:49","slug":"mr-breakfast-fit-grain-cereales-completes-avec-fruits-tropical-375-g","status":"publish","type":"product","link":"https:\/\/nirigs.com\/ar\/product\/mr-breakfast-fit-grain-cereales-completes-avec-fruits-tropical-375-g\/","title":{"rendered":"Mr.Breakfast &#8211; Fit grain &#8211; C\u00e9r\u00e9ales compl\u00e8tes avec fruits tropical &#8211; 375 g"},"content":{"rendered":"<p>Les c\u00e9r\u00e9ales compl\u00e8tes Mr.Breakfast &#8211; Fit Grain sont con\u00e7ues pour ceux qui souhaitent d\u00e9marrer leur journ\u00e9e avec un petit-d\u00e9jeuner sain et nourrissant. Enrichies de fruits tropicaux savoureux, elles offrent une combinaison parfaite de go\u00fbt et de bienfaits nutritionnels, tout en \u00e9tant une source id\u00e9ale de fibres.<\/p>\n<h4>\u0645\u0643\u0648\u0646\u0627\u062a :<\/h4>\n<p>Flocons d\u2019avoine complets, flocons de bl\u00e9 complets, fruits tropicaux d\u00e9shydrat\u00e9s (mangue, ananas, banane), sucre de canne, sirop de glucose, ar\u00f4me naturel, sel, vitamines et min\u00e9raux (selon les sp\u00e9cifications).<\/p>\n<h4>\u0641\u0648\u0627\u0626\u062f :<\/h4>\n<ul>\n<li>Riche en fibres : Contribue \u00e0 une bonne digestion et favorise la sati\u00e9t\u00e9.<\/li>\n<li>Source de vitamines : Les fruits tropicaux apportent des antioxydants et des nutriments essentiels.<\/li>\n<li>Sans additifs artificiels : Un choix sain pour toute la famille.<\/li>\n<li>\u00c9nergie durable : Fournit une \u00e9nergie longue dur\u00e9e pour bien commencer la journ\u00e9e.<\/li>\n<li>Facile \u00e0 pr\u00e9parer : Pr\u00eate en quelques minutes, id\u00e9ale pour les matins press\u00e9s.<\/li>\n<\/ul>\n<h4>\u062a\u0639\u0644\u064a\u0645\u0627\u062a :<\/h4>\n<ol>\n<li>Versez une portion de c\u00e9r\u00e9ales (environ 40 g) dans un bol.<\/li>\n<li>Ajoutez du lait, du yaourt ou une boisson v\u00e9g\u00e9tale selon votre pr\u00e9f\u00e9rence.<\/li>\n<li>Pour plus de go\u00fbt, vous pouvez agr\u00e9menter avec des fruits frais ou des noix.<\/li>\n<li>M\u00e9langez et savourez votre petit-d\u00e9jeuner nutritif !<\/li>\n<\/ol>\n<h4>\u0627\u062d\u062a\u064a\u0627\u0637\u0627\u062a:<\/h4>\n<ul>\n<li>Conserver dans un endroit frais et sec.<\/li>\n<li>\u0627\u0644\u062a\u062d\u0642\u0642 \u0645\u0646 \u062a\u0627\u0631\u064a\u062e \u0627\u0646\u062a\u0647\u0627\u0621 \u0627\u0644\u0635\u0644\u0627\u062d\u064a\u0629 \u0642\u0628\u0644 \u0627\u0644\u0627\u0633\u062a\u0647\u0644\u0627\u0643.<\/li>\n<li>Contient des c\u00e9r\u00e9ales contenant du gluten (bl\u00e9 et avoine) ; ne convient pas aux personnes atteintes de la maladie c\u0153liaque.<\/li>\n<li>Peut contenir des traces de fruits \u00e0 coque et de graines.<\/li>\n<\/ul>","protected":false},"excerpt":{"rendered":"<p>Les c\u00e9r\u00e9ales compl\u00e8tes Mr.Breakfast &#8211; Fit Grain sont con\u00e7ues pour ceux qui souhaitent d\u00e9marrer leur journ\u00e9e avec un petit-d\u00e9jeuner sain<\/p>","protected":false},"featured_media":26627,"comment_status":"open","ping_status":"closed","template":"","meta":[],"pwb-brand":[1264],"product_brand":[],"product_cat":[941,942,275],"product_tag":[],"class_list":{"0":"post-23081","1":"product","2":"type-product","3":"status-publish","4":"has-post-thumbnail","6":"pwb-brand-mr-breakfast","7":"product_cat-cereales-pour-petit-dejeuner","8":"product_cat-cereales-pretes-a-consommer","9":"product_cat-epicerie","11":"first","12":"instock","13":"shipping-taxable","14":"purchasable","15":"product-type-simple"},"yoast_head":"<!-- This site is optimized with the Yoast SEO plugin v27.4 - https:\/\/yoast.com\/product\/yoast-seo-wordpress\/ -->\n<title>Mr.Breakfast - Fit grain - C\u00e9r\u00e9ales compl\u00e8tes avec fruits tropical - 375 g - NIRIGS<\/title>\n<meta name=\"robots\" content=\"index, follow, max-snippet:-1, max-image-preview:large, max-video-preview:-1\" \/>\n<link rel=\"canonical\" href=\"https:\/\/nirigs.com\/ar\/product\/mr-breakfast-fit-grain-cereales-completes-avec-fruits-tropical-375-g\/\" \/>\n<meta property=\"og:locale\" content=\"ar_AR\" \/>\n<meta property=\"og:type\" content=\"article\" \/>\n<meta property=\"og:title\" content=\"Mr.Breakfast - Fit grain - C\u00e9r\u00e9ales compl\u00e8tes avec fruits tropical - 375 g - NIRIGS\" \/>\n<meta property=\"og:description\" content=\"Les c\u00e9r\u00e9ales compl\u00e8tes Mr.Breakfast &#8211; Fit Grain sont con\u00e7ues pour ceux qui souhaitent d\u00e9marrer leur journ\u00e9e avec un petit-d\u00e9jeuner sain\" \/>\n<meta property=\"og:url\" content=\"https:\/\/nirigs.com\/ar\/product\/mr-breakfast-fit-grain-cereales-completes-avec-fruits-tropical-375-g\/\" \/>\n<meta property=\"og:site_name\" content=\"NIRIGS\" \/>\n<meta property=\"article:modified_time\" content=\"2025-03-13T14:26:49+00:00\" \/>\n<meta property=\"og:image\" content=\"https:\/\/nirigs.com\/wp-content\/uploads\/2024\/10\/Mr.Breakfast-Fit-grain-Cereales-completes-avec-fruits-tropical-375-g.jpg\" \/>\n\t<meta property=\"og:image:width\" content=\"1000\" \/>\n\t<meta property=\"og:image:height\" content=\"1000\" \/>\n\t<meta property=\"og:image:type\" content=\"image\/jpeg\" \/>\n<meta name=\"twitter:card\" content=\"summary_large_image\" \/>\n<meta name=\"twitter:label1\" content=\"\u0648\u0642\u062a \u0627\u0644\u0642\u0631\u0627\u0621\u0629 \u0627\u0644\u0645\u064f\u0642\u062f\u0651\u0631\" \/>\n\t<meta name=\"twitter:data1\" content=\"\u062f\u0642\u064a\u0642\u0629 \u0648\u0627\u062d\u062f\u0629\" \/>\n<script type=\"application\/ld+json\" class=\"yoast-schema-graph\">{\"@context\":\"https:\\\/\\\/schema.org\",\"@graph\":[{\"@type\":\"WebPage\",\"@id\":\"https:\\\/\\\/nirigs.com\\\/en\\\/product\\\/mr-breakfast-fit-grain-cereales-completes-avec-fruits-tropical-375-g\\\/\",\"url\":\"https:\\\/\\\/nirigs.com\\\/en\\\/product\\\/mr-breakfast-fit-grain-cereales-completes-avec-fruits-tropical-375-g\\\/\",\"name\":\"Mr.Breakfast - Fit grain - C\u00e9r\u00e9ales compl\u00e8tes avec fruits tropical - 375 g - NIRIGS\",\"isPartOf\":{\"@id\":\"https:\\\/\\\/nirigs.com\\\/#website\"},\"primaryImageOfPage\":{\"@id\":\"https:\\\/\\\/nirigs.com\\\/en\\\/product\\\/mr-breakfast-fit-grain-cereales-completes-avec-fruits-tropical-375-g\\\/#primaryimage\"},\"image\":{\"@id\":\"https:\\\/\\\/nirigs.com\\\/en\\\/product\\\/mr-breakfast-fit-grain-cereales-completes-avec-fruits-tropical-375-g\\\/#primaryimage\"},\"thumbnailUrl\":\"https:\\\/\\\/nirigs.com\\\/wp-content\\\/uploads\\\/2024\\\/10\\\/Mr.Breakfast-Fit-grain-Cereales-completes-avec-fruits-tropical-375-g.jpg\",\"datePublished\":\"2024-10-06T14:59:52+00:00\",\"dateModified\":\"2025-03-13T14:26:49+00:00\",\"breadcrumb\":{\"@id\":\"https:\\\/\\\/nirigs.com\\\/en\\\/product\\\/mr-breakfast-fit-grain-cereales-completes-avec-fruits-tropical-375-g\\\/#breadcrumb\"},\"inLanguage\":\"ar\",\"potentialAction\":[{\"@type\":\"ReadAction\",\"target\":[\"https:\\\/\\\/nirigs.com\\\/en\\\/product\\\/mr-breakfast-fit-grain-cereales-completes-avec-fruits-tropical-375-g\\\/\"]}]},{\"@type\":\"ImageObject\",\"inLanguage\":\"ar\",\"@id\":\"https:\\\/\\\/nirigs.com\\\/en\\\/product\\\/mr-breakfast-fit-grain-cereales-completes-avec-fruits-tropical-375-g\\\/#primaryimage\",\"url\":\"https:\\\/\\\/nirigs.com\\\/wp-content\\\/uploads\\\/2024\\\/10\\\/Mr.Breakfast-Fit-grain-Cereales-completes-avec-fruits-tropical-375-g.jpg\",\"contentUrl\":\"https:\\\/\\\/nirigs.com\\\/wp-content\\\/uploads\\\/2024\\\/10\\\/Mr.Breakfast-Fit-grain-Cereales-completes-avec-fruits-tropical-375-g.jpg\",\"width\":1000,\"height\":1000},{\"@type\":\"BreadcrumbList\",\"@id\":\"https:\\\/\\\/nirigs.com\\\/en\\\/product\\\/mr-breakfast-fit-grain-cereales-completes-avec-fruits-tropical-375-g\\\/#breadcrumb\",\"itemListElement\":[{\"@type\":\"ListItem\",\"position\":1,\"name\":\"Home\",\"item\":\"https:\\\/\\\/nirigs.com\\\/\"},{\"@type\":\"ListItem\",\"position\":2,\"name\":\"Parcourir\",\"item\":\"https:\\\/\\\/nirigs.com\\\/boutique\\\/\"},{\"@type\":\"ListItem\",\"position\":3,\"name\":\"Mr.Breakfast &#8211; Fit grain &#8211; C\u00e9r\u00e9ales compl\u00e8tes avec fruits tropical &#8211; 375 g\"}]},{\"@type\":\"WebSite\",\"@id\":\"https:\\\/\\\/nirigs.com\\\/#website\",\"url\":\"https:\\\/\\\/nirigs.com\\\/\",\"name\":\"Nirigs.com\",\"description\":\"Simplifiez vos achats du quotidien \u00e0 Djibouti\",\"publisher\":{\"@id\":\"https:\\\/\\\/nirigs.com\\\/#organization\"},\"potentialAction\":[{\"@type\":\"SearchAction\",\"target\":{\"@type\":\"EntryPoint\",\"urlTemplate\":\"https:\\\/\\\/nirigs.com\\\/?s={search_term_string}\"},\"query-input\":{\"@type\":\"PropertyValueSpecification\",\"valueRequired\":true,\"valueName\":\"search_term_string\"}}],\"inLanguage\":\"ar\"},{\"@type\":\"Organization\",\"@id\":\"https:\\\/\\\/nirigs.com\\\/#organization\",\"name\":\"Nirigs\",\"url\":\"https:\\\/\\\/nirigs.com\\\/\",\"logo\":{\"@type\":\"ImageObject\",\"inLanguage\":\"ar\",\"@id\":\"https:\\\/\\\/nirigs.com\\\/#\\\/schema\\\/logo\\\/image\\\/\",\"url\":\"https:\\\/\\\/nirigs.com\\\/wp-content\\\/uploads\\\/2025\\\/04\\\/Design-sans-titre-27.png\",\"contentUrl\":\"https:\\\/\\\/nirigs.com\\\/wp-content\\\/uploads\\\/2025\\\/04\\\/Design-sans-titre-27.png\",\"width\":500,\"height\":500,\"caption\":\"Nirigs\"},\"image\":{\"@id\":\"https:\\\/\\\/nirigs.com\\\/#\\\/schema\\\/logo\\\/image\\\/\"}}]}<\/script>\n<!-- \/ Yoast SEO plugin. -->","yoast_head_json":{"title":"Mr.Breakfast - Fit grain - C\u00e9r\u00e9ales compl\u00e8tes avec fruits tropical - 375 g - NIRIGS","robots":{"index":"index","follow":"follow","max-snippet":"max-snippet:-1","max-image-preview":"max-image-preview:large","max-video-preview":"max-video-preview:-1"},"canonical":"https:\/\/nirigs.com\/ar\/product\/mr-breakfast-fit-grain-cereales-completes-avec-fruits-tropical-375-g\/","og_locale":"ar_AR","og_type":"article","og_title":"Mr.Breakfast - Fit grain - C\u00e9r\u00e9ales compl\u00e8tes avec fruits tropical - 375 g - NIRIGS","og_description":"Les c\u00e9r\u00e9ales compl\u00e8tes Mr.Breakfast &#8211; Fit Grain sont con\u00e7ues pour ceux qui souhaitent d\u00e9marrer leur journ\u00e9e avec un petit-d\u00e9jeuner sain","og_url":"https:\/\/nirigs.com\/ar\/product\/mr-breakfast-fit-grain-cereales-completes-avec-fruits-tropical-375-g\/","og_site_name":"NIRIGS","article_modified_time":"2025-03-13T14:26:49+00:00","og_image":[{"width":1000,"height":1000,"url":"https:\/\/nirigs.com\/wp-content\/uploads\/2024\/10\/Mr.Breakfast-Fit-grain-Cereales-completes-avec-fruits-tropical-375-g.jpg","type":"image\/jpeg"}],"twitter_card":"summary_large_image","twitter_misc":{"\u0648\u0642\u062a \u0627\u0644\u0642\u0631\u0627\u0621\u0629 \u0627\u0644\u0645\u064f\u0642\u062f\u0651\u0631":"\u062f\u0642\u064a\u0642\u0629 \u0648\u0627\u062d\u062f\u0629"},"schema":{"@context":"https:\/\/schema.org","@graph":[{"@type":"WebPage","@id":"https:\/\/nirigs.com\/en\/product\/mr-breakfast-fit-grain-cereales-completes-avec-fruits-tropical-375-g\/","url":"https:\/\/nirigs.com\/en\/product\/mr-breakfast-fit-grain-cereales-completes-avec-fruits-tropical-375-g\/","name":"Mr.Breakfast - Fit grain - C\u00e9r\u00e9ales compl\u00e8tes avec fruits tropical - 375 g - NIRIGS","isPartOf":{"@id":"https:\/\/nirigs.com\/#website"},"primaryImageOfPage":{"@id":"https:\/\/nirigs.com\/en\/product\/mr-breakfast-fit-grain-cereales-completes-avec-fruits-tropical-375-g\/#primaryimage"},"image":{"@id":"https:\/\/nirigs.com\/en\/product\/mr-breakfast-fit-grain-cereales-completes-avec-fruits-tropical-375-g\/#primaryimage"},"thumbnailUrl":"https:\/\/nirigs.com\/wp-content\/uploads\/2024\/10\/Mr.Breakfast-Fit-grain-Cereales-completes-avec-fruits-tropical-375-g.jpg","datePublished":"2024-10-06T14:59:52+00:00","dateModified":"2025-03-13T14:26:49+00:00","breadcrumb":{"@id":"https:\/\/nirigs.com\/en\/product\/mr-breakfast-fit-grain-cereales-completes-avec-fruits-tropical-375-g\/#breadcrumb"},"inLanguage":"ar","potentialAction":[{"@type":"ReadAction","target":["https:\/\/nirigs.com\/en\/product\/mr-breakfast-fit-grain-cereales-completes-avec-fruits-tropical-375-g\/"]}]},{"@type":"ImageObject","inLanguage":"ar","@id":"https:\/\/nirigs.com\/en\/product\/mr-breakfast-fit-grain-cereales-completes-avec-fruits-tropical-375-g\/#primaryimage","url":"https:\/\/nirigs.com\/wp-content\/uploads\/2024\/10\/Mr.Breakfast-Fit-grain-Cereales-completes-avec-fruits-tropical-375-g.jpg","contentUrl":"https:\/\/nirigs.com\/wp-content\/uploads\/2024\/10\/Mr.Breakfast-Fit-grain-Cereales-completes-avec-fruits-tropical-375-g.jpg","width":1000,"height":1000},{"@type":"BreadcrumbList","@id":"https:\/\/nirigs.com\/en\/product\/mr-breakfast-fit-grain-cereales-completes-avec-fruits-tropical-375-g\/#breadcrumb","itemListElement":[{"@type":"ListItem","position":1,"name":"Home","item":"https:\/\/nirigs.com\/"},{"@type":"ListItem","position":2,"name":"Parcourir","item":"https:\/\/nirigs.com\/boutique\/"},{"@type":"ListItem","position":3,"name":"Mr.Breakfast &#8211; Fit grain &#8211; C\u00e9r\u00e9ales compl\u00e8tes avec fruits tropical &#8211; 375 g"}]},{"@type":"WebSite","@id":"https:\/\/nirigs.com\/#website","url":"https:\/\/nirigs.com\/","name":"Nirigs.com","description":"Simplifiez vos achats du quotidien \u00e0 Djibouti","publisher":{"@id":"https:\/\/nirigs.com\/#organization"},"potentialAction":[{"@type":"SearchAction","target":{"@type":"EntryPoint","urlTemplate":"https:\/\/nirigs.com\/?s={search_term_string}"},"query-input":{"@type":"PropertyValueSpecification","valueRequired":true,"valueName":"search_term_string"}}],"inLanguage":"ar"},{"@type":"Organization","@id":"https:\/\/nirigs.com\/#organization","name":"\u0646\u064a\u0631\u064a\u062c\u0633","url":"https:\/\/nirigs.com\/","logo":{"@type":"ImageObject","inLanguage":"ar","@id":"https:\/\/nirigs.com\/#\/schema\/logo\/image\/","url":"https:\/\/nirigs.com\/wp-content\/uploads\/2025\/04\/Design-sans-titre-27.png","contentUrl":"https:\/\/nirigs.com\/wp-content\/uploads\/2025\/04\/Design-sans-titre-27.png","width":500,"height":500,"caption":"Nirigs"},"image":{"@id":"https:\/\/nirigs.com\/#\/schema\/logo\/image\/"}}]}},"brands":[{"id":1264,"name":"Mr.Breakfast","slug":"mr-breakfast"}],"_links":{"self":[{"href":"https:\/\/nirigs.com\/ar\/wp-json\/wp\/v2\/product\/23081","targetHints":{"allow":["GET"]}}],"collection":[{"href":"https:\/\/nirigs.com\/ar\/wp-json\/wp\/v2\/product"}],"about":[{"href":"https:\/\/nirigs.com\/ar\/wp-json\/wp\/v2\/types\/product"}],"replies":[{"embeddable":true,"href":"https:\/\/nirigs.com\/ar\/wp-json\/wp\/v2\/comments?post=23081"}],"version-history":[{"count":2,"href":"https:\/\/nirigs.com\/ar\/wp-json\/wp\/v2\/product\/23081\/revisions"}],"predecessor-version":[{"id":26628,"href":"https:\/\/nirigs.com\/ar\/wp-json\/wp\/v2\/product\/23081\/revisions\/26628"}],"wp:featuredmedia":[{"embeddable":true,"href":"https:\/\/nirigs.com\/ar\/wp-json\/wp\/v2\/media\/26627"}],"wp:attachment":[{"href":"https:\/\/nirigs.com\/ar\/wp-json\/wp\/v2\/media?parent=23081"}],"wp:term":[{"taxonomy":"pwb-brand","embeddable":true,"href":"https:\/\/nirigs.com\/ar\/wp-json\/wp\/v2\/pwb-brand?post=23081"},{"taxonomy":"product_brand","embeddable":true,"href":"https:\/\/nirigs.com\/ar\/wp-json\/wp\/v2\/product_brand?post=23081"},{"taxonomy":"product_cat","embeddable":true,"href":"https:\/\/nirigs.com\/ar\/wp-json\/wp\/v2\/product_cat?post=23081"},{"taxonomy":"product_tag","embeddable":true,"href":"https:\/\/nirigs.com\/ar\/wp-json\/wp\/v2\/product_tag?post=23081"}],"curies":[{"name":"wp","href":"https:\/\/api.w.org\/{rel}","templated":true}]}}