{"id":23079,"date":"2024-10-06T17:59:51","date_gmt":"2024-10-06T14:59:51","guid":{"rendered":"https:\/\/nirigs.com\/produit\/nestle-cereales-nesquik-bio-375-g\/"},"modified":"2025-03-13T17:26:59","modified_gmt":"2025-03-13T14:26:59","slug":"nestle-cereales-nesquik-bio-375-g","status":"publish","type":"product","link":"https:\/\/nirigs.com\/ar\/product\/nestle-cereales-nesquik-bio-375-g\/","title":{"rendered":"Nestl\u00e9 &#8211; C\u00e9r\u00e9ales nesquik bio &#8211; 375 g"},"content":{"rendered":"<p>Les C\u00e9r\u00e9ales Nesquik Bio sont une d\u00e9licieuse option de petit-d\u00e9jeuner pour les enfants et les adultes. Fabriqu\u00e9es \u00e0 partir d&rsquo;ingr\u00e9dients biologiques, elles allient le go\u00fbt chocolat\u00e9 que les enfants adorent avec une nutrition \u00e9quilibr\u00e9e, parfaites pour bien commencer la journ\u00e9e.<\/p>\n<h4>\u0645\u0643\u0648\u0646\u0627\u062a :<\/h4>\n<p>Flocons de ma\u00efs (55%), sucre de canne, poudre de cacao maigre (7%), sirop de glucose, huile de tournesol, sel; ar\u00f4mes naturels, vitamines (vitamine B1, B2, B6, D, et acide folique).<\/p>\n<p>* Ingr\u00e9dients issus de l&rsquo;agriculture biologique.<\/p>\n<h4>\u0641\u0648\u0627\u0626\u062f :<\/h4>\n<ul>\n<li>Biologiques : Certifi\u00e9 bio, sans pesticides ni herbicides.<\/li>\n<li>Riche en fibres : Favorise une digestion saine.<\/li>\n<li>Vitamines et min\u00e9raux : Contient des vitamines essentielles pour le d\u00e9veloppement des enfants.<\/li>\n<li>Sans huile de palme : Pour une consommation plus responsable.<\/li>\n<li>D\u00e9licieux go\u00fbt chocolat\u00e9 : Appr\u00e9ci\u00e9 par les enfants, encourageant une alimentation saine.<\/li>\n<\/ul>\n<h4>\u062a\u0639\u0644\u064a\u0645\u0627\u062a :<\/h4>\n<ol>\n<li>Versez une portion de C\u00e9r\u00e9ales Nesquik Bio dans un bol.<\/li>\n<li>Ajoutez du lait froid ou chaud selon votre pr\u00e9f\u00e9rence.<\/li>\n<li>M\u00e9langez et savourez votre petit-d\u00e9jeuner ou en-cas.<\/li>\n<li>Pour plus de plaisir, vous pouvez ajouter des fruits frais ou des noix.<\/li>\n<\/ol>\n<h4>\u0627\u062d\u062a\u064a\u0627\u0637\u0627\u062a:<\/h4>\n<ul>\n<li>Conserver dans un endroit frais et sec, \u00e0 l&rsquo;abri de la lumi\u00e8re.<\/li>\n<li>Ne pas d\u00e9passer la dose recommand\u00e9e si le produit est utilis\u00e9 dans le cadre d&rsquo;une alimentation \u00e9quilibr\u00e9e.<\/li>\n<li>Contient des allerg\u00e8nes potentiels : c\u00e9r\u00e9ales contenant du gluten. V\u00e9rifiez toujours la liste des ingr\u00e9dients pour d&rsquo;\u00e9ventuelles allergies.<\/li>\n<\/ul>","protected":false},"excerpt":{"rendered":"<p>Les C\u00e9r\u00e9ales Nesquik Bio sont une d\u00e9licieuse option de petit-d\u00e9jeuner pour les enfants et les adultes. Fabriqu\u00e9es \u00e0 partir d&rsquo;ingr\u00e9dients<\/p>","protected":false},"featured_media":26634,"comment_status":"open","ping_status":"closed","template":"","meta":[],"pwb-brand":[1161],"product_brand":[],"product_cat":[941,942,275],"product_tag":[],"class_list":{"0":"post-23079","1":"product","2":"type-product","3":"status-publish","4":"has-post-thumbnail","6":"pwb-brand-nestle","7":"product_cat-cereales-pour-petit-dejeuner","8":"product_cat-cereales-pretes-a-consommer","9":"product_cat-epicerie","11":"first","12":"instock","13":"shipping-taxable","14":"purchasable","15":"product-type-simple"},"yoast_head":"<!-- This site is optimized with the Yoast SEO plugin v27.1.1 - https:\/\/yoast.com\/product\/yoast-seo-wordpress\/ -->\n<title>Nestl\u00e9 - C\u00e9r\u00e9ales nesquik bio - 375 g - NIRIGS<\/title>\n<meta name=\"robots\" content=\"index, follow, max-snippet:-1, max-image-preview:large, max-video-preview:-1\" \/>\n<link rel=\"canonical\" href=\"https:\/\/nirigs.com\/ar\/product\/nestle-cereales-nesquik-bio-375-g\/\" \/>\n<meta property=\"og:locale\" content=\"ar_AR\" \/>\n<meta property=\"og:type\" content=\"article\" \/>\n<meta property=\"og:title\" content=\"Nestl\u00e9 - C\u00e9r\u00e9ales nesquik bio - 375 g - NIRIGS\" \/>\n<meta property=\"og:description\" content=\"Les C\u00e9r\u00e9ales Nesquik Bio sont une d\u00e9licieuse option de petit-d\u00e9jeuner pour les enfants et les adultes. Fabriqu\u00e9es \u00e0 partir d&rsquo;ingr\u00e9dients\" \/>\n<meta property=\"og:url\" content=\"https:\/\/nirigs.com\/ar\/product\/nestle-cereales-nesquik-bio-375-g\/\" \/>\n<meta property=\"og:site_name\" content=\"NIRIGS\" \/>\n<meta property=\"article:modified_time\" content=\"2025-03-13T14:26:59+00:00\" \/>\n<meta property=\"og:image\" content=\"https:\/\/nirigs.com\/wp-content\/uploads\/2024\/10\/Nestle-Cereales-nesquik-bio-375-g.jpg\" \/>\n\t<meta property=\"og:image:width\" content=\"1000\" \/>\n\t<meta property=\"og:image:height\" content=\"1000\" \/>\n\t<meta property=\"og:image:type\" content=\"image\/jpeg\" \/>\n<meta name=\"twitter:card\" content=\"summary_large_image\" \/>\n<meta name=\"twitter:label1\" content=\"\u0648\u0642\u062a \u0627\u0644\u0642\u0631\u0627\u0621\u0629 \u0627\u0644\u0645\u064f\u0642\u062f\u0651\u0631\" \/>\n\t<meta name=\"twitter:data1\" content=\"\u062f\u0642\u064a\u0642\u0629 \u0648\u0627\u062d\u062f\u0629\" \/>\n<script type=\"application\/ld+json\" class=\"yoast-schema-graph\">{\"@context\":\"https:\/\/schema.org\",\"@graph\":[{\"@type\":\"WebPage\",\"@id\":\"https:\/\/nirigs.com\/product\/nestle-cereales-nesquik-bio-375-g\/\",\"url\":\"https:\/\/nirigs.com\/product\/nestle-cereales-nesquik-bio-375-g\/\",\"name\":\"Nestl\u00e9 - C\u00e9r\u00e9ales nesquik bio - 375 g - NIRIGS\",\"isPartOf\":{\"@id\":\"https:\/\/nirigs.com\/#website\"},\"primaryImageOfPage\":{\"@id\":\"https:\/\/nirigs.com\/product\/nestle-cereales-nesquik-bio-375-g\/#primaryimage\"},\"image\":{\"@id\":\"https:\/\/nirigs.com\/product\/nestle-cereales-nesquik-bio-375-g\/#primaryimage\"},\"thumbnailUrl\":\"https:\/\/nirigs.com\/wp-content\/uploads\/2024\/10\/Nestle-Cereales-nesquik-bio-375-g.jpg\",\"datePublished\":\"2024-10-06T14:59:51+00:00\",\"dateModified\":\"2025-03-13T14:26:59+00:00\",\"breadcrumb\":{\"@id\":\"https:\/\/nirigs.com\/product\/nestle-cereales-nesquik-bio-375-g\/#breadcrumb\"},\"inLanguage\":\"ar\",\"potentialAction\":[{\"@type\":\"ReadAction\",\"target\":[\"https:\/\/nirigs.com\/product\/nestle-cereales-nesquik-bio-375-g\/\"]}]},{\"@type\":\"ImageObject\",\"inLanguage\":\"ar\",\"@id\":\"https:\/\/nirigs.com\/product\/nestle-cereales-nesquik-bio-375-g\/#primaryimage\",\"url\":\"https:\/\/nirigs.com\/wp-content\/uploads\/2024\/10\/Nestle-Cereales-nesquik-bio-375-g.jpg\",\"contentUrl\":\"https:\/\/nirigs.com\/wp-content\/uploads\/2024\/10\/Nestle-Cereales-nesquik-bio-375-g.jpg\",\"width\":1000,\"height\":1000},{\"@type\":\"BreadcrumbList\",\"@id\":\"https:\/\/nirigs.com\/product\/nestle-cereales-nesquik-bio-375-g\/#breadcrumb\",\"itemListElement\":[{\"@type\":\"ListItem\",\"position\":1,\"name\":\"Home\",\"item\":\"https:\/\/nirigs.com\/\"},{\"@type\":\"ListItem\",\"position\":2,\"name\":\"Parcourir\",\"item\":\"https:\/\/nirigs.com\/boutique\/\"},{\"@type\":\"ListItem\",\"position\":3,\"name\":\"Nestl\u00e9 &#8211; C\u00e9r\u00e9ales nesquik bio &#8211; 375 g\"}]},{\"@type\":\"WebSite\",\"@id\":\"https:\/\/nirigs.com\/#website\",\"url\":\"https:\/\/nirigs.com\/\",\"name\":\"Nirigs.com\",\"description\":\"Simplifiez vos achats du quotidien \u00e0 Djibouti\",\"publisher\":{\"@id\":\"https:\/\/nirigs.com\/#organization\"},\"potentialAction\":[{\"@type\":\"SearchAction\",\"target\":{\"@type\":\"EntryPoint\",\"urlTemplate\":\"https:\/\/nirigs.com\/?s={search_term_string}\"},\"query-input\":{\"@type\":\"PropertyValueSpecification\",\"valueRequired\":true,\"valueName\":\"search_term_string\"}}],\"inLanguage\":\"ar\"},{\"@type\":\"Organization\",\"@id\":\"https:\/\/nirigs.com\/#organization\",\"name\":\"Nirigs\",\"url\":\"https:\/\/nirigs.com\/\",\"logo\":{\"@type\":\"ImageObject\",\"inLanguage\":\"ar\",\"@id\":\"https:\/\/nirigs.com\/#\/schema\/logo\/image\/\",\"url\":\"https:\/\/nirigs.com\/wp-content\/uploads\/2025\/04\/Design-sans-titre-27.png\",\"contentUrl\":\"https:\/\/nirigs.com\/wp-content\/uploads\/2025\/04\/Design-sans-titre-27.png\",\"width\":500,\"height\":500,\"caption\":\"Nirigs\"},\"image\":{\"@id\":\"https:\/\/nirigs.com\/#\/schema\/logo\/image\/\"}}]}<\/script>\n<!-- \/ Yoast SEO plugin. -->","yoast_head_json":{"title":"Nestl\u00e9 - C\u00e9r\u00e9ales nesquik bio - 375 g - NIRIGS","robots":{"index":"index","follow":"follow","max-snippet":"max-snippet:-1","max-image-preview":"max-image-preview:large","max-video-preview":"max-video-preview:-1"},"canonical":"https:\/\/nirigs.com\/ar\/product\/nestle-cereales-nesquik-bio-375-g\/","og_locale":"ar_AR","og_type":"article","og_title":"Nestl\u00e9 - C\u00e9r\u00e9ales nesquik bio - 375 g - NIRIGS","og_description":"Les C\u00e9r\u00e9ales Nesquik Bio sont une d\u00e9licieuse option de petit-d\u00e9jeuner pour les enfants et les adultes. Fabriqu\u00e9es \u00e0 partir d&rsquo;ingr\u00e9dients","og_url":"https:\/\/nirigs.com\/ar\/product\/nestle-cereales-nesquik-bio-375-g\/","og_site_name":"NIRIGS","article_modified_time":"2025-03-13T14:26:59+00:00","og_image":[{"width":1000,"height":1000,"url":"https:\/\/nirigs.com\/wp-content\/uploads\/2024\/10\/Nestle-Cereales-nesquik-bio-375-g.jpg","type":"image\/jpeg"}],"twitter_card":"summary_large_image","twitter_misc":{"\u0648\u0642\u062a \u0627\u0644\u0642\u0631\u0627\u0621\u0629 \u0627\u0644\u0645\u064f\u0642\u062f\u0651\u0631":"\u062f\u0642\u064a\u0642\u0629 \u0648\u0627\u062d\u062f\u0629"},"schema":{"@context":"https:\/\/schema.org","@graph":[{"@type":"WebPage","@id":"https:\/\/nirigs.com\/product\/nestle-cereales-nesquik-bio-375-g\/","url":"https:\/\/nirigs.com\/product\/nestle-cereales-nesquik-bio-375-g\/","name":"Nestl\u00e9 - C\u00e9r\u00e9ales nesquik bio - 375 g - NIRIGS","isPartOf":{"@id":"https:\/\/nirigs.com\/#website"},"primaryImageOfPage":{"@id":"https:\/\/nirigs.com\/product\/nestle-cereales-nesquik-bio-375-g\/#primaryimage"},"image":{"@id":"https:\/\/nirigs.com\/product\/nestle-cereales-nesquik-bio-375-g\/#primaryimage"},"thumbnailUrl":"https:\/\/nirigs.com\/wp-content\/uploads\/2024\/10\/Nestle-Cereales-nesquik-bio-375-g.jpg","datePublished":"2024-10-06T14:59:51+00:00","dateModified":"2025-03-13T14:26:59+00:00","breadcrumb":{"@id":"https:\/\/nirigs.com\/product\/nestle-cereales-nesquik-bio-375-g\/#breadcrumb"},"inLanguage":"ar","potentialAction":[{"@type":"ReadAction","target":["https:\/\/nirigs.com\/product\/nestle-cereales-nesquik-bio-375-g\/"]}]},{"@type":"ImageObject","inLanguage":"ar","@id":"https:\/\/nirigs.com\/product\/nestle-cereales-nesquik-bio-375-g\/#primaryimage","url":"https:\/\/nirigs.com\/wp-content\/uploads\/2024\/10\/Nestle-Cereales-nesquik-bio-375-g.jpg","contentUrl":"https:\/\/nirigs.com\/wp-content\/uploads\/2024\/10\/Nestle-Cereales-nesquik-bio-375-g.jpg","width":1000,"height":1000},{"@type":"BreadcrumbList","@id":"https:\/\/nirigs.com\/product\/nestle-cereales-nesquik-bio-375-g\/#breadcrumb","itemListElement":[{"@type":"ListItem","position":1,"name":"Home","item":"https:\/\/nirigs.com\/"},{"@type":"ListItem","position":2,"name":"Parcourir","item":"https:\/\/nirigs.com\/boutique\/"},{"@type":"ListItem","position":3,"name":"Nestl\u00e9 &#8211; C\u00e9r\u00e9ales nesquik bio &#8211; 375 g"}]},{"@type":"WebSite","@id":"https:\/\/nirigs.com\/#website","url":"https:\/\/nirigs.com\/","name":"Nirigs.com","description":"Simplifiez vos achats du quotidien \u00e0 Djibouti","publisher":{"@id":"https:\/\/nirigs.com\/#organization"},"potentialAction":[{"@type":"SearchAction","target":{"@type":"EntryPoint","urlTemplate":"https:\/\/nirigs.com\/?s={search_term_string}"},"query-input":{"@type":"PropertyValueSpecification","valueRequired":true,"valueName":"search_term_string"}}],"inLanguage":"ar"},{"@type":"Organization","@id":"https:\/\/nirigs.com\/#organization","name":"\u0646\u064a\u0631\u064a\u062c\u0633","url":"https:\/\/nirigs.com\/","logo":{"@type":"ImageObject","inLanguage":"ar","@id":"https:\/\/nirigs.com\/#\/schema\/logo\/image\/","url":"https:\/\/nirigs.com\/wp-content\/uploads\/2025\/04\/Design-sans-titre-27.png","contentUrl":"https:\/\/nirigs.com\/wp-content\/uploads\/2025\/04\/Design-sans-titre-27.png","width":500,"height":500,"caption":"Nirigs"},"image":{"@id":"https:\/\/nirigs.com\/#\/schema\/logo\/image\/"}}]}},"brands":[{"id":1161,"name":"Nestl\u00e9","slug":"nestle"}],"_links":{"self":[{"href":"https:\/\/nirigs.com\/ar\/wp-json\/wp\/v2\/product\/23079","targetHints":{"allow":["GET"]}}],"collection":[{"href":"https:\/\/nirigs.com\/ar\/wp-json\/wp\/v2\/product"}],"about":[{"href":"https:\/\/nirigs.com\/ar\/wp-json\/wp\/v2\/types\/product"}],"replies":[{"embeddable":true,"href":"https:\/\/nirigs.com\/ar\/wp-json\/wp\/v2\/comments?post=23079"}],"version-history":[{"count":2,"href":"https:\/\/nirigs.com\/ar\/wp-json\/wp\/v2\/product\/23079\/revisions"}],"predecessor-version":[{"id":26635,"href":"https:\/\/nirigs.com\/ar\/wp-json\/wp\/v2\/product\/23079\/revisions\/26635"}],"wp:featuredmedia":[{"embeddable":true,"href":"https:\/\/nirigs.com\/ar\/wp-json\/wp\/v2\/media\/26634"}],"wp:attachment":[{"href":"https:\/\/nirigs.com\/ar\/wp-json\/wp\/v2\/media?parent=23079"}],"wp:term":[{"taxonomy":"pwb-brand","embeddable":true,"href":"https:\/\/nirigs.com\/ar\/wp-json\/wp\/v2\/pwb-brand?post=23079"},{"taxonomy":"product_brand","embeddable":true,"href":"https:\/\/nirigs.com\/ar\/wp-json\/wp\/v2\/product_brand?post=23079"},{"taxonomy":"product_cat","embeddable":true,"href":"https:\/\/nirigs.com\/ar\/wp-json\/wp\/v2\/product_cat?post=23079"},{"taxonomy":"product_tag","embeddable":true,"href":"https:\/\/nirigs.com\/ar\/wp-json\/wp\/v2\/product_tag?post=23079"}],"curies":[{"name":"wp","href":"https:\/\/api.w.org\/{rel}","templated":true}]}}