{"id":23077,"date":"2024-10-06T17:59:51","date_gmt":"2024-10-06T14:59:51","guid":{"rendered":"https:\/\/nirigs.com\/produit\/casino-petales-de-ble-complet-et-fruits-500-g\/"},"modified":"2025-03-13T17:27:09","modified_gmt":"2025-03-13T14:27:09","slug":"casino-petales-de-ble-complet-et-fruits-500-g","status":"publish","type":"product","link":"https:\/\/nirigs.com\/ar\/product\/casino-petales-de-ble-complet-et-fruits-500-g\/","title":{"rendered":"Casino &#8211; P\u00e9tales de bl\u00e9 complet et fruits &#8211; 500 g"},"content":{"rendered":"<p>Les P\u00e9tales de Bl\u00e9 Complet et Fruits de Casino offrent un petit-d\u00e9jeuner \u00e9quilibr\u00e9 et savoureux, parfait pour bien d\u00e9marrer la journ\u00e9e. Compos\u00e9s principalement de bl\u00e9 complet, ces p\u00e9tales sont agr\u00e9ment\u00e9s de d\u00e9licieux morceaux de fruits secs pour un go\u00fbt naturellement sucr\u00e9 et une texture croquante. Ils constituent une excellente source de fibres et de vitamines, id\u00e9ales pour maintenir un bon \u00e9quilibre nutritionnel.<\/p>\n<h4>\u0645\u0643\u0648\u0646\u0627\u062a :<\/h4>\n<p>Flocons de bl\u00e9 complet, sucre, miel, fruits secs (raisins, pommes, bananes), sel.<\/p>\n<h4>\u0641\u0648\u0627\u0626\u062f :<\/h4>\n<ol>\n<li>Riche en fibres : Aide \u00e0 favoriser une bonne digestion et \u00e0 prolonger la sensation de sati\u00e9t\u00e9.<\/li>\n<li>Source de vitamines : Les fruits secs ajoutent des vitamines et des min\u00e9raux essentiels.<\/li>\n<li>Sans colorants ni conservateurs : Un produit naturel pour une consommation quotidienne saine.<\/li>\n<li>Faible en mati\u00e8res grasses : Id\u00e9al pour ceux qui surveillent leur apport calorique.<\/li>\n<\/ol>\n<h4>\u062a\u0639\u0644\u064a\u0645\u0627\u062a :<\/h4>\n<ol>\n<li>Verser une portion de p\u00e9tales dans un bol.<\/li>\n<li>Ajouter du lait, du yaourt ou une boisson v\u00e9g\u00e9tale selon vos pr\u00e9f\u00e9rences.<\/li>\n<li>Peut \u00eatre d\u00e9gust\u00e9 tel quel ou accompagn\u00e9 de fruits frais pour plus de saveur.<\/li>\n<\/ol>\n<h4>\u0627\u062d\u062a\u064a\u0627\u0637\u0627\u062a:<\/h4>\n<ul>\n<li>Conserver dans un endroit sec et frais pour pr\u00e9server la fra\u00eecheur.<\/li>\n<li>Ne convient pas aux personnes allergiques aux fruits \u00e0 coque.<\/li>\n<li>\u00c0 consommer dans le cadre d\u2019une alimentation vari\u00e9e et \u00e9quilibr\u00e9e.<\/li>\n<\/ul>","protected":false},"excerpt":{"rendered":"<p>Les P\u00e9tales de Bl\u00e9 Complet et Fruits de Casino offrent un petit-d\u00e9jeuner \u00e9quilibr\u00e9 et savoureux, parfait pour bien d\u00e9marrer la<\/p>","protected":false},"featured_media":26696,"comment_status":"open","ping_status":"closed","template":"","meta":[],"pwb-brand":[843],"product_brand":[],"product_cat":[941,942,275],"product_tag":[],"class_list":{"0":"post-23077","1":"product","2":"type-product","3":"status-publish","4":"has-post-thumbnail","6":"pwb-brand-casino","7":"product_cat-cereales-pour-petit-dejeuner","8":"product_cat-cereales-pretes-a-consommer","9":"product_cat-epicerie","11":"first","12":"instock","13":"shipping-taxable","14":"purchasable","15":"product-type-simple"},"yoast_head":"<!-- This site is optimized with the Yoast SEO plugin v27.1.1 - https:\/\/yoast.com\/product\/yoast-seo-wordpress\/ -->\n<title>Casino - P\u00e9tales de bl\u00e9 complet et fruits - 500 g - NIRIGS<\/title>\n<meta name=\"robots\" content=\"index, follow, max-snippet:-1, max-image-preview:large, max-video-preview:-1\" \/>\n<link rel=\"canonical\" href=\"https:\/\/nirigs.com\/ar\/product\/casino-petales-de-ble-complet-et-fruits-500-g\/\" \/>\n<meta property=\"og:locale\" content=\"ar_AR\" \/>\n<meta property=\"og:type\" content=\"article\" \/>\n<meta property=\"og:title\" content=\"Casino - P\u00e9tales de bl\u00e9 complet et fruits - 500 g - NIRIGS\" \/>\n<meta property=\"og:description\" content=\"Les P\u00e9tales de Bl\u00e9 Complet et Fruits de Casino offrent un petit-d\u00e9jeuner \u00e9quilibr\u00e9 et savoureux, parfait pour bien d\u00e9marrer la\" \/>\n<meta property=\"og:url\" content=\"https:\/\/nirigs.com\/ar\/product\/casino-petales-de-ble-complet-et-fruits-500-g\/\" \/>\n<meta property=\"og:site_name\" content=\"NIRIGS\" \/>\n<meta property=\"article:modified_time\" content=\"2025-03-13T14:27:09+00:00\" \/>\n<meta property=\"og:image\" content=\"https:\/\/nirigs.com\/wp-content\/uploads\/2024\/10\/Casino-Petales-de-ble-complet-et-fruits-500-g.jpg\" \/>\n\t<meta property=\"og:image:width\" content=\"1000\" \/>\n\t<meta property=\"og:image:height\" content=\"1000\" \/>\n\t<meta property=\"og:image:type\" content=\"image\/jpeg\" \/>\n<meta name=\"twitter:card\" content=\"summary_large_image\" \/>\n<meta name=\"twitter:label1\" content=\"\u0648\u0642\u062a \u0627\u0644\u0642\u0631\u0627\u0621\u0629 \u0627\u0644\u0645\u064f\u0642\u062f\u0651\u0631\" \/>\n\t<meta name=\"twitter:data1\" content=\"\u062f\u0642\u064a\u0642\u0629 \u0648\u0627\u062d\u062f\u0629\" \/>\n<script type=\"application\/ld+json\" class=\"yoast-schema-graph\">{\"@context\":\"https:\/\/schema.org\",\"@graph\":[{\"@type\":\"WebPage\",\"@id\":\"https:\/\/nirigs.com\/product\/casino-petales-de-ble-complet-et-fruits-500-g\/\",\"url\":\"https:\/\/nirigs.com\/product\/casino-petales-de-ble-complet-et-fruits-500-g\/\",\"name\":\"Casino - P\u00e9tales de bl\u00e9 complet et fruits - 500 g - NIRIGS\",\"isPartOf\":{\"@id\":\"https:\/\/nirigs.com\/#website\"},\"primaryImageOfPage\":{\"@id\":\"https:\/\/nirigs.com\/product\/casino-petales-de-ble-complet-et-fruits-500-g\/#primaryimage\"},\"image\":{\"@id\":\"https:\/\/nirigs.com\/product\/casino-petales-de-ble-complet-et-fruits-500-g\/#primaryimage\"},\"thumbnailUrl\":\"https:\/\/nirigs.com\/wp-content\/uploads\/2024\/10\/Casino-Petales-de-ble-complet-et-fruits-500-g.jpg\",\"datePublished\":\"2024-10-06T14:59:51+00:00\",\"dateModified\":\"2025-03-13T14:27:09+00:00\",\"breadcrumb\":{\"@id\":\"https:\/\/nirigs.com\/product\/casino-petales-de-ble-complet-et-fruits-500-g\/#breadcrumb\"},\"inLanguage\":\"ar\",\"potentialAction\":[{\"@type\":\"ReadAction\",\"target\":[\"https:\/\/nirigs.com\/product\/casino-petales-de-ble-complet-et-fruits-500-g\/\"]}]},{\"@type\":\"ImageObject\",\"inLanguage\":\"ar\",\"@id\":\"https:\/\/nirigs.com\/product\/casino-petales-de-ble-complet-et-fruits-500-g\/#primaryimage\",\"url\":\"https:\/\/nirigs.com\/wp-content\/uploads\/2024\/10\/Casino-Petales-de-ble-complet-et-fruits-500-g.jpg\",\"contentUrl\":\"https:\/\/nirigs.com\/wp-content\/uploads\/2024\/10\/Casino-Petales-de-ble-complet-et-fruits-500-g.jpg\",\"width\":1000,\"height\":1000},{\"@type\":\"BreadcrumbList\",\"@id\":\"https:\/\/nirigs.com\/product\/casino-petales-de-ble-complet-et-fruits-500-g\/#breadcrumb\",\"itemListElement\":[{\"@type\":\"ListItem\",\"position\":1,\"name\":\"Home\",\"item\":\"https:\/\/nirigs.com\/\"},{\"@type\":\"ListItem\",\"position\":2,\"name\":\"Parcourir\",\"item\":\"https:\/\/nirigs.com\/boutique\/\"},{\"@type\":\"ListItem\",\"position\":3,\"name\":\"Casino &#8211; P\u00e9tales de bl\u00e9 complet et fruits &#8211; 500 g\"}]},{\"@type\":\"WebSite\",\"@id\":\"https:\/\/nirigs.com\/#website\",\"url\":\"https:\/\/nirigs.com\/\",\"name\":\"Nirigs.com\",\"description\":\"Simplifiez vos achats du quotidien \u00e0 Djibouti\",\"publisher\":{\"@id\":\"https:\/\/nirigs.com\/#organization\"},\"potentialAction\":[{\"@type\":\"SearchAction\",\"target\":{\"@type\":\"EntryPoint\",\"urlTemplate\":\"https:\/\/nirigs.com\/?s={search_term_string}\"},\"query-input\":{\"@type\":\"PropertyValueSpecification\",\"valueRequired\":true,\"valueName\":\"search_term_string\"}}],\"inLanguage\":\"ar\"},{\"@type\":\"Organization\",\"@id\":\"https:\/\/nirigs.com\/#organization\",\"name\":\"Nirigs\",\"url\":\"https:\/\/nirigs.com\/\",\"logo\":{\"@type\":\"ImageObject\",\"inLanguage\":\"ar\",\"@id\":\"https:\/\/nirigs.com\/#\/schema\/logo\/image\/\",\"url\":\"https:\/\/nirigs.com\/wp-content\/uploads\/2025\/04\/Design-sans-titre-27.png\",\"contentUrl\":\"https:\/\/nirigs.com\/wp-content\/uploads\/2025\/04\/Design-sans-titre-27.png\",\"width\":500,\"height\":500,\"caption\":\"Nirigs\"},\"image\":{\"@id\":\"https:\/\/nirigs.com\/#\/schema\/logo\/image\/\"}}]}<\/script>\n<!-- \/ Yoast SEO plugin. -->","yoast_head_json":{"title":"Casino - P\u00e9tales de bl\u00e9 complet et fruits - 500 g - NIRIGS","robots":{"index":"index","follow":"follow","max-snippet":"max-snippet:-1","max-image-preview":"max-image-preview:large","max-video-preview":"max-video-preview:-1"},"canonical":"https:\/\/nirigs.com\/ar\/product\/casino-petales-de-ble-complet-et-fruits-500-g\/","og_locale":"ar_AR","og_type":"article","og_title":"Casino - P\u00e9tales de bl\u00e9 complet et fruits - 500 g - NIRIGS","og_description":"Les P\u00e9tales de Bl\u00e9 Complet et Fruits de Casino offrent un petit-d\u00e9jeuner \u00e9quilibr\u00e9 et savoureux, parfait pour bien d\u00e9marrer la","og_url":"https:\/\/nirigs.com\/ar\/product\/casino-petales-de-ble-complet-et-fruits-500-g\/","og_site_name":"NIRIGS","article_modified_time":"2025-03-13T14:27:09+00:00","og_image":[{"width":1000,"height":1000,"url":"https:\/\/nirigs.com\/wp-content\/uploads\/2024\/10\/Casino-Petales-de-ble-complet-et-fruits-500-g.jpg","type":"image\/jpeg"}],"twitter_card":"summary_large_image","twitter_misc":{"\u0648\u0642\u062a \u0627\u0644\u0642\u0631\u0627\u0621\u0629 \u0627\u0644\u0645\u064f\u0642\u062f\u0651\u0631":"\u062f\u0642\u064a\u0642\u0629 \u0648\u0627\u062d\u062f\u0629"},"schema":{"@context":"https:\/\/schema.org","@graph":[{"@type":"WebPage","@id":"https:\/\/nirigs.com\/product\/casino-petales-de-ble-complet-et-fruits-500-g\/","url":"https:\/\/nirigs.com\/product\/casino-petales-de-ble-complet-et-fruits-500-g\/","name":"Casino - P\u00e9tales de bl\u00e9 complet et fruits - 500 g - NIRIGS","isPartOf":{"@id":"https:\/\/nirigs.com\/#website"},"primaryImageOfPage":{"@id":"https:\/\/nirigs.com\/product\/casino-petales-de-ble-complet-et-fruits-500-g\/#primaryimage"},"image":{"@id":"https:\/\/nirigs.com\/product\/casino-petales-de-ble-complet-et-fruits-500-g\/#primaryimage"},"thumbnailUrl":"https:\/\/nirigs.com\/wp-content\/uploads\/2024\/10\/Casino-Petales-de-ble-complet-et-fruits-500-g.jpg","datePublished":"2024-10-06T14:59:51+00:00","dateModified":"2025-03-13T14:27:09+00:00","breadcrumb":{"@id":"https:\/\/nirigs.com\/product\/casino-petales-de-ble-complet-et-fruits-500-g\/#breadcrumb"},"inLanguage":"ar","potentialAction":[{"@type":"ReadAction","target":["https:\/\/nirigs.com\/product\/casino-petales-de-ble-complet-et-fruits-500-g\/"]}]},{"@type":"ImageObject","inLanguage":"ar","@id":"https:\/\/nirigs.com\/product\/casino-petales-de-ble-complet-et-fruits-500-g\/#primaryimage","url":"https:\/\/nirigs.com\/wp-content\/uploads\/2024\/10\/Casino-Petales-de-ble-complet-et-fruits-500-g.jpg","contentUrl":"https:\/\/nirigs.com\/wp-content\/uploads\/2024\/10\/Casino-Petales-de-ble-complet-et-fruits-500-g.jpg","width":1000,"height":1000},{"@type":"BreadcrumbList","@id":"https:\/\/nirigs.com\/product\/casino-petales-de-ble-complet-et-fruits-500-g\/#breadcrumb","itemListElement":[{"@type":"ListItem","position":1,"name":"Home","item":"https:\/\/nirigs.com\/"},{"@type":"ListItem","position":2,"name":"Parcourir","item":"https:\/\/nirigs.com\/boutique\/"},{"@type":"ListItem","position":3,"name":"Casino &#8211; P\u00e9tales de bl\u00e9 complet et fruits &#8211; 500 g"}]},{"@type":"WebSite","@id":"https:\/\/nirigs.com\/#website","url":"https:\/\/nirigs.com\/","name":"Nirigs.com","description":"Simplifiez vos achats du quotidien \u00e0 Djibouti","publisher":{"@id":"https:\/\/nirigs.com\/#organization"},"potentialAction":[{"@type":"SearchAction","target":{"@type":"EntryPoint","urlTemplate":"https:\/\/nirigs.com\/?s={search_term_string}"},"query-input":{"@type":"PropertyValueSpecification","valueRequired":true,"valueName":"search_term_string"}}],"inLanguage":"ar"},{"@type":"Organization","@id":"https:\/\/nirigs.com\/#organization","name":"\u0646\u064a\u0631\u064a\u062c\u0633","url":"https:\/\/nirigs.com\/","logo":{"@type":"ImageObject","inLanguage":"ar","@id":"https:\/\/nirigs.com\/#\/schema\/logo\/image\/","url":"https:\/\/nirigs.com\/wp-content\/uploads\/2025\/04\/Design-sans-titre-27.png","contentUrl":"https:\/\/nirigs.com\/wp-content\/uploads\/2025\/04\/Design-sans-titre-27.png","width":500,"height":500,"caption":"Nirigs"},"image":{"@id":"https:\/\/nirigs.com\/#\/schema\/logo\/image\/"}}]}},"brands":[{"id":843,"name":"\u0643\u0627\u0632\u064a\u0646\u0648","slug":"casino"}],"_links":{"self":[{"href":"https:\/\/nirigs.com\/ar\/wp-json\/wp\/v2\/product\/23077","targetHints":{"allow":["GET"]}}],"collection":[{"href":"https:\/\/nirigs.com\/ar\/wp-json\/wp\/v2\/product"}],"about":[{"href":"https:\/\/nirigs.com\/ar\/wp-json\/wp\/v2\/types\/product"}],"replies":[{"embeddable":true,"href":"https:\/\/nirigs.com\/ar\/wp-json\/wp\/v2\/comments?post=23077"}],"version-history":[{"count":2,"href":"https:\/\/nirigs.com\/ar\/wp-json\/wp\/v2\/product\/23077\/revisions"}],"predecessor-version":[{"id":26697,"href":"https:\/\/nirigs.com\/ar\/wp-json\/wp\/v2\/product\/23077\/revisions\/26697"}],"wp:featuredmedia":[{"embeddable":true,"href":"https:\/\/nirigs.com\/ar\/wp-json\/wp\/v2\/media\/26696"}],"wp:attachment":[{"href":"https:\/\/nirigs.com\/ar\/wp-json\/wp\/v2\/media?parent=23077"}],"wp:term":[{"taxonomy":"pwb-brand","embeddable":true,"href":"https:\/\/nirigs.com\/ar\/wp-json\/wp\/v2\/pwb-brand?post=23077"},{"taxonomy":"product_brand","embeddable":true,"href":"https:\/\/nirigs.com\/ar\/wp-json\/wp\/v2\/product_brand?post=23077"},{"taxonomy":"product_cat","embeddable":true,"href":"https:\/\/nirigs.com\/ar\/wp-json\/wp\/v2\/product_cat?post=23077"},{"taxonomy":"product_tag","embeddable":true,"href":"https:\/\/nirigs.com\/ar\/wp-json\/wp\/v2\/product_tag?post=23077"}],"curies":[{"name":"wp","href":"https:\/\/api.w.org\/{rel}","templated":true}]}}