{"id":23067,"date":"2024-10-06T17:59:47","date_gmt":"2024-10-06T14:59:47","guid":{"rendered":"https:\/\/nirigs.com\/produit\/tous-les-jours-corn-flakes-nature-750-g\/"},"modified":"2025-06-05T18:23:25","modified_gmt":"2025-06-05T15:23:25","slug":"tous-les-jours-corn-flakes-nature-750-g","status":"publish","type":"product","link":"https:\/\/nirigs.com\/ar\/product\/tous-les-jours-corn-flakes-nature-750-g\/","title":{"rendered":"\u0643\u0644 \u064a\u0648\u0645 \u2013 \u0631\u0642\u0627\u0626\u0642 \u0627\u0644\u0630\u0631\u0629 \u0627\u0644\u0639\u0627\u062f\u064a\u0629 \u2013 750 \u062c\u0645"},"content":{"rendered":"<p>Les corn flakes nature \u00ab\u00a0Tous les Jours\u00a0\u00bb sont des flocons de ma\u00efs croustillants, id\u00e9aux pour un petit d\u00e9jeuner rapide et nourrissant. \u00c9labor\u00e9s \u00e0 partir de grains de ma\u00efs soigneusement s\u00e9lectionn\u00e9s, ces corn flakes sont parfaits pour bien commencer la journ\u00e9e.<\/p>\n<h4>\u0645\u0643\u0648\u0646\u0627\u062a :<\/h4>\n<p>Flocons de ma\u00efs, sucre, sel, vitamines (B1, B2, B3, B6, B9, D).<\/p>\n<h4>\u0641\u0648\u0627\u0626\u062f :<\/h4>\n<ul>\n<li>Riches en glucides : Fournissent de l&rsquo;\u00e9nergie durable pour bien d\u00e9marrer la journ\u00e9e.<\/li>\n<li>Faibles en mati\u00e8res grasses : Id\u00e9al pour une alimentation \u00e9quilibr\u00e9e.<\/li>\n<li>Vitamines ajout\u00e9es : Contribuent \u00e0 vos besoins quotidiens en nutriments essentiels.<\/li>\n<li>Sans conservateurs ni colorants artificiels : Pour un petit d\u00e9jeuner sain et naturel.<\/li>\n<\/ul>\n<h4>\u062a\u0639\u0644\u064a\u0645\u0627\u062a :<\/h4>\n<ol>\n<li>Versez la quantit\u00e9 d\u00e9sir\u00e9e de corn flakes dans un bol.<\/li>\n<li>Ajoutez du lait froid ou chaud selon votre pr\u00e9f\u00e9rence.<\/li>\n<li>Vous pouvez agr\u00e9menter vos corn flakes avec des fruits frais, du miel ou des noix pour encore plus de saveurs.<\/li>\n<\/ol>\n<h4>\u0627\u062d\u062a\u064a\u0627\u0637\u0627\u062a:<\/h4>\n<ul>\n<li>Conserver dans un endroit frais et sec, \u00e0 l&rsquo;abri de la lumi\u00e8re.<\/li>\n<li>Consommer rapidement apr\u00e8s ouverture pour garantir la fra\u00eecheur.<\/li>\n<li>\u0627\u0644\u062a\u062d\u0642\u0642 \u0645\u0646 \u062a\u0627\u0631\u064a\u062e \u0627\u0646\u062a\u0647\u0627\u0621 \u0627\u0644\u0635\u0644\u0627\u062d\u064a\u0629 \u0642\u0628\u0644 \u0627\u0644\u0627\u0633\u062a\u0647\u0644\u0627\u0643.<\/li>\n<\/ul>","protected":false},"excerpt":{"rendered":"<p>Les corn flakes nature \u00ab\u00a0Tous les Jours\u00a0\u00bb sont des flocons de ma\u00efs croustillants, id\u00e9aux pour un petit d\u00e9jeuner rapide et<\/p>","protected":false},"featured_media":26725,"comment_status":"open","ping_status":"closed","template":"","meta":[],"pwb-brand":[1169],"product_brand":[],"product_cat":[941,942,275],"product_tag":[],"class_list":{"0":"post-23067","1":"product","2":"type-product","3":"status-publish","4":"has-post-thumbnail","6":"pwb-brand-tous-les-jours","7":"product_cat-cereales-pour-petit-dejeuner","8":"product_cat-cereales-pretes-a-consommer","9":"product_cat-epicerie","11":"first","12":"instock","13":"shipping-taxable","14":"purchasable","15":"product-type-simple"},"yoast_head":"<!-- This site is optimized with the Yoast SEO plugin v27.1.1 - https:\/\/yoast.com\/product\/yoast-seo-wordpress\/ -->\n<title>Tous les jours - Corn flakes nature - 750 g - NIRIGS<\/title>\n<meta name=\"robots\" content=\"index, follow, max-snippet:-1, max-image-preview:large, max-video-preview:-1\" \/>\n<link rel=\"canonical\" href=\"https:\/\/nirigs.com\/ar\/product\/tous-les-jours-corn-flakes-nature-750-g\/\" \/>\n<meta property=\"og:locale\" content=\"ar_AR\" \/>\n<meta property=\"og:type\" content=\"article\" \/>\n<meta property=\"og:title\" content=\"Tous les jours - Corn flakes nature - 750 g - NIRIGS\" \/>\n<meta property=\"og:description\" content=\"Les corn flakes nature \u00ab\u00a0Tous les Jours\u00a0\u00bb sont des flocons de ma\u00efs croustillants, id\u00e9aux pour un petit d\u00e9jeuner rapide et\" \/>\n<meta property=\"og:url\" content=\"https:\/\/nirigs.com\/ar\/product\/tous-les-jours-corn-flakes-nature-750-g\/\" \/>\n<meta property=\"og:site_name\" content=\"NIRIGS\" \/>\n<meta property=\"article:modified_time\" content=\"2025-06-05T15:23:25+00:00\" \/>\n<meta property=\"og:image\" content=\"https:\/\/nirigs.com\/wp-content\/uploads\/2024\/10\/Tous-les-jours-Corn-flakes-nature-750-g.jpg\" \/>\n\t<meta property=\"og:image:width\" content=\"1000\" \/>\n\t<meta property=\"og:image:height\" content=\"1000\" \/>\n\t<meta property=\"og:image:type\" content=\"image\/jpeg\" \/>\n<meta name=\"twitter:card\" content=\"summary_large_image\" \/>\n<meta name=\"twitter:label1\" content=\"\u0648\u0642\u062a \u0627\u0644\u0642\u0631\u0627\u0621\u0629 \u0627\u0644\u0645\u064f\u0642\u062f\u0651\u0631\" \/>\n\t<meta name=\"twitter:data1\" content=\"\u062f\u0642\u064a\u0642\u0629 \u0648\u0627\u062d\u062f\u0629\" \/>\n<script type=\"application\/ld+json\" class=\"yoast-schema-graph\">{\"@context\":\"https:\/\/schema.org\",\"@graph\":[{\"@type\":\"WebPage\",\"@id\":\"https:\/\/nirigs.com\/product\/tous-les-jours-corn-flakes-nature-750-g\/\",\"url\":\"https:\/\/nirigs.com\/product\/tous-les-jours-corn-flakes-nature-750-g\/\",\"name\":\"Tous les jours - Corn flakes nature - 750 g - NIRIGS\",\"isPartOf\":{\"@id\":\"https:\/\/nirigs.com\/#website\"},\"primaryImageOfPage\":{\"@id\":\"https:\/\/nirigs.com\/product\/tous-les-jours-corn-flakes-nature-750-g\/#primaryimage\"},\"image\":{\"@id\":\"https:\/\/nirigs.com\/product\/tous-les-jours-corn-flakes-nature-750-g\/#primaryimage\"},\"thumbnailUrl\":\"https:\/\/nirigs.com\/wp-content\/uploads\/2024\/10\/Tous-les-jours-Corn-flakes-nature-750-g.jpg\",\"datePublished\":\"2024-10-06T14:59:47+00:00\",\"dateModified\":\"2025-06-05T15:23:25+00:00\",\"breadcrumb\":{\"@id\":\"https:\/\/nirigs.com\/product\/tous-les-jours-corn-flakes-nature-750-g\/#breadcrumb\"},\"inLanguage\":\"ar\",\"potentialAction\":[{\"@type\":\"ReadAction\",\"target\":[\"https:\/\/nirigs.com\/product\/tous-les-jours-corn-flakes-nature-750-g\/\"]}]},{\"@type\":\"ImageObject\",\"inLanguage\":\"ar\",\"@id\":\"https:\/\/nirigs.com\/product\/tous-les-jours-corn-flakes-nature-750-g\/#primaryimage\",\"url\":\"https:\/\/nirigs.com\/wp-content\/uploads\/2024\/10\/Tous-les-jours-Corn-flakes-nature-750-g.jpg\",\"contentUrl\":\"https:\/\/nirigs.com\/wp-content\/uploads\/2024\/10\/Tous-les-jours-Corn-flakes-nature-750-g.jpg\",\"width\":1000,\"height\":1000},{\"@type\":\"BreadcrumbList\",\"@id\":\"https:\/\/nirigs.com\/product\/tous-les-jours-corn-flakes-nature-750-g\/#breadcrumb\",\"itemListElement\":[{\"@type\":\"ListItem\",\"position\":1,\"name\":\"Home\",\"item\":\"https:\/\/nirigs.com\/\"},{\"@type\":\"ListItem\",\"position\":2,\"name\":\"Parcourir\",\"item\":\"https:\/\/nirigs.com\/boutique\/\"},{\"@type\":\"ListItem\",\"position\":3,\"name\":\"Tous les jours &#8211; Corn flakes nature &#8211; 750 g\"}]},{\"@type\":\"WebSite\",\"@id\":\"https:\/\/nirigs.com\/#website\",\"url\":\"https:\/\/nirigs.com\/\",\"name\":\"Nirigs.com\",\"description\":\"Simplifiez vos achats du quotidien \u00e0 Djibouti\",\"publisher\":{\"@id\":\"https:\/\/nirigs.com\/#organization\"},\"potentialAction\":[{\"@type\":\"SearchAction\",\"target\":{\"@type\":\"EntryPoint\",\"urlTemplate\":\"https:\/\/nirigs.com\/?s={search_term_string}\"},\"query-input\":{\"@type\":\"PropertyValueSpecification\",\"valueRequired\":true,\"valueName\":\"search_term_string\"}}],\"inLanguage\":\"ar\"},{\"@type\":\"Organization\",\"@id\":\"https:\/\/nirigs.com\/#organization\",\"name\":\"Nirigs\",\"url\":\"https:\/\/nirigs.com\/\",\"logo\":{\"@type\":\"ImageObject\",\"inLanguage\":\"ar\",\"@id\":\"https:\/\/nirigs.com\/#\/schema\/logo\/image\/\",\"url\":\"https:\/\/nirigs.com\/wp-content\/uploads\/2025\/04\/Design-sans-titre-27.png\",\"contentUrl\":\"https:\/\/nirigs.com\/wp-content\/uploads\/2025\/04\/Design-sans-titre-27.png\",\"width\":500,\"height\":500,\"caption\":\"Nirigs\"},\"image\":{\"@id\":\"https:\/\/nirigs.com\/#\/schema\/logo\/image\/\"}}]}<\/script>\n<!-- \/ Yoast SEO plugin. -->","yoast_head_json":{"title":"Tous les jours - Corn flakes nature - 750 g - NIRIGS","robots":{"index":"index","follow":"follow","max-snippet":"max-snippet:-1","max-image-preview":"max-image-preview:large","max-video-preview":"max-video-preview:-1"},"canonical":"https:\/\/nirigs.com\/ar\/product\/tous-les-jours-corn-flakes-nature-750-g\/","og_locale":"ar_AR","og_type":"article","og_title":"Tous les jours - Corn flakes nature - 750 g - NIRIGS","og_description":"Les corn flakes nature \u00ab\u00a0Tous les Jours\u00a0\u00bb sont des flocons de ma\u00efs croustillants, id\u00e9aux pour un petit d\u00e9jeuner rapide et","og_url":"https:\/\/nirigs.com\/ar\/product\/tous-les-jours-corn-flakes-nature-750-g\/","og_site_name":"NIRIGS","article_modified_time":"2025-06-05T15:23:25+00:00","og_image":[{"width":1000,"height":1000,"url":"https:\/\/nirigs.com\/wp-content\/uploads\/2024\/10\/Tous-les-jours-Corn-flakes-nature-750-g.jpg","type":"image\/jpeg"}],"twitter_card":"summary_large_image","twitter_misc":{"\u0648\u0642\u062a \u0627\u0644\u0642\u0631\u0627\u0621\u0629 \u0627\u0644\u0645\u064f\u0642\u062f\u0651\u0631":"\u062f\u0642\u064a\u0642\u0629 \u0648\u0627\u062d\u062f\u0629"},"schema":{"@context":"https:\/\/schema.org","@graph":[{"@type":"WebPage","@id":"https:\/\/nirigs.com\/product\/tous-les-jours-corn-flakes-nature-750-g\/","url":"https:\/\/nirigs.com\/product\/tous-les-jours-corn-flakes-nature-750-g\/","name":"Tous les jours - Corn flakes nature - 750 g - NIRIGS","isPartOf":{"@id":"https:\/\/nirigs.com\/#website"},"primaryImageOfPage":{"@id":"https:\/\/nirigs.com\/product\/tous-les-jours-corn-flakes-nature-750-g\/#primaryimage"},"image":{"@id":"https:\/\/nirigs.com\/product\/tous-les-jours-corn-flakes-nature-750-g\/#primaryimage"},"thumbnailUrl":"https:\/\/nirigs.com\/wp-content\/uploads\/2024\/10\/Tous-les-jours-Corn-flakes-nature-750-g.jpg","datePublished":"2024-10-06T14:59:47+00:00","dateModified":"2025-06-05T15:23:25+00:00","breadcrumb":{"@id":"https:\/\/nirigs.com\/product\/tous-les-jours-corn-flakes-nature-750-g\/#breadcrumb"},"inLanguage":"ar","potentialAction":[{"@type":"ReadAction","target":["https:\/\/nirigs.com\/product\/tous-les-jours-corn-flakes-nature-750-g\/"]}]},{"@type":"ImageObject","inLanguage":"ar","@id":"https:\/\/nirigs.com\/product\/tous-les-jours-corn-flakes-nature-750-g\/#primaryimage","url":"https:\/\/nirigs.com\/wp-content\/uploads\/2024\/10\/Tous-les-jours-Corn-flakes-nature-750-g.jpg","contentUrl":"https:\/\/nirigs.com\/wp-content\/uploads\/2024\/10\/Tous-les-jours-Corn-flakes-nature-750-g.jpg","width":1000,"height":1000},{"@type":"BreadcrumbList","@id":"https:\/\/nirigs.com\/product\/tous-les-jours-corn-flakes-nature-750-g\/#breadcrumb","itemListElement":[{"@type":"ListItem","position":1,"name":"Home","item":"https:\/\/nirigs.com\/"},{"@type":"ListItem","position":2,"name":"Parcourir","item":"https:\/\/nirigs.com\/boutique\/"},{"@type":"ListItem","position":3,"name":"Tous les jours &#8211; Corn flakes nature &#8211; 750 g"}]},{"@type":"WebSite","@id":"https:\/\/nirigs.com\/#website","url":"https:\/\/nirigs.com\/","name":"Nirigs.com","description":"Simplifiez vos achats du quotidien \u00e0 Djibouti","publisher":{"@id":"https:\/\/nirigs.com\/#organization"},"potentialAction":[{"@type":"SearchAction","target":{"@type":"EntryPoint","urlTemplate":"https:\/\/nirigs.com\/?s={search_term_string}"},"query-input":{"@type":"PropertyValueSpecification","valueRequired":true,"valueName":"search_term_string"}}],"inLanguage":"ar"},{"@type":"Organization","@id":"https:\/\/nirigs.com\/#organization","name":"\u0646\u064a\u0631\u064a\u062c\u0633","url":"https:\/\/nirigs.com\/","logo":{"@type":"ImageObject","inLanguage":"ar","@id":"https:\/\/nirigs.com\/#\/schema\/logo\/image\/","url":"https:\/\/nirigs.com\/wp-content\/uploads\/2025\/04\/Design-sans-titre-27.png","contentUrl":"https:\/\/nirigs.com\/wp-content\/uploads\/2025\/04\/Design-sans-titre-27.png","width":500,"height":500,"caption":"Nirigs"},"image":{"@id":"https:\/\/nirigs.com\/#\/schema\/logo\/image\/"}}]}},"brands":[{"id":1169,"name":"Tous les jours","slug":"tous-les-jours"}],"_links":{"self":[{"href":"https:\/\/nirigs.com\/ar\/wp-json\/wp\/v2\/product\/23067","targetHints":{"allow":["GET"]}}],"collection":[{"href":"https:\/\/nirigs.com\/ar\/wp-json\/wp\/v2\/product"}],"about":[{"href":"https:\/\/nirigs.com\/ar\/wp-json\/wp\/v2\/types\/product"}],"replies":[{"embeddable":true,"href":"https:\/\/nirigs.com\/ar\/wp-json\/wp\/v2\/comments?post=23067"}],"version-history":[{"count":2,"href":"https:\/\/nirigs.com\/ar\/wp-json\/wp\/v2\/product\/23067\/revisions"}],"predecessor-version":[{"id":26726,"href":"https:\/\/nirigs.com\/ar\/wp-json\/wp\/v2\/product\/23067\/revisions\/26726"}],"wp:featuredmedia":[{"embeddable":true,"href":"https:\/\/nirigs.com\/ar\/wp-json\/wp\/v2\/media\/26725"}],"wp:attachment":[{"href":"https:\/\/nirigs.com\/ar\/wp-json\/wp\/v2\/media?parent=23067"}],"wp:term":[{"taxonomy":"pwb-brand","embeddable":true,"href":"https:\/\/nirigs.com\/ar\/wp-json\/wp\/v2\/pwb-brand?post=23067"},{"taxonomy":"product_brand","embeddable":true,"href":"https:\/\/nirigs.com\/ar\/wp-json\/wp\/v2\/product_brand?post=23067"},{"taxonomy":"product_cat","embeddable":true,"href":"https:\/\/nirigs.com\/ar\/wp-json\/wp\/v2\/product_cat?post=23067"},{"taxonomy":"product_tag","embeddable":true,"href":"https:\/\/nirigs.com\/ar\/wp-json\/wp\/v2\/product_tag?post=23067"}],"curies":[{"name":"wp","href":"https:\/\/api.w.org\/{rel}","templated":true}]}}