{"id":23066,"date":"2024-10-06T17:59:46","date_gmt":"2024-10-06T14:59:46","guid":{"rendered":"https:\/\/nirigs.com\/produit\/mr-breakfast-cereales-pillows-chocolate-375-g\/"},"modified":"2025-03-13T17:33:00","modified_gmt":"2025-03-13T14:33:00","slug":"mr-breakfast-cereales-pillows-chocolate-375-g","status":"publish","type":"product","link":"https:\/\/nirigs.com\/ar\/product\/mr-breakfast-cereales-pillows-chocolate-375-g\/","title":{"rendered":"\u0645\u0633\u062a\u0631 \u0628\u0631\u064a\u0643\u0641\u0627\u0633\u062a \u2013 \u0648\u0633\u0627\u0626\u062f \u062d\u0628\u0648\u0628 \u0627\u0644\u0634\u0648\u0643\u0648\u0644\u0627\u062a\u0629 \u2013 375 \u062c\u0645"},"content":{"rendered":"<p>Les C\u00e9r\u00e9ales Pillows Chocolat de Mr. Breakfast sont une d\u00e9licieuse combinaison de croustillant et de fondant. Chaque bouch\u00e9e est un v\u00e9ritable r\u00e9gal, gr\u00e2ce \u00e0 leur coque l\u00e9g\u00e8re remplie d&rsquo;une onctueuse cr\u00e8me au chocolat. Parfaites pour commencer la journ\u00e9e sur une note gourmande ou comme en-cas tout au long de la journ\u00e9e, ces c\u00e9r\u00e9ales apporteront une touche de douceur \u00e0 votre routine.<\/p>\n<h4>\u0645\u0643\u0648\u0646\u0627\u062a :<\/h4>\n<p>Farine de bl\u00e9, sucre, poudres de chocolat (cacao, sucre, mati\u00e8re grasse v\u00e9g\u00e9tale), poudre de lait \u00e9cr\u00e9m\u00e9, huile de palme, \u00e9mulsifiant (l\u00e9cithine de soja), ar\u00f4me naturel, sel, vitamines et min\u00e9raux (vitamine B1, B2, B3, B6, D).<\/p>\n<h4>\u0641\u0648\u0627\u0626\u062f :<\/h4>\n<ul>\n<li>Go\u00fbt irr\u00e9sistible : Un m\u00e9lange parfait de croustillant et de chocolat qui ravira les amateurs de sucr\u00e9.<\/li>\n<li>Praticit\u00e9 : Id\u00e9ales pour un petit-d\u00e9jeuner rapide ou un en-cas, elles se consomment facilement.<\/li>\n<li>\u00c9nergie : Fournissent un apport \u00e9nerg\u00e9tique pour bien d\u00e9marrer la journ\u00e9e.<\/li>\n<li>Riche en vitamines : Enrichies en vitamines et min\u00e9raux pour soutenir votre bien-\u00eatre.<\/li>\n<\/ul>\n<h4>\u062a\u0639\u0644\u064a\u0645\u0627\u062a :<\/h4>\n<ol>\n<li>Versez une portion de C\u00e9r\u00e9ales Pillows Chocolat dans un bol.<\/li>\n<li>Compl\u00e9tez avec du lait froid ou chaud selon votre pr\u00e9f\u00e9rence.<\/li>\n<li>Profitez de ce moment gourmand pour bien commencer la journ\u00e9e.<\/li>\n<\/ol>\n<h4>\u0627\u062d\u062a\u064a\u0627\u0637\u0627\u062a:<\/h4>\n<ul>\n<li>Conservez dans un endroit frais et sec, \u00e0 l\u2019abri de la lumi\u00e8re.<\/li>\n<li>V\u00e9rifiez la date de p\u00e9remption sur l\u2019emballage avant consommation.<\/li>\n<li>Peut contenir des traces de fruits \u00e0 coque, de lait et de gluten.<\/li>\n<\/ul>","protected":false},"excerpt":{"rendered":"<p>Les C\u00e9r\u00e9ales Pillows Chocolat de Mr. Breakfast sont une d\u00e9licieuse combinaison de croustillant et de fondant. Chaque bouch\u00e9e est un<\/p>","protected":false},"featured_media":26728,"comment_status":"open","ping_status":"closed","template":"","meta":[],"pwb-brand":[1264],"product_brand":[],"product_cat":[941,942,275],"product_tag":[],"class_list":{"0":"post-23066","1":"product","2":"type-product","3":"status-publish","4":"has-post-thumbnail","6":"pwb-brand-mr-breakfast","7":"product_cat-cereales-pour-petit-dejeuner","8":"product_cat-cereales-pretes-a-consommer","9":"product_cat-epicerie","11":"first","12":"instock","13":"shipping-taxable","14":"purchasable","15":"product-type-simple"},"yoast_head":"<!-- This site is optimized with the Yoast SEO plugin v27.4 - https:\/\/yoast.com\/product\/yoast-seo-wordpress\/ -->\n<title>Mr.Breakfast - C\u00e9r\u00e9ales pillows chocolate - 375 g - NIRIGS<\/title>\n<meta name=\"robots\" content=\"index, follow, max-snippet:-1, max-image-preview:large, max-video-preview:-1\" \/>\n<link rel=\"canonical\" href=\"https:\/\/nirigs.com\/ar\/product\/mr-breakfast-cereales-pillows-chocolate-375-g\/\" \/>\n<meta property=\"og:locale\" content=\"ar_AR\" \/>\n<meta property=\"og:type\" content=\"article\" \/>\n<meta property=\"og:title\" content=\"Mr.Breakfast - C\u00e9r\u00e9ales pillows chocolate - 375 g - NIRIGS\" \/>\n<meta property=\"og:description\" content=\"Les C\u00e9r\u00e9ales Pillows Chocolat de Mr. Breakfast sont une d\u00e9licieuse combinaison de croustillant et de fondant. Chaque bouch\u00e9e est un\" \/>\n<meta property=\"og:url\" content=\"https:\/\/nirigs.com\/ar\/product\/mr-breakfast-cereales-pillows-chocolate-375-g\/\" \/>\n<meta property=\"og:site_name\" content=\"NIRIGS\" \/>\n<meta property=\"article:modified_time\" content=\"2025-03-13T14:33:00+00:00\" \/>\n<meta property=\"og:image\" content=\"https:\/\/nirigs.com\/wp-content\/uploads\/2024\/10\/Mr.Breakfast-Cereales-pillows-chocolate-375-g.jpg\" \/>\n\t<meta property=\"og:image:width\" content=\"1000\" \/>\n\t<meta property=\"og:image:height\" content=\"1000\" \/>\n\t<meta property=\"og:image:type\" content=\"image\/jpeg\" \/>\n<meta name=\"twitter:card\" content=\"summary_large_image\" \/>\n<meta name=\"twitter:label1\" content=\"\u0648\u0642\u062a \u0627\u0644\u0642\u0631\u0627\u0621\u0629 \u0627\u0644\u0645\u064f\u0642\u062f\u0651\u0631\" \/>\n\t<meta name=\"twitter:data1\" content=\"\u062f\u0642\u064a\u0642\u0629 \u0648\u0627\u062d\u062f\u0629\" \/>\n<script type=\"application\/ld+json\" class=\"yoast-schema-graph\">{\"@context\":\"https:\\\/\\\/schema.org\",\"@graph\":[{\"@type\":\"WebPage\",\"@id\":\"https:\\\/\\\/nirigs.com\\\/product\\\/mr-breakfast-cereales-pillows-chocolate-375-g\\\/\",\"url\":\"https:\\\/\\\/nirigs.com\\\/product\\\/mr-breakfast-cereales-pillows-chocolate-375-g\\\/\",\"name\":\"Mr.Breakfast - C\u00e9r\u00e9ales pillows chocolate - 375 g - NIRIGS\",\"isPartOf\":{\"@id\":\"https:\\\/\\\/nirigs.com\\\/#website\"},\"primaryImageOfPage\":{\"@id\":\"https:\\\/\\\/nirigs.com\\\/product\\\/mr-breakfast-cereales-pillows-chocolate-375-g\\\/#primaryimage\"},\"image\":{\"@id\":\"https:\\\/\\\/nirigs.com\\\/product\\\/mr-breakfast-cereales-pillows-chocolate-375-g\\\/#primaryimage\"},\"thumbnailUrl\":\"https:\\\/\\\/nirigs.com\\\/wp-content\\\/uploads\\\/2024\\\/10\\\/Mr.Breakfast-Cereales-pillows-chocolate-375-g.jpg\",\"datePublished\":\"2024-10-06T14:59:46+00:00\",\"dateModified\":\"2025-03-13T14:33:00+00:00\",\"breadcrumb\":{\"@id\":\"https:\\\/\\\/nirigs.com\\\/product\\\/mr-breakfast-cereales-pillows-chocolate-375-g\\\/#breadcrumb\"},\"inLanguage\":\"ar\",\"potentialAction\":[{\"@type\":\"ReadAction\",\"target\":[\"https:\\\/\\\/nirigs.com\\\/product\\\/mr-breakfast-cereales-pillows-chocolate-375-g\\\/\"]}]},{\"@type\":\"ImageObject\",\"inLanguage\":\"ar\",\"@id\":\"https:\\\/\\\/nirigs.com\\\/product\\\/mr-breakfast-cereales-pillows-chocolate-375-g\\\/#primaryimage\",\"url\":\"https:\\\/\\\/nirigs.com\\\/wp-content\\\/uploads\\\/2024\\\/10\\\/Mr.Breakfast-Cereales-pillows-chocolate-375-g.jpg\",\"contentUrl\":\"https:\\\/\\\/nirigs.com\\\/wp-content\\\/uploads\\\/2024\\\/10\\\/Mr.Breakfast-Cereales-pillows-chocolate-375-g.jpg\",\"width\":1000,\"height\":1000},{\"@type\":\"BreadcrumbList\",\"@id\":\"https:\\\/\\\/nirigs.com\\\/product\\\/mr-breakfast-cereales-pillows-chocolate-375-g\\\/#breadcrumb\",\"itemListElement\":[{\"@type\":\"ListItem\",\"position\":1,\"name\":\"Home\",\"item\":\"https:\\\/\\\/nirigs.com\\\/\"},{\"@type\":\"ListItem\",\"position\":2,\"name\":\"Parcourir\",\"item\":\"https:\\\/\\\/nirigs.com\\\/boutique\\\/\"},{\"@type\":\"ListItem\",\"position\":3,\"name\":\"Mr.Breakfast &#8211; C\u00e9r\u00e9ales pillows chocolate &#8211; 375 g\"}]},{\"@type\":\"WebSite\",\"@id\":\"https:\\\/\\\/nirigs.com\\\/#website\",\"url\":\"https:\\\/\\\/nirigs.com\\\/\",\"name\":\"Nirigs.com\",\"description\":\"Simplifiez vos achats du quotidien \u00e0 Djibouti\",\"publisher\":{\"@id\":\"https:\\\/\\\/nirigs.com\\\/#organization\"},\"potentialAction\":[{\"@type\":\"SearchAction\",\"target\":{\"@type\":\"EntryPoint\",\"urlTemplate\":\"https:\\\/\\\/nirigs.com\\\/?s={search_term_string}\"},\"query-input\":{\"@type\":\"PropertyValueSpecification\",\"valueRequired\":true,\"valueName\":\"search_term_string\"}}],\"inLanguage\":\"ar\"},{\"@type\":\"Organization\",\"@id\":\"https:\\\/\\\/nirigs.com\\\/#organization\",\"name\":\"Nirigs\",\"url\":\"https:\\\/\\\/nirigs.com\\\/\",\"logo\":{\"@type\":\"ImageObject\",\"inLanguage\":\"ar\",\"@id\":\"https:\\\/\\\/nirigs.com\\\/#\\\/schema\\\/logo\\\/image\\\/\",\"url\":\"https:\\\/\\\/nirigs.com\\\/wp-content\\\/uploads\\\/2025\\\/04\\\/Design-sans-titre-27.png\",\"contentUrl\":\"https:\\\/\\\/nirigs.com\\\/wp-content\\\/uploads\\\/2025\\\/04\\\/Design-sans-titre-27.png\",\"width\":500,\"height\":500,\"caption\":\"Nirigs\"},\"image\":{\"@id\":\"https:\\\/\\\/nirigs.com\\\/#\\\/schema\\\/logo\\\/image\\\/\"}}]}<\/script>\n<!-- \/ Yoast SEO plugin. -->","yoast_head_json":{"title":"Mr.Breakfast - C\u00e9r\u00e9ales pillows chocolate - 375 g - NIRIGS","robots":{"index":"index","follow":"follow","max-snippet":"max-snippet:-1","max-image-preview":"max-image-preview:large","max-video-preview":"max-video-preview:-1"},"canonical":"https:\/\/nirigs.com\/ar\/product\/mr-breakfast-cereales-pillows-chocolate-375-g\/","og_locale":"ar_AR","og_type":"article","og_title":"Mr.Breakfast - C\u00e9r\u00e9ales pillows chocolate - 375 g - NIRIGS","og_description":"Les C\u00e9r\u00e9ales Pillows Chocolat de Mr. Breakfast sont une d\u00e9licieuse combinaison de croustillant et de fondant. Chaque bouch\u00e9e est un","og_url":"https:\/\/nirigs.com\/ar\/product\/mr-breakfast-cereales-pillows-chocolate-375-g\/","og_site_name":"NIRIGS","article_modified_time":"2025-03-13T14:33:00+00:00","og_image":[{"width":1000,"height":1000,"url":"https:\/\/nirigs.com\/wp-content\/uploads\/2024\/10\/Mr.Breakfast-Cereales-pillows-chocolate-375-g.jpg","type":"image\/jpeg"}],"twitter_card":"summary_large_image","twitter_misc":{"\u0648\u0642\u062a \u0627\u0644\u0642\u0631\u0627\u0621\u0629 \u0627\u0644\u0645\u064f\u0642\u062f\u0651\u0631":"\u062f\u0642\u064a\u0642\u0629 \u0648\u0627\u062d\u062f\u0629"},"schema":{"@context":"https:\/\/schema.org","@graph":[{"@type":"WebPage","@id":"https:\/\/nirigs.com\/product\/mr-breakfast-cereales-pillows-chocolate-375-g\/","url":"https:\/\/nirigs.com\/product\/mr-breakfast-cereales-pillows-chocolate-375-g\/","name":"Mr.Breakfast - C\u00e9r\u00e9ales pillows chocolate - 375 g - NIRIGS","isPartOf":{"@id":"https:\/\/nirigs.com\/#website"},"primaryImageOfPage":{"@id":"https:\/\/nirigs.com\/product\/mr-breakfast-cereales-pillows-chocolate-375-g\/#primaryimage"},"image":{"@id":"https:\/\/nirigs.com\/product\/mr-breakfast-cereales-pillows-chocolate-375-g\/#primaryimage"},"thumbnailUrl":"https:\/\/nirigs.com\/wp-content\/uploads\/2024\/10\/Mr.Breakfast-Cereales-pillows-chocolate-375-g.jpg","datePublished":"2024-10-06T14:59:46+00:00","dateModified":"2025-03-13T14:33:00+00:00","breadcrumb":{"@id":"https:\/\/nirigs.com\/product\/mr-breakfast-cereales-pillows-chocolate-375-g\/#breadcrumb"},"inLanguage":"ar","potentialAction":[{"@type":"ReadAction","target":["https:\/\/nirigs.com\/product\/mr-breakfast-cereales-pillows-chocolate-375-g\/"]}]},{"@type":"ImageObject","inLanguage":"ar","@id":"https:\/\/nirigs.com\/product\/mr-breakfast-cereales-pillows-chocolate-375-g\/#primaryimage","url":"https:\/\/nirigs.com\/wp-content\/uploads\/2024\/10\/Mr.Breakfast-Cereales-pillows-chocolate-375-g.jpg","contentUrl":"https:\/\/nirigs.com\/wp-content\/uploads\/2024\/10\/Mr.Breakfast-Cereales-pillows-chocolate-375-g.jpg","width":1000,"height":1000},{"@type":"BreadcrumbList","@id":"https:\/\/nirigs.com\/product\/mr-breakfast-cereales-pillows-chocolate-375-g\/#breadcrumb","itemListElement":[{"@type":"ListItem","position":1,"name":"Home","item":"https:\/\/nirigs.com\/"},{"@type":"ListItem","position":2,"name":"Parcourir","item":"https:\/\/nirigs.com\/boutique\/"},{"@type":"ListItem","position":3,"name":"Mr.Breakfast &#8211; C\u00e9r\u00e9ales pillows chocolate &#8211; 375 g"}]},{"@type":"WebSite","@id":"https:\/\/nirigs.com\/#website","url":"https:\/\/nirigs.com\/","name":"Nirigs.com","description":"Simplifiez vos achats du quotidien \u00e0 Djibouti","publisher":{"@id":"https:\/\/nirigs.com\/#organization"},"potentialAction":[{"@type":"SearchAction","target":{"@type":"EntryPoint","urlTemplate":"https:\/\/nirigs.com\/?s={search_term_string}"},"query-input":{"@type":"PropertyValueSpecification","valueRequired":true,"valueName":"search_term_string"}}],"inLanguage":"ar"},{"@type":"Organization","@id":"https:\/\/nirigs.com\/#organization","name":"\u0646\u064a\u0631\u064a\u062c\u0633","url":"https:\/\/nirigs.com\/","logo":{"@type":"ImageObject","inLanguage":"ar","@id":"https:\/\/nirigs.com\/#\/schema\/logo\/image\/","url":"https:\/\/nirigs.com\/wp-content\/uploads\/2025\/04\/Design-sans-titre-27.png","contentUrl":"https:\/\/nirigs.com\/wp-content\/uploads\/2025\/04\/Design-sans-titre-27.png","width":500,"height":500,"caption":"Nirigs"},"image":{"@id":"https:\/\/nirigs.com\/#\/schema\/logo\/image\/"}}]}},"brands":[{"id":1264,"name":"Mr.Breakfast","slug":"mr-breakfast"}],"_links":{"self":[{"href":"https:\/\/nirigs.com\/ar\/wp-json\/wp\/v2\/product\/23066","targetHints":{"allow":["GET"]}}],"collection":[{"href":"https:\/\/nirigs.com\/ar\/wp-json\/wp\/v2\/product"}],"about":[{"href":"https:\/\/nirigs.com\/ar\/wp-json\/wp\/v2\/types\/product"}],"replies":[{"embeddable":true,"href":"https:\/\/nirigs.com\/ar\/wp-json\/wp\/v2\/comments?post=23066"}],"version-history":[{"count":3,"href":"https:\/\/nirigs.com\/ar\/wp-json\/wp\/v2\/product\/23066\/revisions"}],"predecessor-version":[{"id":26878,"href":"https:\/\/nirigs.com\/ar\/wp-json\/wp\/v2\/product\/23066\/revisions\/26878"}],"wp:featuredmedia":[{"embeddable":true,"href":"https:\/\/nirigs.com\/ar\/wp-json\/wp\/v2\/media\/26728"}],"wp:attachment":[{"href":"https:\/\/nirigs.com\/ar\/wp-json\/wp\/v2\/media?parent=23066"}],"wp:term":[{"taxonomy":"pwb-brand","embeddable":true,"href":"https:\/\/nirigs.com\/ar\/wp-json\/wp\/v2\/pwb-brand?post=23066"},{"taxonomy":"product_brand","embeddable":true,"href":"https:\/\/nirigs.com\/ar\/wp-json\/wp\/v2\/product_brand?post=23066"},{"taxonomy":"product_cat","embeddable":true,"href":"https:\/\/nirigs.com\/ar\/wp-json\/wp\/v2\/product_cat?post=23066"},{"taxonomy":"product_tag","embeddable":true,"href":"https:\/\/nirigs.com\/ar\/wp-json\/wp\/v2\/product_tag?post=23066"}],"curies":[{"name":"wp","href":"https:\/\/api.w.org\/{rel}","templated":true}]}}