{"id":23065,"date":"2024-10-06T17:59:46","date_gmt":"2024-10-06T14:59:46","guid":{"rendered":"https:\/\/nirigs.com\/produit\/casino-les-doodingues-ptites-billes-au-miel-375-g\/"},"modified":"2025-03-13T17:32:40","modified_gmt":"2025-03-13T14:32:40","slug":"casino-les-doodingues-ptites-billes-au-miel-375-g","status":"publish","type":"product","link":"https:\/\/nirigs.com\/ar\/product\/casino-les-doodingues-ptites-billes-au-miel-375-g\/","title":{"rendered":"\u0643\u0627\u0632\u064a\u0646\u0648 \u2013 Les Doodingues \u2013 \u0643\u0631\u0627\u062a \u0627\u0644\u0639\u0633\u0644 \u0627\u0644\u0635\u063a\u064a\u0631\u0629 \u2013 375 \u062c\u0645"},"content":{"rendered":"<p>Les P&rsquo;tites billes au miel de Casino sont de d\u00e9licieuses petites friandises sucr\u00e9es qui allient le go\u00fbt authentique du miel \u00e0 une texture croquante. Id\u00e9ales pour accompagner vos pauses caf\u00e9, vos go\u00fbters ou simplement pour se faire plaisir, ces billes apportent une touche de douceur \u00e0 votre journ\u00e9e.<\/p>\n<h4>\u0645\u0643\u0648\u0646\u0627\u062a :<\/h4>\n<p>Sucre, miel (10%), sirop de glucose; huile de palme, ar\u00f4mes naturels, colorants (E100, E160a), \u00e9mulsifiants (E471).<\/p>\n<h4>\u0641\u0648\u0627\u0626\u062f :<\/h4>\n<ul>\n<li>Savoureux : Une combinaison parfaite de miel et de douceur.<\/li>\n<li>Pratique : Faciles \u00e0 transporter, elles se glissent dans tous vos sacs.<\/li>\n<li>Plaisir partag\u00e9 : Conviennent \u00e0 toute la famille pour une pause gourmande.<\/li>\n<\/ul>\n<h4>\u062a\u0639\u0644\u064a\u0645\u0627\u062a :<\/h4>\n<ol>\n<li>Ouvrir le sachet.<\/li>\n<li>D\u00e9guster les billes au miel \u00e0 tout moment de la journ\u00e9e.<\/li>\n<li>Conserver dans un endroit frais et sec apr\u00e8s ouverture pour pr\u00e9server leur croustillant.<\/li>\n<\/ol>\n<h4>\u0627\u062d\u062a\u064a\u0627\u0637\u0627\u062a:<\/h4>\n<ul>\n<li>Tenir hors de port\u00e9e des jeunes enfants.<\/li>\n<li>Ne pas consommer en cas d\u2019allergie \u00e0 l\u2019un des ingr\u00e9dients.<\/li>\n<li>\u00c0 consommer dans le cadre d&rsquo;une alimentation \u00e9quilibr\u00e9e et vari\u00e9e.<\/li>\n<\/ul>","protected":false},"excerpt":{"rendered":"<p>Les P&rsquo;tites billes au miel de Casino sont de d\u00e9licieuses petites friandises sucr\u00e9es qui allient le go\u00fbt authentique du miel<\/p>","protected":false},"featured_media":26732,"comment_status":"open","ping_status":"closed","template":"","meta":[],"pwb-brand":[1219],"product_brand":[],"product_cat":[941,942,275],"product_tag":[],"class_list":{"0":"post-23065","1":"product","2":"type-product","3":"status-publish","4":"has-post-thumbnail","6":"pwb-brand-casino-les-doodingues","7":"product_cat-cereales-pour-petit-dejeuner","8":"product_cat-cereales-pretes-a-consommer","9":"product_cat-epicerie","11":"first","12":"instock","13":"shipping-taxable","14":"purchasable","15":"product-type-simple"},"yoast_head":"<!-- This site is optimized with the Yoast SEO plugin v27.1.1 - https:\/\/yoast.com\/product\/yoast-seo-wordpress\/ -->\n<title>Casino - Les Doodingues - P&#039;tites billes au miel - 375 g - NIRIGS<\/title>\n<meta name=\"robots\" content=\"index, follow, max-snippet:-1, max-image-preview:large, max-video-preview:-1\" \/>\n<link rel=\"canonical\" href=\"https:\/\/nirigs.com\/ar\/product\/casino-les-doodingues-ptites-billes-au-miel-375-g\/\" \/>\n<meta property=\"og:locale\" content=\"ar_AR\" \/>\n<meta property=\"og:type\" content=\"article\" \/>\n<meta property=\"og:title\" content=\"Casino - Les Doodingues - P&#039;tites billes au miel - 375 g - NIRIGS\" \/>\n<meta property=\"og:description\" content=\"Les P&rsquo;tites billes au miel de Casino sont de d\u00e9licieuses petites friandises sucr\u00e9es qui allient le go\u00fbt authentique du miel\" \/>\n<meta property=\"og:url\" content=\"https:\/\/nirigs.com\/ar\/product\/casino-les-doodingues-ptites-billes-au-miel-375-g\/\" \/>\n<meta property=\"og:site_name\" content=\"NIRIGS\" \/>\n<meta property=\"article:modified_time\" content=\"2025-03-13T14:32:40+00:00\" \/>\n<meta property=\"og:image\" content=\"https:\/\/nirigs.com\/wp-content\/uploads\/2024\/10\/Casino-Les-Doodingues-Ptites-billes-au-miel-375-g.jpg\" \/>\n\t<meta property=\"og:image:width\" content=\"1000\" \/>\n\t<meta property=\"og:image:height\" content=\"1000\" \/>\n\t<meta property=\"og:image:type\" content=\"image\/jpeg\" \/>\n<meta name=\"twitter:card\" content=\"summary_large_image\" \/>\n<meta name=\"twitter:label1\" content=\"\u0648\u0642\u062a \u0627\u0644\u0642\u0631\u0627\u0621\u0629 \u0627\u0644\u0645\u064f\u0642\u062f\u0651\u0631\" \/>\n\t<meta name=\"twitter:data1\" content=\"\u062f\u0642\u064a\u0642\u0629 \u0648\u0627\u062d\u062f\u0629\" \/>\n<script type=\"application\/ld+json\" class=\"yoast-schema-graph\">{\"@context\":\"https:\/\/schema.org\",\"@graph\":[{\"@type\":\"WebPage\",\"@id\":\"https:\/\/nirigs.com\/product\/casino-les-doodingues-ptites-billes-au-miel-375-g\/\",\"url\":\"https:\/\/nirigs.com\/product\/casino-les-doodingues-ptites-billes-au-miel-375-g\/\",\"name\":\"Casino - Les Doodingues - P'tites billes au miel - 375 g - NIRIGS\",\"isPartOf\":{\"@id\":\"https:\/\/nirigs.com\/#website\"},\"primaryImageOfPage\":{\"@id\":\"https:\/\/nirigs.com\/product\/casino-les-doodingues-ptites-billes-au-miel-375-g\/#primaryimage\"},\"image\":{\"@id\":\"https:\/\/nirigs.com\/product\/casino-les-doodingues-ptites-billes-au-miel-375-g\/#primaryimage\"},\"thumbnailUrl\":\"https:\/\/nirigs.com\/wp-content\/uploads\/2024\/10\/Casino-Les-Doodingues-Ptites-billes-au-miel-375-g.jpg\",\"datePublished\":\"2024-10-06T14:59:46+00:00\",\"dateModified\":\"2025-03-13T14:32:40+00:00\",\"breadcrumb\":{\"@id\":\"https:\/\/nirigs.com\/product\/casino-les-doodingues-ptites-billes-au-miel-375-g\/#breadcrumb\"},\"inLanguage\":\"ar\",\"potentialAction\":[{\"@type\":\"ReadAction\",\"target\":[\"https:\/\/nirigs.com\/product\/casino-les-doodingues-ptites-billes-au-miel-375-g\/\"]}]},{\"@type\":\"ImageObject\",\"inLanguage\":\"ar\",\"@id\":\"https:\/\/nirigs.com\/product\/casino-les-doodingues-ptites-billes-au-miel-375-g\/#primaryimage\",\"url\":\"https:\/\/nirigs.com\/wp-content\/uploads\/2024\/10\/Casino-Les-Doodingues-Ptites-billes-au-miel-375-g.jpg\",\"contentUrl\":\"https:\/\/nirigs.com\/wp-content\/uploads\/2024\/10\/Casino-Les-Doodingues-Ptites-billes-au-miel-375-g.jpg\",\"width\":1000,\"height\":1000},{\"@type\":\"BreadcrumbList\",\"@id\":\"https:\/\/nirigs.com\/product\/casino-les-doodingues-ptites-billes-au-miel-375-g\/#breadcrumb\",\"itemListElement\":[{\"@type\":\"ListItem\",\"position\":1,\"name\":\"Home\",\"item\":\"https:\/\/nirigs.com\/\"},{\"@type\":\"ListItem\",\"position\":2,\"name\":\"Parcourir\",\"item\":\"https:\/\/nirigs.com\/boutique\/\"},{\"@type\":\"ListItem\",\"position\":3,\"name\":\"Casino &#8211; Les Doodingues &#8211; P&rsquo;tites billes au miel &#8211; 375 g\"}]},{\"@type\":\"WebSite\",\"@id\":\"https:\/\/nirigs.com\/#website\",\"url\":\"https:\/\/nirigs.com\/\",\"name\":\"Nirigs.com\",\"description\":\"Simplifiez vos achats du quotidien \u00e0 Djibouti\",\"publisher\":{\"@id\":\"https:\/\/nirigs.com\/#organization\"},\"potentialAction\":[{\"@type\":\"SearchAction\",\"target\":{\"@type\":\"EntryPoint\",\"urlTemplate\":\"https:\/\/nirigs.com\/?s={search_term_string}\"},\"query-input\":{\"@type\":\"PropertyValueSpecification\",\"valueRequired\":true,\"valueName\":\"search_term_string\"}}],\"inLanguage\":\"ar\"},{\"@type\":\"Organization\",\"@id\":\"https:\/\/nirigs.com\/#organization\",\"name\":\"Nirigs\",\"url\":\"https:\/\/nirigs.com\/\",\"logo\":{\"@type\":\"ImageObject\",\"inLanguage\":\"ar\",\"@id\":\"https:\/\/nirigs.com\/#\/schema\/logo\/image\/\",\"url\":\"https:\/\/nirigs.com\/wp-content\/uploads\/2025\/04\/Design-sans-titre-27.png\",\"contentUrl\":\"https:\/\/nirigs.com\/wp-content\/uploads\/2025\/04\/Design-sans-titre-27.png\",\"width\":500,\"height\":500,\"caption\":\"Nirigs\"},\"image\":{\"@id\":\"https:\/\/nirigs.com\/#\/schema\/logo\/image\/\"}}]}<\/script>\n<!-- \/ Yoast SEO plugin. -->","yoast_head_json":{"title":"Casino - Les Doodingues - P'tites billes au miel - 375 g - NIRIGS","robots":{"index":"index","follow":"follow","max-snippet":"max-snippet:-1","max-image-preview":"max-image-preview:large","max-video-preview":"max-video-preview:-1"},"canonical":"https:\/\/nirigs.com\/ar\/product\/casino-les-doodingues-ptites-billes-au-miel-375-g\/","og_locale":"ar_AR","og_type":"article","og_title":"Casino - Les Doodingues - P'tites billes au miel - 375 g - NIRIGS","og_description":"Les P&rsquo;tites billes au miel de Casino sont de d\u00e9licieuses petites friandises sucr\u00e9es qui allient le go\u00fbt authentique du miel","og_url":"https:\/\/nirigs.com\/ar\/product\/casino-les-doodingues-ptites-billes-au-miel-375-g\/","og_site_name":"NIRIGS","article_modified_time":"2025-03-13T14:32:40+00:00","og_image":[{"width":1000,"height":1000,"url":"https:\/\/nirigs.com\/wp-content\/uploads\/2024\/10\/Casino-Les-Doodingues-Ptites-billes-au-miel-375-g.jpg","type":"image\/jpeg"}],"twitter_card":"summary_large_image","twitter_misc":{"\u0648\u0642\u062a \u0627\u0644\u0642\u0631\u0627\u0621\u0629 \u0627\u0644\u0645\u064f\u0642\u062f\u0651\u0631":"\u062f\u0642\u064a\u0642\u0629 \u0648\u0627\u062d\u062f\u0629"},"schema":{"@context":"https:\/\/schema.org","@graph":[{"@type":"WebPage","@id":"https:\/\/nirigs.com\/product\/casino-les-doodingues-ptites-billes-au-miel-375-g\/","url":"https:\/\/nirigs.com\/product\/casino-les-doodingues-ptites-billes-au-miel-375-g\/","name":"Casino - Les Doodingues - P'tites billes au miel - 375 g - NIRIGS","isPartOf":{"@id":"https:\/\/nirigs.com\/#website"},"primaryImageOfPage":{"@id":"https:\/\/nirigs.com\/product\/casino-les-doodingues-ptites-billes-au-miel-375-g\/#primaryimage"},"image":{"@id":"https:\/\/nirigs.com\/product\/casino-les-doodingues-ptites-billes-au-miel-375-g\/#primaryimage"},"thumbnailUrl":"https:\/\/nirigs.com\/wp-content\/uploads\/2024\/10\/Casino-Les-Doodingues-Ptites-billes-au-miel-375-g.jpg","datePublished":"2024-10-06T14:59:46+00:00","dateModified":"2025-03-13T14:32:40+00:00","breadcrumb":{"@id":"https:\/\/nirigs.com\/product\/casino-les-doodingues-ptites-billes-au-miel-375-g\/#breadcrumb"},"inLanguage":"ar","potentialAction":[{"@type":"ReadAction","target":["https:\/\/nirigs.com\/product\/casino-les-doodingues-ptites-billes-au-miel-375-g\/"]}]},{"@type":"ImageObject","inLanguage":"ar","@id":"https:\/\/nirigs.com\/product\/casino-les-doodingues-ptites-billes-au-miel-375-g\/#primaryimage","url":"https:\/\/nirigs.com\/wp-content\/uploads\/2024\/10\/Casino-Les-Doodingues-Ptites-billes-au-miel-375-g.jpg","contentUrl":"https:\/\/nirigs.com\/wp-content\/uploads\/2024\/10\/Casino-Les-Doodingues-Ptites-billes-au-miel-375-g.jpg","width":1000,"height":1000},{"@type":"BreadcrumbList","@id":"https:\/\/nirigs.com\/product\/casino-les-doodingues-ptites-billes-au-miel-375-g\/#breadcrumb","itemListElement":[{"@type":"ListItem","position":1,"name":"Home","item":"https:\/\/nirigs.com\/"},{"@type":"ListItem","position":2,"name":"Parcourir","item":"https:\/\/nirigs.com\/boutique\/"},{"@type":"ListItem","position":3,"name":"Casino &#8211; Les Doodingues &#8211; P&rsquo;tites billes au miel &#8211; 375 g"}]},{"@type":"WebSite","@id":"https:\/\/nirigs.com\/#website","url":"https:\/\/nirigs.com\/","name":"Nirigs.com","description":"Simplifiez vos achats du quotidien \u00e0 Djibouti","publisher":{"@id":"https:\/\/nirigs.com\/#organization"},"potentialAction":[{"@type":"SearchAction","target":{"@type":"EntryPoint","urlTemplate":"https:\/\/nirigs.com\/?s={search_term_string}"},"query-input":{"@type":"PropertyValueSpecification","valueRequired":true,"valueName":"search_term_string"}}],"inLanguage":"ar"},{"@type":"Organization","@id":"https:\/\/nirigs.com\/#organization","name":"\u0646\u064a\u0631\u064a\u062c\u0633","url":"https:\/\/nirigs.com\/","logo":{"@type":"ImageObject","inLanguage":"ar","@id":"https:\/\/nirigs.com\/#\/schema\/logo\/image\/","url":"https:\/\/nirigs.com\/wp-content\/uploads\/2025\/04\/Design-sans-titre-27.png","contentUrl":"https:\/\/nirigs.com\/wp-content\/uploads\/2025\/04\/Design-sans-titre-27.png","width":500,"height":500,"caption":"Nirigs"},"image":{"@id":"https:\/\/nirigs.com\/#\/schema\/logo\/image\/"}}]}},"brands":[{"id":1219,"name":"Casino - Les Doodingues","slug":"casino-les-doodingues"}],"_links":{"self":[{"href":"https:\/\/nirigs.com\/ar\/wp-json\/wp\/v2\/product\/23065","targetHints":{"allow":["GET"]}}],"collection":[{"href":"https:\/\/nirigs.com\/ar\/wp-json\/wp\/v2\/product"}],"about":[{"href":"https:\/\/nirigs.com\/ar\/wp-json\/wp\/v2\/types\/product"}],"replies":[{"embeddable":true,"href":"https:\/\/nirigs.com\/ar\/wp-json\/wp\/v2\/comments?post=23065"}],"version-history":[{"count":3,"href":"https:\/\/nirigs.com\/ar\/wp-json\/wp\/v2\/product\/23065\/revisions"}],"predecessor-version":[{"id":26731,"href":"https:\/\/nirigs.com\/ar\/wp-json\/wp\/v2\/product\/23065\/revisions\/26731"}],"wp:featuredmedia":[{"embeddable":true,"href":"https:\/\/nirigs.com\/ar\/wp-json\/wp\/v2\/media\/26732"}],"wp:attachment":[{"href":"https:\/\/nirigs.com\/ar\/wp-json\/wp\/v2\/media?parent=23065"}],"wp:term":[{"taxonomy":"pwb-brand","embeddable":true,"href":"https:\/\/nirigs.com\/ar\/wp-json\/wp\/v2\/pwb-brand?post=23065"},{"taxonomy":"product_brand","embeddable":true,"href":"https:\/\/nirigs.com\/ar\/wp-json\/wp\/v2\/product_brand?post=23065"},{"taxonomy":"product_cat","embeddable":true,"href":"https:\/\/nirigs.com\/ar\/wp-json\/wp\/v2\/product_cat?post=23065"},{"taxonomy":"product_tag","embeddable":true,"href":"https:\/\/nirigs.com\/ar\/wp-json\/wp\/v2\/product_tag?post=23065"}],"curies":[{"name":"wp","href":"https:\/\/api.w.org\/{rel}","templated":true}]}}