{"id":23059,"date":"2024-10-06T17:59:44","date_gmt":"2024-10-06T14:59:44","guid":{"rendered":"https:\/\/nirigs.com\/produit\/kellogs-corn-flakes-special-original-500-g\/"},"modified":"2025-06-06T10:02:07","modified_gmt":"2025-06-06T07:02:07","slug":"kellogs-corn-flakes-special-original-500-g","status":"publish","type":"product","link":"https:\/\/nirigs.com\/ar\/product\/kellogs-corn-flakes-special-original-500-g\/","title":{"rendered":"\u0643\u064a\u0644\u0648\u062c\u0632 \u2013 \u0643\u0648\u0631\u0646 \u0641\u0644\u064a\u0643\u0633 \u0623\u0635\u0644\u064a \u062e\u0627\u0635 \u2013 500 \u062c\u0631\u0627\u0645"},"content":{"rendered":"<p>Les Corn Flakes Special Original de Kellogg&rsquo;s sont une d\u00e9licieuse c\u00e9r\u00e9ale de petit d\u00e9jeuner, croustillante et dor\u00e9e, id\u00e9ale pour bien commencer la journ\u00e9e. Avec leur go\u00fbt subtil de ma\u00efs, ces flocons offrent une texture l\u00e9g\u00e8re et croquante qui plaira \u00e0 toute la famille. Parfaits avec du lait, du yaourt ou en snack, ils sont une source de plaisir au quotidien.<\/p>\n<h4>\u0645\u0643\u0648\u0646\u0627\u062a :<\/h4>\n<p>Flocons de ma\u00efs (98 %), sucre, sel, vitamines et min\u00e9raux (vitamine B1, vitamine B2, niacine, acide folique, fer).<\/p>\n<h4>\u0641\u0648\u0627\u0626\u062f :<\/h4>\n<ul>\n<li>Croustillant et l\u00e9ger : Offre une texture agr\u00e9able \u00e0 chaque bouch\u00e9e.<\/li>\n<li>Riche en vitamines : Enrichi en vitamines B et en fer pour un petit d\u00e9jeuner \u00e9quilibr\u00e9.<\/li>\n<li>Facile \u00e0 pr\u00e9parer : Pr\u00eat \u00e0 consommer, id\u00e9al pour les matins press\u00e9s.<\/li>\n<li>Polyvalent : Peut \u00eatre consomm\u00e9 avec du lait, des fruits, du yaourt ou m\u00eame seul en collation.<\/li>\n<\/ul>\n<h4>\u062a\u0639\u0644\u064a\u0645\u0627\u062a :<\/h4>\n<ol>\n<li>Verser une portion de Corn Flakes dans un bol.<\/li>\n<li>Ajouter du lait froid ou chaud selon votre pr\u00e9f\u00e9rence.<\/li>\n<li>Ajouter des fruits frais, des noix ou du miel pour varier les plaisirs.<\/li>\n<\/ol>\n<h4>\u0627\u062d\u062a\u064a\u0627\u0637\u0627\u062a:<\/h4>\n<ul>\n<li>Contient des c\u00e9r\u00e9ales contenant du gluten (ma\u00efs) et peut contenir des traces de fruits \u00e0 coque.<\/li>\n<li>Conserver dans un endroit frais et sec. Refermer soigneusement apr\u00e8s ouverture pour pr\u00e9server la croustillance.<\/li>\n<\/ul>","protected":false},"excerpt":{"rendered":"<p>Les Corn Flakes Special Original de Kellogg&rsquo;s sont une d\u00e9licieuse c\u00e9r\u00e9ale de petit d\u00e9jeuner, croustillante et dor\u00e9e, id\u00e9ale pour bien<\/p>","protected":false},"featured_media":26745,"comment_status":"open","ping_status":"closed","template":"","meta":[],"pwb-brand":[1265],"product_brand":[],"product_cat":[941,942,275],"product_tag":[],"class_list":{"0":"post-23059","1":"product","2":"type-product","3":"status-publish","4":"has-post-thumbnail","6":"pwb-brand-kellogs","7":"product_cat-cereales-pour-petit-dejeuner","8":"product_cat-cereales-pretes-a-consommer","9":"product_cat-epicerie","11":"first","12":"instock","13":"shipping-taxable","14":"purchasable","15":"product-type-simple"},"yoast_head":"<!-- This site is optimized with the Yoast SEO plugin v27.1.1 - https:\/\/yoast.com\/product\/yoast-seo-wordpress\/ -->\n<title>Kellog&#039;s - Corn flakes special original - 500 g - NIRIGS<\/title>\n<meta name=\"robots\" content=\"index, follow, max-snippet:-1, max-image-preview:large, max-video-preview:-1\" \/>\n<link rel=\"canonical\" href=\"https:\/\/nirigs.com\/ar\/product\/kellogs-corn-flakes-special-original-500-g\/\" \/>\n<meta property=\"og:locale\" content=\"ar_AR\" \/>\n<meta property=\"og:type\" content=\"article\" \/>\n<meta property=\"og:title\" content=\"Kellog&#039;s - Corn flakes special original - 500 g - NIRIGS\" \/>\n<meta property=\"og:description\" content=\"Les Corn Flakes Special Original de Kellogg&rsquo;s sont une d\u00e9licieuse c\u00e9r\u00e9ale de petit d\u00e9jeuner, croustillante et dor\u00e9e, id\u00e9ale pour bien\" \/>\n<meta property=\"og:url\" content=\"https:\/\/nirigs.com\/ar\/product\/kellogs-corn-flakes-special-original-500-g\/\" \/>\n<meta property=\"og:site_name\" content=\"NIRIGS\" \/>\n<meta property=\"article:modified_time\" content=\"2025-06-06T07:02:07+00:00\" \/>\n<meta property=\"og:image\" content=\"https:\/\/nirigs.com\/wp-content\/uploads\/2024\/10\/Kellogs-Corn-flakes-special-original-500-g.jpg\" \/>\n\t<meta property=\"og:image:width\" content=\"1000\" \/>\n\t<meta property=\"og:image:height\" content=\"1000\" \/>\n\t<meta property=\"og:image:type\" content=\"image\/jpeg\" \/>\n<meta name=\"twitter:card\" content=\"summary_large_image\" \/>\n<meta name=\"twitter:label1\" content=\"\u0648\u0642\u062a \u0627\u0644\u0642\u0631\u0627\u0621\u0629 \u0627\u0644\u0645\u064f\u0642\u062f\u0651\u0631\" \/>\n\t<meta name=\"twitter:data1\" content=\"\u062f\u0642\u064a\u0642\u0629 \u0648\u0627\u062d\u062f\u0629\" \/>\n<script type=\"application\/ld+json\" class=\"yoast-schema-graph\">{\"@context\":\"https:\/\/schema.org\",\"@graph\":[{\"@type\":\"WebPage\",\"@id\":\"https:\/\/nirigs.com\/product\/kellogs-corn-flakes-special-original-500-g\/\",\"url\":\"https:\/\/nirigs.com\/product\/kellogs-corn-flakes-special-original-500-g\/\",\"name\":\"Kellog's - Corn flakes special original - 500 g - NIRIGS\",\"isPartOf\":{\"@id\":\"https:\/\/nirigs.com\/#website\"},\"primaryImageOfPage\":{\"@id\":\"https:\/\/nirigs.com\/product\/kellogs-corn-flakes-special-original-500-g\/#primaryimage\"},\"image\":{\"@id\":\"https:\/\/nirigs.com\/product\/kellogs-corn-flakes-special-original-500-g\/#primaryimage\"},\"thumbnailUrl\":\"https:\/\/nirigs.com\/wp-content\/uploads\/2024\/10\/Kellogs-Corn-flakes-special-original-500-g.jpg\",\"datePublished\":\"2024-10-06T14:59:44+00:00\",\"dateModified\":\"2025-06-06T07:02:07+00:00\",\"breadcrumb\":{\"@id\":\"https:\/\/nirigs.com\/product\/kellogs-corn-flakes-special-original-500-g\/#breadcrumb\"},\"inLanguage\":\"ar\",\"potentialAction\":[{\"@type\":\"ReadAction\",\"target\":[\"https:\/\/nirigs.com\/product\/kellogs-corn-flakes-special-original-500-g\/\"]}]},{\"@type\":\"ImageObject\",\"inLanguage\":\"ar\",\"@id\":\"https:\/\/nirigs.com\/product\/kellogs-corn-flakes-special-original-500-g\/#primaryimage\",\"url\":\"https:\/\/nirigs.com\/wp-content\/uploads\/2024\/10\/Kellogs-Corn-flakes-special-original-500-g.jpg\",\"contentUrl\":\"https:\/\/nirigs.com\/wp-content\/uploads\/2024\/10\/Kellogs-Corn-flakes-special-original-500-g.jpg\",\"width\":1000,\"height\":1000},{\"@type\":\"BreadcrumbList\",\"@id\":\"https:\/\/nirigs.com\/product\/kellogs-corn-flakes-special-original-500-g\/#breadcrumb\",\"itemListElement\":[{\"@type\":\"ListItem\",\"position\":1,\"name\":\"Home\",\"item\":\"https:\/\/nirigs.com\/\"},{\"@type\":\"ListItem\",\"position\":2,\"name\":\"Parcourir\",\"item\":\"https:\/\/nirigs.com\/boutique\/\"},{\"@type\":\"ListItem\",\"position\":3,\"name\":\"Kellog&rsquo;s &#8211; Corn flakes special original &#8211; 500 g\"}]},{\"@type\":\"WebSite\",\"@id\":\"https:\/\/nirigs.com\/#website\",\"url\":\"https:\/\/nirigs.com\/\",\"name\":\"Nirigs.com\",\"description\":\"Simplifiez vos achats du quotidien \u00e0 Djibouti\",\"publisher\":{\"@id\":\"https:\/\/nirigs.com\/#organization\"},\"potentialAction\":[{\"@type\":\"SearchAction\",\"target\":{\"@type\":\"EntryPoint\",\"urlTemplate\":\"https:\/\/nirigs.com\/?s={search_term_string}\"},\"query-input\":{\"@type\":\"PropertyValueSpecification\",\"valueRequired\":true,\"valueName\":\"search_term_string\"}}],\"inLanguage\":\"ar\"},{\"@type\":\"Organization\",\"@id\":\"https:\/\/nirigs.com\/#organization\",\"name\":\"Nirigs\",\"url\":\"https:\/\/nirigs.com\/\",\"logo\":{\"@type\":\"ImageObject\",\"inLanguage\":\"ar\",\"@id\":\"https:\/\/nirigs.com\/#\/schema\/logo\/image\/\",\"url\":\"https:\/\/nirigs.com\/wp-content\/uploads\/2025\/04\/Design-sans-titre-27.png\",\"contentUrl\":\"https:\/\/nirigs.com\/wp-content\/uploads\/2025\/04\/Design-sans-titre-27.png\",\"width\":500,\"height\":500,\"caption\":\"Nirigs\"},\"image\":{\"@id\":\"https:\/\/nirigs.com\/#\/schema\/logo\/image\/\"}}]}<\/script>\n<!-- \/ Yoast SEO plugin. -->","yoast_head_json":{"title":"Kellog's - Corn flakes special original - 500 g - NIRIGS","robots":{"index":"index","follow":"follow","max-snippet":"max-snippet:-1","max-image-preview":"max-image-preview:large","max-video-preview":"max-video-preview:-1"},"canonical":"https:\/\/nirigs.com\/ar\/product\/kellogs-corn-flakes-special-original-500-g\/","og_locale":"ar_AR","og_type":"article","og_title":"Kellog's - Corn flakes special original - 500 g - NIRIGS","og_description":"Les Corn Flakes Special Original de Kellogg&rsquo;s sont une d\u00e9licieuse c\u00e9r\u00e9ale de petit d\u00e9jeuner, croustillante et dor\u00e9e, id\u00e9ale pour bien","og_url":"https:\/\/nirigs.com\/ar\/product\/kellogs-corn-flakes-special-original-500-g\/","og_site_name":"NIRIGS","article_modified_time":"2025-06-06T07:02:07+00:00","og_image":[{"width":1000,"height":1000,"url":"https:\/\/nirigs.com\/wp-content\/uploads\/2024\/10\/Kellogs-Corn-flakes-special-original-500-g.jpg","type":"image\/jpeg"}],"twitter_card":"summary_large_image","twitter_misc":{"\u0648\u0642\u062a \u0627\u0644\u0642\u0631\u0627\u0621\u0629 \u0627\u0644\u0645\u064f\u0642\u062f\u0651\u0631":"\u062f\u0642\u064a\u0642\u0629 \u0648\u0627\u062d\u062f\u0629"},"schema":{"@context":"https:\/\/schema.org","@graph":[{"@type":"WebPage","@id":"https:\/\/nirigs.com\/product\/kellogs-corn-flakes-special-original-500-g\/","url":"https:\/\/nirigs.com\/product\/kellogs-corn-flakes-special-original-500-g\/","name":"Kellog's - Corn flakes special original - 500 g - NIRIGS","isPartOf":{"@id":"https:\/\/nirigs.com\/#website"},"primaryImageOfPage":{"@id":"https:\/\/nirigs.com\/product\/kellogs-corn-flakes-special-original-500-g\/#primaryimage"},"image":{"@id":"https:\/\/nirigs.com\/product\/kellogs-corn-flakes-special-original-500-g\/#primaryimage"},"thumbnailUrl":"https:\/\/nirigs.com\/wp-content\/uploads\/2024\/10\/Kellogs-Corn-flakes-special-original-500-g.jpg","datePublished":"2024-10-06T14:59:44+00:00","dateModified":"2025-06-06T07:02:07+00:00","breadcrumb":{"@id":"https:\/\/nirigs.com\/product\/kellogs-corn-flakes-special-original-500-g\/#breadcrumb"},"inLanguage":"ar","potentialAction":[{"@type":"ReadAction","target":["https:\/\/nirigs.com\/product\/kellogs-corn-flakes-special-original-500-g\/"]}]},{"@type":"ImageObject","inLanguage":"ar","@id":"https:\/\/nirigs.com\/product\/kellogs-corn-flakes-special-original-500-g\/#primaryimage","url":"https:\/\/nirigs.com\/wp-content\/uploads\/2024\/10\/Kellogs-Corn-flakes-special-original-500-g.jpg","contentUrl":"https:\/\/nirigs.com\/wp-content\/uploads\/2024\/10\/Kellogs-Corn-flakes-special-original-500-g.jpg","width":1000,"height":1000},{"@type":"BreadcrumbList","@id":"https:\/\/nirigs.com\/product\/kellogs-corn-flakes-special-original-500-g\/#breadcrumb","itemListElement":[{"@type":"ListItem","position":1,"name":"Home","item":"https:\/\/nirigs.com\/"},{"@type":"ListItem","position":2,"name":"Parcourir","item":"https:\/\/nirigs.com\/boutique\/"},{"@type":"ListItem","position":3,"name":"Kellog&rsquo;s &#8211; Corn flakes special original &#8211; 500 g"}]},{"@type":"WebSite","@id":"https:\/\/nirigs.com\/#website","url":"https:\/\/nirigs.com\/","name":"Nirigs.com","description":"Simplifiez vos achats du quotidien \u00e0 Djibouti","publisher":{"@id":"https:\/\/nirigs.com\/#organization"},"potentialAction":[{"@type":"SearchAction","target":{"@type":"EntryPoint","urlTemplate":"https:\/\/nirigs.com\/?s={search_term_string}"},"query-input":{"@type":"PropertyValueSpecification","valueRequired":true,"valueName":"search_term_string"}}],"inLanguage":"ar"},{"@type":"Organization","@id":"https:\/\/nirigs.com\/#organization","name":"\u0646\u064a\u0631\u064a\u062c\u0633","url":"https:\/\/nirigs.com\/","logo":{"@type":"ImageObject","inLanguage":"ar","@id":"https:\/\/nirigs.com\/#\/schema\/logo\/image\/","url":"https:\/\/nirigs.com\/wp-content\/uploads\/2025\/04\/Design-sans-titre-27.png","contentUrl":"https:\/\/nirigs.com\/wp-content\/uploads\/2025\/04\/Design-sans-titre-27.png","width":500,"height":500,"caption":"Nirigs"},"image":{"@id":"https:\/\/nirigs.com\/#\/schema\/logo\/image\/"}}]}},"brands":[{"id":1265,"name":"Kellog's","slug":"kellogs"}],"_links":{"self":[{"href":"https:\/\/nirigs.com\/ar\/wp-json\/wp\/v2\/product\/23059","targetHints":{"allow":["GET"]}}],"collection":[{"href":"https:\/\/nirigs.com\/ar\/wp-json\/wp\/v2\/product"}],"about":[{"href":"https:\/\/nirigs.com\/ar\/wp-json\/wp\/v2\/types\/product"}],"replies":[{"embeddable":true,"href":"https:\/\/nirigs.com\/ar\/wp-json\/wp\/v2\/comments?post=23059"}],"version-history":[{"count":3,"href":"https:\/\/nirigs.com\/ar\/wp-json\/wp\/v2\/product\/23059\/revisions"}],"predecessor-version":[{"id":26744,"href":"https:\/\/nirigs.com\/ar\/wp-json\/wp\/v2\/product\/23059\/revisions\/26744"}],"wp:featuredmedia":[{"embeddable":true,"href":"https:\/\/nirigs.com\/ar\/wp-json\/wp\/v2\/media\/26745"}],"wp:attachment":[{"href":"https:\/\/nirigs.com\/ar\/wp-json\/wp\/v2\/media?parent=23059"}],"wp:term":[{"taxonomy":"pwb-brand","embeddable":true,"href":"https:\/\/nirigs.com\/ar\/wp-json\/wp\/v2\/pwb-brand?post=23059"},{"taxonomy":"product_brand","embeddable":true,"href":"https:\/\/nirigs.com\/ar\/wp-json\/wp\/v2\/product_brand?post=23059"},{"taxonomy":"product_cat","embeddable":true,"href":"https:\/\/nirigs.com\/ar\/wp-json\/wp\/v2\/product_cat?post=23059"},{"taxonomy":"product_tag","embeddable":true,"href":"https:\/\/nirigs.com\/ar\/wp-json\/wp\/v2\/product_tag?post=23059"}],"curies":[{"name":"wp","href":"https:\/\/api.w.org\/{rel}","templated":true}]}}