{"id":23055,"date":"2024-10-06T17:59:43","date_gmt":"2024-10-06T14:59:43","guid":{"rendered":"https:\/\/nirigs.com\/produit\/kellogs-corn-flakes-original-nature-500-g\/"},"modified":"2025-03-13T17:39:14","modified_gmt":"2025-03-13T14:39:14","slug":"kellogs-corn-flakes-original-nature-500-g","status":"publish","type":"product","link":"https:\/\/nirigs.com\/ar\/product\/kellogs-corn-flakes-original-nature-500-g\/","title":{"rendered":"\u0643\u064a\u0644\u0648\u062c\u0632 \u2013 \u0643\u0648\u0631\u0646 \u0641\u0644\u064a\u0643\u0633 \u0637\u0628\u064a\u0639\u064a \u2013 500 \u062c\u0631\u0627\u0645"},"content":{"rendered":"<p>Les Corn Flakes Original de Kellogg&rsquo;s sont un petit d\u00e9jeuner classique, croustillant et savoureux, parfait pour bien commencer la journ\u00e9e. Fabriqu\u00e9s \u00e0 partir de ma\u00efs de haute qualit\u00e9, ces flocons sont l\u00e9gers et faciles \u00e0 dig\u00e9rer, offrant une base nutritive pour des matins pleins d&rsquo;\u00e9nergie.<\/p>\n<h4>\u0645\u0643\u0648\u0646\u0627\u062a :<\/h4>\n<p>Ma\u00efs (c\u00e9r\u00e9ales), sucre, sel, malt d\u2019orge (c\u00e9r\u00e9ales), vitamines et min\u00e9raux : Vitamine B1, Vitamine B2, Vitamine B3, Vitamine B6, Vitamine B9, Vitamine B12, Acide folique, Fer, Zinc.<\/p>\n<h4>\u0641\u0648\u0627\u0626\u062f :<\/h4>\n<ul>\n<li>Riche en vitamines : Fournit des nutriments essentiels pour la sant\u00e9 et le bien-\u00eatre.<\/li>\n<li>Faible en mati\u00e8res grasses : Id\u00e9al pour ceux qui surveillent leur apport en graisses.<\/li>\n<li>Sans ar\u00f4mes artificiels : Une option naturelle et saine.<\/li>\n<li>Pratique et rapide : Facile \u00e0 pr\u00e9parer, id\u00e9al pour les matins press\u00e9s.<\/li>\n<li>Polyvalent : Peut \u00eatre consomm\u00e9 avec du lait, des fruits frais, ou du yaourt.<\/li>\n<\/ul>\n<h4>\u062a\u0639\u0644\u064a\u0645\u0627\u062a :<\/h4>\n<ol>\n<li>Versez la quantit\u00e9 d\u00e9sir\u00e9e de Corn Flakes dans un bol.<\/li>\n<li>Ajoutez du lait froid ou ti\u00e8de selon votre pr\u00e9f\u00e9rence.<\/li>\n<li>Personnalisez avec des fruits frais, des noix, ou un peu de miel si vous le souhaitez.<\/li>\n<li>D\u00e9gustez imm\u00e9diatement pour profiter du croustillant !<\/li>\n<\/ol>\n<h4>\u0627\u062d\u062a\u064a\u0627\u0637\u0627\u062a:<\/h4>\n<ul>\n<li>Conservez dans un endroit frais et sec, \u00e0 l&rsquo;abri de la lumi\u00e8re.<\/li>\n<li>\u0645\u0646 \u0627\u0644\u0623\u0641\u0636\u0644 \u0627\u0633\u062a\u0647\u0644\u0627\u0643\u0647 \u0642\u0628\u0644 \u0627\u0644\u062a\u0627\u0631\u064a\u062e \u0627\u0644\u0645\u0648\u0636\u062d \u0639\u0644\u0649 \u0627\u0644\u0639\u0628\u0648\u0629.<\/li>\n<li>Contient des c\u00e9r\u00e9ales contenant du gluten. Ne convient pas aux personnes atteintes de la maladie c\u0153liaque.<\/li>\n<li>V\u00e9rifiez toujours les \u00e9tiquettes des produits pour toute allergie potentielle.<\/li>\n<\/ul>","protected":false},"excerpt":{"rendered":"<p>Les Corn Flakes Original de Kellogg&rsquo;s sont un petit d\u00e9jeuner classique, croustillant et savoureux, parfait pour bien commencer la journ\u00e9e.<\/p>","protected":false},"featured_media":26757,"comment_status":"open","ping_status":"closed","template":"","meta":[],"pwb-brand":[1265],"product_brand":[],"product_cat":[941,942,275],"product_tag":[],"class_list":{"0":"post-23055","1":"product","2":"type-product","3":"status-publish","4":"has-post-thumbnail","6":"pwb-brand-kellogs","7":"product_cat-cereales-pour-petit-dejeuner","8":"product_cat-cereales-pretes-a-consommer","9":"product_cat-epicerie","11":"first","12":"instock","13":"shipping-taxable","14":"purchasable","15":"product-type-simple"},"yoast_head":"<!-- This site is optimized with the Yoast SEO plugin v27.1.1 - https:\/\/yoast.com\/product\/yoast-seo-wordpress\/ -->\n<title>Kellog&#039;s - Corn flakes original nature - 500 g - NIRIGS<\/title>\n<meta name=\"robots\" content=\"index, follow, max-snippet:-1, max-image-preview:large, max-video-preview:-1\" \/>\n<link rel=\"canonical\" href=\"https:\/\/nirigs.com\/ar\/product\/kellogs-corn-flakes-original-nature-500-g\/\" \/>\n<meta property=\"og:locale\" content=\"ar_AR\" \/>\n<meta property=\"og:type\" content=\"article\" \/>\n<meta property=\"og:title\" content=\"Kellog&#039;s - Corn flakes original nature - 500 g - NIRIGS\" \/>\n<meta property=\"og:description\" content=\"Les Corn Flakes Original de Kellogg&rsquo;s sont un petit d\u00e9jeuner classique, croustillant et savoureux, parfait pour bien commencer la journ\u00e9e.\" \/>\n<meta property=\"og:url\" content=\"https:\/\/nirigs.com\/ar\/product\/kellogs-corn-flakes-original-nature-500-g\/\" \/>\n<meta property=\"og:site_name\" content=\"NIRIGS\" \/>\n<meta property=\"article:modified_time\" content=\"2025-03-13T14:39:14+00:00\" \/>\n<meta property=\"og:image\" content=\"https:\/\/nirigs.com\/wp-content\/uploads\/2024\/10\/Kellogs-Corn-flakes-original-nature-500-g.jpg\" \/>\n\t<meta property=\"og:image:width\" content=\"1000\" \/>\n\t<meta property=\"og:image:height\" content=\"1000\" \/>\n\t<meta property=\"og:image:type\" content=\"image\/jpeg\" \/>\n<meta name=\"twitter:card\" content=\"summary_large_image\" \/>\n<meta name=\"twitter:label1\" content=\"\u0648\u0642\u062a \u0627\u0644\u0642\u0631\u0627\u0621\u0629 \u0627\u0644\u0645\u064f\u0642\u062f\u0651\u0631\" \/>\n\t<meta name=\"twitter:data1\" content=\"\u062f\u0642\u064a\u0642\u0629 \u0648\u0627\u062d\u062f\u0629\" \/>\n<script type=\"application\/ld+json\" class=\"yoast-schema-graph\">{\"@context\":\"https:\/\/schema.org\",\"@graph\":[{\"@type\":\"WebPage\",\"@id\":\"https:\/\/nirigs.com\/product\/kellogs-corn-flakes-original-nature-500-g\/\",\"url\":\"https:\/\/nirigs.com\/product\/kellogs-corn-flakes-original-nature-500-g\/\",\"name\":\"Kellog's - Corn flakes original nature - 500 g - NIRIGS\",\"isPartOf\":{\"@id\":\"https:\/\/nirigs.com\/#website\"},\"primaryImageOfPage\":{\"@id\":\"https:\/\/nirigs.com\/product\/kellogs-corn-flakes-original-nature-500-g\/#primaryimage\"},\"image\":{\"@id\":\"https:\/\/nirigs.com\/product\/kellogs-corn-flakes-original-nature-500-g\/#primaryimage\"},\"thumbnailUrl\":\"https:\/\/nirigs.com\/wp-content\/uploads\/2024\/10\/Kellogs-Corn-flakes-original-nature-500-g.jpg\",\"datePublished\":\"2024-10-06T14:59:43+00:00\",\"dateModified\":\"2025-03-13T14:39:14+00:00\",\"breadcrumb\":{\"@id\":\"https:\/\/nirigs.com\/product\/kellogs-corn-flakes-original-nature-500-g\/#breadcrumb\"},\"inLanguage\":\"ar\",\"potentialAction\":[{\"@type\":\"ReadAction\",\"target\":[\"https:\/\/nirigs.com\/product\/kellogs-corn-flakes-original-nature-500-g\/\"]}]},{\"@type\":\"ImageObject\",\"inLanguage\":\"ar\",\"@id\":\"https:\/\/nirigs.com\/product\/kellogs-corn-flakes-original-nature-500-g\/#primaryimage\",\"url\":\"https:\/\/nirigs.com\/wp-content\/uploads\/2024\/10\/Kellogs-Corn-flakes-original-nature-500-g.jpg\",\"contentUrl\":\"https:\/\/nirigs.com\/wp-content\/uploads\/2024\/10\/Kellogs-Corn-flakes-original-nature-500-g.jpg\",\"width\":1000,\"height\":1000},{\"@type\":\"BreadcrumbList\",\"@id\":\"https:\/\/nirigs.com\/product\/kellogs-corn-flakes-original-nature-500-g\/#breadcrumb\",\"itemListElement\":[{\"@type\":\"ListItem\",\"position\":1,\"name\":\"Home\",\"item\":\"https:\/\/nirigs.com\/\"},{\"@type\":\"ListItem\",\"position\":2,\"name\":\"Parcourir\",\"item\":\"https:\/\/nirigs.com\/boutique\/\"},{\"@type\":\"ListItem\",\"position\":3,\"name\":\"Kellog&rsquo;s &#8211; Corn flakes original nature &#8211; 500 g\"}]},{\"@type\":\"WebSite\",\"@id\":\"https:\/\/nirigs.com\/#website\",\"url\":\"https:\/\/nirigs.com\/\",\"name\":\"Nirigs.com\",\"description\":\"Simplifiez vos achats du quotidien \u00e0 Djibouti\",\"publisher\":{\"@id\":\"https:\/\/nirigs.com\/#organization\"},\"potentialAction\":[{\"@type\":\"SearchAction\",\"target\":{\"@type\":\"EntryPoint\",\"urlTemplate\":\"https:\/\/nirigs.com\/?s={search_term_string}\"},\"query-input\":{\"@type\":\"PropertyValueSpecification\",\"valueRequired\":true,\"valueName\":\"search_term_string\"}}],\"inLanguage\":\"ar\"},{\"@type\":\"Organization\",\"@id\":\"https:\/\/nirigs.com\/#organization\",\"name\":\"Nirigs\",\"url\":\"https:\/\/nirigs.com\/\",\"logo\":{\"@type\":\"ImageObject\",\"inLanguage\":\"ar\",\"@id\":\"https:\/\/nirigs.com\/#\/schema\/logo\/image\/\",\"url\":\"https:\/\/nirigs.com\/wp-content\/uploads\/2025\/04\/Design-sans-titre-27.png\",\"contentUrl\":\"https:\/\/nirigs.com\/wp-content\/uploads\/2025\/04\/Design-sans-titre-27.png\",\"width\":500,\"height\":500,\"caption\":\"Nirigs\"},\"image\":{\"@id\":\"https:\/\/nirigs.com\/#\/schema\/logo\/image\/\"}}]}<\/script>\n<!-- \/ Yoast SEO plugin. -->","yoast_head_json":{"title":"Kellog's - Corn flakes original nature - 500 g - NIRIGS","robots":{"index":"index","follow":"follow","max-snippet":"max-snippet:-1","max-image-preview":"max-image-preview:large","max-video-preview":"max-video-preview:-1"},"canonical":"https:\/\/nirigs.com\/ar\/product\/kellogs-corn-flakes-original-nature-500-g\/","og_locale":"ar_AR","og_type":"article","og_title":"Kellog's - Corn flakes original nature - 500 g - NIRIGS","og_description":"Les Corn Flakes Original de Kellogg&rsquo;s sont un petit d\u00e9jeuner classique, croustillant et savoureux, parfait pour bien commencer la journ\u00e9e.","og_url":"https:\/\/nirigs.com\/ar\/product\/kellogs-corn-flakes-original-nature-500-g\/","og_site_name":"NIRIGS","article_modified_time":"2025-03-13T14:39:14+00:00","og_image":[{"width":1000,"height":1000,"url":"https:\/\/nirigs.com\/wp-content\/uploads\/2024\/10\/Kellogs-Corn-flakes-original-nature-500-g.jpg","type":"image\/jpeg"}],"twitter_card":"summary_large_image","twitter_misc":{"\u0648\u0642\u062a \u0627\u0644\u0642\u0631\u0627\u0621\u0629 \u0627\u0644\u0645\u064f\u0642\u062f\u0651\u0631":"\u062f\u0642\u064a\u0642\u0629 \u0648\u0627\u062d\u062f\u0629"},"schema":{"@context":"https:\/\/schema.org","@graph":[{"@type":"WebPage","@id":"https:\/\/nirigs.com\/product\/kellogs-corn-flakes-original-nature-500-g\/","url":"https:\/\/nirigs.com\/product\/kellogs-corn-flakes-original-nature-500-g\/","name":"Kellog's - Corn flakes original nature - 500 g - NIRIGS","isPartOf":{"@id":"https:\/\/nirigs.com\/#website"},"primaryImageOfPage":{"@id":"https:\/\/nirigs.com\/product\/kellogs-corn-flakes-original-nature-500-g\/#primaryimage"},"image":{"@id":"https:\/\/nirigs.com\/product\/kellogs-corn-flakes-original-nature-500-g\/#primaryimage"},"thumbnailUrl":"https:\/\/nirigs.com\/wp-content\/uploads\/2024\/10\/Kellogs-Corn-flakes-original-nature-500-g.jpg","datePublished":"2024-10-06T14:59:43+00:00","dateModified":"2025-03-13T14:39:14+00:00","breadcrumb":{"@id":"https:\/\/nirigs.com\/product\/kellogs-corn-flakes-original-nature-500-g\/#breadcrumb"},"inLanguage":"ar","potentialAction":[{"@type":"ReadAction","target":["https:\/\/nirigs.com\/product\/kellogs-corn-flakes-original-nature-500-g\/"]}]},{"@type":"ImageObject","inLanguage":"ar","@id":"https:\/\/nirigs.com\/product\/kellogs-corn-flakes-original-nature-500-g\/#primaryimage","url":"https:\/\/nirigs.com\/wp-content\/uploads\/2024\/10\/Kellogs-Corn-flakes-original-nature-500-g.jpg","contentUrl":"https:\/\/nirigs.com\/wp-content\/uploads\/2024\/10\/Kellogs-Corn-flakes-original-nature-500-g.jpg","width":1000,"height":1000},{"@type":"BreadcrumbList","@id":"https:\/\/nirigs.com\/product\/kellogs-corn-flakes-original-nature-500-g\/#breadcrumb","itemListElement":[{"@type":"ListItem","position":1,"name":"Home","item":"https:\/\/nirigs.com\/"},{"@type":"ListItem","position":2,"name":"Parcourir","item":"https:\/\/nirigs.com\/boutique\/"},{"@type":"ListItem","position":3,"name":"Kellog&rsquo;s &#8211; Corn flakes original nature &#8211; 500 g"}]},{"@type":"WebSite","@id":"https:\/\/nirigs.com\/#website","url":"https:\/\/nirigs.com\/","name":"Nirigs.com","description":"Simplifiez vos achats du quotidien \u00e0 Djibouti","publisher":{"@id":"https:\/\/nirigs.com\/#organization"},"potentialAction":[{"@type":"SearchAction","target":{"@type":"EntryPoint","urlTemplate":"https:\/\/nirigs.com\/?s={search_term_string}"},"query-input":{"@type":"PropertyValueSpecification","valueRequired":true,"valueName":"search_term_string"}}],"inLanguage":"ar"},{"@type":"Organization","@id":"https:\/\/nirigs.com\/#organization","name":"\u0646\u064a\u0631\u064a\u062c\u0633","url":"https:\/\/nirigs.com\/","logo":{"@type":"ImageObject","inLanguage":"ar","@id":"https:\/\/nirigs.com\/#\/schema\/logo\/image\/","url":"https:\/\/nirigs.com\/wp-content\/uploads\/2025\/04\/Design-sans-titre-27.png","contentUrl":"https:\/\/nirigs.com\/wp-content\/uploads\/2025\/04\/Design-sans-titre-27.png","width":500,"height":500,"caption":"Nirigs"},"image":{"@id":"https:\/\/nirigs.com\/#\/schema\/logo\/image\/"}}]}},"brands":[{"id":1265,"name":"Kellog's","slug":"kellogs"}],"_links":{"self":[{"href":"https:\/\/nirigs.com\/ar\/wp-json\/wp\/v2\/product\/23055","targetHints":{"allow":["GET"]}}],"collection":[{"href":"https:\/\/nirigs.com\/ar\/wp-json\/wp\/v2\/product"}],"about":[{"href":"https:\/\/nirigs.com\/ar\/wp-json\/wp\/v2\/types\/product"}],"replies":[{"embeddable":true,"href":"https:\/\/nirigs.com\/ar\/wp-json\/wp\/v2\/comments?post=23055"}],"version-history":[{"count":3,"href":"https:\/\/nirigs.com\/ar\/wp-json\/wp\/v2\/product\/23055\/revisions"}],"predecessor-version":[{"id":26756,"href":"https:\/\/nirigs.com\/ar\/wp-json\/wp\/v2\/product\/23055\/revisions\/26756"}],"wp:featuredmedia":[{"embeddable":true,"href":"https:\/\/nirigs.com\/ar\/wp-json\/wp\/v2\/media\/26757"}],"wp:attachment":[{"href":"https:\/\/nirigs.com\/ar\/wp-json\/wp\/v2\/media?parent=23055"}],"wp:term":[{"taxonomy":"pwb-brand","embeddable":true,"href":"https:\/\/nirigs.com\/ar\/wp-json\/wp\/v2\/pwb-brand?post=23055"},{"taxonomy":"product_brand","embeddable":true,"href":"https:\/\/nirigs.com\/ar\/wp-json\/wp\/v2\/product_brand?post=23055"},{"taxonomy":"product_cat","embeddable":true,"href":"https:\/\/nirigs.com\/ar\/wp-json\/wp\/v2\/product_cat?post=23055"},{"taxonomy":"product_tag","embeddable":true,"href":"https:\/\/nirigs.com\/ar\/wp-json\/wp\/v2\/product_tag?post=23055"}],"curies":[{"name":"wp","href":"https:\/\/api.w.org\/{rel}","templated":true}]}}