{"id":23048,"date":"2024-10-06T17:59:40","date_gmt":"2024-10-06T14:59:40","guid":{"rendered":"https:\/\/nirigs.com\/produit\/st-michel-petites-madeleines-au-chocolat-175-g\/"},"modified":"2025-03-13T17:41:30","modified_gmt":"2025-03-13T14:41:30","slug":"st-michel-petites-madeleines-au-chocolat-175-g","status":"publish","type":"product","link":"https:\/\/nirigs.com\/ar\/product\/st-michel-petites-madeleines-au-chocolat-175-g\/","title":{"rendered":"\u0633\u0627\u0646\u062a \u0645\u064a\u0634\u064a\u0644 \u2013 \u0645\u0627\u062f\u0644\u064a\u0646 \u0634\u0648\u0643\u0648\u0644\u0627\u062a\u0629 \u0635\u063a\u064a\u0631\u0629 \u2013 175 \u062c\u0645"},"content":{"rendered":"<p>Les Petites Madeleines au Chocolat de St Michel sont des bouch\u00e9es moelleuses et gourmandes, parfaites pour un instant de plaisir sucr\u00e9. Chaque madeleine est pr\u00e9par\u00e9e avec des ingr\u00e9dients soigneusement s\u00e9lectionn\u00e9s pour offrir une texture l\u00e9g\u00e8re et un go\u00fbt riche de chocolat. Id\u00e9ales pour le go\u00fbter ou une petite pause gourmande, ces madeleines sont emball\u00e9es dans un sachet refermable pour pr\u00e9server toute leur fra\u00eecheur.<\/p>\n<h4>\u0645\u0643\u0648\u0646\u0627\u062a :<\/h4>\n<p>Farine de bl\u00e9, oeufs, sucre, huile de colza, beurre, p\u00e9pites de chocolat noir (10%), poudre \u00e0 lever : bicarbonate de sodium, acide citrique, sel.<\/p>\n<h4>\u0641\u0648\u0627\u0626\u062f :<\/h4>\n<ul>\n<li>Sans colorants ni conservateurs : Les Petites Madeleines St Michel sont confectionn\u00e9es sans ajout de conservateurs, pour un produit plus naturel.<\/li>\n<li>Format pratique : Le sachet refermable permet de garder la fra\u00eecheur des madeleines, id\u00e9al pour les emmener partout.<\/li>\n<li>Gourmandise garantie : Gr\u00e2ce \u00e0 leurs p\u00e9pites de chocolat noir, ces madeleines offrent un go\u00fbt intense et r\u00e9confortant.<\/li>\n<li>Fabrication fran\u00e7aise : \u00c9labor\u00e9 en France avec des ingr\u00e9dients de qualit\u00e9.<\/li>\n<\/ul>\n<h4>\u062a\u0639\u0644\u064a\u0645\u0627\u062a :<\/h4>\n<ol>\n<li>D\u00e9chirez le haut du sachet pour l\u2019ouvrir.<\/li>\n<li>Pr\u00eat \u00e0 d\u00e9guster. Ces madeleines peuvent \u00eatre appr\u00e9ci\u00e9es telles quelles ou avec une boisson chaude.<\/li>\n<li>Refermez bien le sachet apr\u00e8s ouverture et conservez dans un endroit sec, \u00e0 temp\u00e9rature ambiante. \u00c0 consommer de pr\u00e9f\u00e9rence dans les jours qui suivent l\u2019ouverture pour une fra\u00eecheur optimale.<\/li>\n<\/ol>\n<h4>\u0627\u062d\u062a\u064a\u0627\u0637\u0627\u062a:<\/h4>\n<ul>\n<li>Contient du gluten, des \u0153ufs, et du lait. Peut \u00e9galement contenir des traces de fruits \u00e0 coque.<\/li>\n<li>\u00c9vitez l\u2019exposition directe \u00e0 la chaleur ou \u00e0 l\u2019humidit\u00e9.<\/li>\n<li>Ne convient pas aux enfants de moins de 3 ans en raison de la taille des morceaux.<\/li>\n<\/ul>","protected":false},"excerpt":{"rendered":"<p>Les Petites Madeleines au Chocolat de St Michel sont des bouch\u00e9es moelleuses et gourmandes, parfaites pour un instant de plaisir<\/p>","protected":false},"featured_media":26777,"comment_status":"open","ping_status":"closed","template":"","meta":[],"pwb-brand":[1270],"product_brand":[],"product_cat":[1164,1126,275,1163],"product_tag":[],"class_list":{"0":"post-23048","1":"product","2":"type-product","3":"status-publish","4":"has-post-thumbnail","6":"pwb-brand-st-michel","7":"product_cat-biscuits-snacks","8":"product_cat-en-cas-et-friandises","9":"product_cat-epicerie","10":"product_cat-snacks","12":"first","13":"instock","14":"shipping-taxable","15":"purchasable","16":"product-type-simple"},"yoast_head":"<!-- This site is optimized with the Yoast SEO plugin v27.1.1 - https:\/\/yoast.com\/product\/yoast-seo-wordpress\/ -->\n<title>St Michel - Petites madeleines au chocolat - 175 g - NIRIGS<\/title>\n<meta name=\"robots\" content=\"index, follow, max-snippet:-1, max-image-preview:large, max-video-preview:-1\" \/>\n<link rel=\"canonical\" href=\"https:\/\/nirigs.com\/ar\/product\/st-michel-petites-madeleines-au-chocolat-175-g\/\" \/>\n<meta property=\"og:locale\" content=\"ar_AR\" \/>\n<meta property=\"og:type\" content=\"article\" \/>\n<meta property=\"og:title\" content=\"St Michel - Petites madeleines au chocolat - 175 g - NIRIGS\" \/>\n<meta property=\"og:description\" content=\"Les Petites Madeleines au Chocolat de St Michel sont des bouch\u00e9es moelleuses et gourmandes, parfaites pour un instant de plaisir\" \/>\n<meta property=\"og:url\" content=\"https:\/\/nirigs.com\/ar\/product\/st-michel-petites-madeleines-au-chocolat-175-g\/\" \/>\n<meta property=\"og:site_name\" content=\"NIRIGS\" \/>\n<meta property=\"article:modified_time\" content=\"2025-03-13T14:41:30+00:00\" \/>\n<meta property=\"og:image\" content=\"https:\/\/nirigs.com\/wp-content\/uploads\/2024\/10\/St-Michel-Petites-madeleines-au-chocolat-175-g.jpg\" \/>\n\t<meta property=\"og:image:width\" content=\"1000\" \/>\n\t<meta property=\"og:image:height\" content=\"1000\" \/>\n\t<meta property=\"og:image:type\" content=\"image\/jpeg\" \/>\n<meta name=\"twitter:card\" content=\"summary_large_image\" \/>\n<meta name=\"twitter:label1\" content=\"\u0648\u0642\u062a \u0627\u0644\u0642\u0631\u0627\u0621\u0629 \u0627\u0644\u0645\u064f\u0642\u062f\u0651\u0631\" \/>\n\t<meta name=\"twitter:data1\" content=\"\u062f\u0642\u064a\u0642\u0629 \u0648\u0627\u062d\u062f\u0629\" \/>\n<script type=\"application\/ld+json\" class=\"yoast-schema-graph\">{\"@context\":\"https:\/\/schema.org\",\"@graph\":[{\"@type\":\"WebPage\",\"@id\":\"https:\/\/nirigs.com\/product\/st-michel-petites-madeleines-au-chocolat-175-g\/\",\"url\":\"https:\/\/nirigs.com\/product\/st-michel-petites-madeleines-au-chocolat-175-g\/\",\"name\":\"St Michel - Petites madeleines au chocolat - 175 g - NIRIGS\",\"isPartOf\":{\"@id\":\"https:\/\/nirigs.com\/#website\"},\"primaryImageOfPage\":{\"@id\":\"https:\/\/nirigs.com\/product\/st-michel-petites-madeleines-au-chocolat-175-g\/#primaryimage\"},\"image\":{\"@id\":\"https:\/\/nirigs.com\/product\/st-michel-petites-madeleines-au-chocolat-175-g\/#primaryimage\"},\"thumbnailUrl\":\"https:\/\/nirigs.com\/wp-content\/uploads\/2024\/10\/St-Michel-Petites-madeleines-au-chocolat-175-g.jpg\",\"datePublished\":\"2024-10-06T14:59:40+00:00\",\"dateModified\":\"2025-03-13T14:41:30+00:00\",\"breadcrumb\":{\"@id\":\"https:\/\/nirigs.com\/product\/st-michel-petites-madeleines-au-chocolat-175-g\/#breadcrumb\"},\"inLanguage\":\"ar\",\"potentialAction\":[{\"@type\":\"ReadAction\",\"target\":[\"https:\/\/nirigs.com\/product\/st-michel-petites-madeleines-au-chocolat-175-g\/\"]}]},{\"@type\":\"ImageObject\",\"inLanguage\":\"ar\",\"@id\":\"https:\/\/nirigs.com\/product\/st-michel-petites-madeleines-au-chocolat-175-g\/#primaryimage\",\"url\":\"https:\/\/nirigs.com\/wp-content\/uploads\/2024\/10\/St-Michel-Petites-madeleines-au-chocolat-175-g.jpg\",\"contentUrl\":\"https:\/\/nirigs.com\/wp-content\/uploads\/2024\/10\/St-Michel-Petites-madeleines-au-chocolat-175-g.jpg\",\"width\":1000,\"height\":1000},{\"@type\":\"BreadcrumbList\",\"@id\":\"https:\/\/nirigs.com\/product\/st-michel-petites-madeleines-au-chocolat-175-g\/#breadcrumb\",\"itemListElement\":[{\"@type\":\"ListItem\",\"position\":1,\"name\":\"Home\",\"item\":\"https:\/\/nirigs.com\/\"},{\"@type\":\"ListItem\",\"position\":2,\"name\":\"Parcourir\",\"item\":\"https:\/\/nirigs.com\/boutique\/\"},{\"@type\":\"ListItem\",\"position\":3,\"name\":\"St Michel &#8211; Petites madeleines au chocolat &#8211; 175 g\"}]},{\"@type\":\"WebSite\",\"@id\":\"https:\/\/nirigs.com\/#website\",\"url\":\"https:\/\/nirigs.com\/\",\"name\":\"Nirigs.com\",\"description\":\"Simplifiez vos achats du quotidien \u00e0 Djibouti\",\"publisher\":{\"@id\":\"https:\/\/nirigs.com\/#organization\"},\"potentialAction\":[{\"@type\":\"SearchAction\",\"target\":{\"@type\":\"EntryPoint\",\"urlTemplate\":\"https:\/\/nirigs.com\/?s={search_term_string}\"},\"query-input\":{\"@type\":\"PropertyValueSpecification\",\"valueRequired\":true,\"valueName\":\"search_term_string\"}}],\"inLanguage\":\"ar\"},{\"@type\":\"Organization\",\"@id\":\"https:\/\/nirigs.com\/#organization\",\"name\":\"Nirigs\",\"url\":\"https:\/\/nirigs.com\/\",\"logo\":{\"@type\":\"ImageObject\",\"inLanguage\":\"ar\",\"@id\":\"https:\/\/nirigs.com\/#\/schema\/logo\/image\/\",\"url\":\"https:\/\/nirigs.com\/wp-content\/uploads\/2025\/04\/Design-sans-titre-27.png\",\"contentUrl\":\"https:\/\/nirigs.com\/wp-content\/uploads\/2025\/04\/Design-sans-titre-27.png\",\"width\":500,\"height\":500,\"caption\":\"Nirigs\"},\"image\":{\"@id\":\"https:\/\/nirigs.com\/#\/schema\/logo\/image\/\"}}]}<\/script>\n<!-- \/ Yoast SEO plugin. -->","yoast_head_json":{"title":"St Michel - Petites madeleines au chocolat - 175 g - NIRIGS","robots":{"index":"index","follow":"follow","max-snippet":"max-snippet:-1","max-image-preview":"max-image-preview:large","max-video-preview":"max-video-preview:-1"},"canonical":"https:\/\/nirigs.com\/ar\/product\/st-michel-petites-madeleines-au-chocolat-175-g\/","og_locale":"ar_AR","og_type":"article","og_title":"St Michel - Petites madeleines au chocolat - 175 g - NIRIGS","og_description":"Les Petites Madeleines au Chocolat de St Michel sont des bouch\u00e9es moelleuses et gourmandes, parfaites pour un instant de plaisir","og_url":"https:\/\/nirigs.com\/ar\/product\/st-michel-petites-madeleines-au-chocolat-175-g\/","og_site_name":"NIRIGS","article_modified_time":"2025-03-13T14:41:30+00:00","og_image":[{"width":1000,"height":1000,"url":"https:\/\/nirigs.com\/wp-content\/uploads\/2024\/10\/St-Michel-Petites-madeleines-au-chocolat-175-g.jpg","type":"image\/jpeg"}],"twitter_card":"summary_large_image","twitter_misc":{"\u0648\u0642\u062a \u0627\u0644\u0642\u0631\u0627\u0621\u0629 \u0627\u0644\u0645\u064f\u0642\u062f\u0651\u0631":"\u062f\u0642\u064a\u0642\u0629 \u0648\u0627\u062d\u062f\u0629"},"schema":{"@context":"https:\/\/schema.org","@graph":[{"@type":"WebPage","@id":"https:\/\/nirigs.com\/product\/st-michel-petites-madeleines-au-chocolat-175-g\/","url":"https:\/\/nirigs.com\/product\/st-michel-petites-madeleines-au-chocolat-175-g\/","name":"St Michel - Petites madeleines au chocolat - 175 g - NIRIGS","isPartOf":{"@id":"https:\/\/nirigs.com\/#website"},"primaryImageOfPage":{"@id":"https:\/\/nirigs.com\/product\/st-michel-petites-madeleines-au-chocolat-175-g\/#primaryimage"},"image":{"@id":"https:\/\/nirigs.com\/product\/st-michel-petites-madeleines-au-chocolat-175-g\/#primaryimage"},"thumbnailUrl":"https:\/\/nirigs.com\/wp-content\/uploads\/2024\/10\/St-Michel-Petites-madeleines-au-chocolat-175-g.jpg","datePublished":"2024-10-06T14:59:40+00:00","dateModified":"2025-03-13T14:41:30+00:00","breadcrumb":{"@id":"https:\/\/nirigs.com\/product\/st-michel-petites-madeleines-au-chocolat-175-g\/#breadcrumb"},"inLanguage":"ar","potentialAction":[{"@type":"ReadAction","target":["https:\/\/nirigs.com\/product\/st-michel-petites-madeleines-au-chocolat-175-g\/"]}]},{"@type":"ImageObject","inLanguage":"ar","@id":"https:\/\/nirigs.com\/product\/st-michel-petites-madeleines-au-chocolat-175-g\/#primaryimage","url":"https:\/\/nirigs.com\/wp-content\/uploads\/2024\/10\/St-Michel-Petites-madeleines-au-chocolat-175-g.jpg","contentUrl":"https:\/\/nirigs.com\/wp-content\/uploads\/2024\/10\/St-Michel-Petites-madeleines-au-chocolat-175-g.jpg","width":1000,"height":1000},{"@type":"BreadcrumbList","@id":"https:\/\/nirigs.com\/product\/st-michel-petites-madeleines-au-chocolat-175-g\/#breadcrumb","itemListElement":[{"@type":"ListItem","position":1,"name":"Home","item":"https:\/\/nirigs.com\/"},{"@type":"ListItem","position":2,"name":"Parcourir","item":"https:\/\/nirigs.com\/boutique\/"},{"@type":"ListItem","position":3,"name":"St Michel &#8211; Petites madeleines au chocolat &#8211; 175 g"}]},{"@type":"WebSite","@id":"https:\/\/nirigs.com\/#website","url":"https:\/\/nirigs.com\/","name":"Nirigs.com","description":"Simplifiez vos achats du quotidien \u00e0 Djibouti","publisher":{"@id":"https:\/\/nirigs.com\/#organization"},"potentialAction":[{"@type":"SearchAction","target":{"@type":"EntryPoint","urlTemplate":"https:\/\/nirigs.com\/?s={search_term_string}"},"query-input":{"@type":"PropertyValueSpecification","valueRequired":true,"valueName":"search_term_string"}}],"inLanguage":"ar"},{"@type":"Organization","@id":"https:\/\/nirigs.com\/#organization","name":"\u0646\u064a\u0631\u064a\u062c\u0633","url":"https:\/\/nirigs.com\/","logo":{"@type":"ImageObject","inLanguage":"ar","@id":"https:\/\/nirigs.com\/#\/schema\/logo\/image\/","url":"https:\/\/nirigs.com\/wp-content\/uploads\/2025\/04\/Design-sans-titre-27.png","contentUrl":"https:\/\/nirigs.com\/wp-content\/uploads\/2025\/04\/Design-sans-titre-27.png","width":500,"height":500,"caption":"Nirigs"},"image":{"@id":"https:\/\/nirigs.com\/#\/schema\/logo\/image\/"}}]}},"brands":[{"id":1270,"name":"St Michel","slug":"st-michel"}],"_links":{"self":[{"href":"https:\/\/nirigs.com\/ar\/wp-json\/wp\/v2\/product\/23048","targetHints":{"allow":["GET"]}}],"collection":[{"href":"https:\/\/nirigs.com\/ar\/wp-json\/wp\/v2\/product"}],"about":[{"href":"https:\/\/nirigs.com\/ar\/wp-json\/wp\/v2\/types\/product"}],"replies":[{"embeddable":true,"href":"https:\/\/nirigs.com\/ar\/wp-json\/wp\/v2\/comments?post=23048"}],"version-history":[{"count":2,"href":"https:\/\/nirigs.com\/ar\/wp-json\/wp\/v2\/product\/23048\/revisions"}],"predecessor-version":[{"id":26778,"href":"https:\/\/nirigs.com\/ar\/wp-json\/wp\/v2\/product\/23048\/revisions\/26778"}],"wp:featuredmedia":[{"embeddable":true,"href":"https:\/\/nirigs.com\/ar\/wp-json\/wp\/v2\/media\/26777"}],"wp:attachment":[{"href":"https:\/\/nirigs.com\/ar\/wp-json\/wp\/v2\/media?parent=23048"}],"wp:term":[{"taxonomy":"pwb-brand","embeddable":true,"href":"https:\/\/nirigs.com\/ar\/wp-json\/wp\/v2\/pwb-brand?post=23048"},{"taxonomy":"product_brand","embeddable":true,"href":"https:\/\/nirigs.com\/ar\/wp-json\/wp\/v2\/product_brand?post=23048"},{"taxonomy":"product_cat","embeddable":true,"href":"https:\/\/nirigs.com\/ar\/wp-json\/wp\/v2\/product_cat?post=23048"},{"taxonomy":"product_tag","embeddable":true,"href":"https:\/\/nirigs.com\/ar\/wp-json\/wp\/v2\/product_tag?post=23048"}],"curies":[{"name":"wp","href":"https:\/\/api.w.org\/{rel}","templated":true}]}}