{"id":23046,"date":"2024-10-06T17:59:40","date_gmt":"2024-10-06T14:59:40","guid":{"rendered":"https:\/\/nirigs.com\/produit\/st-michel-madeleines-moelleuses-250-g\/"},"modified":"2025-03-13T17:44:59","modified_gmt":"2025-03-13T14:44:59","slug":"st-michel-madeleines-moelleuses-250-g","status":"publish","type":"product","link":"https:\/\/nirigs.com\/ar\/product\/st-michel-madeleines-moelleuses-250-g\/","title":{"rendered":"\u0633\u0627\u0646\u062a \u0645\u064a\u0634\u064a\u0644 \u2013 \u0645\u0627\u062f\u0644\u064a\u0646 \u0637\u0631\u064a\u0629 \u2013 250 \u062c\u0645"},"content":{"rendered":"<div class=\"flex max-w-full flex-col flex-grow\">\n<div class=\"min-h-8 text-message flex w-full flex-col items-end gap-2 whitespace-normal break-words [.text-message+&amp;]:mt-5\" dir=\"auto\" data-message-author-role=\"assistant\" data-message-id=\"5938cf28-d2d9-4c3a-bf86-cea9bfe6afb8\" data-message-model-slug=\"gpt-4o\">\n<div class=\"flex w-full flex-col gap-1 empty:hidden first:pt-[3px]\">\n<div class=\"markdown prose w-full break-words dark:prose-invert light\">\n<p>Les madeleines moelleuses de St Michel sont des petits g\u00e2teaux d&rsquo;origine fran\u00e7aise, appr\u00e9ci\u00e9s pour leur texture fondante et leur go\u00fbt d\u00e9licatement sucr\u00e9. Parfaites pour une pause gourmande ou un petit-d\u00e9jeuner rapide, elles s&rsquo;adaptent aussi bien aux petits qu&rsquo;aux grands. Ce sachet de 250 g est id\u00e9al pour partager ou pour se faire plaisir au quotidien.<\/p>\n<h4>Ingr\u00e9dients :<\/h4>\n<p>Farine de bl\u00e9, sucre, oeufs frais, beurre (lait), poudre \u00e0 lever : carbonates de sodium, extrait de vanille, sel.<\/p>\n<h4>Avantages :<\/h4>\n<ul>\n<li>Go\u00fbt authentique : une recette fran\u00e7aise traditionnelle, douce et gourmande.<\/li>\n<li>Texture moelleuse : fondante en bouche, id\u00e9ale pour le go\u00fbter.<\/li>\n<li>Sans conservateurs ni colorants : pour une collation plus naturelle.<\/li>\n<li>Emballage pratique : permet de conserver la fra\u00eecheur et la saveur des madeleines.<\/li>\n<\/ul>\n<h4>Mode d&#8217;emploi :<\/h4>\n<p>Pr\u00eates \u00e0 d\u00e9guster, les madeleines peuvent \u00eatre consomm\u00e9es directement. Elles sont parfaites pour accompagner un caf\u00e9, un th\u00e9, ou un jus de fruit. Pour une touche gourmande, elles peuvent \u00eatre l\u00e9g\u00e8rement chauff\u00e9es.<\/p>\n<h4>Pr\u00e9cautions :<\/h4>\n<ul>\n<li>Contient du gluten (farine de bl\u00e9), des \u0153ufs, et du lait.<\/li>\n<li>A conserver dans un endroit sec, \u00e0 l\u2019abri de la chaleur. Bien refermer le sachet apr\u00e8s chaque utilisation pour garantir la fra\u00eecheur des madeleines.<\/li>\n<\/ul>\n<\/div>\n<\/div>\n<\/div>\n<\/div>\n<div class=\"mb-2 flex gap-3 empty:hidden -ml-2\">\n<div class=\"items-center justify-start rounded-xl p-1 flex\"><\/div>\n<\/div>\n","protected":false},"excerpt":{"rendered":"<p>Les madeleines moelleuses de St Michel sont des petits g\u00e2teaux d&rsquo;origine fran\u00e7aise, appr\u00e9ci\u00e9s pour leur texture fondante et leur go\u00fbt<\/p>","protected":false},"featured_media":26784,"comment_status":"open","ping_status":"closed","template":"","meta":[],"pwb-brand":[1270],"product_brand":[],"product_cat":[1164,1126,275,1163],"product_tag":[],"class_list":{"0":"post-23046","1":"product","2":"type-product","3":"status-publish","4":"has-post-thumbnail","6":"pwb-brand-st-michel","7":"product_cat-biscuits-snacks","8":"product_cat-en-cas-et-friandises","9":"product_cat-epicerie","10":"product_cat-snacks","12":"first","13":"instock","14":"shipping-taxable","15":"purchasable","16":"product-type-simple"},"yoast_head":"<!-- This site is optimized with the Yoast SEO plugin v27.1.1 - https:\/\/yoast.com\/product\/yoast-seo-wordpress\/ -->\n<title>St Michel - Madeleines moelleuses - 250 g - NIRIGS<\/title>\n<meta name=\"robots\" content=\"index, follow, max-snippet:-1, max-image-preview:large, max-video-preview:-1\" \/>\n<link rel=\"canonical\" href=\"https:\/\/nirigs.com\/ar\/product\/st-michel-madeleines-moelleuses-250-g\/\" \/>\n<meta property=\"og:locale\" content=\"ar_AR\" \/>\n<meta property=\"og:type\" content=\"article\" \/>\n<meta property=\"og:title\" content=\"St Michel - Madeleines moelleuses - 250 g - NIRIGS\" \/>\n<meta property=\"og:description\" content=\"Les madeleines moelleuses de St Michel sont des petits g\u00e2teaux d&rsquo;origine fran\u00e7aise, appr\u00e9ci\u00e9s pour leur texture fondante et leur go\u00fbt\" \/>\n<meta property=\"og:url\" content=\"https:\/\/nirigs.com\/ar\/product\/st-michel-madeleines-moelleuses-250-g\/\" \/>\n<meta property=\"og:site_name\" content=\"NIRIGS\" \/>\n<meta property=\"article:modified_time\" content=\"2025-03-13T14:44:59+00:00\" \/>\n<meta property=\"og:image\" content=\"https:\/\/nirigs.com\/wp-content\/uploads\/2024\/10\/St-Michel-Madeleines-moelleuses-250-g.jpg\" \/>\n\t<meta property=\"og:image:width\" content=\"1000\" \/>\n\t<meta property=\"og:image:height\" content=\"1000\" \/>\n\t<meta property=\"og:image:type\" content=\"image\/jpeg\" \/>\n<meta name=\"twitter:card\" content=\"summary_large_image\" \/>\n<meta name=\"twitter:label1\" content=\"\u0648\u0642\u062a \u0627\u0644\u0642\u0631\u0627\u0621\u0629 \u0627\u0644\u0645\u064f\u0642\u062f\u0651\u0631\" \/>\n\t<meta name=\"twitter:data1\" content=\"\u062f\u0642\u064a\u0642\u0629 \u0648\u0627\u062d\u062f\u0629\" \/>\n<script type=\"application\/ld+json\" class=\"yoast-schema-graph\">{\"@context\":\"https:\/\/schema.org\",\"@graph\":[{\"@type\":\"WebPage\",\"@id\":\"https:\/\/nirigs.com\/ar\/product\/st-michel-madeleines-moelleuses-250-g\/\",\"url\":\"https:\/\/nirigs.com\/ar\/product\/st-michel-madeleines-moelleuses-250-g\/\",\"name\":\"St Michel - Madeleines moelleuses - 250 g - NIRIGS\",\"isPartOf\":{\"@id\":\"https:\/\/nirigs.com\/#website\"},\"primaryImageOfPage\":{\"@id\":\"https:\/\/nirigs.com\/ar\/product\/st-michel-madeleines-moelleuses-250-g\/#primaryimage\"},\"image\":{\"@id\":\"https:\/\/nirigs.com\/ar\/product\/st-michel-madeleines-moelleuses-250-g\/#primaryimage\"},\"thumbnailUrl\":\"https:\/\/nirigs.com\/wp-content\/uploads\/2024\/10\/St-Michel-Madeleines-moelleuses-250-g.jpg\",\"datePublished\":\"2024-10-06T14:59:40+00:00\",\"dateModified\":\"2025-03-13T14:44:59+00:00\",\"breadcrumb\":{\"@id\":\"https:\/\/nirigs.com\/ar\/product\/st-michel-madeleines-moelleuses-250-g\/#breadcrumb\"},\"inLanguage\":\"ar\",\"potentialAction\":[{\"@type\":\"ReadAction\",\"target\":[\"https:\/\/nirigs.com\/ar\/product\/st-michel-madeleines-moelleuses-250-g\/\"]}]},{\"@type\":\"ImageObject\",\"inLanguage\":\"ar\",\"@id\":\"https:\/\/nirigs.com\/ar\/product\/st-michel-madeleines-moelleuses-250-g\/#primaryimage\",\"url\":\"https:\/\/nirigs.com\/wp-content\/uploads\/2024\/10\/St-Michel-Madeleines-moelleuses-250-g.jpg\",\"contentUrl\":\"https:\/\/nirigs.com\/wp-content\/uploads\/2024\/10\/St-Michel-Madeleines-moelleuses-250-g.jpg\",\"width\":1000,\"height\":1000},{\"@type\":\"BreadcrumbList\",\"@id\":\"https:\/\/nirigs.com\/ar\/product\/st-michel-madeleines-moelleuses-250-g\/#breadcrumb\",\"itemListElement\":[{\"@type\":\"ListItem\",\"position\":1,\"name\":\"Home\",\"item\":\"https:\/\/nirigs.com\/\"},{\"@type\":\"ListItem\",\"position\":2,\"name\":\"Parcourir\",\"item\":\"https:\/\/nirigs.com\/boutique\/\"},{\"@type\":\"ListItem\",\"position\":3,\"name\":\"St Michel &#8211; Madeleines moelleuses &#8211; 250 g\"}]},{\"@type\":\"WebSite\",\"@id\":\"https:\/\/nirigs.com\/#website\",\"url\":\"https:\/\/nirigs.com\/\",\"name\":\"Nirigs.com\",\"description\":\"Simplifiez vos achats du quotidien \u00e0 Djibouti\",\"publisher\":{\"@id\":\"https:\/\/nirigs.com\/#organization\"},\"potentialAction\":[{\"@type\":\"SearchAction\",\"target\":{\"@type\":\"EntryPoint\",\"urlTemplate\":\"https:\/\/nirigs.com\/?s={search_term_string}\"},\"query-input\":{\"@type\":\"PropertyValueSpecification\",\"valueRequired\":true,\"valueName\":\"search_term_string\"}}],\"inLanguage\":\"ar\"},{\"@type\":\"Organization\",\"@id\":\"https:\/\/nirigs.com\/#organization\",\"name\":\"Nirigs\",\"url\":\"https:\/\/nirigs.com\/\",\"logo\":{\"@type\":\"ImageObject\",\"inLanguage\":\"ar\",\"@id\":\"https:\/\/nirigs.com\/#\/schema\/logo\/image\/\",\"url\":\"https:\/\/nirigs.com\/wp-content\/uploads\/2025\/04\/Design-sans-titre-27.png\",\"contentUrl\":\"https:\/\/nirigs.com\/wp-content\/uploads\/2025\/04\/Design-sans-titre-27.png\",\"width\":500,\"height\":500,\"caption\":\"Nirigs\"},\"image\":{\"@id\":\"https:\/\/nirigs.com\/#\/schema\/logo\/image\/\"}}]}<\/script>\n<!-- \/ Yoast SEO plugin. -->","yoast_head_json":{"title":"St Michel - Madeleines moelleuses - 250 g - NIRIGS","robots":{"index":"index","follow":"follow","max-snippet":"max-snippet:-1","max-image-preview":"max-image-preview:large","max-video-preview":"max-video-preview:-1"},"canonical":"https:\/\/nirigs.com\/ar\/product\/st-michel-madeleines-moelleuses-250-g\/","og_locale":"ar_AR","og_type":"article","og_title":"St Michel - Madeleines moelleuses - 250 g - NIRIGS","og_description":"Les madeleines moelleuses de St Michel sont des petits g\u00e2teaux d&rsquo;origine fran\u00e7aise, appr\u00e9ci\u00e9s pour leur texture fondante et leur go\u00fbt","og_url":"https:\/\/nirigs.com\/ar\/product\/st-michel-madeleines-moelleuses-250-g\/","og_site_name":"NIRIGS","article_modified_time":"2025-03-13T14:44:59+00:00","og_image":[{"width":1000,"height":1000,"url":"https:\/\/nirigs.com\/wp-content\/uploads\/2024\/10\/St-Michel-Madeleines-moelleuses-250-g.jpg","type":"image\/jpeg"}],"twitter_card":"summary_large_image","twitter_misc":{"\u0648\u0642\u062a \u0627\u0644\u0642\u0631\u0627\u0621\u0629 \u0627\u0644\u0645\u064f\u0642\u062f\u0651\u0631":"\u062f\u0642\u064a\u0642\u0629 \u0648\u0627\u062d\u062f\u0629"},"schema":{"@context":"https:\/\/schema.org","@graph":[{"@type":"WebPage","@id":"https:\/\/nirigs.com\/ar\/product\/st-michel-madeleines-moelleuses-250-g\/","url":"https:\/\/nirigs.com\/ar\/product\/st-michel-madeleines-moelleuses-250-g\/","name":"St Michel - Madeleines moelleuses - 250 g - NIRIGS","isPartOf":{"@id":"https:\/\/nirigs.com\/#website"},"primaryImageOfPage":{"@id":"https:\/\/nirigs.com\/ar\/product\/st-michel-madeleines-moelleuses-250-g\/#primaryimage"},"image":{"@id":"https:\/\/nirigs.com\/ar\/product\/st-michel-madeleines-moelleuses-250-g\/#primaryimage"},"thumbnailUrl":"https:\/\/nirigs.com\/wp-content\/uploads\/2024\/10\/St-Michel-Madeleines-moelleuses-250-g.jpg","datePublished":"2024-10-06T14:59:40+00:00","dateModified":"2025-03-13T14:44:59+00:00","breadcrumb":{"@id":"https:\/\/nirigs.com\/ar\/product\/st-michel-madeleines-moelleuses-250-g\/#breadcrumb"},"inLanguage":"ar","potentialAction":[{"@type":"ReadAction","target":["https:\/\/nirigs.com\/ar\/product\/st-michel-madeleines-moelleuses-250-g\/"]}]},{"@type":"ImageObject","inLanguage":"ar","@id":"https:\/\/nirigs.com\/ar\/product\/st-michel-madeleines-moelleuses-250-g\/#primaryimage","url":"https:\/\/nirigs.com\/wp-content\/uploads\/2024\/10\/St-Michel-Madeleines-moelleuses-250-g.jpg","contentUrl":"https:\/\/nirigs.com\/wp-content\/uploads\/2024\/10\/St-Michel-Madeleines-moelleuses-250-g.jpg","width":1000,"height":1000},{"@type":"BreadcrumbList","@id":"https:\/\/nirigs.com\/ar\/product\/st-michel-madeleines-moelleuses-250-g\/#breadcrumb","itemListElement":[{"@type":"ListItem","position":1,"name":"Home","item":"https:\/\/nirigs.com\/"},{"@type":"ListItem","position":2,"name":"Parcourir","item":"https:\/\/nirigs.com\/boutique\/"},{"@type":"ListItem","position":3,"name":"St Michel &#8211; Madeleines moelleuses &#8211; 250 g"}]},{"@type":"WebSite","@id":"https:\/\/nirigs.com\/#website","url":"https:\/\/nirigs.com\/","name":"Nirigs.com","description":"Simplifiez vos achats du quotidien \u00e0 Djibouti","publisher":{"@id":"https:\/\/nirigs.com\/#organization"},"potentialAction":[{"@type":"SearchAction","target":{"@type":"EntryPoint","urlTemplate":"https:\/\/nirigs.com\/?s={search_term_string}"},"query-input":{"@type":"PropertyValueSpecification","valueRequired":true,"valueName":"search_term_string"}}],"inLanguage":"ar"},{"@type":"Organization","@id":"https:\/\/nirigs.com\/#organization","name":"\u0646\u064a\u0631\u064a\u062c\u0633","url":"https:\/\/nirigs.com\/","logo":{"@type":"ImageObject","inLanguage":"ar","@id":"https:\/\/nirigs.com\/#\/schema\/logo\/image\/","url":"https:\/\/nirigs.com\/wp-content\/uploads\/2025\/04\/Design-sans-titre-27.png","contentUrl":"https:\/\/nirigs.com\/wp-content\/uploads\/2025\/04\/Design-sans-titre-27.png","width":500,"height":500,"caption":"Nirigs"},"image":{"@id":"https:\/\/nirigs.com\/#\/schema\/logo\/image\/"}}]}},"brands":[{"id":1270,"name":"St Michel","slug":"st-michel"}],"_links":{"self":[{"href":"https:\/\/nirigs.com\/ar\/wp-json\/wp\/v2\/product\/23046","targetHints":{"allow":["GET"]}}],"collection":[{"href":"https:\/\/nirigs.com\/ar\/wp-json\/wp\/v2\/product"}],"about":[{"href":"https:\/\/nirigs.com\/ar\/wp-json\/wp\/v2\/types\/product"}],"replies":[{"embeddable":true,"href":"https:\/\/nirigs.com\/ar\/wp-json\/wp\/v2\/comments?post=23046"}],"version-history":[{"count":2,"href":"https:\/\/nirigs.com\/ar\/wp-json\/wp\/v2\/product\/23046\/revisions"}],"predecessor-version":[{"id":26785,"href":"https:\/\/nirigs.com\/ar\/wp-json\/wp\/v2\/product\/23046\/revisions\/26785"}],"wp:featuredmedia":[{"embeddable":true,"href":"https:\/\/nirigs.com\/ar\/wp-json\/wp\/v2\/media\/26784"}],"wp:attachment":[{"href":"https:\/\/nirigs.com\/ar\/wp-json\/wp\/v2\/media?parent=23046"}],"wp:term":[{"taxonomy":"pwb-brand","embeddable":true,"href":"https:\/\/nirigs.com\/ar\/wp-json\/wp\/v2\/pwb-brand?post=23046"},{"taxonomy":"product_brand","embeddable":true,"href":"https:\/\/nirigs.com\/ar\/wp-json\/wp\/v2\/product_brand?post=23046"},{"taxonomy":"product_cat","embeddable":true,"href":"https:\/\/nirigs.com\/ar\/wp-json\/wp\/v2\/product_cat?post=23046"},{"taxonomy":"product_tag","embeddable":true,"href":"https:\/\/nirigs.com\/ar\/wp-json\/wp\/v2\/product_tag?post=23046"}],"curies":[{"name":"wp","href":"https:\/\/api.w.org\/{rel}","templated":true}]}}