{"id":23042,"date":"2024-10-06T17:59:38","date_gmt":"2024-10-06T14:59:38","guid":{"rendered":"https:\/\/nirigs.com\/produit\/patisserie-tradition-petites-madeleines-aux-oeufs-250-g\/"},"modified":"2025-03-13T17:45:38","modified_gmt":"2025-03-13T14:45:38","slug":"patisserie-tradition-petites-madeleines-aux-oeufs-250-g","status":"publish","type":"product","link":"https:\/\/nirigs.com\/ar\/product\/patisserie-tradition-petites-madeleines-aux-oeufs-250-g\/","title":{"rendered":"\u0645\u0639\u062c\u0646\u0627\u062a \u062a\u0642\u0644\u064a\u062f\u064a\u0629 \u2013 \u0645\u0627\u062f\u0644\u064a\u0646 \u0628\u064a\u0636\u0629 \u0635\u063a\u064a\u0631\u0629 \u2013 250 \u062c\u0631\u0627\u0645"},"content":{"rendered":"<p>D\u00e9couvrez le go\u00fbt authentique et r\u00e9confortant des Petites Madeleines aux \u0152ufs de P\u00e2tisserie Tradition. Ces petites douceurs sont confectionn\u00e9es selon la recette traditionnelle fran\u00e7aise, avec des ingr\u00e9dients soigneusement s\u00e9lectionn\u00e9s pour vous offrir une texture moelleuse et un go\u00fbt d\u00e9licatement sucr\u00e9. Parfaites pour accompagner un th\u00e9 ou un caf\u00e9, ces madeleines se d\u00e9gustent \u00e0 tout moment de la journ\u00e9e, pour un plaisir simple et gourmand.<\/p>\n<h4>\u0645\u0643\u0648\u0646\u0627\u062a :<\/h4>\n<p>Farine de bl\u00e9, sucre, oeufs frais (20%), beurre, lait \u00e9cr\u00e9m\u00e9 en poudre, levure (poudre \u00e0 lever : diphosphates, carbonates de sodium), ar\u00f4mes naturels, sel.<\/p>\n<p>* Contient du gluten (farine de bl\u00e9), des \u0153ufs, du lait. Peut contenir des traces de fruits \u00e0 coque.<\/p>\n<h4>\u0641\u0648\u0627\u0626\u062f :<\/h4>\n<ul>\n<li>Recette traditionnelle : Fid\u00e8le \u00e0 la tradition p\u00e2tissi\u00e8re fran\u00e7aise.<\/li>\n<li>Ingr\u00e9dients de qualit\u00e9 : \u0152ufs frais et beurre pour une texture moelleuse.<\/li>\n<li>Sans conservateurs : Produit naturellement frais pour un go\u00fbt authentique.<\/li>\n<li>Pratique : Format de 250 g, id\u00e9al pour les petites envies gourmandes ou \u00e0 partager.<\/li>\n<\/ul>\n<h4>\u062a\u0639\u0644\u064a\u0645\u0627\u062a :<\/h4>\n<ul>\n<li>\u00c0 conserver dans un endroit frais et sec, \u00e0 l\u2019abri de la chaleur et de l\u2019humidit\u00e9.<\/li>\n<li>Ouvrir le paquet et savourer les madeleines nature ou l\u00e9g\u00e8rement r\u00e9chauff\u00e9es au four pendant quelques minutes pour encore plus de moelleux.<\/li>\n<li>Parfaites pour un go\u00fbter ou un petit-d\u00e9jeuner gourmand, elles peuvent \u00eatre accompagn\u00e9es de confiture, de miel ou d&rsquo;une boisson chaude.<\/li>\n<\/ul>\n<h4>Pr\u00e9cautions d&rsquo;utilisation :<\/h4>\n<ul>\n<li>Bien refermer le sachet apr\u00e8s ouverture et consommer rapidement pour pr\u00e9server la fra\u00eecheur.<\/li>\n<li>Ne convient pas aux personnes allergiques au gluten, aux \u0153ufs ou au lait.<\/li>\n<li>\u0645\u0646 \u0627\u0644\u0623\u0641\u0636\u0644 \u0627\u0633\u062a\u0647\u0644\u0627\u0643\u0647 \u0642\u0628\u0644 \u0627\u0644\u062a\u0627\u0631\u064a\u062e \u0627\u0644\u0645\u0648\u0636\u062d \u0639\u0644\u0649 \u0627\u0644\u0639\u0628\u0648\u0629.<\/li>\n<\/ul>","protected":false},"excerpt":{"rendered":"<p>D\u00e9couvrez le go\u00fbt authentique et r\u00e9confortant des Petites Madeleines aux \u0152ufs de P\u00e2tisserie Tradition. Ces petites douceurs sont confectionn\u00e9es selon<\/p>","protected":false},"featured_media":26533,"comment_status":"open","ping_status":"closed","template":"","meta":[],"pwb-brand":[1271],"product_brand":[],"product_cat":[1164,1126,275,1163],"product_tag":[],"class_list":{"0":"post-23042","1":"product","2":"type-product","3":"status-publish","4":"has-post-thumbnail","6":"pwb-brand-patisserie-tradition","7":"product_cat-biscuits-snacks","8":"product_cat-en-cas-et-friandises","9":"product_cat-epicerie","10":"product_cat-snacks","12":"first","13":"instock","14":"shipping-taxable","15":"purchasable","16":"product-type-simple"},"yoast_head":"<!-- This site is optimized with the Yoast SEO plugin v27.4 - https:\/\/yoast.com\/product\/yoast-seo-wordpress\/ -->\n<title>P\u00e2tisserie Tradition - Petites madeleines aux \u0153ufs - 250 g - NIRIGS<\/title>\n<meta name=\"robots\" content=\"index, follow, max-snippet:-1, max-image-preview:large, max-video-preview:-1\" \/>\n<link rel=\"canonical\" href=\"https:\/\/nirigs.com\/ar\/product\/patisserie-tradition-petites-madeleines-aux-oeufs-250-g\/\" \/>\n<meta property=\"og:locale\" content=\"ar_AR\" \/>\n<meta property=\"og:type\" content=\"article\" \/>\n<meta property=\"og:title\" content=\"P\u00e2tisserie Tradition - Petites madeleines aux \u0153ufs - 250 g - NIRIGS\" \/>\n<meta property=\"og:description\" content=\"D\u00e9couvrez le go\u00fbt authentique et r\u00e9confortant des Petites Madeleines aux \u0152ufs de P\u00e2tisserie Tradition. Ces petites douceurs sont confectionn\u00e9es selon\" \/>\n<meta property=\"og:url\" content=\"https:\/\/nirigs.com\/ar\/product\/patisserie-tradition-petites-madeleines-aux-oeufs-250-g\/\" \/>\n<meta property=\"og:site_name\" content=\"NIRIGS\" \/>\n<meta property=\"article:modified_time\" content=\"2025-03-13T14:45:38+00:00\" \/>\n<meta property=\"og:image\" content=\"https:\/\/nirigs.com\/wp-content\/uploads\/2024\/10\/Patisserie-Tradition-Petites-madeleines-aux-oeufs-250-g.jpg\" \/>\n\t<meta property=\"og:image:width\" content=\"1000\" \/>\n\t<meta property=\"og:image:height\" content=\"1000\" \/>\n\t<meta property=\"og:image:type\" content=\"image\/jpeg\" \/>\n<meta name=\"twitter:card\" content=\"summary_large_image\" \/>\n<meta name=\"twitter:label1\" content=\"\u0648\u0642\u062a \u0627\u0644\u0642\u0631\u0627\u0621\u0629 \u0627\u0644\u0645\u064f\u0642\u062f\u0651\u0631\" \/>\n\t<meta name=\"twitter:data1\" content=\"\u062f\u0642\u064a\u0642\u0629 \u0648\u0627\u062d\u062f\u0629\" \/>\n<script type=\"application\/ld+json\" class=\"yoast-schema-graph\">{\"@context\":\"https:\\\/\\\/schema.org\",\"@graph\":[{\"@type\":\"WebPage\",\"@id\":\"https:\\\/\\\/nirigs.com\\\/product\\\/patisserie-tradition-petites-madeleines-aux-oeufs-250-g\\\/\",\"url\":\"https:\\\/\\\/nirigs.com\\\/product\\\/patisserie-tradition-petites-madeleines-aux-oeufs-250-g\\\/\",\"name\":\"P\u00e2tisserie Tradition - Petites madeleines aux \u0153ufs - 250 g - NIRIGS\",\"isPartOf\":{\"@id\":\"https:\\\/\\\/nirigs.com\\\/#website\"},\"primaryImageOfPage\":{\"@id\":\"https:\\\/\\\/nirigs.com\\\/product\\\/patisserie-tradition-petites-madeleines-aux-oeufs-250-g\\\/#primaryimage\"},\"image\":{\"@id\":\"https:\\\/\\\/nirigs.com\\\/product\\\/patisserie-tradition-petites-madeleines-aux-oeufs-250-g\\\/#primaryimage\"},\"thumbnailUrl\":\"https:\\\/\\\/nirigs.com\\\/wp-content\\\/uploads\\\/2024\\\/10\\\/Patisserie-Tradition-Petites-madeleines-aux-oeufs-250-g.jpg\",\"datePublished\":\"2024-10-06T14:59:38+00:00\",\"dateModified\":\"2025-03-13T14:45:38+00:00\",\"breadcrumb\":{\"@id\":\"https:\\\/\\\/nirigs.com\\\/product\\\/patisserie-tradition-petites-madeleines-aux-oeufs-250-g\\\/#breadcrumb\"},\"inLanguage\":\"ar\",\"potentialAction\":[{\"@type\":\"ReadAction\",\"target\":[\"https:\\\/\\\/nirigs.com\\\/product\\\/patisserie-tradition-petites-madeleines-aux-oeufs-250-g\\\/\"]}]},{\"@type\":\"ImageObject\",\"inLanguage\":\"ar\",\"@id\":\"https:\\\/\\\/nirigs.com\\\/product\\\/patisserie-tradition-petites-madeleines-aux-oeufs-250-g\\\/#primaryimage\",\"url\":\"https:\\\/\\\/nirigs.com\\\/wp-content\\\/uploads\\\/2024\\\/10\\\/Patisserie-Tradition-Petites-madeleines-aux-oeufs-250-g.jpg\",\"contentUrl\":\"https:\\\/\\\/nirigs.com\\\/wp-content\\\/uploads\\\/2024\\\/10\\\/Patisserie-Tradition-Petites-madeleines-aux-oeufs-250-g.jpg\",\"width\":1000,\"height\":1000},{\"@type\":\"BreadcrumbList\",\"@id\":\"https:\\\/\\\/nirigs.com\\\/product\\\/patisserie-tradition-petites-madeleines-aux-oeufs-250-g\\\/#breadcrumb\",\"itemListElement\":[{\"@type\":\"ListItem\",\"position\":1,\"name\":\"Home\",\"item\":\"https:\\\/\\\/nirigs.com\\\/\"},{\"@type\":\"ListItem\",\"position\":2,\"name\":\"Parcourir\",\"item\":\"https:\\\/\\\/nirigs.com\\\/boutique\\\/\"},{\"@type\":\"ListItem\",\"position\":3,\"name\":\"P\u00e2tisserie Tradition &#8211; Petites madeleines aux \u0153ufs &#8211; 250 g\"}]},{\"@type\":\"WebSite\",\"@id\":\"https:\\\/\\\/nirigs.com\\\/#website\",\"url\":\"https:\\\/\\\/nirigs.com\\\/\",\"name\":\"Nirigs.com\",\"description\":\"Simplifiez vos achats du quotidien \u00e0 Djibouti\",\"publisher\":{\"@id\":\"https:\\\/\\\/nirigs.com\\\/#organization\"},\"potentialAction\":[{\"@type\":\"SearchAction\",\"target\":{\"@type\":\"EntryPoint\",\"urlTemplate\":\"https:\\\/\\\/nirigs.com\\\/?s={search_term_string}\"},\"query-input\":{\"@type\":\"PropertyValueSpecification\",\"valueRequired\":true,\"valueName\":\"search_term_string\"}}],\"inLanguage\":\"ar\"},{\"@type\":\"Organization\",\"@id\":\"https:\\\/\\\/nirigs.com\\\/#organization\",\"name\":\"Nirigs\",\"url\":\"https:\\\/\\\/nirigs.com\\\/\",\"logo\":{\"@type\":\"ImageObject\",\"inLanguage\":\"ar\",\"@id\":\"https:\\\/\\\/nirigs.com\\\/#\\\/schema\\\/logo\\\/image\\\/\",\"url\":\"https:\\\/\\\/nirigs.com\\\/wp-content\\\/uploads\\\/2025\\\/04\\\/Design-sans-titre-27.png\",\"contentUrl\":\"https:\\\/\\\/nirigs.com\\\/wp-content\\\/uploads\\\/2025\\\/04\\\/Design-sans-titre-27.png\",\"width\":500,\"height\":500,\"caption\":\"Nirigs\"},\"image\":{\"@id\":\"https:\\\/\\\/nirigs.com\\\/#\\\/schema\\\/logo\\\/image\\\/\"}}]}<\/script>\n<!-- \/ Yoast SEO plugin. -->","yoast_head_json":{"title":"P\u00e2tisserie Tradition - Petites madeleines aux \u0153ufs - 250 g - NIRIGS","robots":{"index":"index","follow":"follow","max-snippet":"max-snippet:-1","max-image-preview":"max-image-preview:large","max-video-preview":"max-video-preview:-1"},"canonical":"https:\/\/nirigs.com\/ar\/product\/patisserie-tradition-petites-madeleines-aux-oeufs-250-g\/","og_locale":"ar_AR","og_type":"article","og_title":"P\u00e2tisserie Tradition - Petites madeleines aux \u0153ufs - 250 g - NIRIGS","og_description":"D\u00e9couvrez le go\u00fbt authentique et r\u00e9confortant des Petites Madeleines aux \u0152ufs de P\u00e2tisserie Tradition. Ces petites douceurs sont confectionn\u00e9es selon","og_url":"https:\/\/nirigs.com\/ar\/product\/patisserie-tradition-petites-madeleines-aux-oeufs-250-g\/","og_site_name":"NIRIGS","article_modified_time":"2025-03-13T14:45:38+00:00","og_image":[{"width":1000,"height":1000,"url":"https:\/\/nirigs.com\/wp-content\/uploads\/2024\/10\/Patisserie-Tradition-Petites-madeleines-aux-oeufs-250-g.jpg","type":"image\/jpeg"}],"twitter_card":"summary_large_image","twitter_misc":{"\u0648\u0642\u062a \u0627\u0644\u0642\u0631\u0627\u0621\u0629 \u0627\u0644\u0645\u064f\u0642\u062f\u0651\u0631":"\u062f\u0642\u064a\u0642\u0629 \u0648\u0627\u062d\u062f\u0629"},"schema":{"@context":"https:\/\/schema.org","@graph":[{"@type":"WebPage","@id":"https:\/\/nirigs.com\/product\/patisserie-tradition-petites-madeleines-aux-oeufs-250-g\/","url":"https:\/\/nirigs.com\/product\/patisserie-tradition-petites-madeleines-aux-oeufs-250-g\/","name":"P\u00e2tisserie Tradition - Petites madeleines aux \u0153ufs - 250 g - NIRIGS","isPartOf":{"@id":"https:\/\/nirigs.com\/#website"},"primaryImageOfPage":{"@id":"https:\/\/nirigs.com\/product\/patisserie-tradition-petites-madeleines-aux-oeufs-250-g\/#primaryimage"},"image":{"@id":"https:\/\/nirigs.com\/product\/patisserie-tradition-petites-madeleines-aux-oeufs-250-g\/#primaryimage"},"thumbnailUrl":"https:\/\/nirigs.com\/wp-content\/uploads\/2024\/10\/Patisserie-Tradition-Petites-madeleines-aux-oeufs-250-g.jpg","datePublished":"2024-10-06T14:59:38+00:00","dateModified":"2025-03-13T14:45:38+00:00","breadcrumb":{"@id":"https:\/\/nirigs.com\/product\/patisserie-tradition-petites-madeleines-aux-oeufs-250-g\/#breadcrumb"},"inLanguage":"ar","potentialAction":[{"@type":"ReadAction","target":["https:\/\/nirigs.com\/product\/patisserie-tradition-petites-madeleines-aux-oeufs-250-g\/"]}]},{"@type":"ImageObject","inLanguage":"ar","@id":"https:\/\/nirigs.com\/product\/patisserie-tradition-petites-madeleines-aux-oeufs-250-g\/#primaryimage","url":"https:\/\/nirigs.com\/wp-content\/uploads\/2024\/10\/Patisserie-Tradition-Petites-madeleines-aux-oeufs-250-g.jpg","contentUrl":"https:\/\/nirigs.com\/wp-content\/uploads\/2024\/10\/Patisserie-Tradition-Petites-madeleines-aux-oeufs-250-g.jpg","width":1000,"height":1000},{"@type":"BreadcrumbList","@id":"https:\/\/nirigs.com\/product\/patisserie-tradition-petites-madeleines-aux-oeufs-250-g\/#breadcrumb","itemListElement":[{"@type":"ListItem","position":1,"name":"Home","item":"https:\/\/nirigs.com\/"},{"@type":"ListItem","position":2,"name":"Parcourir","item":"https:\/\/nirigs.com\/boutique\/"},{"@type":"ListItem","position":3,"name":"P\u00e2tisserie Tradition &#8211; Petites madeleines aux \u0153ufs &#8211; 250 g"}]},{"@type":"WebSite","@id":"https:\/\/nirigs.com\/#website","url":"https:\/\/nirigs.com\/","name":"Nirigs.com","description":"Simplifiez vos achats du quotidien \u00e0 Djibouti","publisher":{"@id":"https:\/\/nirigs.com\/#organization"},"potentialAction":[{"@type":"SearchAction","target":{"@type":"EntryPoint","urlTemplate":"https:\/\/nirigs.com\/?s={search_term_string}"},"query-input":{"@type":"PropertyValueSpecification","valueRequired":true,"valueName":"search_term_string"}}],"inLanguage":"ar"},{"@type":"Organization","@id":"https:\/\/nirigs.com\/#organization","name":"\u0646\u064a\u0631\u064a\u062c\u0633","url":"https:\/\/nirigs.com\/","logo":{"@type":"ImageObject","inLanguage":"ar","@id":"https:\/\/nirigs.com\/#\/schema\/logo\/image\/","url":"https:\/\/nirigs.com\/wp-content\/uploads\/2025\/04\/Design-sans-titre-27.png","contentUrl":"https:\/\/nirigs.com\/wp-content\/uploads\/2025\/04\/Design-sans-titre-27.png","width":500,"height":500,"caption":"Nirigs"},"image":{"@id":"https:\/\/nirigs.com\/#\/schema\/logo\/image\/"}}]}},"brands":[{"id":1271,"name":"P\u00e2tisserie Tradition","slug":"patisserie-tradition"}],"_links":{"self":[{"href":"https:\/\/nirigs.com\/ar\/wp-json\/wp\/v2\/product\/23042","targetHints":{"allow":["GET"]}}],"collection":[{"href":"https:\/\/nirigs.com\/ar\/wp-json\/wp\/v2\/product"}],"about":[{"href":"https:\/\/nirigs.com\/ar\/wp-json\/wp\/v2\/types\/product"}],"replies":[{"embeddable":true,"href":"https:\/\/nirigs.com\/ar\/wp-json\/wp\/v2\/comments?post=23042"}],"version-history":[{"count":3,"href":"https:\/\/nirigs.com\/ar\/wp-json\/wp\/v2\/product\/23042\/revisions"}],"predecessor-version":[{"id":26535,"href":"https:\/\/nirigs.com\/ar\/wp-json\/wp\/v2\/product\/23042\/revisions\/26535"}],"wp:featuredmedia":[{"embeddable":true,"href":"https:\/\/nirigs.com\/ar\/wp-json\/wp\/v2\/media\/26533"}],"wp:attachment":[{"href":"https:\/\/nirigs.com\/ar\/wp-json\/wp\/v2\/media?parent=23042"}],"wp:term":[{"taxonomy":"pwb-brand","embeddable":true,"href":"https:\/\/nirigs.com\/ar\/wp-json\/wp\/v2\/pwb-brand?post=23042"},{"taxonomy":"product_brand","embeddable":true,"href":"https:\/\/nirigs.com\/ar\/wp-json\/wp\/v2\/product_brand?post=23042"},{"taxonomy":"product_cat","embeddable":true,"href":"https:\/\/nirigs.com\/ar\/wp-json\/wp\/v2\/product_cat?post=23042"},{"taxonomy":"product_tag","embeddable":true,"href":"https:\/\/nirigs.com\/ar\/wp-json\/wp\/v2\/product_tag?post=23042"}],"curies":[{"name":"wp","href":"https:\/\/api.w.org\/{rel}","templated":true}]}}