{"id":23039,"date":"2024-10-06T17:59:38","date_gmt":"2024-10-06T14:59:38","guid":{"rendered":"https:\/\/nirigs.com\/produit\/la-boulangere-8-pains-au-chocolat-360-g\/"},"modified":"2025-03-13T17:45:58","modified_gmt":"2025-03-13T14:45:58","slug":"la-boulangere-8-pains-au-chocolat-360-g","status":"publish","type":"product","link":"https:\/\/nirigs.com\/ar\/product\/la-boulangere-8-pains-au-chocolat-360-g\/","title":{"rendered":"\u0644\u0627 \u0628\u0648\u0644\u0627\u0646\u062c\u064a\u0631 \u2013 8 \u0642\u0637\u0639 \u0645\u0646 \u0627\u0644\u0634\u0648\u0643\u0648\u0644\u0627\u062a\u0629 \u2013 360 \u062c\u0631\u0627\u0645"},"content":{"rendered":"<p>Les pains au chocolat de La Boulang\u00e8re sont un v\u00e9ritable plaisir pour les gourmands. \u00c9labor\u00e9s avec une p\u00e2te feuillet\u00e9e l\u00e9g\u00e8re et croustillante, ces 8 pains au chocolat sont fourr\u00e9s d&rsquo;une g\u00e9n\u00e9reuse barre de chocolat fondant. Parfaits pour accompagner vos petits-d\u00e9jeuners ou vos go\u00fbters, ils offrent un moment gourmand \u00e0 partager en famille ou entre amis.<\/p>\n<p><strong>\u0645\u0643\u0648\u0646\u0627\u062a :<\/strong><\/p>\n<p>Farine de bl\u00e9, chocolat (20%), beurre, eau, levure, sel, oeufs, lait, sucre, extrait de malt d&rsquo;orge, enzymes (amylase, xylanase).<\/p>\n<h4>\u0641\u0648\u0627\u0626\u062f :<\/h4>\n<ul>\n<li>Produit sans huile de palme<\/li>\n<li>Pains au chocolat moelleux et croustillants<\/li>\n<li>Contient une bonne quantit\u00e9 de chocolat<\/li>\n<li>Id\u00e9al pour un petit d\u00e9jeuner ou go\u00fbter rapide et savoureux<\/li>\n<li>Con\u00e7u avec des ingr\u00e9dients de qualit\u00e9<\/li>\n<\/ul>\n<h4>\u062a\u0639\u0644\u064a\u0645\u0627\u062a :<\/h4>\n<ul>\n<li>Les pains au chocolat peuvent \u00eatre consomm\u00e9s directement \u00e0 temp\u00e9rature ambiante.<\/li>\n<li>Pour un plaisir encore plus intense, passez-les quelques minutes au four \u00e0 180\u00b0C ou quelques secondes au micro-ondes afin de retrouver la chaleur du four et le chocolat fondant.<\/li>\n<li>Conservez dans un endroit frais et sec. Une fois ouvert, bien refermer l&#8217;emballage pour garder la fra\u00eecheur.<\/li>\n<\/ul>\n<h4>\u0627\u062d\u062a\u064a\u0627\u0637\u0627\u062a:<\/h4>\n<ul>\n<li>Peut contenir des traces de soja et de fruits \u00e0 coque.<\/li>\n<li>Ne pas r\u00e9chauffer au micro-ondes plus de 10 secondes pour \u00e9viter de br\u00fbler le chocolat.<\/li>\n<li>Ce produit contient du gluten, des \u0153ufs et du lait, il n\u2019est donc pas adapt\u00e9 aux personnes allergiques \u00e0 ces ingr\u00e9dients.<\/li>\n<li>\u0645\u0646 \u0627\u0644\u0623\u0641\u0636\u0644 \u0627\u0633\u062a\u0647\u0644\u0627\u0643\u0647 \u0642\u0628\u0644 \u0627\u0644\u062a\u0627\u0631\u064a\u062e \u0627\u0644\u0645\u0648\u0636\u062d \u0639\u0644\u0649 \u0627\u0644\u0639\u0628\u0648\u0629.<\/li>\n<\/ul>","protected":false},"excerpt":{"rendered":"<p>Les pains au chocolat de La Boulang\u00e8re sont un v\u00e9ritable plaisir pour les gourmands. \u00c9labor\u00e9s avec une p\u00e2te feuillet\u00e9e l\u00e9g\u00e8re<\/p>","protected":false},"featured_media":26551,"comment_status":"open","ping_status":"closed","template":"","meta":[],"pwb-brand":[1272],"product_brand":[],"product_cat":[1118,275,1116],"product_tag":[],"class_list":{"0":"post-23039","1":"product","2":"type-product","3":"status-publish","4":"has-post-thumbnail","6":"pwb-brand-la-boulangere","7":"product_cat-brioches-et-viennoiseries","8":"product_cat-epicerie","9":"product_cat-pains-et-patisseries","11":"first","12":"instock","13":"shipping-taxable","14":"purchasable","15":"product-type-simple"},"yoast_head":"<!-- This site is optimized with the Yoast SEO plugin v27.1.1 - https:\/\/yoast.com\/product\/yoast-seo-wordpress\/ -->\n<title>La Boulang\u00e8re - 8 pains au chocolat - 360 g - NIRIGS<\/title>\n<meta name=\"robots\" content=\"index, follow, max-snippet:-1, max-image-preview:large, max-video-preview:-1\" \/>\n<link rel=\"canonical\" href=\"https:\/\/nirigs.com\/ar\/product\/la-boulangere-8-pains-au-chocolat-360-g\/\" \/>\n<meta property=\"og:locale\" content=\"ar_AR\" \/>\n<meta property=\"og:type\" content=\"article\" \/>\n<meta property=\"og:title\" content=\"La Boulang\u00e8re - 8 pains au chocolat - 360 g - NIRIGS\" \/>\n<meta property=\"og:description\" content=\"Les pains au chocolat de La Boulang\u00e8re sont un v\u00e9ritable plaisir pour les gourmands. \u00c9labor\u00e9s avec une p\u00e2te feuillet\u00e9e l\u00e9g\u00e8re\" \/>\n<meta property=\"og:url\" content=\"https:\/\/nirigs.com\/ar\/product\/la-boulangere-8-pains-au-chocolat-360-g\/\" \/>\n<meta property=\"og:site_name\" content=\"NIRIGS\" \/>\n<meta property=\"article:modified_time\" content=\"2025-03-13T14:45:58+00:00\" \/>\n<meta property=\"og:image\" content=\"https:\/\/nirigs.com\/wp-content\/uploads\/2024\/10\/La-Boulangere-8-pains-au-chocolat-360-g.jpg\" \/>\n\t<meta property=\"og:image:width\" content=\"1000\" \/>\n\t<meta property=\"og:image:height\" content=\"1000\" \/>\n\t<meta property=\"og:image:type\" content=\"image\/jpeg\" \/>\n<meta name=\"twitter:card\" content=\"summary_large_image\" \/>\n<meta name=\"twitter:label1\" content=\"\u0648\u0642\u062a \u0627\u0644\u0642\u0631\u0627\u0621\u0629 \u0627\u0644\u0645\u064f\u0642\u062f\u0651\u0631\" \/>\n\t<meta name=\"twitter:data1\" content=\"\u062f\u0642\u064a\u0642\u0629 \u0648\u0627\u062d\u062f\u0629\" \/>\n<script type=\"application\/ld+json\" class=\"yoast-schema-graph\">{\"@context\":\"https:\/\/schema.org\",\"@graph\":[{\"@type\":\"WebPage\",\"@id\":\"https:\/\/nirigs.com\/product\/la-boulangere-8-pains-au-chocolat-360-g\/\",\"url\":\"https:\/\/nirigs.com\/product\/la-boulangere-8-pains-au-chocolat-360-g\/\",\"name\":\"La Boulang\u00e8re - 8 pains au chocolat - 360 g - NIRIGS\",\"isPartOf\":{\"@id\":\"https:\/\/nirigs.com\/#website\"},\"primaryImageOfPage\":{\"@id\":\"https:\/\/nirigs.com\/product\/la-boulangere-8-pains-au-chocolat-360-g\/#primaryimage\"},\"image\":{\"@id\":\"https:\/\/nirigs.com\/product\/la-boulangere-8-pains-au-chocolat-360-g\/#primaryimage\"},\"thumbnailUrl\":\"https:\/\/nirigs.com\/wp-content\/uploads\/2024\/10\/La-Boulangere-8-pains-au-chocolat-360-g.jpg\",\"datePublished\":\"2024-10-06T14:59:38+00:00\",\"dateModified\":\"2025-03-13T14:45:58+00:00\",\"breadcrumb\":{\"@id\":\"https:\/\/nirigs.com\/product\/la-boulangere-8-pains-au-chocolat-360-g\/#breadcrumb\"},\"inLanguage\":\"ar\",\"potentialAction\":[{\"@type\":\"ReadAction\",\"target\":[\"https:\/\/nirigs.com\/product\/la-boulangere-8-pains-au-chocolat-360-g\/\"]}]},{\"@type\":\"ImageObject\",\"inLanguage\":\"ar\",\"@id\":\"https:\/\/nirigs.com\/product\/la-boulangere-8-pains-au-chocolat-360-g\/#primaryimage\",\"url\":\"https:\/\/nirigs.com\/wp-content\/uploads\/2024\/10\/La-Boulangere-8-pains-au-chocolat-360-g.jpg\",\"contentUrl\":\"https:\/\/nirigs.com\/wp-content\/uploads\/2024\/10\/La-Boulangere-8-pains-au-chocolat-360-g.jpg\",\"width\":1000,\"height\":1000},{\"@type\":\"BreadcrumbList\",\"@id\":\"https:\/\/nirigs.com\/product\/la-boulangere-8-pains-au-chocolat-360-g\/#breadcrumb\",\"itemListElement\":[{\"@type\":\"ListItem\",\"position\":1,\"name\":\"Home\",\"item\":\"https:\/\/nirigs.com\/\"},{\"@type\":\"ListItem\",\"position\":2,\"name\":\"Parcourir\",\"item\":\"https:\/\/nirigs.com\/boutique\/\"},{\"@type\":\"ListItem\",\"position\":3,\"name\":\"La Boulang\u00e8re &#8211; 8 pains au chocolat &#8211; 360 g\"}]},{\"@type\":\"WebSite\",\"@id\":\"https:\/\/nirigs.com\/#website\",\"url\":\"https:\/\/nirigs.com\/\",\"name\":\"Nirigs.com\",\"description\":\"Simplifiez vos achats du quotidien \u00e0 Djibouti\",\"publisher\":{\"@id\":\"https:\/\/nirigs.com\/#organization\"},\"potentialAction\":[{\"@type\":\"SearchAction\",\"target\":{\"@type\":\"EntryPoint\",\"urlTemplate\":\"https:\/\/nirigs.com\/?s={search_term_string}\"},\"query-input\":{\"@type\":\"PropertyValueSpecification\",\"valueRequired\":true,\"valueName\":\"search_term_string\"}}],\"inLanguage\":\"ar\"},{\"@type\":\"Organization\",\"@id\":\"https:\/\/nirigs.com\/#organization\",\"name\":\"Nirigs\",\"url\":\"https:\/\/nirigs.com\/\",\"logo\":{\"@type\":\"ImageObject\",\"inLanguage\":\"ar\",\"@id\":\"https:\/\/nirigs.com\/#\/schema\/logo\/image\/\",\"url\":\"https:\/\/nirigs.com\/wp-content\/uploads\/2025\/04\/Design-sans-titre-27.png\",\"contentUrl\":\"https:\/\/nirigs.com\/wp-content\/uploads\/2025\/04\/Design-sans-titre-27.png\",\"width\":500,\"height\":500,\"caption\":\"Nirigs\"},\"image\":{\"@id\":\"https:\/\/nirigs.com\/#\/schema\/logo\/image\/\"}}]}<\/script>\n<!-- \/ Yoast SEO plugin. -->","yoast_head_json":{"title":"La Boulang\u00e8re - 8 pains au chocolat - 360 g - NIRIGS","robots":{"index":"index","follow":"follow","max-snippet":"max-snippet:-1","max-image-preview":"max-image-preview:large","max-video-preview":"max-video-preview:-1"},"canonical":"https:\/\/nirigs.com\/ar\/product\/la-boulangere-8-pains-au-chocolat-360-g\/","og_locale":"ar_AR","og_type":"article","og_title":"La Boulang\u00e8re - 8 pains au chocolat - 360 g - NIRIGS","og_description":"Les pains au chocolat de La Boulang\u00e8re sont un v\u00e9ritable plaisir pour les gourmands. \u00c9labor\u00e9s avec une p\u00e2te feuillet\u00e9e l\u00e9g\u00e8re","og_url":"https:\/\/nirigs.com\/ar\/product\/la-boulangere-8-pains-au-chocolat-360-g\/","og_site_name":"NIRIGS","article_modified_time":"2025-03-13T14:45:58+00:00","og_image":[{"width":1000,"height":1000,"url":"https:\/\/nirigs.com\/wp-content\/uploads\/2024\/10\/La-Boulangere-8-pains-au-chocolat-360-g.jpg","type":"image\/jpeg"}],"twitter_card":"summary_large_image","twitter_misc":{"\u0648\u0642\u062a \u0627\u0644\u0642\u0631\u0627\u0621\u0629 \u0627\u0644\u0645\u064f\u0642\u062f\u0651\u0631":"\u062f\u0642\u064a\u0642\u0629 \u0648\u0627\u062d\u062f\u0629"},"schema":{"@context":"https:\/\/schema.org","@graph":[{"@type":"WebPage","@id":"https:\/\/nirigs.com\/product\/la-boulangere-8-pains-au-chocolat-360-g\/","url":"https:\/\/nirigs.com\/product\/la-boulangere-8-pains-au-chocolat-360-g\/","name":"La Boulang\u00e8re - 8 pains au chocolat - 360 g - NIRIGS","isPartOf":{"@id":"https:\/\/nirigs.com\/#website"},"primaryImageOfPage":{"@id":"https:\/\/nirigs.com\/product\/la-boulangere-8-pains-au-chocolat-360-g\/#primaryimage"},"image":{"@id":"https:\/\/nirigs.com\/product\/la-boulangere-8-pains-au-chocolat-360-g\/#primaryimage"},"thumbnailUrl":"https:\/\/nirigs.com\/wp-content\/uploads\/2024\/10\/La-Boulangere-8-pains-au-chocolat-360-g.jpg","datePublished":"2024-10-06T14:59:38+00:00","dateModified":"2025-03-13T14:45:58+00:00","breadcrumb":{"@id":"https:\/\/nirigs.com\/product\/la-boulangere-8-pains-au-chocolat-360-g\/#breadcrumb"},"inLanguage":"ar","potentialAction":[{"@type":"ReadAction","target":["https:\/\/nirigs.com\/product\/la-boulangere-8-pains-au-chocolat-360-g\/"]}]},{"@type":"ImageObject","inLanguage":"ar","@id":"https:\/\/nirigs.com\/product\/la-boulangere-8-pains-au-chocolat-360-g\/#primaryimage","url":"https:\/\/nirigs.com\/wp-content\/uploads\/2024\/10\/La-Boulangere-8-pains-au-chocolat-360-g.jpg","contentUrl":"https:\/\/nirigs.com\/wp-content\/uploads\/2024\/10\/La-Boulangere-8-pains-au-chocolat-360-g.jpg","width":1000,"height":1000},{"@type":"BreadcrumbList","@id":"https:\/\/nirigs.com\/product\/la-boulangere-8-pains-au-chocolat-360-g\/#breadcrumb","itemListElement":[{"@type":"ListItem","position":1,"name":"Home","item":"https:\/\/nirigs.com\/"},{"@type":"ListItem","position":2,"name":"Parcourir","item":"https:\/\/nirigs.com\/boutique\/"},{"@type":"ListItem","position":3,"name":"La Boulang\u00e8re &#8211; 8 pains au chocolat &#8211; 360 g"}]},{"@type":"WebSite","@id":"https:\/\/nirigs.com\/#website","url":"https:\/\/nirigs.com\/","name":"Nirigs.com","description":"Simplifiez vos achats du quotidien \u00e0 Djibouti","publisher":{"@id":"https:\/\/nirigs.com\/#organization"},"potentialAction":[{"@type":"SearchAction","target":{"@type":"EntryPoint","urlTemplate":"https:\/\/nirigs.com\/?s={search_term_string}"},"query-input":{"@type":"PropertyValueSpecification","valueRequired":true,"valueName":"search_term_string"}}],"inLanguage":"ar"},{"@type":"Organization","@id":"https:\/\/nirigs.com\/#organization","name":"\u0646\u064a\u0631\u064a\u062c\u0633","url":"https:\/\/nirigs.com\/","logo":{"@type":"ImageObject","inLanguage":"ar","@id":"https:\/\/nirigs.com\/#\/schema\/logo\/image\/","url":"https:\/\/nirigs.com\/wp-content\/uploads\/2025\/04\/Design-sans-titre-27.png","contentUrl":"https:\/\/nirigs.com\/wp-content\/uploads\/2025\/04\/Design-sans-titre-27.png","width":500,"height":500,"caption":"Nirigs"},"image":{"@id":"https:\/\/nirigs.com\/#\/schema\/logo\/image\/"}}]}},"brands":[{"id":1272,"name":"\u0627\u0644\u062e\u0628\u0627\u0632","slug":"la-boulangere"}],"_links":{"self":[{"href":"https:\/\/nirigs.com\/ar\/wp-json\/wp\/v2\/product\/23039","targetHints":{"allow":["GET"]}}],"collection":[{"href":"https:\/\/nirigs.com\/ar\/wp-json\/wp\/v2\/product"}],"about":[{"href":"https:\/\/nirigs.com\/ar\/wp-json\/wp\/v2\/types\/product"}],"replies":[{"embeddable":true,"href":"https:\/\/nirigs.com\/ar\/wp-json\/wp\/v2\/comments?post=23039"}],"version-history":[{"count":2,"href":"https:\/\/nirigs.com\/ar\/wp-json\/wp\/v2\/product\/23039\/revisions"}],"predecessor-version":[{"id":26552,"href":"https:\/\/nirigs.com\/ar\/wp-json\/wp\/v2\/product\/23039\/revisions\/26552"}],"wp:featuredmedia":[{"embeddable":true,"href":"https:\/\/nirigs.com\/ar\/wp-json\/wp\/v2\/media\/26551"}],"wp:attachment":[{"href":"https:\/\/nirigs.com\/ar\/wp-json\/wp\/v2\/media?parent=23039"}],"wp:term":[{"taxonomy":"pwb-brand","embeddable":true,"href":"https:\/\/nirigs.com\/ar\/wp-json\/wp\/v2\/pwb-brand?post=23039"},{"taxonomy":"product_brand","embeddable":true,"href":"https:\/\/nirigs.com\/ar\/wp-json\/wp\/v2\/product_brand?post=23039"},{"taxonomy":"product_cat","embeddable":true,"href":"https:\/\/nirigs.com\/ar\/wp-json\/wp\/v2\/product_cat?post=23039"},{"taxonomy":"product_tag","embeddable":true,"href":"https:\/\/nirigs.com\/ar\/wp-json\/wp\/v2\/product_tag?post=23039"}],"curies":[{"name":"wp","href":"https:\/\/api.w.org\/{rel}","templated":true}]}}