{"id":22311,"date":"2024-10-02T17:46:54","date_gmt":"2024-10-02T14:46:54","guid":{"rendered":"https:\/\/nirigs.com\/?post_type=product&#038;p=22311"},"modified":"2025-04-22T11:36:28","modified_gmt":"2025-04-22T08:36:28","slug":"garnier-fructis-masque-nourrissant-multi-usages-banane-pour-cheveux-tres-secs-390-ml","status":"publish","type":"product","link":"https:\/\/nirigs.com\/ar\/product\/garnier-fructis-masque-nourrissant-multi-usages-banane-pour-cheveux-tres-secs-390-ml\/","title":{"rendered":"Garnier &#8211; Fructis Masque Nourrissant Multi-Usages Banane &#8211; Pour Cheveux Tr\u00e8s Secs &#8211; 390 ml"},"content":{"rendered":"<p>Vos cheveux sont affam\u00e9s ? Ils ont tendance \u00e0 \u00eatre secs, ab\u00eem\u00e9s et difficiles \u00e0 d\u00e9m\u00ealer ? Pas de panique, les masques Menu Hair Food de Garnier sont la solution pour les rassasier.<\/p>\n<p>Compos\u00e9e \u00e0 98% d&rsquo;ingr\u00e9dients d&rsquo;origine naturelle et v\u00e9gane, leur formule sans silicone p\u00e9n\u00e8tre vos cheveux en quelques instants seulement pour leur apporter toute l&rsquo;hydratation et la r\u00e9paration dont ils ont besoin.<\/p>\n<p>Ils s&rsquo;appliquent sous la douche sur les cheveux mouill\u00e9s en d\u00e9m\u00ealant ou en masque, mais aussi en soin sans rin\u00e7age sur les cheveux secs pour celles dont la journ\u00e9e a d\u00e9marr\u00e9 sur les chapeaux de roues.<\/p>\n<h4>\u064a\u0633\u062a\u062e\u062f\u0645<\/h4>\n<ul>\n<li>Appliquer sous la douche sur les cheveux mouill\u00e9s en d\u00e9m\u00ealant ou en masque.<\/li>\n<li>Utiliser en soin sans rin\u00e7age sur les cheveux secs ou mouill\u00e9s<\/li>\n<\/ul>\n<h4>\u0645\u0643\u0648\u0646\u0627\u062a<\/h4>\n<p>Aqua \/ water, cetearyl alcohol, glycerin, isopropyl myristate, stearamidopropyl dimethylamine, macadamia integrifolia seed oil, glycine soja oil \/ soybean oil, sodium hydroxide , helianthus annuus seed oil \/ sunflower seed oil, simmondsia chinensis seed oil \/ jojoba seed oil, prunus amygdalus dulcis oil \/ sweet almond oil, coco-caprylate\/caprate, cocos nucifera oil \/ coconut oil, hydroxypropyl guar hydroxypropyltrimonium chloride, caprylyl glycol, citric acid, tartaric acid, cetyl esters, salicylic acid, caramel, linalool, geraniol, coumarin, limonene, citral, citronellol, benzyl alcohol, benzyl cinnamate, benzyl salicylate, parfum \/ fragrance.<\/p>","protected":false},"excerpt":{"rendered":"<p><br data-mce-bogus=\"1\"><\/p>","protected":false},"featured_media":22312,"comment_status":"open","ping_status":"closed","template":"","meta":[],"pwb-brand":[1091],"product_brand":[],"product_cat":[267,1022,1024,1027],"product_tag":[],"class_list":{"0":"post-22311","1":"product","2":"type-product","3":"status-publish","4":"has-post-thumbnail","6":"pwb-brand-garnier","7":"product_cat-beaute-et-soins","8":"product_cat-coiffures-et-soins-des-cheveux","9":"product_cat-soins-des-cheveux","10":"product_cat-soins-et-masques-pour-les-cheveux","12":"first","13":"instock","14":"shipping-taxable","15":"purchasable","16":"product-type-simple"},"yoast_head":"<!-- This site is optimized with the Yoast SEO plugin v27.4 - https:\/\/yoast.com\/product\/yoast-seo-wordpress\/ -->\n<title>Garnier - Fructis Masque Nourrissant Multi-Usages Banane - Pour Cheveux Tr\u00e8s Secs - 390 ml - NIRIGS<\/title>\n<meta name=\"robots\" content=\"index, follow, max-snippet:-1, max-image-preview:large, max-video-preview:-1\" \/>\n<link rel=\"canonical\" href=\"https:\/\/nirigs.com\/ar\/product\/garnier-fructis-masque-nourrissant-multi-usages-banane-pour-cheveux-tres-secs-390-ml\/\" \/>\n<meta property=\"og:locale\" content=\"ar_AR\" \/>\n<meta property=\"og:type\" content=\"article\" \/>\n<meta property=\"og:title\" content=\"Garnier - Fructis Masque Nourrissant Multi-Usages Banane - Pour Cheveux Tr\u00e8s Secs - 390 ml - NIRIGS\" \/>\n<meta property=\"og:url\" content=\"https:\/\/nirigs.com\/ar\/product\/garnier-fructis-masque-nourrissant-multi-usages-banane-pour-cheveux-tres-secs-390-ml\/\" \/>\n<meta property=\"og:site_name\" content=\"NIRIGS\" \/>\n<meta property=\"article:modified_time\" content=\"2025-04-22T08:36:28+00:00\" \/>\n<meta property=\"og:image\" content=\"https:\/\/nirigs.com\/wp-content\/uploads\/2024\/09\/Garnier-Fructis-Masque-Nourrissant-Multi-Usages-Banane-Pour-Cheveux-Tres-Secs-390-ml-4.jpg\" \/>\n\t<meta property=\"og:image:width\" content=\"1000\" \/>\n\t<meta property=\"og:image:height\" content=\"1000\" \/>\n\t<meta property=\"og:image:type\" content=\"image\/jpeg\" \/>\n<meta name=\"twitter:card\" content=\"summary_large_image\" \/>\n<meta name=\"twitter:label1\" content=\"\u0648\u0642\u062a \u0627\u0644\u0642\u0631\u0627\u0621\u0629 \u0627\u0644\u0645\u064f\u0642\u062f\u0651\u0631\" \/>\n\t<meta name=\"twitter:data1\" content=\"\u062f\u0642\u064a\u0642\u0629 \u0648\u0627\u062d\u062f\u0629\" \/>\n<script type=\"application\/ld+json\" class=\"yoast-schema-graph\">{\"@context\":\"https:\\\/\\\/schema.org\",\"@graph\":[{\"@type\":\"WebPage\",\"@id\":\"https:\\\/\\\/nirigs.com\\\/product\\\/garnier-fructis-masque-nourrissant-multi-usages-banane-pour-cheveux-tres-secs-390-ml\\\/\",\"url\":\"https:\\\/\\\/nirigs.com\\\/product\\\/garnier-fructis-masque-nourrissant-multi-usages-banane-pour-cheveux-tres-secs-390-ml\\\/\",\"name\":\"Garnier - Fructis Masque Nourrissant Multi-Usages Banane - Pour Cheveux Tr\u00e8s Secs - 390 ml - NIRIGS\",\"isPartOf\":{\"@id\":\"https:\\\/\\\/nirigs.com\\\/#website\"},\"primaryImageOfPage\":{\"@id\":\"https:\\\/\\\/nirigs.com\\\/product\\\/garnier-fructis-masque-nourrissant-multi-usages-banane-pour-cheveux-tres-secs-390-ml\\\/#primaryimage\"},\"image\":{\"@id\":\"https:\\\/\\\/nirigs.com\\\/product\\\/garnier-fructis-masque-nourrissant-multi-usages-banane-pour-cheveux-tres-secs-390-ml\\\/#primaryimage\"},\"thumbnailUrl\":\"https:\\\/\\\/nirigs.com\\\/wp-content\\\/uploads\\\/2024\\\/09\\\/Garnier-Fructis-Masque-Nourrissant-Multi-Usages-Banane-Pour-Cheveux-Tres-Secs-390-ml-4.jpg\",\"datePublished\":\"2024-10-02T14:46:54+00:00\",\"dateModified\":\"2025-04-22T08:36:28+00:00\",\"breadcrumb\":{\"@id\":\"https:\\\/\\\/nirigs.com\\\/product\\\/garnier-fructis-masque-nourrissant-multi-usages-banane-pour-cheveux-tres-secs-390-ml\\\/#breadcrumb\"},\"inLanguage\":\"ar\",\"potentialAction\":[{\"@type\":\"ReadAction\",\"target\":[\"https:\\\/\\\/nirigs.com\\\/product\\\/garnier-fructis-masque-nourrissant-multi-usages-banane-pour-cheveux-tres-secs-390-ml\\\/\"]}]},{\"@type\":\"ImageObject\",\"inLanguage\":\"ar\",\"@id\":\"https:\\\/\\\/nirigs.com\\\/product\\\/garnier-fructis-masque-nourrissant-multi-usages-banane-pour-cheveux-tres-secs-390-ml\\\/#primaryimage\",\"url\":\"https:\\\/\\\/nirigs.com\\\/wp-content\\\/uploads\\\/2024\\\/09\\\/Garnier-Fructis-Masque-Nourrissant-Multi-Usages-Banane-Pour-Cheveux-Tres-Secs-390-ml-4.jpg\",\"contentUrl\":\"https:\\\/\\\/nirigs.com\\\/wp-content\\\/uploads\\\/2024\\\/09\\\/Garnier-Fructis-Masque-Nourrissant-Multi-Usages-Banane-Pour-Cheveux-Tres-Secs-390-ml-4.jpg\",\"width\":1000,\"height\":1000},{\"@type\":\"BreadcrumbList\",\"@id\":\"https:\\\/\\\/nirigs.com\\\/product\\\/garnier-fructis-masque-nourrissant-multi-usages-banane-pour-cheveux-tres-secs-390-ml\\\/#breadcrumb\",\"itemListElement\":[{\"@type\":\"ListItem\",\"position\":1,\"name\":\"Home\",\"item\":\"https:\\\/\\\/nirigs.com\\\/\"},{\"@type\":\"ListItem\",\"position\":2,\"name\":\"Parcourir\",\"item\":\"https:\\\/\\\/nirigs.com\\\/boutique\\\/\"},{\"@type\":\"ListItem\",\"position\":3,\"name\":\"Garnier &#8211; Fructis Masque Nourrissant Multi-Usages Banane &#8211; Pour Cheveux Tr\u00e8s Secs &#8211; 390 ml\"}]},{\"@type\":\"WebSite\",\"@id\":\"https:\\\/\\\/nirigs.com\\\/#website\",\"url\":\"https:\\\/\\\/nirigs.com\\\/\",\"name\":\"Nirigs.com\",\"description\":\"Simplifiez vos achats du quotidien \u00e0 Djibouti\",\"publisher\":{\"@id\":\"https:\\\/\\\/nirigs.com\\\/#organization\"},\"potentialAction\":[{\"@type\":\"SearchAction\",\"target\":{\"@type\":\"EntryPoint\",\"urlTemplate\":\"https:\\\/\\\/nirigs.com\\\/?s={search_term_string}\"},\"query-input\":{\"@type\":\"PropertyValueSpecification\",\"valueRequired\":true,\"valueName\":\"search_term_string\"}}],\"inLanguage\":\"ar\"},{\"@type\":\"Organization\",\"@id\":\"https:\\\/\\\/nirigs.com\\\/#organization\",\"name\":\"Nirigs\",\"url\":\"https:\\\/\\\/nirigs.com\\\/\",\"logo\":{\"@type\":\"ImageObject\",\"inLanguage\":\"ar\",\"@id\":\"https:\\\/\\\/nirigs.com\\\/#\\\/schema\\\/logo\\\/image\\\/\",\"url\":\"https:\\\/\\\/nirigs.com\\\/wp-content\\\/uploads\\\/2025\\\/04\\\/Design-sans-titre-27.png\",\"contentUrl\":\"https:\\\/\\\/nirigs.com\\\/wp-content\\\/uploads\\\/2025\\\/04\\\/Design-sans-titre-27.png\",\"width\":500,\"height\":500,\"caption\":\"Nirigs\"},\"image\":{\"@id\":\"https:\\\/\\\/nirigs.com\\\/#\\\/schema\\\/logo\\\/image\\\/\"}}]}<\/script>\n<!-- \/ Yoast SEO plugin. -->","yoast_head_json":{"title":"Garnier - Fructis Masque Nourrissant Multi-Usages Banane - Pour Cheveux Tr\u00e8s Secs - 390 ml - NIRIGS","robots":{"index":"index","follow":"follow","max-snippet":"max-snippet:-1","max-image-preview":"max-image-preview:large","max-video-preview":"max-video-preview:-1"},"canonical":"https:\/\/nirigs.com\/ar\/product\/garnier-fructis-masque-nourrissant-multi-usages-banane-pour-cheveux-tres-secs-390-ml\/","og_locale":"ar_AR","og_type":"article","og_title":"Garnier - Fructis Masque Nourrissant Multi-Usages Banane - Pour Cheveux Tr\u00e8s Secs - 390 ml - NIRIGS","og_url":"https:\/\/nirigs.com\/ar\/product\/garnier-fructis-masque-nourrissant-multi-usages-banane-pour-cheveux-tres-secs-390-ml\/","og_site_name":"NIRIGS","article_modified_time":"2025-04-22T08:36:28+00:00","og_image":[{"width":1000,"height":1000,"url":"https:\/\/nirigs.com\/wp-content\/uploads\/2024\/09\/Garnier-Fructis-Masque-Nourrissant-Multi-Usages-Banane-Pour-Cheveux-Tres-Secs-390-ml-4.jpg","type":"image\/jpeg"}],"twitter_card":"summary_large_image","twitter_misc":{"\u0648\u0642\u062a \u0627\u0644\u0642\u0631\u0627\u0621\u0629 \u0627\u0644\u0645\u064f\u0642\u062f\u0651\u0631":"\u062f\u0642\u064a\u0642\u0629 \u0648\u0627\u062d\u062f\u0629"},"schema":{"@context":"https:\/\/schema.org","@graph":[{"@type":"WebPage","@id":"https:\/\/nirigs.com\/product\/garnier-fructis-masque-nourrissant-multi-usages-banane-pour-cheveux-tres-secs-390-ml\/","url":"https:\/\/nirigs.com\/product\/garnier-fructis-masque-nourrissant-multi-usages-banane-pour-cheveux-tres-secs-390-ml\/","name":"Garnier - Fructis Masque Nourrissant Multi-Usages Banane - Pour Cheveux Tr\u00e8s Secs - 390 ml - NIRIGS","isPartOf":{"@id":"https:\/\/nirigs.com\/#website"},"primaryImageOfPage":{"@id":"https:\/\/nirigs.com\/product\/garnier-fructis-masque-nourrissant-multi-usages-banane-pour-cheveux-tres-secs-390-ml\/#primaryimage"},"image":{"@id":"https:\/\/nirigs.com\/product\/garnier-fructis-masque-nourrissant-multi-usages-banane-pour-cheveux-tres-secs-390-ml\/#primaryimage"},"thumbnailUrl":"https:\/\/nirigs.com\/wp-content\/uploads\/2024\/09\/Garnier-Fructis-Masque-Nourrissant-Multi-Usages-Banane-Pour-Cheveux-Tres-Secs-390-ml-4.jpg","datePublished":"2024-10-02T14:46:54+00:00","dateModified":"2025-04-22T08:36:28+00:00","breadcrumb":{"@id":"https:\/\/nirigs.com\/product\/garnier-fructis-masque-nourrissant-multi-usages-banane-pour-cheveux-tres-secs-390-ml\/#breadcrumb"},"inLanguage":"ar","potentialAction":[{"@type":"ReadAction","target":["https:\/\/nirigs.com\/product\/garnier-fructis-masque-nourrissant-multi-usages-banane-pour-cheveux-tres-secs-390-ml\/"]}]},{"@type":"ImageObject","inLanguage":"ar","@id":"https:\/\/nirigs.com\/product\/garnier-fructis-masque-nourrissant-multi-usages-banane-pour-cheveux-tres-secs-390-ml\/#primaryimage","url":"https:\/\/nirigs.com\/wp-content\/uploads\/2024\/09\/Garnier-Fructis-Masque-Nourrissant-Multi-Usages-Banane-Pour-Cheveux-Tres-Secs-390-ml-4.jpg","contentUrl":"https:\/\/nirigs.com\/wp-content\/uploads\/2024\/09\/Garnier-Fructis-Masque-Nourrissant-Multi-Usages-Banane-Pour-Cheveux-Tres-Secs-390-ml-4.jpg","width":1000,"height":1000},{"@type":"BreadcrumbList","@id":"https:\/\/nirigs.com\/product\/garnier-fructis-masque-nourrissant-multi-usages-banane-pour-cheveux-tres-secs-390-ml\/#breadcrumb","itemListElement":[{"@type":"ListItem","position":1,"name":"Home","item":"https:\/\/nirigs.com\/"},{"@type":"ListItem","position":2,"name":"Parcourir","item":"https:\/\/nirigs.com\/boutique\/"},{"@type":"ListItem","position":3,"name":"Garnier &#8211; Fructis Masque Nourrissant Multi-Usages Banane &#8211; Pour Cheveux Tr\u00e8s Secs &#8211; 390 ml"}]},{"@type":"WebSite","@id":"https:\/\/nirigs.com\/#website","url":"https:\/\/nirigs.com\/","name":"Nirigs.com","description":"Simplifiez vos achats du quotidien \u00e0 Djibouti","publisher":{"@id":"https:\/\/nirigs.com\/#organization"},"potentialAction":[{"@type":"SearchAction","target":{"@type":"EntryPoint","urlTemplate":"https:\/\/nirigs.com\/?s={search_term_string}"},"query-input":{"@type":"PropertyValueSpecification","valueRequired":true,"valueName":"search_term_string"}}],"inLanguage":"ar"},{"@type":"Organization","@id":"https:\/\/nirigs.com\/#organization","name":"\u0646\u064a\u0631\u064a\u062c\u0633","url":"https:\/\/nirigs.com\/","logo":{"@type":"ImageObject","inLanguage":"ar","@id":"https:\/\/nirigs.com\/#\/schema\/logo\/image\/","url":"https:\/\/nirigs.com\/wp-content\/uploads\/2025\/04\/Design-sans-titre-27.png","contentUrl":"https:\/\/nirigs.com\/wp-content\/uploads\/2025\/04\/Design-sans-titre-27.png","width":500,"height":500,"caption":"Nirigs"},"image":{"@id":"https:\/\/nirigs.com\/#\/schema\/logo\/image\/"}}]}},"brands":[{"id":1091,"name":"Garnier","slug":"garnier"}],"_links":{"self":[{"href":"https:\/\/nirigs.com\/ar\/wp-json\/wp\/v2\/product\/22311","targetHints":{"allow":["GET"]}}],"collection":[{"href":"https:\/\/nirigs.com\/ar\/wp-json\/wp\/v2\/product"}],"about":[{"href":"https:\/\/nirigs.com\/ar\/wp-json\/wp\/v2\/types\/product"}],"replies":[{"embeddable":true,"href":"https:\/\/nirigs.com\/ar\/wp-json\/wp\/v2\/comments?post=22311"}],"version-history":[{"count":5,"href":"https:\/\/nirigs.com\/ar\/wp-json\/wp\/v2\/product\/22311\/revisions"}],"predecessor-version":[{"id":26979,"href":"https:\/\/nirigs.com\/ar\/wp-json\/wp\/v2\/product\/22311\/revisions\/26979"}],"wp:featuredmedia":[{"embeddable":true,"href":"https:\/\/nirigs.com\/ar\/wp-json\/wp\/v2\/media\/22312"}],"wp:attachment":[{"href":"https:\/\/nirigs.com\/ar\/wp-json\/wp\/v2\/media?parent=22311"}],"wp:term":[{"taxonomy":"pwb-brand","embeddable":true,"href":"https:\/\/nirigs.com\/ar\/wp-json\/wp\/v2\/pwb-brand?post=22311"},{"taxonomy":"product_brand","embeddable":true,"href":"https:\/\/nirigs.com\/ar\/wp-json\/wp\/v2\/product_brand?post=22311"},{"taxonomy":"product_cat","embeddable":true,"href":"https:\/\/nirigs.com\/ar\/wp-json\/wp\/v2\/product_cat?post=22311"},{"taxonomy":"product_tag","embeddable":true,"href":"https:\/\/nirigs.com\/ar\/wp-json\/wp\/v2\/product_tag?post=22311"}],"curies":[{"name":"wp","href":"https:\/\/api.w.org\/{rel}","templated":true}]}}