{"id":22275,"date":"2024-10-02T18:01:29","date_gmt":"2024-10-02T15:01:29","guid":{"rendered":"https:\/\/nirigs.com\/?post_type=product&#038;p=22275"},"modified":"2025-03-13T18:05:31","modified_gmt":"2025-03-13T15:05:31","slug":"nana-maxi-7mm-normal-serviette-hygienique-10-pieces","status":"publish","type":"product","link":"https:\/\/nirigs.com\/ar\/product\/nana-maxi-7mm-normal-serviette-hygienique-10-pieces\/","title":{"rendered":"Nana &#8211; Maxi 7mm Normal &#8211; Serviette hygi\u00e9nique &#8211; 10 pi\u00e8ces"},"content":{"rendered":"<p>Nana serviette est con\u00e7ue pour vous offrir \u00e0 la fois un confort optimal et une incroyable protection. Nous avons associ\u00e9 sa forme sp\u00e9cifique con\u00e7ue pour \u00e9pouser vos courbes \u00e0 une triple protection int\u00e9gr\u00e9e pour que vous vous sentiez capable de tout!<\/p>\n<ul>\n<li>Forme diff\u00e9renci\u00e9e \u00e0 l&rsquo;avant et \u00e0 l&rsquo;arri\u00e8re pour \u00e9pouser vos courbes<\/li>\n<li>Barri\u00e8res int\u00e9grales<\/li>\n<li>C\u0153ur con\u00e7u pour une absorption rapide<\/li>\n<li>Murs anti-fuite<\/li>\n<li>Avec ailettes<\/li>\n<\/ul>\n<p>De plus, gr\u00e2ce \u00e0 sa pochette\u00a0Enroulez, Fermez, Jetez\u00a0, vous pouvez coller proprement tous les c\u00f4t\u00e9s de la pochette et jeter votre serviette partout en toute tranquillit\u00e9.<\/p>","protected":false},"excerpt":{"rendered":"<p>Nana serviette est con\u00e7ue pour vous offrir \u00e0 la fois un confort optimal et une incroyable protection. Nous avons associ\u00e9<\/p>","protected":false},"featured_media":22277,"comment_status":"open","ping_status":"closed","template":"","meta":[],"pwb-brand":[1092],"product_brand":[],"product_cat":[267,1088,1089,1090],"product_tag":[],"class_list":{"0":"post-22275","1":"product","2":"type-product","3":"status-publish","4":"has-post-thumbnail","6":"pwb-brand-nana","7":"product_cat-beaute-et-soins","8":"product_cat-hygiene-et-sante","9":"product_cat-hygiene-et-soins-intimes","10":"product_cat-serviettes-hygieniques","12":"first","13":"instock","14":"shipping-taxable","15":"purchasable","16":"product-type-simple"},"yoast_head":"<!-- This site is optimized with the Yoast SEO plugin v27.4 - https:\/\/yoast.com\/product\/yoast-seo-wordpress\/ -->\n<title>Nana - Maxi 7mm Normal - Serviette hygi\u00e9nique - 10 pi\u00e8ces - NIRIGS<\/title>\n<meta name=\"robots\" content=\"index, follow, max-snippet:-1, max-image-preview:large, max-video-preview:-1\" \/>\n<link rel=\"canonical\" href=\"https:\/\/nirigs.com\/ar\/product\/nana-maxi-7mm-normal-serviette-hygienique-10-pieces\/\" \/>\n<meta property=\"og:locale\" content=\"ar_AR\" \/>\n<meta property=\"og:type\" content=\"article\" \/>\n<meta property=\"og:title\" content=\"Nana - Maxi 7mm Normal - Serviette hygi\u00e9nique - 10 pi\u00e8ces - NIRIGS\" \/>\n<meta property=\"og:description\" content=\"Nana serviette est con\u00e7ue pour vous offrir \u00e0 la fois un confort optimal et une incroyable protection. Nous avons associ\u00e9\" \/>\n<meta property=\"og:url\" content=\"https:\/\/nirigs.com\/ar\/product\/nana-maxi-7mm-normal-serviette-hygienique-10-pieces\/\" \/>\n<meta property=\"og:site_name\" content=\"NIRIGS\" \/>\n<meta property=\"article:modified_time\" content=\"2025-03-13T15:05:31+00:00\" \/>\n<meta property=\"og:image\" content=\"https:\/\/nirigs.com\/wp-content\/uploads\/2024\/09\/Nana-Maxi-7mm-Normal-Serviette-hygienique-10-pieces-1.jpg\" \/>\n\t<meta property=\"og:image:width\" content=\"1000\" \/>\n\t<meta property=\"og:image:height\" content=\"1000\" \/>\n\t<meta property=\"og:image:type\" content=\"image\/jpeg\" \/>\n<meta name=\"twitter:card\" content=\"summary_large_image\" \/>\n<meta name=\"twitter:label1\" content=\"\u0648\u0642\u062a \u0627\u0644\u0642\u0631\u0627\u0621\u0629 \u0627\u0644\u0645\u064f\u0642\u062f\u0651\u0631\" \/>\n\t<meta name=\"twitter:data1\" content=\"\u062f\u0642\u064a\u0642\u0629 \u0648\u0627\u062d\u062f\u0629\" \/>\n<script type=\"application\/ld+json\" class=\"yoast-schema-graph\">{\"@context\":\"https:\\\/\\\/schema.org\",\"@graph\":[{\"@type\":\"WebPage\",\"@id\":\"https:\\\/\\\/nirigs.com\\\/product\\\/nana-maxi-7mm-normal-serviette-hygienique-10-pieces\\\/\",\"url\":\"https:\\\/\\\/nirigs.com\\\/product\\\/nana-maxi-7mm-normal-serviette-hygienique-10-pieces\\\/\",\"name\":\"Nana - Maxi 7mm Normal - Serviette hygi\u00e9nique - 10 pi\u00e8ces - NIRIGS\",\"isPartOf\":{\"@id\":\"https:\\\/\\\/nirigs.com\\\/#website\"},\"primaryImageOfPage\":{\"@id\":\"https:\\\/\\\/nirigs.com\\\/product\\\/nana-maxi-7mm-normal-serviette-hygienique-10-pieces\\\/#primaryimage\"},\"image\":{\"@id\":\"https:\\\/\\\/nirigs.com\\\/product\\\/nana-maxi-7mm-normal-serviette-hygienique-10-pieces\\\/#primaryimage\"},\"thumbnailUrl\":\"https:\\\/\\\/nirigs.com\\\/wp-content\\\/uploads\\\/2024\\\/09\\\/Nana-Maxi-7mm-Normal-Serviette-hygienique-10-pieces-1.jpg\",\"datePublished\":\"2024-10-02T15:01:29+00:00\",\"dateModified\":\"2025-03-13T15:05:31+00:00\",\"breadcrumb\":{\"@id\":\"https:\\\/\\\/nirigs.com\\\/product\\\/nana-maxi-7mm-normal-serviette-hygienique-10-pieces\\\/#breadcrumb\"},\"inLanguage\":\"ar\",\"potentialAction\":[{\"@type\":\"ReadAction\",\"target\":[\"https:\\\/\\\/nirigs.com\\\/product\\\/nana-maxi-7mm-normal-serviette-hygienique-10-pieces\\\/\"]}]},{\"@type\":\"ImageObject\",\"inLanguage\":\"ar\",\"@id\":\"https:\\\/\\\/nirigs.com\\\/product\\\/nana-maxi-7mm-normal-serviette-hygienique-10-pieces\\\/#primaryimage\",\"url\":\"https:\\\/\\\/nirigs.com\\\/wp-content\\\/uploads\\\/2024\\\/09\\\/Nana-Maxi-7mm-Normal-Serviette-hygienique-10-pieces-1.jpg\",\"contentUrl\":\"https:\\\/\\\/nirigs.com\\\/wp-content\\\/uploads\\\/2024\\\/09\\\/Nana-Maxi-7mm-Normal-Serviette-hygienique-10-pieces-1.jpg\",\"width\":1000,\"height\":1000},{\"@type\":\"BreadcrumbList\",\"@id\":\"https:\\\/\\\/nirigs.com\\\/product\\\/nana-maxi-7mm-normal-serviette-hygienique-10-pieces\\\/#breadcrumb\",\"itemListElement\":[{\"@type\":\"ListItem\",\"position\":1,\"name\":\"Home\",\"item\":\"https:\\\/\\\/nirigs.com\\\/\"},{\"@type\":\"ListItem\",\"position\":2,\"name\":\"Parcourir\",\"item\":\"https:\\\/\\\/nirigs.com\\\/boutique\\\/\"},{\"@type\":\"ListItem\",\"position\":3,\"name\":\"Nana &#8211; Maxi 7mm Normal &#8211; Serviette hygi\u00e9nique &#8211; 10 pi\u00e8ces\"}]},{\"@type\":\"WebSite\",\"@id\":\"https:\\\/\\\/nirigs.com\\\/#website\",\"url\":\"https:\\\/\\\/nirigs.com\\\/\",\"name\":\"Nirigs.com\",\"description\":\"Simplifiez vos achats du quotidien \u00e0 Djibouti\",\"publisher\":{\"@id\":\"https:\\\/\\\/nirigs.com\\\/#organization\"},\"potentialAction\":[{\"@type\":\"SearchAction\",\"target\":{\"@type\":\"EntryPoint\",\"urlTemplate\":\"https:\\\/\\\/nirigs.com\\\/?s={search_term_string}\"},\"query-input\":{\"@type\":\"PropertyValueSpecification\",\"valueRequired\":true,\"valueName\":\"search_term_string\"}}],\"inLanguage\":\"ar\"},{\"@type\":\"Organization\",\"@id\":\"https:\\\/\\\/nirigs.com\\\/#organization\",\"name\":\"Nirigs\",\"url\":\"https:\\\/\\\/nirigs.com\\\/\",\"logo\":{\"@type\":\"ImageObject\",\"inLanguage\":\"ar\",\"@id\":\"https:\\\/\\\/nirigs.com\\\/#\\\/schema\\\/logo\\\/image\\\/\",\"url\":\"https:\\\/\\\/nirigs.com\\\/wp-content\\\/uploads\\\/2025\\\/04\\\/Design-sans-titre-27.png\",\"contentUrl\":\"https:\\\/\\\/nirigs.com\\\/wp-content\\\/uploads\\\/2025\\\/04\\\/Design-sans-titre-27.png\",\"width\":500,\"height\":500,\"caption\":\"Nirigs\"},\"image\":{\"@id\":\"https:\\\/\\\/nirigs.com\\\/#\\\/schema\\\/logo\\\/image\\\/\"}}]}<\/script>\n<!-- \/ Yoast SEO plugin. -->","yoast_head_json":{"title":"Nana - Maxi 7mm Normal - Serviette hygi\u00e9nique - 10 pi\u00e8ces - NIRIGS","robots":{"index":"index","follow":"follow","max-snippet":"max-snippet:-1","max-image-preview":"max-image-preview:large","max-video-preview":"max-video-preview:-1"},"canonical":"https:\/\/nirigs.com\/ar\/product\/nana-maxi-7mm-normal-serviette-hygienique-10-pieces\/","og_locale":"ar_AR","og_type":"article","og_title":"Nana - Maxi 7mm Normal - Serviette hygi\u00e9nique - 10 pi\u00e8ces - NIRIGS","og_description":"Nana serviette est con\u00e7ue pour vous offrir \u00e0 la fois un confort optimal et une incroyable protection. Nous avons associ\u00e9","og_url":"https:\/\/nirigs.com\/ar\/product\/nana-maxi-7mm-normal-serviette-hygienique-10-pieces\/","og_site_name":"NIRIGS","article_modified_time":"2025-03-13T15:05:31+00:00","og_image":[{"width":1000,"height":1000,"url":"https:\/\/nirigs.com\/wp-content\/uploads\/2024\/09\/Nana-Maxi-7mm-Normal-Serviette-hygienique-10-pieces-1.jpg","type":"image\/jpeg"}],"twitter_card":"summary_large_image","twitter_misc":{"\u0648\u0642\u062a \u0627\u0644\u0642\u0631\u0627\u0621\u0629 \u0627\u0644\u0645\u064f\u0642\u062f\u0651\u0631":"\u062f\u0642\u064a\u0642\u0629 \u0648\u0627\u062d\u062f\u0629"},"schema":{"@context":"https:\/\/schema.org","@graph":[{"@type":"WebPage","@id":"https:\/\/nirigs.com\/product\/nana-maxi-7mm-normal-serviette-hygienique-10-pieces\/","url":"https:\/\/nirigs.com\/product\/nana-maxi-7mm-normal-serviette-hygienique-10-pieces\/","name":"Nana - Maxi 7mm Normal - Serviette hygi\u00e9nique - 10 pi\u00e8ces - NIRIGS","isPartOf":{"@id":"https:\/\/nirigs.com\/#website"},"primaryImageOfPage":{"@id":"https:\/\/nirigs.com\/product\/nana-maxi-7mm-normal-serviette-hygienique-10-pieces\/#primaryimage"},"image":{"@id":"https:\/\/nirigs.com\/product\/nana-maxi-7mm-normal-serviette-hygienique-10-pieces\/#primaryimage"},"thumbnailUrl":"https:\/\/nirigs.com\/wp-content\/uploads\/2024\/09\/Nana-Maxi-7mm-Normal-Serviette-hygienique-10-pieces-1.jpg","datePublished":"2024-10-02T15:01:29+00:00","dateModified":"2025-03-13T15:05:31+00:00","breadcrumb":{"@id":"https:\/\/nirigs.com\/product\/nana-maxi-7mm-normal-serviette-hygienique-10-pieces\/#breadcrumb"},"inLanguage":"ar","potentialAction":[{"@type":"ReadAction","target":["https:\/\/nirigs.com\/product\/nana-maxi-7mm-normal-serviette-hygienique-10-pieces\/"]}]},{"@type":"ImageObject","inLanguage":"ar","@id":"https:\/\/nirigs.com\/product\/nana-maxi-7mm-normal-serviette-hygienique-10-pieces\/#primaryimage","url":"https:\/\/nirigs.com\/wp-content\/uploads\/2024\/09\/Nana-Maxi-7mm-Normal-Serviette-hygienique-10-pieces-1.jpg","contentUrl":"https:\/\/nirigs.com\/wp-content\/uploads\/2024\/09\/Nana-Maxi-7mm-Normal-Serviette-hygienique-10-pieces-1.jpg","width":1000,"height":1000},{"@type":"BreadcrumbList","@id":"https:\/\/nirigs.com\/product\/nana-maxi-7mm-normal-serviette-hygienique-10-pieces\/#breadcrumb","itemListElement":[{"@type":"ListItem","position":1,"name":"Home","item":"https:\/\/nirigs.com\/"},{"@type":"ListItem","position":2,"name":"Parcourir","item":"https:\/\/nirigs.com\/boutique\/"},{"@type":"ListItem","position":3,"name":"Nana &#8211; Maxi 7mm Normal &#8211; Serviette hygi\u00e9nique &#8211; 10 pi\u00e8ces"}]},{"@type":"WebSite","@id":"https:\/\/nirigs.com\/#website","url":"https:\/\/nirigs.com\/","name":"Nirigs.com","description":"Simplifiez vos achats du quotidien \u00e0 Djibouti","publisher":{"@id":"https:\/\/nirigs.com\/#organization"},"potentialAction":[{"@type":"SearchAction","target":{"@type":"EntryPoint","urlTemplate":"https:\/\/nirigs.com\/?s={search_term_string}"},"query-input":{"@type":"PropertyValueSpecification","valueRequired":true,"valueName":"search_term_string"}}],"inLanguage":"ar"},{"@type":"Organization","@id":"https:\/\/nirigs.com\/#organization","name":"\u0646\u064a\u0631\u064a\u062c\u0633","url":"https:\/\/nirigs.com\/","logo":{"@type":"ImageObject","inLanguage":"ar","@id":"https:\/\/nirigs.com\/#\/schema\/logo\/image\/","url":"https:\/\/nirigs.com\/wp-content\/uploads\/2025\/04\/Design-sans-titre-27.png","contentUrl":"https:\/\/nirigs.com\/wp-content\/uploads\/2025\/04\/Design-sans-titre-27.png","width":500,"height":500,"caption":"Nirigs"},"image":{"@id":"https:\/\/nirigs.com\/#\/schema\/logo\/image\/"}}]}},"brands":[{"id":1092,"name":"Nana","slug":"nana"}],"_links":{"self":[{"href":"https:\/\/nirigs.com\/ar\/wp-json\/wp\/v2\/product\/22275","targetHints":{"allow":["GET"]}}],"collection":[{"href":"https:\/\/nirigs.com\/ar\/wp-json\/wp\/v2\/product"}],"about":[{"href":"https:\/\/nirigs.com\/ar\/wp-json\/wp\/v2\/types\/product"}],"replies":[{"embeddable":true,"href":"https:\/\/nirigs.com\/ar\/wp-json\/wp\/v2\/comments?post=22275"}],"version-history":[{"count":4,"href":"https:\/\/nirigs.com\/ar\/wp-json\/wp\/v2\/product\/22275\/revisions"}],"predecessor-version":[{"id":24913,"href":"https:\/\/nirigs.com\/ar\/wp-json\/wp\/v2\/product\/22275\/revisions\/24913"}],"wp:featuredmedia":[{"embeddable":true,"href":"https:\/\/nirigs.com\/ar\/wp-json\/wp\/v2\/media\/22277"}],"wp:attachment":[{"href":"https:\/\/nirigs.com\/ar\/wp-json\/wp\/v2\/media?parent=22275"}],"wp:term":[{"taxonomy":"pwb-brand","embeddable":true,"href":"https:\/\/nirigs.com\/ar\/wp-json\/wp\/v2\/pwb-brand?post=22275"},{"taxonomy":"product_brand","embeddable":true,"href":"https:\/\/nirigs.com\/ar\/wp-json\/wp\/v2\/product_brand?post=22275"},{"taxonomy":"product_cat","embeddable":true,"href":"https:\/\/nirigs.com\/ar\/wp-json\/wp\/v2\/product_cat?post=22275"},{"taxonomy":"product_tag","embeddable":true,"href":"https:\/\/nirigs.com\/ar\/wp-json\/wp\/v2\/product_tag?post=22275"}],"curies":[{"name":"wp","href":"https:\/\/api.w.org\/{rel}","templated":true}]}}