{"id":22264,"date":"2024-10-15T18:13:52","date_gmt":"2024-10-15T15:13:52","guid":{"rendered":"https:\/\/nirigs.com\/?post_type=product&#038;p=22264"},"modified":"2025-02-02T11:21:47","modified_gmt":"2025-02-02T08:21:47","slug":"ushuaia-deo-huile-dylang-pulpe-de-coco-200-ml","status":"publish","type":"product","link":"https:\/\/nirigs.com\/ar\/product\/ushuaia-deo-huile-dylang-pulpe-de-coco-200-ml\/","title":{"rendered":"Ushua\u00efa &#8211; D\u00e9o huile d&rsquo;Ylang &#038; Pulpe De Coco &#8211; 200 ml"},"content":{"rendered":"<p>Le d\u00e9odorant Ushua\u00efa \u00e0 l&rsquo;huile d&rsquo;ylang et \u00e0 la pulpe de coco est disponible en format 200 ml sans alcool id\u00e9al pour peaux \u00e9pil\u00e9es. Laissez vous voyager avec le d\u00e9o Ushuaia inspir\u00e9 des rituels de Polyn\u00e9sie offrant une efficacit\u00e9 de 24 heures et est particuli\u00e8rement appr\u00e9ci\u00e9 pour son parfum tropical inspir\u00e9 des rituels de beaut\u00e9.<\/p>\n<h4>\u064a\u0633\u062a\u062e\u062f\u0645<\/h4>\n<p>Bien agiter avant chaque utilisation. Vaporisez a 15cm des aisselles sur une peau propre.<\/p>\n<h4>\u0645\u0643\u0648\u0646\u0627\u062a<\/h4>\n<p>Isobutane , alcohol denat. , triethyl citrate , glycerin , citric acid , benzyl alcohol , aqua \/ water , eugenol , vanilla planifolia extract \/ vanilla planifolia fruit extract , parfum \/ fragrance (f.i.l. c178437\/1).<\/p>","protected":false},"excerpt":{"rendered":"<p>Le d\u00e9odorant Ushua\u00efa \u00e0 l&rsquo;huile d&rsquo;ylang et \u00e0 la pulpe de coco est disponible en format 200 ml sans alcool<\/p>","protected":false},"featured_media":22267,"comment_status":"open","ping_status":"closed","template":"","meta":[],"pwb-brand":[1095],"product_brand":[],"product_cat":[1049,267,1079,1076],"product_tag":[],"class_list":{"0":"post-22264","1":"product","2":"type-product","3":"status-publish","4":"has-post-thumbnail","6":"pwb-brand-ushuaia","7":"product_cat-bain-savons-et-soin-du-corps","8":"product_cat-beaute-et-soins","9":"product_cat-deodorant","10":"product_cat-desodorisants-et-anti-transpirants","12":"first","13":"instock","14":"shipping-taxable","15":"purchasable","16":"product-type-simple"},"yoast_head":"<!-- This site is optimized with the Yoast SEO plugin v27.1.1 - https:\/\/yoast.com\/product\/yoast-seo-wordpress\/ -->\n<title>Ushua\u00efa - D\u00e9o huile d&#039;Ylang &amp; Pulpe De Coco - 200 ml - NIRIGS<\/title>\n<meta name=\"robots\" content=\"index, follow, max-snippet:-1, max-image-preview:large, max-video-preview:-1\" \/>\n<link rel=\"canonical\" href=\"https:\/\/nirigs.com\/ar\/product\/ushuaia-deo-huile-dylang-pulpe-de-coco-200-ml\/\" \/>\n<meta property=\"og:locale\" content=\"ar_AR\" \/>\n<meta property=\"og:type\" content=\"article\" \/>\n<meta property=\"og:title\" content=\"Ushua\u00efa - D\u00e9o huile d&#039;Ylang &amp; Pulpe De Coco - 200 ml - NIRIGS\" \/>\n<meta property=\"og:description\" content=\"Le d\u00e9odorant Ushua\u00efa \u00e0 l&rsquo;huile d&rsquo;ylang et \u00e0 la pulpe de coco est disponible en format 200 ml sans alcool\" \/>\n<meta property=\"og:url\" content=\"https:\/\/nirigs.com\/ar\/product\/ushuaia-deo-huile-dylang-pulpe-de-coco-200-ml\/\" \/>\n<meta property=\"og:site_name\" content=\"NIRIGS\" \/>\n<meta property=\"article:modified_time\" content=\"2025-02-02T08:21:47+00:00\" \/>\n<meta property=\"og:image\" content=\"https:\/\/nirigs.com\/wp-content\/uploads\/2024\/09\/Ushuaia-Deo-Ushuaia-Ylang-Pulpe-De-Coco-200ML-1.jpg\" \/>\n\t<meta property=\"og:image:width\" content=\"1000\" \/>\n\t<meta property=\"og:image:height\" content=\"1000\" \/>\n\t<meta property=\"og:image:type\" content=\"image\/jpeg\" \/>\n<meta name=\"twitter:card\" content=\"summary_large_image\" \/>\n<meta name=\"twitter:label1\" content=\"\u0648\u0642\u062a \u0627\u0644\u0642\u0631\u0627\u0621\u0629 \u0627\u0644\u0645\u064f\u0642\u062f\u0651\u0631\" \/>\n\t<meta name=\"twitter:data1\" content=\"\u062f\u0642\u064a\u0642\u0629 \u0648\u0627\u062d\u062f\u0629\" \/>\n<script type=\"application\/ld+json\" class=\"yoast-schema-graph\">{\"@context\":\"https:\/\/schema.org\",\"@graph\":[{\"@type\":\"WebPage\",\"@id\":\"https:\/\/nirigs.com\/product\/ushuaia-deo-huile-dylang-pulpe-de-coco-200-ml\/\",\"url\":\"https:\/\/nirigs.com\/product\/ushuaia-deo-huile-dylang-pulpe-de-coco-200-ml\/\",\"name\":\"Ushua\u00efa - D\u00e9o huile d'Ylang & Pulpe De Coco - 200 ml - NIRIGS\",\"isPartOf\":{\"@id\":\"https:\/\/nirigs.com\/#website\"},\"primaryImageOfPage\":{\"@id\":\"https:\/\/nirigs.com\/product\/ushuaia-deo-huile-dylang-pulpe-de-coco-200-ml\/#primaryimage\"},\"image\":{\"@id\":\"https:\/\/nirigs.com\/product\/ushuaia-deo-huile-dylang-pulpe-de-coco-200-ml\/#primaryimage\"},\"thumbnailUrl\":\"https:\/\/nirigs.com\/wp-content\/uploads\/2024\/09\/Ushuaia-Deo-Ushuaia-Ylang-Pulpe-De-Coco-200ML-1.jpg\",\"datePublished\":\"2024-10-15T15:13:52+00:00\",\"dateModified\":\"2025-02-02T08:21:47+00:00\",\"breadcrumb\":{\"@id\":\"https:\/\/nirigs.com\/product\/ushuaia-deo-huile-dylang-pulpe-de-coco-200-ml\/#breadcrumb\"},\"inLanguage\":\"ar\",\"potentialAction\":[{\"@type\":\"ReadAction\",\"target\":[\"https:\/\/nirigs.com\/product\/ushuaia-deo-huile-dylang-pulpe-de-coco-200-ml\/\"]}]},{\"@type\":\"ImageObject\",\"inLanguage\":\"ar\",\"@id\":\"https:\/\/nirigs.com\/product\/ushuaia-deo-huile-dylang-pulpe-de-coco-200-ml\/#primaryimage\",\"url\":\"https:\/\/nirigs.com\/wp-content\/uploads\/2024\/09\/Ushuaia-Deo-Ushuaia-Ylang-Pulpe-De-Coco-200ML-1.jpg\",\"contentUrl\":\"https:\/\/nirigs.com\/wp-content\/uploads\/2024\/09\/Ushuaia-Deo-Ushuaia-Ylang-Pulpe-De-Coco-200ML-1.jpg\",\"width\":1000,\"height\":1000},{\"@type\":\"BreadcrumbList\",\"@id\":\"https:\/\/nirigs.com\/product\/ushuaia-deo-huile-dylang-pulpe-de-coco-200-ml\/#breadcrumb\",\"itemListElement\":[{\"@type\":\"ListItem\",\"position\":1,\"name\":\"Home\",\"item\":\"https:\/\/nirigs.com\/\"},{\"@type\":\"ListItem\",\"position\":2,\"name\":\"Parcourir\",\"item\":\"https:\/\/nirigs.com\/boutique\/\"},{\"@type\":\"ListItem\",\"position\":3,\"name\":\"Ushua\u00efa &#8211; D\u00e9o huile d&rsquo;Ylang &#038; Pulpe De Coco &#8211; 200 ml\"}]},{\"@type\":\"WebSite\",\"@id\":\"https:\/\/nirigs.com\/#website\",\"url\":\"https:\/\/nirigs.com\/\",\"name\":\"Nirigs.com\",\"description\":\"Simplifiez vos achats du quotidien \u00e0 Djibouti\",\"publisher\":{\"@id\":\"https:\/\/nirigs.com\/#organization\"},\"potentialAction\":[{\"@type\":\"SearchAction\",\"target\":{\"@type\":\"EntryPoint\",\"urlTemplate\":\"https:\/\/nirigs.com\/?s={search_term_string}\"},\"query-input\":{\"@type\":\"PropertyValueSpecification\",\"valueRequired\":true,\"valueName\":\"search_term_string\"}}],\"inLanguage\":\"ar\"},{\"@type\":\"Organization\",\"@id\":\"https:\/\/nirigs.com\/#organization\",\"name\":\"Nirigs\",\"url\":\"https:\/\/nirigs.com\/\",\"logo\":{\"@type\":\"ImageObject\",\"inLanguage\":\"ar\",\"@id\":\"https:\/\/nirigs.com\/#\/schema\/logo\/image\/\",\"url\":\"https:\/\/nirigs.com\/wp-content\/uploads\/2025\/04\/Design-sans-titre-27.png\",\"contentUrl\":\"https:\/\/nirigs.com\/wp-content\/uploads\/2025\/04\/Design-sans-titre-27.png\",\"width\":500,\"height\":500,\"caption\":\"Nirigs\"},\"image\":{\"@id\":\"https:\/\/nirigs.com\/#\/schema\/logo\/image\/\"}}]}<\/script>\n<!-- \/ Yoast SEO plugin. -->","yoast_head_json":{"title":"Ushua\u00efa - D\u00e9o huile d'Ylang & Pulpe De Coco - 200 ml - NIRIGS","robots":{"index":"index","follow":"follow","max-snippet":"max-snippet:-1","max-image-preview":"max-image-preview:large","max-video-preview":"max-video-preview:-1"},"canonical":"https:\/\/nirigs.com\/ar\/product\/ushuaia-deo-huile-dylang-pulpe-de-coco-200-ml\/","og_locale":"ar_AR","og_type":"article","og_title":"Ushua\u00efa - D\u00e9o huile d'Ylang & Pulpe De Coco - 200 ml - NIRIGS","og_description":"Le d\u00e9odorant Ushua\u00efa \u00e0 l&rsquo;huile d&rsquo;ylang et \u00e0 la pulpe de coco est disponible en format 200 ml sans alcool","og_url":"https:\/\/nirigs.com\/ar\/product\/ushuaia-deo-huile-dylang-pulpe-de-coco-200-ml\/","og_site_name":"NIRIGS","article_modified_time":"2025-02-02T08:21:47+00:00","og_image":[{"width":1000,"height":1000,"url":"https:\/\/nirigs.com\/wp-content\/uploads\/2024\/09\/Ushuaia-Deo-Ushuaia-Ylang-Pulpe-De-Coco-200ML-1.jpg","type":"image\/jpeg"}],"twitter_card":"summary_large_image","twitter_misc":{"\u0648\u0642\u062a \u0627\u0644\u0642\u0631\u0627\u0621\u0629 \u0627\u0644\u0645\u064f\u0642\u062f\u0651\u0631":"\u062f\u0642\u064a\u0642\u0629 \u0648\u0627\u062d\u062f\u0629"},"schema":{"@context":"https:\/\/schema.org","@graph":[{"@type":"WebPage","@id":"https:\/\/nirigs.com\/product\/ushuaia-deo-huile-dylang-pulpe-de-coco-200-ml\/","url":"https:\/\/nirigs.com\/product\/ushuaia-deo-huile-dylang-pulpe-de-coco-200-ml\/","name":"Ushua\u00efa - D\u00e9o huile d'Ylang & Pulpe De Coco - 200 ml - NIRIGS","isPartOf":{"@id":"https:\/\/nirigs.com\/#website"},"primaryImageOfPage":{"@id":"https:\/\/nirigs.com\/product\/ushuaia-deo-huile-dylang-pulpe-de-coco-200-ml\/#primaryimage"},"image":{"@id":"https:\/\/nirigs.com\/product\/ushuaia-deo-huile-dylang-pulpe-de-coco-200-ml\/#primaryimage"},"thumbnailUrl":"https:\/\/nirigs.com\/wp-content\/uploads\/2024\/09\/Ushuaia-Deo-Ushuaia-Ylang-Pulpe-De-Coco-200ML-1.jpg","datePublished":"2024-10-15T15:13:52+00:00","dateModified":"2025-02-02T08:21:47+00:00","breadcrumb":{"@id":"https:\/\/nirigs.com\/product\/ushuaia-deo-huile-dylang-pulpe-de-coco-200-ml\/#breadcrumb"},"inLanguage":"ar","potentialAction":[{"@type":"ReadAction","target":["https:\/\/nirigs.com\/product\/ushuaia-deo-huile-dylang-pulpe-de-coco-200-ml\/"]}]},{"@type":"ImageObject","inLanguage":"ar","@id":"https:\/\/nirigs.com\/product\/ushuaia-deo-huile-dylang-pulpe-de-coco-200-ml\/#primaryimage","url":"https:\/\/nirigs.com\/wp-content\/uploads\/2024\/09\/Ushuaia-Deo-Ushuaia-Ylang-Pulpe-De-Coco-200ML-1.jpg","contentUrl":"https:\/\/nirigs.com\/wp-content\/uploads\/2024\/09\/Ushuaia-Deo-Ushuaia-Ylang-Pulpe-De-Coco-200ML-1.jpg","width":1000,"height":1000},{"@type":"BreadcrumbList","@id":"https:\/\/nirigs.com\/product\/ushuaia-deo-huile-dylang-pulpe-de-coco-200-ml\/#breadcrumb","itemListElement":[{"@type":"ListItem","position":1,"name":"Home","item":"https:\/\/nirigs.com\/"},{"@type":"ListItem","position":2,"name":"Parcourir","item":"https:\/\/nirigs.com\/boutique\/"},{"@type":"ListItem","position":3,"name":"Ushua\u00efa &#8211; D\u00e9o huile d&rsquo;Ylang &#038; Pulpe De Coco &#8211; 200 ml"}]},{"@type":"WebSite","@id":"https:\/\/nirigs.com\/#website","url":"https:\/\/nirigs.com\/","name":"Nirigs.com","description":"Simplifiez vos achats du quotidien \u00e0 Djibouti","publisher":{"@id":"https:\/\/nirigs.com\/#organization"},"potentialAction":[{"@type":"SearchAction","target":{"@type":"EntryPoint","urlTemplate":"https:\/\/nirigs.com\/?s={search_term_string}"},"query-input":{"@type":"PropertyValueSpecification","valueRequired":true,"valueName":"search_term_string"}}],"inLanguage":"ar"},{"@type":"Organization","@id":"https:\/\/nirigs.com\/#organization","name":"\u0646\u064a\u0631\u064a\u062c\u0633","url":"https:\/\/nirigs.com\/","logo":{"@type":"ImageObject","inLanguage":"ar","@id":"https:\/\/nirigs.com\/#\/schema\/logo\/image\/","url":"https:\/\/nirigs.com\/wp-content\/uploads\/2025\/04\/Design-sans-titre-27.png","contentUrl":"https:\/\/nirigs.com\/wp-content\/uploads\/2025\/04\/Design-sans-titre-27.png","width":500,"height":500,"caption":"Nirigs"},"image":{"@id":"https:\/\/nirigs.com\/#\/schema\/logo\/image\/"}}]}},"brands":[{"id":1095,"name":"Ushua\u00efa","slug":"ushuaia"}],"_links":{"self":[{"href":"https:\/\/nirigs.com\/ar\/wp-json\/wp\/v2\/product\/22264","targetHints":{"allow":["GET"]}}],"collection":[{"href":"https:\/\/nirigs.com\/ar\/wp-json\/wp\/v2\/product"}],"about":[{"href":"https:\/\/nirigs.com\/ar\/wp-json\/wp\/v2\/types\/product"}],"replies":[{"embeddable":true,"href":"https:\/\/nirigs.com\/ar\/wp-json\/wp\/v2\/comments?post=22264"}],"version-history":[{"count":7,"href":"https:\/\/nirigs.com\/ar\/wp-json\/wp\/v2\/product\/22264\/revisions"}],"predecessor-version":[{"id":26831,"href":"https:\/\/nirigs.com\/ar\/wp-json\/wp\/v2\/product\/22264\/revisions\/26831"}],"wp:featuredmedia":[{"embeddable":true,"href":"https:\/\/nirigs.com\/ar\/wp-json\/wp\/v2\/media\/22267"}],"wp:attachment":[{"href":"https:\/\/nirigs.com\/ar\/wp-json\/wp\/v2\/media?parent=22264"}],"wp:term":[{"taxonomy":"pwb-brand","embeddable":true,"href":"https:\/\/nirigs.com\/ar\/wp-json\/wp\/v2\/pwb-brand?post=22264"},{"taxonomy":"product_brand","embeddable":true,"href":"https:\/\/nirigs.com\/ar\/wp-json\/wp\/v2\/product_brand?post=22264"},{"taxonomy":"product_cat","embeddable":true,"href":"https:\/\/nirigs.com\/ar\/wp-json\/wp\/v2\/product_cat?post=22264"},{"taxonomy":"product_tag","embeddable":true,"href":"https:\/\/nirigs.com\/ar\/wp-json\/wp\/v2\/product_tag?post=22264"}],"curies":[{"name":"wp","href":"https:\/\/api.w.org\/{rel}","templated":true}]}}