{"id":22259,"date":"2024-10-02T17:35:06","date_gmt":"2024-10-02T14:35:06","guid":{"rendered":"https:\/\/nirigs.com\/?post_type=product&#038;p=22259"},"modified":"2025-04-22T18:12:07","modified_gmt":"2025-04-22T15:12:07","slug":"f-provost-apres-shampoing-soin-demelant-cheveux-abimes-cassants-et-fourchus-moringa-et-huile-de-jojoba-450-ml","status":"publish","type":"product","link":"https:\/\/nirigs.com\/ar\/product\/f-provost-apres-shampoing-soin-demelant-cheveux-abimes-cassants-et-fourchus-moringa-et-huile-de-jojoba-450-ml\/","title":{"rendered":"F.PROVOST &#8211; Apr\u00e8s-Shampoing Soin D\u00e9m\u00ealant Cheveux Abim\u00e9s Cassants et Fourchus Moringa et Huile de Jojoba &#8211; 450 ml"},"content":{"rendered":"<p>Apr\u00e8s-Shampooing Professionnel \u00e0 l&rsquo;extrait de moringa et huile de jojoba pour les cheveux ab\u00eem\u00e9s, cassants et fourchus. des cheveux restructur\u00e9s et renforc\u00e9s de la racine jusqu&rsquo;aux pointes. D\u00e9couvrez mon soin d\u00e9m\u00ealant professionnel sans silicone EXPERT R\u00c9PARATION. Sa formule enrichie en extrait de moringa r\u00e9parateur et en huile de jojoba nutritive d\u00e9m\u00eale instantan\u00e9ment les longueurs, comble les br\u00e8ches et rend le cheveu plus r\u00e9sistant.<\/p>\n<h4>\u064a\u0633\u062a\u062e\u062f\u0645<\/h4>\n<ul>\n<li>Apr\u00e8s votre shampooing professionnel EXPERT R\u00c9PARATION, appliquez sur vos longueurs<\/li>\n<li>Massez en insistant sur les pointes.<\/li>\n<li>Rincez abondamment pour un d\u00e9m\u00ealage et un toucher soyeux instantan\u00e9s.<\/li>\n<\/ul>\n<h4>\u0645\u0643\u0648\u0646\u0627\u062a<\/h4>\n<p>1239871 A &#8211; INGREDIENTS: AQUA \/ WATER &#8211; CETEARYL ALCOHOL &#8211; ELAEIS GUINEENSIS OIL \/ PALM OIL &#8211; BEHENTRIMONIUM CHLORIDE &#8211; STEARAMIDOPROPYL DIMETHYLAMINE &#8211; GLYCERIN &#8211; SODIUM BENZOATE &#8211; MORINGA OLEIFERA SEED EXTRACT &#8211; ISOPROPYL ALCOHOL &#8211; CITRIC ACID &#8211; HYDROGENATED JOJOBA OIL &#8211; PARFUM \/ FRAGRANCE (F.I.L. Z70025863\/1).<\/p>","protected":false},"excerpt":{"rendered":"<p><br data-mce-bogus=\"1\"><\/p>","protected":false},"featured_media":22260,"comment_status":"open","ping_status":"closed","template":"","meta":[],"pwb-brand":[1093],"product_brand":[],"product_cat":[1025,267,1022,1024],"product_tag":[],"class_list":{"0":"post-22259","1":"product","2":"type-product","3":"status-publish","4":"has-post-thumbnail","6":"pwb-brand-franck-provost","7":"product_cat-apres-shampooings","8":"product_cat-beaute-et-soins","9":"product_cat-coiffures-et-soins-des-cheveux","10":"product_cat-soins-des-cheveux","12":"first","13":"instock","14":"shipping-taxable","15":"purchasable","16":"product-type-simple"},"yoast_head":"<!-- This site is optimized with the Yoast SEO plugin v27.4 - https:\/\/yoast.com\/product\/yoast-seo-wordpress\/ -->\n<title>F.PROVOST - Apr\u00e8s-Shampoing Soin D\u00e9m\u00ealant Cheveux Abim\u00e9s Cassants et Fourchus Moringa et Huile de Jojoba - 450 ml - NIRIGS<\/title>\n<meta name=\"robots\" content=\"index, follow, max-snippet:-1, max-image-preview:large, max-video-preview:-1\" \/>\n<link rel=\"canonical\" href=\"https:\/\/nirigs.com\/ar\/product\/f-provost-apres-shampoing-soin-demelant-cheveux-abimes-cassants-et-fourchus-moringa-et-huile-de-jojoba-450-ml\/\" \/>\n<meta property=\"og:locale\" content=\"ar_AR\" \/>\n<meta property=\"og:type\" content=\"article\" \/>\n<meta property=\"og:title\" content=\"F.PROVOST - Apr\u00e8s-Shampoing Soin D\u00e9m\u00ealant Cheveux Abim\u00e9s Cassants et Fourchus Moringa et Huile de Jojoba - 450 ml - NIRIGS\" \/>\n<meta property=\"og:url\" content=\"https:\/\/nirigs.com\/ar\/product\/f-provost-apres-shampoing-soin-demelant-cheveux-abimes-cassants-et-fourchus-moringa-et-huile-de-jojoba-450-ml\/\" \/>\n<meta property=\"og:site_name\" content=\"NIRIGS\" \/>\n<meta property=\"article:modified_time\" content=\"2025-04-22T15:12:07+00:00\" \/>\n<meta property=\"og:image\" content=\"https:\/\/nirigs.com\/wp-content\/uploads\/2024\/09\/F.PROVOST-Apres-Shampoing-Soin-Demelant-Cheveux-Abimes-Cassants-et-Fourchus-Moringa-Huile-de-Jojoba-450ML.jpg\" \/>\n\t<meta property=\"og:image:width\" content=\"1000\" \/>\n\t<meta property=\"og:image:height\" content=\"1000\" \/>\n\t<meta property=\"og:image:type\" content=\"image\/jpeg\" \/>\n<meta name=\"twitter:card\" content=\"summary_large_image\" \/>\n<meta name=\"twitter:label1\" content=\"\u0648\u0642\u062a \u0627\u0644\u0642\u0631\u0627\u0621\u0629 \u0627\u0644\u0645\u064f\u0642\u062f\u0651\u0631\" \/>\n\t<meta name=\"twitter:data1\" content=\"\u062f\u0642\u064a\u0642\u0629 \u0648\u0627\u062d\u062f\u0629\" \/>\n<script type=\"application\/ld+json\" class=\"yoast-schema-graph\">{\"@context\":\"https:\\\/\\\/schema.org\",\"@graph\":[{\"@type\":\"WebPage\",\"@id\":\"https:\\\/\\\/nirigs.com\\\/product\\\/f-provost-apres-shampoing-soin-demelant-cheveux-abimes-cassants-et-fourchus-moringa-et-huile-de-jojoba-450-ml\\\/\",\"url\":\"https:\\\/\\\/nirigs.com\\\/product\\\/f-provost-apres-shampoing-soin-demelant-cheveux-abimes-cassants-et-fourchus-moringa-et-huile-de-jojoba-450-ml\\\/\",\"name\":\"F.PROVOST - Apr\u00e8s-Shampoing Soin D\u00e9m\u00ealant Cheveux Abim\u00e9s Cassants et Fourchus Moringa et Huile de Jojoba - 450 ml - NIRIGS\",\"isPartOf\":{\"@id\":\"https:\\\/\\\/nirigs.com\\\/#website\"},\"primaryImageOfPage\":{\"@id\":\"https:\\\/\\\/nirigs.com\\\/product\\\/f-provost-apres-shampoing-soin-demelant-cheveux-abimes-cassants-et-fourchus-moringa-et-huile-de-jojoba-450-ml\\\/#primaryimage\"},\"image\":{\"@id\":\"https:\\\/\\\/nirigs.com\\\/product\\\/f-provost-apres-shampoing-soin-demelant-cheveux-abimes-cassants-et-fourchus-moringa-et-huile-de-jojoba-450-ml\\\/#primaryimage\"},\"thumbnailUrl\":\"https:\\\/\\\/nirigs.com\\\/wp-content\\\/uploads\\\/2024\\\/09\\\/F.PROVOST-Apres-Shampoing-Soin-Demelant-Cheveux-Abimes-Cassants-et-Fourchus-Moringa-Huile-de-Jojoba-450ML.jpg\",\"datePublished\":\"2024-10-02T14:35:06+00:00\",\"dateModified\":\"2025-04-22T15:12:07+00:00\",\"breadcrumb\":{\"@id\":\"https:\\\/\\\/nirigs.com\\\/product\\\/f-provost-apres-shampoing-soin-demelant-cheveux-abimes-cassants-et-fourchus-moringa-et-huile-de-jojoba-450-ml\\\/#breadcrumb\"},\"inLanguage\":\"ar\",\"potentialAction\":[{\"@type\":\"ReadAction\",\"target\":[\"https:\\\/\\\/nirigs.com\\\/product\\\/f-provost-apres-shampoing-soin-demelant-cheveux-abimes-cassants-et-fourchus-moringa-et-huile-de-jojoba-450-ml\\\/\"]}]},{\"@type\":\"ImageObject\",\"inLanguage\":\"ar\",\"@id\":\"https:\\\/\\\/nirigs.com\\\/product\\\/f-provost-apres-shampoing-soin-demelant-cheveux-abimes-cassants-et-fourchus-moringa-et-huile-de-jojoba-450-ml\\\/#primaryimage\",\"url\":\"https:\\\/\\\/nirigs.com\\\/wp-content\\\/uploads\\\/2024\\\/09\\\/F.PROVOST-Apres-Shampoing-Soin-Demelant-Cheveux-Abimes-Cassants-et-Fourchus-Moringa-Huile-de-Jojoba-450ML.jpg\",\"contentUrl\":\"https:\\\/\\\/nirigs.com\\\/wp-content\\\/uploads\\\/2024\\\/09\\\/F.PROVOST-Apres-Shampoing-Soin-Demelant-Cheveux-Abimes-Cassants-et-Fourchus-Moringa-Huile-de-Jojoba-450ML.jpg\",\"width\":1000,\"height\":1000},{\"@type\":\"BreadcrumbList\",\"@id\":\"https:\\\/\\\/nirigs.com\\\/product\\\/f-provost-apres-shampoing-soin-demelant-cheveux-abimes-cassants-et-fourchus-moringa-et-huile-de-jojoba-450-ml\\\/#breadcrumb\",\"itemListElement\":[{\"@type\":\"ListItem\",\"position\":1,\"name\":\"Home\",\"item\":\"https:\\\/\\\/nirigs.com\\\/\"},{\"@type\":\"ListItem\",\"position\":2,\"name\":\"Parcourir\",\"item\":\"https:\\\/\\\/nirigs.com\\\/boutique\\\/\"},{\"@type\":\"ListItem\",\"position\":3,\"name\":\"F.PROVOST &#8211; Apr\u00e8s-Shampoing Soin D\u00e9m\u00ealant Cheveux Abim\u00e9s Cassants et Fourchus Moringa et Huile de Jojoba &#8211; 450 ml\"}]},{\"@type\":\"WebSite\",\"@id\":\"https:\\\/\\\/nirigs.com\\\/#website\",\"url\":\"https:\\\/\\\/nirigs.com\\\/\",\"name\":\"Nirigs.com\",\"description\":\"Simplifiez vos achats du quotidien \u00e0 Djibouti\",\"publisher\":{\"@id\":\"https:\\\/\\\/nirigs.com\\\/#organization\"},\"potentialAction\":[{\"@type\":\"SearchAction\",\"target\":{\"@type\":\"EntryPoint\",\"urlTemplate\":\"https:\\\/\\\/nirigs.com\\\/?s={search_term_string}\"},\"query-input\":{\"@type\":\"PropertyValueSpecification\",\"valueRequired\":true,\"valueName\":\"search_term_string\"}}],\"inLanguage\":\"ar\"},{\"@type\":\"Organization\",\"@id\":\"https:\\\/\\\/nirigs.com\\\/#organization\",\"name\":\"Nirigs\",\"url\":\"https:\\\/\\\/nirigs.com\\\/\",\"logo\":{\"@type\":\"ImageObject\",\"inLanguage\":\"ar\",\"@id\":\"https:\\\/\\\/nirigs.com\\\/#\\\/schema\\\/logo\\\/image\\\/\",\"url\":\"https:\\\/\\\/nirigs.com\\\/wp-content\\\/uploads\\\/2025\\\/04\\\/Design-sans-titre-27.png\",\"contentUrl\":\"https:\\\/\\\/nirigs.com\\\/wp-content\\\/uploads\\\/2025\\\/04\\\/Design-sans-titre-27.png\",\"width\":500,\"height\":500,\"caption\":\"Nirigs\"},\"image\":{\"@id\":\"https:\\\/\\\/nirigs.com\\\/#\\\/schema\\\/logo\\\/image\\\/\"}}]}<\/script>\n<!-- \/ Yoast SEO plugin. -->","yoast_head_json":{"title":"F.PROVOST - Apr\u00e8s-Shampoing Soin D\u00e9m\u00ealant Cheveux Abim\u00e9s Cassants et Fourchus Moringa et Huile de Jojoba - 450 ml - NIRIGS","robots":{"index":"index","follow":"follow","max-snippet":"max-snippet:-1","max-image-preview":"max-image-preview:large","max-video-preview":"max-video-preview:-1"},"canonical":"https:\/\/nirigs.com\/ar\/product\/f-provost-apres-shampoing-soin-demelant-cheveux-abimes-cassants-et-fourchus-moringa-et-huile-de-jojoba-450-ml\/","og_locale":"ar_AR","og_type":"article","og_title":"F.PROVOST - Apr\u00e8s-Shampoing Soin D\u00e9m\u00ealant Cheveux Abim\u00e9s Cassants et Fourchus Moringa et Huile de Jojoba - 450 ml - NIRIGS","og_url":"https:\/\/nirigs.com\/ar\/product\/f-provost-apres-shampoing-soin-demelant-cheveux-abimes-cassants-et-fourchus-moringa-et-huile-de-jojoba-450-ml\/","og_site_name":"NIRIGS","article_modified_time":"2025-04-22T15:12:07+00:00","og_image":[{"width":1000,"height":1000,"url":"https:\/\/nirigs.com\/wp-content\/uploads\/2024\/09\/F.PROVOST-Apres-Shampoing-Soin-Demelant-Cheveux-Abimes-Cassants-et-Fourchus-Moringa-Huile-de-Jojoba-450ML.jpg","type":"image\/jpeg"}],"twitter_card":"summary_large_image","twitter_misc":{"\u0648\u0642\u062a \u0627\u0644\u0642\u0631\u0627\u0621\u0629 \u0627\u0644\u0645\u064f\u0642\u062f\u0651\u0631":"\u062f\u0642\u064a\u0642\u0629 \u0648\u0627\u062d\u062f\u0629"},"schema":{"@context":"https:\/\/schema.org","@graph":[{"@type":"WebPage","@id":"https:\/\/nirigs.com\/product\/f-provost-apres-shampoing-soin-demelant-cheveux-abimes-cassants-et-fourchus-moringa-et-huile-de-jojoba-450-ml\/","url":"https:\/\/nirigs.com\/product\/f-provost-apres-shampoing-soin-demelant-cheveux-abimes-cassants-et-fourchus-moringa-et-huile-de-jojoba-450-ml\/","name":"F.PROVOST - Apr\u00e8s-Shampoing Soin D\u00e9m\u00ealant Cheveux Abim\u00e9s Cassants et Fourchus Moringa et Huile de Jojoba - 450 ml - NIRIGS","isPartOf":{"@id":"https:\/\/nirigs.com\/#website"},"primaryImageOfPage":{"@id":"https:\/\/nirigs.com\/product\/f-provost-apres-shampoing-soin-demelant-cheveux-abimes-cassants-et-fourchus-moringa-et-huile-de-jojoba-450-ml\/#primaryimage"},"image":{"@id":"https:\/\/nirigs.com\/product\/f-provost-apres-shampoing-soin-demelant-cheveux-abimes-cassants-et-fourchus-moringa-et-huile-de-jojoba-450-ml\/#primaryimage"},"thumbnailUrl":"https:\/\/nirigs.com\/wp-content\/uploads\/2024\/09\/F.PROVOST-Apres-Shampoing-Soin-Demelant-Cheveux-Abimes-Cassants-et-Fourchus-Moringa-Huile-de-Jojoba-450ML.jpg","datePublished":"2024-10-02T14:35:06+00:00","dateModified":"2025-04-22T15:12:07+00:00","breadcrumb":{"@id":"https:\/\/nirigs.com\/product\/f-provost-apres-shampoing-soin-demelant-cheveux-abimes-cassants-et-fourchus-moringa-et-huile-de-jojoba-450-ml\/#breadcrumb"},"inLanguage":"ar","potentialAction":[{"@type":"ReadAction","target":["https:\/\/nirigs.com\/product\/f-provost-apres-shampoing-soin-demelant-cheveux-abimes-cassants-et-fourchus-moringa-et-huile-de-jojoba-450-ml\/"]}]},{"@type":"ImageObject","inLanguage":"ar","@id":"https:\/\/nirigs.com\/product\/f-provost-apres-shampoing-soin-demelant-cheveux-abimes-cassants-et-fourchus-moringa-et-huile-de-jojoba-450-ml\/#primaryimage","url":"https:\/\/nirigs.com\/wp-content\/uploads\/2024\/09\/F.PROVOST-Apres-Shampoing-Soin-Demelant-Cheveux-Abimes-Cassants-et-Fourchus-Moringa-Huile-de-Jojoba-450ML.jpg","contentUrl":"https:\/\/nirigs.com\/wp-content\/uploads\/2024\/09\/F.PROVOST-Apres-Shampoing-Soin-Demelant-Cheveux-Abimes-Cassants-et-Fourchus-Moringa-Huile-de-Jojoba-450ML.jpg","width":1000,"height":1000},{"@type":"BreadcrumbList","@id":"https:\/\/nirigs.com\/product\/f-provost-apres-shampoing-soin-demelant-cheveux-abimes-cassants-et-fourchus-moringa-et-huile-de-jojoba-450-ml\/#breadcrumb","itemListElement":[{"@type":"ListItem","position":1,"name":"Home","item":"https:\/\/nirigs.com\/"},{"@type":"ListItem","position":2,"name":"Parcourir","item":"https:\/\/nirigs.com\/boutique\/"},{"@type":"ListItem","position":3,"name":"F.PROVOST &#8211; Apr\u00e8s-Shampoing Soin D\u00e9m\u00ealant Cheveux Abim\u00e9s Cassants et Fourchus Moringa et Huile de Jojoba &#8211; 450 ml"}]},{"@type":"WebSite","@id":"https:\/\/nirigs.com\/#website","url":"https:\/\/nirigs.com\/","name":"Nirigs.com","description":"Simplifiez vos achats du quotidien \u00e0 Djibouti","publisher":{"@id":"https:\/\/nirigs.com\/#organization"},"potentialAction":[{"@type":"SearchAction","target":{"@type":"EntryPoint","urlTemplate":"https:\/\/nirigs.com\/?s={search_term_string}"},"query-input":{"@type":"PropertyValueSpecification","valueRequired":true,"valueName":"search_term_string"}}],"inLanguage":"ar"},{"@type":"Organization","@id":"https:\/\/nirigs.com\/#organization","name":"\u0646\u064a\u0631\u064a\u062c\u0633","url":"https:\/\/nirigs.com\/","logo":{"@type":"ImageObject","inLanguage":"ar","@id":"https:\/\/nirigs.com\/#\/schema\/logo\/image\/","url":"https:\/\/nirigs.com\/wp-content\/uploads\/2025\/04\/Design-sans-titre-27.png","contentUrl":"https:\/\/nirigs.com\/wp-content\/uploads\/2025\/04\/Design-sans-titre-27.png","width":500,"height":500,"caption":"Nirigs"},"image":{"@id":"https:\/\/nirigs.com\/#\/schema\/logo\/image\/"}}]}},"brands":[{"id":1093,"name":"Franck Provost","slug":"franck-provost"}],"_links":{"self":[{"href":"https:\/\/nirigs.com\/ar\/wp-json\/wp\/v2\/product\/22259","targetHints":{"allow":["GET"]}}],"collection":[{"href":"https:\/\/nirigs.com\/ar\/wp-json\/wp\/v2\/product"}],"about":[{"href":"https:\/\/nirigs.com\/ar\/wp-json\/wp\/v2\/types\/product"}],"replies":[{"embeddable":true,"href":"https:\/\/nirigs.com\/ar\/wp-json\/wp\/v2\/comments?post=22259"}],"version-history":[{"count":7,"href":"https:\/\/nirigs.com\/ar\/wp-json\/wp\/v2\/product\/22259\/revisions"}],"predecessor-version":[{"id":27026,"href":"https:\/\/nirigs.com\/ar\/wp-json\/wp\/v2\/product\/22259\/revisions\/27026"}],"wp:featuredmedia":[{"embeddable":true,"href":"https:\/\/nirigs.com\/ar\/wp-json\/wp\/v2\/media\/22260"}],"wp:attachment":[{"href":"https:\/\/nirigs.com\/ar\/wp-json\/wp\/v2\/media?parent=22259"}],"wp:term":[{"taxonomy":"pwb-brand","embeddable":true,"href":"https:\/\/nirigs.com\/ar\/wp-json\/wp\/v2\/pwb-brand?post=22259"},{"taxonomy":"product_brand","embeddable":true,"href":"https:\/\/nirigs.com\/ar\/wp-json\/wp\/v2\/product_brand?post=22259"},{"taxonomy":"product_cat","embeddable":true,"href":"https:\/\/nirigs.com\/ar\/wp-json\/wp\/v2\/product_cat?post=22259"},{"taxonomy":"product_tag","embeddable":true,"href":"https:\/\/nirigs.com\/ar\/wp-json\/wp\/v2\/product_tag?post=22259"}],"curies":[{"name":"wp","href":"https:\/\/api.w.org\/{rel}","templated":true}]}}