{"id":22246,"date":"2024-10-02T17:34:53","date_gmt":"2024-10-02T14:34:53","guid":{"rendered":"https:\/\/nirigs.com\/?post_type=product&#038;p=22246"},"modified":"2025-04-22T18:13:27","modified_gmt":"2025-04-22T15:13:27","slug":"elseve-dream-long-super-soin-demelant-200-ml","status":"publish","type":"product","link":"https:\/\/nirigs.com\/ar\/product\/elseve-dream-long-super-soin-demelant-200-ml\/","title":{"rendered":"ELSEVE &#8211; Dream Long Super Soin D\u00e9m\u00ealant &#8211; 200 ml"},"content":{"rendered":"<p>Le super soin apr\u00e8s-shampoing Elseve Dream Long allie un puissant cocktail de K\u00c9RATINE V\u00c9G\u00c9TALE, VITAMINES ET HUILE DE RICIN qui permet de :<\/p>\n<ul>\n<li>Reconstituer les cheveux des longueurs jusqu&rsquo;aux pointes<\/li>\n<li>Renforcer et fortifier la chevelure<\/li>\n<li>Nourrir et sublimer la brillance pour des cheveux longs en bonne sant\u00e9.<\/li>\n<\/ul>\n<h4>\u064a\u0633\u062a\u062e\u062f\u0645<\/h4>\n<p>Cet apr\u00e8s-shampoing renfor\u00e7ateur ne doit \u00eatre appliqu\u00e9 que sur les longueurs pour \u00e9viter d&rsquo;alourdir les racines et Rincez.<\/p>\n<h4>\u0645\u0643\u0648\u0646\u0627\u062a<\/h4>\n<p>Aqua \/ Water, Cetearyl Alcohol, Dicetyldimonium Chloride, Cetrimonium Chloride, Niacinamide, Ricinus Communis Seed Oil \/ Castor Seed Oil, Sodium Benzoate, Hydroxycitronellal, Hydroxypropyltrimonium Hydrolyzed Wheat Protein, Hydrolyzed Corn Protein, Hydrolyzed Soy Protein, Hydrolyzed Wheat Protein, Phenoxyethanol, Steareth, 6, Acetic Acid, Peg, 100 Stearate, Trideceth, 10, Trideceth, 3, Trisodium Hedta, Chlorhexidine Digluconate, Dimethicone, Limonene, Panthenol, Benzyl Salicylate, Linalool, Benzyl Alcohol, Isopropyl Alcohol, Amodimethicone, Alpha, Isomethyl Ionone, Tartaric Acid, Geraniol, Cetyl Esters, Citronellol, Coumarin, Hexyl Cinnamal, Parfum \/ Fragrance. (F.I.L. C214649\/1).<\/p>","protected":false},"excerpt":{"rendered":"<p><br data-mce-bogus=\"1\"><\/p>","protected":false},"featured_media":22247,"comment_status":"open","ping_status":"closed","template":"","meta":[],"pwb-brand":[1097],"product_brand":[],"product_cat":[267,1022,1075],"product_tag":[],"class_list":{"0":"post-22246","1":"product","2":"type-product","3":"status-publish","4":"has-post-thumbnail","6":"pwb-brand-elseve","7":"product_cat-beaute-et-soins","8":"product_cat-coiffures-et-soins-des-cheveux","9":"product_cat-demelants","11":"first","12":"instock","13":"shipping-taxable","14":"purchasable","15":"product-type-simple"},"yoast_head":"<!-- This site is optimized with the Yoast SEO plugin v27.4 - https:\/\/yoast.com\/product\/yoast-seo-wordpress\/ -->\n<title>ELSEVE - Dream Long Super Soin D\u00e9m\u00ealant - 200 ml - NIRIGS<\/title>\n<meta name=\"robots\" content=\"index, follow, max-snippet:-1, max-image-preview:large, max-video-preview:-1\" \/>\n<link rel=\"canonical\" href=\"https:\/\/nirigs.com\/ar\/product\/elseve-dream-long-super-soin-demelant-200-ml\/\" \/>\n<meta property=\"og:locale\" content=\"ar_AR\" \/>\n<meta property=\"og:type\" content=\"article\" \/>\n<meta property=\"og:title\" content=\"ELSEVE - Dream Long Super Soin D\u00e9m\u00ealant - 200 ml - NIRIGS\" \/>\n<meta property=\"og:url\" content=\"https:\/\/nirigs.com\/ar\/product\/elseve-dream-long-super-soin-demelant-200-ml\/\" \/>\n<meta property=\"og:site_name\" content=\"NIRIGS\" \/>\n<meta property=\"article:modified_time\" content=\"2025-04-22T15:13:27+00:00\" \/>\n<meta property=\"og:image\" content=\"https:\/\/nirigs.com\/wp-content\/uploads\/2024\/09\/ELSEVE-Dream-Long-Super-Soin-Demelant-200ML.jpg\" \/>\n\t<meta property=\"og:image:width\" content=\"1000\" \/>\n\t<meta property=\"og:image:height\" content=\"1000\" \/>\n\t<meta property=\"og:image:type\" content=\"image\/jpeg\" \/>\n<meta name=\"twitter:card\" content=\"summary_large_image\" \/>\n<meta name=\"twitter:label1\" content=\"\u0648\u0642\u062a \u0627\u0644\u0642\u0631\u0627\u0621\u0629 \u0627\u0644\u0645\u064f\u0642\u062f\u0651\u0631\" \/>\n\t<meta name=\"twitter:data1\" content=\"\u062f\u0642\u064a\u0642\u0629 \u0648\u0627\u062d\u062f\u0629\" \/>\n<script type=\"application\/ld+json\" class=\"yoast-schema-graph\">{\"@context\":\"https:\\\/\\\/schema.org\",\"@graph\":[{\"@type\":\"WebPage\",\"@id\":\"https:\\\/\\\/nirigs.com\\\/product\\\/elseve-dream-long-super-soin-demelant-200-ml\\\/\",\"url\":\"https:\\\/\\\/nirigs.com\\\/product\\\/elseve-dream-long-super-soin-demelant-200-ml\\\/\",\"name\":\"ELSEVE - Dream Long Super Soin D\u00e9m\u00ealant - 200 ml - NIRIGS\",\"isPartOf\":{\"@id\":\"https:\\\/\\\/nirigs.com\\\/#website\"},\"primaryImageOfPage\":{\"@id\":\"https:\\\/\\\/nirigs.com\\\/product\\\/elseve-dream-long-super-soin-demelant-200-ml\\\/#primaryimage\"},\"image\":{\"@id\":\"https:\\\/\\\/nirigs.com\\\/product\\\/elseve-dream-long-super-soin-demelant-200-ml\\\/#primaryimage\"},\"thumbnailUrl\":\"https:\\\/\\\/nirigs.com\\\/wp-content\\\/uploads\\\/2024\\\/09\\\/ELSEVE-Dream-Long-Super-Soin-Demelant-200ML.jpg\",\"datePublished\":\"2024-10-02T14:34:53+00:00\",\"dateModified\":\"2025-04-22T15:13:27+00:00\",\"breadcrumb\":{\"@id\":\"https:\\\/\\\/nirigs.com\\\/product\\\/elseve-dream-long-super-soin-demelant-200-ml\\\/#breadcrumb\"},\"inLanguage\":\"ar\",\"potentialAction\":[{\"@type\":\"ReadAction\",\"target\":[\"https:\\\/\\\/nirigs.com\\\/product\\\/elseve-dream-long-super-soin-demelant-200-ml\\\/\"]}]},{\"@type\":\"ImageObject\",\"inLanguage\":\"ar\",\"@id\":\"https:\\\/\\\/nirigs.com\\\/product\\\/elseve-dream-long-super-soin-demelant-200-ml\\\/#primaryimage\",\"url\":\"https:\\\/\\\/nirigs.com\\\/wp-content\\\/uploads\\\/2024\\\/09\\\/ELSEVE-Dream-Long-Super-Soin-Demelant-200ML.jpg\",\"contentUrl\":\"https:\\\/\\\/nirigs.com\\\/wp-content\\\/uploads\\\/2024\\\/09\\\/ELSEVE-Dream-Long-Super-Soin-Demelant-200ML.jpg\",\"width\":1000,\"height\":1000},{\"@type\":\"BreadcrumbList\",\"@id\":\"https:\\\/\\\/nirigs.com\\\/product\\\/elseve-dream-long-super-soin-demelant-200-ml\\\/#breadcrumb\",\"itemListElement\":[{\"@type\":\"ListItem\",\"position\":1,\"name\":\"Home\",\"item\":\"https:\\\/\\\/nirigs.com\\\/\"},{\"@type\":\"ListItem\",\"position\":2,\"name\":\"Parcourir\",\"item\":\"https:\\\/\\\/nirigs.com\\\/boutique\\\/\"},{\"@type\":\"ListItem\",\"position\":3,\"name\":\"ELSEVE &#8211; Dream Long Super Soin D\u00e9m\u00ealant &#8211; 200 ml\"}]},{\"@type\":\"WebSite\",\"@id\":\"https:\\\/\\\/nirigs.com\\\/#website\",\"url\":\"https:\\\/\\\/nirigs.com\\\/\",\"name\":\"Nirigs.com\",\"description\":\"Simplifiez vos achats du quotidien \u00e0 Djibouti\",\"publisher\":{\"@id\":\"https:\\\/\\\/nirigs.com\\\/#organization\"},\"potentialAction\":[{\"@type\":\"SearchAction\",\"target\":{\"@type\":\"EntryPoint\",\"urlTemplate\":\"https:\\\/\\\/nirigs.com\\\/?s={search_term_string}\"},\"query-input\":{\"@type\":\"PropertyValueSpecification\",\"valueRequired\":true,\"valueName\":\"search_term_string\"}}],\"inLanguage\":\"ar\"},{\"@type\":\"Organization\",\"@id\":\"https:\\\/\\\/nirigs.com\\\/#organization\",\"name\":\"Nirigs\",\"url\":\"https:\\\/\\\/nirigs.com\\\/\",\"logo\":{\"@type\":\"ImageObject\",\"inLanguage\":\"ar\",\"@id\":\"https:\\\/\\\/nirigs.com\\\/#\\\/schema\\\/logo\\\/image\\\/\",\"url\":\"https:\\\/\\\/nirigs.com\\\/wp-content\\\/uploads\\\/2025\\\/04\\\/Design-sans-titre-27.png\",\"contentUrl\":\"https:\\\/\\\/nirigs.com\\\/wp-content\\\/uploads\\\/2025\\\/04\\\/Design-sans-titre-27.png\",\"width\":500,\"height\":500,\"caption\":\"Nirigs\"},\"image\":{\"@id\":\"https:\\\/\\\/nirigs.com\\\/#\\\/schema\\\/logo\\\/image\\\/\"}}]}<\/script>\n<!-- \/ Yoast SEO plugin. -->","yoast_head_json":{"title":"ELSEVE - Dream Long Super Soin D\u00e9m\u00ealant - 200 ml - NIRIGS","robots":{"index":"index","follow":"follow","max-snippet":"max-snippet:-1","max-image-preview":"max-image-preview:large","max-video-preview":"max-video-preview:-1"},"canonical":"https:\/\/nirigs.com\/ar\/product\/elseve-dream-long-super-soin-demelant-200-ml\/","og_locale":"ar_AR","og_type":"article","og_title":"ELSEVE - Dream Long Super Soin D\u00e9m\u00ealant - 200 ml - NIRIGS","og_url":"https:\/\/nirigs.com\/ar\/product\/elseve-dream-long-super-soin-demelant-200-ml\/","og_site_name":"NIRIGS","article_modified_time":"2025-04-22T15:13:27+00:00","og_image":[{"width":1000,"height":1000,"url":"https:\/\/nirigs.com\/wp-content\/uploads\/2024\/09\/ELSEVE-Dream-Long-Super-Soin-Demelant-200ML.jpg","type":"image\/jpeg"}],"twitter_card":"summary_large_image","twitter_misc":{"\u0648\u0642\u062a \u0627\u0644\u0642\u0631\u0627\u0621\u0629 \u0627\u0644\u0645\u064f\u0642\u062f\u0651\u0631":"\u062f\u0642\u064a\u0642\u0629 \u0648\u0627\u062d\u062f\u0629"},"schema":{"@context":"https:\/\/schema.org","@graph":[{"@type":"WebPage","@id":"https:\/\/nirigs.com\/product\/elseve-dream-long-super-soin-demelant-200-ml\/","url":"https:\/\/nirigs.com\/product\/elseve-dream-long-super-soin-demelant-200-ml\/","name":"ELSEVE - Dream Long Super Soin D\u00e9m\u00ealant - 200 ml - NIRIGS","isPartOf":{"@id":"https:\/\/nirigs.com\/#website"},"primaryImageOfPage":{"@id":"https:\/\/nirigs.com\/product\/elseve-dream-long-super-soin-demelant-200-ml\/#primaryimage"},"image":{"@id":"https:\/\/nirigs.com\/product\/elseve-dream-long-super-soin-demelant-200-ml\/#primaryimage"},"thumbnailUrl":"https:\/\/nirigs.com\/wp-content\/uploads\/2024\/09\/ELSEVE-Dream-Long-Super-Soin-Demelant-200ML.jpg","datePublished":"2024-10-02T14:34:53+00:00","dateModified":"2025-04-22T15:13:27+00:00","breadcrumb":{"@id":"https:\/\/nirigs.com\/product\/elseve-dream-long-super-soin-demelant-200-ml\/#breadcrumb"},"inLanguage":"ar","potentialAction":[{"@type":"ReadAction","target":["https:\/\/nirigs.com\/product\/elseve-dream-long-super-soin-demelant-200-ml\/"]}]},{"@type":"ImageObject","inLanguage":"ar","@id":"https:\/\/nirigs.com\/product\/elseve-dream-long-super-soin-demelant-200-ml\/#primaryimage","url":"https:\/\/nirigs.com\/wp-content\/uploads\/2024\/09\/ELSEVE-Dream-Long-Super-Soin-Demelant-200ML.jpg","contentUrl":"https:\/\/nirigs.com\/wp-content\/uploads\/2024\/09\/ELSEVE-Dream-Long-Super-Soin-Demelant-200ML.jpg","width":1000,"height":1000},{"@type":"BreadcrumbList","@id":"https:\/\/nirigs.com\/product\/elseve-dream-long-super-soin-demelant-200-ml\/#breadcrumb","itemListElement":[{"@type":"ListItem","position":1,"name":"Home","item":"https:\/\/nirigs.com\/"},{"@type":"ListItem","position":2,"name":"Parcourir","item":"https:\/\/nirigs.com\/boutique\/"},{"@type":"ListItem","position":3,"name":"ELSEVE &#8211; Dream Long Super Soin D\u00e9m\u00ealant &#8211; 200 ml"}]},{"@type":"WebSite","@id":"https:\/\/nirigs.com\/#website","url":"https:\/\/nirigs.com\/","name":"Nirigs.com","description":"Simplifiez vos achats du quotidien \u00e0 Djibouti","publisher":{"@id":"https:\/\/nirigs.com\/#organization"},"potentialAction":[{"@type":"SearchAction","target":{"@type":"EntryPoint","urlTemplate":"https:\/\/nirigs.com\/?s={search_term_string}"},"query-input":{"@type":"PropertyValueSpecification","valueRequired":true,"valueName":"search_term_string"}}],"inLanguage":"ar"},{"@type":"Organization","@id":"https:\/\/nirigs.com\/#organization","name":"\u0646\u064a\u0631\u064a\u062c\u0633","url":"https:\/\/nirigs.com\/","logo":{"@type":"ImageObject","inLanguage":"ar","@id":"https:\/\/nirigs.com\/#\/schema\/logo\/image\/","url":"https:\/\/nirigs.com\/wp-content\/uploads\/2025\/04\/Design-sans-titre-27.png","contentUrl":"https:\/\/nirigs.com\/wp-content\/uploads\/2025\/04\/Design-sans-titre-27.png","width":500,"height":500,"caption":"Nirigs"},"image":{"@id":"https:\/\/nirigs.com\/#\/schema\/logo\/image\/"}}]}},"brands":[{"id":1097,"name":"Elseve","slug":"elseve"}],"_links":{"self":[{"href":"https:\/\/nirigs.com\/ar\/wp-json\/wp\/v2\/product\/22246","targetHints":{"allow":["GET"]}}],"collection":[{"href":"https:\/\/nirigs.com\/ar\/wp-json\/wp\/v2\/product"}],"about":[{"href":"https:\/\/nirigs.com\/ar\/wp-json\/wp\/v2\/types\/product"}],"replies":[{"embeddable":true,"href":"https:\/\/nirigs.com\/ar\/wp-json\/wp\/v2\/comments?post=22246"}],"version-history":[{"count":7,"href":"https:\/\/nirigs.com\/ar\/wp-json\/wp\/v2\/product\/22246\/revisions"}],"predecessor-version":[{"id":27027,"href":"https:\/\/nirigs.com\/ar\/wp-json\/wp\/v2\/product\/22246\/revisions\/27027"}],"wp:featuredmedia":[{"embeddable":true,"href":"https:\/\/nirigs.com\/ar\/wp-json\/wp\/v2\/media\/22247"}],"wp:attachment":[{"href":"https:\/\/nirigs.com\/ar\/wp-json\/wp\/v2\/media?parent=22246"}],"wp:term":[{"taxonomy":"pwb-brand","embeddable":true,"href":"https:\/\/nirigs.com\/ar\/wp-json\/wp\/v2\/pwb-brand?post=22246"},{"taxonomy":"product_brand","embeddable":true,"href":"https:\/\/nirigs.com\/ar\/wp-json\/wp\/v2\/product_brand?post=22246"},{"taxonomy":"product_cat","embeddable":true,"href":"https:\/\/nirigs.com\/ar\/wp-json\/wp\/v2\/product_cat?post=22246"},{"taxonomy":"product_tag","embeddable":true,"href":"https:\/\/nirigs.com\/ar\/wp-json\/wp\/v2\/product_tag?post=22246"}],"curies":[{"name":"wp","href":"https:\/\/api.w.org\/{rel}","templated":true}]}}