{"id":22222,"date":"2024-10-02T17:40:25","date_gmt":"2024-10-02T14:40:25","guid":{"rendered":"https:\/\/nirigs.com\/?post_type=product&#038;p=22222"},"modified":"2025-04-22T11:41:53","modified_gmt":"2025-04-22T08:41:53","slug":"garnier-ultra-doux-apres-shampooing-au-lait-de-coco-et-macadamia-250-ml","status":"publish","type":"product","link":"https:\/\/nirigs.com\/ar\/product\/garnier-ultra-doux-apres-shampooing-au-lait-de-coco-et-macadamia-250-ml\/","title":{"rendered":"Garnier &#8211; Ultra Doux Apr\u00e8s-Shampooing au Lait de Coco et Macadamia &#8211; 250 ml"},"content":{"rendered":"<p>Au lait de coco et macadamia pour les cheveux normaux \u00e0 secs. Garnier Ultra DOUX associe La Cr\u00e8me de Coco, m\u00e9lange onctueux d&rsquo;Huile et de Lait de Coco pour nourrir et assouplir intens\u00e9ment.<\/p>\n<p>Et la Noix de Macadamia, aux vertues nutritives exceptionnelles, offrant souplesse et douceur aux cheveux, dans une formule nutritive sp\u00e9cialement con\u00e7ue pour nourrir et assouplir les cheveux normaux \u00e0 secs sans les alourdir.<\/p>\n<h4>\u064a\u0633\u062a\u062e\u062f\u0645<\/h4>\n<ul>\n<li><span class=\"a-list-item\">Apr\u00e8s chaque shampooing, appliquez et massez en douceur jusqu\u2019aux pointes. <\/span><\/li>\n<li><span class=\"a-list-item\">Laissez agir quelques instants.<\/span><\/li>\n<li><span class=\"a-list-item\">Rincez.<\/span><\/li>\n<\/ul>\n<h4>\u0645\u0643\u0648\u0646\u0627\u062a<\/h4>\n<p>AQUA \/ WATER \u2022 CETEARYL ALCOHOL \u2022 STEARAMIDOPROPYL DIMETHYLAMINE \u2022 ISOPROPYL MYRISTATE \u2022 CETYL ESTERS \u2022 PARFUM \/ FRAGRANCE \u2022 HELIANTHUS ANNUUS SEED OIL \/ SUNFLOWER SEED OIL \u2022 MACADAMIA INTEGRIFOLIA SEED OIL \u2022 COCOS NUCIFERA OIL \/ COCONUT OIL \u2022 SODIUM CHLORIDE \u2022 CAPRYLYL GLYCOL \u2022 TARTARIC ACID \u2022 BENZOIC ACID \u2022 LINALOOL \u2022 LIMONENE \u2022 BENZYL ALCOHOL \u2022 BENZYL SALICYLATE (F.I.L. Z70010780\/1).<\/p>","protected":false},"excerpt":{"rendered":"<p><br data-mce-bogus=\"1\"><\/p>","protected":false},"featured_media":22223,"comment_status":"open","ping_status":"closed","template":"","meta":[],"pwb-brand":[1091],"product_brand":[],"product_cat":[1025,267,1022,1024],"product_tag":[],"class_list":{"0":"post-22222","1":"product","2":"type-product","3":"status-publish","4":"has-post-thumbnail","6":"pwb-brand-garnier","7":"product_cat-apres-shampooings","8":"product_cat-beaute-et-soins","9":"product_cat-coiffures-et-soins-des-cheveux","10":"product_cat-soins-des-cheveux","12":"first","13":"instock","14":"shipping-taxable","15":"purchasable","16":"product-type-simple"},"yoast_head":"<!-- This site is optimized with the Yoast SEO plugin v27.1.1 - https:\/\/yoast.com\/product\/yoast-seo-wordpress\/ -->\n<title>Garnier - Ultra Doux Apr\u00e8s-Shampooing au Lait de Coco et Macadamia - 250 ml - NIRIGS<\/title>\n<meta name=\"robots\" content=\"index, follow, max-snippet:-1, max-image-preview:large, max-video-preview:-1\" \/>\n<link rel=\"canonical\" href=\"https:\/\/nirigs.com\/ar\/product\/garnier-ultra-doux-apres-shampooing-au-lait-de-coco-et-macadamia-250-ml\/\" \/>\n<meta property=\"og:locale\" content=\"ar_AR\" \/>\n<meta property=\"og:type\" content=\"article\" \/>\n<meta property=\"og:title\" content=\"Garnier - Ultra Doux Apr\u00e8s-Shampooing au Lait de Coco et Macadamia - 250 ml - NIRIGS\" \/>\n<meta property=\"og:url\" content=\"https:\/\/nirigs.com\/ar\/product\/garnier-ultra-doux-apres-shampooing-au-lait-de-coco-et-macadamia-250-ml\/\" \/>\n<meta property=\"og:site_name\" content=\"NIRIGS\" \/>\n<meta property=\"article:modified_time\" content=\"2025-04-22T08:41:53+00:00\" \/>\n<meta property=\"og:image\" content=\"https:\/\/nirigs.com\/wp-content\/uploads\/2024\/09\/Garnier-Ultra-Doux-Apres-Shampooing-au-Lait-de-Coco-et-Macadamia-250-ml.jpg\" \/>\n\t<meta property=\"og:image:width\" content=\"1000\" \/>\n\t<meta property=\"og:image:height\" content=\"1000\" \/>\n\t<meta property=\"og:image:type\" content=\"image\/jpeg\" \/>\n<meta name=\"twitter:card\" content=\"summary_large_image\" \/>\n<meta name=\"twitter:label1\" content=\"\u0648\u0642\u062a \u0627\u0644\u0642\u0631\u0627\u0621\u0629 \u0627\u0644\u0645\u064f\u0642\u062f\u0651\u0631\" \/>\n\t<meta name=\"twitter:data1\" content=\"\u062f\u0642\u064a\u0642\u0629 \u0648\u0627\u062d\u062f\u0629\" \/>\n<script type=\"application\/ld+json\" class=\"yoast-schema-graph\">{\"@context\":\"https:\/\/schema.org\",\"@graph\":[{\"@type\":\"WebPage\",\"@id\":\"https:\/\/nirigs.com\/product\/garnier-ultra-doux-apres-shampooing-au-lait-de-coco-et-macadamia-250-ml\/\",\"url\":\"https:\/\/nirigs.com\/product\/garnier-ultra-doux-apres-shampooing-au-lait-de-coco-et-macadamia-250-ml\/\",\"name\":\"Garnier - Ultra Doux Apr\u00e8s-Shampooing au Lait de Coco et Macadamia - 250 ml - NIRIGS\",\"isPartOf\":{\"@id\":\"https:\/\/nirigs.com\/#website\"},\"primaryImageOfPage\":{\"@id\":\"https:\/\/nirigs.com\/product\/garnier-ultra-doux-apres-shampooing-au-lait-de-coco-et-macadamia-250-ml\/#primaryimage\"},\"image\":{\"@id\":\"https:\/\/nirigs.com\/product\/garnier-ultra-doux-apres-shampooing-au-lait-de-coco-et-macadamia-250-ml\/#primaryimage\"},\"thumbnailUrl\":\"https:\/\/nirigs.com\/wp-content\/uploads\/2024\/09\/Garnier-Ultra-Doux-Apres-Shampooing-au-Lait-de-Coco-et-Macadamia-250-ml.jpg\",\"datePublished\":\"2024-10-02T14:40:25+00:00\",\"dateModified\":\"2025-04-22T08:41:53+00:00\",\"breadcrumb\":{\"@id\":\"https:\/\/nirigs.com\/product\/garnier-ultra-doux-apres-shampooing-au-lait-de-coco-et-macadamia-250-ml\/#breadcrumb\"},\"inLanguage\":\"ar\",\"potentialAction\":[{\"@type\":\"ReadAction\",\"target\":[\"https:\/\/nirigs.com\/product\/garnier-ultra-doux-apres-shampooing-au-lait-de-coco-et-macadamia-250-ml\/\"]}]},{\"@type\":\"ImageObject\",\"inLanguage\":\"ar\",\"@id\":\"https:\/\/nirigs.com\/product\/garnier-ultra-doux-apres-shampooing-au-lait-de-coco-et-macadamia-250-ml\/#primaryimage\",\"url\":\"https:\/\/nirigs.com\/wp-content\/uploads\/2024\/09\/Garnier-Ultra-Doux-Apres-Shampooing-au-Lait-de-Coco-et-Macadamia-250-ml.jpg\",\"contentUrl\":\"https:\/\/nirigs.com\/wp-content\/uploads\/2024\/09\/Garnier-Ultra-Doux-Apres-Shampooing-au-Lait-de-Coco-et-Macadamia-250-ml.jpg\",\"width\":1000,\"height\":1000},{\"@type\":\"BreadcrumbList\",\"@id\":\"https:\/\/nirigs.com\/product\/garnier-ultra-doux-apres-shampooing-au-lait-de-coco-et-macadamia-250-ml\/#breadcrumb\",\"itemListElement\":[{\"@type\":\"ListItem\",\"position\":1,\"name\":\"Home\",\"item\":\"https:\/\/nirigs.com\/\"},{\"@type\":\"ListItem\",\"position\":2,\"name\":\"Parcourir\",\"item\":\"https:\/\/nirigs.com\/boutique\/\"},{\"@type\":\"ListItem\",\"position\":3,\"name\":\"Garnier &#8211; Ultra Doux Apr\u00e8s-Shampooing au Lait de Coco et Macadamia &#8211; 250 ml\"}]},{\"@type\":\"WebSite\",\"@id\":\"https:\/\/nirigs.com\/#website\",\"url\":\"https:\/\/nirigs.com\/\",\"name\":\"Nirigs.com\",\"description\":\"Simplifiez vos achats du quotidien \u00e0 Djibouti\",\"publisher\":{\"@id\":\"https:\/\/nirigs.com\/#organization\"},\"potentialAction\":[{\"@type\":\"SearchAction\",\"target\":{\"@type\":\"EntryPoint\",\"urlTemplate\":\"https:\/\/nirigs.com\/?s={search_term_string}\"},\"query-input\":{\"@type\":\"PropertyValueSpecification\",\"valueRequired\":true,\"valueName\":\"search_term_string\"}}],\"inLanguage\":\"ar\"},{\"@type\":\"Organization\",\"@id\":\"https:\/\/nirigs.com\/#organization\",\"name\":\"Nirigs\",\"url\":\"https:\/\/nirigs.com\/\",\"logo\":{\"@type\":\"ImageObject\",\"inLanguage\":\"ar\",\"@id\":\"https:\/\/nirigs.com\/#\/schema\/logo\/image\/\",\"url\":\"https:\/\/nirigs.com\/wp-content\/uploads\/2025\/04\/Design-sans-titre-27.png\",\"contentUrl\":\"https:\/\/nirigs.com\/wp-content\/uploads\/2025\/04\/Design-sans-titre-27.png\",\"width\":500,\"height\":500,\"caption\":\"Nirigs\"},\"image\":{\"@id\":\"https:\/\/nirigs.com\/#\/schema\/logo\/image\/\"}}]}<\/script>\n<!-- \/ Yoast SEO plugin. -->","yoast_head_json":{"title":"Garnier - Ultra Doux Apr\u00e8s-Shampooing au Lait de Coco et Macadamia - 250 ml - NIRIGS","robots":{"index":"index","follow":"follow","max-snippet":"max-snippet:-1","max-image-preview":"max-image-preview:large","max-video-preview":"max-video-preview:-1"},"canonical":"https:\/\/nirigs.com\/ar\/product\/garnier-ultra-doux-apres-shampooing-au-lait-de-coco-et-macadamia-250-ml\/","og_locale":"ar_AR","og_type":"article","og_title":"Garnier - Ultra Doux Apr\u00e8s-Shampooing au Lait de Coco et Macadamia - 250 ml - NIRIGS","og_url":"https:\/\/nirigs.com\/ar\/product\/garnier-ultra-doux-apres-shampooing-au-lait-de-coco-et-macadamia-250-ml\/","og_site_name":"NIRIGS","article_modified_time":"2025-04-22T08:41:53+00:00","og_image":[{"width":1000,"height":1000,"url":"https:\/\/nirigs.com\/wp-content\/uploads\/2024\/09\/Garnier-Ultra-Doux-Apres-Shampooing-au-Lait-de-Coco-et-Macadamia-250-ml.jpg","type":"image\/jpeg"}],"twitter_card":"summary_large_image","twitter_misc":{"\u0648\u0642\u062a \u0627\u0644\u0642\u0631\u0627\u0621\u0629 \u0627\u0644\u0645\u064f\u0642\u062f\u0651\u0631":"\u062f\u0642\u064a\u0642\u0629 \u0648\u0627\u062d\u062f\u0629"},"schema":{"@context":"https:\/\/schema.org","@graph":[{"@type":"WebPage","@id":"https:\/\/nirigs.com\/product\/garnier-ultra-doux-apres-shampooing-au-lait-de-coco-et-macadamia-250-ml\/","url":"https:\/\/nirigs.com\/product\/garnier-ultra-doux-apres-shampooing-au-lait-de-coco-et-macadamia-250-ml\/","name":"Garnier - Ultra Doux Apr\u00e8s-Shampooing au Lait de Coco et Macadamia - 250 ml - NIRIGS","isPartOf":{"@id":"https:\/\/nirigs.com\/#website"},"primaryImageOfPage":{"@id":"https:\/\/nirigs.com\/product\/garnier-ultra-doux-apres-shampooing-au-lait-de-coco-et-macadamia-250-ml\/#primaryimage"},"image":{"@id":"https:\/\/nirigs.com\/product\/garnier-ultra-doux-apres-shampooing-au-lait-de-coco-et-macadamia-250-ml\/#primaryimage"},"thumbnailUrl":"https:\/\/nirigs.com\/wp-content\/uploads\/2024\/09\/Garnier-Ultra-Doux-Apres-Shampooing-au-Lait-de-Coco-et-Macadamia-250-ml.jpg","datePublished":"2024-10-02T14:40:25+00:00","dateModified":"2025-04-22T08:41:53+00:00","breadcrumb":{"@id":"https:\/\/nirigs.com\/product\/garnier-ultra-doux-apres-shampooing-au-lait-de-coco-et-macadamia-250-ml\/#breadcrumb"},"inLanguage":"ar","potentialAction":[{"@type":"ReadAction","target":["https:\/\/nirigs.com\/product\/garnier-ultra-doux-apres-shampooing-au-lait-de-coco-et-macadamia-250-ml\/"]}]},{"@type":"ImageObject","inLanguage":"ar","@id":"https:\/\/nirigs.com\/product\/garnier-ultra-doux-apres-shampooing-au-lait-de-coco-et-macadamia-250-ml\/#primaryimage","url":"https:\/\/nirigs.com\/wp-content\/uploads\/2024\/09\/Garnier-Ultra-Doux-Apres-Shampooing-au-Lait-de-Coco-et-Macadamia-250-ml.jpg","contentUrl":"https:\/\/nirigs.com\/wp-content\/uploads\/2024\/09\/Garnier-Ultra-Doux-Apres-Shampooing-au-Lait-de-Coco-et-Macadamia-250-ml.jpg","width":1000,"height":1000},{"@type":"BreadcrumbList","@id":"https:\/\/nirigs.com\/product\/garnier-ultra-doux-apres-shampooing-au-lait-de-coco-et-macadamia-250-ml\/#breadcrumb","itemListElement":[{"@type":"ListItem","position":1,"name":"Home","item":"https:\/\/nirigs.com\/"},{"@type":"ListItem","position":2,"name":"Parcourir","item":"https:\/\/nirigs.com\/boutique\/"},{"@type":"ListItem","position":3,"name":"Garnier &#8211; Ultra Doux Apr\u00e8s-Shampooing au Lait de Coco et Macadamia &#8211; 250 ml"}]},{"@type":"WebSite","@id":"https:\/\/nirigs.com\/#website","url":"https:\/\/nirigs.com\/","name":"Nirigs.com","description":"Simplifiez vos achats du quotidien \u00e0 Djibouti","publisher":{"@id":"https:\/\/nirigs.com\/#organization"},"potentialAction":[{"@type":"SearchAction","target":{"@type":"EntryPoint","urlTemplate":"https:\/\/nirigs.com\/?s={search_term_string}"},"query-input":{"@type":"PropertyValueSpecification","valueRequired":true,"valueName":"search_term_string"}}],"inLanguage":"ar"},{"@type":"Organization","@id":"https:\/\/nirigs.com\/#organization","name":"\u0646\u064a\u0631\u064a\u062c\u0633","url":"https:\/\/nirigs.com\/","logo":{"@type":"ImageObject","inLanguage":"ar","@id":"https:\/\/nirigs.com\/#\/schema\/logo\/image\/","url":"https:\/\/nirigs.com\/wp-content\/uploads\/2025\/04\/Design-sans-titre-27.png","contentUrl":"https:\/\/nirigs.com\/wp-content\/uploads\/2025\/04\/Design-sans-titre-27.png","width":500,"height":500,"caption":"Nirigs"},"image":{"@id":"https:\/\/nirigs.com\/#\/schema\/logo\/image\/"}}]}},"brands":[{"id":1091,"name":"Garnier","slug":"garnier"}],"_links":{"self":[{"href":"https:\/\/nirigs.com\/ar\/wp-json\/wp\/v2\/product\/22222","targetHints":{"allow":["GET"]}}],"collection":[{"href":"https:\/\/nirigs.com\/ar\/wp-json\/wp\/v2\/product"}],"about":[{"href":"https:\/\/nirigs.com\/ar\/wp-json\/wp\/v2\/types\/product"}],"replies":[{"embeddable":true,"href":"https:\/\/nirigs.com\/ar\/wp-json\/wp\/v2\/comments?post=22222"}],"version-history":[{"count":7,"href":"https:\/\/nirigs.com\/ar\/wp-json\/wp\/v2\/product\/22222\/revisions"}],"predecessor-version":[{"id":26997,"href":"https:\/\/nirigs.com\/ar\/wp-json\/wp\/v2\/product\/22222\/revisions\/26997"}],"wp:featuredmedia":[{"embeddable":true,"href":"https:\/\/nirigs.com\/ar\/wp-json\/wp\/v2\/media\/22223"}],"wp:attachment":[{"href":"https:\/\/nirigs.com\/ar\/wp-json\/wp\/v2\/media?parent=22222"}],"wp:term":[{"taxonomy":"pwb-brand","embeddable":true,"href":"https:\/\/nirigs.com\/ar\/wp-json\/wp\/v2\/pwb-brand?post=22222"},{"taxonomy":"product_brand","embeddable":true,"href":"https:\/\/nirigs.com\/ar\/wp-json\/wp\/v2\/product_brand?post=22222"},{"taxonomy":"product_cat","embeddable":true,"href":"https:\/\/nirigs.com\/ar\/wp-json\/wp\/v2\/product_cat?post=22222"},{"taxonomy":"product_tag","embeddable":true,"href":"https:\/\/nirigs.com\/ar\/wp-json\/wp\/v2\/product_tag?post=22222"}],"curies":[{"name":"wp","href":"https:\/\/api.w.org\/{rel}","templated":true}]}}