{"id":22160,"date":"2024-10-02T18:10:13","date_gmt":"2024-10-02T15:10:13","guid":{"rendered":"https:\/\/nirigs.com\/?post_type=product&#038;p=22160"},"modified":"2025-03-13T17:58:54","modified_gmt":"2025-03-13T14:58:54","slug":"garnier-ultra-doux-shampooing-nourrissant-avocat-karite-300-ml","status":"publish","type":"product","link":"https:\/\/nirigs.com\/ar\/product\/garnier-ultra-doux-shampooing-nourrissant-avocat-karite-300-ml\/","title":{"rendered":"Garnier &#8211; Ultra Doux Shampooing Nourrissant avocat karit\u00e9 &#8211; 300 ml"},"content":{"rendered":"<p>\u00c0 L&rsquo;HUILE D&rsquo;AVOCAT ET AU BEURRE DE KARIT\u00c9 POUR LES CHEVEUX TR\u00c8S SECS OU FRIS\u00c9S, v\u00e9ritable recette de nutrition intense pour les cheveux tr\u00e8s secs ou fris\u00e9s, le shampooing Garnier Ultra DOUX associe l\u2019Huile d\u2019Avocat reconnue pour ses propri\u00e9t\u00e9s assouplissantes au Beurre de Karit\u00e9, issu d\u2019un commerce \u00e9quitable, r\u00e9put\u00e9 pour ses vertus hautement nutritives, dans une texture cr\u00e9meuse et onctueuse qui n\u2019alourdit pas vos cheveux.<\/p>\n<h4>\u064a\u0633\u062a\u062e\u062f\u0645<\/h4>\n<ul>\n<li>Appliquer sur cheveux mouill\u00e9s.<\/li>\n<li>Masser soigneusement sur l&rsquo;ensemble du cuir chevelu.<\/li>\n<li>Rincer.<\/li>\n<\/ul>\n<h4>\u0645\u0643\u0648\u0646\u0627\u062a<\/h4>\n<p>AQUA \/ WATER \u2022 SODIUM LAURETH SULFATE \u2022 COCO-BETAINE \u2022 GLYCERIN \u2022 GLYCOL DISTEARATE \u2022 SODIUM CHLORIDE \u2022 HELIANTHUS ANNUUS SEED OIL \/ SUNFLOWER SEED OIL \u2022 ROSMARINUS OFFICINALIS LEAF EXTRACT \/ ROSEMARY LEAF EXTRACT \u2022 PERSEA GRATISSIMA OIL \/ AVOCADO OIL \u2022 BUTYROSPERMUM PARKII BUTTER \/ SHEA BUTTER \u2022 CARBOMER \u2022 PPG-5-CETETH-20 \u2022 SODIUM HYDROXIDE \u2022 CITRIC ACID \u2022 POLYQUATERNIUM-10 \u2022 TOCOPHEROL \u2022 SODIUM BENZOATE \u2022 CI 15985 \/ YELLOW 6 \u2022 CI 19140 \/ YELLOW 5 \u2022 LINALOOL \u2022 COUMARIN \u2022 BENZYL ALCOHOL \u2022 PARFUM \/ FRAGRANCE (F.I.L. Z290435\/1).<\/p>","protected":false},"excerpt":{"rendered":"<p>\u00c0 L&rsquo;HUILE D&rsquo;AVOCAT ET AU BEURRE DE KARIT\u00c9 POUR LES CHEVEUX TR\u00c8S SECS OU FRIS\u00c9S, v\u00e9ritable recette de nutrition intense<\/p>","protected":false},"featured_media":22161,"comment_status":"open","ping_status":"closed","template":"","meta":[],"pwb-brand":[1091],"product_brand":[],"product_cat":[267,1022,1026,1024],"product_tag":[],"class_list":{"0":"post-22160","1":"product","2":"type-product","3":"status-publish","4":"has-post-thumbnail","6":"pwb-brand-garnier","7":"product_cat-beaute-et-soins","8":"product_cat-coiffures-et-soins-des-cheveux","9":"product_cat-shampooings","10":"product_cat-soins-des-cheveux","12":"first","13":"instock","14":"shipping-taxable","15":"purchasable","16":"product-type-simple"},"yoast_head":"<!-- This site is optimized with the Yoast SEO plugin v27.5 - https:\/\/yoast.com\/product\/yoast-seo-wordpress\/ -->\n<title>Garnier - Ultra Doux Shampooing Nourrissant avocat karit\u00e9 - 300 ml - NIRIGS<\/title>\n<meta name=\"robots\" content=\"index, follow, max-snippet:-1, max-image-preview:large, max-video-preview:-1\" \/>\n<link rel=\"canonical\" href=\"https:\/\/nirigs.com\/ar\/product\/garnier-ultra-doux-shampooing-nourrissant-avocat-karite-300-ml\/\" \/>\n<meta property=\"og:locale\" content=\"ar_AR\" \/>\n<meta property=\"og:type\" content=\"article\" \/>\n<meta property=\"og:title\" content=\"Garnier - Ultra Doux Shampooing Nourrissant avocat karit\u00e9 - 300 ml - NIRIGS\" \/>\n<meta property=\"og:description\" content=\"\u00c0 L&rsquo;HUILE D&rsquo;AVOCAT ET AU BEURRE DE KARIT\u00c9 POUR LES CHEVEUX TR\u00c8S SECS OU FRIS\u00c9S, v\u00e9ritable recette de nutrition intense\" \/>\n<meta property=\"og:url\" content=\"https:\/\/nirigs.com\/ar\/product\/garnier-ultra-doux-shampooing-nourrissant-avocat-karite-300-ml\/\" \/>\n<meta property=\"og:site_name\" content=\"NIRIGS\" \/>\n<meta property=\"article:modified_time\" content=\"2025-03-13T14:58:54+00:00\" \/>\n<meta property=\"og:image\" content=\"https:\/\/nirigs.com\/wp-content\/uploads\/2024\/09\/Garnier-Ultra-Doux-Shampooing-Nourrissant-avocat-karite-300-ml.jpg\" \/>\n\t<meta property=\"og:image:width\" content=\"1000\" \/>\n\t<meta property=\"og:image:height\" content=\"1000\" \/>\n\t<meta property=\"og:image:type\" content=\"image\/jpeg\" \/>\n<meta name=\"twitter:card\" content=\"summary_large_image\" \/>\n<meta name=\"twitter:label1\" content=\"\u0648\u0642\u062a \u0627\u0644\u0642\u0631\u0627\u0621\u0629 \u0627\u0644\u0645\u064f\u0642\u062f\u0651\u0631\" \/>\n\t<meta name=\"twitter:data1\" content=\"\u062f\u0642\u064a\u0642\u0629 \u0648\u0627\u062d\u062f\u0629\" \/>\n<script type=\"application\/ld+json\" class=\"yoast-schema-graph\">{\"@context\":\"https:\\\/\\\/schema.org\",\"@graph\":[{\"@type\":\"WebPage\",\"@id\":\"https:\\\/\\\/nirigs.com\\\/product\\\/garnier-ultra-doux-shampooing-nourrissant-avocat-karite-300-ml\\\/\",\"url\":\"https:\\\/\\\/nirigs.com\\\/product\\\/garnier-ultra-doux-shampooing-nourrissant-avocat-karite-300-ml\\\/\",\"name\":\"Garnier - Ultra Doux Shampooing Nourrissant avocat karit\u00e9 - 300 ml - NIRIGS\",\"isPartOf\":{\"@id\":\"https:\\\/\\\/nirigs.com\\\/#website\"},\"primaryImageOfPage\":{\"@id\":\"https:\\\/\\\/nirigs.com\\\/product\\\/garnier-ultra-doux-shampooing-nourrissant-avocat-karite-300-ml\\\/#primaryimage\"},\"image\":{\"@id\":\"https:\\\/\\\/nirigs.com\\\/product\\\/garnier-ultra-doux-shampooing-nourrissant-avocat-karite-300-ml\\\/#primaryimage\"},\"thumbnailUrl\":\"https:\\\/\\\/nirigs.com\\\/wp-content\\\/uploads\\\/2024\\\/09\\\/Garnier-Ultra-Doux-Shampooing-Nourrissant-avocat-karite-300-ml.jpg\",\"datePublished\":\"2024-10-02T15:10:13+00:00\",\"dateModified\":\"2025-03-13T14:58:54+00:00\",\"breadcrumb\":{\"@id\":\"https:\\\/\\\/nirigs.com\\\/product\\\/garnier-ultra-doux-shampooing-nourrissant-avocat-karite-300-ml\\\/#breadcrumb\"},\"inLanguage\":\"ar\",\"potentialAction\":[{\"@type\":\"ReadAction\",\"target\":[\"https:\\\/\\\/nirigs.com\\\/product\\\/garnier-ultra-doux-shampooing-nourrissant-avocat-karite-300-ml\\\/\"]}]},{\"@type\":\"ImageObject\",\"inLanguage\":\"ar\",\"@id\":\"https:\\\/\\\/nirigs.com\\\/product\\\/garnier-ultra-doux-shampooing-nourrissant-avocat-karite-300-ml\\\/#primaryimage\",\"url\":\"https:\\\/\\\/nirigs.com\\\/wp-content\\\/uploads\\\/2024\\\/09\\\/Garnier-Ultra-Doux-Shampooing-Nourrissant-avocat-karite-300-ml.jpg\",\"contentUrl\":\"https:\\\/\\\/nirigs.com\\\/wp-content\\\/uploads\\\/2024\\\/09\\\/Garnier-Ultra-Doux-Shampooing-Nourrissant-avocat-karite-300-ml.jpg\",\"width\":1000,\"height\":1000},{\"@type\":\"BreadcrumbList\",\"@id\":\"https:\\\/\\\/nirigs.com\\\/product\\\/garnier-ultra-doux-shampooing-nourrissant-avocat-karite-300-ml\\\/#breadcrumb\",\"itemListElement\":[{\"@type\":\"ListItem\",\"position\":1,\"name\":\"Home\",\"item\":\"https:\\\/\\\/nirigs.com\\\/\"},{\"@type\":\"ListItem\",\"position\":2,\"name\":\"Parcourir\",\"item\":\"https:\\\/\\\/nirigs.com\\\/boutique\\\/\"},{\"@type\":\"ListItem\",\"position\":3,\"name\":\"Garnier &#8211; Ultra Doux Shampooing Nourrissant avocat karit\u00e9 &#8211; 300 ml\"}]},{\"@type\":\"WebSite\",\"@id\":\"https:\\\/\\\/nirigs.com\\\/#website\",\"url\":\"https:\\\/\\\/nirigs.com\\\/\",\"name\":\"Nirigs.com\",\"description\":\"Simplifiez vos achats du quotidien \u00e0 Djibouti\",\"publisher\":{\"@id\":\"https:\\\/\\\/nirigs.com\\\/#organization\"},\"potentialAction\":[{\"@type\":\"SearchAction\",\"target\":{\"@type\":\"EntryPoint\",\"urlTemplate\":\"https:\\\/\\\/nirigs.com\\\/?s={search_term_string}\"},\"query-input\":{\"@type\":\"PropertyValueSpecification\",\"valueRequired\":true,\"valueName\":\"search_term_string\"}}],\"inLanguage\":\"ar\"},{\"@type\":\"Organization\",\"@id\":\"https:\\\/\\\/nirigs.com\\\/#organization\",\"name\":\"Nirigs\",\"url\":\"https:\\\/\\\/nirigs.com\\\/\",\"logo\":{\"@type\":\"ImageObject\",\"inLanguage\":\"ar\",\"@id\":\"https:\\\/\\\/nirigs.com\\\/#\\\/schema\\\/logo\\\/image\\\/\",\"url\":\"https:\\\/\\\/nirigs.com\\\/wp-content\\\/uploads\\\/2025\\\/04\\\/Design-sans-titre-27.png\",\"contentUrl\":\"https:\\\/\\\/nirigs.com\\\/wp-content\\\/uploads\\\/2025\\\/04\\\/Design-sans-titre-27.png\",\"width\":500,\"height\":500,\"caption\":\"Nirigs\"},\"image\":{\"@id\":\"https:\\\/\\\/nirigs.com\\\/#\\\/schema\\\/logo\\\/image\\\/\"}}]}<\/script>\n<!-- \/ Yoast SEO plugin. -->","yoast_head_json":{"title":"Garnier - Ultra Doux Shampooing Nourrissant avocat karit\u00e9 - 300 ml - NIRIGS","robots":{"index":"index","follow":"follow","max-snippet":"max-snippet:-1","max-image-preview":"max-image-preview:large","max-video-preview":"max-video-preview:-1"},"canonical":"https:\/\/nirigs.com\/ar\/product\/garnier-ultra-doux-shampooing-nourrissant-avocat-karite-300-ml\/","og_locale":"ar_AR","og_type":"article","og_title":"Garnier - Ultra Doux Shampooing Nourrissant avocat karit\u00e9 - 300 ml - NIRIGS","og_description":"\u00c0 L&rsquo;HUILE D&rsquo;AVOCAT ET AU BEURRE DE KARIT\u00c9 POUR LES CHEVEUX TR\u00c8S SECS OU FRIS\u00c9S, v\u00e9ritable recette de nutrition intense","og_url":"https:\/\/nirigs.com\/ar\/product\/garnier-ultra-doux-shampooing-nourrissant-avocat-karite-300-ml\/","og_site_name":"NIRIGS","article_modified_time":"2025-03-13T14:58:54+00:00","og_image":[{"width":1000,"height":1000,"url":"https:\/\/nirigs.com\/wp-content\/uploads\/2024\/09\/Garnier-Ultra-Doux-Shampooing-Nourrissant-avocat-karite-300-ml.jpg","type":"image\/jpeg"}],"twitter_card":"summary_large_image","twitter_misc":{"\u0648\u0642\u062a \u0627\u0644\u0642\u0631\u0627\u0621\u0629 \u0627\u0644\u0645\u064f\u0642\u062f\u0651\u0631":"\u062f\u0642\u064a\u0642\u0629 \u0648\u0627\u062d\u062f\u0629"},"schema":{"@context":"https:\/\/schema.org","@graph":[{"@type":"WebPage","@id":"https:\/\/nirigs.com\/product\/garnier-ultra-doux-shampooing-nourrissant-avocat-karite-300-ml\/","url":"https:\/\/nirigs.com\/product\/garnier-ultra-doux-shampooing-nourrissant-avocat-karite-300-ml\/","name":"Garnier - Ultra Doux Shampooing Nourrissant avocat karit\u00e9 - 300 ml - NIRIGS","isPartOf":{"@id":"https:\/\/nirigs.com\/#website"},"primaryImageOfPage":{"@id":"https:\/\/nirigs.com\/product\/garnier-ultra-doux-shampooing-nourrissant-avocat-karite-300-ml\/#primaryimage"},"image":{"@id":"https:\/\/nirigs.com\/product\/garnier-ultra-doux-shampooing-nourrissant-avocat-karite-300-ml\/#primaryimage"},"thumbnailUrl":"https:\/\/nirigs.com\/wp-content\/uploads\/2024\/09\/Garnier-Ultra-Doux-Shampooing-Nourrissant-avocat-karite-300-ml.jpg","datePublished":"2024-10-02T15:10:13+00:00","dateModified":"2025-03-13T14:58:54+00:00","breadcrumb":{"@id":"https:\/\/nirigs.com\/product\/garnier-ultra-doux-shampooing-nourrissant-avocat-karite-300-ml\/#breadcrumb"},"inLanguage":"ar","potentialAction":[{"@type":"ReadAction","target":["https:\/\/nirigs.com\/product\/garnier-ultra-doux-shampooing-nourrissant-avocat-karite-300-ml\/"]}]},{"@type":"ImageObject","inLanguage":"ar","@id":"https:\/\/nirigs.com\/product\/garnier-ultra-doux-shampooing-nourrissant-avocat-karite-300-ml\/#primaryimage","url":"https:\/\/nirigs.com\/wp-content\/uploads\/2024\/09\/Garnier-Ultra-Doux-Shampooing-Nourrissant-avocat-karite-300-ml.jpg","contentUrl":"https:\/\/nirigs.com\/wp-content\/uploads\/2024\/09\/Garnier-Ultra-Doux-Shampooing-Nourrissant-avocat-karite-300-ml.jpg","width":1000,"height":1000},{"@type":"BreadcrumbList","@id":"https:\/\/nirigs.com\/product\/garnier-ultra-doux-shampooing-nourrissant-avocat-karite-300-ml\/#breadcrumb","itemListElement":[{"@type":"ListItem","position":1,"name":"Home","item":"https:\/\/nirigs.com\/"},{"@type":"ListItem","position":2,"name":"Parcourir","item":"https:\/\/nirigs.com\/boutique\/"},{"@type":"ListItem","position":3,"name":"Garnier &#8211; Ultra Doux Shampooing Nourrissant avocat karit\u00e9 &#8211; 300 ml"}]},{"@type":"WebSite","@id":"https:\/\/nirigs.com\/#website","url":"https:\/\/nirigs.com\/","name":"Nirigs.com","description":"Simplifiez vos achats du quotidien \u00e0 Djibouti","publisher":{"@id":"https:\/\/nirigs.com\/#organization"},"potentialAction":[{"@type":"SearchAction","target":{"@type":"EntryPoint","urlTemplate":"https:\/\/nirigs.com\/?s={search_term_string}"},"query-input":{"@type":"PropertyValueSpecification","valueRequired":true,"valueName":"search_term_string"}}],"inLanguage":"ar"},{"@type":"Organization","@id":"https:\/\/nirigs.com\/#organization","name":"\u0646\u064a\u0631\u064a\u062c\u0633","url":"https:\/\/nirigs.com\/","logo":{"@type":"ImageObject","inLanguage":"ar","@id":"https:\/\/nirigs.com\/#\/schema\/logo\/image\/","url":"https:\/\/nirigs.com\/wp-content\/uploads\/2025\/04\/Design-sans-titre-27.png","contentUrl":"https:\/\/nirigs.com\/wp-content\/uploads\/2025\/04\/Design-sans-titre-27.png","width":500,"height":500,"caption":"Nirigs"},"image":{"@id":"https:\/\/nirigs.com\/#\/schema\/logo\/image\/"}}]}},"brands":[{"id":1091,"name":"Garnier","slug":"garnier"}],"_links":{"self":[{"href":"https:\/\/nirigs.com\/ar\/wp-json\/wp\/v2\/product\/22160","targetHints":{"allow":["GET"]}}],"collection":[{"href":"https:\/\/nirigs.com\/ar\/wp-json\/wp\/v2\/product"}],"about":[{"href":"https:\/\/nirigs.com\/ar\/wp-json\/wp\/v2\/types\/product"}],"replies":[{"embeddable":true,"href":"https:\/\/nirigs.com\/ar\/wp-json\/wp\/v2\/comments?post=22160"}],"version-history":[{"count":5,"href":"https:\/\/nirigs.com\/ar\/wp-json\/wp\/v2\/product\/22160\/revisions"}],"predecessor-version":[{"id":24877,"href":"https:\/\/nirigs.com\/ar\/wp-json\/wp\/v2\/product\/22160\/revisions\/24877"}],"wp:featuredmedia":[{"embeddable":true,"href":"https:\/\/nirigs.com\/ar\/wp-json\/wp\/v2\/media\/22161"}],"wp:attachment":[{"href":"https:\/\/nirigs.com\/ar\/wp-json\/wp\/v2\/media?parent=22160"}],"wp:term":[{"taxonomy":"pwb-brand","embeddable":true,"href":"https:\/\/nirigs.com\/ar\/wp-json\/wp\/v2\/pwb-brand?post=22160"},{"taxonomy":"product_brand","embeddable":true,"href":"https:\/\/nirigs.com\/ar\/wp-json\/wp\/v2\/product_brand?post=22160"},{"taxonomy":"product_cat","embeddable":true,"href":"https:\/\/nirigs.com\/ar\/wp-json\/wp\/v2\/product_cat?post=22160"},{"taxonomy":"product_tag","embeddable":true,"href":"https:\/\/nirigs.com\/ar\/wp-json\/wp\/v2\/product_tag?post=22160"}],"curies":[{"name":"wp","href":"https:\/\/api.w.org\/{rel}","templated":true}]}}