{"id":22124,"date":"2024-10-02T17:36:45","date_gmt":"2024-10-02T14:36:45","guid":{"rendered":"https:\/\/nirigs.com\/?post_type=product&#038;p=22124"},"modified":"2025-08-02T11:44:54","modified_gmt":"2025-08-02T08:44:54","slug":"garnier-apres-shampooing-sans-rincage-reconstituant-tresors-de-miel-ultra-doux-200-ml","status":"publish","type":"product","link":"https:\/\/nirigs.com\/ar\/product\/garnier-apres-shampooing-sans-rincage-reconstituant-tresors-de-miel-ultra-doux-200-ml\/","title":{"rendered":"GARNIER &#8211; Apr\u00e8s-Shampooing Sans Rin\u00e7age Reconstituant Tr\u00e9sors de Miel &#8211; Ultra Doux &#8211; 200 ml"},"content":{"rendered":"<p>D\u00e9couvrez notre premier apr\u00e8s-shampooing sans rin\u00e7age au miel d\u2019acacia reconstituant et \u00e0 la cire d\u2019abeille protectrice dans une formule \u00e0 98 % d\u2019origine naturelle.<br \/>Les cheveux sont nourris et faciles \u00e0 d\u00e9m\u00ealer jusqu\u2019aux pointes.<br \/>Agit comme un ciment r\u00e9parateur, vos cheveux sont mieux prot\u00e9g\u00e9s et r\u00e9par\u00e9s jusqu\u2019aux pointes.<br \/>4X plus de nutrition pour les cheveux et z\u00e9ro gaspillage d\u2019eau pour la plan\u00e8te.<\/p>\n<h4>\u064a\u0633\u062a\u062e\u062f\u0645<\/h4>\n<ul>\n<li>Apr\u00e8s le shampooing, appliquez une noix sur cheveux humides. Ne pas rincer.<\/li>\n<li>Lavez vous les mains.<\/li>\n<li>S\u00e9cher et coiffer avec ou sans s\u00e8che-cheveux.<\/li>\n<\/ul>\n<h4>\u0645\u0643\u0648\u0646\u0627\u062a<\/h4>\n<p>Aqua \/ water, glycerin, cetearyl alcohol, helianthus annuus seed oil \/ sunflower seed oil, mel \/ honey, stearamidopropyl dimethylamine, cera alba \/ beeswax, glyceryl stearate, hydroxypropyl guar, caprylyl glycol, tartaric acid, cetyl esters, salicylic acid, caramel, coumarin, limonene, benzyl alcohol, benzyl salicylate, parfum \/ fragrance.<\/p>","protected":false},"excerpt":{"rendered":"<p><br data-mce-bogus=\"1\"><\/p>","protected":false},"featured_media":22127,"comment_status":"open","ping_status":"closed","template":"","meta":[],"pwb-brand":[1091],"product_brand":[],"product_cat":[1025,267,1022,1024],"product_tag":[],"class_list":{"0":"post-22124","1":"product","2":"type-product","3":"status-publish","4":"has-post-thumbnail","6":"pwb-brand-garnier","7":"product_cat-apres-shampooings","8":"product_cat-beaute-et-soins","9":"product_cat-coiffures-et-soins-des-cheveux","10":"product_cat-soins-des-cheveux","12":"first","13":"instock","14":"shipping-taxable","15":"purchasable","16":"product-type-simple"},"yoast_head":"<!-- This site is optimized with the Yoast SEO plugin v27.4 - https:\/\/yoast.com\/product\/yoast-seo-wordpress\/ -->\n<title>GARNIER - Apr\u00e8s-Shampooing Sans Rin\u00e7age Reconstituant Tr\u00e9sors de Miel - Ultra Doux - 200 ml - NIRIGS<\/title>\n<meta name=\"robots\" content=\"index, follow, max-snippet:-1, max-image-preview:large, max-video-preview:-1\" \/>\n<link rel=\"canonical\" href=\"https:\/\/nirigs.com\/ar\/product\/garnier-apres-shampooing-sans-rincage-reconstituant-tresors-de-miel-ultra-doux-200-ml\/\" \/>\n<meta property=\"og:locale\" content=\"ar_AR\" \/>\n<meta property=\"og:type\" content=\"article\" \/>\n<meta property=\"og:title\" content=\"GARNIER - Apr\u00e8s-Shampooing Sans Rin\u00e7age Reconstituant Tr\u00e9sors de Miel - Ultra Doux - 200 ml - NIRIGS\" \/>\n<meta property=\"og:url\" content=\"https:\/\/nirigs.com\/ar\/product\/garnier-apres-shampooing-sans-rincage-reconstituant-tresors-de-miel-ultra-doux-200-ml\/\" \/>\n<meta property=\"og:site_name\" content=\"NIRIGS\" \/>\n<meta property=\"article:modified_time\" content=\"2025-08-02T08:44:54+00:00\" \/>\n<meta property=\"og:image\" content=\"https:\/\/nirigs.com\/wp-content\/uploads\/2024\/09\/GARNIER-Apres-Shampooing-Sans-Rincage-Reconstituant-Tresors-de-Miel-Ultra-Doux-200ML.jpg\" \/>\n\t<meta property=\"og:image:width\" content=\"1000\" \/>\n\t<meta property=\"og:image:height\" content=\"1000\" \/>\n\t<meta property=\"og:image:type\" content=\"image\/jpeg\" \/>\n<meta name=\"twitter:card\" content=\"summary_large_image\" \/>\n<meta name=\"twitter:label1\" content=\"\u0648\u0642\u062a \u0627\u0644\u0642\u0631\u0627\u0621\u0629 \u0627\u0644\u0645\u064f\u0642\u062f\u0651\u0631\" \/>\n\t<meta name=\"twitter:data1\" content=\"\u062f\u0642\u064a\u0642\u0629 \u0648\u0627\u062d\u062f\u0629\" \/>\n<script type=\"application\/ld+json\" class=\"yoast-schema-graph\">{\"@context\":\"https:\\\/\\\/schema.org\",\"@graph\":[{\"@type\":\"WebPage\",\"@id\":\"https:\\\/\\\/nirigs.com\\\/product\\\/garnier-apres-shampooing-sans-rincage-reconstituant-tresors-de-miel-ultra-doux-200-ml\\\/\",\"url\":\"https:\\\/\\\/nirigs.com\\\/product\\\/garnier-apres-shampooing-sans-rincage-reconstituant-tresors-de-miel-ultra-doux-200-ml\\\/\",\"name\":\"GARNIER - Apr\u00e8s-Shampooing Sans Rin\u00e7age Reconstituant Tr\u00e9sors de Miel - Ultra Doux - 200 ml - NIRIGS\",\"isPartOf\":{\"@id\":\"https:\\\/\\\/nirigs.com\\\/#website\"},\"primaryImageOfPage\":{\"@id\":\"https:\\\/\\\/nirigs.com\\\/product\\\/garnier-apres-shampooing-sans-rincage-reconstituant-tresors-de-miel-ultra-doux-200-ml\\\/#primaryimage\"},\"image\":{\"@id\":\"https:\\\/\\\/nirigs.com\\\/product\\\/garnier-apres-shampooing-sans-rincage-reconstituant-tresors-de-miel-ultra-doux-200-ml\\\/#primaryimage\"},\"thumbnailUrl\":\"https:\\\/\\\/nirigs.com\\\/wp-content\\\/uploads\\\/2024\\\/09\\\/GARNIER-Apres-Shampooing-Sans-Rincage-Reconstituant-Tresors-de-Miel-Ultra-Doux-200ML.jpg\",\"datePublished\":\"2024-10-02T14:36:45+00:00\",\"dateModified\":\"2025-08-02T08:44:54+00:00\",\"breadcrumb\":{\"@id\":\"https:\\\/\\\/nirigs.com\\\/product\\\/garnier-apres-shampooing-sans-rincage-reconstituant-tresors-de-miel-ultra-doux-200-ml\\\/#breadcrumb\"},\"inLanguage\":\"ar\",\"potentialAction\":[{\"@type\":\"ReadAction\",\"target\":[\"https:\\\/\\\/nirigs.com\\\/product\\\/garnier-apres-shampooing-sans-rincage-reconstituant-tresors-de-miel-ultra-doux-200-ml\\\/\"]}]},{\"@type\":\"ImageObject\",\"inLanguage\":\"ar\",\"@id\":\"https:\\\/\\\/nirigs.com\\\/product\\\/garnier-apres-shampooing-sans-rincage-reconstituant-tresors-de-miel-ultra-doux-200-ml\\\/#primaryimage\",\"url\":\"https:\\\/\\\/nirigs.com\\\/wp-content\\\/uploads\\\/2024\\\/09\\\/GARNIER-Apres-Shampooing-Sans-Rincage-Reconstituant-Tresors-de-Miel-Ultra-Doux-200ML.jpg\",\"contentUrl\":\"https:\\\/\\\/nirigs.com\\\/wp-content\\\/uploads\\\/2024\\\/09\\\/GARNIER-Apres-Shampooing-Sans-Rincage-Reconstituant-Tresors-de-Miel-Ultra-Doux-200ML.jpg\",\"width\":1000,\"height\":1000},{\"@type\":\"BreadcrumbList\",\"@id\":\"https:\\\/\\\/nirigs.com\\\/product\\\/garnier-apres-shampooing-sans-rincage-reconstituant-tresors-de-miel-ultra-doux-200-ml\\\/#breadcrumb\",\"itemListElement\":[{\"@type\":\"ListItem\",\"position\":1,\"name\":\"Home\",\"item\":\"https:\\\/\\\/nirigs.com\\\/\"},{\"@type\":\"ListItem\",\"position\":2,\"name\":\"Parcourir\",\"item\":\"https:\\\/\\\/nirigs.com\\\/boutique\\\/\"},{\"@type\":\"ListItem\",\"position\":3,\"name\":\"GARNIER &#8211; Apr\u00e8s-Shampooing Sans Rin\u00e7age Reconstituant Tr\u00e9sors de Miel &#8211; Ultra Doux &#8211; 200 ml\"}]},{\"@type\":\"WebSite\",\"@id\":\"https:\\\/\\\/nirigs.com\\\/#website\",\"url\":\"https:\\\/\\\/nirigs.com\\\/\",\"name\":\"Nirigs.com\",\"description\":\"Simplifiez vos achats du quotidien \u00e0 Djibouti\",\"publisher\":{\"@id\":\"https:\\\/\\\/nirigs.com\\\/#organization\"},\"potentialAction\":[{\"@type\":\"SearchAction\",\"target\":{\"@type\":\"EntryPoint\",\"urlTemplate\":\"https:\\\/\\\/nirigs.com\\\/?s={search_term_string}\"},\"query-input\":{\"@type\":\"PropertyValueSpecification\",\"valueRequired\":true,\"valueName\":\"search_term_string\"}}],\"inLanguage\":\"ar\"},{\"@type\":\"Organization\",\"@id\":\"https:\\\/\\\/nirigs.com\\\/#organization\",\"name\":\"Nirigs\",\"url\":\"https:\\\/\\\/nirigs.com\\\/\",\"logo\":{\"@type\":\"ImageObject\",\"inLanguage\":\"ar\",\"@id\":\"https:\\\/\\\/nirigs.com\\\/#\\\/schema\\\/logo\\\/image\\\/\",\"url\":\"https:\\\/\\\/nirigs.com\\\/wp-content\\\/uploads\\\/2025\\\/04\\\/Design-sans-titre-27.png\",\"contentUrl\":\"https:\\\/\\\/nirigs.com\\\/wp-content\\\/uploads\\\/2025\\\/04\\\/Design-sans-titre-27.png\",\"width\":500,\"height\":500,\"caption\":\"Nirigs\"},\"image\":{\"@id\":\"https:\\\/\\\/nirigs.com\\\/#\\\/schema\\\/logo\\\/image\\\/\"}}]}<\/script>\n<!-- \/ Yoast SEO plugin. -->","yoast_head_json":{"title":"GARNIER - Apr\u00e8s-Shampooing Sans Rin\u00e7age Reconstituant Tr\u00e9sors de Miel - Ultra Doux - 200 ml - NIRIGS","robots":{"index":"index","follow":"follow","max-snippet":"max-snippet:-1","max-image-preview":"max-image-preview:large","max-video-preview":"max-video-preview:-1"},"canonical":"https:\/\/nirigs.com\/ar\/product\/garnier-apres-shampooing-sans-rincage-reconstituant-tresors-de-miel-ultra-doux-200-ml\/","og_locale":"ar_AR","og_type":"article","og_title":"GARNIER - Apr\u00e8s-Shampooing Sans Rin\u00e7age Reconstituant Tr\u00e9sors de Miel - Ultra Doux - 200 ml - NIRIGS","og_url":"https:\/\/nirigs.com\/ar\/product\/garnier-apres-shampooing-sans-rincage-reconstituant-tresors-de-miel-ultra-doux-200-ml\/","og_site_name":"NIRIGS","article_modified_time":"2025-08-02T08:44:54+00:00","og_image":[{"width":1000,"height":1000,"url":"https:\/\/nirigs.com\/wp-content\/uploads\/2024\/09\/GARNIER-Apres-Shampooing-Sans-Rincage-Reconstituant-Tresors-de-Miel-Ultra-Doux-200ML.jpg","type":"image\/jpeg"}],"twitter_card":"summary_large_image","twitter_misc":{"\u0648\u0642\u062a \u0627\u0644\u0642\u0631\u0627\u0621\u0629 \u0627\u0644\u0645\u064f\u0642\u062f\u0651\u0631":"\u062f\u0642\u064a\u0642\u0629 \u0648\u0627\u062d\u062f\u0629"},"schema":{"@context":"https:\/\/schema.org","@graph":[{"@type":"WebPage","@id":"https:\/\/nirigs.com\/product\/garnier-apres-shampooing-sans-rincage-reconstituant-tresors-de-miel-ultra-doux-200-ml\/","url":"https:\/\/nirigs.com\/product\/garnier-apres-shampooing-sans-rincage-reconstituant-tresors-de-miel-ultra-doux-200-ml\/","name":"GARNIER - Apr\u00e8s-Shampooing Sans Rin\u00e7age Reconstituant Tr\u00e9sors de Miel - Ultra Doux - 200 ml - NIRIGS","isPartOf":{"@id":"https:\/\/nirigs.com\/#website"},"primaryImageOfPage":{"@id":"https:\/\/nirigs.com\/product\/garnier-apres-shampooing-sans-rincage-reconstituant-tresors-de-miel-ultra-doux-200-ml\/#primaryimage"},"image":{"@id":"https:\/\/nirigs.com\/product\/garnier-apres-shampooing-sans-rincage-reconstituant-tresors-de-miel-ultra-doux-200-ml\/#primaryimage"},"thumbnailUrl":"https:\/\/nirigs.com\/wp-content\/uploads\/2024\/09\/GARNIER-Apres-Shampooing-Sans-Rincage-Reconstituant-Tresors-de-Miel-Ultra-Doux-200ML.jpg","datePublished":"2024-10-02T14:36:45+00:00","dateModified":"2025-08-02T08:44:54+00:00","breadcrumb":{"@id":"https:\/\/nirigs.com\/product\/garnier-apres-shampooing-sans-rincage-reconstituant-tresors-de-miel-ultra-doux-200-ml\/#breadcrumb"},"inLanguage":"ar","potentialAction":[{"@type":"ReadAction","target":["https:\/\/nirigs.com\/product\/garnier-apres-shampooing-sans-rincage-reconstituant-tresors-de-miel-ultra-doux-200-ml\/"]}]},{"@type":"ImageObject","inLanguage":"ar","@id":"https:\/\/nirigs.com\/product\/garnier-apres-shampooing-sans-rincage-reconstituant-tresors-de-miel-ultra-doux-200-ml\/#primaryimage","url":"https:\/\/nirigs.com\/wp-content\/uploads\/2024\/09\/GARNIER-Apres-Shampooing-Sans-Rincage-Reconstituant-Tresors-de-Miel-Ultra-Doux-200ML.jpg","contentUrl":"https:\/\/nirigs.com\/wp-content\/uploads\/2024\/09\/GARNIER-Apres-Shampooing-Sans-Rincage-Reconstituant-Tresors-de-Miel-Ultra-Doux-200ML.jpg","width":1000,"height":1000},{"@type":"BreadcrumbList","@id":"https:\/\/nirigs.com\/product\/garnier-apres-shampooing-sans-rincage-reconstituant-tresors-de-miel-ultra-doux-200-ml\/#breadcrumb","itemListElement":[{"@type":"ListItem","position":1,"name":"Home","item":"https:\/\/nirigs.com\/"},{"@type":"ListItem","position":2,"name":"Parcourir","item":"https:\/\/nirigs.com\/boutique\/"},{"@type":"ListItem","position":3,"name":"GARNIER &#8211; Apr\u00e8s-Shampooing Sans Rin\u00e7age Reconstituant Tr\u00e9sors de Miel &#8211; Ultra Doux &#8211; 200 ml"}]},{"@type":"WebSite","@id":"https:\/\/nirigs.com\/#website","url":"https:\/\/nirigs.com\/","name":"Nirigs.com","description":"Simplifiez vos achats du quotidien \u00e0 Djibouti","publisher":{"@id":"https:\/\/nirigs.com\/#organization"},"potentialAction":[{"@type":"SearchAction","target":{"@type":"EntryPoint","urlTemplate":"https:\/\/nirigs.com\/?s={search_term_string}"},"query-input":{"@type":"PropertyValueSpecification","valueRequired":true,"valueName":"search_term_string"}}],"inLanguage":"ar"},{"@type":"Organization","@id":"https:\/\/nirigs.com\/#organization","name":"\u0646\u064a\u0631\u064a\u062c\u0633","url":"https:\/\/nirigs.com\/","logo":{"@type":"ImageObject","inLanguage":"ar","@id":"https:\/\/nirigs.com\/#\/schema\/logo\/image\/","url":"https:\/\/nirigs.com\/wp-content\/uploads\/2025\/04\/Design-sans-titre-27.png","contentUrl":"https:\/\/nirigs.com\/wp-content\/uploads\/2025\/04\/Design-sans-titre-27.png","width":500,"height":500,"caption":"Nirigs"},"image":{"@id":"https:\/\/nirigs.com\/#\/schema\/logo\/image\/"}}]}},"brands":[{"id":1091,"name":"Garnier","slug":"garnier"}],"_links":{"self":[{"href":"https:\/\/nirigs.com\/ar\/wp-json\/wp\/v2\/product\/22124","targetHints":{"allow":["GET"]}}],"collection":[{"href":"https:\/\/nirigs.com\/ar\/wp-json\/wp\/v2\/product"}],"about":[{"href":"https:\/\/nirigs.com\/ar\/wp-json\/wp\/v2\/types\/product"}],"replies":[{"embeddable":true,"href":"https:\/\/nirigs.com\/ar\/wp-json\/wp\/v2\/comments?post=22124"}],"version-history":[{"count":9,"href":"https:\/\/nirigs.com\/ar\/wp-json\/wp\/v2\/product\/22124\/revisions"}],"predecessor-version":[{"id":27017,"href":"https:\/\/nirigs.com\/ar\/wp-json\/wp\/v2\/product\/22124\/revisions\/27017"}],"wp:featuredmedia":[{"embeddable":true,"href":"https:\/\/nirigs.com\/ar\/wp-json\/wp\/v2\/media\/22127"}],"wp:attachment":[{"href":"https:\/\/nirigs.com\/ar\/wp-json\/wp\/v2\/media?parent=22124"}],"wp:term":[{"taxonomy":"pwb-brand","embeddable":true,"href":"https:\/\/nirigs.com\/ar\/wp-json\/wp\/v2\/pwb-brand?post=22124"},{"taxonomy":"product_brand","embeddable":true,"href":"https:\/\/nirigs.com\/ar\/wp-json\/wp\/v2\/product_brand?post=22124"},{"taxonomy":"product_cat","embeddable":true,"href":"https:\/\/nirigs.com\/ar\/wp-json\/wp\/v2\/product_cat?post=22124"},{"taxonomy":"product_tag","embeddable":true,"href":"https:\/\/nirigs.com\/ar\/wp-json\/wp\/v2\/product_tag?post=22124"}],"curies":[{"name":"wp","href":"https:\/\/api.w.org\/{rel}","templated":true}]}}