{"id":22101,"date":"2024-10-02T17:47:37","date_gmt":"2024-10-02T14:47:37","guid":{"rendered":"https:\/\/nirigs.com\/?post_type=product&#038;p=22101"},"modified":"2025-04-22T11:33:54","modified_gmt":"2025-04-22T08:33:54","slug":"garnier-fructis-soin-demelant-repulpant-pasteque-pour-cheveux-fins-350-ml","status":"publish","type":"product","link":"https:\/\/nirigs.com\/ar\/product\/garnier-fructis-soin-demelant-repulpant-pasteque-pour-cheveux-fins-350-ml\/","title":{"rendered":"Garnier &#8211; Fructis Soin D\u00e9m\u00ealant Repulpant Past\u00e8que, Pour Cheveux Fins &#8211; 350 ml"},"content":{"rendered":"<p>Garnier pr\u00e9sente son nouveau soin d\u00e9m\u00ealant Hair Food \u00e0 la Past\u00e8que pour repulper les cheveux fins.<\/p>\n<p>Une formule vegan, sans silicone, \u00e0 97% d&rsquo;origine naturelle dont la texture fondante p\u00e9n\u00e8tre instantan\u00e9ment et se rince facilement pour d\u00e9m\u00ealer rapidement.<\/p>\n<p>Pour des cheveux repulp\u00e9s, comme gorg\u00e9s d&rsquo;hydratation, en pleine sant\u00e9.<\/p>\n<h4>\u064a\u0633\u062a\u062e\u062f\u0645<\/h4>\n<div id=\"importantInformation_feature_div\" class=\"celwidget\" data-feature-name=\"importantInformation\" data-csa-c-type=\"widget\" data-csa-c-content-id=\"importantInformation\" data-csa-c-slot-id=\"importantInformation_feature_div\" data-csa-c-asin=\"\" data-csa-c-is-in-initial-active-row=\"false\" data-cel-widget=\"importantInformation_feature_div\" data-csa-c-id=\"4rn3wk-ecqme9-l1367i-5khwkp\">\n<div id=\"important-information\" class=\"a-section a-spacing-extra-large bucket\">\n<div class=\"a-section content\">\n<ul>\n<li>Apr\u00e8s le shampooing, appliquer,<\/li>\n<li>Masser sur cheveux mouill\u00e9s<\/li>\n<li>\u0634\u0637\u0641 \u062c\u064a\u062f\u0627.<\/li>\n<\/ul>\n<\/div>\n<\/div>\n<\/div>\n<h4>\u0645\u0643\u0648\u0646\u0627\u062a<\/h4>\n<p>1239526 A &#8211; INGREDIENTS: AQUA \/ WATER \u2022 CETEARYL ALCOHOL \u2022 GLYCERIN \u2022 ISOPROPYL MYRISTATE \u2022 STEARAMIDOPROPYL DIMETHYLAMINE \u2022 GLYCINE SOJA OIL \/ SOYBEAN OIL \u2022 HELIANTHUS ANNUUS SEED OIL \/ SUNFLOWER SEED OIL \u2022 PUNICA GRANATUM EXTRACT \u2022 COCOS NUCIFERA OIL \/ COCONUT OIL \u2022 CITRULLUS LANATUS FRUIT EXTRACT \/ WATERMELON FRUIT EXTRACT \u2022 COCO-CAPRYLATE\/CAPRATE \u2022 HYDROXYPROPYL GUAR HYDROXYPROPYLTRIMONIUM CHLORIDE \u2022 CAPRYLYL GLYCOL \u2022 CITRIC ACID \u2022 TARTARIC ACID \u2022 CETYL ESTERS \u2022 SALICYLIC ACID \u2022 LINALOOL \u2022 GERANIOL \u2022 LIMONENE \u2022 CITRAL \u2022 BENZYL ALCOHOL \u2022 PARFUM \/ FRAGRANCE (F.I.L. C256495\/1).<\/p>","protected":false},"excerpt":{"rendered":"<p><br data-mce-bogus=\"1\"><\/p>","protected":false},"featured_media":22102,"comment_status":"open","ping_status":"closed","template":"","meta":[],"pwb-brand":[1091],"product_brand":[],"product_cat":[267,1022,1075],"product_tag":[],"class_list":{"0":"post-22101","1":"product","2":"type-product","3":"status-publish","4":"has-post-thumbnail","6":"pwb-brand-garnier","7":"product_cat-beaute-et-soins","8":"product_cat-coiffures-et-soins-des-cheveux","9":"product_cat-demelants","11":"first","12":"instock","13":"shipping-taxable","14":"purchasable","15":"product-type-simple"},"yoast_head":"<!-- This site is optimized with the Yoast SEO plugin v27.1.1 - https:\/\/yoast.com\/product\/yoast-seo-wordpress\/ -->\n<title>Garnier - Fructis Soin D\u00e9m\u00ealant Repulpant Past\u00e8que, Pour Cheveux Fins - 350 ml - NIRIGS<\/title>\n<meta name=\"robots\" content=\"index, follow, max-snippet:-1, max-image-preview:large, max-video-preview:-1\" \/>\n<link rel=\"canonical\" href=\"https:\/\/nirigs.com\/ar\/product\/garnier-fructis-soin-demelant-repulpant-pasteque-pour-cheveux-fins-350-ml\/\" \/>\n<meta property=\"og:locale\" content=\"ar_AR\" \/>\n<meta property=\"og:type\" content=\"article\" \/>\n<meta property=\"og:title\" content=\"Garnier - Fructis Soin D\u00e9m\u00ealant Repulpant Past\u00e8que, Pour Cheveux Fins - 350 ml - NIRIGS\" \/>\n<meta property=\"og:url\" content=\"https:\/\/nirigs.com\/ar\/product\/garnier-fructis-soin-demelant-repulpant-pasteque-pour-cheveux-fins-350-ml\/\" \/>\n<meta property=\"og:site_name\" content=\"NIRIGS\" \/>\n<meta property=\"article:modified_time\" content=\"2025-04-22T08:33:54+00:00\" \/>\n<meta property=\"og:image\" content=\"https:\/\/nirigs.com\/wp-content\/uploads\/2024\/09\/Garnier-Fructis-Soin-Demelant-Repulpant-Pasteque-Pour-Cheveux-Fins-350-ml.jpg\" \/>\n\t<meta property=\"og:image:width\" content=\"1000\" \/>\n\t<meta property=\"og:image:height\" content=\"1000\" \/>\n\t<meta property=\"og:image:type\" content=\"image\/jpeg\" \/>\n<meta name=\"twitter:card\" content=\"summary_large_image\" \/>\n<meta name=\"twitter:label1\" content=\"\u0648\u0642\u062a \u0627\u0644\u0642\u0631\u0627\u0621\u0629 \u0627\u0644\u0645\u064f\u0642\u062f\u0651\u0631\" \/>\n\t<meta name=\"twitter:data1\" content=\"\u062f\u0642\u064a\u0642\u0629 \u0648\u0627\u062d\u062f\u0629\" \/>\n<script type=\"application\/ld+json\" class=\"yoast-schema-graph\">{\"@context\":\"https:\/\/schema.org\",\"@graph\":[{\"@type\":\"WebPage\",\"@id\":\"https:\/\/nirigs.com\/product\/garnier-fructis-soin-demelant-repulpant-pasteque-pour-cheveux-fins-350-ml\/\",\"url\":\"https:\/\/nirigs.com\/product\/garnier-fructis-soin-demelant-repulpant-pasteque-pour-cheveux-fins-350-ml\/\",\"name\":\"Garnier - Fructis Soin D\u00e9m\u00ealant Repulpant Past\u00e8que, Pour Cheveux Fins - 350 ml - NIRIGS\",\"isPartOf\":{\"@id\":\"https:\/\/nirigs.com\/#website\"},\"primaryImageOfPage\":{\"@id\":\"https:\/\/nirigs.com\/product\/garnier-fructis-soin-demelant-repulpant-pasteque-pour-cheveux-fins-350-ml\/#primaryimage\"},\"image\":{\"@id\":\"https:\/\/nirigs.com\/product\/garnier-fructis-soin-demelant-repulpant-pasteque-pour-cheveux-fins-350-ml\/#primaryimage\"},\"thumbnailUrl\":\"https:\/\/nirigs.com\/wp-content\/uploads\/2024\/09\/Garnier-Fructis-Soin-Demelant-Repulpant-Pasteque-Pour-Cheveux-Fins-350-ml.jpg\",\"datePublished\":\"2024-10-02T14:47:37+00:00\",\"dateModified\":\"2025-04-22T08:33:54+00:00\",\"breadcrumb\":{\"@id\":\"https:\/\/nirigs.com\/product\/garnier-fructis-soin-demelant-repulpant-pasteque-pour-cheveux-fins-350-ml\/#breadcrumb\"},\"inLanguage\":\"ar\",\"potentialAction\":[{\"@type\":\"ReadAction\",\"target\":[\"https:\/\/nirigs.com\/product\/garnier-fructis-soin-demelant-repulpant-pasteque-pour-cheveux-fins-350-ml\/\"]}]},{\"@type\":\"ImageObject\",\"inLanguage\":\"ar\",\"@id\":\"https:\/\/nirigs.com\/product\/garnier-fructis-soin-demelant-repulpant-pasteque-pour-cheveux-fins-350-ml\/#primaryimage\",\"url\":\"https:\/\/nirigs.com\/wp-content\/uploads\/2024\/09\/Garnier-Fructis-Soin-Demelant-Repulpant-Pasteque-Pour-Cheveux-Fins-350-ml.jpg\",\"contentUrl\":\"https:\/\/nirigs.com\/wp-content\/uploads\/2024\/09\/Garnier-Fructis-Soin-Demelant-Repulpant-Pasteque-Pour-Cheveux-Fins-350-ml.jpg\",\"width\":1000,\"height\":1000},{\"@type\":\"BreadcrumbList\",\"@id\":\"https:\/\/nirigs.com\/product\/garnier-fructis-soin-demelant-repulpant-pasteque-pour-cheveux-fins-350-ml\/#breadcrumb\",\"itemListElement\":[{\"@type\":\"ListItem\",\"position\":1,\"name\":\"Home\",\"item\":\"https:\/\/nirigs.com\/\"},{\"@type\":\"ListItem\",\"position\":2,\"name\":\"Parcourir\",\"item\":\"https:\/\/nirigs.com\/boutique\/\"},{\"@type\":\"ListItem\",\"position\":3,\"name\":\"Garnier &#8211; Fructis Soin D\u00e9m\u00ealant Repulpant Past\u00e8que, Pour Cheveux Fins &#8211; 350 ml\"}]},{\"@type\":\"WebSite\",\"@id\":\"https:\/\/nirigs.com\/#website\",\"url\":\"https:\/\/nirigs.com\/\",\"name\":\"Nirigs.com\",\"description\":\"Simplifiez vos achats du quotidien \u00e0 Djibouti\",\"publisher\":{\"@id\":\"https:\/\/nirigs.com\/#organization\"},\"potentialAction\":[{\"@type\":\"SearchAction\",\"target\":{\"@type\":\"EntryPoint\",\"urlTemplate\":\"https:\/\/nirigs.com\/?s={search_term_string}\"},\"query-input\":{\"@type\":\"PropertyValueSpecification\",\"valueRequired\":true,\"valueName\":\"search_term_string\"}}],\"inLanguage\":\"ar\"},{\"@type\":\"Organization\",\"@id\":\"https:\/\/nirigs.com\/#organization\",\"name\":\"Nirigs\",\"url\":\"https:\/\/nirigs.com\/\",\"logo\":{\"@type\":\"ImageObject\",\"inLanguage\":\"ar\",\"@id\":\"https:\/\/nirigs.com\/#\/schema\/logo\/image\/\",\"url\":\"https:\/\/nirigs.com\/wp-content\/uploads\/2025\/04\/Design-sans-titre-27.png\",\"contentUrl\":\"https:\/\/nirigs.com\/wp-content\/uploads\/2025\/04\/Design-sans-titre-27.png\",\"width\":500,\"height\":500,\"caption\":\"Nirigs\"},\"image\":{\"@id\":\"https:\/\/nirigs.com\/#\/schema\/logo\/image\/\"}}]}<\/script>\n<!-- \/ Yoast SEO plugin. -->","yoast_head_json":{"title":"Garnier - Fructis Soin D\u00e9m\u00ealant Repulpant Past\u00e8que, Pour Cheveux Fins - 350 ml - NIRIGS","robots":{"index":"index","follow":"follow","max-snippet":"max-snippet:-1","max-image-preview":"max-image-preview:large","max-video-preview":"max-video-preview:-1"},"canonical":"https:\/\/nirigs.com\/ar\/product\/garnier-fructis-soin-demelant-repulpant-pasteque-pour-cheveux-fins-350-ml\/","og_locale":"ar_AR","og_type":"article","og_title":"Garnier - Fructis Soin D\u00e9m\u00ealant Repulpant Past\u00e8que, Pour Cheveux Fins - 350 ml - NIRIGS","og_url":"https:\/\/nirigs.com\/ar\/product\/garnier-fructis-soin-demelant-repulpant-pasteque-pour-cheveux-fins-350-ml\/","og_site_name":"NIRIGS","article_modified_time":"2025-04-22T08:33:54+00:00","og_image":[{"width":1000,"height":1000,"url":"https:\/\/nirigs.com\/wp-content\/uploads\/2024\/09\/Garnier-Fructis-Soin-Demelant-Repulpant-Pasteque-Pour-Cheveux-Fins-350-ml.jpg","type":"image\/jpeg"}],"twitter_card":"summary_large_image","twitter_misc":{"\u0648\u0642\u062a \u0627\u0644\u0642\u0631\u0627\u0621\u0629 \u0627\u0644\u0645\u064f\u0642\u062f\u0651\u0631":"\u062f\u0642\u064a\u0642\u0629 \u0648\u0627\u062d\u062f\u0629"},"schema":{"@context":"https:\/\/schema.org","@graph":[{"@type":"WebPage","@id":"https:\/\/nirigs.com\/product\/garnier-fructis-soin-demelant-repulpant-pasteque-pour-cheveux-fins-350-ml\/","url":"https:\/\/nirigs.com\/product\/garnier-fructis-soin-demelant-repulpant-pasteque-pour-cheveux-fins-350-ml\/","name":"Garnier - Fructis Soin D\u00e9m\u00ealant Repulpant Past\u00e8que, Pour Cheveux Fins - 350 ml - NIRIGS","isPartOf":{"@id":"https:\/\/nirigs.com\/#website"},"primaryImageOfPage":{"@id":"https:\/\/nirigs.com\/product\/garnier-fructis-soin-demelant-repulpant-pasteque-pour-cheveux-fins-350-ml\/#primaryimage"},"image":{"@id":"https:\/\/nirigs.com\/product\/garnier-fructis-soin-demelant-repulpant-pasteque-pour-cheveux-fins-350-ml\/#primaryimage"},"thumbnailUrl":"https:\/\/nirigs.com\/wp-content\/uploads\/2024\/09\/Garnier-Fructis-Soin-Demelant-Repulpant-Pasteque-Pour-Cheveux-Fins-350-ml.jpg","datePublished":"2024-10-02T14:47:37+00:00","dateModified":"2025-04-22T08:33:54+00:00","breadcrumb":{"@id":"https:\/\/nirigs.com\/product\/garnier-fructis-soin-demelant-repulpant-pasteque-pour-cheveux-fins-350-ml\/#breadcrumb"},"inLanguage":"ar","potentialAction":[{"@type":"ReadAction","target":["https:\/\/nirigs.com\/product\/garnier-fructis-soin-demelant-repulpant-pasteque-pour-cheveux-fins-350-ml\/"]}]},{"@type":"ImageObject","inLanguage":"ar","@id":"https:\/\/nirigs.com\/product\/garnier-fructis-soin-demelant-repulpant-pasteque-pour-cheveux-fins-350-ml\/#primaryimage","url":"https:\/\/nirigs.com\/wp-content\/uploads\/2024\/09\/Garnier-Fructis-Soin-Demelant-Repulpant-Pasteque-Pour-Cheveux-Fins-350-ml.jpg","contentUrl":"https:\/\/nirigs.com\/wp-content\/uploads\/2024\/09\/Garnier-Fructis-Soin-Demelant-Repulpant-Pasteque-Pour-Cheveux-Fins-350-ml.jpg","width":1000,"height":1000},{"@type":"BreadcrumbList","@id":"https:\/\/nirigs.com\/product\/garnier-fructis-soin-demelant-repulpant-pasteque-pour-cheveux-fins-350-ml\/#breadcrumb","itemListElement":[{"@type":"ListItem","position":1,"name":"Home","item":"https:\/\/nirigs.com\/"},{"@type":"ListItem","position":2,"name":"Parcourir","item":"https:\/\/nirigs.com\/boutique\/"},{"@type":"ListItem","position":3,"name":"Garnier &#8211; Fructis Soin D\u00e9m\u00ealant Repulpant Past\u00e8que, Pour Cheveux Fins &#8211; 350 ml"}]},{"@type":"WebSite","@id":"https:\/\/nirigs.com\/#website","url":"https:\/\/nirigs.com\/","name":"Nirigs.com","description":"Simplifiez vos achats du quotidien \u00e0 Djibouti","publisher":{"@id":"https:\/\/nirigs.com\/#organization"},"potentialAction":[{"@type":"SearchAction","target":{"@type":"EntryPoint","urlTemplate":"https:\/\/nirigs.com\/?s={search_term_string}"},"query-input":{"@type":"PropertyValueSpecification","valueRequired":true,"valueName":"search_term_string"}}],"inLanguage":"ar"},{"@type":"Organization","@id":"https:\/\/nirigs.com\/#organization","name":"\u0646\u064a\u0631\u064a\u062c\u0633","url":"https:\/\/nirigs.com\/","logo":{"@type":"ImageObject","inLanguage":"ar","@id":"https:\/\/nirigs.com\/#\/schema\/logo\/image\/","url":"https:\/\/nirigs.com\/wp-content\/uploads\/2025\/04\/Design-sans-titre-27.png","contentUrl":"https:\/\/nirigs.com\/wp-content\/uploads\/2025\/04\/Design-sans-titre-27.png","width":500,"height":500,"caption":"Nirigs"},"image":{"@id":"https:\/\/nirigs.com\/#\/schema\/logo\/image\/"}}]}},"brands":[{"id":1091,"name":"Garnier","slug":"garnier"}],"_links":{"self":[{"href":"https:\/\/nirigs.com\/ar\/wp-json\/wp\/v2\/product\/22101","targetHints":{"allow":["GET"]}}],"collection":[{"href":"https:\/\/nirigs.com\/ar\/wp-json\/wp\/v2\/product"}],"about":[{"href":"https:\/\/nirigs.com\/ar\/wp-json\/wp\/v2\/types\/product"}],"replies":[{"embeddable":true,"href":"https:\/\/nirigs.com\/ar\/wp-json\/wp\/v2\/comments?post=22101"}],"version-history":[{"count":6,"href":"https:\/\/nirigs.com\/ar\/wp-json\/wp\/v2\/product\/22101\/revisions"}],"predecessor-version":[{"id":26976,"href":"https:\/\/nirigs.com\/ar\/wp-json\/wp\/v2\/product\/22101\/revisions\/26976"}],"wp:featuredmedia":[{"embeddable":true,"href":"https:\/\/nirigs.com\/ar\/wp-json\/wp\/v2\/media\/22102"}],"wp:attachment":[{"href":"https:\/\/nirigs.com\/ar\/wp-json\/wp\/v2\/media?parent=22101"}],"wp:term":[{"taxonomy":"pwb-brand","embeddable":true,"href":"https:\/\/nirigs.com\/ar\/wp-json\/wp\/v2\/pwb-brand?post=22101"},{"taxonomy":"product_brand","embeddable":true,"href":"https:\/\/nirigs.com\/ar\/wp-json\/wp\/v2\/product_brand?post=22101"},{"taxonomy":"product_cat","embeddable":true,"href":"https:\/\/nirigs.com\/ar\/wp-json\/wp\/v2\/product_cat?post=22101"},{"taxonomy":"product_tag","embeddable":true,"href":"https:\/\/nirigs.com\/ar\/wp-json\/wp\/v2\/product_tag?post=22101"}],"curies":[{"name":"wp","href":"https:\/\/api.w.org\/{rel}","templated":true}]}}