{"id":22048,"date":"2024-10-02T17:43:33","date_gmt":"2024-10-02T14:43:33","guid":{"rendered":"https:\/\/nirigs.com\/?post_type=product&#038;p=22048"},"modified":"2025-04-22T11:39:14","modified_gmt":"2025-04-22T08:39:14","slug":"loreal-paris-elseve-huile-en-creme-de-nutrition-sans-rincage-pour-cheveux-secs-150-ml","status":"publish","type":"product","link":"https:\/\/nirigs.com\/ar\/product\/loreal-paris-elseve-huile-en-creme-de-nutrition-sans-rincage-pour-cheveux-secs-150-ml\/","title":{"rendered":"L&rsquo;Or\u00e9al Paris &#8211; Els\u00e8ve Huile-en-Cr\u00e8me de Nutrition sans Rin\u00e7age pour Cheveux Secs &#8211; 150 ml"},"content":{"rendered":"<p>Vous cherchez un soin pour nourrir intens\u00e9ment vos cheveux secs ? D\u00e9couvrez l&rsquo;Huile-en-Cr\u00e8me Els\u00e8ve, un soin non gras, sans rin\u00e7age, \u00e0 utiliser sur cheveux humides ou secs.<\/p>\n<p>Absorb\u00e9e instantan\u00e9ment, l&rsquo;huile-en-cr\u00e8me p\u00e9n\u00e8tre chaque fibre pour la nourrir intens\u00e9ment tout en l\u00e9g\u00e8ret\u00e9, sans graisser ni peser sur le cheveu. Les cheveux secs retrouvent douceur et brillance.<\/p>\n<h4>\u0645\u0643\u0648\u0646\u0627\u062a<\/h4>\n<p>1149672 B &#8211; INGREDIENTS: AQUA \/ WATER &#8211; CETEARYL ALCOHOL &#8211; COCOSNUCIFERA OIL \/ COCONUT OIL &#8211; CETYL ALCOHOL &#8211; CETYL ESTERS &#8211; CI 15985 \/YELLOW 6 &#8211; CI 19140 \/ YELLOW 5 &#8211; CHAMOMILLA RECUTITA EXTRACT \/ MATRICARIAFLOWER EXTRACT &#8211; LACTIC ACID &#8211; PHENOXYETHANOL &#8211; BEHENTRIMONIUMMETHOSULFATE &#8211; TRIDECETH-6 &#8211; CHLORHEXIDINE DIGLUCONATE &#8211; HELIANTHUSANNUUS SEED OIL \/ SUNFLOWER SEED OIL &#8211; NELUMBIUM SPECIOSUM EXTRACT \/NELUMBIUM SPECIOSUM FLOWER EXTRACT &#8211; BENZYL ALCOHOL &#8211; CINNAMAL -LINALOOL &#8211; LINUM USITATISSIMUM FLOWEREXTRACT &#8211; AMODIMETHICONE -CAPRYLIC\/CAPRIC TRIGLYCERIDE &#8211; CARAMEL- GARDENIA TAHITENSIS FLOWER EXTRACT -ROSA CANINA FLOWER EXTRACT -BISABOLOL &#8211; BHT &#8211; CETRIMONIUM CHLORIDE -GLYCINE SOJA OIL \/ SOYBEAN OIL &#8211; PARFUM \/FRAGRANCE. (F.I.L. C171304\/1)<\/p>","protected":false},"excerpt":{"rendered":"<p><br data-mce-bogus=\"1\"><\/p>","protected":false},"featured_media":22053,"comment_status":"open","ping_status":"closed","template":"","meta":[],"pwb-brand":[588],"product_brand":[],"product_cat":[267,1022,1023],"product_tag":[],"class_list":{"0":"post-22048","1":"product","2":"type-product","3":"status-publish","4":"has-post-thumbnail","6":"pwb-brand-loreal-paris","7":"product_cat-beaute-et-soins","8":"product_cat-coiffures-et-soins-des-cheveux","9":"product_cat-huile-pour-cheveux","11":"first","12":"instock","13":"shipping-taxable","14":"purchasable","15":"product-type-simple"},"yoast_head":"<!-- This site is optimized with the Yoast SEO plugin v27.1.1 - https:\/\/yoast.com\/product\/yoast-seo-wordpress\/ -->\n<title>L&#039;Or\u00e9al Paris - Els\u00e8ve Huile-en-Cr\u00e8me de Nutrition sans Rin\u00e7age pour Cheveux Secs - 150 ml - NIRIGS<\/title>\n<meta name=\"robots\" content=\"index, follow, max-snippet:-1, max-image-preview:large, max-video-preview:-1\" \/>\n<link rel=\"canonical\" href=\"https:\/\/nirigs.com\/ar\/product\/loreal-paris-elseve-huile-en-creme-de-nutrition-sans-rincage-pour-cheveux-secs-150-ml\/\" \/>\n<meta property=\"og:locale\" content=\"ar_AR\" \/>\n<meta property=\"og:type\" content=\"article\" \/>\n<meta property=\"og:title\" content=\"L&#039;Or\u00e9al Paris - Els\u00e8ve Huile-en-Cr\u00e8me de Nutrition sans Rin\u00e7age pour Cheveux Secs - 150 ml - NIRIGS\" \/>\n<meta property=\"og:url\" content=\"https:\/\/nirigs.com\/ar\/product\/loreal-paris-elseve-huile-en-creme-de-nutrition-sans-rincage-pour-cheveux-secs-150-ml\/\" \/>\n<meta property=\"og:site_name\" content=\"NIRIGS\" \/>\n<meta property=\"article:modified_time\" content=\"2025-04-22T08:39:14+00:00\" \/>\n<meta property=\"og:image\" content=\"https:\/\/nirigs.com\/wp-content\/uploads\/2024\/09\/Elseve-LOreal-Paris-Huile-en-Creme-de-Nutrition-sans-Rincage-pour-Cheveux-Secs-150-ml-3.jpg\" \/>\n\t<meta property=\"og:image:width\" content=\"1000\" \/>\n\t<meta property=\"og:image:height\" content=\"1000\" \/>\n\t<meta property=\"og:image:type\" content=\"image\/jpeg\" \/>\n<meta name=\"twitter:card\" content=\"summary_large_image\" \/>\n<meta name=\"twitter:label1\" content=\"\u0648\u0642\u062a \u0627\u0644\u0642\u0631\u0627\u0621\u0629 \u0627\u0644\u0645\u064f\u0642\u062f\u0651\u0631\" \/>\n\t<meta name=\"twitter:data1\" content=\"\u062f\u0642\u064a\u0642\u0629 \u0648\u0627\u062d\u062f\u0629\" \/>\n<script type=\"application\/ld+json\" class=\"yoast-schema-graph\">{\"@context\":\"https:\/\/schema.org\",\"@graph\":[{\"@type\":\"WebPage\",\"@id\":\"https:\/\/nirigs.com\/product\/loreal-paris-elseve-huile-en-creme-de-nutrition-sans-rincage-pour-cheveux-secs-150-ml\/\",\"url\":\"https:\/\/nirigs.com\/product\/loreal-paris-elseve-huile-en-creme-de-nutrition-sans-rincage-pour-cheveux-secs-150-ml\/\",\"name\":\"L'Or\u00e9al Paris - Els\u00e8ve Huile-en-Cr\u00e8me de Nutrition sans Rin\u00e7age pour Cheveux Secs - 150 ml - NIRIGS\",\"isPartOf\":{\"@id\":\"https:\/\/nirigs.com\/#website\"},\"primaryImageOfPage\":{\"@id\":\"https:\/\/nirigs.com\/product\/loreal-paris-elseve-huile-en-creme-de-nutrition-sans-rincage-pour-cheveux-secs-150-ml\/#primaryimage\"},\"image\":{\"@id\":\"https:\/\/nirigs.com\/product\/loreal-paris-elseve-huile-en-creme-de-nutrition-sans-rincage-pour-cheveux-secs-150-ml\/#primaryimage\"},\"thumbnailUrl\":\"https:\/\/nirigs.com\/wp-content\/uploads\/2024\/09\/Elseve-LOreal-Paris-Huile-en-Creme-de-Nutrition-sans-Rincage-pour-Cheveux-Secs-150-ml-3.jpg\",\"datePublished\":\"2024-10-02T14:43:33+00:00\",\"dateModified\":\"2025-04-22T08:39:14+00:00\",\"breadcrumb\":{\"@id\":\"https:\/\/nirigs.com\/product\/loreal-paris-elseve-huile-en-creme-de-nutrition-sans-rincage-pour-cheveux-secs-150-ml\/#breadcrumb\"},\"inLanguage\":\"ar\",\"potentialAction\":[{\"@type\":\"ReadAction\",\"target\":[\"https:\/\/nirigs.com\/product\/loreal-paris-elseve-huile-en-creme-de-nutrition-sans-rincage-pour-cheveux-secs-150-ml\/\"]}]},{\"@type\":\"ImageObject\",\"inLanguage\":\"ar\",\"@id\":\"https:\/\/nirigs.com\/product\/loreal-paris-elseve-huile-en-creme-de-nutrition-sans-rincage-pour-cheveux-secs-150-ml\/#primaryimage\",\"url\":\"https:\/\/nirigs.com\/wp-content\/uploads\/2024\/09\/Elseve-LOreal-Paris-Huile-en-Creme-de-Nutrition-sans-Rincage-pour-Cheveux-Secs-150-ml-3.jpg\",\"contentUrl\":\"https:\/\/nirigs.com\/wp-content\/uploads\/2024\/09\/Elseve-LOreal-Paris-Huile-en-Creme-de-Nutrition-sans-Rincage-pour-Cheveux-Secs-150-ml-3.jpg\",\"width\":1000,\"height\":1000},{\"@type\":\"BreadcrumbList\",\"@id\":\"https:\/\/nirigs.com\/product\/loreal-paris-elseve-huile-en-creme-de-nutrition-sans-rincage-pour-cheveux-secs-150-ml\/#breadcrumb\",\"itemListElement\":[{\"@type\":\"ListItem\",\"position\":1,\"name\":\"Home\",\"item\":\"https:\/\/nirigs.com\/\"},{\"@type\":\"ListItem\",\"position\":2,\"name\":\"Parcourir\",\"item\":\"https:\/\/nirigs.com\/boutique\/\"},{\"@type\":\"ListItem\",\"position\":3,\"name\":\"L&rsquo;Or\u00e9al Paris &#8211; Els\u00e8ve Huile-en-Cr\u00e8me de Nutrition sans Rin\u00e7age pour Cheveux Secs &#8211; 150 ml\"}]},{\"@type\":\"WebSite\",\"@id\":\"https:\/\/nirigs.com\/#website\",\"url\":\"https:\/\/nirigs.com\/\",\"name\":\"Nirigs.com\",\"description\":\"Simplifiez vos achats du quotidien \u00e0 Djibouti\",\"publisher\":{\"@id\":\"https:\/\/nirigs.com\/#organization\"},\"potentialAction\":[{\"@type\":\"SearchAction\",\"target\":{\"@type\":\"EntryPoint\",\"urlTemplate\":\"https:\/\/nirigs.com\/?s={search_term_string}\"},\"query-input\":{\"@type\":\"PropertyValueSpecification\",\"valueRequired\":true,\"valueName\":\"search_term_string\"}}],\"inLanguage\":\"ar\"},{\"@type\":\"Organization\",\"@id\":\"https:\/\/nirigs.com\/#organization\",\"name\":\"Nirigs\",\"url\":\"https:\/\/nirigs.com\/\",\"logo\":{\"@type\":\"ImageObject\",\"inLanguage\":\"ar\",\"@id\":\"https:\/\/nirigs.com\/#\/schema\/logo\/image\/\",\"url\":\"https:\/\/nirigs.com\/wp-content\/uploads\/2025\/04\/Design-sans-titre-27.png\",\"contentUrl\":\"https:\/\/nirigs.com\/wp-content\/uploads\/2025\/04\/Design-sans-titre-27.png\",\"width\":500,\"height\":500,\"caption\":\"Nirigs\"},\"image\":{\"@id\":\"https:\/\/nirigs.com\/#\/schema\/logo\/image\/\"}}]}<\/script>\n<!-- \/ Yoast SEO plugin. -->","yoast_head_json":{"title":"L'Or\u00e9al Paris - Els\u00e8ve Huile-en-Cr\u00e8me de Nutrition sans Rin\u00e7age pour Cheveux Secs - 150 ml - NIRIGS","robots":{"index":"index","follow":"follow","max-snippet":"max-snippet:-1","max-image-preview":"max-image-preview:large","max-video-preview":"max-video-preview:-1"},"canonical":"https:\/\/nirigs.com\/ar\/product\/loreal-paris-elseve-huile-en-creme-de-nutrition-sans-rincage-pour-cheveux-secs-150-ml\/","og_locale":"ar_AR","og_type":"article","og_title":"L'Or\u00e9al Paris - Els\u00e8ve Huile-en-Cr\u00e8me de Nutrition sans Rin\u00e7age pour Cheveux Secs - 150 ml - NIRIGS","og_url":"https:\/\/nirigs.com\/ar\/product\/loreal-paris-elseve-huile-en-creme-de-nutrition-sans-rincage-pour-cheveux-secs-150-ml\/","og_site_name":"NIRIGS","article_modified_time":"2025-04-22T08:39:14+00:00","og_image":[{"width":1000,"height":1000,"url":"https:\/\/nirigs.com\/wp-content\/uploads\/2024\/09\/Elseve-LOreal-Paris-Huile-en-Creme-de-Nutrition-sans-Rincage-pour-Cheveux-Secs-150-ml-3.jpg","type":"image\/jpeg"}],"twitter_card":"summary_large_image","twitter_misc":{"\u0648\u0642\u062a \u0627\u0644\u0642\u0631\u0627\u0621\u0629 \u0627\u0644\u0645\u064f\u0642\u062f\u0651\u0631":"\u062f\u0642\u064a\u0642\u0629 \u0648\u0627\u062d\u062f\u0629"},"schema":{"@context":"https:\/\/schema.org","@graph":[{"@type":"WebPage","@id":"https:\/\/nirigs.com\/product\/loreal-paris-elseve-huile-en-creme-de-nutrition-sans-rincage-pour-cheveux-secs-150-ml\/","url":"https:\/\/nirigs.com\/product\/loreal-paris-elseve-huile-en-creme-de-nutrition-sans-rincage-pour-cheveux-secs-150-ml\/","name":"L'Or\u00e9al Paris - Els\u00e8ve Huile-en-Cr\u00e8me de Nutrition sans Rin\u00e7age pour Cheveux Secs - 150 ml - NIRIGS","isPartOf":{"@id":"https:\/\/nirigs.com\/#website"},"primaryImageOfPage":{"@id":"https:\/\/nirigs.com\/product\/loreal-paris-elseve-huile-en-creme-de-nutrition-sans-rincage-pour-cheveux-secs-150-ml\/#primaryimage"},"image":{"@id":"https:\/\/nirigs.com\/product\/loreal-paris-elseve-huile-en-creme-de-nutrition-sans-rincage-pour-cheveux-secs-150-ml\/#primaryimage"},"thumbnailUrl":"https:\/\/nirigs.com\/wp-content\/uploads\/2024\/09\/Elseve-LOreal-Paris-Huile-en-Creme-de-Nutrition-sans-Rincage-pour-Cheveux-Secs-150-ml-3.jpg","datePublished":"2024-10-02T14:43:33+00:00","dateModified":"2025-04-22T08:39:14+00:00","breadcrumb":{"@id":"https:\/\/nirigs.com\/product\/loreal-paris-elseve-huile-en-creme-de-nutrition-sans-rincage-pour-cheveux-secs-150-ml\/#breadcrumb"},"inLanguage":"ar","potentialAction":[{"@type":"ReadAction","target":["https:\/\/nirigs.com\/product\/loreal-paris-elseve-huile-en-creme-de-nutrition-sans-rincage-pour-cheveux-secs-150-ml\/"]}]},{"@type":"ImageObject","inLanguage":"ar","@id":"https:\/\/nirigs.com\/product\/loreal-paris-elseve-huile-en-creme-de-nutrition-sans-rincage-pour-cheveux-secs-150-ml\/#primaryimage","url":"https:\/\/nirigs.com\/wp-content\/uploads\/2024\/09\/Elseve-LOreal-Paris-Huile-en-Creme-de-Nutrition-sans-Rincage-pour-Cheveux-Secs-150-ml-3.jpg","contentUrl":"https:\/\/nirigs.com\/wp-content\/uploads\/2024\/09\/Elseve-LOreal-Paris-Huile-en-Creme-de-Nutrition-sans-Rincage-pour-Cheveux-Secs-150-ml-3.jpg","width":1000,"height":1000},{"@type":"BreadcrumbList","@id":"https:\/\/nirigs.com\/product\/loreal-paris-elseve-huile-en-creme-de-nutrition-sans-rincage-pour-cheveux-secs-150-ml\/#breadcrumb","itemListElement":[{"@type":"ListItem","position":1,"name":"Home","item":"https:\/\/nirigs.com\/"},{"@type":"ListItem","position":2,"name":"Parcourir","item":"https:\/\/nirigs.com\/boutique\/"},{"@type":"ListItem","position":3,"name":"L&rsquo;Or\u00e9al Paris &#8211; Els\u00e8ve Huile-en-Cr\u00e8me de Nutrition sans Rin\u00e7age pour Cheveux Secs &#8211; 150 ml"}]},{"@type":"WebSite","@id":"https:\/\/nirigs.com\/#website","url":"https:\/\/nirigs.com\/","name":"Nirigs.com","description":"Simplifiez vos achats du quotidien \u00e0 Djibouti","publisher":{"@id":"https:\/\/nirigs.com\/#organization"},"potentialAction":[{"@type":"SearchAction","target":{"@type":"EntryPoint","urlTemplate":"https:\/\/nirigs.com\/?s={search_term_string}"},"query-input":{"@type":"PropertyValueSpecification","valueRequired":true,"valueName":"search_term_string"}}],"inLanguage":"ar"},{"@type":"Organization","@id":"https:\/\/nirigs.com\/#organization","name":"\u0646\u064a\u0631\u064a\u062c\u0633","url":"https:\/\/nirigs.com\/","logo":{"@type":"ImageObject","inLanguage":"ar","@id":"https:\/\/nirigs.com\/#\/schema\/logo\/image\/","url":"https:\/\/nirigs.com\/wp-content\/uploads\/2025\/04\/Design-sans-titre-27.png","contentUrl":"https:\/\/nirigs.com\/wp-content\/uploads\/2025\/04\/Design-sans-titre-27.png","width":500,"height":500,"caption":"Nirigs"},"image":{"@id":"https:\/\/nirigs.com\/#\/schema\/logo\/image\/"}}]}},"brands":[{"id":588,"name":"L'Or\u00e9al Paris","slug":"loreal-paris"}],"_links":{"self":[{"href":"https:\/\/nirigs.com\/ar\/wp-json\/wp\/v2\/product\/22048","targetHints":{"allow":["GET"]}}],"collection":[{"href":"https:\/\/nirigs.com\/ar\/wp-json\/wp\/v2\/product"}],"about":[{"href":"https:\/\/nirigs.com\/ar\/wp-json\/wp\/v2\/types\/product"}],"replies":[{"embeddable":true,"href":"https:\/\/nirigs.com\/ar\/wp-json\/wp\/v2\/comments?post=22048"}],"version-history":[{"count":6,"href":"https:\/\/nirigs.com\/ar\/wp-json\/wp\/v2\/product\/22048\/revisions"}],"predecessor-version":[{"id":26988,"href":"https:\/\/nirigs.com\/ar\/wp-json\/wp\/v2\/product\/22048\/revisions\/26988"}],"wp:featuredmedia":[{"embeddable":true,"href":"https:\/\/nirigs.com\/ar\/wp-json\/wp\/v2\/media\/22053"}],"wp:attachment":[{"href":"https:\/\/nirigs.com\/ar\/wp-json\/wp\/v2\/media?parent=22048"}],"wp:term":[{"taxonomy":"pwb-brand","embeddable":true,"href":"https:\/\/nirigs.com\/ar\/wp-json\/wp\/v2\/pwb-brand?post=22048"},{"taxonomy":"product_brand","embeddable":true,"href":"https:\/\/nirigs.com\/ar\/wp-json\/wp\/v2\/product_brand?post=22048"},{"taxonomy":"product_cat","embeddable":true,"href":"https:\/\/nirigs.com\/ar\/wp-json\/wp\/v2\/product_cat?post=22048"},{"taxonomy":"product_tag","embeddable":true,"href":"https:\/\/nirigs.com\/ar\/wp-json\/wp\/v2\/product_tag?post=22048"}],"curies":[{"name":"wp","href":"https:\/\/api.w.org\/{rel}","templated":true}]}}