{"id":22040,"date":"2024-10-02T17:36:18","date_gmt":"2024-10-02T14:36:18","guid":{"rendered":"https:\/\/nirigs.com\/?post_type=product&#038;p=22040"},"modified":"2025-04-22T11:57:02","modified_gmt":"2025-04-22T08:57:02","slug":"garnier-apres-shampoing-hair-food-hydratant-ananas-fructis-350-ml","status":"publish","type":"product","link":"https:\/\/nirigs.com\/ar\/product\/garnier-apres-shampoing-hair-food-hydratant-ananas-fructis-350-ml\/","title":{"rendered":"GARNIER &#8211; Apr\u00e8s-Shampoing Hair Food Hydratant Ananas FRUCTIS &#8211; 350 ml"},"content":{"rendered":"<p>Garnier Fructis cr\u00e9e son 1er d\u00e9m\u00ealant vegan \u00e0 97% d&rsquo;ingr\u00e9dients d&rsquo;origine naturelle : Hair Food hydratant ananas. Sa texture riche p\u00e9n\u00e8tre instantan\u00e9ment et se rince facilement pour nourrir et d\u00e9m\u00ealer rapidement. Pour des cheveux nourris en profondeur et en pleine sant\u00e9. Des cheveux nourris en profondeur, d\u00e9m\u00eal\u00e9s et \u00e9clatants de brillance.<\/p>\n<div class=\"product-content__title\">\n<p class=\"product-content__title-text c-text c-text--size-s c-text--style-p c-text--bold\">Avantages produit : Soin d\u00e9m\u00ealant \u00e0 l&rsquo;Ananas, Vegan et \u00e0 97% d&rsquo;ingr\u00e9dients d&rsquo;origine naturelle.<\/p>\n<h4>\u064a\u0633\u062a\u062e\u062f\u0645<\/h4>\n<ul>\n<li>Verser une noisette d&rsquo;apr\u00e8s-shampooing dans vos mains.<\/li>\n<li>Appliquer le produit sur cheveux lav\u00e9s et rinc\u00e9s.<\/li>\n<li>R\u00e9partir le produit sur l&rsquo;ensemble de la chevelure, des pointes vers les racines.<\/li>\n<li>Bien insister sur les pointes pour plus de d\u00e9m\u00ealage.<\/li>\n<\/ul>\n<\/div>\n<h4>\u0645\u0643\u0648\u0646\u0627\u062a<\/h4>\n<p>AQUA \/ WATER &#8211; CETEARYL ALCOHOL &#8211; GLYCERIN &#8211; ISOPROPYL MYRISTATE &#8211; STEARAMIDOPROPYL DIMETHYLAMINE &#8211; GLYCINE SOJA OIL \/ SOYBEAN OIL &#8211; HELIANTHUS ANNUUS SEED OIL \/ SUNFLOWER SEED OIL &#8211; PHYLLANTHUS EMBLICA FRUIT EXTRACT &#8211; ANANAS SATIVUS FRUIT EXTRACT \/ PINEAPPLE FRUIT EXTRACT &#8211; COCOS NUCIFERA OIL \/ COCONUT OIL &#8211; KAOLIN &#8211; COCO-CAPRYLATE\/CAPRATE &#8211; HYDROXYPROPYL GUAR HYDROXYPROPYLTRIMONIUM CHLORIDE &#8211; CAPRYLIC\/CAPRIC TRIGLYCERIDE &#8211; CAPRYLYL GLYCOL &#8211; CITRIC ACID &#8211; TARTARIC ACID &#8211; CETYL ESTERS &#8211; POTASSIUM SORBATE &#8211; SODIUM BENZOATE &#8211; SALICYLIC ACID &#8211; CARAMEL &#8211; LINALOOL &#8211; LIMONENE &#8211; CITRONELLOL &#8211; BENZYL ALCOHOL &#8211; BENZYL SALICYLATE &#8211; PARFUM \/ FRAGRANCE (F.I.L. Z70013900\/1).<\/p>","protected":false},"excerpt":{"rendered":"<p><br data-mce-bogus=\"1\"><\/p>","protected":false},"featured_media":22041,"comment_status":"open","ping_status":"closed","template":"","meta":[],"pwb-brand":[1091],"product_brand":[],"product_cat":[1025,267,1022,1024],"product_tag":[],"class_list":{"0":"post-22040","1":"product","2":"type-product","3":"status-publish","4":"has-post-thumbnail","6":"pwb-brand-garnier","7":"product_cat-apres-shampooings","8":"product_cat-beaute-et-soins","9":"product_cat-coiffures-et-soins-des-cheveux","10":"product_cat-soins-des-cheveux","12":"first","13":"instock","14":"shipping-taxable","15":"purchasable","16":"product-type-simple"},"yoast_head":"<!-- This site is optimized with the Yoast SEO plugin v27.1.1 - https:\/\/yoast.com\/product\/yoast-seo-wordpress\/ -->\n<title>GARNIER - Apr\u00e8s-Shampoing Hair Food Hydratant Ananas FRUCTIS - 350 ml - NIRIGS<\/title>\n<meta name=\"robots\" content=\"index, follow, max-snippet:-1, max-image-preview:large, max-video-preview:-1\" \/>\n<link rel=\"canonical\" href=\"https:\/\/nirigs.com\/ar\/product\/garnier-apres-shampoing-hair-food-hydratant-ananas-fructis-350-ml\/\" \/>\n<meta property=\"og:locale\" content=\"ar_AR\" \/>\n<meta property=\"og:type\" content=\"article\" \/>\n<meta property=\"og:title\" content=\"GARNIER - Apr\u00e8s-Shampoing Hair Food Hydratant Ananas FRUCTIS - 350 ml - NIRIGS\" \/>\n<meta property=\"og:url\" content=\"https:\/\/nirigs.com\/ar\/product\/garnier-apres-shampoing-hair-food-hydratant-ananas-fructis-350-ml\/\" \/>\n<meta property=\"og:site_name\" content=\"NIRIGS\" \/>\n<meta property=\"article:modified_time\" content=\"2025-04-22T08:57:02+00:00\" \/>\n<meta property=\"og:image\" content=\"https:\/\/nirigs.com\/wp-content\/uploads\/2024\/09\/GARNIER-Apres-Shampoing-Hair-Food-Hydratant-Ananas-FRUCTIS-350ML.jpg\" \/>\n\t<meta property=\"og:image:width\" content=\"1000\" \/>\n\t<meta property=\"og:image:height\" content=\"1000\" \/>\n\t<meta property=\"og:image:type\" content=\"image\/jpeg\" \/>\n<meta name=\"twitter:card\" content=\"summary_large_image\" \/>\n<meta name=\"twitter:label1\" content=\"\u0648\u0642\u062a \u0627\u0644\u0642\u0631\u0627\u0621\u0629 \u0627\u0644\u0645\u064f\u0642\u062f\u0651\u0631\" \/>\n\t<meta name=\"twitter:data1\" content=\"\u062f\u0642\u064a\u0642\u0629 \u0648\u0627\u062d\u062f\u0629\" \/>\n<script type=\"application\/ld+json\" class=\"yoast-schema-graph\">{\"@context\":\"https:\/\/schema.org\",\"@graph\":[{\"@type\":\"WebPage\",\"@id\":\"https:\/\/nirigs.com\/product\/garnier-apres-shampoing-hair-food-hydratant-ananas-fructis-350-ml\/\",\"url\":\"https:\/\/nirigs.com\/product\/garnier-apres-shampoing-hair-food-hydratant-ananas-fructis-350-ml\/\",\"name\":\"GARNIER - Apr\u00e8s-Shampoing Hair Food Hydratant Ananas FRUCTIS - 350 ml - NIRIGS\",\"isPartOf\":{\"@id\":\"https:\/\/nirigs.com\/#website\"},\"primaryImageOfPage\":{\"@id\":\"https:\/\/nirigs.com\/product\/garnier-apres-shampoing-hair-food-hydratant-ananas-fructis-350-ml\/#primaryimage\"},\"image\":{\"@id\":\"https:\/\/nirigs.com\/product\/garnier-apres-shampoing-hair-food-hydratant-ananas-fructis-350-ml\/#primaryimage\"},\"thumbnailUrl\":\"https:\/\/nirigs.com\/wp-content\/uploads\/2024\/09\/GARNIER-Apres-Shampoing-Hair-Food-Hydratant-Ananas-FRUCTIS-350ML.jpg\",\"datePublished\":\"2024-10-02T14:36:18+00:00\",\"dateModified\":\"2025-04-22T08:57:02+00:00\",\"breadcrumb\":{\"@id\":\"https:\/\/nirigs.com\/product\/garnier-apres-shampoing-hair-food-hydratant-ananas-fructis-350-ml\/#breadcrumb\"},\"inLanguage\":\"ar\",\"potentialAction\":[{\"@type\":\"ReadAction\",\"target\":[\"https:\/\/nirigs.com\/product\/garnier-apres-shampoing-hair-food-hydratant-ananas-fructis-350-ml\/\"]}]},{\"@type\":\"ImageObject\",\"inLanguage\":\"ar\",\"@id\":\"https:\/\/nirigs.com\/product\/garnier-apres-shampoing-hair-food-hydratant-ananas-fructis-350-ml\/#primaryimage\",\"url\":\"https:\/\/nirigs.com\/wp-content\/uploads\/2024\/09\/GARNIER-Apres-Shampoing-Hair-Food-Hydratant-Ananas-FRUCTIS-350ML.jpg\",\"contentUrl\":\"https:\/\/nirigs.com\/wp-content\/uploads\/2024\/09\/GARNIER-Apres-Shampoing-Hair-Food-Hydratant-Ananas-FRUCTIS-350ML.jpg\",\"width\":1000,\"height\":1000},{\"@type\":\"BreadcrumbList\",\"@id\":\"https:\/\/nirigs.com\/product\/garnier-apres-shampoing-hair-food-hydratant-ananas-fructis-350-ml\/#breadcrumb\",\"itemListElement\":[{\"@type\":\"ListItem\",\"position\":1,\"name\":\"Home\",\"item\":\"https:\/\/nirigs.com\/\"},{\"@type\":\"ListItem\",\"position\":2,\"name\":\"Parcourir\",\"item\":\"https:\/\/nirigs.com\/boutique\/\"},{\"@type\":\"ListItem\",\"position\":3,\"name\":\"GARNIER &#8211; Apr\u00e8s-Shampoing Hair Food Hydratant Ananas FRUCTIS &#8211; 350 ml\"}]},{\"@type\":\"WebSite\",\"@id\":\"https:\/\/nirigs.com\/#website\",\"url\":\"https:\/\/nirigs.com\/\",\"name\":\"Nirigs.com\",\"description\":\"Simplifiez vos achats du quotidien \u00e0 Djibouti\",\"publisher\":{\"@id\":\"https:\/\/nirigs.com\/#organization\"},\"potentialAction\":[{\"@type\":\"SearchAction\",\"target\":{\"@type\":\"EntryPoint\",\"urlTemplate\":\"https:\/\/nirigs.com\/?s={search_term_string}\"},\"query-input\":{\"@type\":\"PropertyValueSpecification\",\"valueRequired\":true,\"valueName\":\"search_term_string\"}}],\"inLanguage\":\"ar\"},{\"@type\":\"Organization\",\"@id\":\"https:\/\/nirigs.com\/#organization\",\"name\":\"Nirigs\",\"url\":\"https:\/\/nirigs.com\/\",\"logo\":{\"@type\":\"ImageObject\",\"inLanguage\":\"ar\",\"@id\":\"https:\/\/nirigs.com\/#\/schema\/logo\/image\/\",\"url\":\"https:\/\/nirigs.com\/wp-content\/uploads\/2025\/04\/Design-sans-titre-27.png\",\"contentUrl\":\"https:\/\/nirigs.com\/wp-content\/uploads\/2025\/04\/Design-sans-titre-27.png\",\"width\":500,\"height\":500,\"caption\":\"Nirigs\"},\"image\":{\"@id\":\"https:\/\/nirigs.com\/#\/schema\/logo\/image\/\"}}]}<\/script>\n<!-- \/ Yoast SEO plugin. -->","yoast_head_json":{"title":"GARNIER - Apr\u00e8s-Shampoing Hair Food Hydratant Ananas FRUCTIS - 350 ml - NIRIGS","robots":{"index":"index","follow":"follow","max-snippet":"max-snippet:-1","max-image-preview":"max-image-preview:large","max-video-preview":"max-video-preview:-1"},"canonical":"https:\/\/nirigs.com\/ar\/product\/garnier-apres-shampoing-hair-food-hydratant-ananas-fructis-350-ml\/","og_locale":"ar_AR","og_type":"article","og_title":"GARNIER - Apr\u00e8s-Shampoing Hair Food Hydratant Ananas FRUCTIS - 350 ml - NIRIGS","og_url":"https:\/\/nirigs.com\/ar\/product\/garnier-apres-shampoing-hair-food-hydratant-ananas-fructis-350-ml\/","og_site_name":"NIRIGS","article_modified_time":"2025-04-22T08:57:02+00:00","og_image":[{"width":1000,"height":1000,"url":"https:\/\/nirigs.com\/wp-content\/uploads\/2024\/09\/GARNIER-Apres-Shampoing-Hair-Food-Hydratant-Ananas-FRUCTIS-350ML.jpg","type":"image\/jpeg"}],"twitter_card":"summary_large_image","twitter_misc":{"\u0648\u0642\u062a \u0627\u0644\u0642\u0631\u0627\u0621\u0629 \u0627\u0644\u0645\u064f\u0642\u062f\u0651\u0631":"\u062f\u0642\u064a\u0642\u0629 \u0648\u0627\u062d\u062f\u0629"},"schema":{"@context":"https:\/\/schema.org","@graph":[{"@type":"WebPage","@id":"https:\/\/nirigs.com\/product\/garnier-apres-shampoing-hair-food-hydratant-ananas-fructis-350-ml\/","url":"https:\/\/nirigs.com\/product\/garnier-apres-shampoing-hair-food-hydratant-ananas-fructis-350-ml\/","name":"GARNIER - Apr\u00e8s-Shampoing Hair Food Hydratant Ananas FRUCTIS - 350 ml - NIRIGS","isPartOf":{"@id":"https:\/\/nirigs.com\/#website"},"primaryImageOfPage":{"@id":"https:\/\/nirigs.com\/product\/garnier-apres-shampoing-hair-food-hydratant-ananas-fructis-350-ml\/#primaryimage"},"image":{"@id":"https:\/\/nirigs.com\/product\/garnier-apres-shampoing-hair-food-hydratant-ananas-fructis-350-ml\/#primaryimage"},"thumbnailUrl":"https:\/\/nirigs.com\/wp-content\/uploads\/2024\/09\/GARNIER-Apres-Shampoing-Hair-Food-Hydratant-Ananas-FRUCTIS-350ML.jpg","datePublished":"2024-10-02T14:36:18+00:00","dateModified":"2025-04-22T08:57:02+00:00","breadcrumb":{"@id":"https:\/\/nirigs.com\/product\/garnier-apres-shampoing-hair-food-hydratant-ananas-fructis-350-ml\/#breadcrumb"},"inLanguage":"ar","potentialAction":[{"@type":"ReadAction","target":["https:\/\/nirigs.com\/product\/garnier-apres-shampoing-hair-food-hydratant-ananas-fructis-350-ml\/"]}]},{"@type":"ImageObject","inLanguage":"ar","@id":"https:\/\/nirigs.com\/product\/garnier-apres-shampoing-hair-food-hydratant-ananas-fructis-350-ml\/#primaryimage","url":"https:\/\/nirigs.com\/wp-content\/uploads\/2024\/09\/GARNIER-Apres-Shampoing-Hair-Food-Hydratant-Ananas-FRUCTIS-350ML.jpg","contentUrl":"https:\/\/nirigs.com\/wp-content\/uploads\/2024\/09\/GARNIER-Apres-Shampoing-Hair-Food-Hydratant-Ananas-FRUCTIS-350ML.jpg","width":1000,"height":1000},{"@type":"BreadcrumbList","@id":"https:\/\/nirigs.com\/product\/garnier-apres-shampoing-hair-food-hydratant-ananas-fructis-350-ml\/#breadcrumb","itemListElement":[{"@type":"ListItem","position":1,"name":"Home","item":"https:\/\/nirigs.com\/"},{"@type":"ListItem","position":2,"name":"Parcourir","item":"https:\/\/nirigs.com\/boutique\/"},{"@type":"ListItem","position":3,"name":"GARNIER &#8211; Apr\u00e8s-Shampoing Hair Food Hydratant Ananas FRUCTIS &#8211; 350 ml"}]},{"@type":"WebSite","@id":"https:\/\/nirigs.com\/#website","url":"https:\/\/nirigs.com\/","name":"Nirigs.com","description":"Simplifiez vos achats du quotidien \u00e0 Djibouti","publisher":{"@id":"https:\/\/nirigs.com\/#organization"},"potentialAction":[{"@type":"SearchAction","target":{"@type":"EntryPoint","urlTemplate":"https:\/\/nirigs.com\/?s={search_term_string}"},"query-input":{"@type":"PropertyValueSpecification","valueRequired":true,"valueName":"search_term_string"}}],"inLanguage":"ar"},{"@type":"Organization","@id":"https:\/\/nirigs.com\/#organization","name":"\u0646\u064a\u0631\u064a\u062c\u0633","url":"https:\/\/nirigs.com\/","logo":{"@type":"ImageObject","inLanguage":"ar","@id":"https:\/\/nirigs.com\/#\/schema\/logo\/image\/","url":"https:\/\/nirigs.com\/wp-content\/uploads\/2025\/04\/Design-sans-titre-27.png","contentUrl":"https:\/\/nirigs.com\/wp-content\/uploads\/2025\/04\/Design-sans-titre-27.png","width":500,"height":500,"caption":"Nirigs"},"image":{"@id":"https:\/\/nirigs.com\/#\/schema\/logo\/image\/"}}]}},"brands":[{"id":1091,"name":"Garnier","slug":"garnier"}],"_links":{"self":[{"href":"https:\/\/nirigs.com\/ar\/wp-json\/wp\/v2\/product\/22040","targetHints":{"allow":["GET"]}}],"collection":[{"href":"https:\/\/nirigs.com\/ar\/wp-json\/wp\/v2\/product"}],"about":[{"href":"https:\/\/nirigs.com\/ar\/wp-json\/wp\/v2\/types\/product"}],"replies":[{"embeddable":true,"href":"https:\/\/nirigs.com\/ar\/wp-json\/wp\/v2\/comments?post=22040"}],"version-history":[{"count":6,"href":"https:\/\/nirigs.com\/ar\/wp-json\/wp\/v2\/product\/22040\/revisions"}],"predecessor-version":[{"id":27020,"href":"https:\/\/nirigs.com\/ar\/wp-json\/wp\/v2\/product\/22040\/revisions\/27020"}],"wp:featuredmedia":[{"embeddable":true,"href":"https:\/\/nirigs.com\/ar\/wp-json\/wp\/v2\/media\/22041"}],"wp:attachment":[{"href":"https:\/\/nirigs.com\/ar\/wp-json\/wp\/v2\/media?parent=22040"}],"wp:term":[{"taxonomy":"pwb-brand","embeddable":true,"href":"https:\/\/nirigs.com\/ar\/wp-json\/wp\/v2\/pwb-brand?post=22040"},{"taxonomy":"product_brand","embeddable":true,"href":"https:\/\/nirigs.com\/ar\/wp-json\/wp\/v2\/product_brand?post=22040"},{"taxonomy":"product_cat","embeddable":true,"href":"https:\/\/nirigs.com\/ar\/wp-json\/wp\/v2\/product_cat?post=22040"},{"taxonomy":"product_tag","embeddable":true,"href":"https:\/\/nirigs.com\/ar\/wp-json\/wp\/v2\/product_tag?post=22040"}],"curies":[{"name":"wp","href":"https:\/\/api.w.org\/{rel}","templated":true}]}}