{"id":22002,"date":"2024-10-02T17:34:09","date_gmt":"2024-10-02T14:34:09","guid":{"rendered":"https:\/\/nirigs.com\/?post_type=product&#038;p=22002"},"modified":"2025-04-22T18:13:58","modified_gmt":"2025-04-22T15:13:58","slug":"dark-and-lovely-no-lye-kit-de-defrisage-regulier","status":"publish","type":"product","link":"https:\/\/nirigs.com\/ar\/product\/dark-and-lovely-no-lye-kit-de-defrisage-regulier\/","title":{"rendered":"\u062f\u0627\u0643\u0646\u0629 \u0648\u062c\u0645\u064a\u0644\u0629 \u2013 \u0645\u062c\u0645\u0648\u0639\u0629 \u062a\u0645\u0644\u064a\u0633 \u0627\u0644\u0634\u0639\u0631 \u0627\u0644\u0639\u0627\u062f\u064a\u0629 \u0628\u062f\u0648\u0646 \u063a\u0633\u0648\u0644"},"content":{"rendered":"<p>Ce kit de relaxation normal Dark and Lovely Superior Moisture Plus No-Lye est soigneusement formul\u00e9 pour donner aux cheveux soyeux, brillants et lisses. La formule enrichie en beurre de karit\u00e9 africain nourrissant, enrichie en huile d\u00e9tend vos cheveux et assure 60 % de casse en moins. Le kit Regular Dark and Lovely Superior Moisture Plus No-Lye Relaxer Kit Regular assure un soin intense et une brillance pour des cheveux sains. Avantages du kit Dark and Lovely Superior Moisture Plus No-Lye Relaxer.<\/p>\n<p>Le kit r\u00e9gulier Dark and Lovely Superior Moisture Plus No-Lye Relaxer d\u00e9tend les cheveux en douceur pour des cheveux lisses, soyeux, souples, brillants et souples. Le relaxant dispose d&rsquo;un syst\u00e8me sans yeux pour le confort du cuir chevelu pendant le processus de relaxation. Dark and Lovely Superior Moisture Plus No-Lye Relaxer Kit Regular renforce les cheveux de 60 % de moins. Il convient aux cheveux moyens \u00e0 \u00e9pais.<\/p>\n<h4>Utilisation<\/h4>\n<ul>\n<li>Appliquez le m\u00e9lange relaxant sur vos cheveux, en utilisant le kit complet pour les cheveux vierges et le demi kit pour les retouches sur les nouveaux cheveux.<\/li>\n<li>Passez un fer \u00e0 lisser sur vos cheveux, sans d\u00e9passer la dur\u00e9e maximale recommand\u00e9e pour votre type de cheveux.<\/li>\n<li>Rincez soigneusement le produit.<\/li>\n<li>Appliquez le shampooing neutralisant. Si la mousse est rose, continuez \u00e0 laver vos cheveux. Si la mousse est blanche, votre produit est compl\u00e8tement lav\u00e9.<\/li>\n<li>Appliquez un apr\u00e8s-shampoing en profondeur pour une hydratation durable et des cheveux brillants.<\/li>\n<\/ul>\n<h4>Ingr\u00e9dient<\/h4>\n<p>EAU | EAU | ESSENCE | HUILE MIN\u00c9RALE PARAFFINUM | ALCOOL C\u00c9T\u00c9ARYLIQUE | CARBONATE DE GUANIDINE | PEG-75 LANOLINE | M\u00c9THOSULFATE DE B\u00c9HENTRIMONIUM | POLYQUATERNIUM-6 | COCAMIDOPROPYL B\u00c9TA\u00cfNE | PARFUM | PARFUM | PROPYL\u00c8NE GLYCOL | BEURRE DE KARIT\u00c9 BUTYROSPERMUM PARKII | CI15510|ORANGE 4 | ACIDE CITRIQUE | ALCOOL C\u00c9TYLIQUE (FIL D185173|1) Cr\u00e8me Activateur 8900 SA2 : PROPYL\u00c8NE GLYCOL | HYDROXYDE DE CALCIUM | SILICE [NANO] | SILICE | CI 77891|DIOXYDE DE TITANE. (FIL D44960|3) Shampoing Neutralisant 43122 SA5 : EAU|EAU | LAURETH SULFATE DE SODIUM | PARFUM | benzoate de sodium | COCAMODOPROPLY B\u00c9TA\u00cfNE | POLYSORBATE 20 | PPG-5-C\u00c9TETH-10 PHOSPHATE | COCAMIDE MEA | CHLORE SODIQUE | PH\u00c9NOXY\u00c9THANOL | POLQUATERNIUM-7 | SORBATE DE POTASSIUM | ST\u00c9ARATE DE GLYCOL | POLYQUATERNIUM-10 | ACIDE CITRIQUE | SODIUM PCA | EDTA DISODIQUE | benzoate de sodium | PH\u00c9NOLSULFONTHALINE | BEURRE DE KARIT\u00c9 BUTYROSPERMUM PARKII | AC\u00c9TATE DE SODIUM | ALCOOL ISOPROPYLIQUE.<\/p>\n","protected":false},"excerpt":{"rendered":"<p><br data-mce-bogus=\"1\"><\/p>","protected":false},"featured_media":22006,"comment_status":"open","ping_status":"closed","template":"","meta":[],"pwb-brand":[1099],"product_brand":[],"product_cat":[267,1022,1024,1100],"product_tag":[],"class_list":{"0":"post-22002","1":"product","2":"type-product","3":"status-publish","4":"has-post-thumbnail","6":"pwb-brand-dark-and-lovely","7":"product_cat-beaute-et-soins","8":"product_cat-coiffures-et-soins-des-cheveux","9":"product_cat-soins-des-cheveux","10":"product_cat-traitements-du-cuir-chevelu","12":"first","13":"instock","14":"shipping-taxable","15":"purchasable","16":"product-type-simple"},"yoast_head":"<!-- This site is optimized with the Yoast SEO plugin v27.1.1 - https:\/\/yoast.com\/product\/yoast-seo-wordpress\/ -->\n<title>Dark and Lovely - No-Lye Kit de d\u00e9frisage r\u00e9gulier - NIRIGS<\/title>\n<meta name=\"robots\" content=\"index, follow, max-snippet:-1, max-image-preview:large, max-video-preview:-1\" \/>\n<link rel=\"canonical\" href=\"https:\/\/nirigs.com\/ar\/product\/dark-and-lovely-no-lye-kit-de-defrisage-regulier\/\" \/>\n<meta property=\"og:locale\" content=\"ar_AR\" \/>\n<meta property=\"og:type\" content=\"article\" \/>\n<meta property=\"og:title\" content=\"Dark and Lovely - No-Lye Kit de d\u00e9frisage r\u00e9gulier - NIRIGS\" \/>\n<meta property=\"og:url\" content=\"https:\/\/nirigs.com\/ar\/product\/dark-and-lovely-no-lye-kit-de-defrisage-regulier\/\" \/>\n<meta property=\"og:site_name\" content=\"NIRIGS\" \/>\n<meta property=\"article:modified_time\" content=\"2025-04-22T15:13:58+00:00\" \/>\n<meta property=\"og:image\" content=\"https:\/\/nirigs.com\/wp-content\/uploads\/2024\/09\/Dark-and-Lovely-No-Lye-Relaxer-Kit-Regular.jpg\" \/>\n\t<meta property=\"og:image:width\" content=\"1000\" \/>\n\t<meta property=\"og:image:height\" content=\"1000\" \/>\n\t<meta property=\"og:image:type\" content=\"image\/jpeg\" \/>\n<meta name=\"twitter:card\" content=\"summary_large_image\" \/>\n<meta name=\"twitter:label1\" content=\"\u0648\u0642\u062a \u0627\u0644\u0642\u0631\u0627\u0621\u0629 \u0627\u0644\u0645\u064f\u0642\u062f\u0651\u0631\" \/>\n\t<meta name=\"twitter:data1\" content=\"\u062f\u0642\u064a\u0642\u062a\u0627\u0646\" \/>\n<script type=\"application\/ld+json\" class=\"yoast-schema-graph\">{\"@context\":\"https:\/\/schema.org\",\"@graph\":[{\"@type\":\"WebPage\",\"@id\":\"https:\/\/nirigs.com\/product\/dark-and-lovely-no-lye-kit-de-defrisage-regulier\/\",\"url\":\"https:\/\/nirigs.com\/product\/dark-and-lovely-no-lye-kit-de-defrisage-regulier\/\",\"name\":\"Dark and Lovely - No-Lye Kit de d\u00e9frisage r\u00e9gulier - NIRIGS\",\"isPartOf\":{\"@id\":\"https:\/\/nirigs.com\/#website\"},\"primaryImageOfPage\":{\"@id\":\"https:\/\/nirigs.com\/product\/dark-and-lovely-no-lye-kit-de-defrisage-regulier\/#primaryimage\"},\"image\":{\"@id\":\"https:\/\/nirigs.com\/product\/dark-and-lovely-no-lye-kit-de-defrisage-regulier\/#primaryimage\"},\"thumbnailUrl\":\"https:\/\/nirigs.com\/wp-content\/uploads\/2024\/09\/Dark-and-Lovely-No-Lye-Relaxer-Kit-Regular.jpg\",\"datePublished\":\"2024-10-02T14:34:09+00:00\",\"dateModified\":\"2025-04-22T15:13:58+00:00\",\"breadcrumb\":{\"@id\":\"https:\/\/nirigs.com\/product\/dark-and-lovely-no-lye-kit-de-defrisage-regulier\/#breadcrumb\"},\"inLanguage\":\"ar\",\"potentialAction\":[{\"@type\":\"ReadAction\",\"target\":[\"https:\/\/nirigs.com\/product\/dark-and-lovely-no-lye-kit-de-defrisage-regulier\/\"]}]},{\"@type\":\"ImageObject\",\"inLanguage\":\"ar\",\"@id\":\"https:\/\/nirigs.com\/product\/dark-and-lovely-no-lye-kit-de-defrisage-regulier\/#primaryimage\",\"url\":\"https:\/\/nirigs.com\/wp-content\/uploads\/2024\/09\/Dark-and-Lovely-No-Lye-Relaxer-Kit-Regular.jpg\",\"contentUrl\":\"https:\/\/nirigs.com\/wp-content\/uploads\/2024\/09\/Dark-and-Lovely-No-Lye-Relaxer-Kit-Regular.jpg\",\"width\":1000,\"height\":1000},{\"@type\":\"BreadcrumbList\",\"@id\":\"https:\/\/nirigs.com\/product\/dark-and-lovely-no-lye-kit-de-defrisage-regulier\/#breadcrumb\",\"itemListElement\":[{\"@type\":\"ListItem\",\"position\":1,\"name\":\"Home\",\"item\":\"https:\/\/nirigs.com\/\"},{\"@type\":\"ListItem\",\"position\":2,\"name\":\"Parcourir\",\"item\":\"https:\/\/nirigs.com\/boutique\/\"},{\"@type\":\"ListItem\",\"position\":3,\"name\":\"Dark and Lovely &#8211; No-Lye Kit de d\u00e9frisage r\u00e9gulier\"}]},{\"@type\":\"WebSite\",\"@id\":\"https:\/\/nirigs.com\/#website\",\"url\":\"https:\/\/nirigs.com\/\",\"name\":\"Nirigs.com\",\"description\":\"Simplifiez vos achats du quotidien \u00e0 Djibouti\",\"publisher\":{\"@id\":\"https:\/\/nirigs.com\/#organization\"},\"potentialAction\":[{\"@type\":\"SearchAction\",\"target\":{\"@type\":\"EntryPoint\",\"urlTemplate\":\"https:\/\/nirigs.com\/?s={search_term_string}\"},\"query-input\":{\"@type\":\"PropertyValueSpecification\",\"valueRequired\":true,\"valueName\":\"search_term_string\"}}],\"inLanguage\":\"ar\"},{\"@type\":\"Organization\",\"@id\":\"https:\/\/nirigs.com\/#organization\",\"name\":\"Nirigs\",\"url\":\"https:\/\/nirigs.com\/\",\"logo\":{\"@type\":\"ImageObject\",\"inLanguage\":\"ar\",\"@id\":\"https:\/\/nirigs.com\/#\/schema\/logo\/image\/\",\"url\":\"https:\/\/nirigs.com\/wp-content\/uploads\/2025\/04\/Design-sans-titre-27.png\",\"contentUrl\":\"https:\/\/nirigs.com\/wp-content\/uploads\/2025\/04\/Design-sans-titre-27.png\",\"width\":500,\"height\":500,\"caption\":\"Nirigs\"},\"image\":{\"@id\":\"https:\/\/nirigs.com\/#\/schema\/logo\/image\/\"}}]}<\/script>\n<!-- \/ Yoast SEO plugin. -->","yoast_head_json":{"title":"Dark and Lovely - No-Lye Kit de d\u00e9frisage r\u00e9gulier - NIRIGS","robots":{"index":"index","follow":"follow","max-snippet":"max-snippet:-1","max-image-preview":"max-image-preview:large","max-video-preview":"max-video-preview:-1"},"canonical":"https:\/\/nirigs.com\/ar\/product\/dark-and-lovely-no-lye-kit-de-defrisage-regulier\/","og_locale":"ar_AR","og_type":"article","og_title":"Dark and Lovely - No-Lye Kit de d\u00e9frisage r\u00e9gulier - NIRIGS","og_url":"https:\/\/nirigs.com\/ar\/product\/dark-and-lovely-no-lye-kit-de-defrisage-regulier\/","og_site_name":"NIRIGS","article_modified_time":"2025-04-22T15:13:58+00:00","og_image":[{"width":1000,"height":1000,"url":"https:\/\/nirigs.com\/wp-content\/uploads\/2024\/09\/Dark-and-Lovely-No-Lye-Relaxer-Kit-Regular.jpg","type":"image\/jpeg"}],"twitter_card":"summary_large_image","twitter_misc":{"\u0648\u0642\u062a \u0627\u0644\u0642\u0631\u0627\u0621\u0629 \u0627\u0644\u0645\u064f\u0642\u062f\u0651\u0631":"\u062f\u0642\u064a\u0642\u062a\u0627\u0646"},"schema":{"@context":"https:\/\/schema.org","@graph":[{"@type":"WebPage","@id":"https:\/\/nirigs.com\/product\/dark-and-lovely-no-lye-kit-de-defrisage-regulier\/","url":"https:\/\/nirigs.com\/product\/dark-and-lovely-no-lye-kit-de-defrisage-regulier\/","name":"Dark and Lovely - No-Lye Kit de d\u00e9frisage r\u00e9gulier - NIRIGS","isPartOf":{"@id":"https:\/\/nirigs.com\/#website"},"primaryImageOfPage":{"@id":"https:\/\/nirigs.com\/product\/dark-and-lovely-no-lye-kit-de-defrisage-regulier\/#primaryimage"},"image":{"@id":"https:\/\/nirigs.com\/product\/dark-and-lovely-no-lye-kit-de-defrisage-regulier\/#primaryimage"},"thumbnailUrl":"https:\/\/nirigs.com\/wp-content\/uploads\/2024\/09\/Dark-and-Lovely-No-Lye-Relaxer-Kit-Regular.jpg","datePublished":"2024-10-02T14:34:09+00:00","dateModified":"2025-04-22T15:13:58+00:00","breadcrumb":{"@id":"https:\/\/nirigs.com\/product\/dark-and-lovely-no-lye-kit-de-defrisage-regulier\/#breadcrumb"},"inLanguage":"ar","potentialAction":[{"@type":"ReadAction","target":["https:\/\/nirigs.com\/product\/dark-and-lovely-no-lye-kit-de-defrisage-regulier\/"]}]},{"@type":"ImageObject","inLanguage":"ar","@id":"https:\/\/nirigs.com\/product\/dark-and-lovely-no-lye-kit-de-defrisage-regulier\/#primaryimage","url":"https:\/\/nirigs.com\/wp-content\/uploads\/2024\/09\/Dark-and-Lovely-No-Lye-Relaxer-Kit-Regular.jpg","contentUrl":"https:\/\/nirigs.com\/wp-content\/uploads\/2024\/09\/Dark-and-Lovely-No-Lye-Relaxer-Kit-Regular.jpg","width":1000,"height":1000},{"@type":"BreadcrumbList","@id":"https:\/\/nirigs.com\/product\/dark-and-lovely-no-lye-kit-de-defrisage-regulier\/#breadcrumb","itemListElement":[{"@type":"ListItem","position":1,"name":"Home","item":"https:\/\/nirigs.com\/"},{"@type":"ListItem","position":2,"name":"Parcourir","item":"https:\/\/nirigs.com\/boutique\/"},{"@type":"ListItem","position":3,"name":"Dark and Lovely &#8211; No-Lye Kit de d\u00e9frisage r\u00e9gulier"}]},{"@type":"WebSite","@id":"https:\/\/nirigs.com\/#website","url":"https:\/\/nirigs.com\/","name":"Nirigs.com","description":"Simplifiez vos achats du quotidien \u00e0 Djibouti","publisher":{"@id":"https:\/\/nirigs.com\/#organization"},"potentialAction":[{"@type":"SearchAction","target":{"@type":"EntryPoint","urlTemplate":"https:\/\/nirigs.com\/?s={search_term_string}"},"query-input":{"@type":"PropertyValueSpecification","valueRequired":true,"valueName":"search_term_string"}}],"inLanguage":"ar"},{"@type":"Organization","@id":"https:\/\/nirigs.com\/#organization","name":"\u0646\u064a\u0631\u064a\u062c\u0633","url":"https:\/\/nirigs.com\/","logo":{"@type":"ImageObject","inLanguage":"ar","@id":"https:\/\/nirigs.com\/#\/schema\/logo\/image\/","url":"https:\/\/nirigs.com\/wp-content\/uploads\/2025\/04\/Design-sans-titre-27.png","contentUrl":"https:\/\/nirigs.com\/wp-content\/uploads\/2025\/04\/Design-sans-titre-27.png","width":500,"height":500,"caption":"Nirigs"},"image":{"@id":"https:\/\/nirigs.com\/#\/schema\/logo\/image\/"}}]}},"brands":[{"id":1099,"name":"Dark and Lovely","slug":"dark-and-lovely"}],"_links":{"self":[{"href":"https:\/\/nirigs.com\/ar\/wp-json\/wp\/v2\/product\/22002","targetHints":{"allow":["GET"]}}],"collection":[{"href":"https:\/\/nirigs.com\/ar\/wp-json\/wp\/v2\/product"}],"about":[{"href":"https:\/\/nirigs.com\/ar\/wp-json\/wp\/v2\/types\/product"}],"replies":[{"embeddable":true,"href":"https:\/\/nirigs.com\/ar\/wp-json\/wp\/v2\/comments?post=22002"}],"version-history":[{"count":6,"href":"https:\/\/nirigs.com\/ar\/wp-json\/wp\/v2\/product\/22002\/revisions"}],"predecessor-version":[{"id":27030,"href":"https:\/\/nirigs.com\/ar\/wp-json\/wp\/v2\/product\/22002\/revisions\/27030"}],"wp:featuredmedia":[{"embeddable":true,"href":"https:\/\/nirigs.com\/ar\/wp-json\/wp\/v2\/media\/22006"}],"wp:attachment":[{"href":"https:\/\/nirigs.com\/ar\/wp-json\/wp\/v2\/media?parent=22002"}],"wp:term":[{"taxonomy":"pwb-brand","embeddable":true,"href":"https:\/\/nirigs.com\/ar\/wp-json\/wp\/v2\/pwb-brand?post=22002"},{"taxonomy":"product_brand","embeddable":true,"href":"https:\/\/nirigs.com\/ar\/wp-json\/wp\/v2\/product_brand?post=22002"},{"taxonomy":"product_cat","embeddable":true,"href":"https:\/\/nirigs.com\/ar\/wp-json\/wp\/v2\/product_cat?post=22002"},{"taxonomy":"product_tag","embeddable":true,"href":"https:\/\/nirigs.com\/ar\/wp-json\/wp\/v2\/product_tag?post=22002"}],"curies":[{"name":"wp","href":"https:\/\/api.w.org\/{rel}","templated":true}]}}