{"id":21998,"date":"2024-10-02T17:33:47","date_gmt":"2024-10-02T14:33:47","guid":{"rendered":"https:\/\/nirigs.com\/?post_type=product&#038;p=21998"},"modified":"2025-04-22T18:15:11","modified_gmt":"2025-04-22T15:15:11","slug":"dark-and-lovely-beautiful-beginnings-defrisage-de-lenfant-fine","status":"publish","type":"product","link":"https:\/\/nirigs.com\/ar\/product\/dark-and-lovely-beautiful-beginnings-defrisage-de-lenfant-fine\/","title":{"rendered":"\u062f\u0627\u0643\u0646 \u0648\u062c\u0645\u064a\u0644 - \u0628\u062f\u0627\u064a\u0627\u062a \u062c\u0645\u064a\u0644\u0629 \u0644\u0641\u0631\u062f \u0627\u0644\u0634\u0639\u0631 \u0627\u0644\u0646\u0627\u0639\u0645"},"content":{"rendered":"<p>Ce Dark and Lovely Beautiful Beginnings D\u00e9frisant Scalp Care Sans Soude Cheveux Fins est formul\u00e9 ing\u00e9nieusement pour prot\u00e9ger et hydrater vos cheveux pendant le processus de d\u00e9frisage. Il fonctionne en 10 \u00e0 15 minutes pour les cheveux fins.<br \/>Il assouplit d\u00e9licatement les cheveux et les rend soyeux. Le d\u00e9frisant a un syst\u00e8me sans soude et le kit comprend un gel de protection du cuir chevelu pour le confort du cuir chevelu pendant le processus de d\u00e9frisage.<\/p>\n<p>Notre kit de d\u00e9frisant sans soude\u00a0 Dark and Lovely Beautiful Beginnings Scalp Care Kit Fine est fait \u00e0 base d&rsquo;huile de noix de coco et de l&rsquo;Aloes Vera pour nourrir les cheveux pendant le processus de d\u00e9frisage.<\/p>\n<h4>\u064a\u0633\u062a\u062e\u062f\u0645<\/h4>\n<ul>\n<li>Prot\u00e9gez le cuir chevelu avec le Scalp Protection Gel pour une exp\u00e9rience sans douleur.<\/li>\n<li>\u00a0M\u00e9langer le d\u00e9frisant 2A et l&rsquo;activateur 2B jusqu&rsquo;\u00e0 l\u2019obtention d\u2019une texture homog\u00e8ne.<\/li>\n<li>Appliquer le m\u00e9lange du d\u00e9frisant : le kit complet pour cheveux non-trait\u00e9s et le demi kit pour les retouches.<\/li>\n<li>\u00a0Lissez le d\u00e9frisant, ne d\u00e9passez pas le temps de traitement maximum recommand\u00e9 pour votre type de cheveux.<\/li>\n<li>Rincez soigneusement les cheveux.<\/li>\n<li>Appliquez le shampooing neutralisant.\u00a0 Si la mousse est rose, continuez \u00e0 shampooiner jusqu&rsquo;\u00e0 obtention de la mousse blanche. Si la mousse est blanche, votre d\u00e9frisant est compl\u00e8tement lav\u00e9.<\/li>\n<li>Appliquez une huile hydratante pour une hydratation durable et des cheveux brillants.<\/li>\n<\/ul>\n<h4>\u0645\u0643\u0648\u0646\u0627\u062a<\/h4>\n<p>Aloe Vera,\u00a0Coconut Oil<\/p>","protected":false},"excerpt":{"rendered":"<p><br data-mce-bogus=\"1\"><\/p>","protected":false},"featured_media":22718,"comment_status":"open","ping_status":"closed","template":"","meta":[],"pwb-brand":[1099],"product_brand":[],"product_cat":[267,1022,1024,1100],"product_tag":[],"class_list":{"0":"post-21998","1":"product","2":"type-product","3":"status-publish","4":"has-post-thumbnail","6":"pwb-brand-dark-and-lovely","7":"product_cat-beaute-et-soins","8":"product_cat-coiffures-et-soins-des-cheveux","9":"product_cat-soins-des-cheveux","10":"product_cat-traitements-du-cuir-chevelu","12":"first","13":"instock","14":"shipping-taxable","15":"purchasable","16":"product-type-simple"},"yoast_head":"<!-- This site is optimized with the Yoast SEO plugin v27.1.1 - https:\/\/yoast.com\/product\/yoast-seo-wordpress\/ -->\n<title>Dark and Lovely - Beautiful Beginnings D\u00e9frisage de l&#039;enfant Fine - NIRIGS<\/title>\n<meta name=\"robots\" content=\"index, follow, max-snippet:-1, max-image-preview:large, max-video-preview:-1\" \/>\n<link rel=\"canonical\" href=\"https:\/\/nirigs.com\/ar\/product\/dark-and-lovely-beautiful-beginnings-defrisage-de-lenfant-fine\/\" \/>\n<meta property=\"og:locale\" content=\"ar_AR\" \/>\n<meta property=\"og:type\" content=\"article\" \/>\n<meta property=\"og:title\" content=\"Dark and Lovely - Beautiful Beginnings D\u00e9frisage de l&#039;enfant Fine - NIRIGS\" \/>\n<meta property=\"og:url\" content=\"https:\/\/nirigs.com\/ar\/product\/dark-and-lovely-beautiful-beginnings-defrisage-de-lenfant-fine\/\" \/>\n<meta property=\"og:site_name\" content=\"NIRIGS\" \/>\n<meta property=\"article:modified_time\" content=\"2025-04-22T15:15:11+00:00\" \/>\n<meta property=\"og:image\" content=\"https:\/\/nirigs.com\/wp-content\/uploads\/2024\/09\/Dark-and-Lovely-Beautiful-Beginnings-Defrisage-de-lenfant-Fine.jpg\" \/>\n\t<meta property=\"og:image:width\" content=\"1000\" \/>\n\t<meta property=\"og:image:height\" content=\"1000\" \/>\n\t<meta property=\"og:image:type\" content=\"image\/jpeg\" \/>\n<meta name=\"twitter:card\" content=\"summary_large_image\" \/>\n<meta name=\"twitter:label1\" content=\"\u0648\u0642\u062a \u0627\u0644\u0642\u0631\u0627\u0621\u0629 \u0627\u0644\u0645\u064f\u0642\u062f\u0651\u0631\" \/>\n\t<meta name=\"twitter:data1\" content=\"\u062f\u0642\u064a\u0642\u0629 \u0648\u0627\u062d\u062f\u0629\" \/>\n<script type=\"application\/ld+json\" class=\"yoast-schema-graph\">{\"@context\":\"https:\/\/schema.org\",\"@graph\":[{\"@type\":\"WebPage\",\"@id\":\"https:\/\/nirigs.com\/product\/dark-and-lovely-beautiful-beginnings-defrisage-de-lenfant-fine\/\",\"url\":\"https:\/\/nirigs.com\/product\/dark-and-lovely-beautiful-beginnings-defrisage-de-lenfant-fine\/\",\"name\":\"Dark and Lovely - Beautiful Beginnings D\u00e9frisage de l'enfant Fine - NIRIGS\",\"isPartOf\":{\"@id\":\"https:\/\/nirigs.com\/#website\"},\"primaryImageOfPage\":{\"@id\":\"https:\/\/nirigs.com\/product\/dark-and-lovely-beautiful-beginnings-defrisage-de-lenfant-fine\/#primaryimage\"},\"image\":{\"@id\":\"https:\/\/nirigs.com\/product\/dark-and-lovely-beautiful-beginnings-defrisage-de-lenfant-fine\/#primaryimage\"},\"thumbnailUrl\":\"https:\/\/nirigs.com\/wp-content\/uploads\/2024\/09\/Dark-and-Lovely-Beautiful-Beginnings-Defrisage-de-lenfant-Fine.jpg\",\"datePublished\":\"2024-10-02T14:33:47+00:00\",\"dateModified\":\"2025-04-22T15:15:11+00:00\",\"breadcrumb\":{\"@id\":\"https:\/\/nirigs.com\/product\/dark-and-lovely-beautiful-beginnings-defrisage-de-lenfant-fine\/#breadcrumb\"},\"inLanguage\":\"ar\",\"potentialAction\":[{\"@type\":\"ReadAction\",\"target\":[\"https:\/\/nirigs.com\/product\/dark-and-lovely-beautiful-beginnings-defrisage-de-lenfant-fine\/\"]}]},{\"@type\":\"ImageObject\",\"inLanguage\":\"ar\",\"@id\":\"https:\/\/nirigs.com\/product\/dark-and-lovely-beautiful-beginnings-defrisage-de-lenfant-fine\/#primaryimage\",\"url\":\"https:\/\/nirigs.com\/wp-content\/uploads\/2024\/09\/Dark-and-Lovely-Beautiful-Beginnings-Defrisage-de-lenfant-Fine.jpg\",\"contentUrl\":\"https:\/\/nirigs.com\/wp-content\/uploads\/2024\/09\/Dark-and-Lovely-Beautiful-Beginnings-Defrisage-de-lenfant-Fine.jpg\",\"width\":1000,\"height\":1000},{\"@type\":\"BreadcrumbList\",\"@id\":\"https:\/\/nirigs.com\/product\/dark-and-lovely-beautiful-beginnings-defrisage-de-lenfant-fine\/#breadcrumb\",\"itemListElement\":[{\"@type\":\"ListItem\",\"position\":1,\"name\":\"Home\",\"item\":\"https:\/\/nirigs.com\/\"},{\"@type\":\"ListItem\",\"position\":2,\"name\":\"Parcourir\",\"item\":\"https:\/\/nirigs.com\/boutique\/\"},{\"@type\":\"ListItem\",\"position\":3,\"name\":\"Dark and Lovely &#8211; Beautiful Beginnings D\u00e9frisage de l&rsquo;enfant Fine\"}]},{\"@type\":\"WebSite\",\"@id\":\"https:\/\/nirigs.com\/#website\",\"url\":\"https:\/\/nirigs.com\/\",\"name\":\"Nirigs.com\",\"description\":\"Simplifiez vos achats du quotidien \u00e0 Djibouti\",\"publisher\":{\"@id\":\"https:\/\/nirigs.com\/#organization\"},\"potentialAction\":[{\"@type\":\"SearchAction\",\"target\":{\"@type\":\"EntryPoint\",\"urlTemplate\":\"https:\/\/nirigs.com\/?s={search_term_string}\"},\"query-input\":{\"@type\":\"PropertyValueSpecification\",\"valueRequired\":true,\"valueName\":\"search_term_string\"}}],\"inLanguage\":\"ar\"},{\"@type\":\"Organization\",\"@id\":\"https:\/\/nirigs.com\/#organization\",\"name\":\"Nirigs\",\"url\":\"https:\/\/nirigs.com\/\",\"logo\":{\"@type\":\"ImageObject\",\"inLanguage\":\"ar\",\"@id\":\"https:\/\/nirigs.com\/#\/schema\/logo\/image\/\",\"url\":\"https:\/\/nirigs.com\/wp-content\/uploads\/2025\/04\/Design-sans-titre-27.png\",\"contentUrl\":\"https:\/\/nirigs.com\/wp-content\/uploads\/2025\/04\/Design-sans-titre-27.png\",\"width\":500,\"height\":500,\"caption\":\"Nirigs\"},\"image\":{\"@id\":\"https:\/\/nirigs.com\/#\/schema\/logo\/image\/\"}}]}<\/script>\n<!-- \/ Yoast SEO plugin. -->","yoast_head_json":{"title":"Dark and Lovely - Beautiful Beginnings D\u00e9frisage de l'enfant Fine - NIRIGS","robots":{"index":"index","follow":"follow","max-snippet":"max-snippet:-1","max-image-preview":"max-image-preview:large","max-video-preview":"max-video-preview:-1"},"canonical":"https:\/\/nirigs.com\/ar\/product\/dark-and-lovely-beautiful-beginnings-defrisage-de-lenfant-fine\/","og_locale":"ar_AR","og_type":"article","og_title":"Dark and Lovely - Beautiful Beginnings D\u00e9frisage de l'enfant Fine - NIRIGS","og_url":"https:\/\/nirigs.com\/ar\/product\/dark-and-lovely-beautiful-beginnings-defrisage-de-lenfant-fine\/","og_site_name":"NIRIGS","article_modified_time":"2025-04-22T15:15:11+00:00","og_image":[{"width":1000,"height":1000,"url":"https:\/\/nirigs.com\/wp-content\/uploads\/2024\/09\/Dark-and-Lovely-Beautiful-Beginnings-Defrisage-de-lenfant-Fine.jpg","type":"image\/jpeg"}],"twitter_card":"summary_large_image","twitter_misc":{"\u0648\u0642\u062a \u0627\u0644\u0642\u0631\u0627\u0621\u0629 \u0627\u0644\u0645\u064f\u0642\u062f\u0651\u0631":"\u062f\u0642\u064a\u0642\u0629 \u0648\u0627\u062d\u062f\u0629"},"schema":{"@context":"https:\/\/schema.org","@graph":[{"@type":"WebPage","@id":"https:\/\/nirigs.com\/product\/dark-and-lovely-beautiful-beginnings-defrisage-de-lenfant-fine\/","url":"https:\/\/nirigs.com\/product\/dark-and-lovely-beautiful-beginnings-defrisage-de-lenfant-fine\/","name":"Dark and Lovely - Beautiful Beginnings D\u00e9frisage de l'enfant Fine - NIRIGS","isPartOf":{"@id":"https:\/\/nirigs.com\/#website"},"primaryImageOfPage":{"@id":"https:\/\/nirigs.com\/product\/dark-and-lovely-beautiful-beginnings-defrisage-de-lenfant-fine\/#primaryimage"},"image":{"@id":"https:\/\/nirigs.com\/product\/dark-and-lovely-beautiful-beginnings-defrisage-de-lenfant-fine\/#primaryimage"},"thumbnailUrl":"https:\/\/nirigs.com\/wp-content\/uploads\/2024\/09\/Dark-and-Lovely-Beautiful-Beginnings-Defrisage-de-lenfant-Fine.jpg","datePublished":"2024-10-02T14:33:47+00:00","dateModified":"2025-04-22T15:15:11+00:00","breadcrumb":{"@id":"https:\/\/nirigs.com\/product\/dark-and-lovely-beautiful-beginnings-defrisage-de-lenfant-fine\/#breadcrumb"},"inLanguage":"ar","potentialAction":[{"@type":"ReadAction","target":["https:\/\/nirigs.com\/product\/dark-and-lovely-beautiful-beginnings-defrisage-de-lenfant-fine\/"]}]},{"@type":"ImageObject","inLanguage":"ar","@id":"https:\/\/nirigs.com\/product\/dark-and-lovely-beautiful-beginnings-defrisage-de-lenfant-fine\/#primaryimage","url":"https:\/\/nirigs.com\/wp-content\/uploads\/2024\/09\/Dark-and-Lovely-Beautiful-Beginnings-Defrisage-de-lenfant-Fine.jpg","contentUrl":"https:\/\/nirigs.com\/wp-content\/uploads\/2024\/09\/Dark-and-Lovely-Beautiful-Beginnings-Defrisage-de-lenfant-Fine.jpg","width":1000,"height":1000},{"@type":"BreadcrumbList","@id":"https:\/\/nirigs.com\/product\/dark-and-lovely-beautiful-beginnings-defrisage-de-lenfant-fine\/#breadcrumb","itemListElement":[{"@type":"ListItem","position":1,"name":"Home","item":"https:\/\/nirigs.com\/"},{"@type":"ListItem","position":2,"name":"Parcourir","item":"https:\/\/nirigs.com\/boutique\/"},{"@type":"ListItem","position":3,"name":"Dark and Lovely &#8211; Beautiful Beginnings D\u00e9frisage de l&rsquo;enfant Fine"}]},{"@type":"WebSite","@id":"https:\/\/nirigs.com\/#website","url":"https:\/\/nirigs.com\/","name":"Nirigs.com","description":"Simplifiez vos achats du quotidien \u00e0 Djibouti","publisher":{"@id":"https:\/\/nirigs.com\/#organization"},"potentialAction":[{"@type":"SearchAction","target":{"@type":"EntryPoint","urlTemplate":"https:\/\/nirigs.com\/?s={search_term_string}"},"query-input":{"@type":"PropertyValueSpecification","valueRequired":true,"valueName":"search_term_string"}}],"inLanguage":"ar"},{"@type":"Organization","@id":"https:\/\/nirigs.com\/#organization","name":"\u0646\u064a\u0631\u064a\u062c\u0633","url":"https:\/\/nirigs.com\/","logo":{"@type":"ImageObject","inLanguage":"ar","@id":"https:\/\/nirigs.com\/#\/schema\/logo\/image\/","url":"https:\/\/nirigs.com\/wp-content\/uploads\/2025\/04\/Design-sans-titre-27.png","contentUrl":"https:\/\/nirigs.com\/wp-content\/uploads\/2025\/04\/Design-sans-titre-27.png","width":500,"height":500,"caption":"Nirigs"},"image":{"@id":"https:\/\/nirigs.com\/#\/schema\/logo\/image\/"}}]}},"brands":[{"id":1099,"name":"Dark and Lovely","slug":"dark-and-lovely"}],"_links":{"self":[{"href":"https:\/\/nirigs.com\/ar\/wp-json\/wp\/v2\/product\/21998","targetHints":{"allow":["GET"]}}],"collection":[{"href":"https:\/\/nirigs.com\/ar\/wp-json\/wp\/v2\/product"}],"about":[{"href":"https:\/\/nirigs.com\/ar\/wp-json\/wp\/v2\/types\/product"}],"replies":[{"embeddable":true,"href":"https:\/\/nirigs.com\/ar\/wp-json\/wp\/v2\/comments?post=21998"}],"version-history":[{"count":7,"href":"https:\/\/nirigs.com\/ar\/wp-json\/wp\/v2\/product\/21998\/revisions"}],"predecessor-version":[{"id":27032,"href":"https:\/\/nirigs.com\/ar\/wp-json\/wp\/v2\/product\/21998\/revisions\/27032"}],"wp:featuredmedia":[{"embeddable":true,"href":"https:\/\/nirigs.com\/ar\/wp-json\/wp\/v2\/media\/22718"}],"wp:attachment":[{"href":"https:\/\/nirigs.com\/ar\/wp-json\/wp\/v2\/media?parent=21998"}],"wp:term":[{"taxonomy":"pwb-brand","embeddable":true,"href":"https:\/\/nirigs.com\/ar\/wp-json\/wp\/v2\/pwb-brand?post=21998"},{"taxonomy":"product_brand","embeddable":true,"href":"https:\/\/nirigs.com\/ar\/wp-json\/wp\/v2\/product_brand?post=21998"},{"taxonomy":"product_cat","embeddable":true,"href":"https:\/\/nirigs.com\/ar\/wp-json\/wp\/v2\/product_cat?post=21998"},{"taxonomy":"product_tag","embeddable":true,"href":"https:\/\/nirigs.com\/ar\/wp-json\/wp\/v2\/product_tag?post=21998"}],"curies":[{"name":"wp","href":"https:\/\/api.w.org\/{rel}","templated":true}]}}