{"id":21993,"date":"2024-10-02T17:34:00","date_gmt":"2024-10-02T14:34:00","guid":{"rendered":"https:\/\/nirigs.com\/?post_type=product&#038;p=21993"},"modified":"2025-04-22T18:14:11","modified_gmt":"2025-04-22T15:14:11","slug":"dark-and-lovely-beautiful-beginnings-defrisant-sans-soude-cheveux-normaux","status":"publish","type":"product","link":"https:\/\/nirigs.com\/ar\/product\/dark-and-lovely-beautiful-beginnings-defrisant-sans-soude-cheveux-normaux\/","title":{"rendered":"\u062f\u0627\u0643\u0646 \u0648\u062c\u0645\u064a\u0644 \u2013 \u0628\u062f\u0627\u064a\u0627\u062a \u062c\u0645\u064a\u0644\u0629 \u0644\u0641\u0631\u062f \u0627\u0644\u0634\u0639\u0631 \u0627\u0644\u0639\u0627\u062f\u064a \u0628\u062f\u0648\u0646 \u0645\u0648\u0627\u062f \u063a\u0633\u0648\u0644\u064a\u0629"},"content":{"rendered":"<p>Dark and Lovely Beautiful Beginnings D\u00e9frisant Enfants cheveux normaux est la 1\u00e8re gamme de d\u00e9frisants et soins capillaires pour enfants.\u00a0 Gr\u00e2ce \u00e0 son soin utra nourrissant enrichi en huile de noix de Coco et Alo\u00e9 Vera, le d\u00e9frisage Dark and Lovely hydrate en profondeur, nourrit, \u00e9vite la casse et vous permet d&rsquo;offrir \u00e0 votre princesse un lissage optimal et parfait.<br \/>Ce kit contient :<\/p>\n<ul>\n<li>2 sachets de gel protecteur 2x10ml<\/li>\n<li>1 pot de cr\u00e8me d\u00e9frisante : 236ml<\/li>\n<li>2 sachets d&rsquo;activateur cr\u00e8me : 2x10ml<\/li>\n<li>1 flacon de shampoing neutralisant : 60ml<\/li>\n<li>1 une lotion soin 2 sachets de 7.5ml<\/li>\n<li>1 spatule en bois<\/li>\n<li>1 mode d&#8217;emploi<\/li>\n<li>1 paire de gants en plastique<\/li>\n<\/ul>\n<h4>\u0645\u0643\u0648\u0646\u0627\u062a<\/h4>\n<p>paraffinum liquidum\/mineral oil, diethylhexyl maleate, silica, isopropyl myristate, hydrogenated butylene\/ethylene\/styrene copolymer, hydrogenated ethylene\/propylene\/styrene copolymer, butylparaben. (F.I.L. D5281\/2). Cr\u00e8me d\u00e9frisante cheveux normaux : aqua\/water, paraffinum liquidum\/mineral oil, cetearyl alcohol, guanidine carbonate, paraffin, cera microcristallina\/microcrystalline wax, peg-75 lanolin, behentrimonium methosulfate, polyquaternium-6, cocamidopropyl betaine, parfum\/fragrance, propylene glycol, Cl 15510\/orange 4, denatonium benzoate. (F.I.L. D39996\/1). Activateur cr\u00e8me : propylene glycol, calcium hydroxide, silica, Cl 77891\/titanium dioxide. (F.I.L. D11159\/1). Shampooing neutralisant color signal : aqua\/water, cocamidopropyl betaine, sodium laureth sulfate, polysorbate 20, cocamide mea, phenoxyethanol, parfum\/fragrance, methylparaben, potassium sorbate, polyquaternium-7, citric acid, hydroxypropyltrimonium honey, sodium pca, disodium edta, phenolsulfonphthalein, sodium hydroxide. (F.I.L. D34498\/1). Soin anti-noeuds : aqua\/water, oleth-20, dimethicone peg-7 cocoate, polyquaternium-22, peg-12 dimethicone, parfum\/fragrance, phenoxyethanol, methylparaben, disodium edta, polyquaternium-11, tocopheryl acetate, cocos nucifera\/coconut oil, panthenol, silybum marianum ethyl ester (F.I.L. D35128\/1).<\/p>","protected":false},"excerpt":{"rendered":"<p><br data-mce-bogus=\"1\"><\/p>","protected":false},"featured_media":21995,"comment_status":"open","ping_status":"closed","template":"","meta":[],"pwb-brand":[1099],"product_brand":[],"product_cat":[267,1022,1024,1100],"product_tag":[],"class_list":{"0":"post-21993","1":"product","2":"type-product","3":"status-publish","4":"has-post-thumbnail","6":"pwb-brand-dark-and-lovely","7":"product_cat-beaute-et-soins","8":"product_cat-coiffures-et-soins-des-cheveux","9":"product_cat-soins-des-cheveux","10":"product_cat-traitements-du-cuir-chevelu","12":"first","13":"instock","14":"shipping-taxable","15":"purchasable","16":"product-type-simple"},"yoast_head":"<!-- This site is optimized with the Yoast SEO plugin v27.4 - https:\/\/yoast.com\/product\/yoast-seo-wordpress\/ -->\n<title>Dark and Lovely - Beautiful Beginnings d\u00e9frisant sans soude cheveux Normaux - NIRIGS<\/title>\n<meta name=\"robots\" content=\"index, follow, max-snippet:-1, max-image-preview:large, max-video-preview:-1\" \/>\n<link rel=\"canonical\" href=\"https:\/\/nirigs.com\/ar\/product\/dark-and-lovely-beautiful-beginnings-defrisant-sans-soude-cheveux-normaux\/\" \/>\n<meta property=\"og:locale\" content=\"ar_AR\" \/>\n<meta property=\"og:type\" content=\"article\" \/>\n<meta property=\"og:title\" content=\"Dark and Lovely - Beautiful Beginnings d\u00e9frisant sans soude cheveux Normaux - NIRIGS\" \/>\n<meta property=\"og:url\" content=\"https:\/\/nirigs.com\/ar\/product\/dark-and-lovely-beautiful-beginnings-defrisant-sans-soude-cheveux-normaux\/\" \/>\n<meta property=\"og:site_name\" content=\"NIRIGS\" \/>\n<meta property=\"article:modified_time\" content=\"2025-04-22T15:14:11+00:00\" \/>\n<meta property=\"og:image\" content=\"https:\/\/nirigs.com\/wp-content\/uploads\/2024\/09\/Dark-and-Lovely-Beautiful-Beginnings-defrisant-sans-soude-cheveux-Normaux.jpg\" \/>\n\t<meta property=\"og:image:width\" content=\"1000\" \/>\n\t<meta property=\"og:image:height\" content=\"1000\" \/>\n\t<meta property=\"og:image:type\" content=\"image\/jpeg\" \/>\n<meta name=\"twitter:card\" content=\"summary_large_image\" \/>\n<meta name=\"twitter:label1\" content=\"\u0648\u0642\u062a \u0627\u0644\u0642\u0631\u0627\u0621\u0629 \u0627\u0644\u0645\u064f\u0642\u062f\u0651\u0631\" \/>\n\t<meta name=\"twitter:data1\" content=\"\u062f\u0642\u064a\u0642\u0629 \u0648\u0627\u062d\u062f\u0629\" \/>\n<script type=\"application\/ld+json\" class=\"yoast-schema-graph\">{\"@context\":\"https:\\\/\\\/schema.org\",\"@graph\":[{\"@type\":\"WebPage\",\"@id\":\"https:\\\/\\\/nirigs.com\\\/product\\\/dark-and-lovely-beautiful-beginnings-defrisant-sans-soude-cheveux-normaux\\\/\",\"url\":\"https:\\\/\\\/nirigs.com\\\/product\\\/dark-and-lovely-beautiful-beginnings-defrisant-sans-soude-cheveux-normaux\\\/\",\"name\":\"Dark and Lovely - Beautiful Beginnings d\u00e9frisant sans soude cheveux Normaux - NIRIGS\",\"isPartOf\":{\"@id\":\"https:\\\/\\\/nirigs.com\\\/#website\"},\"primaryImageOfPage\":{\"@id\":\"https:\\\/\\\/nirigs.com\\\/product\\\/dark-and-lovely-beautiful-beginnings-defrisant-sans-soude-cheveux-normaux\\\/#primaryimage\"},\"image\":{\"@id\":\"https:\\\/\\\/nirigs.com\\\/product\\\/dark-and-lovely-beautiful-beginnings-defrisant-sans-soude-cheveux-normaux\\\/#primaryimage\"},\"thumbnailUrl\":\"https:\\\/\\\/nirigs.com\\\/wp-content\\\/uploads\\\/2024\\\/09\\\/Dark-and-Lovely-Beautiful-Beginnings-defrisant-sans-soude-cheveux-Normaux.jpg\",\"datePublished\":\"2024-10-02T14:34:00+00:00\",\"dateModified\":\"2025-04-22T15:14:11+00:00\",\"breadcrumb\":{\"@id\":\"https:\\\/\\\/nirigs.com\\\/product\\\/dark-and-lovely-beautiful-beginnings-defrisant-sans-soude-cheveux-normaux\\\/#breadcrumb\"},\"inLanguage\":\"ar\",\"potentialAction\":[{\"@type\":\"ReadAction\",\"target\":[\"https:\\\/\\\/nirigs.com\\\/product\\\/dark-and-lovely-beautiful-beginnings-defrisant-sans-soude-cheveux-normaux\\\/\"]}]},{\"@type\":\"ImageObject\",\"inLanguage\":\"ar\",\"@id\":\"https:\\\/\\\/nirigs.com\\\/product\\\/dark-and-lovely-beautiful-beginnings-defrisant-sans-soude-cheveux-normaux\\\/#primaryimage\",\"url\":\"https:\\\/\\\/nirigs.com\\\/wp-content\\\/uploads\\\/2024\\\/09\\\/Dark-and-Lovely-Beautiful-Beginnings-defrisant-sans-soude-cheveux-Normaux.jpg\",\"contentUrl\":\"https:\\\/\\\/nirigs.com\\\/wp-content\\\/uploads\\\/2024\\\/09\\\/Dark-and-Lovely-Beautiful-Beginnings-defrisant-sans-soude-cheveux-Normaux.jpg\",\"width\":1000,\"height\":1000},{\"@type\":\"BreadcrumbList\",\"@id\":\"https:\\\/\\\/nirigs.com\\\/product\\\/dark-and-lovely-beautiful-beginnings-defrisant-sans-soude-cheveux-normaux\\\/#breadcrumb\",\"itemListElement\":[{\"@type\":\"ListItem\",\"position\":1,\"name\":\"Home\",\"item\":\"https:\\\/\\\/nirigs.com\\\/\"},{\"@type\":\"ListItem\",\"position\":2,\"name\":\"Parcourir\",\"item\":\"https:\\\/\\\/nirigs.com\\\/boutique\\\/\"},{\"@type\":\"ListItem\",\"position\":3,\"name\":\"Dark and Lovely &#8211; Beautiful Beginnings d\u00e9frisant sans soude cheveux Normaux\"}]},{\"@type\":\"WebSite\",\"@id\":\"https:\\\/\\\/nirigs.com\\\/#website\",\"url\":\"https:\\\/\\\/nirigs.com\\\/\",\"name\":\"Nirigs.com\",\"description\":\"Simplifiez vos achats du quotidien \u00e0 Djibouti\",\"publisher\":{\"@id\":\"https:\\\/\\\/nirigs.com\\\/#organization\"},\"potentialAction\":[{\"@type\":\"SearchAction\",\"target\":{\"@type\":\"EntryPoint\",\"urlTemplate\":\"https:\\\/\\\/nirigs.com\\\/?s={search_term_string}\"},\"query-input\":{\"@type\":\"PropertyValueSpecification\",\"valueRequired\":true,\"valueName\":\"search_term_string\"}}],\"inLanguage\":\"ar\"},{\"@type\":\"Organization\",\"@id\":\"https:\\\/\\\/nirigs.com\\\/#organization\",\"name\":\"Nirigs\",\"url\":\"https:\\\/\\\/nirigs.com\\\/\",\"logo\":{\"@type\":\"ImageObject\",\"inLanguage\":\"ar\",\"@id\":\"https:\\\/\\\/nirigs.com\\\/#\\\/schema\\\/logo\\\/image\\\/\",\"url\":\"https:\\\/\\\/nirigs.com\\\/wp-content\\\/uploads\\\/2025\\\/04\\\/Design-sans-titre-27.png\",\"contentUrl\":\"https:\\\/\\\/nirigs.com\\\/wp-content\\\/uploads\\\/2025\\\/04\\\/Design-sans-titre-27.png\",\"width\":500,\"height\":500,\"caption\":\"Nirigs\"},\"image\":{\"@id\":\"https:\\\/\\\/nirigs.com\\\/#\\\/schema\\\/logo\\\/image\\\/\"}}]}<\/script>\n<!-- \/ Yoast SEO plugin. -->","yoast_head_json":{"title":"Dark and Lovely - Beautiful Beginnings d\u00e9frisant sans soude cheveux Normaux - NIRIGS","robots":{"index":"index","follow":"follow","max-snippet":"max-snippet:-1","max-image-preview":"max-image-preview:large","max-video-preview":"max-video-preview:-1"},"canonical":"https:\/\/nirigs.com\/ar\/product\/dark-and-lovely-beautiful-beginnings-defrisant-sans-soude-cheveux-normaux\/","og_locale":"ar_AR","og_type":"article","og_title":"Dark and Lovely - Beautiful Beginnings d\u00e9frisant sans soude cheveux Normaux - NIRIGS","og_url":"https:\/\/nirigs.com\/ar\/product\/dark-and-lovely-beautiful-beginnings-defrisant-sans-soude-cheveux-normaux\/","og_site_name":"NIRIGS","article_modified_time":"2025-04-22T15:14:11+00:00","og_image":[{"width":1000,"height":1000,"url":"https:\/\/nirigs.com\/wp-content\/uploads\/2024\/09\/Dark-and-Lovely-Beautiful-Beginnings-defrisant-sans-soude-cheveux-Normaux.jpg","type":"image\/jpeg"}],"twitter_card":"summary_large_image","twitter_misc":{"\u0648\u0642\u062a \u0627\u0644\u0642\u0631\u0627\u0621\u0629 \u0627\u0644\u0645\u064f\u0642\u062f\u0651\u0631":"\u062f\u0642\u064a\u0642\u0629 \u0648\u0627\u062d\u062f\u0629"},"schema":{"@context":"https:\/\/schema.org","@graph":[{"@type":"WebPage","@id":"https:\/\/nirigs.com\/product\/dark-and-lovely-beautiful-beginnings-defrisant-sans-soude-cheveux-normaux\/","url":"https:\/\/nirigs.com\/product\/dark-and-lovely-beautiful-beginnings-defrisant-sans-soude-cheveux-normaux\/","name":"Dark and Lovely - Beautiful Beginnings d\u00e9frisant sans soude cheveux Normaux - NIRIGS","isPartOf":{"@id":"https:\/\/nirigs.com\/#website"},"primaryImageOfPage":{"@id":"https:\/\/nirigs.com\/product\/dark-and-lovely-beautiful-beginnings-defrisant-sans-soude-cheveux-normaux\/#primaryimage"},"image":{"@id":"https:\/\/nirigs.com\/product\/dark-and-lovely-beautiful-beginnings-defrisant-sans-soude-cheveux-normaux\/#primaryimage"},"thumbnailUrl":"https:\/\/nirigs.com\/wp-content\/uploads\/2024\/09\/Dark-and-Lovely-Beautiful-Beginnings-defrisant-sans-soude-cheveux-Normaux.jpg","datePublished":"2024-10-02T14:34:00+00:00","dateModified":"2025-04-22T15:14:11+00:00","breadcrumb":{"@id":"https:\/\/nirigs.com\/product\/dark-and-lovely-beautiful-beginnings-defrisant-sans-soude-cheveux-normaux\/#breadcrumb"},"inLanguage":"ar","potentialAction":[{"@type":"ReadAction","target":["https:\/\/nirigs.com\/product\/dark-and-lovely-beautiful-beginnings-defrisant-sans-soude-cheveux-normaux\/"]}]},{"@type":"ImageObject","inLanguage":"ar","@id":"https:\/\/nirigs.com\/product\/dark-and-lovely-beautiful-beginnings-defrisant-sans-soude-cheveux-normaux\/#primaryimage","url":"https:\/\/nirigs.com\/wp-content\/uploads\/2024\/09\/Dark-and-Lovely-Beautiful-Beginnings-defrisant-sans-soude-cheveux-Normaux.jpg","contentUrl":"https:\/\/nirigs.com\/wp-content\/uploads\/2024\/09\/Dark-and-Lovely-Beautiful-Beginnings-defrisant-sans-soude-cheveux-Normaux.jpg","width":1000,"height":1000},{"@type":"BreadcrumbList","@id":"https:\/\/nirigs.com\/product\/dark-and-lovely-beautiful-beginnings-defrisant-sans-soude-cheveux-normaux\/#breadcrumb","itemListElement":[{"@type":"ListItem","position":1,"name":"Home","item":"https:\/\/nirigs.com\/"},{"@type":"ListItem","position":2,"name":"Parcourir","item":"https:\/\/nirigs.com\/boutique\/"},{"@type":"ListItem","position":3,"name":"Dark and Lovely &#8211; Beautiful Beginnings d\u00e9frisant sans soude cheveux Normaux"}]},{"@type":"WebSite","@id":"https:\/\/nirigs.com\/#website","url":"https:\/\/nirigs.com\/","name":"Nirigs.com","description":"Simplifiez vos achats du quotidien \u00e0 Djibouti","publisher":{"@id":"https:\/\/nirigs.com\/#organization"},"potentialAction":[{"@type":"SearchAction","target":{"@type":"EntryPoint","urlTemplate":"https:\/\/nirigs.com\/?s={search_term_string}"},"query-input":{"@type":"PropertyValueSpecification","valueRequired":true,"valueName":"search_term_string"}}],"inLanguage":"ar"},{"@type":"Organization","@id":"https:\/\/nirigs.com\/#organization","name":"\u0646\u064a\u0631\u064a\u062c\u0633","url":"https:\/\/nirigs.com\/","logo":{"@type":"ImageObject","inLanguage":"ar","@id":"https:\/\/nirigs.com\/#\/schema\/logo\/image\/","url":"https:\/\/nirigs.com\/wp-content\/uploads\/2025\/04\/Design-sans-titre-27.png","contentUrl":"https:\/\/nirigs.com\/wp-content\/uploads\/2025\/04\/Design-sans-titre-27.png","width":500,"height":500,"caption":"Nirigs"},"image":{"@id":"https:\/\/nirigs.com\/#\/schema\/logo\/image\/"}}]}},"brands":[{"id":1099,"name":"Dark and Lovely","slug":"dark-and-lovely"}],"_links":{"self":[{"href":"https:\/\/nirigs.com\/ar\/wp-json\/wp\/v2\/product\/21993","targetHints":{"allow":["GET"]}}],"collection":[{"href":"https:\/\/nirigs.com\/ar\/wp-json\/wp\/v2\/product"}],"about":[{"href":"https:\/\/nirigs.com\/ar\/wp-json\/wp\/v2\/types\/product"}],"replies":[{"embeddable":true,"href":"https:\/\/nirigs.com\/ar\/wp-json\/wp\/v2\/comments?post=21993"}],"version-history":[{"count":8,"href":"https:\/\/nirigs.com\/ar\/wp-json\/wp\/v2\/product\/21993\/revisions"}],"predecessor-version":[{"id":27031,"href":"https:\/\/nirigs.com\/ar\/wp-json\/wp\/v2\/product\/21993\/revisions\/27031"}],"wp:featuredmedia":[{"embeddable":true,"href":"https:\/\/nirigs.com\/ar\/wp-json\/wp\/v2\/media\/21995"}],"wp:attachment":[{"href":"https:\/\/nirigs.com\/ar\/wp-json\/wp\/v2\/media?parent=21993"}],"wp:term":[{"taxonomy":"pwb-brand","embeddable":true,"href":"https:\/\/nirigs.com\/ar\/wp-json\/wp\/v2\/pwb-brand?post=21993"},{"taxonomy":"product_brand","embeddable":true,"href":"https:\/\/nirigs.com\/ar\/wp-json\/wp\/v2\/product_brand?post=21993"},{"taxonomy":"product_cat","embeddable":true,"href":"https:\/\/nirigs.com\/ar\/wp-json\/wp\/v2\/product_cat?post=21993"},{"taxonomy":"product_tag","embeddable":true,"href":"https:\/\/nirigs.com\/ar\/wp-json\/wp\/v2\/product_tag?post=21993"}],"curies":[{"name":"wp","href":"https:\/\/api.w.org\/{rel}","templated":true}]}}