{"id":21987,"date":"2024-10-02T17:53:29","date_gmt":"2024-10-02T14:53:29","guid":{"rendered":"https:\/\/nirigs.com\/?post_type=product&#038;p=21987"},"modified":"2025-08-16T01:35:28","modified_gmt":"2025-08-15T22:35:28","slug":"mixa-le-lait-cica-reparation-250-ml","status":"publish","type":"product","link":"https:\/\/nirigs.com\/ar\/product\/mixa-le-lait-cica-reparation-250-ml\/","title":{"rendered":"Mixa &#8211; Le Lait Cica R\u00e9paration &#8211; 250 ml"},"content":{"rendered":"<p>Les peaux s\u00e8ches et fragilis\u00e9es exigent des soins hydratants et lissants hautement concentr\u00e9s qui respectent leur sensibilit\u00e9. Notre formule hydratante et r\u00e9paratrice est hypoallerg\u00e9nique, non grasse, non collante et p\u00e9n\u00e8tre instantan\u00e9ment. Efficacit\u00e9 prouv\u00e9e : la peau semble plus lisse pour 95% des femmes apr\u00e8s 1 semaine d&rsquo;utilisation. La peau r\u00e9cup\u00e8re 62% plus rapidement. Formul\u00e9 avec de puissants actifs dermo-cosm\u00e9tiques et adapt\u00e9 aux peaux sensibles.<\/p>\n<h4>\u064a\u0633\u062a\u062e\u062f\u0645<\/h4>\n<p>Appliquer sur le corps \u00e0 tout moment de la journ\u00e9e.<\/p>\n<h4>\u0645\u0643\u0648\u0646\u0627\u062a<\/h4>\n<p>AQUA \/ WATER \u2022 GLYCERIN \u2022 ISOPROPYL PALMITATE \u2022 UREA \u2022 PROPYLENE GLYCOL \u2022 BUTYROSPERMUM PARKII BUTTER \/ SHEA BUTTER \u2022 DIMETHICONE \u2022 CETEARYL ALCOHOL \u2022 GLYCERYL STEARATE \u2022 PEG-100 STEARATE \u2022 GLYCINE \u2022 HYDROXYETHYLPIPERAZINE ETHANE SULFONIC ACID \u2022 SODIUM HYDROXIDE \u2022 SODIUM LACTATE \u2022 TETRASODIUM GLUTAMATE DIACETATE \u2022 PANTHENOL \u2022 ACRYLATES\/C10-30 ALKYL ACRYLATE CROSSPOLYMER \u2022 CAPRYLYL GLYCOL \u2022 CITRIC ACID \u2022 XANTHAN GUM \u2022 CHLORHEXIDINE DIGLUCONATE \u2022 PARFUM \/ FRAGRANCE (F.I.L. Z70028645\/1).<\/p>","protected":false},"excerpt":{"rendered":"<p>Les peaux s\u00e8ches et fragilis\u00e9es exigent des soins hydratants et lissants hautement concentr\u00e9s qui respectent leur sensibilit\u00e9. Notre formule hydratante<\/p>","protected":false},"featured_media":22654,"comment_status":"open","ping_status":"closed","template":"","meta":[],"pwb-brand":[1065],"product_brand":[],"product_cat":[1049,267,1084,1078],"product_tag":[],"class_list":{"0":"post-21987","1":"product","2":"type-product","3":"status-publish","4":"has-post-thumbnail","6":"pwb-brand-mixa","7":"product_cat-bain-savons-et-soin-du-corps","8":"product_cat-beaute-et-soins","9":"product_cat-lait-et-lotions-pour-le-corps-soins-pour-le-corps-et-gommages","10":"product_cat-soins-pour-le-corps-et-gommages","12":"first","13":"instock","14":"shipping-taxable","15":"purchasable","16":"product-type-simple"},"yoast_head":"<!-- This site is optimized with the Yoast SEO plugin v27.4 - https:\/\/yoast.com\/product\/yoast-seo-wordpress\/ -->\n<title>Mixa - Le Lait Cica R\u00e9paration - 250 ml - NIRIGS<\/title>\n<meta name=\"robots\" content=\"index, follow, max-snippet:-1, max-image-preview:large, max-video-preview:-1\" \/>\n<link rel=\"canonical\" href=\"https:\/\/nirigs.com\/ar\/product\/mixa-le-lait-cica-reparation-250-ml\/\" \/>\n<meta property=\"og:locale\" content=\"ar_AR\" \/>\n<meta property=\"og:type\" content=\"article\" \/>\n<meta property=\"og:title\" content=\"Mixa - Le Lait Cica R\u00e9paration - 250 ml - NIRIGS\" \/>\n<meta property=\"og:description\" content=\"Les peaux s\u00e8ches et fragilis\u00e9es exigent des soins hydratants et lissants hautement concentr\u00e9s qui respectent leur sensibilit\u00e9. Notre formule hydratante\" \/>\n<meta property=\"og:url\" content=\"https:\/\/nirigs.com\/ar\/product\/mixa-le-lait-cica-reparation-250-ml\/\" \/>\n<meta property=\"og:site_name\" content=\"NIRIGS\" \/>\n<meta property=\"article:modified_time\" content=\"2025-08-15T22:35:28+00:00\" \/>\n<meta property=\"og:image\" content=\"https:\/\/nirigs.com\/wp-content\/uploads\/2024\/09\/Mixa-\u2013-Le-Lait-Cica-Reparation-\u2013-250-ml.jpg\" \/>\n\t<meta property=\"og:image:width\" content=\"1000\" \/>\n\t<meta property=\"og:image:height\" content=\"1000\" \/>\n\t<meta property=\"og:image:type\" content=\"image\/jpeg\" \/>\n<meta name=\"twitter:card\" content=\"summary_large_image\" \/>\n<meta name=\"twitter:label1\" content=\"\u0648\u0642\u062a \u0627\u0644\u0642\u0631\u0627\u0621\u0629 \u0627\u0644\u0645\u064f\u0642\u062f\u0651\u0631\" \/>\n\t<meta name=\"twitter:data1\" content=\"\u062f\u0642\u064a\u0642\u0629 \u0648\u0627\u062d\u062f\u0629\" \/>\n<script type=\"application\/ld+json\" class=\"yoast-schema-graph\">{\"@context\":\"https:\\\/\\\/schema.org\",\"@graph\":[{\"@type\":\"WebPage\",\"@id\":\"https:\\\/\\\/nirigs.com\\\/product\\\/mixa-le-lait-cica-reparation-250-ml\\\/\",\"url\":\"https:\\\/\\\/nirigs.com\\\/product\\\/mixa-le-lait-cica-reparation-250-ml\\\/\",\"name\":\"Mixa - Le Lait Cica R\u00e9paration - 250 ml - NIRIGS\",\"isPartOf\":{\"@id\":\"https:\\\/\\\/nirigs.com\\\/#website\"},\"primaryImageOfPage\":{\"@id\":\"https:\\\/\\\/nirigs.com\\\/product\\\/mixa-le-lait-cica-reparation-250-ml\\\/#primaryimage\"},\"image\":{\"@id\":\"https:\\\/\\\/nirigs.com\\\/product\\\/mixa-le-lait-cica-reparation-250-ml\\\/#primaryimage\"},\"thumbnailUrl\":\"https:\\\/\\\/nirigs.com\\\/wp-content\\\/uploads\\\/2024\\\/09\\\/Mixa-\u2013-Le-Lait-Cica-Reparation-\u2013-250-ml.jpg\",\"datePublished\":\"2024-10-02T14:53:29+00:00\",\"dateModified\":\"2025-08-15T22:35:28+00:00\",\"breadcrumb\":{\"@id\":\"https:\\\/\\\/nirigs.com\\\/product\\\/mixa-le-lait-cica-reparation-250-ml\\\/#breadcrumb\"},\"inLanguage\":\"ar\",\"potentialAction\":[{\"@type\":\"ReadAction\",\"target\":[\"https:\\\/\\\/nirigs.com\\\/product\\\/mixa-le-lait-cica-reparation-250-ml\\\/\"]}]},{\"@type\":\"ImageObject\",\"inLanguage\":\"ar\",\"@id\":\"https:\\\/\\\/nirigs.com\\\/product\\\/mixa-le-lait-cica-reparation-250-ml\\\/#primaryimage\",\"url\":\"https:\\\/\\\/nirigs.com\\\/wp-content\\\/uploads\\\/2024\\\/09\\\/Mixa-\u2013-Le-Lait-Cica-Reparation-\u2013-250-ml.jpg\",\"contentUrl\":\"https:\\\/\\\/nirigs.com\\\/wp-content\\\/uploads\\\/2024\\\/09\\\/Mixa-\u2013-Le-Lait-Cica-Reparation-\u2013-250-ml.jpg\",\"width\":1000,\"height\":1000},{\"@type\":\"BreadcrumbList\",\"@id\":\"https:\\\/\\\/nirigs.com\\\/product\\\/mixa-le-lait-cica-reparation-250-ml\\\/#breadcrumb\",\"itemListElement\":[{\"@type\":\"ListItem\",\"position\":1,\"name\":\"Home\",\"item\":\"https:\\\/\\\/nirigs.com\\\/\"},{\"@type\":\"ListItem\",\"position\":2,\"name\":\"Parcourir\",\"item\":\"https:\\\/\\\/nirigs.com\\\/boutique\\\/\"},{\"@type\":\"ListItem\",\"position\":3,\"name\":\"Mixa &#8211; Le Lait Cica R\u00e9paration &#8211; 250 ml\"}]},{\"@type\":\"WebSite\",\"@id\":\"https:\\\/\\\/nirigs.com\\\/#website\",\"url\":\"https:\\\/\\\/nirigs.com\\\/\",\"name\":\"Nirigs.com\",\"description\":\"Simplifiez vos achats du quotidien \u00e0 Djibouti\",\"publisher\":{\"@id\":\"https:\\\/\\\/nirigs.com\\\/#organization\"},\"potentialAction\":[{\"@type\":\"SearchAction\",\"target\":{\"@type\":\"EntryPoint\",\"urlTemplate\":\"https:\\\/\\\/nirigs.com\\\/?s={search_term_string}\"},\"query-input\":{\"@type\":\"PropertyValueSpecification\",\"valueRequired\":true,\"valueName\":\"search_term_string\"}}],\"inLanguage\":\"ar\"},{\"@type\":\"Organization\",\"@id\":\"https:\\\/\\\/nirigs.com\\\/#organization\",\"name\":\"Nirigs\",\"url\":\"https:\\\/\\\/nirigs.com\\\/\",\"logo\":{\"@type\":\"ImageObject\",\"inLanguage\":\"ar\",\"@id\":\"https:\\\/\\\/nirigs.com\\\/#\\\/schema\\\/logo\\\/image\\\/\",\"url\":\"https:\\\/\\\/nirigs.com\\\/wp-content\\\/uploads\\\/2025\\\/04\\\/Design-sans-titre-27.png\",\"contentUrl\":\"https:\\\/\\\/nirigs.com\\\/wp-content\\\/uploads\\\/2025\\\/04\\\/Design-sans-titre-27.png\",\"width\":500,\"height\":500,\"caption\":\"Nirigs\"},\"image\":{\"@id\":\"https:\\\/\\\/nirigs.com\\\/#\\\/schema\\\/logo\\\/image\\\/\"}}]}<\/script>\n<!-- \/ Yoast SEO plugin. -->","yoast_head_json":{"title":"Mixa - Le Lait Cica R\u00e9paration - 250 ml - NIRIGS","robots":{"index":"index","follow":"follow","max-snippet":"max-snippet:-1","max-image-preview":"max-image-preview:large","max-video-preview":"max-video-preview:-1"},"canonical":"https:\/\/nirigs.com\/ar\/product\/mixa-le-lait-cica-reparation-250-ml\/","og_locale":"ar_AR","og_type":"article","og_title":"Mixa - Le Lait Cica R\u00e9paration - 250 ml - NIRIGS","og_description":"Les peaux s\u00e8ches et fragilis\u00e9es exigent des soins hydratants et lissants hautement concentr\u00e9s qui respectent leur sensibilit\u00e9. Notre formule hydratante","og_url":"https:\/\/nirigs.com\/ar\/product\/mixa-le-lait-cica-reparation-250-ml\/","og_site_name":"NIRIGS","article_modified_time":"2025-08-15T22:35:28+00:00","og_image":[{"width":1000,"height":1000,"url":"https:\/\/nirigs.com\/wp-content\/uploads\/2024\/09\/Mixa-\u2013-Le-Lait-Cica-Reparation-\u2013-250-ml.jpg","type":"image\/jpeg"}],"twitter_card":"summary_large_image","twitter_misc":{"\u0648\u0642\u062a \u0627\u0644\u0642\u0631\u0627\u0621\u0629 \u0627\u0644\u0645\u064f\u0642\u062f\u0651\u0631":"\u062f\u0642\u064a\u0642\u0629 \u0648\u0627\u062d\u062f\u0629"},"schema":{"@context":"https:\/\/schema.org","@graph":[{"@type":"WebPage","@id":"https:\/\/nirigs.com\/product\/mixa-le-lait-cica-reparation-250-ml\/","url":"https:\/\/nirigs.com\/product\/mixa-le-lait-cica-reparation-250-ml\/","name":"Mixa - Le Lait Cica R\u00e9paration - 250 ml - NIRIGS","isPartOf":{"@id":"https:\/\/nirigs.com\/#website"},"primaryImageOfPage":{"@id":"https:\/\/nirigs.com\/product\/mixa-le-lait-cica-reparation-250-ml\/#primaryimage"},"image":{"@id":"https:\/\/nirigs.com\/product\/mixa-le-lait-cica-reparation-250-ml\/#primaryimage"},"thumbnailUrl":"https:\/\/nirigs.com\/wp-content\/uploads\/2024\/09\/Mixa-\u2013-Le-Lait-Cica-Reparation-\u2013-250-ml.jpg","datePublished":"2024-10-02T14:53:29+00:00","dateModified":"2025-08-15T22:35:28+00:00","breadcrumb":{"@id":"https:\/\/nirigs.com\/product\/mixa-le-lait-cica-reparation-250-ml\/#breadcrumb"},"inLanguage":"ar","potentialAction":[{"@type":"ReadAction","target":["https:\/\/nirigs.com\/product\/mixa-le-lait-cica-reparation-250-ml\/"]}]},{"@type":"ImageObject","inLanguage":"ar","@id":"https:\/\/nirigs.com\/product\/mixa-le-lait-cica-reparation-250-ml\/#primaryimage","url":"https:\/\/nirigs.com\/wp-content\/uploads\/2024\/09\/Mixa-\u2013-Le-Lait-Cica-Reparation-\u2013-250-ml.jpg","contentUrl":"https:\/\/nirigs.com\/wp-content\/uploads\/2024\/09\/Mixa-\u2013-Le-Lait-Cica-Reparation-\u2013-250-ml.jpg","width":1000,"height":1000},{"@type":"BreadcrumbList","@id":"https:\/\/nirigs.com\/product\/mixa-le-lait-cica-reparation-250-ml\/#breadcrumb","itemListElement":[{"@type":"ListItem","position":1,"name":"Home","item":"https:\/\/nirigs.com\/"},{"@type":"ListItem","position":2,"name":"Parcourir","item":"https:\/\/nirigs.com\/boutique\/"},{"@type":"ListItem","position":3,"name":"Mixa &#8211; Le Lait Cica R\u00e9paration &#8211; 250 ml"}]},{"@type":"WebSite","@id":"https:\/\/nirigs.com\/#website","url":"https:\/\/nirigs.com\/","name":"Nirigs.com","description":"Simplifiez vos achats du quotidien \u00e0 Djibouti","publisher":{"@id":"https:\/\/nirigs.com\/#organization"},"potentialAction":[{"@type":"SearchAction","target":{"@type":"EntryPoint","urlTemplate":"https:\/\/nirigs.com\/?s={search_term_string}"},"query-input":{"@type":"PropertyValueSpecification","valueRequired":true,"valueName":"search_term_string"}}],"inLanguage":"ar"},{"@type":"Organization","@id":"https:\/\/nirigs.com\/#organization","name":"\u0646\u064a\u0631\u064a\u062c\u0633","url":"https:\/\/nirigs.com\/","logo":{"@type":"ImageObject","inLanguage":"ar","@id":"https:\/\/nirigs.com\/#\/schema\/logo\/image\/","url":"https:\/\/nirigs.com\/wp-content\/uploads\/2025\/04\/Design-sans-titre-27.png","contentUrl":"https:\/\/nirigs.com\/wp-content\/uploads\/2025\/04\/Design-sans-titre-27.png","width":500,"height":500,"caption":"Nirigs"},"image":{"@id":"https:\/\/nirigs.com\/#\/schema\/logo\/image\/"}}]}},"brands":[{"id":1065,"name":"Mixa","slug":"mixa"}],"_links":{"self":[{"href":"https:\/\/nirigs.com\/ar\/wp-json\/wp\/v2\/product\/21987","targetHints":{"allow":["GET"]}}],"collection":[{"href":"https:\/\/nirigs.com\/ar\/wp-json\/wp\/v2\/product"}],"about":[{"href":"https:\/\/nirigs.com\/ar\/wp-json\/wp\/v2\/types\/product"}],"replies":[{"embeddable":true,"href":"https:\/\/nirigs.com\/ar\/wp-json\/wp\/v2\/comments?post=21987"}],"version-history":[{"count":5,"href":"https:\/\/nirigs.com\/ar\/wp-json\/wp\/v2\/product\/21987\/revisions"}],"predecessor-version":[{"id":24923,"href":"https:\/\/nirigs.com\/ar\/wp-json\/wp\/v2\/product\/21987\/revisions\/24923"}],"wp:featuredmedia":[{"embeddable":true,"href":"https:\/\/nirigs.com\/ar\/wp-json\/wp\/v2\/media\/22654"}],"wp:attachment":[{"href":"https:\/\/nirigs.com\/ar\/wp-json\/wp\/v2\/media?parent=21987"}],"wp:term":[{"taxonomy":"pwb-brand","embeddable":true,"href":"https:\/\/nirigs.com\/ar\/wp-json\/wp\/v2\/pwb-brand?post=21987"},{"taxonomy":"product_brand","embeddable":true,"href":"https:\/\/nirigs.com\/ar\/wp-json\/wp\/v2\/product_brand?post=21987"},{"taxonomy":"product_cat","embeddable":true,"href":"https:\/\/nirigs.com\/ar\/wp-json\/wp\/v2\/product_cat?post=21987"},{"taxonomy":"product_tag","embeddable":true,"href":"https:\/\/nirigs.com\/ar\/wp-json\/wp\/v2\/product_tag?post=21987"}],"curies":[{"name":"wp","href":"https:\/\/api.w.org\/{rel}","templated":true}]}}