{"id":21940,"date":"2024-10-02T17:51:34","date_gmt":"2024-10-02T14:51:34","guid":{"rendered":"https:\/\/nirigs.com\/?post_type=product&#038;p=21940"},"modified":"2025-04-22T11:24:01","modified_gmt":"2025-04-22T08:24:01","slug":"loreal-paris-glycolic-acid-peel-revitalift-laser-renew-peeling-10-percent-g-lycolic-acid-serum-ampoules","status":"publish","type":"product","link":"https:\/\/nirigs.com\/ar\/product\/loreal-paris-glycolic-acid-peel-revitalift-laser-renew-peeling-10-percent-g-lycolic-acid-serum-ampoules\/","title":{"rendered":"L&rsquo;Oreal Paris &#8211; Glycolic Acid Peel Revitalift Laser Renew, Peeling 10 Percent G lycolic Acid Serum Ampoules"},"content":{"rendered":"<p>D\u00e9couvrez la gamme laser de L&rsquo;Or\u00e9al Paris, pour lutter contre les signes les plus visibles du vieillissement. D\u00e9couvrez le peeling Revivalist laser renew resurfacing ampoules, avec 10% d&rsquo;acide glycolique. Eliminez les cellules mortes de la peau pour un teint plus lisse, plus lumineux et des ridules att\u00e9nu\u00e9es. Que sont les ampoules ? Les ampoules Revivalist laser renew sont 7 \u00ab shots \u00bb hautement concentr\u00e9s, encapsul\u00e9s pour la fra\u00eecheur et pr\u00e9serv\u00e9s jusqu&rsquo;au moment o\u00f9 ils touchent votre peau. Obtenez votre dose de Glycolic en 7 doses nocturnes &#8211; pour des r\u00e9sultats en une semaine seulement. Toujours utiliser le soir et suivre avec un SPF.<\/p>\n<h4>\u064a\u0633\u062a\u062e\u062f\u0645<\/h4>\n<p>Utilisez chaque soir pendant une semaine, et portez toujours un \u00e9cran solaire d&rsquo;au moins SPF15 le matin suivant.<\/p>\n<h4>\u0645\u0643\u0648\u0646\u0627\u062a:<\/h4>\n<p>AQUA \/ WATER \u2022 GLYCOLIC ACID \u2022 GLYCERIN \u2022 ALCOHOL DENAT. \u2022 SODIUM HYDROXIDE \u2022 ALOE BARBADENSIS LEAF JUICE \u2022 SODIUM HYALURONATE \u2022 ASCORBYL GLUCOSIDE \u2022 CITRIC ACID \u2022 HYDROXYETHYLCELLULOSE \u2022 POTASSIUM SORBATE \u2022 SODIUM BENZOATE. (F.I.L. B247166\/1).<\/p>","protected":false},"excerpt":{"rendered":"<p><br data-mce-bogus=\"1\"><\/p>","protected":false},"featured_media":21941,"comment_status":"open","ping_status":"closed","template":"","meta":[],"pwb-brand":[588],"product_brand":[],"product_cat":[267,1042,1101,1032,1029],"product_tag":[],"class_list":{"0":"post-21940","1":"product","2":"type-product","3":"status-publish","4":"has-post-thumbnail","6":"pwb-brand-loreal-paris","7":"product_cat-beaute-et-soins","8":"product_cat-nettoyants-et-exfoliants-pour-le-visage","9":"product_cat-nettoyants-pour-le-visage","10":"product_cat-soins-du-visage","11":"product_cat-soins-pour-la-peau","13":"first","14":"instock","15":"shipping-taxable","16":"purchasable","17":"product-type-simple"},"yoast_head":"<!-- This site is optimized with the Yoast SEO plugin v27.1.1 - https:\/\/yoast.com\/product\/yoast-seo-wordpress\/ -->\n<title>L&#039;Oreal Paris - Glycolic Acid Peel Revitalift Laser Renew, Peeling 10 Percent G lycolic Acid Serum Ampoules - NIRIGS<\/title>\n<meta name=\"robots\" content=\"index, follow, max-snippet:-1, max-image-preview:large, max-video-preview:-1\" \/>\n<link rel=\"canonical\" href=\"https:\/\/nirigs.com\/ar\/product\/loreal-paris-glycolic-acid-peel-revitalift-laser-renew-peeling-10-percent-g-lycolic-acid-serum-ampoules\/\" \/>\n<meta property=\"og:locale\" content=\"ar_AR\" \/>\n<meta property=\"og:type\" content=\"article\" \/>\n<meta property=\"og:title\" content=\"L&#039;Oreal Paris - Glycolic Acid Peel Revitalift Laser Renew, Peeling 10 Percent G lycolic Acid Serum Ampoules - NIRIGS\" \/>\n<meta property=\"og:url\" content=\"https:\/\/nirigs.com\/ar\/product\/loreal-paris-glycolic-acid-peel-revitalift-laser-renew-peeling-10-percent-g-lycolic-acid-serum-ampoules\/\" \/>\n<meta property=\"og:site_name\" content=\"NIRIGS\" \/>\n<meta property=\"article:modified_time\" content=\"2025-04-22T08:24:01+00:00\" \/>\n<meta property=\"og:image\" content=\"https:\/\/nirigs.com\/wp-content\/uploads\/2024\/09\/LOreal-Paris-Glycolic-Acid-Peel-Revitalift-Laser-Renew-Peeling-10-Percent-Glycolic-Acid-Serum-Ampoules.jpg\" \/>\n\t<meta property=\"og:image:width\" content=\"1000\" \/>\n\t<meta property=\"og:image:height\" content=\"1000\" \/>\n\t<meta property=\"og:image:type\" content=\"image\/jpeg\" \/>\n<meta name=\"twitter:card\" content=\"summary_large_image\" \/>\n<meta name=\"twitter:label1\" content=\"\u0648\u0642\u062a \u0627\u0644\u0642\u0631\u0627\u0621\u0629 \u0627\u0644\u0645\u064f\u0642\u062f\u0651\u0631\" \/>\n\t<meta name=\"twitter:data1\" content=\"\u062f\u0642\u064a\u0642\u0629 \u0648\u0627\u062d\u062f\u0629\" \/>\n<script type=\"application\/ld+json\" class=\"yoast-schema-graph\">{\"@context\":\"https:\/\/schema.org\",\"@graph\":[{\"@type\":\"WebPage\",\"@id\":\"https:\/\/nirigs.com\/product\/loreal-paris-glycolic-acid-peel-revitalift-laser-renew-peeling-10-percent-g-lycolic-acid-serum-ampoules\/\",\"url\":\"https:\/\/nirigs.com\/product\/loreal-paris-glycolic-acid-peel-revitalift-laser-renew-peeling-10-percent-g-lycolic-acid-serum-ampoules\/\",\"name\":\"L'Oreal Paris - Glycolic Acid Peel Revitalift Laser Renew, Peeling 10 Percent G lycolic Acid Serum Ampoules - NIRIGS\",\"isPartOf\":{\"@id\":\"https:\/\/nirigs.com\/#website\"},\"primaryImageOfPage\":{\"@id\":\"https:\/\/nirigs.com\/product\/loreal-paris-glycolic-acid-peel-revitalift-laser-renew-peeling-10-percent-g-lycolic-acid-serum-ampoules\/#primaryimage\"},\"image\":{\"@id\":\"https:\/\/nirigs.com\/product\/loreal-paris-glycolic-acid-peel-revitalift-laser-renew-peeling-10-percent-g-lycolic-acid-serum-ampoules\/#primaryimage\"},\"thumbnailUrl\":\"https:\/\/nirigs.com\/wp-content\/uploads\/2024\/09\/LOreal-Paris-Glycolic-Acid-Peel-Revitalift-Laser-Renew-Peeling-10-Percent-Glycolic-Acid-Serum-Ampoules.jpg\",\"datePublished\":\"2024-10-02T14:51:34+00:00\",\"dateModified\":\"2025-04-22T08:24:01+00:00\",\"breadcrumb\":{\"@id\":\"https:\/\/nirigs.com\/product\/loreal-paris-glycolic-acid-peel-revitalift-laser-renew-peeling-10-percent-g-lycolic-acid-serum-ampoules\/#breadcrumb\"},\"inLanguage\":\"ar\",\"potentialAction\":[{\"@type\":\"ReadAction\",\"target\":[\"https:\/\/nirigs.com\/product\/loreal-paris-glycolic-acid-peel-revitalift-laser-renew-peeling-10-percent-g-lycolic-acid-serum-ampoules\/\"]}]},{\"@type\":\"ImageObject\",\"inLanguage\":\"ar\",\"@id\":\"https:\/\/nirigs.com\/product\/loreal-paris-glycolic-acid-peel-revitalift-laser-renew-peeling-10-percent-g-lycolic-acid-serum-ampoules\/#primaryimage\",\"url\":\"https:\/\/nirigs.com\/wp-content\/uploads\/2024\/09\/LOreal-Paris-Glycolic-Acid-Peel-Revitalift-Laser-Renew-Peeling-10-Percent-Glycolic-Acid-Serum-Ampoules.jpg\",\"contentUrl\":\"https:\/\/nirigs.com\/wp-content\/uploads\/2024\/09\/LOreal-Paris-Glycolic-Acid-Peel-Revitalift-Laser-Renew-Peeling-10-Percent-Glycolic-Acid-Serum-Ampoules.jpg\",\"width\":1000,\"height\":1000},{\"@type\":\"BreadcrumbList\",\"@id\":\"https:\/\/nirigs.com\/product\/loreal-paris-glycolic-acid-peel-revitalift-laser-renew-peeling-10-percent-g-lycolic-acid-serum-ampoules\/#breadcrumb\",\"itemListElement\":[{\"@type\":\"ListItem\",\"position\":1,\"name\":\"Home\",\"item\":\"https:\/\/nirigs.com\/\"},{\"@type\":\"ListItem\",\"position\":2,\"name\":\"Parcourir\",\"item\":\"https:\/\/nirigs.com\/boutique\/\"},{\"@type\":\"ListItem\",\"position\":3,\"name\":\"L&rsquo;Oreal Paris &#8211; Glycolic Acid Peel Revitalift Laser Renew, Peeling 10 Percent G lycolic Acid Serum Ampoules\"}]},{\"@type\":\"WebSite\",\"@id\":\"https:\/\/nirigs.com\/#website\",\"url\":\"https:\/\/nirigs.com\/\",\"name\":\"Nirigs.com\",\"description\":\"Simplifiez vos achats du quotidien \u00e0 Djibouti\",\"publisher\":{\"@id\":\"https:\/\/nirigs.com\/#organization\"},\"potentialAction\":[{\"@type\":\"SearchAction\",\"target\":{\"@type\":\"EntryPoint\",\"urlTemplate\":\"https:\/\/nirigs.com\/?s={search_term_string}\"},\"query-input\":{\"@type\":\"PropertyValueSpecification\",\"valueRequired\":true,\"valueName\":\"search_term_string\"}}],\"inLanguage\":\"ar\"},{\"@type\":\"Organization\",\"@id\":\"https:\/\/nirigs.com\/#organization\",\"name\":\"Nirigs\",\"url\":\"https:\/\/nirigs.com\/\",\"logo\":{\"@type\":\"ImageObject\",\"inLanguage\":\"ar\",\"@id\":\"https:\/\/nirigs.com\/#\/schema\/logo\/image\/\",\"url\":\"https:\/\/nirigs.com\/wp-content\/uploads\/2025\/04\/Design-sans-titre-27.png\",\"contentUrl\":\"https:\/\/nirigs.com\/wp-content\/uploads\/2025\/04\/Design-sans-titre-27.png\",\"width\":500,\"height\":500,\"caption\":\"Nirigs\"},\"image\":{\"@id\":\"https:\/\/nirigs.com\/#\/schema\/logo\/image\/\"}}]}<\/script>\n<!-- \/ Yoast SEO plugin. -->","yoast_head_json":{"title":"L'Oreal Paris - Glycolic Acid Peel Revitalift Laser Renew, Peeling 10 Percent G lycolic Acid Serum Ampoules - NIRIGS","robots":{"index":"index","follow":"follow","max-snippet":"max-snippet:-1","max-image-preview":"max-image-preview:large","max-video-preview":"max-video-preview:-1"},"canonical":"https:\/\/nirigs.com\/ar\/product\/loreal-paris-glycolic-acid-peel-revitalift-laser-renew-peeling-10-percent-g-lycolic-acid-serum-ampoules\/","og_locale":"ar_AR","og_type":"article","og_title":"L'Oreal Paris - Glycolic Acid Peel Revitalift Laser Renew, Peeling 10 Percent G lycolic Acid Serum Ampoules - NIRIGS","og_url":"https:\/\/nirigs.com\/ar\/product\/loreal-paris-glycolic-acid-peel-revitalift-laser-renew-peeling-10-percent-g-lycolic-acid-serum-ampoules\/","og_site_name":"NIRIGS","article_modified_time":"2025-04-22T08:24:01+00:00","og_image":[{"width":1000,"height":1000,"url":"https:\/\/nirigs.com\/wp-content\/uploads\/2024\/09\/LOreal-Paris-Glycolic-Acid-Peel-Revitalift-Laser-Renew-Peeling-10-Percent-Glycolic-Acid-Serum-Ampoules.jpg","type":"image\/jpeg"}],"twitter_card":"summary_large_image","twitter_misc":{"\u0648\u0642\u062a \u0627\u0644\u0642\u0631\u0627\u0621\u0629 \u0627\u0644\u0645\u064f\u0642\u062f\u0651\u0631":"\u062f\u0642\u064a\u0642\u0629 \u0648\u0627\u062d\u062f\u0629"},"schema":{"@context":"https:\/\/schema.org","@graph":[{"@type":"WebPage","@id":"https:\/\/nirigs.com\/product\/loreal-paris-glycolic-acid-peel-revitalift-laser-renew-peeling-10-percent-g-lycolic-acid-serum-ampoules\/","url":"https:\/\/nirigs.com\/product\/loreal-paris-glycolic-acid-peel-revitalift-laser-renew-peeling-10-percent-g-lycolic-acid-serum-ampoules\/","name":"L'Oreal Paris - Glycolic Acid Peel Revitalift Laser Renew, Peeling 10 Percent G lycolic Acid Serum Ampoules - NIRIGS","isPartOf":{"@id":"https:\/\/nirigs.com\/#website"},"primaryImageOfPage":{"@id":"https:\/\/nirigs.com\/product\/loreal-paris-glycolic-acid-peel-revitalift-laser-renew-peeling-10-percent-g-lycolic-acid-serum-ampoules\/#primaryimage"},"image":{"@id":"https:\/\/nirigs.com\/product\/loreal-paris-glycolic-acid-peel-revitalift-laser-renew-peeling-10-percent-g-lycolic-acid-serum-ampoules\/#primaryimage"},"thumbnailUrl":"https:\/\/nirigs.com\/wp-content\/uploads\/2024\/09\/LOreal-Paris-Glycolic-Acid-Peel-Revitalift-Laser-Renew-Peeling-10-Percent-Glycolic-Acid-Serum-Ampoules.jpg","datePublished":"2024-10-02T14:51:34+00:00","dateModified":"2025-04-22T08:24:01+00:00","breadcrumb":{"@id":"https:\/\/nirigs.com\/product\/loreal-paris-glycolic-acid-peel-revitalift-laser-renew-peeling-10-percent-g-lycolic-acid-serum-ampoules\/#breadcrumb"},"inLanguage":"ar","potentialAction":[{"@type":"ReadAction","target":["https:\/\/nirigs.com\/product\/loreal-paris-glycolic-acid-peel-revitalift-laser-renew-peeling-10-percent-g-lycolic-acid-serum-ampoules\/"]}]},{"@type":"ImageObject","inLanguage":"ar","@id":"https:\/\/nirigs.com\/product\/loreal-paris-glycolic-acid-peel-revitalift-laser-renew-peeling-10-percent-g-lycolic-acid-serum-ampoules\/#primaryimage","url":"https:\/\/nirigs.com\/wp-content\/uploads\/2024\/09\/LOreal-Paris-Glycolic-Acid-Peel-Revitalift-Laser-Renew-Peeling-10-Percent-Glycolic-Acid-Serum-Ampoules.jpg","contentUrl":"https:\/\/nirigs.com\/wp-content\/uploads\/2024\/09\/LOreal-Paris-Glycolic-Acid-Peel-Revitalift-Laser-Renew-Peeling-10-Percent-Glycolic-Acid-Serum-Ampoules.jpg","width":1000,"height":1000},{"@type":"BreadcrumbList","@id":"https:\/\/nirigs.com\/product\/loreal-paris-glycolic-acid-peel-revitalift-laser-renew-peeling-10-percent-g-lycolic-acid-serum-ampoules\/#breadcrumb","itemListElement":[{"@type":"ListItem","position":1,"name":"Home","item":"https:\/\/nirigs.com\/"},{"@type":"ListItem","position":2,"name":"Parcourir","item":"https:\/\/nirigs.com\/boutique\/"},{"@type":"ListItem","position":3,"name":"L&rsquo;Oreal Paris &#8211; Glycolic Acid Peel Revitalift Laser Renew, Peeling 10 Percent G lycolic Acid Serum Ampoules"}]},{"@type":"WebSite","@id":"https:\/\/nirigs.com\/#website","url":"https:\/\/nirigs.com\/","name":"Nirigs.com","description":"Simplifiez vos achats du quotidien \u00e0 Djibouti","publisher":{"@id":"https:\/\/nirigs.com\/#organization"},"potentialAction":[{"@type":"SearchAction","target":{"@type":"EntryPoint","urlTemplate":"https:\/\/nirigs.com\/?s={search_term_string}"},"query-input":{"@type":"PropertyValueSpecification","valueRequired":true,"valueName":"search_term_string"}}],"inLanguage":"ar"},{"@type":"Organization","@id":"https:\/\/nirigs.com\/#organization","name":"\u0646\u064a\u0631\u064a\u062c\u0633","url":"https:\/\/nirigs.com\/","logo":{"@type":"ImageObject","inLanguage":"ar","@id":"https:\/\/nirigs.com\/#\/schema\/logo\/image\/","url":"https:\/\/nirigs.com\/wp-content\/uploads\/2025\/04\/Design-sans-titre-27.png","contentUrl":"https:\/\/nirigs.com\/wp-content\/uploads\/2025\/04\/Design-sans-titre-27.png","width":500,"height":500,"caption":"Nirigs"},"image":{"@id":"https:\/\/nirigs.com\/#\/schema\/logo\/image\/"}}]}},"brands":[{"id":588,"name":"L'Or\u00e9al Paris","slug":"loreal-paris"}],"_links":{"self":[{"href":"https:\/\/nirigs.com\/ar\/wp-json\/wp\/v2\/product\/21940","targetHints":{"allow":["GET"]}}],"collection":[{"href":"https:\/\/nirigs.com\/ar\/wp-json\/wp\/v2\/product"}],"about":[{"href":"https:\/\/nirigs.com\/ar\/wp-json\/wp\/v2\/types\/product"}],"replies":[{"embeddable":true,"href":"https:\/\/nirigs.com\/ar\/wp-json\/wp\/v2\/comments?post=21940"}],"version-history":[{"count":7,"href":"https:\/\/nirigs.com\/ar\/wp-json\/wp\/v2\/product\/21940\/revisions"}],"predecessor-version":[{"id":26964,"href":"https:\/\/nirigs.com\/ar\/wp-json\/wp\/v2\/product\/21940\/revisions\/26964"}],"wp:featuredmedia":[{"embeddable":true,"href":"https:\/\/nirigs.com\/ar\/wp-json\/wp\/v2\/media\/21941"}],"wp:attachment":[{"href":"https:\/\/nirigs.com\/ar\/wp-json\/wp\/v2\/media?parent=21940"}],"wp:term":[{"taxonomy":"pwb-brand","embeddable":true,"href":"https:\/\/nirigs.com\/ar\/wp-json\/wp\/v2\/pwb-brand?post=21940"},{"taxonomy":"product_brand","embeddable":true,"href":"https:\/\/nirigs.com\/ar\/wp-json\/wp\/v2\/product_brand?post=21940"},{"taxonomy":"product_cat","embeddable":true,"href":"https:\/\/nirigs.com\/ar\/wp-json\/wp\/v2\/product_cat?post=21940"},{"taxonomy":"product_tag","embeddable":true,"href":"https:\/\/nirigs.com\/ar\/wp-json\/wp\/v2\/product_tag?post=21940"}],"curies":[{"name":"wp","href":"https:\/\/api.w.org\/{rel}","templated":true}]}}