{"id":21933,"date":"2024-09-22T10:58:18","date_gmt":"2024-09-22T07:58:18","guid":{"rendered":"https:\/\/nirigs.com\/?post_type=product&#038;p=21933"},"modified":"2025-04-22T18:45:35","modified_gmt":"2025-04-22T15:45:35","slug":"loreal-paris-soin-profond-visage-anti-age-creme-de-jour-triple-action-a-lacide-hyaluronique-pro-retinol-vitamine-c-tous-types-de-peau-revitalift-laser-x3-50-ml","status":"publish","type":"product","link":"https:\/\/nirigs.com\/ar\/product\/loreal-paris-soin-profond-visage-anti-age-creme-de-jour-triple-action-a-lacide-hyaluronique-pro-retinol-vitamine-c-tous-types-de-peau-revitalift-laser-x3-50-ml\/","title":{"rendered":"L&rsquo;Or\u00e9al Paris &#8211; Soin Profond Visage Anti-\u00c2ge &#8211; Cr\u00e8me de Jour Triple Action &#8211; \u00c0 l&rsquo;Acide Hyaluronique, Pro-R\u00e9tinol et Vitamine C &#8211; Tous Types de Peau &#8211; Revitalift Laser &#8211; 50 ml"},"content":{"rendered":"<p>Soin Anti-\u00c2ge Triple Action Jour, la puissance de trois actifs de r\u00e9f\u00e9rence, pour corriger les rides, redensifier la peau et unifier le teint.<\/p>\n<p>1. Pro-R\u00e9tinol : Aide \u00e0 lisser les rides et \u00e0 renouveler la texture de la peau.<\/p>\n<p>2. Acide Hyaluronique : Hydrate intens\u00e9ment et repulpe la peau.<\/p>\n<p>3. Vitamine C(2) : Aide \u00e0 booster l&rsquo;\u00e9clat de la peau et \u00e0 unifier visiblement le teint.<\/p>\n<p>Ce soin \u00e0 la texture nourrissante et l\u00e9g\u00e8re, absorb\u00e9e rapidement, laisse sur la peau une sensation de douceur et de fermet\u00e9. Fini non gras, non collant. (2)Vitamine Cg.<\/p>\n<h4>\u0645\u0643\u0648\u0646\u0627\u062a<\/h4>\n<p>Aqua\/water, glycerin, isohexadecane, hydroxypropyl tetrahydropyrantriol, dimethicone, isopropyl isostearate, aluminum starch octenylsuccinate, propylene glycol, nylon-12, octyldodecanol, cetyl alcohol, ammonium polyacryldimethyltauramide\/ammonium, polyacryloyldimethyl taurate, behenyl alcohol, C13-14 isoparaffin, peg-100 stearate, stearic acid, stearyl alcohol, arachidyl alcohol, triethanolamine, cetearyl alcohol, cetearyl glucoside, palmitic acid, ad\u00e9nosine, disodium edta, disodium stearoyl glutamate, hydrolyzed hyaluronic acid, capryloyl salicylic acid, laureth-7, polyacrylamide, polyethylene, methylparaben, phenoxyethanol, Cl 15985\/yellow 6, Cl 19140\/yellow 5, linalool, isoeugenol, limonene, citronellol, benzyl alcohol, parfum\/fragrance (FIL B52510\/1)<\/p>","protected":false},"excerpt":{"rendered":"<p><br data-mce-bogus=\"1\"><\/p>","protected":false},"featured_media":21938,"comment_status":"open","ping_status":"closed","template":"","meta":[],"pwb-brand":[588],"product_brand":[],"product_cat":[267,1045,1032,1029,1041],"product_tag":[],"class_list":{"0":"post-21933","1":"product","2":"type-product","3":"status-publish","4":"has-post-thumbnail","6":"pwb-brand-loreal-paris","7":"product_cat-beaute-et-soins","8":"product_cat-soin-de-jour","9":"product_cat-soins-du-visage","10":"product_cat-soins-pour-la-peau","11":"product_cat-soins-visage-hydratants","13":"first","14":"instock","15":"shipping-taxable","16":"purchasable","17":"product-type-simple"},"yoast_head":"<!-- This site is optimized with the Yoast SEO plugin v27.1.1 - https:\/\/yoast.com\/product\/yoast-seo-wordpress\/ -->\n<title>L&#039;Or\u00e9al Paris - Soin Profond Visage Anti-\u00c2ge - Cr\u00e8me de Jour Triple Action - \u00c0 l&#039;Acide Hyaluronique, Pro-R\u00e9tinol et Vitamine C - Tous Types de Peau - Revitalift Laser - 50 ml - NIRIGS<\/title>\n<meta name=\"robots\" content=\"index, follow, max-snippet:-1, max-image-preview:large, max-video-preview:-1\" \/>\n<link rel=\"canonical\" href=\"https:\/\/nirigs.com\/ar\/product\/loreal-paris-soin-profond-visage-anti-age-creme-de-jour-triple-action-a-lacide-hyaluronique-pro-retinol-vitamine-c-tous-types-de-peau-revitalift-laser-x3-50-ml\/\" \/>\n<meta property=\"og:locale\" content=\"ar_AR\" \/>\n<meta property=\"og:type\" content=\"article\" \/>\n<meta property=\"og:title\" content=\"L&#039;Or\u00e9al Paris - Soin Profond Visage Anti-\u00c2ge - Cr\u00e8me de Jour Triple Action - \u00c0 l&#039;Acide Hyaluronique, Pro-R\u00e9tinol et Vitamine C - Tous Types de Peau - Revitalift Laser - 50 ml - NIRIGS\" \/>\n<meta property=\"og:url\" content=\"https:\/\/nirigs.com\/ar\/product\/loreal-paris-soin-profond-visage-anti-age-creme-de-jour-triple-action-a-lacide-hyaluronique-pro-retinol-vitamine-c-tous-types-de-peau-revitalift-laser-x3-50-ml\/\" \/>\n<meta property=\"og:site_name\" content=\"NIRIGS\" \/>\n<meta property=\"article:modified_time\" content=\"2025-04-22T15:45:35+00:00\" \/>\n<meta property=\"og:image\" content=\"https:\/\/nirigs.com\/wp-content\/uploads\/2024\/09\/LOreal-Paris-Soin-Profond-Visage-Anti-Age-Creme-de-Jour-Triple-Action-A-lAcide-Hyaluronique-Pro-Retinol-Vitamine-C-Tous-Types-de-Peau-Revitalift-Laser-X3-50-ml.jpg\" \/>\n\t<meta property=\"og:image:width\" content=\"1000\" \/>\n\t<meta property=\"og:image:height\" content=\"1000\" \/>\n\t<meta property=\"og:image:type\" content=\"image\/jpeg\" \/>\n<meta name=\"twitter:card\" content=\"summary_large_image\" \/>\n<meta name=\"twitter:label1\" content=\"\u0648\u0642\u062a \u0627\u0644\u0642\u0631\u0627\u0621\u0629 \u0627\u0644\u0645\u064f\u0642\u062f\u0651\u0631\" \/>\n\t<meta name=\"twitter:data1\" content=\"\u062f\u0642\u064a\u0642\u0629 \u0648\u0627\u062d\u062f\u0629\" \/>\n<script type=\"application\/ld+json\" class=\"yoast-schema-graph\">{\"@context\":\"https:\/\/schema.org\",\"@graph\":[{\"@type\":\"WebPage\",\"@id\":\"https:\/\/nirigs.com\/product\/loreal-paris-soin-profond-visage-anti-age-creme-de-jour-triple-action-a-lacide-hyaluronique-pro-retinol-vitamine-c-tous-types-de-peau-revitalift-laser-x3-50-ml\/\",\"url\":\"https:\/\/nirigs.com\/product\/loreal-paris-soin-profond-visage-anti-age-creme-de-jour-triple-action-a-lacide-hyaluronique-pro-retinol-vitamine-c-tous-types-de-peau-revitalift-laser-x3-50-ml\/\",\"name\":\"L'Or\u00e9al Paris - Soin Profond Visage Anti-\u00c2ge - Cr\u00e8me de Jour Triple Action - \u00c0 l'Acide Hyaluronique, Pro-R\u00e9tinol et Vitamine C - Tous Types de Peau - Revitalift Laser - 50 ml - NIRIGS\",\"isPartOf\":{\"@id\":\"https:\/\/nirigs.com\/#website\"},\"primaryImageOfPage\":{\"@id\":\"https:\/\/nirigs.com\/product\/loreal-paris-soin-profond-visage-anti-age-creme-de-jour-triple-action-a-lacide-hyaluronique-pro-retinol-vitamine-c-tous-types-de-peau-revitalift-laser-x3-50-ml\/#primaryimage\"},\"image\":{\"@id\":\"https:\/\/nirigs.com\/product\/loreal-paris-soin-profond-visage-anti-age-creme-de-jour-triple-action-a-lacide-hyaluronique-pro-retinol-vitamine-c-tous-types-de-peau-revitalift-laser-x3-50-ml\/#primaryimage\"},\"thumbnailUrl\":\"https:\/\/nirigs.com\/wp-content\/uploads\/2024\/09\/LOreal-Paris-Soin-Profond-Visage-Anti-Age-Creme-de-Jour-Triple-Action-A-lAcide-Hyaluronique-Pro-Retinol-Vitamine-C-Tous-Types-de-Peau-Revitalift-Laser-X3-50-ml.jpg\",\"datePublished\":\"2024-09-22T07:58:18+00:00\",\"dateModified\":\"2025-04-22T15:45:35+00:00\",\"breadcrumb\":{\"@id\":\"https:\/\/nirigs.com\/product\/loreal-paris-soin-profond-visage-anti-age-creme-de-jour-triple-action-a-lacide-hyaluronique-pro-retinol-vitamine-c-tous-types-de-peau-revitalift-laser-x3-50-ml\/#breadcrumb\"},\"inLanguage\":\"ar\",\"potentialAction\":[{\"@type\":\"ReadAction\",\"target\":[\"https:\/\/nirigs.com\/product\/loreal-paris-soin-profond-visage-anti-age-creme-de-jour-triple-action-a-lacide-hyaluronique-pro-retinol-vitamine-c-tous-types-de-peau-revitalift-laser-x3-50-ml\/\"]}]},{\"@type\":\"ImageObject\",\"inLanguage\":\"ar\",\"@id\":\"https:\/\/nirigs.com\/product\/loreal-paris-soin-profond-visage-anti-age-creme-de-jour-triple-action-a-lacide-hyaluronique-pro-retinol-vitamine-c-tous-types-de-peau-revitalift-laser-x3-50-ml\/#primaryimage\",\"url\":\"https:\/\/nirigs.com\/wp-content\/uploads\/2024\/09\/LOreal-Paris-Soin-Profond-Visage-Anti-Age-Creme-de-Jour-Triple-Action-A-lAcide-Hyaluronique-Pro-Retinol-Vitamine-C-Tous-Types-de-Peau-Revitalift-Laser-X3-50-ml.jpg\",\"contentUrl\":\"https:\/\/nirigs.com\/wp-content\/uploads\/2024\/09\/LOreal-Paris-Soin-Profond-Visage-Anti-Age-Creme-de-Jour-Triple-Action-A-lAcide-Hyaluronique-Pro-Retinol-Vitamine-C-Tous-Types-de-Peau-Revitalift-Laser-X3-50-ml.jpg\",\"width\":1000,\"height\":1000},{\"@type\":\"BreadcrumbList\",\"@id\":\"https:\/\/nirigs.com\/product\/loreal-paris-soin-profond-visage-anti-age-creme-de-jour-triple-action-a-lacide-hyaluronique-pro-retinol-vitamine-c-tous-types-de-peau-revitalift-laser-x3-50-ml\/#breadcrumb\",\"itemListElement\":[{\"@type\":\"ListItem\",\"position\":1,\"name\":\"Home\",\"item\":\"https:\/\/nirigs.com\/\"},{\"@type\":\"ListItem\",\"position\":2,\"name\":\"Parcourir\",\"item\":\"https:\/\/nirigs.com\/boutique\/\"},{\"@type\":\"ListItem\",\"position\":3,\"name\":\"L&rsquo;Or\u00e9al Paris &#8211; Soin Profond Visage Anti-\u00c2ge &#8211; Cr\u00e8me de Jour Triple Action &#8211; \u00c0 l&rsquo;Acide Hyaluronique, Pro-R\u00e9tinol et Vitamine C &#8211; Tous Types de Peau &#8211; Revitalift Laser &#8211; 50 ml\"}]},{\"@type\":\"WebSite\",\"@id\":\"https:\/\/nirigs.com\/#website\",\"url\":\"https:\/\/nirigs.com\/\",\"name\":\"Nirigs.com\",\"description\":\"Simplifiez vos achats du quotidien \u00e0 Djibouti\",\"publisher\":{\"@id\":\"https:\/\/nirigs.com\/#organization\"},\"potentialAction\":[{\"@type\":\"SearchAction\",\"target\":{\"@type\":\"EntryPoint\",\"urlTemplate\":\"https:\/\/nirigs.com\/?s={search_term_string}\"},\"query-input\":{\"@type\":\"PropertyValueSpecification\",\"valueRequired\":true,\"valueName\":\"search_term_string\"}}],\"inLanguage\":\"ar\"},{\"@type\":\"Organization\",\"@id\":\"https:\/\/nirigs.com\/#organization\",\"name\":\"Nirigs\",\"url\":\"https:\/\/nirigs.com\/\",\"logo\":{\"@type\":\"ImageObject\",\"inLanguage\":\"ar\",\"@id\":\"https:\/\/nirigs.com\/#\/schema\/logo\/image\/\",\"url\":\"https:\/\/nirigs.com\/wp-content\/uploads\/2025\/04\/Design-sans-titre-27.png\",\"contentUrl\":\"https:\/\/nirigs.com\/wp-content\/uploads\/2025\/04\/Design-sans-titre-27.png\",\"width\":500,\"height\":500,\"caption\":\"Nirigs\"},\"image\":{\"@id\":\"https:\/\/nirigs.com\/#\/schema\/logo\/image\/\"}}]}<\/script>\n<!-- \/ Yoast SEO plugin. -->","yoast_head_json":{"title":"L'Or\u00e9al Paris - Soin Profond Visage Anti-\u00c2ge - Cr\u00e8me de Jour Triple Action - \u00c0 l'Acide Hyaluronique, Pro-R\u00e9tinol et Vitamine C - Tous Types de Peau - Revitalift Laser - 50 ml - NIRIGS","robots":{"index":"index","follow":"follow","max-snippet":"max-snippet:-1","max-image-preview":"max-image-preview:large","max-video-preview":"max-video-preview:-1"},"canonical":"https:\/\/nirigs.com\/ar\/product\/loreal-paris-soin-profond-visage-anti-age-creme-de-jour-triple-action-a-lacide-hyaluronique-pro-retinol-vitamine-c-tous-types-de-peau-revitalift-laser-x3-50-ml\/","og_locale":"ar_AR","og_type":"article","og_title":"L'Or\u00e9al Paris - Soin Profond Visage Anti-\u00c2ge - Cr\u00e8me de Jour Triple Action - \u00c0 l'Acide Hyaluronique, Pro-R\u00e9tinol et Vitamine C - Tous Types de Peau - Revitalift Laser - 50 ml - NIRIGS","og_url":"https:\/\/nirigs.com\/ar\/product\/loreal-paris-soin-profond-visage-anti-age-creme-de-jour-triple-action-a-lacide-hyaluronique-pro-retinol-vitamine-c-tous-types-de-peau-revitalift-laser-x3-50-ml\/","og_site_name":"NIRIGS","article_modified_time":"2025-04-22T15:45:35+00:00","og_image":[{"width":1000,"height":1000,"url":"https:\/\/nirigs.com\/wp-content\/uploads\/2024\/09\/LOreal-Paris-Soin-Profond-Visage-Anti-Age-Creme-de-Jour-Triple-Action-A-lAcide-Hyaluronique-Pro-Retinol-Vitamine-C-Tous-Types-de-Peau-Revitalift-Laser-X3-50-ml.jpg","type":"image\/jpeg"}],"twitter_card":"summary_large_image","twitter_misc":{"\u0648\u0642\u062a \u0627\u0644\u0642\u0631\u0627\u0621\u0629 \u0627\u0644\u0645\u064f\u0642\u062f\u0651\u0631":"\u062f\u0642\u064a\u0642\u0629 \u0648\u0627\u062d\u062f\u0629"},"schema":{"@context":"https:\/\/schema.org","@graph":[{"@type":"WebPage","@id":"https:\/\/nirigs.com\/product\/loreal-paris-soin-profond-visage-anti-age-creme-de-jour-triple-action-a-lacide-hyaluronique-pro-retinol-vitamine-c-tous-types-de-peau-revitalift-laser-x3-50-ml\/","url":"https:\/\/nirigs.com\/product\/loreal-paris-soin-profond-visage-anti-age-creme-de-jour-triple-action-a-lacide-hyaluronique-pro-retinol-vitamine-c-tous-types-de-peau-revitalift-laser-x3-50-ml\/","name":"L'Or\u00e9al Paris - Soin Profond Visage Anti-\u00c2ge - Cr\u00e8me de Jour Triple Action - \u00c0 l'Acide Hyaluronique, Pro-R\u00e9tinol et Vitamine C - Tous Types de Peau - Revitalift Laser - 50 ml - NIRIGS","isPartOf":{"@id":"https:\/\/nirigs.com\/#website"},"primaryImageOfPage":{"@id":"https:\/\/nirigs.com\/product\/loreal-paris-soin-profond-visage-anti-age-creme-de-jour-triple-action-a-lacide-hyaluronique-pro-retinol-vitamine-c-tous-types-de-peau-revitalift-laser-x3-50-ml\/#primaryimage"},"image":{"@id":"https:\/\/nirigs.com\/product\/loreal-paris-soin-profond-visage-anti-age-creme-de-jour-triple-action-a-lacide-hyaluronique-pro-retinol-vitamine-c-tous-types-de-peau-revitalift-laser-x3-50-ml\/#primaryimage"},"thumbnailUrl":"https:\/\/nirigs.com\/wp-content\/uploads\/2024\/09\/LOreal-Paris-Soin-Profond-Visage-Anti-Age-Creme-de-Jour-Triple-Action-A-lAcide-Hyaluronique-Pro-Retinol-Vitamine-C-Tous-Types-de-Peau-Revitalift-Laser-X3-50-ml.jpg","datePublished":"2024-09-22T07:58:18+00:00","dateModified":"2025-04-22T15:45:35+00:00","breadcrumb":{"@id":"https:\/\/nirigs.com\/product\/loreal-paris-soin-profond-visage-anti-age-creme-de-jour-triple-action-a-lacide-hyaluronique-pro-retinol-vitamine-c-tous-types-de-peau-revitalift-laser-x3-50-ml\/#breadcrumb"},"inLanguage":"ar","potentialAction":[{"@type":"ReadAction","target":["https:\/\/nirigs.com\/product\/loreal-paris-soin-profond-visage-anti-age-creme-de-jour-triple-action-a-lacide-hyaluronique-pro-retinol-vitamine-c-tous-types-de-peau-revitalift-laser-x3-50-ml\/"]}]},{"@type":"ImageObject","inLanguage":"ar","@id":"https:\/\/nirigs.com\/product\/loreal-paris-soin-profond-visage-anti-age-creme-de-jour-triple-action-a-lacide-hyaluronique-pro-retinol-vitamine-c-tous-types-de-peau-revitalift-laser-x3-50-ml\/#primaryimage","url":"https:\/\/nirigs.com\/wp-content\/uploads\/2024\/09\/LOreal-Paris-Soin-Profond-Visage-Anti-Age-Creme-de-Jour-Triple-Action-A-lAcide-Hyaluronique-Pro-Retinol-Vitamine-C-Tous-Types-de-Peau-Revitalift-Laser-X3-50-ml.jpg","contentUrl":"https:\/\/nirigs.com\/wp-content\/uploads\/2024\/09\/LOreal-Paris-Soin-Profond-Visage-Anti-Age-Creme-de-Jour-Triple-Action-A-lAcide-Hyaluronique-Pro-Retinol-Vitamine-C-Tous-Types-de-Peau-Revitalift-Laser-X3-50-ml.jpg","width":1000,"height":1000},{"@type":"BreadcrumbList","@id":"https:\/\/nirigs.com\/product\/loreal-paris-soin-profond-visage-anti-age-creme-de-jour-triple-action-a-lacide-hyaluronique-pro-retinol-vitamine-c-tous-types-de-peau-revitalift-laser-x3-50-ml\/#breadcrumb","itemListElement":[{"@type":"ListItem","position":1,"name":"Home","item":"https:\/\/nirigs.com\/"},{"@type":"ListItem","position":2,"name":"Parcourir","item":"https:\/\/nirigs.com\/boutique\/"},{"@type":"ListItem","position":3,"name":"L&rsquo;Or\u00e9al Paris &#8211; Soin Profond Visage Anti-\u00c2ge &#8211; Cr\u00e8me de Jour Triple Action &#8211; \u00c0 l&rsquo;Acide Hyaluronique, Pro-R\u00e9tinol et Vitamine C &#8211; Tous Types de Peau &#8211; Revitalift Laser &#8211; 50 ml"}]},{"@type":"WebSite","@id":"https:\/\/nirigs.com\/#website","url":"https:\/\/nirigs.com\/","name":"Nirigs.com","description":"Simplifiez vos achats du quotidien \u00e0 Djibouti","publisher":{"@id":"https:\/\/nirigs.com\/#organization"},"potentialAction":[{"@type":"SearchAction","target":{"@type":"EntryPoint","urlTemplate":"https:\/\/nirigs.com\/?s={search_term_string}"},"query-input":{"@type":"PropertyValueSpecification","valueRequired":true,"valueName":"search_term_string"}}],"inLanguage":"ar"},{"@type":"Organization","@id":"https:\/\/nirigs.com\/#organization","name":"\u0646\u064a\u0631\u064a\u062c\u0633","url":"https:\/\/nirigs.com\/","logo":{"@type":"ImageObject","inLanguage":"ar","@id":"https:\/\/nirigs.com\/#\/schema\/logo\/image\/","url":"https:\/\/nirigs.com\/wp-content\/uploads\/2025\/04\/Design-sans-titre-27.png","contentUrl":"https:\/\/nirigs.com\/wp-content\/uploads\/2025\/04\/Design-sans-titre-27.png","width":500,"height":500,"caption":"Nirigs"},"image":{"@id":"https:\/\/nirigs.com\/#\/schema\/logo\/image\/"}}]}},"brands":[{"id":588,"name":"L'Or\u00e9al Paris","slug":"loreal-paris"}],"_links":{"self":[{"href":"https:\/\/nirigs.com\/ar\/wp-json\/wp\/v2\/product\/21933","targetHints":{"allow":["GET"]}}],"collection":[{"href":"https:\/\/nirigs.com\/ar\/wp-json\/wp\/v2\/product"}],"about":[{"href":"https:\/\/nirigs.com\/ar\/wp-json\/wp\/v2\/types\/product"}],"replies":[{"embeddable":true,"href":"https:\/\/nirigs.com\/ar\/wp-json\/wp\/v2\/comments?post=21933"}],"version-history":[{"count":5,"href":"https:\/\/nirigs.com\/ar\/wp-json\/wp\/v2\/product\/21933\/revisions"}],"predecessor-version":[{"id":27048,"href":"https:\/\/nirigs.com\/ar\/wp-json\/wp\/v2\/product\/21933\/revisions\/27048"}],"wp:featuredmedia":[{"embeddable":true,"href":"https:\/\/nirigs.com\/ar\/wp-json\/wp\/v2\/media\/21938"}],"wp:attachment":[{"href":"https:\/\/nirigs.com\/ar\/wp-json\/wp\/v2\/media?parent=21933"}],"wp:term":[{"taxonomy":"pwb-brand","embeddable":true,"href":"https:\/\/nirigs.com\/ar\/wp-json\/wp\/v2\/pwb-brand?post=21933"},{"taxonomy":"product_brand","embeddable":true,"href":"https:\/\/nirigs.com\/ar\/wp-json\/wp\/v2\/product_brand?post=21933"},{"taxonomy":"product_cat","embeddable":true,"href":"https:\/\/nirigs.com\/ar\/wp-json\/wp\/v2\/product_cat?post=21933"},{"taxonomy":"product_tag","embeddable":true,"href":"https:\/\/nirigs.com\/ar\/wp-json\/wp\/v2\/product_tag?post=21933"}],"curies":[{"name":"wp","href":"https:\/\/api.w.org\/{rel}","templated":true}]}}