{"id":21922,"date":"2024-10-02T18:11:56","date_gmt":"2024-10-02T15:11:56","guid":{"rendered":"https:\/\/nirigs.com\/?post_type=product&#038;p=21922"},"modified":"2025-03-13T17:53:13","modified_gmt":"2025-03-13T14:53:13","slug":"loreal-paris-age-expertise-soin-de-jour-45-50-ml","status":"publish","type":"product","link":"https:\/\/nirigs.com\/ar\/product\/loreal-paris-age-expertise-soin-de-jour-45-50-ml\/","title":{"rendered":"L&rsquo;Or\u00e9al Paris &#8211; Age Expertise Soin de Jour 45+ &#8211; 50 ml"},"content":{"rendered":"<p>\u00c0 partir 45 ans, la r\u00e9g\u00e9n\u00e9ration cellulaire commence \u00e0 ralentir. Les rides apparaissent, la peau perd de sa fermet\u00e9 et les contours du visage sont moins bien d\u00e9finis.<\/p>\n<p>Le Soin Intensif Age Expertise 45+ enrichi en r\u00e9tinol-peptides est un puissant soin anti-rides de jour qui stimule le renouvellement cellulaire de la peau. La peau est hydrat\u00e9e et raffermie pour un contour du visage remodel\u00e9 et les rides sont r\u00e9duites.<\/p>\n<p>UNE CREME ANTI RIDES D\u00c8S 45 ANS<br \/>\nEnrichie en R\u00e9tino-Peptides, cette cr\u00e8me anti rides \u00e0 la texture soyeuse et onctueuse, stimule le renouvellement cellulaire de l&rsquo;\u00e9piderme.<\/p>\n<ul>\n<li>R\u00e9duit les premi\u00e8res rides: la peau est plus belle et lisse.<\/li>\n<li>Renforce la tonicit\u00e9 de la peau<\/li>\n<\/ul>\n<h4>\u064a\u0633\u062a\u062e\u062f\u0645<\/h4>\n<p>Appliquez tous les jours sur le visage et le cou bien nettoy\u00e9s par mouvements circulaires pour une meilleure p\u00e9n\u00e9tration.<\/p>\n<h4>\u0645\u0643\u0648\u0646\u0627\u062a<\/h4>\n<p>AQUA \/ WATER \u2022 GLYCERIN \u2022 ISOHEXADECANE \u2022 DIMETHICONE \u2022 ZEA MAYS STARCH \/ CORN STARCH \u2022 ISOPROPYL ISOSTEARATE \u2022 PROPYLENE GLYCOL \u2022 OXIDIZED STARCH ACETATE \u2022 OCTYLDODECANOL \u2022 CETYL ALCOHOL \u2022 BEHENYL ALCOHOL \u2022 HYDROLYZED SOY PROTEIN \u2022 ADENOSINE \u2022 CAPRYLOYL SALICYLIC ACID \u2022 TRISODIUM ETHYLENEDIAMINE DISUCCINATE \u2022 RETINYL PALMITATE \u2022 CAMELLIA OLEIFERA SEED OIL \u2022 CAPRYLYL GLYCOL \u2022 CETEARYL ALCOHOL \u2022 CETEARYL GLUCOSIDE \u2022 MYRISTIC ACID \u2022 PALMITIC ACID \u2022 PEG-100 STEARATE \u2022 PENTYLENE GLYCOL \u2022 SODIUM POLYACRYLATE \u2022 SODIUM POLYACRYLATE STARCH \u2022 SODIUM STEAROYL GLUTAMATE \u2022 STEARIC ACID \u2022 TOCOPHEROL \u2022 XANTHAN GUM \u2022 ALPHA-ISOMETHYL IONONE \u2022 CITRONELLOL \u2022 GERANIOL \u2022 LIMONENE \u2022 LINALOOL \u2022 PHENOXYETHANOL \u2022 PARFUM \/ FRAGRANCE (F.I.L. Z283210\/1).<\/p>","protected":false},"excerpt":{"rendered":"<p>\u00c0 partir 45 ans, la r\u00e9g\u00e9n\u00e9ration cellulaire commence \u00e0 ralentir. Les rides apparaissent, la peau perd de sa fermet\u00e9 et<\/p>","protected":false},"featured_media":22967,"comment_status":"open","ping_status":"closed","template":"","meta":[],"pwb-brand":[588],"product_brand":[],"product_cat":[267,1045,1032,1029,1041],"product_tag":[],"class_list":{"0":"post-21922","1":"product","2":"type-product","3":"status-publish","4":"has-post-thumbnail","6":"pwb-brand-loreal-paris","7":"product_cat-beaute-et-soins","8":"product_cat-soin-de-jour","9":"product_cat-soins-du-visage","10":"product_cat-soins-pour-la-peau","11":"product_cat-soins-visage-hydratants","13":"first","14":"instock","15":"shipping-taxable","16":"purchasable","17":"product-type-simple"},"yoast_head":"<!-- This site is optimized with the Yoast SEO plugin v27.1.1 - https:\/\/yoast.com\/product\/yoast-seo-wordpress\/ -->\n<title>L&#039;Or\u00e9al Paris - Age Expertise Soin de Jour 45+ - 50 ml - NIRIGS<\/title>\n<meta name=\"robots\" content=\"index, follow, max-snippet:-1, max-image-preview:large, max-video-preview:-1\" \/>\n<link rel=\"canonical\" href=\"https:\/\/nirigs.com\/ar\/product\/loreal-paris-age-expertise-soin-de-jour-45-50-ml\/\" \/>\n<meta property=\"og:locale\" content=\"ar_AR\" \/>\n<meta property=\"og:type\" content=\"article\" \/>\n<meta property=\"og:title\" content=\"L&#039;Or\u00e9al Paris - Age Expertise Soin de Jour 45+ - 50 ml - NIRIGS\" \/>\n<meta property=\"og:description\" content=\"\u00c0 partir 45 ans, la r\u00e9g\u00e9n\u00e9ration cellulaire commence \u00e0 ralentir. Les rides apparaissent, la peau perd de sa fermet\u00e9 et\" \/>\n<meta property=\"og:url\" content=\"https:\/\/nirigs.com\/ar\/product\/loreal-paris-age-expertise-soin-de-jour-45-50-ml\/\" \/>\n<meta property=\"og:site_name\" content=\"NIRIGS\" \/>\n<meta property=\"article:modified_time\" content=\"2025-03-13T14:53:13+00:00\" \/>\n<meta property=\"og:image\" content=\"https:\/\/nirigs.com\/wp-content\/uploads\/2024\/10\/LOreal-Paris-\u2013-Age-Expertise-Soin-de-Jour-45-\u2013-50-ml.jpg\" \/>\n\t<meta property=\"og:image:width\" content=\"1000\" \/>\n\t<meta property=\"og:image:height\" content=\"1000\" \/>\n\t<meta property=\"og:image:type\" content=\"image\/jpeg\" \/>\n<meta name=\"twitter:card\" content=\"summary_large_image\" \/>\n<meta name=\"twitter:label1\" content=\"\u0648\u0642\u062a \u0627\u0644\u0642\u0631\u0627\u0621\u0629 \u0627\u0644\u0645\u064f\u0642\u062f\u0651\u0631\" \/>\n\t<meta name=\"twitter:data1\" content=\"\u062f\u0642\u064a\u0642\u0629 \u0648\u0627\u062d\u062f\u0629\" \/>\n<script type=\"application\/ld+json\" class=\"yoast-schema-graph\">{\"@context\":\"https:\/\/schema.org\",\"@graph\":[{\"@type\":\"WebPage\",\"@id\":\"https:\/\/nirigs.com\/product\/loreal-paris-age-expertise-soin-de-jour-45-50-ml\/\",\"url\":\"https:\/\/nirigs.com\/product\/loreal-paris-age-expertise-soin-de-jour-45-50-ml\/\",\"name\":\"L'Or\u00e9al Paris - Age Expertise Soin de Jour 45+ - 50 ml - NIRIGS\",\"isPartOf\":{\"@id\":\"https:\/\/nirigs.com\/#website\"},\"primaryImageOfPage\":{\"@id\":\"https:\/\/nirigs.com\/product\/loreal-paris-age-expertise-soin-de-jour-45-50-ml\/#primaryimage\"},\"image\":{\"@id\":\"https:\/\/nirigs.com\/product\/loreal-paris-age-expertise-soin-de-jour-45-50-ml\/#primaryimage\"},\"thumbnailUrl\":\"https:\/\/nirigs.com\/wp-content\/uploads\/2024\/10\/LOreal-Paris-\u2013-Age-Expertise-Soin-de-Jour-45-\u2013-50-ml.jpg\",\"datePublished\":\"2024-10-02T15:11:56+00:00\",\"dateModified\":\"2025-03-13T14:53:13+00:00\",\"breadcrumb\":{\"@id\":\"https:\/\/nirigs.com\/product\/loreal-paris-age-expertise-soin-de-jour-45-50-ml\/#breadcrumb\"},\"inLanguage\":\"ar\",\"potentialAction\":[{\"@type\":\"ReadAction\",\"target\":[\"https:\/\/nirigs.com\/product\/loreal-paris-age-expertise-soin-de-jour-45-50-ml\/\"]}]},{\"@type\":\"ImageObject\",\"inLanguage\":\"ar\",\"@id\":\"https:\/\/nirigs.com\/product\/loreal-paris-age-expertise-soin-de-jour-45-50-ml\/#primaryimage\",\"url\":\"https:\/\/nirigs.com\/wp-content\/uploads\/2024\/10\/LOreal-Paris-\u2013-Age-Expertise-Soin-de-Jour-45-\u2013-50-ml.jpg\",\"contentUrl\":\"https:\/\/nirigs.com\/wp-content\/uploads\/2024\/10\/LOreal-Paris-\u2013-Age-Expertise-Soin-de-Jour-45-\u2013-50-ml.jpg\",\"width\":1000,\"height\":1000},{\"@type\":\"BreadcrumbList\",\"@id\":\"https:\/\/nirigs.com\/product\/loreal-paris-age-expertise-soin-de-jour-45-50-ml\/#breadcrumb\",\"itemListElement\":[{\"@type\":\"ListItem\",\"position\":1,\"name\":\"Home\",\"item\":\"https:\/\/nirigs.com\/\"},{\"@type\":\"ListItem\",\"position\":2,\"name\":\"Parcourir\",\"item\":\"https:\/\/nirigs.com\/boutique\/\"},{\"@type\":\"ListItem\",\"position\":3,\"name\":\"L&rsquo;Or\u00e9al Paris &#8211; Age Expertise Soin de Jour 45+ &#8211; 50 ml\"}]},{\"@type\":\"WebSite\",\"@id\":\"https:\/\/nirigs.com\/#website\",\"url\":\"https:\/\/nirigs.com\/\",\"name\":\"Nirigs.com\",\"description\":\"Simplifiez vos achats du quotidien \u00e0 Djibouti\",\"publisher\":{\"@id\":\"https:\/\/nirigs.com\/#organization\"},\"potentialAction\":[{\"@type\":\"SearchAction\",\"target\":{\"@type\":\"EntryPoint\",\"urlTemplate\":\"https:\/\/nirigs.com\/?s={search_term_string}\"},\"query-input\":{\"@type\":\"PropertyValueSpecification\",\"valueRequired\":true,\"valueName\":\"search_term_string\"}}],\"inLanguage\":\"ar\"},{\"@type\":\"Organization\",\"@id\":\"https:\/\/nirigs.com\/#organization\",\"name\":\"Nirigs\",\"url\":\"https:\/\/nirigs.com\/\",\"logo\":{\"@type\":\"ImageObject\",\"inLanguage\":\"ar\",\"@id\":\"https:\/\/nirigs.com\/#\/schema\/logo\/image\/\",\"url\":\"https:\/\/nirigs.com\/wp-content\/uploads\/2025\/04\/Design-sans-titre-27.png\",\"contentUrl\":\"https:\/\/nirigs.com\/wp-content\/uploads\/2025\/04\/Design-sans-titre-27.png\",\"width\":500,\"height\":500,\"caption\":\"Nirigs\"},\"image\":{\"@id\":\"https:\/\/nirigs.com\/#\/schema\/logo\/image\/\"}}]}<\/script>\n<!-- \/ Yoast SEO plugin. -->","yoast_head_json":{"title":"L'Or\u00e9al Paris - Age Expertise Soin de Jour 45+ - 50 ml - NIRIGS","robots":{"index":"index","follow":"follow","max-snippet":"max-snippet:-1","max-image-preview":"max-image-preview:large","max-video-preview":"max-video-preview:-1"},"canonical":"https:\/\/nirigs.com\/ar\/product\/loreal-paris-age-expertise-soin-de-jour-45-50-ml\/","og_locale":"ar_AR","og_type":"article","og_title":"L'Or\u00e9al Paris - Age Expertise Soin de Jour 45+ - 50 ml - NIRIGS","og_description":"\u00c0 partir 45 ans, la r\u00e9g\u00e9n\u00e9ration cellulaire commence \u00e0 ralentir. Les rides apparaissent, la peau perd de sa fermet\u00e9 et","og_url":"https:\/\/nirigs.com\/ar\/product\/loreal-paris-age-expertise-soin-de-jour-45-50-ml\/","og_site_name":"NIRIGS","article_modified_time":"2025-03-13T14:53:13+00:00","og_image":[{"width":1000,"height":1000,"url":"https:\/\/nirigs.com\/wp-content\/uploads\/2024\/10\/LOreal-Paris-\u2013-Age-Expertise-Soin-de-Jour-45-\u2013-50-ml.jpg","type":"image\/jpeg"}],"twitter_card":"summary_large_image","twitter_misc":{"\u0648\u0642\u062a \u0627\u0644\u0642\u0631\u0627\u0621\u0629 \u0627\u0644\u0645\u064f\u0642\u062f\u0651\u0631":"\u062f\u0642\u064a\u0642\u0629 \u0648\u0627\u062d\u062f\u0629"},"schema":{"@context":"https:\/\/schema.org","@graph":[{"@type":"WebPage","@id":"https:\/\/nirigs.com\/product\/loreal-paris-age-expertise-soin-de-jour-45-50-ml\/","url":"https:\/\/nirigs.com\/product\/loreal-paris-age-expertise-soin-de-jour-45-50-ml\/","name":"L'Or\u00e9al Paris - Age Expertise Soin de Jour 45+ - 50 ml - NIRIGS","isPartOf":{"@id":"https:\/\/nirigs.com\/#website"},"primaryImageOfPage":{"@id":"https:\/\/nirigs.com\/product\/loreal-paris-age-expertise-soin-de-jour-45-50-ml\/#primaryimage"},"image":{"@id":"https:\/\/nirigs.com\/product\/loreal-paris-age-expertise-soin-de-jour-45-50-ml\/#primaryimage"},"thumbnailUrl":"https:\/\/nirigs.com\/wp-content\/uploads\/2024\/10\/LOreal-Paris-\u2013-Age-Expertise-Soin-de-Jour-45-\u2013-50-ml.jpg","datePublished":"2024-10-02T15:11:56+00:00","dateModified":"2025-03-13T14:53:13+00:00","breadcrumb":{"@id":"https:\/\/nirigs.com\/product\/loreal-paris-age-expertise-soin-de-jour-45-50-ml\/#breadcrumb"},"inLanguage":"ar","potentialAction":[{"@type":"ReadAction","target":["https:\/\/nirigs.com\/product\/loreal-paris-age-expertise-soin-de-jour-45-50-ml\/"]}]},{"@type":"ImageObject","inLanguage":"ar","@id":"https:\/\/nirigs.com\/product\/loreal-paris-age-expertise-soin-de-jour-45-50-ml\/#primaryimage","url":"https:\/\/nirigs.com\/wp-content\/uploads\/2024\/10\/LOreal-Paris-\u2013-Age-Expertise-Soin-de-Jour-45-\u2013-50-ml.jpg","contentUrl":"https:\/\/nirigs.com\/wp-content\/uploads\/2024\/10\/LOreal-Paris-\u2013-Age-Expertise-Soin-de-Jour-45-\u2013-50-ml.jpg","width":1000,"height":1000},{"@type":"BreadcrumbList","@id":"https:\/\/nirigs.com\/product\/loreal-paris-age-expertise-soin-de-jour-45-50-ml\/#breadcrumb","itemListElement":[{"@type":"ListItem","position":1,"name":"Home","item":"https:\/\/nirigs.com\/"},{"@type":"ListItem","position":2,"name":"Parcourir","item":"https:\/\/nirigs.com\/boutique\/"},{"@type":"ListItem","position":3,"name":"L&rsquo;Or\u00e9al Paris &#8211; Age Expertise Soin de Jour 45+ &#8211; 50 ml"}]},{"@type":"WebSite","@id":"https:\/\/nirigs.com\/#website","url":"https:\/\/nirigs.com\/","name":"Nirigs.com","description":"Simplifiez vos achats du quotidien \u00e0 Djibouti","publisher":{"@id":"https:\/\/nirigs.com\/#organization"},"potentialAction":[{"@type":"SearchAction","target":{"@type":"EntryPoint","urlTemplate":"https:\/\/nirigs.com\/?s={search_term_string}"},"query-input":{"@type":"PropertyValueSpecification","valueRequired":true,"valueName":"search_term_string"}}],"inLanguage":"ar"},{"@type":"Organization","@id":"https:\/\/nirigs.com\/#organization","name":"\u0646\u064a\u0631\u064a\u062c\u0633","url":"https:\/\/nirigs.com\/","logo":{"@type":"ImageObject","inLanguage":"ar","@id":"https:\/\/nirigs.com\/#\/schema\/logo\/image\/","url":"https:\/\/nirigs.com\/wp-content\/uploads\/2025\/04\/Design-sans-titre-27.png","contentUrl":"https:\/\/nirigs.com\/wp-content\/uploads\/2025\/04\/Design-sans-titre-27.png","width":500,"height":500,"caption":"Nirigs"},"image":{"@id":"https:\/\/nirigs.com\/#\/schema\/logo\/image\/"}}]}},"brands":[{"id":588,"name":"L'Or\u00e9al Paris","slug":"loreal-paris"}],"_links":{"self":[{"href":"https:\/\/nirigs.com\/ar\/wp-json\/wp\/v2\/product\/21922","targetHints":{"allow":["GET"]}}],"collection":[{"href":"https:\/\/nirigs.com\/ar\/wp-json\/wp\/v2\/product"}],"about":[{"href":"https:\/\/nirigs.com\/ar\/wp-json\/wp\/v2\/types\/product"}],"replies":[{"embeddable":true,"href":"https:\/\/nirigs.com\/ar\/wp-json\/wp\/v2\/comments?post=21922"}],"version-history":[{"count":10,"href":"https:\/\/nirigs.com\/ar\/wp-json\/wp\/v2\/product\/21922\/revisions"}],"predecessor-version":[{"id":22966,"href":"https:\/\/nirigs.com\/ar\/wp-json\/wp\/v2\/product\/21922\/revisions\/22966"}],"wp:featuredmedia":[{"embeddable":true,"href":"https:\/\/nirigs.com\/ar\/wp-json\/wp\/v2\/media\/22967"}],"wp:attachment":[{"href":"https:\/\/nirigs.com\/ar\/wp-json\/wp\/v2\/media?parent=21922"}],"wp:term":[{"taxonomy":"pwb-brand","embeddable":true,"href":"https:\/\/nirigs.com\/ar\/wp-json\/wp\/v2\/pwb-brand?post=21922"},{"taxonomy":"product_brand","embeddable":true,"href":"https:\/\/nirigs.com\/ar\/wp-json\/wp\/v2\/product_brand?post=21922"},{"taxonomy":"product_cat","embeddable":true,"href":"https:\/\/nirigs.com\/ar\/wp-json\/wp\/v2\/product_cat?post=21922"},{"taxonomy":"product_tag","embeddable":true,"href":"https:\/\/nirigs.com\/ar\/wp-json\/wp\/v2\/product_tag?post=21922"}],"curies":[{"name":"wp","href":"https:\/\/api.w.org\/{rel}","templated":true}]}}