{"id":21916,"date":"2024-10-02T18:12:03","date_gmt":"2024-10-02T15:12:03","guid":{"rendered":"https:\/\/nirigs.com\/?post_type=product&#038;p=21916"},"modified":"2025-03-13T17:51:11","modified_gmt":"2025-03-13T14:51:11","slug":"loreal-paris-age-expertise-soin-de-jour-55","status":"publish","type":"product","link":"https:\/\/nirigs.com\/ar\/product\/loreal-paris-age-expertise-soin-de-jour-55\/","title":{"rendered":"L\u2019Or\u00e9al Paris \u2013 Age Expertise Soin de Jour 55+ \u2013 50 ml"},"content":{"rendered":"<p>\u00c0 partir de 55 ans, la peau peut \u00eatre fragilis\u00e9e par le manque de nutriments essentiels, elle se rel\u00e2che et se dess\u00e8che.<\/p>\n<p>Le Soin anti-\u00e2ge Redensifiant Age Expertise 55+ est enrichi en calcium, un puissant soin anti-rides de jour qui renforce la barri\u00e8re naturelle de la peau du visage pour la fortifier. Les rides sont att\u00e9nu\u00e9es et votre peau est nourrie et redensifi\u00e9e.<\/p>\n<p>Enrichi en Calcium, ce puissant soin anti-rides \u00e0 la texture riche, am\u00e9liore l&rsquo;\u00e9lasticit\u00e9 et la texture de la peau pour la redensifier.<\/p>\n<ul>\n<li>R\u00e9duit les rides.<\/li>\n<li>Redensifie la peau.<\/li>\n<li>Red\u00e9finit les contours.<\/li>\n<\/ul>\n<h4>\u064a\u0633\u062a\u062e\u062f\u0645<\/h4>\n<p>Appliquez tous les jours sur le visage et le cou bien nettoy\u00e9s par mouvements circulaires pour une meilleure p\u00e9n\u00e9tration.<\/p>\n<h4>\u0645\u0643\u0648\u0646\u0627\u062a<\/h4>\n<p>AQUA \/ WATER \u2022 GLYCERIN \u2022 ISOHEXADECANE \u2022 DIMETHICONE \u2022 ISOPROPYL ISOSTEARATE \u2022 ALUMINUM STARCH OCTENYLSUCCINATE \u2022 PROPYLENE GLYCOL \u2022 NYLON-12 \u2022 OCTYLDODECANOL \u2022 CETYL ALCOHOL \u2022 AMMONIUM POLYACRYLOYLDIMETHYL TAURATE \u2022 BEHENYL ALCOHOL \u2022 C13-14 ISOPARAFFIN \u2022 PEG-100 STEARATE \u2022 STEARIC ACID \u2022 STEARYL ALCOHOL \u2022 ARACHIDYL ALCOHOL \u2022 CALCIUM PCA \u2022 TRIETHANOLAMINE \u2022 CETEARYL ALCOHOL \u2022 CETEARYL GLUCOSIDE \u2022 MYRISTIC ACID \u2022 MYRISTYL ALCOHOL \u2022 PALMITIC ACID \u2022 ADENOSINE \u2022 DISODIUM EDTA \u2022 DISODIUM STEAROYL GLUTAMATE \u2022 CAPRYLOYL SALICYLIC ACID \u2022 CAPRYLYL GLYCOL \u2022 LAURETH-7 \u2022 T-BUTYL ALCOHOL \u2022 POLYACRYLAMIDE \u2022 POLYETHYLENE \u2022 PHENOXYETHANOL \u2022 PARFUM \/ FRAGRANCE (F.I.L. B178329\/2).<\/p>","protected":false},"excerpt":{"rendered":"<p>\u00c0 partir de 55 ans, la peau peut \u00eatre fragilis\u00e9e par le manque de nutriments essentiels, elle se rel\u00e2che et<\/p>","protected":false},"featured_media":22970,"comment_status":"open","ping_status":"closed","template":"","meta":[],"pwb-brand":[588],"product_brand":[],"product_cat":[267,1045,1032,1029,1041],"product_tag":[],"class_list":{"0":"post-21916","1":"product","2":"type-product","3":"status-publish","4":"has-post-thumbnail","6":"pwb-brand-loreal-paris","7":"product_cat-beaute-et-soins","8":"product_cat-soin-de-jour","9":"product_cat-soins-du-visage","10":"product_cat-soins-pour-la-peau","11":"product_cat-soins-visage-hydratants","13":"first","14":"instock","15":"shipping-taxable","16":"purchasable","17":"product-type-simple"},"yoast_head":"<!-- This site is optimized with the Yoast SEO plugin v27.1.1 - https:\/\/yoast.com\/product\/yoast-seo-wordpress\/ -->\n<title>L\u2019Or\u00e9al Paris \u2013 Age Expertise Soin de Jour 55+ \u2013 50 ml - NIRIGS<\/title>\n<meta name=\"robots\" content=\"index, follow, max-snippet:-1, max-image-preview:large, max-video-preview:-1\" \/>\n<link rel=\"canonical\" href=\"https:\/\/nirigs.com\/ar\/product\/loreal-paris-age-expertise-soin-de-jour-55\/\" \/>\n<meta property=\"og:locale\" content=\"ar_AR\" \/>\n<meta property=\"og:type\" content=\"article\" \/>\n<meta property=\"og:title\" content=\"L\u2019Or\u00e9al Paris \u2013 Age Expertise Soin de Jour 55+ \u2013 50 ml - NIRIGS\" \/>\n<meta property=\"og:description\" content=\"\u00c0 partir de 55 ans, la peau peut \u00eatre fragilis\u00e9e par le manque de nutriments essentiels, elle se rel\u00e2che et\" \/>\n<meta property=\"og:url\" content=\"https:\/\/nirigs.com\/ar\/product\/loreal-paris-age-expertise-soin-de-jour-55\/\" \/>\n<meta property=\"og:site_name\" content=\"NIRIGS\" \/>\n<meta property=\"article:modified_time\" content=\"2025-03-13T14:51:11+00:00\" \/>\n<meta property=\"og:image\" content=\"https:\/\/nirigs.com\/wp-content\/uploads\/2024\/10\/LOreal-Paris-\u2013-Age-Expertise-Soin-de-Jour-55-\u2013-50-ml.jpg\" \/>\n\t<meta property=\"og:image:width\" content=\"1000\" \/>\n\t<meta property=\"og:image:height\" content=\"1000\" \/>\n\t<meta property=\"og:image:type\" content=\"image\/jpeg\" \/>\n<meta name=\"twitter:card\" content=\"summary_large_image\" \/>\n<meta name=\"twitter:label1\" content=\"\u0648\u0642\u062a \u0627\u0644\u0642\u0631\u0627\u0621\u0629 \u0627\u0644\u0645\u064f\u0642\u062f\u0651\u0631\" \/>\n\t<meta name=\"twitter:data1\" content=\"\u062f\u0642\u064a\u0642\u0629 \u0648\u0627\u062d\u062f\u0629\" \/>\n<script type=\"application\/ld+json\" class=\"yoast-schema-graph\">{\"@context\":\"https:\/\/schema.org\",\"@graph\":[{\"@type\":\"WebPage\",\"@id\":\"https:\/\/nirigs.com\/product\/loreal-paris-age-expertise-soin-de-jour-55\/\",\"url\":\"https:\/\/nirigs.com\/product\/loreal-paris-age-expertise-soin-de-jour-55\/\",\"name\":\"L\u2019Or\u00e9al Paris \u2013 Age Expertise Soin de Jour 55+ \u2013 50 ml - NIRIGS\",\"isPartOf\":{\"@id\":\"https:\/\/nirigs.com\/#website\"},\"primaryImageOfPage\":{\"@id\":\"https:\/\/nirigs.com\/product\/loreal-paris-age-expertise-soin-de-jour-55\/#primaryimage\"},\"image\":{\"@id\":\"https:\/\/nirigs.com\/product\/loreal-paris-age-expertise-soin-de-jour-55\/#primaryimage\"},\"thumbnailUrl\":\"https:\/\/nirigs.com\/wp-content\/uploads\/2024\/10\/LOreal-Paris-\u2013-Age-Expertise-Soin-de-Jour-55-\u2013-50-ml.jpg\",\"datePublished\":\"2024-10-02T15:12:03+00:00\",\"dateModified\":\"2025-03-13T14:51:11+00:00\",\"breadcrumb\":{\"@id\":\"https:\/\/nirigs.com\/product\/loreal-paris-age-expertise-soin-de-jour-55\/#breadcrumb\"},\"inLanguage\":\"ar\",\"potentialAction\":[{\"@type\":\"ReadAction\",\"target\":[\"https:\/\/nirigs.com\/product\/loreal-paris-age-expertise-soin-de-jour-55\/\"]}]},{\"@type\":\"ImageObject\",\"inLanguage\":\"ar\",\"@id\":\"https:\/\/nirigs.com\/product\/loreal-paris-age-expertise-soin-de-jour-55\/#primaryimage\",\"url\":\"https:\/\/nirigs.com\/wp-content\/uploads\/2024\/10\/LOreal-Paris-\u2013-Age-Expertise-Soin-de-Jour-55-\u2013-50-ml.jpg\",\"contentUrl\":\"https:\/\/nirigs.com\/wp-content\/uploads\/2024\/10\/LOreal-Paris-\u2013-Age-Expertise-Soin-de-Jour-55-\u2013-50-ml.jpg\",\"width\":1000,\"height\":1000},{\"@type\":\"BreadcrumbList\",\"@id\":\"https:\/\/nirigs.com\/product\/loreal-paris-age-expertise-soin-de-jour-55\/#breadcrumb\",\"itemListElement\":[{\"@type\":\"ListItem\",\"position\":1,\"name\":\"Home\",\"item\":\"https:\/\/nirigs.com\/\"},{\"@type\":\"ListItem\",\"position\":2,\"name\":\"Parcourir\",\"item\":\"https:\/\/nirigs.com\/boutique\/\"},{\"@type\":\"ListItem\",\"position\":3,\"name\":\"L\u2019Or\u00e9al Paris \u2013 Age Expertise Soin de Jour 55+ \u2013 50 ml\"}]},{\"@type\":\"WebSite\",\"@id\":\"https:\/\/nirigs.com\/#website\",\"url\":\"https:\/\/nirigs.com\/\",\"name\":\"Nirigs.com\",\"description\":\"Simplifiez vos achats du quotidien \u00e0 Djibouti\",\"publisher\":{\"@id\":\"https:\/\/nirigs.com\/#organization\"},\"potentialAction\":[{\"@type\":\"SearchAction\",\"target\":{\"@type\":\"EntryPoint\",\"urlTemplate\":\"https:\/\/nirigs.com\/?s={search_term_string}\"},\"query-input\":{\"@type\":\"PropertyValueSpecification\",\"valueRequired\":true,\"valueName\":\"search_term_string\"}}],\"inLanguage\":\"ar\"},{\"@type\":\"Organization\",\"@id\":\"https:\/\/nirigs.com\/#organization\",\"name\":\"Nirigs\",\"url\":\"https:\/\/nirigs.com\/\",\"logo\":{\"@type\":\"ImageObject\",\"inLanguage\":\"ar\",\"@id\":\"https:\/\/nirigs.com\/#\/schema\/logo\/image\/\",\"url\":\"https:\/\/nirigs.com\/wp-content\/uploads\/2025\/04\/Design-sans-titre-27.png\",\"contentUrl\":\"https:\/\/nirigs.com\/wp-content\/uploads\/2025\/04\/Design-sans-titre-27.png\",\"width\":500,\"height\":500,\"caption\":\"Nirigs\"},\"image\":{\"@id\":\"https:\/\/nirigs.com\/#\/schema\/logo\/image\/\"}}]}<\/script>\n<!-- \/ Yoast SEO plugin. -->","yoast_head_json":{"title":"L\u2019Or\u00e9al Paris \u2013 Age Expertise Soin de Jour 55+ \u2013 50 ml - NIRIGS","robots":{"index":"index","follow":"follow","max-snippet":"max-snippet:-1","max-image-preview":"max-image-preview:large","max-video-preview":"max-video-preview:-1"},"canonical":"https:\/\/nirigs.com\/ar\/product\/loreal-paris-age-expertise-soin-de-jour-55\/","og_locale":"ar_AR","og_type":"article","og_title":"L\u2019Or\u00e9al Paris \u2013 Age Expertise Soin de Jour 55+ \u2013 50 ml - NIRIGS","og_description":"\u00c0 partir de 55 ans, la peau peut \u00eatre fragilis\u00e9e par le manque de nutriments essentiels, elle se rel\u00e2che et","og_url":"https:\/\/nirigs.com\/ar\/product\/loreal-paris-age-expertise-soin-de-jour-55\/","og_site_name":"NIRIGS","article_modified_time":"2025-03-13T14:51:11+00:00","og_image":[{"width":1000,"height":1000,"url":"https:\/\/nirigs.com\/wp-content\/uploads\/2024\/10\/LOreal-Paris-\u2013-Age-Expertise-Soin-de-Jour-55-\u2013-50-ml.jpg","type":"image\/jpeg"}],"twitter_card":"summary_large_image","twitter_misc":{"\u0648\u0642\u062a \u0627\u0644\u0642\u0631\u0627\u0621\u0629 \u0627\u0644\u0645\u064f\u0642\u062f\u0651\u0631":"\u062f\u0642\u064a\u0642\u0629 \u0648\u0627\u062d\u062f\u0629"},"schema":{"@context":"https:\/\/schema.org","@graph":[{"@type":"WebPage","@id":"https:\/\/nirigs.com\/product\/loreal-paris-age-expertise-soin-de-jour-55\/","url":"https:\/\/nirigs.com\/product\/loreal-paris-age-expertise-soin-de-jour-55\/","name":"L\u2019Or\u00e9al Paris \u2013 Age Expertise Soin de Jour 55+ \u2013 50 ml - NIRIGS","isPartOf":{"@id":"https:\/\/nirigs.com\/#website"},"primaryImageOfPage":{"@id":"https:\/\/nirigs.com\/product\/loreal-paris-age-expertise-soin-de-jour-55\/#primaryimage"},"image":{"@id":"https:\/\/nirigs.com\/product\/loreal-paris-age-expertise-soin-de-jour-55\/#primaryimage"},"thumbnailUrl":"https:\/\/nirigs.com\/wp-content\/uploads\/2024\/10\/LOreal-Paris-\u2013-Age-Expertise-Soin-de-Jour-55-\u2013-50-ml.jpg","datePublished":"2024-10-02T15:12:03+00:00","dateModified":"2025-03-13T14:51:11+00:00","breadcrumb":{"@id":"https:\/\/nirigs.com\/product\/loreal-paris-age-expertise-soin-de-jour-55\/#breadcrumb"},"inLanguage":"ar","potentialAction":[{"@type":"ReadAction","target":["https:\/\/nirigs.com\/product\/loreal-paris-age-expertise-soin-de-jour-55\/"]}]},{"@type":"ImageObject","inLanguage":"ar","@id":"https:\/\/nirigs.com\/product\/loreal-paris-age-expertise-soin-de-jour-55\/#primaryimage","url":"https:\/\/nirigs.com\/wp-content\/uploads\/2024\/10\/LOreal-Paris-\u2013-Age-Expertise-Soin-de-Jour-55-\u2013-50-ml.jpg","contentUrl":"https:\/\/nirigs.com\/wp-content\/uploads\/2024\/10\/LOreal-Paris-\u2013-Age-Expertise-Soin-de-Jour-55-\u2013-50-ml.jpg","width":1000,"height":1000},{"@type":"BreadcrumbList","@id":"https:\/\/nirigs.com\/product\/loreal-paris-age-expertise-soin-de-jour-55\/#breadcrumb","itemListElement":[{"@type":"ListItem","position":1,"name":"Home","item":"https:\/\/nirigs.com\/"},{"@type":"ListItem","position":2,"name":"Parcourir","item":"https:\/\/nirigs.com\/boutique\/"},{"@type":"ListItem","position":3,"name":"L\u2019Or\u00e9al Paris \u2013 Age Expertise Soin de Jour 55+ \u2013 50 ml"}]},{"@type":"WebSite","@id":"https:\/\/nirigs.com\/#website","url":"https:\/\/nirigs.com\/","name":"Nirigs.com","description":"Simplifiez vos achats du quotidien \u00e0 Djibouti","publisher":{"@id":"https:\/\/nirigs.com\/#organization"},"potentialAction":[{"@type":"SearchAction","target":{"@type":"EntryPoint","urlTemplate":"https:\/\/nirigs.com\/?s={search_term_string}"},"query-input":{"@type":"PropertyValueSpecification","valueRequired":true,"valueName":"search_term_string"}}],"inLanguage":"ar"},{"@type":"Organization","@id":"https:\/\/nirigs.com\/#organization","name":"\u0646\u064a\u0631\u064a\u062c\u0633","url":"https:\/\/nirigs.com\/","logo":{"@type":"ImageObject","inLanguage":"ar","@id":"https:\/\/nirigs.com\/#\/schema\/logo\/image\/","url":"https:\/\/nirigs.com\/wp-content\/uploads\/2025\/04\/Design-sans-titre-27.png","contentUrl":"https:\/\/nirigs.com\/wp-content\/uploads\/2025\/04\/Design-sans-titre-27.png","width":500,"height":500,"caption":"Nirigs"},"image":{"@id":"https:\/\/nirigs.com\/#\/schema\/logo\/image\/"}}]}},"brands":[{"id":588,"name":"L'Or\u00e9al Paris","slug":"loreal-paris"}],"_links":{"self":[{"href":"https:\/\/nirigs.com\/ar\/wp-json\/wp\/v2\/product\/21916","targetHints":{"allow":["GET"]}}],"collection":[{"href":"https:\/\/nirigs.com\/ar\/wp-json\/wp\/v2\/product"}],"about":[{"href":"https:\/\/nirigs.com\/ar\/wp-json\/wp\/v2\/types\/product"}],"replies":[{"embeddable":true,"href":"https:\/\/nirigs.com\/ar\/wp-json\/wp\/v2\/comments?post=21916"}],"version-history":[{"count":5,"href":"https:\/\/nirigs.com\/ar\/wp-json\/wp\/v2\/product\/21916\/revisions"}],"predecessor-version":[{"id":24852,"href":"https:\/\/nirigs.com\/ar\/wp-json\/wp\/v2\/product\/21916\/revisions\/24852"}],"wp:featuredmedia":[{"embeddable":true,"href":"https:\/\/nirigs.com\/ar\/wp-json\/wp\/v2\/media\/22970"}],"wp:attachment":[{"href":"https:\/\/nirigs.com\/ar\/wp-json\/wp\/v2\/media?parent=21916"}],"wp:term":[{"taxonomy":"pwb-brand","embeddable":true,"href":"https:\/\/nirigs.com\/ar\/wp-json\/wp\/v2\/pwb-brand?post=21916"},{"taxonomy":"product_brand","embeddable":true,"href":"https:\/\/nirigs.com\/ar\/wp-json\/wp\/v2\/product_brand?post=21916"},{"taxonomy":"product_cat","embeddable":true,"href":"https:\/\/nirigs.com\/ar\/wp-json\/wp\/v2\/product_cat?post=21916"},{"taxonomy":"product_tag","embeddable":true,"href":"https:\/\/nirigs.com\/ar\/wp-json\/wp\/v2\/product_tag?post=21916"}],"curies":[{"name":"wp","href":"https:\/\/api.w.org\/{rel}","templated":true}]}}