{"id":21895,"date":"2024-10-02T17:53:12","date_gmt":"2024-10-02T14:53:12","guid":{"rendered":"https:\/\/nirigs.com\/?post_type=product&#038;p=21895"},"modified":"2025-03-13T18:06:46","modified_gmt":"2025-03-13T15:06:46","slug":"mixa-lait-corps-cica-reparation-effet-longue-duree-250-ml","status":"publish","type":"product","link":"https:\/\/nirigs.com\/ar\/product\/mixa-lait-corps-cica-reparation-effet-longue-duree-250-ml\/","title":{"rendered":"Mixa &#8211; Lait corps Cica R\u00e9paration Effet Longue Dur\u00e9e  &#8211; 250 ml"},"content":{"rendered":"<p>Les peaux s\u00e8ches et fragilis\u00e9es exigent des soins hydratants et lissants hautement concentr\u00e9s qui respectent leur sensibilit\u00e9. Notre formule hydratante et r\u00e9paratrice est hypoallerg\u00e9nique, non grasse, non collante et p\u00e9n\u00e8tre instantan\u00e9ment.<\/p>\n<h4>\u064a\u0633\u062a\u062e\u062f\u0645<\/h4>\n<div class=\"col-sm-5 col-xl-6 entry-summary carousel_custom_product_7\">\n<div class=\"summary\">\n<div id=\"product_accordion\" class=\"accordion\">\n<div class=\"card open\">\n<div id=\"use\" class=\"collapse show\" aria-labelledby=\"headingTwo\" data-parent=\"#product_accordion\">\n<div class=\"card-body\">\n<div>Appliquer sur le corps \u00e0 tout moment de la journ\u00e9e.<\/div>\n<\/div>\n<\/div>\n<\/div>\n<\/div>\n<\/div>\n<\/div>\n<h4>\u0645\u0643\u0648\u0646\u0627\u062a<\/h4>\n<p>880189 25 &#8211; INGREDIENTS: AQUA \/ WATER &#8211; GLYCERIN &#8211; ISOPROPYL PALMITATE &#8211; UREA &#8211; PROPYLENE GLYCOL &#8211; BUTYROSPERMUM PARKII BUTTER \/ SHEA BUTTER &#8211; DIMETHICONE &#8211; CETEARYL ALCOHOL &#8211; GLYCERYL STEARATE &#8211; PEG-100 STEARATE &#8211; GLYCINE &#8211; HYDROXYETHYLPIPERAZINE ETHANE SULFONIC ACID &#8211; SODIUM HYDROXIDE &#8211; SODIUM LACTATE &#8211; TETRASODIUM GLUTAMATE DIACETATE &#8211; PANTHENOL &#8211; ACRYLATES\/C10-30 ALKYL ACRYLATE CROSSPOLYMER &#8211; CAPRYLYL GLYCOL &#8211; CITRIC ACID &#8211; XANTHAN GUM &#8211; CHLORHEXIDINE DIGLUCONATE &#8211; PARFUM \/ FRAGRANCE (F.I.L. Z70028645\/1).<\/p>","protected":false},"excerpt":{"rendered":"<p>Les peaux s\u00e8ches et fragilis\u00e9es exigent des soins hydratants et lissants hautement concentr\u00e9s qui respectent leur sensibilit\u00e9. Notre formule hydratante<\/p>","protected":false},"featured_media":22549,"comment_status":"open","ping_status":"closed","template":"","meta":[],"pwb-brand":[1065],"product_brand":[],"product_cat":[1049,267,1084,1078],"product_tag":[],"class_list":{"0":"post-21895","1":"product","2":"type-product","3":"status-publish","4":"has-post-thumbnail","6":"pwb-brand-mixa","7":"product_cat-bain-savons-et-soin-du-corps","8":"product_cat-beaute-et-soins","9":"product_cat-lait-et-lotions-pour-le-corps-soins-pour-le-corps-et-gommages","10":"product_cat-soins-pour-le-corps-et-gommages","12":"first","13":"instock","14":"shipping-taxable","15":"purchasable","16":"product-type-simple"},"yoast_head":"<!-- This site is optimized with the Yoast SEO plugin v27.1.1 - https:\/\/yoast.com\/product\/yoast-seo-wordpress\/ -->\n<title>Mixa - Lait corps Cica R\u00e9paration Effet Longue Dur\u00e9e - 250 ml - NIRIGS<\/title>\n<meta name=\"robots\" content=\"index, follow, max-snippet:-1, max-image-preview:large, max-video-preview:-1\" \/>\n<link rel=\"canonical\" href=\"https:\/\/nirigs.com\/ar\/product\/mixa-lait-corps-cica-reparation-effet-longue-duree-250-ml\/\" \/>\n<meta property=\"og:locale\" content=\"ar_AR\" \/>\n<meta property=\"og:type\" content=\"article\" \/>\n<meta property=\"og:title\" content=\"Mixa - Lait corps Cica R\u00e9paration Effet Longue Dur\u00e9e - 250 ml - NIRIGS\" \/>\n<meta property=\"og:description\" content=\"Les peaux s\u00e8ches et fragilis\u00e9es exigent des soins hydratants et lissants hautement concentr\u00e9s qui respectent leur sensibilit\u00e9. Notre formule hydratante\" \/>\n<meta property=\"og:url\" content=\"https:\/\/nirigs.com\/ar\/product\/mixa-lait-corps-cica-reparation-effet-longue-duree-250-ml\/\" \/>\n<meta property=\"og:site_name\" content=\"NIRIGS\" \/>\n<meta property=\"article:modified_time\" content=\"2025-03-13T15:06:46+00:00\" \/>\n<meta property=\"og:image\" content=\"https:\/\/nirigs.com\/wp-content\/uploads\/2024\/09\/Mixa-Lait-corps-Cica-Reparation-Effet-Longue-Duree-MIXA-250-ml.jpg\" \/>\n\t<meta property=\"og:image:width\" content=\"1000\" \/>\n\t<meta property=\"og:image:height\" content=\"1000\" \/>\n\t<meta property=\"og:image:type\" content=\"image\/jpeg\" \/>\n<meta name=\"twitter:card\" content=\"summary_large_image\" \/>\n<meta name=\"twitter:label1\" content=\"\u0648\u0642\u062a \u0627\u0644\u0642\u0631\u0627\u0621\u0629 \u0627\u0644\u0645\u064f\u0642\u062f\u0651\u0631\" \/>\n\t<meta name=\"twitter:data1\" content=\"\u062f\u0642\u064a\u0642\u0629 \u0648\u0627\u062d\u062f\u0629\" \/>\n<script type=\"application\/ld+json\" class=\"yoast-schema-graph\">{\"@context\":\"https:\/\/schema.org\",\"@graph\":[{\"@type\":\"WebPage\",\"@id\":\"https:\/\/nirigs.com\/product\/mixa-lait-corps-cica-reparation-effet-longue-duree-250-ml\/\",\"url\":\"https:\/\/nirigs.com\/product\/mixa-lait-corps-cica-reparation-effet-longue-duree-250-ml\/\",\"name\":\"Mixa - Lait corps Cica R\u00e9paration Effet Longue Dur\u00e9e - 250 ml - NIRIGS\",\"isPartOf\":{\"@id\":\"https:\/\/nirigs.com\/#website\"},\"primaryImageOfPage\":{\"@id\":\"https:\/\/nirigs.com\/product\/mixa-lait-corps-cica-reparation-effet-longue-duree-250-ml\/#primaryimage\"},\"image\":{\"@id\":\"https:\/\/nirigs.com\/product\/mixa-lait-corps-cica-reparation-effet-longue-duree-250-ml\/#primaryimage\"},\"thumbnailUrl\":\"https:\/\/nirigs.com\/wp-content\/uploads\/2024\/09\/Mixa-Lait-corps-Cica-Reparation-Effet-Longue-Duree-MIXA-250-ml.jpg\",\"datePublished\":\"2024-10-02T14:53:12+00:00\",\"dateModified\":\"2025-03-13T15:06:46+00:00\",\"breadcrumb\":{\"@id\":\"https:\/\/nirigs.com\/product\/mixa-lait-corps-cica-reparation-effet-longue-duree-250-ml\/#breadcrumb\"},\"inLanguage\":\"ar\",\"potentialAction\":[{\"@type\":\"ReadAction\",\"target\":[\"https:\/\/nirigs.com\/product\/mixa-lait-corps-cica-reparation-effet-longue-duree-250-ml\/\"]}]},{\"@type\":\"ImageObject\",\"inLanguage\":\"ar\",\"@id\":\"https:\/\/nirigs.com\/product\/mixa-lait-corps-cica-reparation-effet-longue-duree-250-ml\/#primaryimage\",\"url\":\"https:\/\/nirigs.com\/wp-content\/uploads\/2024\/09\/Mixa-Lait-corps-Cica-Reparation-Effet-Longue-Duree-MIXA-250-ml.jpg\",\"contentUrl\":\"https:\/\/nirigs.com\/wp-content\/uploads\/2024\/09\/Mixa-Lait-corps-Cica-Reparation-Effet-Longue-Duree-MIXA-250-ml.jpg\",\"width\":1000,\"height\":1000},{\"@type\":\"BreadcrumbList\",\"@id\":\"https:\/\/nirigs.com\/product\/mixa-lait-corps-cica-reparation-effet-longue-duree-250-ml\/#breadcrumb\",\"itemListElement\":[{\"@type\":\"ListItem\",\"position\":1,\"name\":\"Home\",\"item\":\"https:\/\/nirigs.com\/\"},{\"@type\":\"ListItem\",\"position\":2,\"name\":\"Parcourir\",\"item\":\"https:\/\/nirigs.com\/boutique\/\"},{\"@type\":\"ListItem\",\"position\":3,\"name\":\"Mixa &#8211; Lait corps Cica R\u00e9paration Effet Longue Dur\u00e9e &#8211; 250 ml\"}]},{\"@type\":\"WebSite\",\"@id\":\"https:\/\/nirigs.com\/#website\",\"url\":\"https:\/\/nirigs.com\/\",\"name\":\"Nirigs.com\",\"description\":\"Simplifiez vos achats du quotidien \u00e0 Djibouti\",\"publisher\":{\"@id\":\"https:\/\/nirigs.com\/#organization\"},\"potentialAction\":[{\"@type\":\"SearchAction\",\"target\":{\"@type\":\"EntryPoint\",\"urlTemplate\":\"https:\/\/nirigs.com\/?s={search_term_string}\"},\"query-input\":{\"@type\":\"PropertyValueSpecification\",\"valueRequired\":true,\"valueName\":\"search_term_string\"}}],\"inLanguage\":\"ar\"},{\"@type\":\"Organization\",\"@id\":\"https:\/\/nirigs.com\/#organization\",\"name\":\"Nirigs\",\"url\":\"https:\/\/nirigs.com\/\",\"logo\":{\"@type\":\"ImageObject\",\"inLanguage\":\"ar\",\"@id\":\"https:\/\/nirigs.com\/#\/schema\/logo\/image\/\",\"url\":\"https:\/\/nirigs.com\/wp-content\/uploads\/2025\/04\/Design-sans-titre-27.png\",\"contentUrl\":\"https:\/\/nirigs.com\/wp-content\/uploads\/2025\/04\/Design-sans-titre-27.png\",\"width\":500,\"height\":500,\"caption\":\"Nirigs\"},\"image\":{\"@id\":\"https:\/\/nirigs.com\/#\/schema\/logo\/image\/\"}}]}<\/script>\n<!-- \/ Yoast SEO plugin. -->","yoast_head_json":{"title":"Mixa - Lait corps Cica R\u00e9paration Effet Longue Dur\u00e9e - 250 ml - NIRIGS","robots":{"index":"index","follow":"follow","max-snippet":"max-snippet:-1","max-image-preview":"max-image-preview:large","max-video-preview":"max-video-preview:-1"},"canonical":"https:\/\/nirigs.com\/ar\/product\/mixa-lait-corps-cica-reparation-effet-longue-duree-250-ml\/","og_locale":"ar_AR","og_type":"article","og_title":"Mixa - Lait corps Cica R\u00e9paration Effet Longue Dur\u00e9e - 250 ml - NIRIGS","og_description":"Les peaux s\u00e8ches et fragilis\u00e9es exigent des soins hydratants et lissants hautement concentr\u00e9s qui respectent leur sensibilit\u00e9. Notre formule hydratante","og_url":"https:\/\/nirigs.com\/ar\/product\/mixa-lait-corps-cica-reparation-effet-longue-duree-250-ml\/","og_site_name":"NIRIGS","article_modified_time":"2025-03-13T15:06:46+00:00","og_image":[{"width":1000,"height":1000,"url":"https:\/\/nirigs.com\/wp-content\/uploads\/2024\/09\/Mixa-Lait-corps-Cica-Reparation-Effet-Longue-Duree-MIXA-250-ml.jpg","type":"image\/jpeg"}],"twitter_card":"summary_large_image","twitter_misc":{"\u0648\u0642\u062a \u0627\u0644\u0642\u0631\u0627\u0621\u0629 \u0627\u0644\u0645\u064f\u0642\u062f\u0651\u0631":"\u062f\u0642\u064a\u0642\u0629 \u0648\u0627\u062d\u062f\u0629"},"schema":{"@context":"https:\/\/schema.org","@graph":[{"@type":"WebPage","@id":"https:\/\/nirigs.com\/product\/mixa-lait-corps-cica-reparation-effet-longue-duree-250-ml\/","url":"https:\/\/nirigs.com\/product\/mixa-lait-corps-cica-reparation-effet-longue-duree-250-ml\/","name":"Mixa - Lait corps Cica R\u00e9paration Effet Longue Dur\u00e9e - 250 ml - NIRIGS","isPartOf":{"@id":"https:\/\/nirigs.com\/#website"},"primaryImageOfPage":{"@id":"https:\/\/nirigs.com\/product\/mixa-lait-corps-cica-reparation-effet-longue-duree-250-ml\/#primaryimage"},"image":{"@id":"https:\/\/nirigs.com\/product\/mixa-lait-corps-cica-reparation-effet-longue-duree-250-ml\/#primaryimage"},"thumbnailUrl":"https:\/\/nirigs.com\/wp-content\/uploads\/2024\/09\/Mixa-Lait-corps-Cica-Reparation-Effet-Longue-Duree-MIXA-250-ml.jpg","datePublished":"2024-10-02T14:53:12+00:00","dateModified":"2025-03-13T15:06:46+00:00","breadcrumb":{"@id":"https:\/\/nirigs.com\/product\/mixa-lait-corps-cica-reparation-effet-longue-duree-250-ml\/#breadcrumb"},"inLanguage":"ar","potentialAction":[{"@type":"ReadAction","target":["https:\/\/nirigs.com\/product\/mixa-lait-corps-cica-reparation-effet-longue-duree-250-ml\/"]}]},{"@type":"ImageObject","inLanguage":"ar","@id":"https:\/\/nirigs.com\/product\/mixa-lait-corps-cica-reparation-effet-longue-duree-250-ml\/#primaryimage","url":"https:\/\/nirigs.com\/wp-content\/uploads\/2024\/09\/Mixa-Lait-corps-Cica-Reparation-Effet-Longue-Duree-MIXA-250-ml.jpg","contentUrl":"https:\/\/nirigs.com\/wp-content\/uploads\/2024\/09\/Mixa-Lait-corps-Cica-Reparation-Effet-Longue-Duree-MIXA-250-ml.jpg","width":1000,"height":1000},{"@type":"BreadcrumbList","@id":"https:\/\/nirigs.com\/product\/mixa-lait-corps-cica-reparation-effet-longue-duree-250-ml\/#breadcrumb","itemListElement":[{"@type":"ListItem","position":1,"name":"Home","item":"https:\/\/nirigs.com\/"},{"@type":"ListItem","position":2,"name":"Parcourir","item":"https:\/\/nirigs.com\/boutique\/"},{"@type":"ListItem","position":3,"name":"Mixa &#8211; Lait corps Cica R\u00e9paration Effet Longue Dur\u00e9e &#8211; 250 ml"}]},{"@type":"WebSite","@id":"https:\/\/nirigs.com\/#website","url":"https:\/\/nirigs.com\/","name":"Nirigs.com","description":"Simplifiez vos achats du quotidien \u00e0 Djibouti","publisher":{"@id":"https:\/\/nirigs.com\/#organization"},"potentialAction":[{"@type":"SearchAction","target":{"@type":"EntryPoint","urlTemplate":"https:\/\/nirigs.com\/?s={search_term_string}"},"query-input":{"@type":"PropertyValueSpecification","valueRequired":true,"valueName":"search_term_string"}}],"inLanguage":"ar"},{"@type":"Organization","@id":"https:\/\/nirigs.com\/#organization","name":"\u0646\u064a\u0631\u064a\u062c\u0633","url":"https:\/\/nirigs.com\/","logo":{"@type":"ImageObject","inLanguage":"ar","@id":"https:\/\/nirigs.com\/#\/schema\/logo\/image\/","url":"https:\/\/nirigs.com\/wp-content\/uploads\/2025\/04\/Design-sans-titre-27.png","contentUrl":"https:\/\/nirigs.com\/wp-content\/uploads\/2025\/04\/Design-sans-titre-27.png","width":500,"height":500,"caption":"Nirigs"},"image":{"@id":"https:\/\/nirigs.com\/#\/schema\/logo\/image\/"}}]}},"brands":[{"id":1065,"name":"Mixa","slug":"mixa"}],"_links":{"self":[{"href":"https:\/\/nirigs.com\/ar\/wp-json\/wp\/v2\/product\/21895","targetHints":{"allow":["GET"]}}],"collection":[{"href":"https:\/\/nirigs.com\/ar\/wp-json\/wp\/v2\/product"}],"about":[{"href":"https:\/\/nirigs.com\/ar\/wp-json\/wp\/v2\/types\/product"}],"replies":[{"embeddable":true,"href":"https:\/\/nirigs.com\/ar\/wp-json\/wp\/v2\/comments?post=21895"}],"version-history":[{"count":8,"href":"https:\/\/nirigs.com\/ar\/wp-json\/wp\/v2\/product\/21895\/revisions"}],"predecessor-version":[{"id":24928,"href":"https:\/\/nirigs.com\/ar\/wp-json\/wp\/v2\/product\/21895\/revisions\/24928"}],"wp:featuredmedia":[{"embeddable":true,"href":"https:\/\/nirigs.com\/ar\/wp-json\/wp\/v2\/media\/22549"}],"wp:attachment":[{"href":"https:\/\/nirigs.com\/ar\/wp-json\/wp\/v2\/media?parent=21895"}],"wp:term":[{"taxonomy":"pwb-brand","embeddable":true,"href":"https:\/\/nirigs.com\/ar\/wp-json\/wp\/v2\/pwb-brand?post=21895"},{"taxonomy":"product_brand","embeddable":true,"href":"https:\/\/nirigs.com\/ar\/wp-json\/wp\/v2\/product_brand?post=21895"},{"taxonomy":"product_cat","embeddable":true,"href":"https:\/\/nirigs.com\/ar\/wp-json\/wp\/v2\/product_cat?post=21895"},{"taxonomy":"product_tag","embeddable":true,"href":"https:\/\/nirigs.com\/ar\/wp-json\/wp\/v2\/product_tag?post=21895"}],"curies":[{"name":"wp","href":"https:\/\/api.w.org\/{rel}","templated":true}]}}