{"id":21877,"date":"2024-10-02T17:20:09","date_gmt":"2024-10-02T14:20:09","guid":{"rendered":"https:\/\/nirigs.com\/?post_type=product&#038;p=21877"},"modified":"2025-04-22T18:17:42","modified_gmt":"2025-04-22T15:17:42","slug":"bien-etre-eau-parfumee-des-familles-tendresse-denfance-250-ml","status":"publish","type":"product","link":"https:\/\/nirigs.com\/ar\/product\/bien-etre-eau-parfumee-des-familles-tendresse-denfance-250-ml\/","title":{"rendered":"BIEN ETRE &#8211; Eau Parfum\u00e9e des Familles Tendresse d&rsquo;Enfance &#8211; 250 ml"},"content":{"rendered":"<p>Un parfum r\u00e9confortant comme un souvenir d\u2019enfance : rencontre entre la fra\u00eecheur du bourgeon de pommier, la douceur de la fleur de coton et la gourmandise des drag\u00e9es \u00e0 l\u2019amande. Un enchantement pour les mamans, les papas et les enfants. \u00ab\u00a0Bien-\u00eatre\u00a0\u00bb vous accompagne \u00e0 chaque instant, gr\u00e2ce \u00e0 ses eaux parfum\u00e9es d&rsquo;une irr\u00e9sistible fra\u00eecheur.<\/p>\n<h4>\u0645\u0643\u0648\u0646\u0627\u062a<\/h4>\n<p>aqua \/ water alcohol denat. ppg-26-buteth-26 glycerin parfum \/ fragrance peg-40 hydrogenated castor oil peg-8 tris(tetramethylhydroxypiperidinol) citrate ethylhexyl salicylate butyl methoxydibenzoylmethane ci 42090 \/ blue 1 ci 60730 \/ ext. violet 2 code f.i.l : b223796\/1<\/p>\n<p><\/p>","protected":false},"excerpt":{"rendered":"<p><br data-mce-bogus=\"1\"><\/p>","protected":false},"featured_media":21878,"comment_status":"open","ping_status":"closed","template":"","meta":[],"pwb-brand":[1102],"product_brand":[],"product_cat":[267,1136,304],"product_tag":[],"class_list":{"0":"post-21877","1":"product","2":"type-product","3":"status-publish","4":"has-post-thumbnail","6":"pwb-brand-bien-etre","7":"product_cat-beaute-et-soins","8":"product_cat-eau-de-cologne","9":"product_cat-parfums","11":"first","12":"instock","13":"shipping-taxable","14":"purchasable","15":"product-type-simple"},"yoast_head":"<!-- This site is optimized with the Yoast SEO plugin v27.1.1 - https:\/\/yoast.com\/product\/yoast-seo-wordpress\/ -->\n<title>BIEN ETRE - Eau Parfum\u00e9e des Familles Tendresse d&#039;Enfance - 250 ml - NIRIGS<\/title>\n<meta name=\"robots\" content=\"index, follow, max-snippet:-1, max-image-preview:large, max-video-preview:-1\" \/>\n<link rel=\"canonical\" href=\"https:\/\/nirigs.com\/ar\/product\/bien-etre-eau-parfumee-des-familles-tendresse-denfance-250-ml\/\" \/>\n<meta property=\"og:locale\" content=\"ar_AR\" \/>\n<meta property=\"og:type\" content=\"article\" \/>\n<meta property=\"og:title\" content=\"BIEN ETRE - Eau Parfum\u00e9e des Familles Tendresse d&#039;Enfance - 250 ml - NIRIGS\" \/>\n<meta property=\"og:url\" content=\"https:\/\/nirigs.com\/ar\/product\/bien-etre-eau-parfumee-des-familles-tendresse-denfance-250-ml\/\" \/>\n<meta property=\"og:site_name\" content=\"NIRIGS\" \/>\n<meta property=\"article:modified_time\" content=\"2025-04-22T15:17:42+00:00\" \/>\n<meta property=\"og:image\" content=\"https:\/\/nirigs.com\/wp-content\/uploads\/2024\/09\/BIEN-ETRE-Eau-Parfumee-des-Familles-Tendresse-dEnfance-250-ml.jpg\" \/>\n\t<meta property=\"og:image:width\" content=\"1000\" \/>\n\t<meta property=\"og:image:height\" content=\"1000\" \/>\n\t<meta property=\"og:image:type\" content=\"image\/jpeg\" \/>\n<meta name=\"twitter:card\" content=\"summary_large_image\" \/>\n<script type=\"application\/ld+json\" class=\"yoast-schema-graph\">{\"@context\":\"https:\/\/schema.org\",\"@graph\":[{\"@type\":\"WebPage\",\"@id\":\"https:\/\/nirigs.com\/product\/bien-etre-eau-parfumee-des-familles-tendresse-denfance-250-ml\/\",\"url\":\"https:\/\/nirigs.com\/product\/bien-etre-eau-parfumee-des-familles-tendresse-denfance-250-ml\/\",\"name\":\"BIEN ETRE - Eau Parfum\u00e9e des Familles Tendresse d'Enfance - 250 ml - NIRIGS\",\"isPartOf\":{\"@id\":\"https:\/\/nirigs.com\/#website\"},\"primaryImageOfPage\":{\"@id\":\"https:\/\/nirigs.com\/product\/bien-etre-eau-parfumee-des-familles-tendresse-denfance-250-ml\/#primaryimage\"},\"image\":{\"@id\":\"https:\/\/nirigs.com\/product\/bien-etre-eau-parfumee-des-familles-tendresse-denfance-250-ml\/#primaryimage\"},\"thumbnailUrl\":\"https:\/\/nirigs.com\/wp-content\/uploads\/2024\/09\/BIEN-ETRE-Eau-Parfumee-des-Familles-Tendresse-dEnfance-250-ml.jpg\",\"datePublished\":\"2024-10-02T14:20:09+00:00\",\"dateModified\":\"2025-04-22T15:17:42+00:00\",\"breadcrumb\":{\"@id\":\"https:\/\/nirigs.com\/product\/bien-etre-eau-parfumee-des-familles-tendresse-denfance-250-ml\/#breadcrumb\"},\"inLanguage\":\"ar\",\"potentialAction\":[{\"@type\":\"ReadAction\",\"target\":[\"https:\/\/nirigs.com\/product\/bien-etre-eau-parfumee-des-familles-tendresse-denfance-250-ml\/\"]}]},{\"@type\":\"ImageObject\",\"inLanguage\":\"ar\",\"@id\":\"https:\/\/nirigs.com\/product\/bien-etre-eau-parfumee-des-familles-tendresse-denfance-250-ml\/#primaryimage\",\"url\":\"https:\/\/nirigs.com\/wp-content\/uploads\/2024\/09\/BIEN-ETRE-Eau-Parfumee-des-Familles-Tendresse-dEnfance-250-ml.jpg\",\"contentUrl\":\"https:\/\/nirigs.com\/wp-content\/uploads\/2024\/09\/BIEN-ETRE-Eau-Parfumee-des-Familles-Tendresse-dEnfance-250-ml.jpg\",\"width\":1000,\"height\":1000},{\"@type\":\"BreadcrumbList\",\"@id\":\"https:\/\/nirigs.com\/product\/bien-etre-eau-parfumee-des-familles-tendresse-denfance-250-ml\/#breadcrumb\",\"itemListElement\":[{\"@type\":\"ListItem\",\"position\":1,\"name\":\"Home\",\"item\":\"https:\/\/nirigs.com\/\"},{\"@type\":\"ListItem\",\"position\":2,\"name\":\"Parcourir\",\"item\":\"https:\/\/nirigs.com\/boutique\/\"},{\"@type\":\"ListItem\",\"position\":3,\"name\":\"BIEN ETRE &#8211; Eau Parfum\u00e9e des Familles Tendresse d&rsquo;Enfance &#8211; 250 ml\"}]},{\"@type\":\"WebSite\",\"@id\":\"https:\/\/nirigs.com\/#website\",\"url\":\"https:\/\/nirigs.com\/\",\"name\":\"Nirigs.com\",\"description\":\"Simplifiez vos achats du quotidien \u00e0 Djibouti\",\"publisher\":{\"@id\":\"https:\/\/nirigs.com\/#organization\"},\"potentialAction\":[{\"@type\":\"SearchAction\",\"target\":{\"@type\":\"EntryPoint\",\"urlTemplate\":\"https:\/\/nirigs.com\/?s={search_term_string}\"},\"query-input\":{\"@type\":\"PropertyValueSpecification\",\"valueRequired\":true,\"valueName\":\"search_term_string\"}}],\"inLanguage\":\"ar\"},{\"@type\":\"Organization\",\"@id\":\"https:\/\/nirigs.com\/#organization\",\"name\":\"Nirigs\",\"url\":\"https:\/\/nirigs.com\/\",\"logo\":{\"@type\":\"ImageObject\",\"inLanguage\":\"ar\",\"@id\":\"https:\/\/nirigs.com\/#\/schema\/logo\/image\/\",\"url\":\"https:\/\/nirigs.com\/wp-content\/uploads\/2025\/04\/Design-sans-titre-27.png\",\"contentUrl\":\"https:\/\/nirigs.com\/wp-content\/uploads\/2025\/04\/Design-sans-titre-27.png\",\"width\":500,\"height\":500,\"caption\":\"Nirigs\"},\"image\":{\"@id\":\"https:\/\/nirigs.com\/#\/schema\/logo\/image\/\"}}]}<\/script>\n<!-- \/ Yoast SEO plugin. -->","yoast_head_json":{"title":"BIEN ETRE - Eau Parfum\u00e9e des Familles Tendresse d'Enfance - 250 ml - NIRIGS","robots":{"index":"index","follow":"follow","max-snippet":"max-snippet:-1","max-image-preview":"max-image-preview:large","max-video-preview":"max-video-preview:-1"},"canonical":"https:\/\/nirigs.com\/ar\/product\/bien-etre-eau-parfumee-des-familles-tendresse-denfance-250-ml\/","og_locale":"ar_AR","og_type":"article","og_title":"BIEN ETRE - Eau Parfum\u00e9e des Familles Tendresse d'Enfance - 250 ml - NIRIGS","og_url":"https:\/\/nirigs.com\/ar\/product\/bien-etre-eau-parfumee-des-familles-tendresse-denfance-250-ml\/","og_site_name":"NIRIGS","article_modified_time":"2025-04-22T15:17:42+00:00","og_image":[{"width":1000,"height":1000,"url":"https:\/\/nirigs.com\/wp-content\/uploads\/2024\/09\/BIEN-ETRE-Eau-Parfumee-des-Familles-Tendresse-dEnfance-250-ml.jpg","type":"image\/jpeg"}],"twitter_card":"summary_large_image","schema":{"@context":"https:\/\/schema.org","@graph":[{"@type":"WebPage","@id":"https:\/\/nirigs.com\/product\/bien-etre-eau-parfumee-des-familles-tendresse-denfance-250-ml\/","url":"https:\/\/nirigs.com\/product\/bien-etre-eau-parfumee-des-familles-tendresse-denfance-250-ml\/","name":"BIEN ETRE - Eau Parfum\u00e9e des Familles Tendresse d'Enfance - 250 ml - NIRIGS","isPartOf":{"@id":"https:\/\/nirigs.com\/#website"},"primaryImageOfPage":{"@id":"https:\/\/nirigs.com\/product\/bien-etre-eau-parfumee-des-familles-tendresse-denfance-250-ml\/#primaryimage"},"image":{"@id":"https:\/\/nirigs.com\/product\/bien-etre-eau-parfumee-des-familles-tendresse-denfance-250-ml\/#primaryimage"},"thumbnailUrl":"https:\/\/nirigs.com\/wp-content\/uploads\/2024\/09\/BIEN-ETRE-Eau-Parfumee-des-Familles-Tendresse-dEnfance-250-ml.jpg","datePublished":"2024-10-02T14:20:09+00:00","dateModified":"2025-04-22T15:17:42+00:00","breadcrumb":{"@id":"https:\/\/nirigs.com\/product\/bien-etre-eau-parfumee-des-familles-tendresse-denfance-250-ml\/#breadcrumb"},"inLanguage":"ar","potentialAction":[{"@type":"ReadAction","target":["https:\/\/nirigs.com\/product\/bien-etre-eau-parfumee-des-familles-tendresse-denfance-250-ml\/"]}]},{"@type":"ImageObject","inLanguage":"ar","@id":"https:\/\/nirigs.com\/product\/bien-etre-eau-parfumee-des-familles-tendresse-denfance-250-ml\/#primaryimage","url":"https:\/\/nirigs.com\/wp-content\/uploads\/2024\/09\/BIEN-ETRE-Eau-Parfumee-des-Familles-Tendresse-dEnfance-250-ml.jpg","contentUrl":"https:\/\/nirigs.com\/wp-content\/uploads\/2024\/09\/BIEN-ETRE-Eau-Parfumee-des-Familles-Tendresse-dEnfance-250-ml.jpg","width":1000,"height":1000},{"@type":"BreadcrumbList","@id":"https:\/\/nirigs.com\/product\/bien-etre-eau-parfumee-des-familles-tendresse-denfance-250-ml\/#breadcrumb","itemListElement":[{"@type":"ListItem","position":1,"name":"Home","item":"https:\/\/nirigs.com\/"},{"@type":"ListItem","position":2,"name":"Parcourir","item":"https:\/\/nirigs.com\/boutique\/"},{"@type":"ListItem","position":3,"name":"BIEN ETRE &#8211; Eau Parfum\u00e9e des Familles Tendresse d&rsquo;Enfance &#8211; 250 ml"}]},{"@type":"WebSite","@id":"https:\/\/nirigs.com\/#website","url":"https:\/\/nirigs.com\/","name":"Nirigs.com","description":"Simplifiez vos achats du quotidien \u00e0 Djibouti","publisher":{"@id":"https:\/\/nirigs.com\/#organization"},"potentialAction":[{"@type":"SearchAction","target":{"@type":"EntryPoint","urlTemplate":"https:\/\/nirigs.com\/?s={search_term_string}"},"query-input":{"@type":"PropertyValueSpecification","valueRequired":true,"valueName":"search_term_string"}}],"inLanguage":"ar"},{"@type":"Organization","@id":"https:\/\/nirigs.com\/#organization","name":"\u0646\u064a\u0631\u064a\u062c\u0633","url":"https:\/\/nirigs.com\/","logo":{"@type":"ImageObject","inLanguage":"ar","@id":"https:\/\/nirigs.com\/#\/schema\/logo\/image\/","url":"https:\/\/nirigs.com\/wp-content\/uploads\/2025\/04\/Design-sans-titre-27.png","contentUrl":"https:\/\/nirigs.com\/wp-content\/uploads\/2025\/04\/Design-sans-titre-27.png","width":500,"height":500,"caption":"Nirigs"},"image":{"@id":"https:\/\/nirigs.com\/#\/schema\/logo\/image\/"}}]}},"brands":[{"id":1102,"name":"Bien \u00eatre","slug":"bien-etre"}],"_links":{"self":[{"href":"https:\/\/nirigs.com\/ar\/wp-json\/wp\/v2\/product\/21877","targetHints":{"allow":["GET"]}}],"collection":[{"href":"https:\/\/nirigs.com\/ar\/wp-json\/wp\/v2\/product"}],"about":[{"href":"https:\/\/nirigs.com\/ar\/wp-json\/wp\/v2\/types\/product"}],"replies":[{"embeddable":true,"href":"https:\/\/nirigs.com\/ar\/wp-json\/wp\/v2\/comments?post=21877"}],"version-history":[{"count":7,"href":"https:\/\/nirigs.com\/ar\/wp-json\/wp\/v2\/product\/21877\/revisions"}],"predecessor-version":[{"id":27039,"href":"https:\/\/nirigs.com\/ar\/wp-json\/wp\/v2\/product\/21877\/revisions\/27039"}],"wp:featuredmedia":[{"embeddable":true,"href":"https:\/\/nirigs.com\/ar\/wp-json\/wp\/v2\/media\/21878"}],"wp:attachment":[{"href":"https:\/\/nirigs.com\/ar\/wp-json\/wp\/v2\/media?parent=21877"}],"wp:term":[{"taxonomy":"pwb-brand","embeddable":true,"href":"https:\/\/nirigs.com\/ar\/wp-json\/wp\/v2\/pwb-brand?post=21877"},{"taxonomy":"product_brand","embeddable":true,"href":"https:\/\/nirigs.com\/ar\/wp-json\/wp\/v2\/product_brand?post=21877"},{"taxonomy":"product_cat","embeddable":true,"href":"https:\/\/nirigs.com\/ar\/wp-json\/wp\/v2\/product_cat?post=21877"},{"taxonomy":"product_tag","embeddable":true,"href":"https:\/\/nirigs.com\/ar\/wp-json\/wp\/v2\/product_tag?post=21877"}],"curies":[{"name":"wp","href":"https:\/\/api.w.org\/{rel}","templated":true}]}}