{"id":21854,"date":"2024-10-15T17:44:35","date_gmt":"2024-10-15T14:44:35","guid":{"rendered":"https:\/\/nirigs.com\/?post_type=product&#038;p=21854"},"modified":"2025-02-02T11:27:35","modified_gmt":"2025-02-02T08:27:35","slug":"ushuaia-atomiseur-homme-eucalyptus-sauvage-150-ml","status":"publish","type":"product","link":"https:\/\/nirigs.com\/ar\/product\/ushuaia-atomiseur-homme-eucalyptus-sauvage-150-ml\/","title":{"rendered":"Ushuaia &#8211; Atomiseur Homme Eucalyptus Sauvage &#8211; 150 ml"},"content":{"rendered":"<p>Avec le D\u00e9odorant Ushuaia Eucalyptus Sauvage Ushuaia, passer un moment d&rsquo;\u00e9vasion et de plaisir efficace pendant 24h et anti traces B\u00e9n\u00e9ficiez d&rsquo;une protection toute la journ\u00e9e contre les effets de la transpiration, dans le respect optimal de votre peau.<\/p>\n<h4>\u064a\u0633\u062a\u062e\u062f\u0645<\/h4>\n<p>Vaporisez a 15cm de vos aisselles sur une peau propre.<\/p>\n<h4>\u0645\u0643\u0648\u0646\u0627\u062a<\/h4>\n<p>ISOBUTANE \u2022 ISOPROPYL PALMITATE \u2022 COCOS NUCIFERA OIL \/ COCONUT OIL \u2022 MAGNESIUM OXIDE \u2022 PARFUM \/ FRAGRANCE \u2022 EUCALYPTUS GLOBULUS LEAF OIL \u2022 CITRAL \u2022 LIMONENE \u2022 LINALOOL (F.I.L. Z294423\/1).<\/p>","protected":false},"excerpt":{"rendered":"<p>Avec le D\u00e9odorant Ushuaia Eucalyptus Sauvage Ushuaia, passer un moment d&rsquo;\u00e9vasion et de plaisir efficace pendant 24h et anti traces<\/p>","protected":false},"featured_media":21863,"comment_status":"open","ping_status":"closed","template":"","meta":[],"pwb-brand":[1095],"product_brand":[],"product_cat":[1049,267,1079,1076],"product_tag":[],"class_list":{"0":"post-21854","1":"product","2":"type-product","3":"status-publish","4":"has-post-thumbnail","6":"pwb-brand-ushuaia","7":"product_cat-bain-savons-et-soin-du-corps","8":"product_cat-beaute-et-soins","9":"product_cat-deodorant","10":"product_cat-desodorisants-et-anti-transpirants","12":"first","13":"instock","14":"shipping-taxable","15":"purchasable","16":"product-type-simple"},"yoast_head":"<!-- This site is optimized with the Yoast SEO plugin v27.1.1 - https:\/\/yoast.com\/product\/yoast-seo-wordpress\/ -->\n<title>Ushuaia - Atomiseur Homme Eucalyptus Sauvage - 150 ml - NIRIGS<\/title>\n<meta name=\"robots\" content=\"index, follow, max-snippet:-1, max-image-preview:large, max-video-preview:-1\" \/>\n<link rel=\"canonical\" href=\"https:\/\/nirigs.com\/ar\/product\/ushuaia-atomiseur-homme-eucalyptus-sauvage-150-ml\/\" \/>\n<meta property=\"og:locale\" content=\"ar_AR\" \/>\n<meta property=\"og:type\" content=\"article\" \/>\n<meta property=\"og:title\" content=\"Ushuaia - Atomiseur Homme Eucalyptus Sauvage - 150 ml - NIRIGS\" \/>\n<meta property=\"og:description\" content=\"Avec le D\u00e9odorant Ushuaia Eucalyptus Sauvage Ushuaia, passer un moment d&rsquo;\u00e9vasion et de plaisir efficace pendant 24h et anti traces\" \/>\n<meta property=\"og:url\" content=\"https:\/\/nirigs.com\/ar\/product\/ushuaia-atomiseur-homme-eucalyptus-sauvage-150-ml\/\" \/>\n<meta property=\"og:site_name\" content=\"NIRIGS\" \/>\n<meta property=\"article:modified_time\" content=\"2025-02-02T08:27:35+00:00\" \/>\n<meta property=\"og:image\" content=\"https:\/\/nirigs.com\/wp-content\/uploads\/2024\/09\/Ushuaia-Atomiseur-Homme-Eucalyptus-Sauvage-150ML-3.jpg\" \/>\n\t<meta property=\"og:image:width\" content=\"1000\" \/>\n\t<meta property=\"og:image:height\" content=\"1000\" \/>\n\t<meta property=\"og:image:type\" content=\"image\/jpeg\" \/>\n<meta name=\"twitter:card\" content=\"summary_large_image\" \/>\n<script type=\"application\/ld+json\" class=\"yoast-schema-graph\">{\"@context\":\"https:\/\/schema.org\",\"@graph\":[{\"@type\":\"WebPage\",\"@id\":\"https:\/\/nirigs.com\/product\/ushuaia-atomiseur-homme-eucalyptus-sauvage-150-ml\/\",\"url\":\"https:\/\/nirigs.com\/product\/ushuaia-atomiseur-homme-eucalyptus-sauvage-150-ml\/\",\"name\":\"Ushuaia - Atomiseur Homme Eucalyptus Sauvage - 150 ml - NIRIGS\",\"isPartOf\":{\"@id\":\"https:\/\/nirigs.com\/#website\"},\"primaryImageOfPage\":{\"@id\":\"https:\/\/nirigs.com\/product\/ushuaia-atomiseur-homme-eucalyptus-sauvage-150-ml\/#primaryimage\"},\"image\":{\"@id\":\"https:\/\/nirigs.com\/product\/ushuaia-atomiseur-homme-eucalyptus-sauvage-150-ml\/#primaryimage\"},\"thumbnailUrl\":\"https:\/\/nirigs.com\/wp-content\/uploads\/2024\/09\/Ushuaia-Atomiseur-Homme-Eucalyptus-Sauvage-150ML-3.jpg\",\"datePublished\":\"2024-10-15T14:44:35+00:00\",\"dateModified\":\"2025-02-02T08:27:35+00:00\",\"breadcrumb\":{\"@id\":\"https:\/\/nirigs.com\/product\/ushuaia-atomiseur-homme-eucalyptus-sauvage-150-ml\/#breadcrumb\"},\"inLanguage\":\"ar\",\"potentialAction\":[{\"@type\":\"ReadAction\",\"target\":[\"https:\/\/nirigs.com\/product\/ushuaia-atomiseur-homme-eucalyptus-sauvage-150-ml\/\"]}]},{\"@type\":\"ImageObject\",\"inLanguage\":\"ar\",\"@id\":\"https:\/\/nirigs.com\/product\/ushuaia-atomiseur-homme-eucalyptus-sauvage-150-ml\/#primaryimage\",\"url\":\"https:\/\/nirigs.com\/wp-content\/uploads\/2024\/09\/Ushuaia-Atomiseur-Homme-Eucalyptus-Sauvage-150ML-3.jpg\",\"contentUrl\":\"https:\/\/nirigs.com\/wp-content\/uploads\/2024\/09\/Ushuaia-Atomiseur-Homme-Eucalyptus-Sauvage-150ML-3.jpg\",\"width\":1000,\"height\":1000},{\"@type\":\"BreadcrumbList\",\"@id\":\"https:\/\/nirigs.com\/product\/ushuaia-atomiseur-homme-eucalyptus-sauvage-150-ml\/#breadcrumb\",\"itemListElement\":[{\"@type\":\"ListItem\",\"position\":1,\"name\":\"Home\",\"item\":\"https:\/\/nirigs.com\/\"},{\"@type\":\"ListItem\",\"position\":2,\"name\":\"Parcourir\",\"item\":\"https:\/\/nirigs.com\/boutique\/\"},{\"@type\":\"ListItem\",\"position\":3,\"name\":\"Ushuaia &#8211; Atomiseur Homme Eucalyptus Sauvage &#8211; 150 ml\"}]},{\"@type\":\"WebSite\",\"@id\":\"https:\/\/nirigs.com\/#website\",\"url\":\"https:\/\/nirigs.com\/\",\"name\":\"Nirigs.com\",\"description\":\"Simplifiez vos achats du quotidien \u00e0 Djibouti\",\"publisher\":{\"@id\":\"https:\/\/nirigs.com\/#organization\"},\"potentialAction\":[{\"@type\":\"SearchAction\",\"target\":{\"@type\":\"EntryPoint\",\"urlTemplate\":\"https:\/\/nirigs.com\/?s={search_term_string}\"},\"query-input\":{\"@type\":\"PropertyValueSpecification\",\"valueRequired\":true,\"valueName\":\"search_term_string\"}}],\"inLanguage\":\"ar\"},{\"@type\":\"Organization\",\"@id\":\"https:\/\/nirigs.com\/#organization\",\"name\":\"Nirigs\",\"url\":\"https:\/\/nirigs.com\/\",\"logo\":{\"@type\":\"ImageObject\",\"inLanguage\":\"ar\",\"@id\":\"https:\/\/nirigs.com\/#\/schema\/logo\/image\/\",\"url\":\"https:\/\/nirigs.com\/wp-content\/uploads\/2025\/04\/Design-sans-titre-27.png\",\"contentUrl\":\"https:\/\/nirigs.com\/wp-content\/uploads\/2025\/04\/Design-sans-titre-27.png\",\"width\":500,\"height\":500,\"caption\":\"Nirigs\"},\"image\":{\"@id\":\"https:\/\/nirigs.com\/#\/schema\/logo\/image\/\"}}]}<\/script>\n<!-- \/ Yoast SEO plugin. -->","yoast_head_json":{"title":"Ushuaia - Atomiseur Homme Eucalyptus Sauvage - 150 ml - NIRIGS","robots":{"index":"index","follow":"follow","max-snippet":"max-snippet:-1","max-image-preview":"max-image-preview:large","max-video-preview":"max-video-preview:-1"},"canonical":"https:\/\/nirigs.com\/ar\/product\/ushuaia-atomiseur-homme-eucalyptus-sauvage-150-ml\/","og_locale":"ar_AR","og_type":"article","og_title":"Ushuaia - Atomiseur Homme Eucalyptus Sauvage - 150 ml - NIRIGS","og_description":"Avec le D\u00e9odorant Ushuaia Eucalyptus Sauvage Ushuaia, passer un moment d&rsquo;\u00e9vasion et de plaisir efficace pendant 24h et anti traces","og_url":"https:\/\/nirigs.com\/ar\/product\/ushuaia-atomiseur-homme-eucalyptus-sauvage-150-ml\/","og_site_name":"NIRIGS","article_modified_time":"2025-02-02T08:27:35+00:00","og_image":[{"width":1000,"height":1000,"url":"https:\/\/nirigs.com\/wp-content\/uploads\/2024\/09\/Ushuaia-Atomiseur-Homme-Eucalyptus-Sauvage-150ML-3.jpg","type":"image\/jpeg"}],"twitter_card":"summary_large_image","schema":{"@context":"https:\/\/schema.org","@graph":[{"@type":"WebPage","@id":"https:\/\/nirigs.com\/product\/ushuaia-atomiseur-homme-eucalyptus-sauvage-150-ml\/","url":"https:\/\/nirigs.com\/product\/ushuaia-atomiseur-homme-eucalyptus-sauvage-150-ml\/","name":"Ushuaia - Atomiseur Homme Eucalyptus Sauvage - 150 ml - NIRIGS","isPartOf":{"@id":"https:\/\/nirigs.com\/#website"},"primaryImageOfPage":{"@id":"https:\/\/nirigs.com\/product\/ushuaia-atomiseur-homme-eucalyptus-sauvage-150-ml\/#primaryimage"},"image":{"@id":"https:\/\/nirigs.com\/product\/ushuaia-atomiseur-homme-eucalyptus-sauvage-150-ml\/#primaryimage"},"thumbnailUrl":"https:\/\/nirigs.com\/wp-content\/uploads\/2024\/09\/Ushuaia-Atomiseur-Homme-Eucalyptus-Sauvage-150ML-3.jpg","datePublished":"2024-10-15T14:44:35+00:00","dateModified":"2025-02-02T08:27:35+00:00","breadcrumb":{"@id":"https:\/\/nirigs.com\/product\/ushuaia-atomiseur-homme-eucalyptus-sauvage-150-ml\/#breadcrumb"},"inLanguage":"ar","potentialAction":[{"@type":"ReadAction","target":["https:\/\/nirigs.com\/product\/ushuaia-atomiseur-homme-eucalyptus-sauvage-150-ml\/"]}]},{"@type":"ImageObject","inLanguage":"ar","@id":"https:\/\/nirigs.com\/product\/ushuaia-atomiseur-homme-eucalyptus-sauvage-150-ml\/#primaryimage","url":"https:\/\/nirigs.com\/wp-content\/uploads\/2024\/09\/Ushuaia-Atomiseur-Homme-Eucalyptus-Sauvage-150ML-3.jpg","contentUrl":"https:\/\/nirigs.com\/wp-content\/uploads\/2024\/09\/Ushuaia-Atomiseur-Homme-Eucalyptus-Sauvage-150ML-3.jpg","width":1000,"height":1000},{"@type":"BreadcrumbList","@id":"https:\/\/nirigs.com\/product\/ushuaia-atomiseur-homme-eucalyptus-sauvage-150-ml\/#breadcrumb","itemListElement":[{"@type":"ListItem","position":1,"name":"Home","item":"https:\/\/nirigs.com\/"},{"@type":"ListItem","position":2,"name":"Parcourir","item":"https:\/\/nirigs.com\/boutique\/"},{"@type":"ListItem","position":3,"name":"Ushuaia &#8211; Atomiseur Homme Eucalyptus Sauvage &#8211; 150 ml"}]},{"@type":"WebSite","@id":"https:\/\/nirigs.com\/#website","url":"https:\/\/nirigs.com\/","name":"Nirigs.com","description":"Simplifiez vos achats du quotidien \u00e0 Djibouti","publisher":{"@id":"https:\/\/nirigs.com\/#organization"},"potentialAction":[{"@type":"SearchAction","target":{"@type":"EntryPoint","urlTemplate":"https:\/\/nirigs.com\/?s={search_term_string}"},"query-input":{"@type":"PropertyValueSpecification","valueRequired":true,"valueName":"search_term_string"}}],"inLanguage":"ar"},{"@type":"Organization","@id":"https:\/\/nirigs.com\/#organization","name":"\u0646\u064a\u0631\u064a\u062c\u0633","url":"https:\/\/nirigs.com\/","logo":{"@type":"ImageObject","inLanguage":"ar","@id":"https:\/\/nirigs.com\/#\/schema\/logo\/image\/","url":"https:\/\/nirigs.com\/wp-content\/uploads\/2025\/04\/Design-sans-titre-27.png","contentUrl":"https:\/\/nirigs.com\/wp-content\/uploads\/2025\/04\/Design-sans-titre-27.png","width":500,"height":500,"caption":"Nirigs"},"image":{"@id":"https:\/\/nirigs.com\/#\/schema\/logo\/image\/"}}]}},"brands":[{"id":1095,"name":"Ushua\u00efa","slug":"ushuaia"}],"_links":{"self":[{"href":"https:\/\/nirigs.com\/ar\/wp-json\/wp\/v2\/product\/21854","targetHints":{"allow":["GET"]}}],"collection":[{"href":"https:\/\/nirigs.com\/ar\/wp-json\/wp\/v2\/product"}],"about":[{"href":"https:\/\/nirigs.com\/ar\/wp-json\/wp\/v2\/types\/product"}],"replies":[{"embeddable":true,"href":"https:\/\/nirigs.com\/ar\/wp-json\/wp\/v2\/comments?post=21854"}],"version-history":[{"count":6,"href":"https:\/\/nirigs.com\/ar\/wp-json\/wp\/v2\/product\/21854\/revisions"}],"predecessor-version":[{"id":25233,"href":"https:\/\/nirigs.com\/ar\/wp-json\/wp\/v2\/product\/21854\/revisions\/25233"}],"wp:featuredmedia":[{"embeddable":true,"href":"https:\/\/nirigs.com\/ar\/wp-json\/wp\/v2\/media\/21863"}],"wp:attachment":[{"href":"https:\/\/nirigs.com\/ar\/wp-json\/wp\/v2\/media?parent=21854"}],"wp:term":[{"taxonomy":"pwb-brand","embeddable":true,"href":"https:\/\/nirigs.com\/ar\/wp-json\/wp\/v2\/pwb-brand?post=21854"},{"taxonomy":"product_brand","embeddable":true,"href":"https:\/\/nirigs.com\/ar\/wp-json\/wp\/v2\/product_brand?post=21854"},{"taxonomy":"product_cat","embeddable":true,"href":"https:\/\/nirigs.com\/ar\/wp-json\/wp\/v2\/product_cat?post=21854"},{"taxonomy":"product_tag","embeddable":true,"href":"https:\/\/nirigs.com\/ar\/wp-json\/wp\/v2\/product_tag?post=21854"}],"curies":[{"name":"wp","href":"https:\/\/api.w.org\/{rel}","templated":true}]}}