{"id":21845,"date":"2024-10-15T17:36:03","date_gmt":"2024-10-15T14:36:03","guid":{"rendered":"https:\/\/nirigs.com\/?post_type=product&#038;p=21845"},"modified":"2025-02-02T11:28:18","modified_gmt":"2025-02-02T08:28:18","slug":"ushuaia-deodorant-spray-homme-mineraux-marin-150-ml","status":"publish","type":"product","link":"https:\/\/nirigs.com\/ar\/product\/ushuaia-deodorant-spray-homme-mineraux-marin-150-ml\/","title":{"rendered":"Ushua\u00efa &#8211; D\u00e9odorant Spray Homme Min\u00e9raux Marin &#8211; 150 ml"},"content":{"rendered":"<p>D\u00e9odorant Ushuaia Min\u00e9raux Marins : &#8211; Efficacit\u00e9 48h &#8211; Actif anti-odeur d&rsquo;origine naturelle &#8211; Fra\u00eecheur intense &#8211; Un parfum frais aux accords marins, l\u00e9g\u00e8rement iod\u00e9s &#8211; 0% d&rsquo;alcool.<\/p>\n<ul class=\"a-unordered-list a-vertical a-spacing-mini\">\n<li class=\"a-spacing-mini\"><span class=\"a-list-item\">Ushuaia engag\u00e9e par nature depuis plus de 25 ans vous propose un moment d&rsquo;\u00e9vasion et de fra\u00eecheur intense avec ses d\u00e9odorants efficaces 48h pour hommes.<\/span><\/li>\n<li class=\"a-spacing-mini\"><span class=\"a-list-item\">B\u00e9n\u00e9ficiez d&rsquo;une protection efficace et d&rsquo;un parfum frais pendant 48h.<\/span><\/li>\n<\/ul>\n<h4>\u064a\u0633\u062a\u062e\u062f\u0645<\/h4>\n<p>Bien agiter avant utilisation. Vaporisez \u00e0 15cm des aisselles. En cas de bouchage, rincez le diffuseur \u00e0 l&rsquo;eau chaude.<\/p>\n<h4>\u0645\u0643\u0648\u0646\u0627\u062a<\/h4>\n<p>ISOBUTANE &#8211; ISOPROPYL PALMITATE &#8211; COCOS NUCIFERA OIL \/ COCONUT OIL &#8211; MAGNESIUM OXIDE &#8211; PARFUM \/ FRAGRANCE &#8211; CRITHMUM MARITIMUM EXTRACT &#8211; CAPRYLIC\/CAPRIC TRIGLYCERIDE &#8211; BENZYL ALCOHOL &#8211; CITRAL &#8211; CITRONELLOL &#8211; EUGENOL &#8211; GERANIOL &#8211; LIMONENE &#8211; LINALOOL (F.I.L. Z296179\/1).<\/p>","protected":false},"excerpt":{"rendered":"<p>D\u00e9odorant Ushuaia Min\u00e9raux Marins : &#8211; Efficacit\u00e9 48h &#8211; Actif anti-odeur d&rsquo;origine naturelle &#8211; Fra\u00eecheur intense &#8211; Un parfum frais<\/p>","protected":false},"featured_media":21852,"comment_status":"open","ping_status":"closed","template":"","meta":[],"pwb-brand":[1102],"product_brand":[],"product_cat":[1049,267,1079,1076],"product_tag":[],"class_list":{"0":"post-21845","1":"product","2":"type-product","3":"status-publish","4":"has-post-thumbnail","6":"pwb-brand-bien-etre","7":"product_cat-bain-savons-et-soin-du-corps","8":"product_cat-beaute-et-soins","9":"product_cat-deodorant","10":"product_cat-desodorisants-et-anti-transpirants","12":"first","13":"instock","14":"shipping-taxable","15":"purchasable","16":"product-type-simple"},"yoast_head":"<!-- This site is optimized with the Yoast SEO plugin v27.1.1 - https:\/\/yoast.com\/product\/yoast-seo-wordpress\/ -->\n<title>Ushua\u00efa - D\u00e9odorant Spray Homme Min\u00e9raux Marin - 150 ml - NIRIGS<\/title>\n<meta name=\"robots\" content=\"index, follow, max-snippet:-1, max-image-preview:large, max-video-preview:-1\" \/>\n<link rel=\"canonical\" href=\"https:\/\/nirigs.com\/ar\/product\/ushuaia-deodorant-spray-homme-mineraux-marin-150-ml\/\" \/>\n<meta property=\"og:locale\" content=\"ar_AR\" \/>\n<meta property=\"og:type\" content=\"article\" \/>\n<meta property=\"og:title\" content=\"Ushua\u00efa - D\u00e9odorant Spray Homme Min\u00e9raux Marin - 150 ml - NIRIGS\" \/>\n<meta property=\"og:description\" content=\"D\u00e9odorant Ushuaia Min\u00e9raux Marins : &#8211; Efficacit\u00e9 48h &#8211; Actif anti-odeur d&rsquo;origine naturelle &#8211; Fra\u00eecheur intense &#8211; Un parfum frais\" \/>\n<meta property=\"og:url\" content=\"https:\/\/nirigs.com\/ar\/product\/ushuaia-deodorant-spray-homme-mineraux-marin-150-ml\/\" \/>\n<meta property=\"og:site_name\" content=\"NIRIGS\" \/>\n<meta property=\"article:modified_time\" content=\"2025-02-02T08:28:18+00:00\" \/>\n<meta property=\"og:image\" content=\"https:\/\/nirigs.com\/wp-content\/uploads\/2024\/09\/Ushuaia-Deodorant-Spray-Homme-Mineraux-Marin-150ML-5.jpg\" \/>\n\t<meta property=\"og:image:width\" content=\"1000\" \/>\n\t<meta property=\"og:image:height\" content=\"1000\" \/>\n\t<meta property=\"og:image:type\" content=\"image\/jpeg\" \/>\n<meta name=\"twitter:card\" content=\"summary_large_image\" \/>\n<meta name=\"twitter:label1\" content=\"\u0648\u0642\u062a \u0627\u0644\u0642\u0631\u0627\u0621\u0629 \u0627\u0644\u0645\u064f\u0642\u062f\u0651\u0631\" \/>\n\t<meta name=\"twitter:data1\" content=\"\u062f\u0642\u064a\u0642\u0629 \u0648\u0627\u062d\u062f\u0629\" \/>\n<script type=\"application\/ld+json\" class=\"yoast-schema-graph\">{\"@context\":\"https:\/\/schema.org\",\"@graph\":[{\"@type\":\"WebPage\",\"@id\":\"https:\/\/nirigs.com\/product\/ushuaia-deodorant-spray-homme-mineraux-marin-150-ml\/\",\"url\":\"https:\/\/nirigs.com\/product\/ushuaia-deodorant-spray-homme-mineraux-marin-150-ml\/\",\"name\":\"Ushua\u00efa - D\u00e9odorant Spray Homme Min\u00e9raux Marin - 150 ml - NIRIGS\",\"isPartOf\":{\"@id\":\"https:\/\/nirigs.com\/#website\"},\"primaryImageOfPage\":{\"@id\":\"https:\/\/nirigs.com\/product\/ushuaia-deodorant-spray-homme-mineraux-marin-150-ml\/#primaryimage\"},\"image\":{\"@id\":\"https:\/\/nirigs.com\/product\/ushuaia-deodorant-spray-homme-mineraux-marin-150-ml\/#primaryimage\"},\"thumbnailUrl\":\"https:\/\/nirigs.com\/wp-content\/uploads\/2024\/09\/Ushuaia-Deodorant-Spray-Homme-Mineraux-Marin-150ML-5.jpg\",\"datePublished\":\"2024-10-15T14:36:03+00:00\",\"dateModified\":\"2025-02-02T08:28:18+00:00\",\"breadcrumb\":{\"@id\":\"https:\/\/nirigs.com\/product\/ushuaia-deodorant-spray-homme-mineraux-marin-150-ml\/#breadcrumb\"},\"inLanguage\":\"ar\",\"potentialAction\":[{\"@type\":\"ReadAction\",\"target\":[\"https:\/\/nirigs.com\/product\/ushuaia-deodorant-spray-homme-mineraux-marin-150-ml\/\"]}]},{\"@type\":\"ImageObject\",\"inLanguage\":\"ar\",\"@id\":\"https:\/\/nirigs.com\/product\/ushuaia-deodorant-spray-homme-mineraux-marin-150-ml\/#primaryimage\",\"url\":\"https:\/\/nirigs.com\/wp-content\/uploads\/2024\/09\/Ushuaia-Deodorant-Spray-Homme-Mineraux-Marin-150ML-5.jpg\",\"contentUrl\":\"https:\/\/nirigs.com\/wp-content\/uploads\/2024\/09\/Ushuaia-Deodorant-Spray-Homme-Mineraux-Marin-150ML-5.jpg\",\"width\":1000,\"height\":1000},{\"@type\":\"BreadcrumbList\",\"@id\":\"https:\/\/nirigs.com\/product\/ushuaia-deodorant-spray-homme-mineraux-marin-150-ml\/#breadcrumb\",\"itemListElement\":[{\"@type\":\"ListItem\",\"position\":1,\"name\":\"Home\",\"item\":\"https:\/\/nirigs.com\/\"},{\"@type\":\"ListItem\",\"position\":2,\"name\":\"Parcourir\",\"item\":\"https:\/\/nirigs.com\/boutique\/\"},{\"@type\":\"ListItem\",\"position\":3,\"name\":\"Ushua\u00efa &#8211; D\u00e9odorant Spray Homme Min\u00e9raux Marin &#8211; 150 ml\"}]},{\"@type\":\"WebSite\",\"@id\":\"https:\/\/nirigs.com\/#website\",\"url\":\"https:\/\/nirigs.com\/\",\"name\":\"Nirigs.com\",\"description\":\"Simplifiez vos achats du quotidien \u00e0 Djibouti\",\"publisher\":{\"@id\":\"https:\/\/nirigs.com\/#organization\"},\"potentialAction\":[{\"@type\":\"SearchAction\",\"target\":{\"@type\":\"EntryPoint\",\"urlTemplate\":\"https:\/\/nirigs.com\/?s={search_term_string}\"},\"query-input\":{\"@type\":\"PropertyValueSpecification\",\"valueRequired\":true,\"valueName\":\"search_term_string\"}}],\"inLanguage\":\"ar\"},{\"@type\":\"Organization\",\"@id\":\"https:\/\/nirigs.com\/#organization\",\"name\":\"Nirigs\",\"url\":\"https:\/\/nirigs.com\/\",\"logo\":{\"@type\":\"ImageObject\",\"inLanguage\":\"ar\",\"@id\":\"https:\/\/nirigs.com\/#\/schema\/logo\/image\/\",\"url\":\"https:\/\/nirigs.com\/wp-content\/uploads\/2025\/04\/Design-sans-titre-27.png\",\"contentUrl\":\"https:\/\/nirigs.com\/wp-content\/uploads\/2025\/04\/Design-sans-titre-27.png\",\"width\":500,\"height\":500,\"caption\":\"Nirigs\"},\"image\":{\"@id\":\"https:\/\/nirigs.com\/#\/schema\/logo\/image\/\"}}]}<\/script>\n<!-- \/ Yoast SEO plugin. -->","yoast_head_json":{"title":"Ushua\u00efa - D\u00e9odorant Spray Homme Min\u00e9raux Marin - 150 ml - NIRIGS","robots":{"index":"index","follow":"follow","max-snippet":"max-snippet:-1","max-image-preview":"max-image-preview:large","max-video-preview":"max-video-preview:-1"},"canonical":"https:\/\/nirigs.com\/ar\/product\/ushuaia-deodorant-spray-homme-mineraux-marin-150-ml\/","og_locale":"ar_AR","og_type":"article","og_title":"Ushua\u00efa - D\u00e9odorant Spray Homme Min\u00e9raux Marin - 150 ml - NIRIGS","og_description":"D\u00e9odorant Ushuaia Min\u00e9raux Marins : &#8211; Efficacit\u00e9 48h &#8211; Actif anti-odeur d&rsquo;origine naturelle &#8211; Fra\u00eecheur intense &#8211; Un parfum frais","og_url":"https:\/\/nirigs.com\/ar\/product\/ushuaia-deodorant-spray-homme-mineraux-marin-150-ml\/","og_site_name":"NIRIGS","article_modified_time":"2025-02-02T08:28:18+00:00","og_image":[{"width":1000,"height":1000,"url":"https:\/\/nirigs.com\/wp-content\/uploads\/2024\/09\/Ushuaia-Deodorant-Spray-Homme-Mineraux-Marin-150ML-5.jpg","type":"image\/jpeg"}],"twitter_card":"summary_large_image","twitter_misc":{"\u0648\u0642\u062a \u0627\u0644\u0642\u0631\u0627\u0621\u0629 \u0627\u0644\u0645\u064f\u0642\u062f\u0651\u0631":"\u062f\u0642\u064a\u0642\u0629 \u0648\u0627\u062d\u062f\u0629"},"schema":{"@context":"https:\/\/schema.org","@graph":[{"@type":"WebPage","@id":"https:\/\/nirigs.com\/product\/ushuaia-deodorant-spray-homme-mineraux-marin-150-ml\/","url":"https:\/\/nirigs.com\/product\/ushuaia-deodorant-spray-homme-mineraux-marin-150-ml\/","name":"Ushua\u00efa - D\u00e9odorant Spray Homme Min\u00e9raux Marin - 150 ml - NIRIGS","isPartOf":{"@id":"https:\/\/nirigs.com\/#website"},"primaryImageOfPage":{"@id":"https:\/\/nirigs.com\/product\/ushuaia-deodorant-spray-homme-mineraux-marin-150-ml\/#primaryimage"},"image":{"@id":"https:\/\/nirigs.com\/product\/ushuaia-deodorant-spray-homme-mineraux-marin-150-ml\/#primaryimage"},"thumbnailUrl":"https:\/\/nirigs.com\/wp-content\/uploads\/2024\/09\/Ushuaia-Deodorant-Spray-Homme-Mineraux-Marin-150ML-5.jpg","datePublished":"2024-10-15T14:36:03+00:00","dateModified":"2025-02-02T08:28:18+00:00","breadcrumb":{"@id":"https:\/\/nirigs.com\/product\/ushuaia-deodorant-spray-homme-mineraux-marin-150-ml\/#breadcrumb"},"inLanguage":"ar","potentialAction":[{"@type":"ReadAction","target":["https:\/\/nirigs.com\/product\/ushuaia-deodorant-spray-homme-mineraux-marin-150-ml\/"]}]},{"@type":"ImageObject","inLanguage":"ar","@id":"https:\/\/nirigs.com\/product\/ushuaia-deodorant-spray-homme-mineraux-marin-150-ml\/#primaryimage","url":"https:\/\/nirigs.com\/wp-content\/uploads\/2024\/09\/Ushuaia-Deodorant-Spray-Homme-Mineraux-Marin-150ML-5.jpg","contentUrl":"https:\/\/nirigs.com\/wp-content\/uploads\/2024\/09\/Ushuaia-Deodorant-Spray-Homme-Mineraux-Marin-150ML-5.jpg","width":1000,"height":1000},{"@type":"BreadcrumbList","@id":"https:\/\/nirigs.com\/product\/ushuaia-deodorant-spray-homme-mineraux-marin-150-ml\/#breadcrumb","itemListElement":[{"@type":"ListItem","position":1,"name":"Home","item":"https:\/\/nirigs.com\/"},{"@type":"ListItem","position":2,"name":"Parcourir","item":"https:\/\/nirigs.com\/boutique\/"},{"@type":"ListItem","position":3,"name":"Ushua\u00efa &#8211; D\u00e9odorant Spray Homme Min\u00e9raux Marin &#8211; 150 ml"}]},{"@type":"WebSite","@id":"https:\/\/nirigs.com\/#website","url":"https:\/\/nirigs.com\/","name":"Nirigs.com","description":"Simplifiez vos achats du quotidien \u00e0 Djibouti","publisher":{"@id":"https:\/\/nirigs.com\/#organization"},"potentialAction":[{"@type":"SearchAction","target":{"@type":"EntryPoint","urlTemplate":"https:\/\/nirigs.com\/?s={search_term_string}"},"query-input":{"@type":"PropertyValueSpecification","valueRequired":true,"valueName":"search_term_string"}}],"inLanguage":"ar"},{"@type":"Organization","@id":"https:\/\/nirigs.com\/#organization","name":"\u0646\u064a\u0631\u064a\u062c\u0633","url":"https:\/\/nirigs.com\/","logo":{"@type":"ImageObject","inLanguage":"ar","@id":"https:\/\/nirigs.com\/#\/schema\/logo\/image\/","url":"https:\/\/nirigs.com\/wp-content\/uploads\/2025\/04\/Design-sans-titre-27.png","contentUrl":"https:\/\/nirigs.com\/wp-content\/uploads\/2025\/04\/Design-sans-titre-27.png","width":500,"height":500,"caption":"Nirigs"},"image":{"@id":"https:\/\/nirigs.com\/#\/schema\/logo\/image\/"}}]}},"brands":[{"id":1102,"name":"Bien \u00eatre","slug":"bien-etre"}],"_links":{"self":[{"href":"https:\/\/nirigs.com\/ar\/wp-json\/wp\/v2\/product\/21845","targetHints":{"allow":["GET"]}}],"collection":[{"href":"https:\/\/nirigs.com\/ar\/wp-json\/wp\/v2\/product"}],"about":[{"href":"https:\/\/nirigs.com\/ar\/wp-json\/wp\/v2\/types\/product"}],"replies":[{"embeddable":true,"href":"https:\/\/nirigs.com\/ar\/wp-json\/wp\/v2\/comments?post=21845"}],"version-history":[{"count":6,"href":"https:\/\/nirigs.com\/ar\/wp-json\/wp\/v2\/product\/21845\/revisions"}],"predecessor-version":[{"id":25228,"href":"https:\/\/nirigs.com\/ar\/wp-json\/wp\/v2\/product\/21845\/revisions\/25228"}],"wp:featuredmedia":[{"embeddable":true,"href":"https:\/\/nirigs.com\/ar\/wp-json\/wp\/v2\/media\/21852"}],"wp:attachment":[{"href":"https:\/\/nirigs.com\/ar\/wp-json\/wp\/v2\/media?parent=21845"}],"wp:term":[{"taxonomy":"pwb-brand","embeddable":true,"href":"https:\/\/nirigs.com\/ar\/wp-json\/wp\/v2\/pwb-brand?post=21845"},{"taxonomy":"product_brand","embeddable":true,"href":"https:\/\/nirigs.com\/ar\/wp-json\/wp\/v2\/product_brand?post=21845"},{"taxonomy":"product_cat","embeddable":true,"href":"https:\/\/nirigs.com\/ar\/wp-json\/wp\/v2\/product_cat?post=21845"},{"taxonomy":"product_tag","embeddable":true,"href":"https:\/\/nirigs.com\/ar\/wp-json\/wp\/v2\/product_tag?post=21845"}],"curies":[{"name":"wp","href":"https:\/\/api.w.org\/{rel}","templated":true}]}}