{"id":21787,"date":"2024-10-02T17:37:12","date_gmt":"2024-10-02T14:37:12","guid":{"rendered":"https:\/\/nirigs.com\/?post_type=product&#038;p=21787"},"modified":"2025-04-22T11:49:17","modified_gmt":"2025-04-22T08:49:17","slug":"garnier-coloration-permanente-olia-6-60-rouge-intense","status":"publish","type":"product","link":"https:\/\/nirigs.com\/ar\/product\/garnier-coloration-permanente-olia-6-60-rouge-intense\/","title":{"rendered":"Garnier &#8211; Coloration Permanente Olia 6.60 Rouge Intense"},"content":{"rendered":"<p>Chez Garnier, nous savons que l&rsquo;huile peut faire bien plus que simplement revitaliser vos cheveux. Concentr\u00e9e au c\u0153ur de la formule de la coloration permanente Olia, l&rsquo;huile maximise le r\u00e9sultat de la coloration.<\/p>\n<p>La teinture permanente Olia de Garnier est une formule compos\u00e9e \u00e0 60 % d&rsquo;huile, avec des huiles de fleurs naturelles et sans ammoniaque pour un parfum agr\u00e9able. Notre coloration \u00e0 domicile am\u00e9liore visiblement la qualit\u00e9 des cheveux, pour une meilleure brillance et des cheveux 35% plus lisses.<\/p>\n<p>La coloration \u00e0 domicile Olia offre \u00e9galement une performance de couleur maximale pour des cheveux roux somptueux, \u00e9clatants et durables. De plus, la coloration maison Olia offre une application sensorielle unique et un confort optimal du cuir chevelu gr\u00e2ce \u00e0 la texture velout\u00e9e de la cr\u00e8me colorante qui ne coule pas.<\/p>\n<p>V\u00e9rifiez toujours au dos de l&#8217;emballage si la teinte vous convient.<br \/>La bo\u00eete contient 1 tube de cr\u00e8me colorante \u00e0 la texture velout\u00e9e et au parfum floral subtil, 1 tube de cr\u00e8me r\u00e9v\u00e9latrice, 1 flacon applicateur, 1 tube d&rsquo;apr\u00e8s-shampoing multi-application silk &amp; shine, 1 paire de gants et 1 notice d&rsquo;utilisation.<\/p>\n<h4>\u064a\u0633\u062a\u062e\u062f\u0645<\/h4>\n<ul>\n<li>Commencez par mettre des gants et m\u00e9langez imm\u00e9diatement la cr\u00e8me colorante et la cr\u00e8me r\u00e9v\u00e9latrice dans le flacon applicateur.<br \/>Agitez bien pour m\u00e9langer.<\/li>\n<li>Appliquez le m\u00e9lange par sections, en commen\u00e7ant par les racines et en allant jusqu&rsquo;aux pointes.<\/li>\n<li>Laissez d\u00e9velopper jusqu&rsquo;\u00e0 45 minutes, comme indiqu\u00e9 sur les instructions, en fonction du r\u00e9sultat que vous souhaitez obtenir.<\/li>\n<li>Rincez jusqu&rsquo;\u00e0 ce que l&rsquo;eau soit claire et appliquez l&rsquo;apr\u00e8s-shampoing silk &amp; shine et rincez \u00e0 nouveau.<\/li>\n<\/ul>\n<h4>\u0645\u0643\u0648\u0646\u0627\u062a<\/h4>\n<p>Colourant Cream: Paraffinum Liquidum ; Mineral Oil,\u00a0<span data-iopelement=\"Aqua\">Aqua<\/span>\u00a0;\u00a0<span data-iopelement=\"Water\">Water<\/span>,\u00a0<span data-iopelement=\"Ethanolamine\">Ethanolamine<\/span>,\u00a0<span data-iopelement=\"Steareth-20\">Steareth-20<\/span>, Caprylyl;Capryl Glucoside,\u00a0<span data-iopelement=\"Polysorbate 21\">Polysorbate 21<\/span>,\u00a0<span data-iopelement=\"Steareth-2\">Steareth-2<\/span>, 1-Hydroxyethyl 4, 5-Diamino Pyrazole Sulfate,\u00a0<span data-iopelement=\"4-Amino-2-Hydroxytoluene\">4-Amino-2-Hydroxytoluene<\/span>, 5-Amino-6-Chloro-o-Cresol, p-Aminophenol,\u00a0<span data-iopelement=\"Ascorbic Acid\">Ascorbic Acid<\/span>, Sodium Metabisulfite, Thioglycerin, Toluene-2, 5-Diamine, Polyquaternium-67,\u00a0<span data-iopelement=\"Helianthus Annuus Seed Oil\">Helianthus Annuus Seed Oil<\/span>\u00a0; Sunflower Seed Oil,\u00a0<span data-iopelement=\"Limnanthes Alba Seed Oil\">Limnanthes Alba Seed Oil<\/span>\u00a0; Meadowfoam Seed Oil,\u00a0<span data-iopelement=\"Camellia Oleifera Seed Oil\">Camellia Oleifera Seed Oil<\/span>, Passiflora Incarnata ; Passiflora Incarnata Seed Oil,\u00a0<span data-iopelement=\"EDTA\">EDTA<\/span>,\u00a0<span data-iopelement=\"Parfum\">\u0631\u0627\u0626\u062d\u0629<\/span>\u00a0; Fragrance C54590;1<br \/>1190276 &#8211; Developer Cream:\u00a0<span data-iopelement=\"Aqua\">Aqua<\/span>\u00a0;\u00a0<span data-iopelement=\"Water\">Water<\/span>, Paraffinum Liquidum ; Mineral Oil,\u00a0<span data-iopelement=\"Cetearyl Alcohol\">Cetearyl Alcohol<\/span>,\u00a0<span data-iopelement=\"Hydrogen Peroxide\">Hydrogen Peroxide<\/span>,\u00a0<span data-iopelement=\"Steareth-20\">Steareth-20<\/span>, PEG-4 Rapeseedamide,\u00a0<span data-iopelement=\"Tocopherol\">Tocopherol<\/span>, Sodium Salicylate,\u00a0<span data-iopelement=\"Polyquaternium-6\">Polyquaternium-6<\/span>,\u00a0<span data-iopelement=\"Phosphoric Acid\">Phosphoric Acid<\/span>,\u00a0<span data-iopelement=\"Tetrasodium Etidronate\">Tetrasodium Etidronate<\/span>,\u00a0<span data-iopelement=\"Tetrasodium Pyrophosphate\">Tetrasodium Pyrophosphate<\/span>,\u00a0<span data-iopelement=\"Hexadimethrine Chloride\">Hexadimethrine Chloride<\/span>, Glycerin C201466;1<br \/>1119728 A &#8211; Conditioner:\u00a0<span data-iopelement=\"Aqua\">Aqua<\/span>\u00a0;\u00a0<span data-iopelement=\"Water\">Water<\/span>,\u00a0<span data-iopelement=\"Cetearyl Alcohol\">Cetearyl Alcohol<\/span>, Behentrimonium Chloride,\u00a0<span data-iopelement=\"Cetyl Esters\">Cetyl Esters<\/span>,\u00a0<span data-iopelement=\"Tocopherol\">Tocopherol<\/span>,\u00a0<span data-iopelement=\"Trideceth-6\">Trideceth-6<\/span>,\u00a0<span data-iopelement=\"Chlorhexidine Digluconate\">Chlorhexidine Digluconate<\/span>,\u00a0<span data-iopelement=\"Helianthus Annuus Seed Oil\">Helianthus Annuus Seed Oil<\/span>\u00a0; Sunflower Seed Oil,\u00a0<span data-iopelement=\"Camellia Oleifera Seed Oil\">Camellia Oleifera Seed Oil<\/span>,\u00a0<span data-iopelement=\"Amodimethicone\">Amodimethicone<\/span>,\u00a0<span data-iopelement=\"Isopropyl Alcohol\">Isopropyl Alcohol<\/span>,\u00a0<span data-iopelement=\"Citric Acid\">Citric Acid<\/span>,\u00a0<span data-iopelement=\"Cetrimonium Chloride\">Cetrimonium Chloride<\/span>,\u00a0<span data-iopelement=\"Parfum\">\u0631\u0627\u0626\u062d\u0629<\/span>\u00a0; Fragrance C179224;1<\/p>","protected":false},"excerpt":{"rendered":"<p><br data-mce-bogus=\"1\"><\/p>","protected":false},"featured_media":22761,"comment_status":"open","ping_status":"closed","template":"","meta":[],"pwb-brand":[1091],"product_brand":[],"product_cat":[267,1022,1096],"product_tag":[],"class_list":{"0":"post-21787","1":"product","2":"type-product","3":"status-publish","4":"has-post-thumbnail","6":"pwb-brand-garnier","7":"product_cat-beaute-et-soins","8":"product_cat-coiffures-et-soins-des-cheveux","9":"product_cat-colorations","11":"first","12":"instock","13":"shipping-taxable","14":"purchasable","15":"product-type-simple"},"yoast_head":"<!-- This site is optimized with the Yoast SEO plugin v27.1.1 - https:\/\/yoast.com\/product\/yoast-seo-wordpress\/ -->\n<title>Garnier - Coloration Permanente Olia 6.60 Rouge Intense - NIRIGS<\/title>\n<meta name=\"robots\" content=\"index, follow, max-snippet:-1, max-image-preview:large, max-video-preview:-1\" \/>\n<link rel=\"canonical\" href=\"https:\/\/nirigs.com\/ar\/product\/garnier-coloration-permanente-olia-6-60-rouge-intense\/\" \/>\n<meta property=\"og:locale\" content=\"ar_AR\" \/>\n<meta property=\"og:type\" content=\"article\" \/>\n<meta property=\"og:title\" content=\"Garnier - Coloration Permanente Olia 6.60 Rouge Intense - NIRIGS\" \/>\n<meta property=\"og:url\" content=\"https:\/\/nirigs.com\/ar\/product\/garnier-coloration-permanente-olia-6-60-rouge-intense\/\" \/>\n<meta property=\"og:site_name\" content=\"NIRIGS\" \/>\n<meta property=\"article:modified_time\" content=\"2025-04-22T08:49:17+00:00\" \/>\n<meta property=\"og:image\" content=\"https:\/\/nirigs.com\/wp-content\/uploads\/2024\/09\/Garnier-Coloration-Permanente-Olia-6.60-Rouge-Intense-6.jpg\" \/>\n\t<meta property=\"og:image:width\" content=\"1000\" \/>\n\t<meta property=\"og:image:height\" content=\"1000\" \/>\n\t<meta property=\"og:image:type\" content=\"image\/jpeg\" \/>\n<meta name=\"twitter:card\" content=\"summary_large_image\" \/>\n<meta name=\"twitter:label1\" content=\"\u0648\u0642\u062a \u0627\u0644\u0642\u0631\u0627\u0621\u0629 \u0627\u0644\u0645\u064f\u0642\u062f\u0651\u0631\" \/>\n\t<meta name=\"twitter:data1\" content=\"\u062f\u0642\u064a\u0642\u062a\u0627\u0646\" \/>\n<script type=\"application\/ld+json\" class=\"yoast-schema-graph\">{\"@context\":\"https:\/\/schema.org\",\"@graph\":[{\"@type\":\"WebPage\",\"@id\":\"https:\/\/nirigs.com\/product\/garnier-coloration-permanente-olia-6-60-rouge-intense\/\",\"url\":\"https:\/\/nirigs.com\/product\/garnier-coloration-permanente-olia-6-60-rouge-intense\/\",\"name\":\"Garnier - Coloration Permanente Olia 6.60 Rouge Intense - NIRIGS\",\"isPartOf\":{\"@id\":\"https:\/\/nirigs.com\/#website\"},\"primaryImageOfPage\":{\"@id\":\"https:\/\/nirigs.com\/product\/garnier-coloration-permanente-olia-6-60-rouge-intense\/#primaryimage\"},\"image\":{\"@id\":\"https:\/\/nirigs.com\/product\/garnier-coloration-permanente-olia-6-60-rouge-intense\/#primaryimage\"},\"thumbnailUrl\":\"https:\/\/nirigs.com\/wp-content\/uploads\/2024\/09\/Garnier-Coloration-Permanente-Olia-6.60-Rouge-Intense-6.jpg\",\"datePublished\":\"2024-10-02T14:37:12+00:00\",\"dateModified\":\"2025-04-22T08:49:17+00:00\",\"breadcrumb\":{\"@id\":\"https:\/\/nirigs.com\/product\/garnier-coloration-permanente-olia-6-60-rouge-intense\/#breadcrumb\"},\"inLanguage\":\"ar\",\"potentialAction\":[{\"@type\":\"ReadAction\",\"target\":[\"https:\/\/nirigs.com\/product\/garnier-coloration-permanente-olia-6-60-rouge-intense\/\"]}]},{\"@type\":\"ImageObject\",\"inLanguage\":\"ar\",\"@id\":\"https:\/\/nirigs.com\/product\/garnier-coloration-permanente-olia-6-60-rouge-intense\/#primaryimage\",\"url\":\"https:\/\/nirigs.com\/wp-content\/uploads\/2024\/09\/Garnier-Coloration-Permanente-Olia-6.60-Rouge-Intense-6.jpg\",\"contentUrl\":\"https:\/\/nirigs.com\/wp-content\/uploads\/2024\/09\/Garnier-Coloration-Permanente-Olia-6.60-Rouge-Intense-6.jpg\",\"width\":1000,\"height\":1000},{\"@type\":\"BreadcrumbList\",\"@id\":\"https:\/\/nirigs.com\/product\/garnier-coloration-permanente-olia-6-60-rouge-intense\/#breadcrumb\",\"itemListElement\":[{\"@type\":\"ListItem\",\"position\":1,\"name\":\"Home\",\"item\":\"https:\/\/nirigs.com\/\"},{\"@type\":\"ListItem\",\"position\":2,\"name\":\"Parcourir\",\"item\":\"https:\/\/nirigs.com\/boutique\/\"},{\"@type\":\"ListItem\",\"position\":3,\"name\":\"Garnier &#8211; Coloration Permanente Olia 6.60 Rouge Intense\"}]},{\"@type\":\"WebSite\",\"@id\":\"https:\/\/nirigs.com\/#website\",\"url\":\"https:\/\/nirigs.com\/\",\"name\":\"Nirigs.com\",\"description\":\"Simplifiez vos achats du quotidien \u00e0 Djibouti\",\"publisher\":{\"@id\":\"https:\/\/nirigs.com\/#organization\"},\"potentialAction\":[{\"@type\":\"SearchAction\",\"target\":{\"@type\":\"EntryPoint\",\"urlTemplate\":\"https:\/\/nirigs.com\/?s={search_term_string}\"},\"query-input\":{\"@type\":\"PropertyValueSpecification\",\"valueRequired\":true,\"valueName\":\"search_term_string\"}}],\"inLanguage\":\"ar\"},{\"@type\":\"Organization\",\"@id\":\"https:\/\/nirigs.com\/#organization\",\"name\":\"Nirigs\",\"url\":\"https:\/\/nirigs.com\/\",\"logo\":{\"@type\":\"ImageObject\",\"inLanguage\":\"ar\",\"@id\":\"https:\/\/nirigs.com\/#\/schema\/logo\/image\/\",\"url\":\"https:\/\/nirigs.com\/wp-content\/uploads\/2025\/04\/Design-sans-titre-27.png\",\"contentUrl\":\"https:\/\/nirigs.com\/wp-content\/uploads\/2025\/04\/Design-sans-titre-27.png\",\"width\":500,\"height\":500,\"caption\":\"Nirigs\"},\"image\":{\"@id\":\"https:\/\/nirigs.com\/#\/schema\/logo\/image\/\"}}]}<\/script>\n<!-- \/ Yoast SEO plugin. -->","yoast_head_json":{"title":"Garnier - Coloration Permanente Olia 6.60 Rouge Intense - NIRIGS","robots":{"index":"index","follow":"follow","max-snippet":"max-snippet:-1","max-image-preview":"max-image-preview:large","max-video-preview":"max-video-preview:-1"},"canonical":"https:\/\/nirigs.com\/ar\/product\/garnier-coloration-permanente-olia-6-60-rouge-intense\/","og_locale":"ar_AR","og_type":"article","og_title":"Garnier - Coloration Permanente Olia 6.60 Rouge Intense - NIRIGS","og_url":"https:\/\/nirigs.com\/ar\/product\/garnier-coloration-permanente-olia-6-60-rouge-intense\/","og_site_name":"NIRIGS","article_modified_time":"2025-04-22T08:49:17+00:00","og_image":[{"width":1000,"height":1000,"url":"https:\/\/nirigs.com\/wp-content\/uploads\/2024\/09\/Garnier-Coloration-Permanente-Olia-6.60-Rouge-Intense-6.jpg","type":"image\/jpeg"}],"twitter_card":"summary_large_image","twitter_misc":{"\u0648\u0642\u062a \u0627\u0644\u0642\u0631\u0627\u0621\u0629 \u0627\u0644\u0645\u064f\u0642\u062f\u0651\u0631":"\u062f\u0642\u064a\u0642\u062a\u0627\u0646"},"schema":{"@context":"https:\/\/schema.org","@graph":[{"@type":"WebPage","@id":"https:\/\/nirigs.com\/product\/garnier-coloration-permanente-olia-6-60-rouge-intense\/","url":"https:\/\/nirigs.com\/product\/garnier-coloration-permanente-olia-6-60-rouge-intense\/","name":"Garnier - Coloration Permanente Olia 6.60 Rouge Intense - NIRIGS","isPartOf":{"@id":"https:\/\/nirigs.com\/#website"},"primaryImageOfPage":{"@id":"https:\/\/nirigs.com\/product\/garnier-coloration-permanente-olia-6-60-rouge-intense\/#primaryimage"},"image":{"@id":"https:\/\/nirigs.com\/product\/garnier-coloration-permanente-olia-6-60-rouge-intense\/#primaryimage"},"thumbnailUrl":"https:\/\/nirigs.com\/wp-content\/uploads\/2024\/09\/Garnier-Coloration-Permanente-Olia-6.60-Rouge-Intense-6.jpg","datePublished":"2024-10-02T14:37:12+00:00","dateModified":"2025-04-22T08:49:17+00:00","breadcrumb":{"@id":"https:\/\/nirigs.com\/product\/garnier-coloration-permanente-olia-6-60-rouge-intense\/#breadcrumb"},"inLanguage":"ar","potentialAction":[{"@type":"ReadAction","target":["https:\/\/nirigs.com\/product\/garnier-coloration-permanente-olia-6-60-rouge-intense\/"]}]},{"@type":"ImageObject","inLanguage":"ar","@id":"https:\/\/nirigs.com\/product\/garnier-coloration-permanente-olia-6-60-rouge-intense\/#primaryimage","url":"https:\/\/nirigs.com\/wp-content\/uploads\/2024\/09\/Garnier-Coloration-Permanente-Olia-6.60-Rouge-Intense-6.jpg","contentUrl":"https:\/\/nirigs.com\/wp-content\/uploads\/2024\/09\/Garnier-Coloration-Permanente-Olia-6.60-Rouge-Intense-6.jpg","width":1000,"height":1000},{"@type":"BreadcrumbList","@id":"https:\/\/nirigs.com\/product\/garnier-coloration-permanente-olia-6-60-rouge-intense\/#breadcrumb","itemListElement":[{"@type":"ListItem","position":1,"name":"Home","item":"https:\/\/nirigs.com\/"},{"@type":"ListItem","position":2,"name":"Parcourir","item":"https:\/\/nirigs.com\/boutique\/"},{"@type":"ListItem","position":3,"name":"Garnier &#8211; Coloration Permanente Olia 6.60 Rouge Intense"}]},{"@type":"WebSite","@id":"https:\/\/nirigs.com\/#website","url":"https:\/\/nirigs.com\/","name":"Nirigs.com","description":"Simplifiez vos achats du quotidien \u00e0 Djibouti","publisher":{"@id":"https:\/\/nirigs.com\/#organization"},"potentialAction":[{"@type":"SearchAction","target":{"@type":"EntryPoint","urlTemplate":"https:\/\/nirigs.com\/?s={search_term_string}"},"query-input":{"@type":"PropertyValueSpecification","valueRequired":true,"valueName":"search_term_string"}}],"inLanguage":"ar"},{"@type":"Organization","@id":"https:\/\/nirigs.com\/#organization","name":"\u0646\u064a\u0631\u064a\u062c\u0633","url":"https:\/\/nirigs.com\/","logo":{"@type":"ImageObject","inLanguage":"ar","@id":"https:\/\/nirigs.com\/#\/schema\/logo\/image\/","url":"https:\/\/nirigs.com\/wp-content\/uploads\/2025\/04\/Design-sans-titre-27.png","contentUrl":"https:\/\/nirigs.com\/wp-content\/uploads\/2025\/04\/Design-sans-titre-27.png","width":500,"height":500,"caption":"Nirigs"},"image":{"@id":"https:\/\/nirigs.com\/#\/schema\/logo\/image\/"}}]}},"brands":[{"id":1091,"name":"Garnier","slug":"garnier"}],"_links":{"self":[{"href":"https:\/\/nirigs.com\/ar\/wp-json\/wp\/v2\/product\/21787","targetHints":{"allow":["GET"]}}],"collection":[{"href":"https:\/\/nirigs.com\/ar\/wp-json\/wp\/v2\/product"}],"about":[{"href":"https:\/\/nirigs.com\/ar\/wp-json\/wp\/v2\/types\/product"}],"replies":[{"embeddable":true,"href":"https:\/\/nirigs.com\/ar\/wp-json\/wp\/v2\/comments?post=21787"}],"version-history":[{"count":9,"href":"https:\/\/nirigs.com\/ar\/wp-json\/wp\/v2\/product\/21787\/revisions"}],"predecessor-version":[{"id":27015,"href":"https:\/\/nirigs.com\/ar\/wp-json\/wp\/v2\/product\/21787\/revisions\/27015"}],"wp:featuredmedia":[{"embeddable":true,"href":"https:\/\/nirigs.com\/ar\/wp-json\/wp\/v2\/media\/22761"}],"wp:attachment":[{"href":"https:\/\/nirigs.com\/ar\/wp-json\/wp\/v2\/media?parent=21787"}],"wp:term":[{"taxonomy":"pwb-brand","embeddable":true,"href":"https:\/\/nirigs.com\/ar\/wp-json\/wp\/v2\/pwb-brand?post=21787"},{"taxonomy":"product_brand","embeddable":true,"href":"https:\/\/nirigs.com\/ar\/wp-json\/wp\/v2\/product_brand?post=21787"},{"taxonomy":"product_cat","embeddable":true,"href":"https:\/\/nirigs.com\/ar\/wp-json\/wp\/v2\/product_cat?post=21787"},{"taxonomy":"product_tag","embeddable":true,"href":"https:\/\/nirigs.com\/ar\/wp-json\/wp\/v2\/product_tag?post=21787"}],"curies":[{"name":"wp","href":"https:\/\/api.w.org\/{rel}","templated":true}]}}