{"id":21777,"date":"2024-10-02T17:50:44","date_gmt":"2024-10-02T14:50:44","guid":{"rendered":"https:\/\/nirigs.com\/?post_type=product&#038;p=21777"},"modified":"2025-04-22T11:26:43","modified_gmt":"2025-04-22T08:26:43","slug":"garnier-olia-coloration-permanente-1-0-noir-absolu-teinte","status":"publish","type":"product","link":"https:\/\/nirigs.com\/ar\/product\/garnier-olia-coloration-permanente-1-0-noir-absolu-teinte\/","title":{"rendered":"Garnier &#8211; Olia Coloration Permanente 1.0 Noir Absolu Teinte"},"content":{"rendered":"<p>Garnier Olia Coloration Permanente #1.0 Noir Absolu Teinte. Puissance couleur maximale. Brillance miroir. Couvre 100% des cheveux blancs. Am\u00e9liore visiblement la qualit\u00e9 du cheveu. Application sensorielle ultra-facile. Confort optimal du cuir chevelu. Soin intense, anti-dess\u00e8chement. Sa texture cr\u00e8me velout\u00e9e ne coule pas, offre un confort optimal du cuir chevelu et lib\u00e8re un d\u00e9licat parfum floral.<\/p>\n<h4>\u064a\u0633\u062a\u062e\u062f\u0645<\/h4>\n<p>* Se conformer \u00e0 la notice d\u2019utilisation incluse dans le kit.<\/p>\n<ul>\n<li>Verser la cr\u00e8me r\u00e9v\u00e9latrice et la cr\u00e8me colorante dans le flacon applicateur. Secouer.<\/li>\n<li>Appliquer sur cheveux secs non lav\u00e9s.<\/li>\n<li>Laisser agir 30min.<\/li>\n<li>Rincer et appliquer le soin<\/li>\n<\/ul>\n<h4>\u0645\u0643\u0648\u0646\u0627\u062a<\/h4>\n<p>PARAFFINUM LIQUIDUM \/ MINERAL OIL \u2022 AQUA \/ WATER \u2022 ETHANOLAMINE \u2022 DECYL GLUCOSIDE \u2022 TOLUENE-2,5-DIAMINE \u2022 SODIUM LAURYL SULFATE \u2022 PEG-40 HYDROGENATED CASTOR OIL \u2022 m-AMINOPHENOL \u2022 ASCORBIC ACID \u2022 TOCOPHEROL \u2022 HYDROXYBENZOMORPHOLINE \u2022 HYDROXYPROPYL GUAR \u2022 SODIUM METABISULFITE \u2022 HYDROXYETHYL-3,4-METHYLENEDIOXYANILINE HCL \u2022 THIOGLYCERIN \u2022 HELIANTHUS ANNUUS SEED OIL \/ SUNFLOWER SEED OIL \u2022 CAMELLIA OLEIFERA SEED OIL \u2022 N,N-BIS(2-HYDROXYETHYL)-p-PHENYLENEDIAMINE SULFATE \u2022 DISODIUM COCOAMPHODIACETATE \u2022 EDTA \u2022 2,4-DIAMINOPHENOXYETHANOL HCL \u2022 PARFUM \/ FRAGRANCE \u2022<\/p>","protected":false},"excerpt":{"rendered":"<p><br data-mce-bogus=\"1\"><\/p>","protected":false},"featured_media":22768,"comment_status":"open","ping_status":"closed","template":"","meta":[],"pwb-brand":[1091],"product_brand":[],"product_cat":[267,1022,1096],"product_tag":[],"class_list":{"0":"post-21777","1":"product","2":"type-product","3":"status-publish","4":"has-post-thumbnail","6":"pwb-brand-garnier","7":"product_cat-beaute-et-soins","8":"product_cat-coiffures-et-soins-des-cheveux","9":"product_cat-colorations","11":"first","12":"instock","13":"shipping-taxable","14":"purchasable","15":"product-type-simple"},"yoast_head":"<!-- This site is optimized with the Yoast SEO plugin v27.1.1 - https:\/\/yoast.com\/product\/yoast-seo-wordpress\/ -->\n<title>Garnier - Olia Coloration Permanente 1.0 Noir Absolu Teinte - NIRIGS<\/title>\n<meta name=\"robots\" content=\"index, follow, max-snippet:-1, max-image-preview:large, max-video-preview:-1\" \/>\n<link rel=\"canonical\" href=\"https:\/\/nirigs.com\/ar\/product\/garnier-olia-coloration-permanente-1-0-noir-absolu-teinte\/\" \/>\n<meta property=\"og:locale\" content=\"ar_AR\" \/>\n<meta property=\"og:type\" content=\"article\" \/>\n<meta property=\"og:title\" content=\"Garnier - Olia Coloration Permanente 1.0 Noir Absolu Teinte - NIRIGS\" \/>\n<meta property=\"og:url\" content=\"https:\/\/nirigs.com\/ar\/product\/garnier-olia-coloration-permanente-1-0-noir-absolu-teinte\/\" \/>\n<meta property=\"og:site_name\" content=\"NIRIGS\" \/>\n<meta property=\"article:modified_time\" content=\"2025-04-22T08:26:43+00:00\" \/>\n<meta property=\"og:image\" content=\"https:\/\/nirigs.com\/wp-content\/uploads\/2024\/09\/Garnier-\u2013-Olia-Coloration-Permanente-1.0-Noir-Absolu-Teinte-2.jpg\" \/>\n\t<meta property=\"og:image:width\" content=\"1000\" \/>\n\t<meta property=\"og:image:height\" content=\"1000\" \/>\n\t<meta property=\"og:image:type\" content=\"image\/jpeg\" \/>\n<meta name=\"twitter:card\" content=\"summary_large_image\" \/>\n<meta name=\"twitter:label1\" content=\"\u0648\u0642\u062a \u0627\u0644\u0642\u0631\u0627\u0621\u0629 \u0627\u0644\u0645\u064f\u0642\u062f\u0651\u0631\" \/>\n\t<meta name=\"twitter:data1\" content=\"\u062f\u0642\u064a\u0642\u0629 \u0648\u0627\u062d\u062f\u0629\" \/>\n<script type=\"application\/ld+json\" class=\"yoast-schema-graph\">{\"@context\":\"https:\/\/schema.org\",\"@graph\":[{\"@type\":\"WebPage\",\"@id\":\"https:\/\/nirigs.com\/product\/garnier-olia-coloration-permanente-1-0-noir-absolu-teinte\/\",\"url\":\"https:\/\/nirigs.com\/product\/garnier-olia-coloration-permanente-1-0-noir-absolu-teinte\/\",\"name\":\"Garnier - Olia Coloration Permanente 1.0 Noir Absolu Teinte - NIRIGS\",\"isPartOf\":{\"@id\":\"https:\/\/nirigs.com\/#website\"},\"primaryImageOfPage\":{\"@id\":\"https:\/\/nirigs.com\/product\/garnier-olia-coloration-permanente-1-0-noir-absolu-teinte\/#primaryimage\"},\"image\":{\"@id\":\"https:\/\/nirigs.com\/product\/garnier-olia-coloration-permanente-1-0-noir-absolu-teinte\/#primaryimage\"},\"thumbnailUrl\":\"https:\/\/nirigs.com\/wp-content\/uploads\/2024\/09\/Garnier-\u2013-Olia-Coloration-Permanente-1.0-Noir-Absolu-Teinte-2.jpg\",\"datePublished\":\"2024-10-02T14:50:44+00:00\",\"dateModified\":\"2025-04-22T08:26:43+00:00\",\"breadcrumb\":{\"@id\":\"https:\/\/nirigs.com\/product\/garnier-olia-coloration-permanente-1-0-noir-absolu-teinte\/#breadcrumb\"},\"inLanguage\":\"ar\",\"potentialAction\":[{\"@type\":\"ReadAction\",\"target\":[\"https:\/\/nirigs.com\/product\/garnier-olia-coloration-permanente-1-0-noir-absolu-teinte\/\"]}]},{\"@type\":\"ImageObject\",\"inLanguage\":\"ar\",\"@id\":\"https:\/\/nirigs.com\/product\/garnier-olia-coloration-permanente-1-0-noir-absolu-teinte\/#primaryimage\",\"url\":\"https:\/\/nirigs.com\/wp-content\/uploads\/2024\/09\/Garnier-\u2013-Olia-Coloration-Permanente-1.0-Noir-Absolu-Teinte-2.jpg\",\"contentUrl\":\"https:\/\/nirigs.com\/wp-content\/uploads\/2024\/09\/Garnier-\u2013-Olia-Coloration-Permanente-1.0-Noir-Absolu-Teinte-2.jpg\",\"width\":1000,\"height\":1000},{\"@type\":\"BreadcrumbList\",\"@id\":\"https:\/\/nirigs.com\/product\/garnier-olia-coloration-permanente-1-0-noir-absolu-teinte\/#breadcrumb\",\"itemListElement\":[{\"@type\":\"ListItem\",\"position\":1,\"name\":\"Home\",\"item\":\"https:\/\/nirigs.com\/\"},{\"@type\":\"ListItem\",\"position\":2,\"name\":\"Parcourir\",\"item\":\"https:\/\/nirigs.com\/boutique\/\"},{\"@type\":\"ListItem\",\"position\":3,\"name\":\"Garnier &#8211; Olia Coloration Permanente 1.0 Noir Absolu Teinte\"}]},{\"@type\":\"WebSite\",\"@id\":\"https:\/\/nirigs.com\/#website\",\"url\":\"https:\/\/nirigs.com\/\",\"name\":\"Nirigs.com\",\"description\":\"Simplifiez vos achats du quotidien \u00e0 Djibouti\",\"publisher\":{\"@id\":\"https:\/\/nirigs.com\/#organization\"},\"potentialAction\":[{\"@type\":\"SearchAction\",\"target\":{\"@type\":\"EntryPoint\",\"urlTemplate\":\"https:\/\/nirigs.com\/?s={search_term_string}\"},\"query-input\":{\"@type\":\"PropertyValueSpecification\",\"valueRequired\":true,\"valueName\":\"search_term_string\"}}],\"inLanguage\":\"ar\"},{\"@type\":\"Organization\",\"@id\":\"https:\/\/nirigs.com\/#organization\",\"name\":\"Nirigs\",\"url\":\"https:\/\/nirigs.com\/\",\"logo\":{\"@type\":\"ImageObject\",\"inLanguage\":\"ar\",\"@id\":\"https:\/\/nirigs.com\/#\/schema\/logo\/image\/\",\"url\":\"https:\/\/nirigs.com\/wp-content\/uploads\/2025\/04\/Design-sans-titre-27.png\",\"contentUrl\":\"https:\/\/nirigs.com\/wp-content\/uploads\/2025\/04\/Design-sans-titre-27.png\",\"width\":500,\"height\":500,\"caption\":\"Nirigs\"},\"image\":{\"@id\":\"https:\/\/nirigs.com\/#\/schema\/logo\/image\/\"}}]}<\/script>\n<!-- \/ Yoast SEO plugin. -->","yoast_head_json":{"title":"Garnier - Olia Coloration Permanente 1.0 Noir Absolu Teinte - NIRIGS","robots":{"index":"index","follow":"follow","max-snippet":"max-snippet:-1","max-image-preview":"max-image-preview:large","max-video-preview":"max-video-preview:-1"},"canonical":"https:\/\/nirigs.com\/ar\/product\/garnier-olia-coloration-permanente-1-0-noir-absolu-teinte\/","og_locale":"ar_AR","og_type":"article","og_title":"Garnier - Olia Coloration Permanente 1.0 Noir Absolu Teinte - NIRIGS","og_url":"https:\/\/nirigs.com\/ar\/product\/garnier-olia-coloration-permanente-1-0-noir-absolu-teinte\/","og_site_name":"NIRIGS","article_modified_time":"2025-04-22T08:26:43+00:00","og_image":[{"width":1000,"height":1000,"url":"https:\/\/nirigs.com\/wp-content\/uploads\/2024\/09\/Garnier-\u2013-Olia-Coloration-Permanente-1.0-Noir-Absolu-Teinte-2.jpg","type":"image\/jpeg"}],"twitter_card":"summary_large_image","twitter_misc":{"\u0648\u0642\u062a \u0627\u0644\u0642\u0631\u0627\u0621\u0629 \u0627\u0644\u0645\u064f\u0642\u062f\u0651\u0631":"\u062f\u0642\u064a\u0642\u0629 \u0648\u0627\u062d\u062f\u0629"},"schema":{"@context":"https:\/\/schema.org","@graph":[{"@type":"WebPage","@id":"https:\/\/nirigs.com\/product\/garnier-olia-coloration-permanente-1-0-noir-absolu-teinte\/","url":"https:\/\/nirigs.com\/product\/garnier-olia-coloration-permanente-1-0-noir-absolu-teinte\/","name":"Garnier - Olia Coloration Permanente 1.0 Noir Absolu Teinte - NIRIGS","isPartOf":{"@id":"https:\/\/nirigs.com\/#website"},"primaryImageOfPage":{"@id":"https:\/\/nirigs.com\/product\/garnier-olia-coloration-permanente-1-0-noir-absolu-teinte\/#primaryimage"},"image":{"@id":"https:\/\/nirigs.com\/product\/garnier-olia-coloration-permanente-1-0-noir-absolu-teinte\/#primaryimage"},"thumbnailUrl":"https:\/\/nirigs.com\/wp-content\/uploads\/2024\/09\/Garnier-\u2013-Olia-Coloration-Permanente-1.0-Noir-Absolu-Teinte-2.jpg","datePublished":"2024-10-02T14:50:44+00:00","dateModified":"2025-04-22T08:26:43+00:00","breadcrumb":{"@id":"https:\/\/nirigs.com\/product\/garnier-olia-coloration-permanente-1-0-noir-absolu-teinte\/#breadcrumb"},"inLanguage":"ar","potentialAction":[{"@type":"ReadAction","target":["https:\/\/nirigs.com\/product\/garnier-olia-coloration-permanente-1-0-noir-absolu-teinte\/"]}]},{"@type":"ImageObject","inLanguage":"ar","@id":"https:\/\/nirigs.com\/product\/garnier-olia-coloration-permanente-1-0-noir-absolu-teinte\/#primaryimage","url":"https:\/\/nirigs.com\/wp-content\/uploads\/2024\/09\/Garnier-\u2013-Olia-Coloration-Permanente-1.0-Noir-Absolu-Teinte-2.jpg","contentUrl":"https:\/\/nirigs.com\/wp-content\/uploads\/2024\/09\/Garnier-\u2013-Olia-Coloration-Permanente-1.0-Noir-Absolu-Teinte-2.jpg","width":1000,"height":1000},{"@type":"BreadcrumbList","@id":"https:\/\/nirigs.com\/product\/garnier-olia-coloration-permanente-1-0-noir-absolu-teinte\/#breadcrumb","itemListElement":[{"@type":"ListItem","position":1,"name":"Home","item":"https:\/\/nirigs.com\/"},{"@type":"ListItem","position":2,"name":"Parcourir","item":"https:\/\/nirigs.com\/boutique\/"},{"@type":"ListItem","position":3,"name":"Garnier &#8211; Olia Coloration Permanente 1.0 Noir Absolu Teinte"}]},{"@type":"WebSite","@id":"https:\/\/nirigs.com\/#website","url":"https:\/\/nirigs.com\/","name":"Nirigs.com","description":"Simplifiez vos achats du quotidien \u00e0 Djibouti","publisher":{"@id":"https:\/\/nirigs.com\/#organization"},"potentialAction":[{"@type":"SearchAction","target":{"@type":"EntryPoint","urlTemplate":"https:\/\/nirigs.com\/?s={search_term_string}"},"query-input":{"@type":"PropertyValueSpecification","valueRequired":true,"valueName":"search_term_string"}}],"inLanguage":"ar"},{"@type":"Organization","@id":"https:\/\/nirigs.com\/#organization","name":"\u0646\u064a\u0631\u064a\u062c\u0633","url":"https:\/\/nirigs.com\/","logo":{"@type":"ImageObject","inLanguage":"ar","@id":"https:\/\/nirigs.com\/#\/schema\/logo\/image\/","url":"https:\/\/nirigs.com\/wp-content\/uploads\/2025\/04\/Design-sans-titre-27.png","contentUrl":"https:\/\/nirigs.com\/wp-content\/uploads\/2025\/04\/Design-sans-titre-27.png","width":500,"height":500,"caption":"Nirigs"},"image":{"@id":"https:\/\/nirigs.com\/#\/schema\/logo\/image\/"}}]}},"brands":[{"id":1091,"name":"Garnier","slug":"garnier"}],"_links":{"self":[{"href":"https:\/\/nirigs.com\/ar\/wp-json\/wp\/v2\/product\/21777","targetHints":{"allow":["GET"]}}],"collection":[{"href":"https:\/\/nirigs.com\/ar\/wp-json\/wp\/v2\/product"}],"about":[{"href":"https:\/\/nirigs.com\/ar\/wp-json\/wp\/v2\/types\/product"}],"replies":[{"embeddable":true,"href":"https:\/\/nirigs.com\/ar\/wp-json\/wp\/v2\/comments?post=21777"}],"version-history":[{"count":7,"href":"https:\/\/nirigs.com\/ar\/wp-json\/wp\/v2\/product\/21777\/revisions"}],"predecessor-version":[{"id":26968,"href":"https:\/\/nirigs.com\/ar\/wp-json\/wp\/v2\/product\/21777\/revisions\/26968"}],"wp:featuredmedia":[{"embeddable":true,"href":"https:\/\/nirigs.com\/ar\/wp-json\/wp\/v2\/media\/22768"}],"wp:attachment":[{"href":"https:\/\/nirigs.com\/ar\/wp-json\/wp\/v2\/media?parent=21777"}],"wp:term":[{"taxonomy":"pwb-brand","embeddable":true,"href":"https:\/\/nirigs.com\/ar\/wp-json\/wp\/v2\/pwb-brand?post=21777"},{"taxonomy":"product_brand","embeddable":true,"href":"https:\/\/nirigs.com\/ar\/wp-json\/wp\/v2\/product_brand?post=21777"},{"taxonomy":"product_cat","embeddable":true,"href":"https:\/\/nirigs.com\/ar\/wp-json\/wp\/v2\/product_cat?post=21777"},{"taxonomy":"product_tag","embeddable":true,"href":"https:\/\/nirigs.com\/ar\/wp-json\/wp\/v2\/product_tag?post=21777"}],"curies":[{"name":"wp","href":"https:\/\/api.w.org\/{rel}","templated":true}]}}