{"id":21770,"date":"2024-10-02T17:37:01","date_gmt":"2024-10-02T14:37:01","guid":{"rendered":"https:\/\/nirigs.com\/?post_type=product&#038;p=21770"},"modified":"2025-04-22T11:49:31","modified_gmt":"2025-04-22T08:49:31","slug":"garnier-coloration-permanente-sans-ammoniaque-aux-huiles-naturelles-de-fleurs-marron-glace-4-15-olia","status":"publish","type":"product","link":"https:\/\/nirigs.com\/ar\/product\/garnier-coloration-permanente-sans-ammoniaque-aux-huiles-naturelles-de-fleurs-marron-glace-4-15-olia\/","title":{"rendered":"Garnier &#8211; Coloration Permanente &#8211; Sans Ammoniaque &#8211; Aux Huiles Naturelles de Fleurs &#8211; Marron Glac\u00e9 (4.15) &#8211; Olia"},"content":{"rendered":"<p>D\u00e9couvrez Olia de Garnier, la 1\u00e8re coloration permanente sans ammoniaque activ\u00e9e par l\u2019huile. Avec sa technologie ODS, 60% d&rsquo;huile, Olia am\u00e9liore visiblement la qualit\u00e9 du cheveu, coloration apr\u00e8s coloration.<\/p>\n<p>Gr\u00e2ce \u00e0 une puissance couleur maximale, Olia vous offre une couleur longue tenue, riche et vivante. Sa large palette de nuances r\u00e9pondra \u00e0 toutes vos envies de couleurs, tout en pr\u00e9servant la qualit\u00e9 de vos cheveux.<\/p>\n<p>Avec\u00a0 Garnier Olia, profitez d\u2019un v\u00e9ritable moment de plaisir pendant votre coloration : appr\u00e9ciez la texture velout\u00e9e du m\u00e9lange de la cr\u00e8me colorante et de la cr\u00e8me r\u00e9v\u00e9latrice ; savourez son d\u00e9licat parfum floral pendant l&rsquo;application et prolongez cette exp\u00e9rience en r\u00e9utilisant apr\u00e8s la coloration, le soin brillance et toucher soie.<\/p>\n<h4>\u064a\u0633\u062a\u062e\u062f\u0645<\/h4>\n<p>Sa texture cr\u00e8me velout\u00e9e ne coule pas, offre un confort optimal du cuir chevelu et lib\u00e8re un d\u00e9licat parfum floral. Couvrance : 100 % des cheveux blancs. Temps de pause : 30 minutes.<\/p>\n<h4>\u0645\u0643\u0648\u0646\u0627\u062a<\/h4>\n<p><span style=\"color: #333333;font-size: 16px\" data-mce-style=\"color: #333333; font-size: 16px;\">Aqua \/ Water &#8211; Laureth-2 &#8211; Ethanolamine &#8211; Trideceth-2 Carboxamide Mea &#8211; Ammonium Hydroxide &#8211; Peg-4 Rapeseedamide &#8211; Glycerin &#8211; Laureth-12 &#8211; Oleth-30 &#8211; Sodium Cetearyl Sulfate &#8211; Hexadimethrine Chloride &#8211; Sodium Sulfite &#8211; Hydroxyethoxy Aminopyrazolopyridine Hcl &#8211; Sodium Sulfate &#8211; Polyquaternium-6 &#8211; 2-Methyl-5-Hydroxyethylaminophenol &#8211; N,N-Bis(2-Hydroxyethyl)-P-Phenylenediamine Sulfate &#8211; Cetyl Hydroxyethylcellulose &#8211; Edta &#8211; Cetearyl Alcohol &#8211; Erythorbic Acid &#8211; Parfum \/ Fragrance (F.I.L. C217889\/1).<\/span><\/p>","protected":false},"excerpt":{"rendered":"<p><br data-mce-bogus=\"1\"><\/p>","protected":false},"featured_media":21772,"comment_status":"open","ping_status":"closed","template":"","meta":[],"pwb-brand":[1091],"product_brand":[],"product_cat":[267,1022,1096],"product_tag":[],"class_list":{"0":"post-21770","1":"product","2":"type-product","3":"status-publish","4":"has-post-thumbnail","6":"pwb-brand-garnier","7":"product_cat-beaute-et-soins","8":"product_cat-coiffures-et-soins-des-cheveux","9":"product_cat-colorations","11":"first","12":"instock","13":"shipping-taxable","14":"purchasable","15":"product-type-simple"},"yoast_head":"<!-- This site is optimized with the Yoast SEO plugin v27.4 - https:\/\/yoast.com\/product\/yoast-seo-wordpress\/ -->\n<title>Garnier - Coloration Permanente - Sans Ammoniaque - Aux Huiles Naturelles de Fleurs - Marron Glac\u00e9 (4.15) - Olia - NIRIGS<\/title>\n<meta name=\"robots\" content=\"index, follow, max-snippet:-1, max-image-preview:large, max-video-preview:-1\" \/>\n<link rel=\"canonical\" href=\"https:\/\/nirigs.com\/ar\/product\/garnier-coloration-permanente-sans-ammoniaque-aux-huiles-naturelles-de-fleurs-marron-glace-4-15-olia\/\" \/>\n<meta property=\"og:locale\" content=\"ar_AR\" \/>\n<meta property=\"og:type\" content=\"article\" \/>\n<meta property=\"og:title\" content=\"Garnier - Coloration Permanente - Sans Ammoniaque - Aux Huiles Naturelles de Fleurs - Marron Glac\u00e9 (4.15) - Olia - NIRIGS\" \/>\n<meta property=\"og:url\" content=\"https:\/\/nirigs.com\/ar\/product\/garnier-coloration-permanente-sans-ammoniaque-aux-huiles-naturelles-de-fleurs-marron-glace-4-15-olia\/\" \/>\n<meta property=\"og:site_name\" content=\"NIRIGS\" \/>\n<meta property=\"article:modified_time\" content=\"2025-04-22T08:49:31+00:00\" \/>\n<meta property=\"og:image\" content=\"https:\/\/nirigs.com\/wp-content\/uploads\/2024\/09\/Garnier-Coloration-Permanente-Sans-Ammoniaque-Aux-Huiles-Naturelles-de-Fleurs-Marron-Glace-4.15-Olia-3.jpg\" \/>\n\t<meta property=\"og:image:width\" content=\"1000\" \/>\n\t<meta property=\"og:image:height\" content=\"1000\" \/>\n\t<meta property=\"og:image:type\" content=\"image\/jpeg\" \/>\n<meta name=\"twitter:card\" content=\"summary_large_image\" \/>\n<meta name=\"twitter:label1\" content=\"\u0648\u0642\u062a \u0627\u0644\u0642\u0631\u0627\u0621\u0629 \u0627\u0644\u0645\u064f\u0642\u062f\u0651\u0631\" \/>\n\t<meta name=\"twitter:data1\" content=\"\u062f\u0642\u064a\u0642\u0629 \u0648\u0627\u062d\u062f\u0629\" \/>\n<script type=\"application\/ld+json\" class=\"yoast-schema-graph\">{\"@context\":\"https:\\\/\\\/schema.org\",\"@graph\":[{\"@type\":\"WebPage\",\"@id\":\"https:\\\/\\\/nirigs.com\\\/product\\\/garnier-coloration-permanente-sans-ammoniaque-aux-huiles-naturelles-de-fleurs-marron-glace-4-15-olia\\\/\",\"url\":\"https:\\\/\\\/nirigs.com\\\/product\\\/garnier-coloration-permanente-sans-ammoniaque-aux-huiles-naturelles-de-fleurs-marron-glace-4-15-olia\\\/\",\"name\":\"Garnier - Coloration Permanente - Sans Ammoniaque - Aux Huiles Naturelles de Fleurs - Marron Glac\u00e9 (4.15) - Olia - NIRIGS\",\"isPartOf\":{\"@id\":\"https:\\\/\\\/nirigs.com\\\/#website\"},\"primaryImageOfPage\":{\"@id\":\"https:\\\/\\\/nirigs.com\\\/product\\\/garnier-coloration-permanente-sans-ammoniaque-aux-huiles-naturelles-de-fleurs-marron-glace-4-15-olia\\\/#primaryimage\"},\"image\":{\"@id\":\"https:\\\/\\\/nirigs.com\\\/product\\\/garnier-coloration-permanente-sans-ammoniaque-aux-huiles-naturelles-de-fleurs-marron-glace-4-15-olia\\\/#primaryimage\"},\"thumbnailUrl\":\"https:\\\/\\\/nirigs.com\\\/wp-content\\\/uploads\\\/2024\\\/09\\\/Garnier-Coloration-Permanente-Sans-Ammoniaque-Aux-Huiles-Naturelles-de-Fleurs-Marron-Glace-4.15-Olia-3.jpg\",\"datePublished\":\"2024-10-02T14:37:01+00:00\",\"dateModified\":\"2025-04-22T08:49:31+00:00\",\"breadcrumb\":{\"@id\":\"https:\\\/\\\/nirigs.com\\\/product\\\/garnier-coloration-permanente-sans-ammoniaque-aux-huiles-naturelles-de-fleurs-marron-glace-4-15-olia\\\/#breadcrumb\"},\"inLanguage\":\"ar\",\"potentialAction\":[{\"@type\":\"ReadAction\",\"target\":[\"https:\\\/\\\/nirigs.com\\\/product\\\/garnier-coloration-permanente-sans-ammoniaque-aux-huiles-naturelles-de-fleurs-marron-glace-4-15-olia\\\/\"]}]},{\"@type\":\"ImageObject\",\"inLanguage\":\"ar\",\"@id\":\"https:\\\/\\\/nirigs.com\\\/product\\\/garnier-coloration-permanente-sans-ammoniaque-aux-huiles-naturelles-de-fleurs-marron-glace-4-15-olia\\\/#primaryimage\",\"url\":\"https:\\\/\\\/nirigs.com\\\/wp-content\\\/uploads\\\/2024\\\/09\\\/Garnier-Coloration-Permanente-Sans-Ammoniaque-Aux-Huiles-Naturelles-de-Fleurs-Marron-Glace-4.15-Olia-3.jpg\",\"contentUrl\":\"https:\\\/\\\/nirigs.com\\\/wp-content\\\/uploads\\\/2024\\\/09\\\/Garnier-Coloration-Permanente-Sans-Ammoniaque-Aux-Huiles-Naturelles-de-Fleurs-Marron-Glace-4.15-Olia-3.jpg\",\"width\":1000,\"height\":1000},{\"@type\":\"BreadcrumbList\",\"@id\":\"https:\\\/\\\/nirigs.com\\\/product\\\/garnier-coloration-permanente-sans-ammoniaque-aux-huiles-naturelles-de-fleurs-marron-glace-4-15-olia\\\/#breadcrumb\",\"itemListElement\":[{\"@type\":\"ListItem\",\"position\":1,\"name\":\"Home\",\"item\":\"https:\\\/\\\/nirigs.com\\\/\"},{\"@type\":\"ListItem\",\"position\":2,\"name\":\"Parcourir\",\"item\":\"https:\\\/\\\/nirigs.com\\\/boutique\\\/\"},{\"@type\":\"ListItem\",\"position\":3,\"name\":\"Garnier &#8211; Coloration Permanente &#8211; Sans Ammoniaque &#8211; Aux Huiles Naturelles de Fleurs &#8211; Marron Glac\u00e9 (4.15) &#8211; Olia\"}]},{\"@type\":\"WebSite\",\"@id\":\"https:\\\/\\\/nirigs.com\\\/#website\",\"url\":\"https:\\\/\\\/nirigs.com\\\/\",\"name\":\"Nirigs.com\",\"description\":\"Simplifiez vos achats du quotidien \u00e0 Djibouti\",\"publisher\":{\"@id\":\"https:\\\/\\\/nirigs.com\\\/#organization\"},\"potentialAction\":[{\"@type\":\"SearchAction\",\"target\":{\"@type\":\"EntryPoint\",\"urlTemplate\":\"https:\\\/\\\/nirigs.com\\\/?s={search_term_string}\"},\"query-input\":{\"@type\":\"PropertyValueSpecification\",\"valueRequired\":true,\"valueName\":\"search_term_string\"}}],\"inLanguage\":\"ar\"},{\"@type\":\"Organization\",\"@id\":\"https:\\\/\\\/nirigs.com\\\/#organization\",\"name\":\"Nirigs\",\"url\":\"https:\\\/\\\/nirigs.com\\\/\",\"logo\":{\"@type\":\"ImageObject\",\"inLanguage\":\"ar\",\"@id\":\"https:\\\/\\\/nirigs.com\\\/#\\\/schema\\\/logo\\\/image\\\/\",\"url\":\"https:\\\/\\\/nirigs.com\\\/wp-content\\\/uploads\\\/2025\\\/04\\\/Design-sans-titre-27.png\",\"contentUrl\":\"https:\\\/\\\/nirigs.com\\\/wp-content\\\/uploads\\\/2025\\\/04\\\/Design-sans-titre-27.png\",\"width\":500,\"height\":500,\"caption\":\"Nirigs\"},\"image\":{\"@id\":\"https:\\\/\\\/nirigs.com\\\/#\\\/schema\\\/logo\\\/image\\\/\"}}]}<\/script>\n<!-- \/ Yoast SEO plugin. -->","yoast_head_json":{"title":"Garnier - Coloration Permanente - Sans Ammoniaque - Aux Huiles Naturelles de Fleurs - Marron Glac\u00e9 (4.15) - Olia - NIRIGS","robots":{"index":"index","follow":"follow","max-snippet":"max-snippet:-1","max-image-preview":"max-image-preview:large","max-video-preview":"max-video-preview:-1"},"canonical":"https:\/\/nirigs.com\/ar\/product\/garnier-coloration-permanente-sans-ammoniaque-aux-huiles-naturelles-de-fleurs-marron-glace-4-15-olia\/","og_locale":"ar_AR","og_type":"article","og_title":"Garnier - Coloration Permanente - Sans Ammoniaque - Aux Huiles Naturelles de Fleurs - Marron Glac\u00e9 (4.15) - Olia - NIRIGS","og_url":"https:\/\/nirigs.com\/ar\/product\/garnier-coloration-permanente-sans-ammoniaque-aux-huiles-naturelles-de-fleurs-marron-glace-4-15-olia\/","og_site_name":"NIRIGS","article_modified_time":"2025-04-22T08:49:31+00:00","og_image":[{"width":1000,"height":1000,"url":"https:\/\/nirigs.com\/wp-content\/uploads\/2024\/09\/Garnier-Coloration-Permanente-Sans-Ammoniaque-Aux-Huiles-Naturelles-de-Fleurs-Marron-Glace-4.15-Olia-3.jpg","type":"image\/jpeg"}],"twitter_card":"summary_large_image","twitter_misc":{"\u0648\u0642\u062a \u0627\u0644\u0642\u0631\u0627\u0621\u0629 \u0627\u0644\u0645\u064f\u0642\u062f\u0651\u0631":"\u062f\u0642\u064a\u0642\u0629 \u0648\u0627\u062d\u062f\u0629"},"schema":{"@context":"https:\/\/schema.org","@graph":[{"@type":"WebPage","@id":"https:\/\/nirigs.com\/product\/garnier-coloration-permanente-sans-ammoniaque-aux-huiles-naturelles-de-fleurs-marron-glace-4-15-olia\/","url":"https:\/\/nirigs.com\/product\/garnier-coloration-permanente-sans-ammoniaque-aux-huiles-naturelles-de-fleurs-marron-glace-4-15-olia\/","name":"Garnier - Coloration Permanente - Sans Ammoniaque - Aux Huiles Naturelles de Fleurs - Marron Glac\u00e9 (4.15) - Olia - NIRIGS","isPartOf":{"@id":"https:\/\/nirigs.com\/#website"},"primaryImageOfPage":{"@id":"https:\/\/nirigs.com\/product\/garnier-coloration-permanente-sans-ammoniaque-aux-huiles-naturelles-de-fleurs-marron-glace-4-15-olia\/#primaryimage"},"image":{"@id":"https:\/\/nirigs.com\/product\/garnier-coloration-permanente-sans-ammoniaque-aux-huiles-naturelles-de-fleurs-marron-glace-4-15-olia\/#primaryimage"},"thumbnailUrl":"https:\/\/nirigs.com\/wp-content\/uploads\/2024\/09\/Garnier-Coloration-Permanente-Sans-Ammoniaque-Aux-Huiles-Naturelles-de-Fleurs-Marron-Glace-4.15-Olia-3.jpg","datePublished":"2024-10-02T14:37:01+00:00","dateModified":"2025-04-22T08:49:31+00:00","breadcrumb":{"@id":"https:\/\/nirigs.com\/product\/garnier-coloration-permanente-sans-ammoniaque-aux-huiles-naturelles-de-fleurs-marron-glace-4-15-olia\/#breadcrumb"},"inLanguage":"ar","potentialAction":[{"@type":"ReadAction","target":["https:\/\/nirigs.com\/product\/garnier-coloration-permanente-sans-ammoniaque-aux-huiles-naturelles-de-fleurs-marron-glace-4-15-olia\/"]}]},{"@type":"ImageObject","inLanguage":"ar","@id":"https:\/\/nirigs.com\/product\/garnier-coloration-permanente-sans-ammoniaque-aux-huiles-naturelles-de-fleurs-marron-glace-4-15-olia\/#primaryimage","url":"https:\/\/nirigs.com\/wp-content\/uploads\/2024\/09\/Garnier-Coloration-Permanente-Sans-Ammoniaque-Aux-Huiles-Naturelles-de-Fleurs-Marron-Glace-4.15-Olia-3.jpg","contentUrl":"https:\/\/nirigs.com\/wp-content\/uploads\/2024\/09\/Garnier-Coloration-Permanente-Sans-Ammoniaque-Aux-Huiles-Naturelles-de-Fleurs-Marron-Glace-4.15-Olia-3.jpg","width":1000,"height":1000},{"@type":"BreadcrumbList","@id":"https:\/\/nirigs.com\/product\/garnier-coloration-permanente-sans-ammoniaque-aux-huiles-naturelles-de-fleurs-marron-glace-4-15-olia\/#breadcrumb","itemListElement":[{"@type":"ListItem","position":1,"name":"Home","item":"https:\/\/nirigs.com\/"},{"@type":"ListItem","position":2,"name":"Parcourir","item":"https:\/\/nirigs.com\/boutique\/"},{"@type":"ListItem","position":3,"name":"Garnier &#8211; Coloration Permanente &#8211; Sans Ammoniaque &#8211; Aux Huiles Naturelles de Fleurs &#8211; Marron Glac\u00e9 (4.15) &#8211; Olia"}]},{"@type":"WebSite","@id":"https:\/\/nirigs.com\/#website","url":"https:\/\/nirigs.com\/","name":"Nirigs.com","description":"Simplifiez vos achats du quotidien \u00e0 Djibouti","publisher":{"@id":"https:\/\/nirigs.com\/#organization"},"potentialAction":[{"@type":"SearchAction","target":{"@type":"EntryPoint","urlTemplate":"https:\/\/nirigs.com\/?s={search_term_string}"},"query-input":{"@type":"PropertyValueSpecification","valueRequired":true,"valueName":"search_term_string"}}],"inLanguage":"ar"},{"@type":"Organization","@id":"https:\/\/nirigs.com\/#organization","name":"\u0646\u064a\u0631\u064a\u062c\u0633","url":"https:\/\/nirigs.com\/","logo":{"@type":"ImageObject","inLanguage":"ar","@id":"https:\/\/nirigs.com\/#\/schema\/logo\/image\/","url":"https:\/\/nirigs.com\/wp-content\/uploads\/2025\/04\/Design-sans-titre-27.png","contentUrl":"https:\/\/nirigs.com\/wp-content\/uploads\/2025\/04\/Design-sans-titre-27.png","width":500,"height":500,"caption":"Nirigs"},"image":{"@id":"https:\/\/nirigs.com\/#\/schema\/logo\/image\/"}}]}},"brands":[{"id":1091,"name":"Garnier","slug":"garnier"}],"_links":{"self":[{"href":"https:\/\/nirigs.com\/ar\/wp-json\/wp\/v2\/product\/21770","targetHints":{"allow":["GET"]}}],"collection":[{"href":"https:\/\/nirigs.com\/ar\/wp-json\/wp\/v2\/product"}],"about":[{"href":"https:\/\/nirigs.com\/ar\/wp-json\/wp\/v2\/types\/product"}],"replies":[{"embeddable":true,"href":"https:\/\/nirigs.com\/ar\/wp-json\/wp\/v2\/comments?post=21770"}],"version-history":[{"count":8,"href":"https:\/\/nirigs.com\/ar\/wp-json\/wp\/v2\/product\/21770\/revisions"}],"predecessor-version":[{"id":27016,"href":"https:\/\/nirigs.com\/ar\/wp-json\/wp\/v2\/product\/21770\/revisions\/27016"}],"wp:featuredmedia":[{"embeddable":true,"href":"https:\/\/nirigs.com\/ar\/wp-json\/wp\/v2\/media\/21772"}],"wp:attachment":[{"href":"https:\/\/nirigs.com\/ar\/wp-json\/wp\/v2\/media?parent=21770"}],"wp:term":[{"taxonomy":"pwb-brand","embeddable":true,"href":"https:\/\/nirigs.com\/ar\/wp-json\/wp\/v2\/pwb-brand?post=21770"},{"taxonomy":"product_brand","embeddable":true,"href":"https:\/\/nirigs.com\/ar\/wp-json\/wp\/v2\/product_brand?post=21770"},{"taxonomy":"product_cat","embeddable":true,"href":"https:\/\/nirigs.com\/ar\/wp-json\/wp\/v2\/product_cat?post=21770"},{"taxonomy":"product_tag","embeddable":true,"href":"https:\/\/nirigs.com\/ar\/wp-json\/wp\/v2\/product_tag?post=21770"}],"curies":[{"name":"wp","href":"https:\/\/api.w.org\/{rel}","templated":true}]}}